{"id":452,"date":"2016-03-15T07:02:55","date_gmt":"2016-03-15T07:02:55","guid":{"rendered":"http:\/\/aluksne.lv\/jauna1\/?page_id=452"},"modified":"2026-01-29T14:26:49","modified_gmt":"2026-01-29T12:26:49","slug":"pirmsskolas-izglitibas-iestades","status":"publish","type":"page","link":"https:\/\/aluksne.lv\/index.php\/izglitiba\/pirmsskolas-izglitibas-iestades\/","title":{"rendered":"Pirmsskolas izgl\u012bt\u012bbas iest\u0101des"},"content":{"rendered":"<p>&nbsp;<\/p>\n<p><strong>SAISTO\u0160IE NOTEIKUMI <a href=\"https:\/\/likumi.lv\/ta\/id\/355379-par-pirmsskolas-vecuma-bernu-registracijas-uznemsanas-un-atskaitisanas-kartibu-aluksnes-novada-pasvaldibas-izglitibas-iestades\">Par pirmsskolas vecuma b\u0113rnu re\u0123istr\u0101cijas, uz\u0146em\u0161anas un atskait\u012b\u0161anas k\u0101rt\u012bbu Al\u016bksnes novada pa\u0161vald\u012bbas izgl\u012bt\u012bbas iest\u0101d\u0113s<\/a><\/strong><\/p>\n<table class=\"hoverTable\">\n<tbody>\n<tr>\n<td width=\"50%\"><a href=\"index.php\/izglitiba\/pirmsskolas-izglitibas-iestades\/pii-pienenite\/\">PII \u201ePienen\u012bte\u201d<\/a><\/td>\n<td width=\"50%\"><a href=\"index.php\/izglitiba\/pirmsskolas-izglitibas-iestades\/pii-saulite\/\">PII \u201eSaul\u012bte\u201d<\/a><\/td>\n<\/tr>\n<tr>\n<td width=\"50%\"><a href=\"index.php\/izglitiba\/pirmsskolas-izglitibas-iestades\/pii-spriditis\/\">PII \u201eSpr\u012bd\u012btis\u201d<\/a><\/td>\n<td width=\"50%\"><a href=\"index.php\/izglitiba\/pirmsskolas-izglitibas-iestades\/pii-mazputnins\/\">PII \u201eMazputni\u0146\u0161\u201d<\/a><\/td>\n<\/tr>\n<\/tbody>\n<\/table>\n","protected":false},"excerpt":{"rendered":"<p>&nbsp; SAISTO\u0160IE NOTEIKUMI Par pirmsskolas vecuma b\u0113rnu re\u0123istr\u0101cijas, uz\u0146em\u0161anas un atskait\u012b\u0161anas k\u0101rt\u012bbu Al\u016bksnes novada pa\u0161vald\u012bbas izgl\u012bt\u012bbas iest\u0101d\u0113s PII \u201ePienen\u012bte\u201d PII \u201eSaul\u012bte\u201d PII \u201eSpr\u012bd\u012btis\u201d PII \u201eMazputni\u0146\u0161\u201d<\/p>\n","protected":false},"author":1,"featured_media":0,"parent":10,"menu_order":0,"comment_status":"closed","ping_status":"closed","template":"","meta":{"_crdt_document":"","_monsterinsights_skip_tracking":false,"_monsterinsights_sitenote_active":false,"_monsterinsights_sitenote_note":"","_monsterinsights_sitenote_category":0,"footnotes":"","_links_to":"","_links_to_target":""},"class_list":["post-452","page","type-page","status-publish","hentry"],"_links":{"self":[{"href":"https:\/\/aluksne.lv\/index.php\/wp-json\/wp\/v2\/pages\/452","targetHints":{"allow":["GET"]}}],"collection":[{"href":"https:\/\/aluksne.lv\/index.php\/wp-json\/wp\/v2\/pages"}],"about":[{"href":"https:\/\/aluksne.lv\/index.php\/wp-json\/wp\/v2\/types\/page"}],"author":[{"embeddable":true,"href":"https:\/\/aluksne.lv\/index.php\/wp-json\/wp\/v2\/users\/1"}],"replies":[{"embeddable":true,"href":"https:\/\/aluksne.lv\/index.php\/wp-json\/wp\/v2\/comments?post=452"}],"version-history":[{"count":1,"href":"https:\/\/aluksne.lv\/index.php\/wp-json\/wp\/v2\/pages\/452\/revisions"}],"predecessor-version":[{"id":60252,"href":"https:\/\/aluksne.lv\/index.php\/wp-json\/wp\/v2\/pages\/452\/revisions\/60252"}],"up":[{"embeddable":true,"href":"https:\/\/aluksne.lv\/index.php\/wp-json\/wp\/v2\/pages\/10"}],"wp:attachment":[{"href":"https:\/\/aluksne.lv\/index.php\/wp-json\/wp\/v2\/media?parent=452"}],"curies":[{"name":"wp","href":"https:\/\/api.w.org\/{rel}","templated":true}]}}