{"id":454,"date":"2016-03-15T07:03:23","date_gmt":"2016-03-15T07:03:23","guid":{"rendered":"http:\/\/aluksne.lv\/jauna1\/?page_id=454"},"modified":"2025-09-01T10:58:54","modified_gmt":"2025-09-01T07:58:54","slug":"visparejas-izglitibas-iestades","status":"publish","type":"page","link":"https:\/\/aluksne.lv\/index.php\/izglitiba\/visparejas-izglitibas-iestades\/","title":{"rendered":"Visp\u0101r\u0113j\u0101s izgl\u012bt\u012bbas iest\u0101des"},"content":{"rendered":"<p>&nbsp;<\/p>\n<h3>\u00a0<\/h3>\n<div class=\"divTable\">\n<div class=\"divTableBody\">\n<div class=\"divTableRow\">\n<div class=\"divTableCellTris\"><a href=\"https:\/\/www.aluksnesgimnazija.lv\/\" target=\"_blank\" rel=\"noopener\">Ernsta Glika Al\u016bksnes Valsts \u0123imn\u0101zija<\/a><\/div>\n<div class=\"divTableCellTris\"><a href=\"index.php\/izglitiba\/visparejas-izglitibas-iestades\/liepnas-vidusskola\/\">Alekseja Gr\u0101v\u012b\u0161a Liepnas pamatskola<\/a><\/div>\n<div class=\"divTableCellTris\"><a href=\"index.php\/izglitiba\/visparejas-izglitibas-iestades\/ziemeru-pamatskola\/\">Ziemeru pamatskola<\/a><\/div>\n<\/div>\n<\/div>\n<\/div>\n<div>\u00a0<\/div>\n<div>\u00a0<\/div>\n<div>\u00a0<\/div>\n<div>\u00a0<\/div>\n<div>\u00a0<\/div>\n","protected":false},"excerpt":{"rendered":"<p>&nbsp; \u00a0 Ernsta Glika Al\u016bksnes Valsts \u0123imn\u0101zija Alekseja Gr\u0101v\u012b\u0161a Liepnas pamatskola Ziemeru pamatskola \u00a0 \u00a0 \u00a0 \u00a0 \u00a0<\/p>\n","protected":false},"author":1,"featured_media":0,"parent":10,"menu_order":0,"comment_status":"closed","ping_status":"closed","template":"","meta":{"_crdt_document":"","_monsterinsights_skip_tracking":false,"_monsterinsights_sitenote_active":false,"_monsterinsights_sitenote_note":"","_monsterinsights_sitenote_category":0,"footnotes":"","_links_to":"","_links_to_target":""},"class_list":["post-454","page","type-page","status-publish","hentry"],"_links":{"self":[{"href":"https:\/\/aluksne.lv\/index.php\/wp-json\/wp\/v2\/pages\/454","targetHints":{"allow":["GET"]}}],"collection":[{"href":"https:\/\/aluksne.lv\/index.php\/wp-json\/wp\/v2\/pages"}],"about":[{"href":"https:\/\/aluksne.lv\/index.php\/wp-json\/wp\/v2\/types\/page"}],"author":[{"embeddable":true,"href":"https:\/\/aluksne.lv\/index.php\/wp-json\/wp\/v2\/users\/1"}],"replies":[{"embeddable":true,"href":"https:\/\/aluksne.lv\/index.php\/wp-json\/wp\/v2\/comments?post=454"}],"version-history":[{"count":0,"href":"https:\/\/aluksne.lv\/index.php\/wp-json\/wp\/v2\/pages\/454\/revisions"}],"up":[{"embeddable":true,"href":"https:\/\/aluksne.lv\/index.php\/wp-json\/wp\/v2\/pages\/10"}],"wp:attachment":[{"href":"https:\/\/aluksne.lv\/index.php\/wp-json\/wp\/v2\/media?parent=454"}],"curies":[{"name":"wp","href":"https:\/\/api.w.org\/{rel}","templated":true}]}}