{"id":458,"date":"2016-03-15T07:04:24","date_gmt":"2016-03-15T07:04:24","guid":{"rendered":"http:\/\/aluksne.lv\/jauna1\/?page_id=458"},"modified":"2024-05-28T08:34:52","modified_gmt":"2024-05-28T05:34:52","slug":"profesionalas-ievirzes-izglitiba","status":"publish","type":"page","link":"https:\/\/aluksne.lv\/index.php\/izglitiba\/profesionalas-ievirzes-izglitiba\/","title":{"rendered":"Profesion\u0101l\u0101s ievirzes izgl\u012bt\u012bba"},"content":{"rendered":"<table class=\"hoverTable\">\n<tbody>\n<tr>\n<td width=\"33%\"><a href=\"http:\/\/aluksnesmakslasskola.lv\" target=\"NEW\" rel=\"noopener\">Al\u016bksnes M\u0101kslas skola<\/a><\/td>\n<td width=\"33%\"><a href=\"http:\/\/muzika.aluksne.lv\" target=\"NEW\" rel=\"noopener\">Al\u016bksnes M\u016bzikas skola <\/a><\/td>\n<td width=\"33%\"><a href=\"https:\/\/aluksnessports.lv\/aluksnes-sporta-skola\/\" target=\"_blank\" rel=\"noopener\">Al\u016bksnes Sporta skola<\/a><\/td>\n<\/tr>\n<\/tbody>\n<\/table>\n","protected":false},"excerpt":{"rendered":"<p>Al\u016bksnes M\u0101kslas skola Al\u016bksnes M\u016bzikas skola Al\u016bksnes Sporta skola<\/p>\n","protected":false},"author":1,"featured_media":0,"parent":10,"menu_order":0,"comment_status":"closed","ping_status":"closed","template":"","meta":{"_crdt_document":"","_monsterinsights_skip_tracking":false,"_monsterinsights_sitenote_active":false,"_monsterinsights_sitenote_note":"","_monsterinsights_sitenote_category":0,"footnotes":"","_links_to":"","_links_to_target":""},"class_list":["post-458","page","type-page","status-publish","hentry"],"_links":{"self":[{"href":"https:\/\/aluksne.lv\/index.php\/wp-json\/wp\/v2\/pages\/458","targetHints":{"allow":["GET"]}}],"collection":[{"href":"https:\/\/aluksne.lv\/index.php\/wp-json\/wp\/v2\/pages"}],"about":[{"href":"https:\/\/aluksne.lv\/index.php\/wp-json\/wp\/v2\/types\/page"}],"author":[{"embeddable":true,"href":"https:\/\/aluksne.lv\/index.php\/wp-json\/wp\/v2\/users\/1"}],"replies":[{"embeddable":true,"href":"https:\/\/aluksne.lv\/index.php\/wp-json\/wp\/v2\/comments?post=458"}],"version-history":[{"count":0,"href":"https:\/\/aluksne.lv\/index.php\/wp-json\/wp\/v2\/pages\/458\/revisions"}],"up":[{"embeddable":true,"href":"https:\/\/aluksne.lv\/index.php\/wp-json\/wp\/v2\/pages\/10"}],"wp:attachment":[{"href":"https:\/\/aluksne.lv\/index.php\/wp-json\/wp\/v2\/media?parent=458"}],"curies":[{"name":"wp","href":"https:\/\/api.w.org\/{rel}","templated":true}]}}