{"id":471,"date":"2016-03-15T07:09:04","date_gmt":"2016-03-15T07:09:04","guid":{"rendered":"http:\/\/aluksne.lv\/jauna1\/?page_id=471"},"modified":"2026-04-15T17:43:55","modified_gmt":"2026-04-15T14:43:55","slug":"informacija-par-uznemejiem","status":"publish","type":"page","link":"https:\/\/aluksne.lv\/index.php\/uznemejdarbiba\/informacija-par-uznemejiem\/","title":{"rendered":"Inform\u0101cija par uz\u0146\u0113m\u0113jiem"},"content":{"rendered":"<p style=\"text-align: center;\"><strong>Inform\u0101cijas public\u0113\u0161anai un\/vai atjauno\u0161anai par uz\u0146\u0113mumu, uz\u0146\u0113m\u0113ji aicin\u0101ti sagatavot \u0161\u0101du inform\u0101ciju &#8211; uz\u0146\u0113muma nosaukums, adrese, telefons, e-pasts, m\u0101jaslapa, soci\u0101lie t\u012bkli un preces\/pakalpojumi, ko uz\u0146\u0113mums pied\u0101v\u0101.<\/strong><\/p>\n<p style=\"text-align: center;\"><strong>Inform\u0101cija j\u0101nos\u016bta uz e-pastu evita.aploka@aluksne.lv<\/strong><\/p>\n<p>&nbsp;<\/p>\n<table class=\"hoverTable\">\n<tbody>\n<tr>\n<td width=\"33%\"><a href=\"index.php\/uznemejdarbiba\/informacija-par-uznemejiem\/apdrosinasana\/\">APDRO\u0160IN\u0100\u0160ANA<\/a><\/td>\n<td width=\"33%\"><a href=\"index.php\/uznemejdarbiba\/informacija-par-uznemejiem\/celtnieciba\/\">CELTNIEC\u012aBA, ENERGOPAKALPOJUMI<\/a><\/td>\n<td width=\"33%\"><a href=\"index.php\/uznemejdarbiba\/informacija-par-uznemejiem\/dizains\/\">DIZAINS<\/a><\/td>\n<\/tr>\n<tr>\n<td width=\"33%\"><a href=\"https:\/\/visitaluksne.lv\/paest\/\">\u0112DIN\u0100\u0160ANAS PAKALPOJUMI<\/a><\/td>\n<td width=\"33%\"><a href=\"index.php\/uznemejdarbiba\/informacija-par-uznemejiem\/galdnieciba\/\">GALDNIEC\u012aBA<\/a><\/td>\n<td width=\"33%\"><a href=\"index.php\/uznemejdarbiba\/informacija-par-uznemejiem\/gramatvedibas-audita-revizijas-pakalpojumi\/\">GR\u0100MATVED\u012aBAS, AUDITA, REV\u012aZIJAS PAKALPOJUMI<\/a><\/td>\n<\/tr>\n<tr>\n<td width=\"33%\"><a href=\"index.php\/uznemejdarbiba\/informacija-par-uznemejiem\/izglitibas-pakalpojumi\/\">IZGL\u012aT\u012aBAS PAKALPOJUMI<\/a><\/td>\n<td width=\"33%\"><a href=\"index.php\/uznemejdarbiba\/informacija-par-uznemejiem\/kokapstrade\/\">KOKAPSTR\u0100DE<\/a><\/td>\n<td width=\"33%\"><a href=\"index.php\/uznemejdarbiba\/informacija-par-uznemejiem\/lauksaimnieciba\/\">LAUKSAIMNIEC\u012aBA<\/a><\/td>\n<\/tr>\n<tr>\n<td width=\"33%\"><a href=\"index.php\/uznemejdarbiba\/informacija-par-uznemejiem\/3834-2\/\">MET\u0100LAPSTR\u0100DE<\/a><\/td>\n<td width=\"33%\"><a href=\"https:\/\/visitaluksne.lv\/palikt\/\">NAKTSM\u012aTNES<\/a><\/td>\n<td width=\"33%\"><a href=\"index.php\/uznemejdarbiba\/informacija-par-uznemejiem\/partika-2\/\">P\u0100RTIKA<\/a><\/td>\n<\/tr>\n<tr>\n<td width=\"33%\"><a href=\"https:\/\/aluksne.lv\/index.php\/uznemejdarbiba\/informacija-par-uznemejiem\/susana-apgerbi\/\">\u0160\u016a\u0160ANA, AP\u0122\u0112RBI<\/a><\/td>\n<td width=\"33%\"><a href=\"index.php\/uznemejdarbiba\/informacija-par-uznemejiem\/transports-parvadajumi\/\">TRANSPORTS, P\u0100RVAD\u0100JUMI<\/a><\/td>\n<td width=\"33%\"><a href=\"index.php\/uznemejdarbiba\/informacija-par-uznemejiem\/tirdznieciba\/\">TIRDZNIEC\u012aBA<\/a><\/td>\n<\/tr>\n<tr>\n<td width=\"33%\"><a href=\"index.php\/uznemejdarbiba\/informacija-par-uznemejiem\/veseliba-un-skaistumkopsana\/\">VESEL\u012aBA UN SKAISTUMKOP\u0160ANA<\/a><\/td>\n<td width=\"33%\"><a href=\"index.php\/uznemejdarbiba\/informacija-par-uznemejiem\/citi\/\">CITI<\/a><\/td>\n<\/tr>\n<\/tbody>\n<\/table>\n","protected":false},"excerpt":{"rendered":"<p>Inform\u0101cijas public\u0113\u0161anai un\/vai atjauno\u0161anai par uz\u0146\u0113mumu, uz\u0146\u0113m\u0113ji aicin\u0101ti sagatavot \u0161\u0101du inform\u0101ciju &#8211; uz\u0146\u0113muma nosaukums, adrese, telefons, e-pasts, m\u0101jaslapa, soci\u0101lie t\u012bkli un preces\/pakalpojumi, ko uz\u0146\u0113mums pied\u0101v\u0101. Inform\u0101cija j\u0101nos\u016bta uz e-pastu evita.aploka@aluksne.lv &nbsp; APDRO\u0160IN\u0100\u0160ANA CELTNIEC\u012aBA, ENERGOPAKALPOJUMI DIZAINS \u0112DIN\u0100\u0160ANAS PAKALPOJUMI GALDNIEC\u012aBA GR\u0100MATVED\u012aBAS, AUDITA,&#8230;<br \/><a class=\"read-more-button\" href=\"https:\/\/aluksne.lv\/index.php\/uznemejdarbiba\/informacija-par-uznemejiem\/\">Las\u012bt visu<\/a><\/p>\n","protected":false},"author":1,"featured_media":0,"parent":14,"menu_order":0,"comment_status":"closed","ping_status":"closed","template":"","meta":{"_crdt_document":"","_monsterinsights_skip_tracking":false,"_monsterinsights_sitenote_active":false,"_monsterinsights_sitenote_note":"","_monsterinsights_sitenote_category":0,"footnotes":"","_links_to":"","_links_to_target":""},"class_list":["post-471","page","type-page","status-publish","hentry"],"_links":{"self":[{"href":"https:\/\/aluksne.lv\/index.php\/wp-json\/wp\/v2\/pages\/471","targetHints":{"allow":["GET"]}}],"collection":[{"href":"https:\/\/aluksne.lv\/index.php\/wp-json\/wp\/v2\/pages"}],"about":[{"href":"https:\/\/aluksne.lv\/index.php\/wp-json\/wp\/v2\/types\/page"}],"author":[{"embeddable":true,"href":"https:\/\/aluksne.lv\/index.php\/wp-json\/wp\/v2\/users\/1"}],"replies":[{"embeddable":true,"href":"https:\/\/aluksne.lv\/index.php\/wp-json\/wp\/v2\/comments?post=471"}],"version-history":[{"count":3,"href":"https:\/\/aluksne.lv\/index.php\/wp-json\/wp\/v2\/pages\/471\/revisions"}],"predecessor-version":[{"id":62038,"href":"https:\/\/aluksne.lv\/index.php\/wp-json\/wp\/v2\/pages\/471\/revisions\/62038"}],"up":[{"embeddable":true,"href":"https:\/\/aluksne.lv\/index.php\/wp-json\/wp\/v2\/pages\/14"}],"wp:attachment":[{"href":"https:\/\/aluksne.lv\/index.php\/wp-json\/wp\/v2\/media?parent=471"}],"curies":[{"name":"wp","href":"https:\/\/api.w.org\/{rel}","templated":true}]}}