{"id":473,"date":"2016-03-15T07:09:42","date_gmt":"2016-03-15T07:09:42","guid":{"rendered":"http:\/\/aluksne.lv\/jauna1\/?page_id=473"},"modified":"2025-04-10T14:46:30","modified_gmt":"2025-04-10T11:46:30","slug":"investiciju-teritorijas","status":"publish","type":"page","link":"https:\/\/aluksne.lv\/index.php\/uznemejdarbiba\/investiciju-teritorijas\/","title":{"rendered":"Invest\u012bciju teritorijas"},"content":{"rendered":"<div id=\"pl-473\"  class=\"panel-layout\" ><div id=\"pg-473-0\"  class=\"panel-grid panel-no-style\" ><div id=\"pgc-473-0-0\"  class=\"panel-grid-cell\" ><div id=\"panel-473-0-0-0\" class=\"so-panel widget widget_sow-editor panel-first-child panel-last-child\" data-index=\"0\" ><div\n\t\t\t\n\t\t\tclass=\"so-widget-sow-editor so-widget-sow-editor-base\"\n\t\t\t\n\t\t>\n<div class=\"siteorigin-widget-tinymce textwidget\">\n\t<p>Aicin\u0101m priv\u0101t\u012bpa\u0161niekus, kuriem pieder nekustamais \u012bpa\u0161ums (telpas, \u0113kas, zeme) un kuru v\u0113l\u0113tos pied\u0101v\u0101t (noma, p\u0101rdo\u0161ana) investoriem uz\u0146\u0113m\u0113jdarb\u012bbas veik\u0161anai, sazin\u0101ties ar Al\u016bksnes novada pa\u0161vald\u012bbas Centr\u0101l\u0101s administr\u0101cijas uz\u0146\u0113m\u0113jdarb\u012bbas atbalsta speci\u0101listi Inesi Z\u012bmeli- Jauni\u0146u, t\u0101lrunis 26463917,<br \/>\ne-pasts: inese.zimele@aluksne.lv<\/p>\n<p>&nbsp;<\/p>\n<table class=\"pienem\" width=\"100%\">\n<tbody>\n<tr style=\"height: 24px;\">\n<td style=\"width: 354px; height: 24px;\" width=\"152\"><strong>\u012apa\u0161nieks<\/strong><\/td>\n<td style=\"width: 368px; height: 24px;\" width=\"160\"><strong>Adrese<\/strong><\/td>\n<td style=\"width: 342px; height: 24px;\" width=\"148\"><strong>Plat\u012bba<\/strong><\/td>\n<td style=\"width: 374px; height: 24px;\" width=\"161\"><strong>Papildu info<\/strong><\/td>\n<\/tr>\n<tr style=\"height: 24px;\">\n<td style=\"width: 354px; height: 24px;\">Priv\u0101ts<\/td>\n<td style=\"width: 368px; height: 24px;\">Oj\u0101ra V\u0101cie\u0161a iela 10, Al\u016bksne<\/td>\n<td style=\"width: 342px; height: 24px;\">Visu telpu kop\u0113j\u0101 plat\u012bba 238 m\u00b2<\/td>\n<td style=\"width: 374px; height: 24px;\"><a href=\"https:\/\/aluksne.lv\/wp-content\/uploads\/2020\/06\/O.V\u0100CIESA10.pdf\">Papildu info<\/a><\/td>\n<\/tr>\n<tr style=\"height: 48px;\">\n<td style=\"width: 354px; height: 48px;\" width=\"152\">Al\u016bksnes novada pa\u0161vald\u012bba<\/td>\n<td style=\"width: 368px; height: 48px;\" width=\"160\">\u201eSkursten\u012btis\u201d, Liepnas pagasts, Al\u016bksnes novads<\/td>\n<td style=\"width: 342px; height: 48px;\" width=\"148\">Zeme 1.0017ha<br \/>\nApb\u016bves laukums 683.2 m\u00b2<\/td>\n<td style=\"width: 374px; height: 48px;\" width=\"161\"><a href=\"http:\/\/aluksne.lv\/investiciju_teritorijas\/katlumaja_skurstenitis.pdf\">\u201eSkursten\u012btis\u201d, Liepnas pagasts, Al\u016bksnes novads<\/a><\/td>\n<\/tr>\n<tr style=\"height: 29px;\">\n<td style=\"width: 354px; height: 29px;\">Priv\u0101ts<\/td>\n<td style=\"width: 368px; height: 29px;\">Blauma\u0146a iela 3, Al\u016bksne<\/td>\n<td style=\"width: 342px; height: 29px;\">283,4m<sup>2<\/sup><\/td>\n<td style=\"width: 374px; height: 29px;\"><a href=\"https:\/\/aluksne.lv\/wp-content\/uploads\/2025\/04\/BLAUMANA_1004.docx\">Papildu info<\/a><\/td>\n<\/tr>\n<tr style=\"height: 29px;\">\n<td style=\"width: 354px; height: 29px;\">Priv\u0101ts<\/td>\n<td style=\"width: 368px; height: 29px;\">R\u016bpniec\u012bbas iela 2P, Al\u016bksne<\/td>\n<td style=\"width: 342px; height: 29px;\">2000 m<sup>2<\/sup><\/td>\n<td style=\"width: 374px; height: 29px;\"><a href=\"https:\/\/aluksne.lv\/wp-content\/uploads\/2020\/06\/Laukums_r\u016bpniec2p.pdf\">Papildu info<\/a><\/td>\n<\/tr>\n<\/tbody>\n<\/table>\n<\/div>\n<\/div><\/div><\/div><div id=\"pgc-473-0-1\"  class=\"panel-grid-cell\" >\t\t<style type=\"text\/css\">\n\t\t\t#accordeconck1 { margin:0;padding:0; }\n#accordeconck1 .accordeonck_desc { display:block; }\n#accordeconck1 li.accordeonck { list-style: none;overflow: hidden; margin: 0;}\n#accordeconck1 ul[class^=\"content\"] { margin:0;padding:0;width:auto; }\n#accordeconck1 li.accordeonck > span { position: relative; display: block; }\n#accordeconck1 li.accordeonck.parent > span { padding-right: 20px;}\n#accordeconck1 li.parent > span span.toggler_icon { position: absolute; cursor: pointer; display: block; height: 100%; z-index: 10;right:0; background: url(https:\/\/aluksne.lv\/wp-content\/plugins\/accordeon-menu-ck\/images\/plus.png) center center no-repeat !important;width: 20px;}\n#accordeconck1 li.parent.open > span span.toggler_icon { right:0; background: url(https:\/\/aluksne.lv\/wp-content\/plugins\/accordeon-menu-ck\/images\/minus.png) center center no-repeat !important;}\n#accordeconck1 li.accordeonck.level2 > span { }\n#accordeconck1 li.level3 li.accordeonck > span { }\n#accordeconck1 a.accordeonck { display: block;text-decoration: none; }\n#accordeconck1 a.accordeonck:hover { text-decoration: none; }\n#accordeconck1 li.parent > span a { display: block;outline: none; }\n#accordeconck1 li.parent.open > span a {  }\n#accordeconck1 li.level2.parent > span span.toggler_icon { right:0;display: block;outline: none;background: url(https:\/\/aluksne.lv\/wp-content\/plugins\/accordeon-menu-ck\/images\/plus.png) center center no-repeat !important; }\n#accordeconck1 li.level2.parent.open > span span.toggler_icon { background: url(https:\/\/aluksne.lv\/wp-content\/plugins\/accordeon-menu-ck\/images\/minus.png) center center no-repeat !important; }\n#accordeconck1 li.level2 li.accordeonck.parent > span span.toggler_icon { right:0;display: block;outline: none;background: url(https:\/\/aluksne.lv\/wp-content\/plugins\/accordeon-menu-ck\/images\/plus.png) center center no-repeat !important; }\n#accordeconck1 li.level2 li.accordeonck.open.parent > span span.toggler_icon { background: url(https:\/\/aluksne.lv\/wp-content\/plugins\/accordeon-menu-ck\/images\/minus.png) center center no-repeat !important; }\n#accordeconck1  {\n\tbackground: #86C2DB;\n\tbackground-size: auto;\tbackground-image: -o-linear-gradient(center top,#86C2DB, #86C2DB 100%);\n\tbackground-image: -webkit-gradient(linear, left top, left bottom,from(#86C2DB), color-stop(100%, #86C2DB));\n\tbackground-image: -moz-linear-gradient(center top,#86C2DB, #86C2DB 100%);\n\tbackground-image: linear-gradient(to bottom,#86C2DB, #86C2DB 100%);\n\tborder-top: none;\n\tborder-bottom: none;\n\tborder-left: none;\n\tborder-right: none;\n\tpadding-top: 5px;\n\tpadding-right: 5px;\n\tpadding-bottom: 5px;\n\tpadding-left: 5px;\n\tfont-family: ;\n}\n\n#accordeconck1  a {\n\tfont-family: ;\n}\n\n#accordeconck1 li.level1 > span a {\n\tcolor: #FFFFFF;\n\tpadding-top: 5px;\n\tpadding-right: 5px;\n\tpadding-bottom: 5px;\n\tpadding-left: 5px;\n\tfont-size: 15px;\n}\n\n#accordeconck1 li.level1 > span a a {\n\tcolor: #FFFFFF;\n\tfont-size: 15px;\n}\n\n#accordeconck1 li.level1 > span .accordeonck_desc {\n\tfont-size: 10px;\n}\n\n#accordeconck1 li.level1 > span .accordeonck_desc a {\n\tfont-size: 10px;\n}\n\n#accordeconck1 li.level1:hover > span a {\n\tcolor: #000000;\n}\n\n#accordeconck1 li.level1:hover > span a a {\n\tcolor: #000000;\n}\n\n#accordeconck1 li.level1 > ul {\n\tbackground-size: auto;\tfont-family: ;\n}\n\n#accordeconck1 li.level1 > ul a {\n\tfont-family: ;\n}\n\n#accordeconck1 li.level2 > span a {\n\tcolor: #636363;\n\tpadding-top: 5px;\n\tpadding-bottom: 5px;\n\tpadding-left: 15px;\n}\n\n#accordeconck1 li.level2 > span a a {\n\tcolor: #636363;\n}\n\n#accordeconck1 li.level2:hover > span a {\n\tcolor: #000000;\n}\n\n#accordeconck1 li.level2:hover > span a a {\n\tcolor: #000000;\n}\n\n#accordeconck1 li.level2 ul[class^=\"content\"] {\n\tbackground-size: auto;\tfont-family: ;\n}\n\n#accordeconck1 li.level2 ul[class^=\"content\"] a {\n\tfont-family: ;\n}\n\n#accordeconck1 li.level2 li.accordeonck > span a {\n\tcolor: #636363;\n\tpadding-top: 2px;\n\tpadding-bottom: 2px;\n\tpadding-left: 20px;\n}\n\n#accordeconck1 li.level2 li.accordeonck > span a a {\n\tcolor: #636363;\n}\n\n#accordeconck1 li.level2 li.accordeonck:hover > span a {\n\tcolor: #000000;\n}\n\n#accordeconck1 li.level2 li.accordeonck:hover > span a a {\n\tcolor: #000000;\n}\t\t<\/style>\n\t\t<div id=\"panel-473-0-1-0\" class=\"so-panel widget widget_accordeon-menu-ck panel-first-child panel-last-child\" data-index=\"1\" ><ul id=\"accordeconck1\" class=\"menu\"><li id=\"menu-item-2314\" class=\"menu-item menu-item-type-post_type menu-item-object-page accordeonck menu-item-2314 level1\"><span class=\"accordeonck_outer \"><a href=\"https:\/\/aluksne.lv\/index.php\/uznemejdarbiba\/informacija-par-uznemejiem\/\" class=\"accordeonck\">Inform\u0101cija par uz\u0146\u0113m\u0113jiem<\/a><\/span><\/li>\n<li id=\"menu-item-2315\" class=\"menu-item menu-item-type-post_type menu-item-object-page accordeonck menu-item-2315 level1\"><span class=\"accordeonck_outer \"><a href=\"https:\/\/aluksne.lv\/index.php\/uznemejdarbiba\/ka-uzsakt-uznemejdarbibu\/\" class=\"accordeonck\">Uz\u0146\u0113m\u0113jdarb\u012bbas uzs\u0101k\u0161ana<\/a><\/span><\/li>\n<li id=\"menu-item-2319\" class=\"menu-item menu-item-type-post_type menu-item-object-page accordeonck menu-item-2319 level1\"><span class=\"accordeonck_outer \"><a href=\"https:\/\/aluksne.lv\/index.php\/uznemejdarbiba\/atbalsta-programmas\/\" class=\"accordeonck\">Atbalsta instit\u016bcijas uz\u0146\u0113m\u0113jiem<\/a><\/span><\/li>\n<li id=\"menu-item-2317\" class=\"menu-item menu-item-type-post_type menu-item-object-page accordeonck menu-item-2317 level1\"><span class=\"accordeonck_outer \"><a href=\"https:\/\/aluksne.lv\/index.php\/uznemejdarbiba\/uznemejdarbibas-atbalsta-centrs\/\" class=\"accordeonck\">Uz\u0146\u0113m\u0113jdarb\u012bbas atbalsta centrs<\/a><\/span><\/li>\n<li id=\"menu-item-2318\" class=\"menu-item menu-item-type-post_type menu-item-object-page accordeonck menu-item-2318 level1\"><span class=\"accordeonck_outer \"><a href=\"https:\/\/aluksne.lv\/index.php\/uznemejdarbiba\/investiciju-teritorijas\/\" class=\"accordeonck\">Invest\u012bciju teritorijas<\/a><\/span><\/li>\n<li id=\"menu-item-2316\" class=\"menu-item menu-item-type-post_type menu-item-object-page accordeonck menu-item-2316 level1\"><span class=\"accordeonck_outer \"><a href=\"https:\/\/aluksne.lv\/index.php\/uznemejdarbiba\/uznemejdarbibas-statistika\/\" class=\"accordeonck\">Uz\u0146\u0113m\u0113jdarb\u012bbas statistika<\/a><\/span><\/li>\n<\/ul>\t\t<script type=\"text\/javascript\"> <!--\n\t\t\n\t\t\tjQuery(document).ready(function(){\n\t\t\t\tjQuery('#accordeconck1').accordeonmenuck({eventtype : 'click',transition : 'linear',showactive : '1',showactivesubmenu : '0',duree : 500});\n\t\t\t}); \t\t\/\/--> <\/script>\n\t\t<\/div><\/div><\/div><\/div>","protected":false},"excerpt":{"rendered":"<p>Aicin\u0101m priv\u0101t\u012bpa\u0161niekus, kuriem pieder nekustamais \u012bpa\u0161ums (telpas, \u0113kas, zeme) un kuru v\u0113l\u0113tos pied\u0101v\u0101t (noma, p\u0101rdo\u0161ana) investoriem uz\u0146\u0113m\u0113jdarb\u012bbas veik\u0161anai, sazin\u0101ties ar Al\u016bksnes novada pa\u0161vald\u012bbas Centr\u0101l\u0101s administr\u0101cijas uz\u0146\u0113m\u0113jdarb\u012bbas atbalsta speci\u0101listi Inesi Z\u012bmeli- Jauni\u0146u, t\u0101lrunis 26463917, e-pasts: inese.zimele@aluksne.lv &nbsp; \u012apa\u0161nieks Adrese Plat\u012bba Papildu&#8230;<br \/><a class=\"read-more-button\" href=\"https:\/\/aluksne.lv\/index.php\/uznemejdarbiba\/investiciju-teritorijas\/\">Las\u012bt visu<\/a><\/p>\n","protected":false},"author":1,"featured_media":0,"parent":14,"menu_order":0,"comment_status":"closed","ping_status":"closed","template":"","meta":{"_crdt_document":"","_monsterinsights_skip_tracking":false,"_monsterinsights_sitenote_active":false,"_monsterinsights_sitenote_note":"","_monsterinsights_sitenote_category":0,"footnotes":"","_links_to":"","_links_to_target":""},"class_list":["post-473","page","type-page","status-publish","hentry"],"_links":{"self":[{"href":"https:\/\/aluksne.lv\/index.php\/wp-json\/wp\/v2\/pages\/473","targetHints":{"allow":["GET"]}}],"collection":[{"href":"https:\/\/aluksne.lv\/index.php\/wp-json\/wp\/v2\/pages"}],"about":[{"href":"https:\/\/aluksne.lv\/index.php\/wp-json\/wp\/v2\/types\/page"}],"author":[{"embeddable":true,"href":"https:\/\/aluksne.lv\/index.php\/wp-json\/wp\/v2\/users\/1"}],"replies":[{"embeddable":true,"href":"https:\/\/aluksne.lv\/index.php\/wp-json\/wp\/v2\/comments?post=473"}],"version-history":[{"count":0,"href":"https:\/\/aluksne.lv\/index.php\/wp-json\/wp\/v2\/pages\/473\/revisions"}],"up":[{"embeddable":true,"href":"https:\/\/aluksne.lv\/index.php\/wp-json\/wp\/v2\/pages\/14"}],"wp:attachment":[{"href":"https:\/\/aluksne.lv\/index.php\/wp-json\/wp\/v2\/media?parent=473"}],"curies":[{"name":"wp","href":"https:\/\/api.w.org\/{rel}","templated":true}]}}