{"id":475,"date":"2016-03-15T07:10:48","date_gmt":"2016-03-15T07:10:48","guid":{"rendered":"http:\/\/aluksne.lv\/jauna1\/?page_id=475"},"modified":"2020-12-04T16:06:43","modified_gmt":"2020-12-04T14:06:43","slug":"uznemejdarbibas-statistika","status":"publish","type":"page","link":"https:\/\/aluksne.lv\/index.php\/uznemejdarbiba\/uznemejdarbibas-statistika\/","title":{"rendered":"Uz\u0146\u0113m\u0113jdarb\u012bbas statistika"},"content":{"rendered":"<div id=\"pl-475\"  class=\"panel-layout\" ><div id=\"pg-475-0\"  class=\"panel-grid panel-no-style\" ><div id=\"pgc-475-0-0\"  class=\"panel-grid-cell\" ><div id=\"panel-475-0-0-0\" class=\"so-panel widget widget_sow-editor panel-first-child panel-last-child\" data-index=\"0\" ><div\n\t\t\t\n\t\t\tclass=\"so-widget-sow-editor so-widget-sow-editor-base\"\n\t\t\t\n\t\t>\n<div class=\"siteorigin-widget-tinymce textwidget\">\n\t<div id=\"topmenu\">\n<div id=\"top_title\">\n<p><a id=\"all_states\" href=\"http:\/\/www.lursoft.lv\/lursoft-statistika\/Latvijas-rajoni-un-novadi\" target=\"_blank\">Visi novadi<\/a><\/p>\n<\/div>\n<\/div>\n<div class=\"content\">\n<ul class=\"stat-list\">\n<li><a href=\"http:\/\/www.lursoft.lv\/lursoft_statistika\/?&amp;novads=100015694&amp;id=77&amp;p=1\">Uz\u0146\u0113mumu re\u0123istr\u0113\u0161anas dinamika<\/a><br \/>\nPa gadiem un sadal\u012bjum\u0101 pa to tiesiskaj\u0101m form\u0101m<\/li>\n<li><a href=\"http:\/\/www.lursoft.lv\/lursoft_statistika\/?&amp;novads=100015694&amp;id=391&amp;p=1\">Uz\u0146\u0113mumi ar liel\u0101ko apgroz\u012bjumu<\/a><br \/>\nIek\u013cauti dati par apgroz\u012bjuma pieauguma tempu sal\u012bdzin\u0101jum\u0101 ar trim iepriek\u0161\u0113jiem periodiem<\/li>\n<li><a href=\"http:\/\/www.lursoft.lv\/lursoft_statistika\/?&amp;novads=100015694&amp;id=263&amp;p=1\">Uz\u0146\u0113mumu re\u0123istr\u0113\u0161anas un likvid\u0113\u0161anas dinamika<\/a><br \/>\nDinamika pa gadiem Komercre\u0123istr\u0101 un Uz\u0146\u0113mumu Re\u0123istr\u0101<\/li>\n<li><a href=\"http:\/\/www.lursoft.lv\/lursoft_statistika\/?&amp;novads=100015694&amp;id=501&amp;p=1\">\u0100rvalstu tie\u0161\u0101s invest\u012bcijas<\/a><br \/>\nSadal\u012bjum\u0101 pa valst\u012bm, nozar\u0113m un liel\u0101kajiem investoriem<\/li>\n<\/ul>\n<\/div>\n<\/div>\n<\/div><\/div><\/div><div id=\"pgc-475-0-1\"  class=\"panel-grid-cell\" >\t\t<style type=\"text\/css\">\n\t\t\t#accordeconck1 { margin:0;padding:0; }\n#accordeconck1 .accordeonck_desc { display:block; }\n#accordeconck1 li.accordeonck { list-style: none;overflow: hidden; margin: 0;}\n#accordeconck1 ul[class^=\"content\"] { margin:0;padding:0;width:auto; }\n#accordeconck1 li.accordeonck > span { position: relative; display: block; }\n#accordeconck1 li.accordeonck.parent > span { padding-right: 20px;}\n#accordeconck1 li.parent > span span.toggler_icon { position: absolute; cursor: pointer; display: block; height: 100%; z-index: 10;right:0; background: url(https:\/\/aluksne.lv\/wp-content\/plugins\/accordeon-menu-ck\/images\/plus.png) center center no-repeat !important;width: 20px;}\n#accordeconck1 li.parent.open > span span.toggler_icon { right:0; background: url(https:\/\/aluksne.lv\/wp-content\/plugins\/accordeon-menu-ck\/images\/minus.png) center center no-repeat !important;}\n#accordeconck1 li.accordeonck.level2 > span { }\n#accordeconck1 li.level3 li.accordeonck > span { }\n#accordeconck1 a.accordeonck { display: block;text-decoration: none; }\n#accordeconck1 a.accordeonck:hover { text-decoration: none; }\n#accordeconck1 li.parent > span a { display: block;outline: none; }\n#accordeconck1 li.parent.open > span a {  }\n#accordeconck1 li.level2.parent > span span.toggler_icon { right:0;display: block;outline: none;background: url(https:\/\/aluksne.lv\/wp-content\/plugins\/accordeon-menu-ck\/images\/plus.png) center center no-repeat !important; }\n#accordeconck1 li.level2.parent.open > span span.toggler_icon { background: url(https:\/\/aluksne.lv\/wp-content\/plugins\/accordeon-menu-ck\/images\/minus.png) center center no-repeat !important; }\n#accordeconck1 li.level2 li.accordeonck.parent > span span.toggler_icon { right:0;display: block;outline: none;background: url(https:\/\/aluksne.lv\/wp-content\/plugins\/accordeon-menu-ck\/images\/plus.png) center center no-repeat !important; }\n#accordeconck1 li.level2 li.accordeonck.open.parent > span span.toggler_icon { background: url(https:\/\/aluksne.lv\/wp-content\/plugins\/accordeon-menu-ck\/images\/minus.png) center center no-repeat !important; }\n#accordeconck1  {\n\tbackground: #86C2DB;\n\tbackground-size: auto;\tbackground-image: -o-linear-gradient(center top,#86C2DB, #86C2DB 100%);\n\tbackground-image: -webkit-gradient(linear, left top, left bottom,from(#86C2DB), color-stop(100%, #86C2DB));\n\tbackground-image: -moz-linear-gradient(center top,#86C2DB, #86C2DB 100%);\n\tbackground-image: linear-gradient(to bottom,#86C2DB, #86C2DB 100%);\n\tborder-top: none;\n\tborder-bottom: none;\n\tborder-left: none;\n\tborder-right: none;\n\tpadding-top: 5px;\n\tpadding-right: 5px;\n\tpadding-bottom: 5px;\n\tpadding-left: 5px;\n\tfont-family: ;\n}\n\n#accordeconck1  a {\n\tfont-family: ;\n}\n\n#accordeconck1 li.level1 > span a {\n\tcolor: #FFFFFF;\n\tpadding-top: 5px;\n\tpadding-right: 5px;\n\tpadding-bottom: 5px;\n\tpadding-left: 5px;\n\tfont-size: 15px;\n}\n\n#accordeconck1 li.level1 > span a a {\n\tcolor: #FFFFFF;\n\tfont-size: 15px;\n}\n\n#accordeconck1 li.level1 > span .accordeonck_desc {\n\tfont-size: 10px;\n}\n\n#accordeconck1 li.level1 > span .accordeonck_desc a {\n\tfont-size: 10px;\n}\n\n#accordeconck1 li.level1:hover > span a {\n\tcolor: #000000;\n}\n\n#accordeconck1 li.level1:hover > span a a {\n\tcolor: #000000;\n}\n\n#accordeconck1 li.level1 > ul {\n\tbackground-size: auto;\tfont-family: ;\n}\n\n#accordeconck1 li.level1 > ul a {\n\tfont-family: ;\n}\n\n#accordeconck1 li.level2 > span a {\n\tcolor: #636363;\n\tpadding-top: 5px;\n\tpadding-bottom: 5px;\n\tpadding-left: 15px;\n}\n\n#accordeconck1 li.level2 > span a a {\n\tcolor: #636363;\n}\n\n#accordeconck1 li.level2:hover > span a {\n\tcolor: #000000;\n}\n\n#accordeconck1 li.level2:hover > span a a {\n\tcolor: #000000;\n}\n\n#accordeconck1 li.level2 ul[class^=\"content\"] {\n\tbackground-size: auto;\tfont-family: ;\n}\n\n#accordeconck1 li.level2 ul[class^=\"content\"] a {\n\tfont-family: ;\n}\n\n#accordeconck1 li.level2 li.accordeonck > span a {\n\tcolor: #636363;\n\tpadding-top: 2px;\n\tpadding-bottom: 2px;\n\tpadding-left: 20px;\n}\n\n#accordeconck1 li.level2 li.accordeonck > span a a {\n\tcolor: #636363;\n}\n\n#accordeconck1 li.level2 li.accordeonck:hover > span a {\n\tcolor: #000000;\n}\n\n#accordeconck1 li.level2 li.accordeonck:hover > span a a {\n\tcolor: #000000;\n}\t\t<\/style>\n\t\t<div id=\"panel-475-0-1-0\" class=\"so-panel widget widget_accordeon-menu-ck panel-first-child panel-last-child\" data-index=\"1\" ><ul id=\"accordeconck1\" class=\"menu\"><li id=\"menu-item-2314\" class=\"menu-item menu-item-type-post_type menu-item-object-page accordeonck menu-item-2314 level1\"><span class=\"accordeonck_outer \"><a href=\"https:\/\/aluksne.lv\/index.php\/uznemejdarbiba\/informacija-par-uznemejiem\/\" class=\"accordeonck\">Inform\u0101cija par uz\u0146\u0113m\u0113jiem<\/a><\/span><\/li>\n<li id=\"menu-item-2315\" class=\"menu-item menu-item-type-post_type menu-item-object-page accordeonck menu-item-2315 level1\"><span class=\"accordeonck_outer \"><a href=\"https:\/\/aluksne.lv\/index.php\/uznemejdarbiba\/ka-uzsakt-uznemejdarbibu\/\" class=\"accordeonck\">Uz\u0146\u0113m\u0113jdarb\u012bbas uzs\u0101k\u0161ana<\/a><\/span><\/li>\n<li id=\"menu-item-2319\" class=\"menu-item menu-item-type-post_type menu-item-object-page accordeonck menu-item-2319 level1\"><span class=\"accordeonck_outer \"><a href=\"https:\/\/aluksne.lv\/index.php\/uznemejdarbiba\/atbalsta-programmas\/\" class=\"accordeonck\">Atbalsta instit\u016bcijas uz\u0146\u0113m\u0113jiem<\/a><\/span><\/li>\n<li id=\"menu-item-2317\" class=\"menu-item menu-item-type-post_type menu-item-object-page accordeonck menu-item-2317 level1\"><span class=\"accordeonck_outer \"><a href=\"https:\/\/aluksne.lv\/index.php\/uznemejdarbiba\/uznemejdarbibas-atbalsta-centrs\/\" class=\"accordeonck\">Uz\u0146\u0113m\u0113jdarb\u012bbas atbalsta centrs<\/a><\/span><\/li>\n<li id=\"menu-item-2318\" class=\"menu-item menu-item-type-post_type menu-item-object-page accordeonck menu-item-2318 level1\"><span class=\"accordeonck_outer \"><a href=\"https:\/\/aluksne.lv\/index.php\/uznemejdarbiba\/investiciju-teritorijas\/\" class=\"accordeonck\">Invest\u012bciju teritorijas<\/a><\/span><\/li>\n<li id=\"menu-item-2316\" class=\"menu-item menu-item-type-post_type menu-item-object-page accordeonck menu-item-2316 level1\"><span class=\"accordeonck_outer \"><a href=\"https:\/\/aluksne.lv\/index.php\/uznemejdarbiba\/uznemejdarbibas-statistika\/\" class=\"accordeonck\">Uz\u0146\u0113m\u0113jdarb\u012bbas statistika<\/a><\/span><\/li>\n<\/ul>\t\t<script type=\"text\/javascript\"> <!--\n\t\t\n\t\t\tjQuery(document).ready(function(){\n\t\t\t\tjQuery('#accordeconck1').accordeonmenuck({eventtype : 'click',transition : 'linear',showactive : '1',showactivesubmenu : '0',duree : 500});\n\t\t\t}); \t\t\/\/--> <\/script>\n\t\t<\/div><\/div><\/div><\/div>","protected":false},"excerpt":{"rendered":"<p>Visi novadi Uz\u0146\u0113mumu re\u0123istr\u0113\u0161anas dinamika Pa gadiem un sadal\u012bjum\u0101 pa to tiesiskaj\u0101m form\u0101m Uz\u0146\u0113mumi ar liel\u0101ko apgroz\u012bjumu Iek\u013cauti dati par apgroz\u012bjuma pieauguma tempu sal\u012bdzin\u0101jum\u0101 ar trim iepriek\u0161\u0113jiem periodiem Uz\u0146\u0113mumu re\u0123istr\u0113\u0161anas un likvid\u0113\u0161anas dinamika Dinamika pa gadiem Komercre\u0123istr\u0101 un Uz\u0146\u0113mumu Re\u0123istr\u0101&#8230;<br \/><a class=\"read-more-button\" href=\"https:\/\/aluksne.lv\/index.php\/uznemejdarbiba\/uznemejdarbibas-statistika\/\">Las\u012bt visu<\/a><\/p>\n","protected":false},"author":1,"featured_media":0,"parent":14,"menu_order":0,"comment_status":"closed","ping_status":"closed","template":"","meta":{"_crdt_document":"","_monsterinsights_skip_tracking":false,"_monsterinsights_sitenote_active":false,"_monsterinsights_sitenote_note":"","_monsterinsights_sitenote_category":0,"footnotes":"","_links_to":"","_links_to_target":""},"class_list":["post-475","page","type-page","status-publish","hentry"],"_links":{"self":[{"href":"https:\/\/aluksne.lv\/index.php\/wp-json\/wp\/v2\/pages\/475","targetHints":{"allow":["GET"]}}],"collection":[{"href":"https:\/\/aluksne.lv\/index.php\/wp-json\/wp\/v2\/pages"}],"about":[{"href":"https:\/\/aluksne.lv\/index.php\/wp-json\/wp\/v2\/types\/page"}],"author":[{"embeddable":true,"href":"https:\/\/aluksne.lv\/index.php\/wp-json\/wp\/v2\/users\/1"}],"replies":[{"embeddable":true,"href":"https:\/\/aluksne.lv\/index.php\/wp-json\/wp\/v2\/comments?post=475"}],"version-history":[{"count":0,"href":"https:\/\/aluksne.lv\/index.php\/wp-json\/wp\/v2\/pages\/475\/revisions"}],"up":[{"embeddable":true,"href":"https:\/\/aluksne.lv\/index.php\/wp-json\/wp\/v2\/pages\/14"}],"wp:attachment":[{"href":"https:\/\/aluksne.lv\/index.php\/wp-json\/wp\/v2\/media?parent=475"}],"curies":[{"name":"wp","href":"https:\/\/api.w.org\/{rel}","templated":true}]}}