{"id":47674,"date":"2024-03-12T15:09:03","date_gmt":"2024-03-12T13:09:03","guid":{"rendered":"https:\/\/aluksne.lv\/?page_id=47674"},"modified":"2026-03-03T10:01:45","modified_gmt":"2026-03-03T08:01:45","slug":"gada-balva-zelta-bite","status":"publish","type":"page","link":"https:\/\/aluksne.lv\/index.php\/pasvaldiba\/pasvaldibas-apbalvojumi\/gada-balva-zelta-bite\/","title":{"rendered":"Gada balva \u201cZelta bite\u201d"},"content":{"rendered":"<p>&nbsp;<\/p>\n<h2 style=\"text-align: center;\"><a href=\"https:\/\/aluksne.lv\/wp-content\/uploads\/2024\/10\/WhatsApp-Image-2024-10-04-at-10.22.41.jpeg\"><img loading=\"lazy\" decoding=\"async\" class=\"size-medium wp-image-51811 alignright\" src=\"https:\/\/aluksne.lv\/wp-content\/uploads\/2024\/10\/WhatsApp-Image-2024-10-04-at-10.22.41-338x600.jpeg\" alt=\"\" width=\"338\" height=\"600\" srcset=\"https:\/\/aluksne.lv\/wp-content\/uploads\/2024\/10\/WhatsApp-Image-2024-10-04-at-10.22.41-338x600.jpeg 338w, https:\/\/aluksne.lv\/wp-content\/uploads\/2024\/10\/WhatsApp-Image-2024-10-04-at-10.22.41-577x1024.jpeg 577w, https:\/\/aluksne.lv\/wp-content\/uploads\/2024\/10\/WhatsApp-Image-2024-10-04-at-10.22.41-768x1364.jpeg 768w, https:\/\/aluksne.lv\/wp-content\/uploads\/2024\/10\/WhatsApp-Image-2024-10-04-at-10.22.41-865x1536.jpeg 865w, https:\/\/aluksne.lv\/wp-content\/uploads\/2024\/10\/WhatsApp-Image-2024-10-04-at-10.22.41.jpeg 1153w\" sizes=\"auto, (max-width: 338px) 100vw, 338px\" \/><\/a>Al\u016bksnes novada pa\u0161vald\u012bbas darbinieku apbalvojumu pie\u0161\u0137ir\u0161anas re\u0123istrs<\/h2>\n<p>&nbsp;<\/p>\n<p>Gada balvu \u201cZelta bite\u201d pasniedz Al\u016bksnes novada pa\u0161vald\u012bb\u0101 nodarbin\u0101taj\u0101m person\u0101m, lai izteiktu atzin\u012bbu par b\u016btisku ieguld\u012bjumu pa\u0161vald\u012bbas att\u012bst\u012bb\u0101, t\u0101s strat\u0113\u0123isko m\u0113r\u0137u \u012bsteno\u0161an\u0101, politisk\u0101s un ekonomisk\u0101s sist\u0113mas pilnveid\u0113, pa\u0161vald\u012bbas kompetenc\u0113 eso\u0161o jaut\u0101jumu risin\u0101\u0161an\u0101, pakalpojumu snieg\u0161anas kvalit\u0101tes un efektivit\u0101tes paaugstin\u0101\u0161an\u0101 un citu ar pa\u0161vald\u012bbas darb\u012bbu saist\u012btu noz\u012bm\u012bgu veikumu.<\/p>\n<p>Apbalvojumu pie\u0161\u0137ir izgl\u012bt\u012bbas, kult\u016bras, sporta, sabiedr\u012bbas dro\u0161\u012bbas un k\u0101rt\u012bbas, vesel\u012bbas un soci\u0101l\u0101s aizsardz\u012bbas, vides, p\u0101rvaldes darba un cit\u0101s pa\u0161vald\u012bbas darb\u012bbas jom\u0101s.<\/p>\n<p>Balvas pretendenti var b\u016bt: pa\u0161vald\u012bbas v\u0113l\u0113ta amatpersona, pa\u0161vald\u012bbas (vai t\u0101s iest\u0101des) pa\u0161reiz\u0113jais vai biju\u0161ais darbinieks.<\/p>\n<p>Balvu pie\u0161\u0137ir vienu reizi kalend\u0101ra gad\u0101 ne vair\u0101k k\u0101 piec\u0101m person\u0101m, kop\u0101 ar balvu pasniedzot apliecin\u0101juma rakstu. Balvu atk\u0101rtoti nepie\u0161\u0137ir par nopelniem, par ko apbalvota jau iepriek\u0161.<\/p>\n<p><strong>\u00a0<\/strong><\/p>\n<h2>2025. gads<\/h2>\n<ul>\n<li>Egitai Krilei, Centr\u0101l\u0101s administr\u0101cijas algu gr\u0101matvedei &#8211; par godpr\u0101t\u012bbu, precizit\u0101ti, atsauc\u012bbu un ieinteres\u0113t\u012bbu darba pien\u0101kumu veik\u0161an\u0101<\/li>\n<li>Larisai Petrosjanai, Al\u016bksnes pirmsskolas izgl\u012bt\u012bbas iest\u0101des \u201cSpr\u012bd\u012btis\u201d \u0161efpav\u0101rei &#8211; par godpr\u0101t\u012bbu, precizit\u0101ti, atsauc\u012bbu, ieinteres\u0113t\u012bbu, par rado\u0161u un inovat\u012bvu pieeju darba pien\u0101kumu veik\u0161an\u0101<\/li>\n<li>\u0100rim Kreicim, pa\u0161vald\u012bbas iest\u0101des \u201cSpodra\u201d me\u017ezinim &#8211; par godpr\u0101t\u012bbu, precizit\u0101ti, atsauc\u012bbu un ieinteres\u0113t\u012bbu darba pien\u0101kumu veik\u0161an\u0101<\/li>\n<li>Inesei P\u0101sai, pa\u0161vald\u012bbas iest\u0101des \u201cSpodra\u201d d\u0101rzniecei &#8211; par rado\u0161u un inovat\u012bvu pieeju darba pien\u0101kumu veik\u0161an\u0101, kas veicin\u0101jusi pa\u0161vald\u012bbas m\u0113r\u0137u sasnieg\u0161anu<\/li>\n<li>Ievai Vimbai, Al\u016bksnes novada Soci\u0101lo lietu p\u0101rvaldes soci\u0101l\u0101s apr\u016bpes centra \u201cP\u012bl\u0101d\u017ei\u201d soci\u0101lajai darbiniecei &#8211; par noz\u012bm\u012bgu ieguld\u012bjumu pa\u0161vald\u012bbas sniegto pakalpojumu kvalit\u0101tes un to pieejam\u012bbas paaugstin\u0101\u0161an\u0101<\/li>\n<\/ul>\n<h2><strong>\u00a02024. <\/strong><strong>gads<\/strong><\/h2>\n<ul>\n<li>Ingum Berkulim, Al\u016bksnes novada pa\u0161vald\u012bbas izpilddirektoram &#8211; par m\u0113r\u0137tiec\u012bbu, atbild\u012bbu un drosmi darba pien\u0101kumu veik\u0161an\u0101, noz\u012bm\u012bgu ieguld\u012bjumu Al\u016bksnes novada pa\u0161vald\u012bbas darb\u012bbas pilnveid\u0113, sekm\u0113jot novada att\u012bst\u012bbas m\u0113r\u0137u sasnieg\u0161anu un pakalpojumu kvalit\u0101tes paaugstin\u0101\u0161anu;<\/li>\n<li>In\u0101rai Kapulinskai, Al\u016bksnes novada pa\u0161vald\u012bbas Centr\u0101l\u0101s administr\u0101cijas nodok\u013cu administratorei &#8211; par godpr\u0101t\u012bbu un precizit\u0101ti, atsauc\u012bbu un ieinteres\u0113t\u012bbu darba pien\u0101kumu veik\u0161an\u0101, lieti\u0161\u0137u sadarb\u012bbu un ieguld\u012bjumu pa\u0161vald\u012bbas sniegto pakalpojumu kvalit\u0101tes paaugstin\u0101\u0161an\u0101;<\/li>\n<li>El\u012bnai Akmenti\u0146ai, Al\u016bksnes Sporta skolas vad\u012bt\u0101ja vietniecei &#8211; par godpr\u0101t\u012bbu, precizit\u0101ti, atsauc\u012bbu un ieinteres\u0113t\u012bbu darba pien\u0101kumu veik\u0161an\u0101;<\/li>\n<li>Allai Orehovai, Al\u016bksnes novada b\u0101ri\u0146tiesas loceklei &#8211; par godpr\u0101t\u012bbu, precizit\u0101ti, atsauc\u012bbu un ieinteres\u0113t\u012bbu darba pien\u0101kumu veik\u0161an\u0101, ieguld\u012bjumu Al\u016bksnes novada b\u0101ri\u0146tiesas profesionalit\u0101tes stiprin\u0101\u0161an\u0101;<\/li>\n<li>\u0100rijai Z\u0101l\u012btei, Al\u016bksnes pirmsskolas izgl\u012bt\u012bbas iest\u0101des \u201cSPR\u012aD\u012aTIS\u201d ve\u013cas mazg\u0101tavas vad\u012bt\u0101jai \u2013 par godpr\u0101t\u012bbu un precizit\u0101ti, atsauc\u012bbu, ieinteres\u0113t\u012bbu un rado\u0161u pieeju darba pien\u0101kumu veik\u0161an\u0101, sekm\u0113jot iest\u0101des m\u0113r\u0137u sasnieg\u0161anu un pakalpojumu kvalit\u0101tes pilnveidi.<\/li>\n<\/ul>\n<p><strong>\u00a0<\/strong><\/p>\n<h2><strong>2023. gads<\/strong><\/h2>\n<ul>\n<li>Agnesei Forsterei, Al\u016bksnes novada pa\u0161vald\u012bbas Centr\u0101l\u0101s administr\u0101cijas kartogr\u0101fei &#8211; par godpr\u0101t\u012bbu, precizit\u0101ti, atsauc\u012bbu un ieinteres\u0113t\u012bbu darba pien\u0101kumu veik\u0161an\u0101;<\/li>\n<li>Unai Teterei-Teterovskai, Al\u016bksnes novada pa\u0161vald\u012bbas Centr\u0101l\u0101s administr\u0101cijas projektu vad\u012bt\u0101jai &#8211; par godpr\u0101t\u012bbu, precizit\u0101ti, atsauc\u012bbu un ieinteres\u0113t\u012bbu, rado\u0161u un inovat\u012bvu pieeju darba pien\u0101kumu veik\u0161an\u0101, veicinot pa\u0161vald\u012bbas m\u0113r\u0137u sasnieg\u0161anu, par atbild\u012bbu un r\u012bc\u012bbu projektu rezult\u0101tu uztur\u0113\u0161an\u0101 ilgtermi\u0146\u0101, par sp\u0113ju r\u012bkoties kr\u012bzes situ\u0101cij\u0101 un atbild\u012bbu, uz\u0146emoties veikt papildu darba pien\u0101kumus;<\/li>\n<li>Vilmai C\u012brulei, Ziemeru pamatskolas virtuves darbiniecei &#8211; par godpr\u0101t\u012bbu, precizit\u0101ti, atsauc\u012bbu un ieinteres\u0113t\u012bbu darba pien\u0101kumu veik\u0161an\u0101;<\/li>\n<li>Zinaidai Siliravai, Al\u016bksnes novada pagastu apvien\u012bbas p\u0101rvaldes lietvedei &#8211; par ilggad\u0113ju godpr\u0101t\u012bbu, precizit\u0101ti, atsauc\u012bbu un ieinteres\u0113t\u012bbu darba pien\u0101kumu veik\u0161an\u0101.<\/li>\n<\/ul>\n<p><strong>\u00a0<\/strong><\/p>\n<h2><strong>2022. gads<\/strong><\/h2>\n<ul>\n<li>Everitai Balandei, Al\u016bksnes novada pa\u0161vald\u012bbas Centr\u0101l\u0101s administr\u0101cijas Kancelejas domes sekret\u0101rei &#8211; par godpr\u0101t\u012bbu, precizit\u0101ti, atsauc\u012bbu un ieinteres\u0113t\u012bbu, par rado\u0161u un inovat\u012bvu pieeju darba pien\u0101kumu veik\u0161an\u0101;<\/li>\n<li>\u0100rijai Simanovi\u010dai, M\u0101rkalnes feld\u0161eru punkta \u0101rsta pal\u012bdzei &#8211; par godpr\u0101t\u012bbu, precizit\u0101ti, atsauc\u012bbu un ieinteres\u0113t\u012bbu darba pien\u0101kumu veik\u0161an\u0101, par noz\u012bm\u012bgu ieguld\u012bjumu vesel\u012bbas apr\u016bpes pakalpojumu pieejam\u012bbas nodro\u0161in\u0101\u0161an\u0101<\/li>\n<li>Valdai Ka\u017eokai, pirmsskolas izgl\u012bt\u012bbas iest\u0101des \u201cC\u0101lis\u201d pirmsskolas izgl\u012bt\u012bbas skolot\u0101ja pal\u012bdzei &#8211; par b\u016btisku ieguld\u012bjumu pirmsskolas izgl\u012bt\u012bbas pakalpojuma kvalit\u0101tes un efektivit\u0101tes paaugstin\u0101\u0161an\u0101, par godpr\u0101t\u012bbu, precizit\u0101ti, atsauc\u012bbu un ieinteres\u0113t\u012bbu, rado\u0161u un inovat\u012bvu pieeju darb\u0101<\/li>\n<li>Evai Antrai Raipalei, Al\u016bksnes pirmsskolas izgl\u012bt\u012bbas iest\u0101des \u201cSPR\u012aD\u012aTIS\u201d s\u0113tniecei &#8211; par ilggad\u0113ju, godpr\u0101t\u012bgu, atbild\u012bgu, sadarb\u012bbu veicino\u0161u, rado\u0161u un inovat\u012bvu pieeju darba pien\u0101kumu veik\u0161an\u0101<\/li>\n<li>Skaidr\u012btei Melnei, Al\u016bksnes pirmsskolas izgl\u012bt\u012bbas iest\u0101des \u201cPienen\u012bte\u201d pirmsskolas izgl\u012bt\u012bbas skolot\u0101jai &#8211; par m\u016b\u017ea ieguld\u012bjumu pedagoga darb\u0101 Al\u016bksnes pirmsskolas izgl\u012bt\u012bbas iest\u0101d\u0113 \u201cPienen\u012bte\u201d.<\/li>\n<\/ul>\n<p>&nbsp;<\/p>\n<h2><strong>2021. gads<\/strong><\/h2>\n<ul>\n<li>Jurim Balandim, Al\u016bksnes novada pa\u0161vald\u012bbas administr\u0101cijas Inform\u0101cijas tehnolo\u0123iju noda\u013cas vad\u012bt\u0101jam &#8211; par noz\u012bm\u012bgu ieguld\u012bjumu pa\u0161vald\u012bbas darb\u012bbas nep\u0101rtraukt\u012bbas nodro\u0161in\u0101\u0161an\u0101 un darbinieku profesion\u0101l\u0101s izaugsmes veicin\u0101\u0161an\u0101, inovat\u012bvu un m\u016bsdien\u012bgu pieeju inform\u0101cijas tehnolo\u0123iju izmanto\u0161an\u0101, veicinot pa\u0161vald\u012bbas m\u0113r\u0137u sasnieg\u0161anu;<\/li>\n<li>Valent\u012bnai Fedotovai, Al\u016bksnes novada pa\u0161vald\u012bbas administr\u0101cijas Gr\u0101matved\u012bbas noda\u013cas vad\u012bt\u0101jai \u2013 par noz\u012bm\u012bgu ieguld\u012bjumu pa\u0161vald\u012bbas darba pilnveid\u0113 un att\u012bst\u012bb\u0101, pakalpojumu pieejam\u012bbas paaugstin\u0101\u0161an\u0101, veicinot pa\u0161vald\u012bbas m\u0113r\u0137u sasnieg\u0161anu;<\/li>\n<li>Gunai Vindelei, Alsvi\u0137u pirmsskolas izgl\u012bt\u012bbas iest\u0101des \u201cSaul\u012bte\u201d pav\u0101rei &#8211; par godpr\u0101t\u012bbu, precizit\u0101ti, atsauc\u012bbu un ieinteres\u0113t\u012bbu darba pien\u0101kumu veik\u0161an\u0101, uzticamu un ilgsto\u0161u darbu pirmsskolas izgl\u012bt\u012bbas iest\u0101d\u0113 \u201cSaul\u012bte\u201d;<\/li>\n<li>Ivetai Mikijanskai, Ernsta Glika Al\u016bksnes Valsts \u0123imn\u0101zijas skolot\u0101jai \u2013 par profesionalit\u0101ti un ieinteres\u0113t\u012bbu pedagoga darb\u0101, noz\u012bm\u012bgu ieguld\u012bjumu jaunie\u0161u izaugsmes veicin\u0101\u0161an\u0101 un patriotiskaj\u0101 audzin\u0101\u0161an\u0101, v\u0113stures mantojuma saglab\u0101\u0161an\u0101 un sabiedrisko aktivit\u0101\u0161u organiz\u0113\u0161an\u0101.<\/li>\n<\/ul>\n<p>&nbsp;<\/p>\n<h2><strong>2020. gads<\/strong><\/h2>\n<ul>\n<li>Sanitai Adlerei, Al\u016bksnes novada pa\u0161vald\u012bbas Pl\u0101no\u0161anas un att\u012bst\u012bbas noda\u013cas projektu vad\u012bt\u0101jai \u2013 par noz\u012bm\u012bgu ieguld\u012bjumu, izpratni un rado\u0161umu Al\u016bksnes kult\u016brv\u0113sturisk\u0101 mantojuma teritoriju saglab\u0101\u0161anas un t\u016brisma att\u012bst\u012bbas risin\u0101jumos, par atbild\u012bbu un r\u012bc\u012bbu projektu sagatavo\u0161an\u0101, \u012bsteno\u0161an\u0101 un rezult\u0101tu uztur\u0113\u0161an\u0101 ilgtermi\u0146\u0101, par m\u0113r\u0137tiec\u012bgu darbu pa\u0161vald\u012bbas atpaz\u012bstam\u012bbas veicin\u0101\u0161an\u0101;<\/li>\n<li>Anitai Gaspertei, Al\u016bksnes pirmsskolas izgl\u012bt\u012bbas iest\u0101des \u201cSPR\u012aD\u012aTIS\u201d person\u0101la speci\u0101listei \u2013 par godpr\u0101t\u012bbu, precizit\u0101ti, atsauc\u012bbu un ieinteres\u0113t\u012bbu darba pien\u0101kumu veik\u0161an\u0101 Al\u016bksnes pirmsskolas izgl\u012bt\u012bbas iest\u0101d\u0113 \u201cSPR\u012aD\u012aTIS\u201d;<\/li>\n<li>\u0145inai Mo\u017earovai, \u0101rsta pal\u012bgam Pededzes ambulanc\u0113 \u2013 par profesionalit\u0101ti, godpr\u0101t\u012bbu, precizit\u0101ti, atsauc\u012bbu un ieinteres\u0113t\u012bbu darba pien\u0101kumu veik\u0161an\u0101 Pededzes ambulanc\u0113;<\/li>\n<li>Evitai Zeilei, Jaunlaicenes mui\u017eas muzeja izgl\u012btojo\u0161\u0101 darba un darba ar apmekl\u0113t\u0101jiem vad\u012bt\u0101jai \u2013 par rado\u0161u un inovat\u012bvu pieeju darba pien\u0101kumu veik\u0161an\u0101 Jaunlaicenes mui\u017eas muzej\u0101, t\u0101dej\u0101di veicinot Al\u016bksnes novada atpaz\u012bstam\u012bbu un pa\u0161vald\u012bbas m\u0113r\u0137u sasnieg\u0161anu,<\/li>\n<li>Sarm\u012btei Zilauai, Ernsta Glika Al\u016bksnes Valsts \u0123imn\u0101zijas intern\u0101ta un sporta z\u0101les administratorei \u2013 par noz\u012bm\u012bgu ieguld\u012bjumu, profesionalit\u0101ti un ieinteres\u0113t\u012bbu darba pien\u0101kumu veik\u0161an\u0101 Ernsta Glika Al\u016bksnes Valsts \u0123imn\u0101zij\u0101.<\/li>\n<\/ul>\n<p><strong>\u00a0<\/strong><\/p>\n<h2><strong>2019. gads<\/strong><\/h2>\n<p>Apbalvojums netiek pie\u0161\u0137irts<\/p>\n<p>&nbsp;<\/p>\n<h2><strong>2018. gads<\/strong><\/h2>\n<ul>\n<li>J\u0101nim Sokam, M\u0101rkalnes pagasta p\u0101rvaldes mikroautobusa vad\u012bt\u0101jam &#8211; par godpr\u0101t\u012bbu, precizit\u0101ti, atsauc\u012bbu un ieinteres\u0113t\u012bbu darba pien\u0101kumu veik\u0161an\u0101;<\/li>\n<li>Guntim Kozil\u0101nam, pa\u0161vald\u012bbas a\u0123ent\u016bras \u201cSPODRA\u201d direktoram &#8211; par godpr\u0101t\u012bbu, precizit\u0101ti, atsauc\u012bbu un ieinteres\u0113t\u012bbu darb\u0101, kas veicin\u0101jis pa\u0161vald\u012bbas m\u0113r\u0137u sasnieg\u0161anu, par ieguld\u012bjumu Al\u016bksnes pils\u0113tas vizu\u0101l\u0101 t\u0113la veido\u0161an\u0101;<\/li>\n<li>M\u0101rcim Kalni\u0146am, Al\u016bksnes B\u0113rnu un jaunie\u0161u centra d\u017eambu grupas skolot\u0101jam &#8211; par profesionalit\u0101ti, aizraut\u012bbu, prasmi ieinteres\u0113t jaunie\u0161us, rado\u0161u un inovat\u012bvu pieeju darba pien\u0101kumu veik\u0161an\u0101;<\/li>\n<li>El\u012bnai Birzniecei, Al\u016bksnes muzeja direktores vietniecei &#8211; par profesionalit\u0101ti, godpr\u0101t\u012bbu, precizit\u0101ti, saimnieciskumu, atsauc\u012bbu un ieinteres\u0113t\u012bbu darb\u0101, veicinot pa\u0161vald\u012bbas m\u0113r\u0137u sasnieg\u0161anu;<\/li>\n<li>Inesei Z\u012bmelei-Jauni\u0146ai, Al\u016bksnes novada pa\u0161vald\u012bbas Pl\u0101no\u0161anas un att\u012bst\u012bbas noda\u013cas pa\u0161vald\u012bbas projektu vad\u012bt\u0101jai &#8211; par precizit\u0101ti, godpr\u0101t\u012bgu un atbild\u012bgu darba pien\u0101kumu veik\u0161anu, radot noz\u012bm\u012bgu ieguld\u012bjumu pa\u0161vald\u012bbas m\u0113r\u0137u sasnieg\u0161an\u0101, par rado\u0161umu un est\u0113tiski augstv\u0113rt\u012bgu pieeju ikdien\u0101<\/li>\n<\/ul>\n<p>&nbsp;<\/p>\n<h2><strong>2017. gads<\/strong><\/h2>\n<ul>\n<li>Violetai K\u013cavi\u0146ai, Jaunal\u016bksnes un Malienas pagastu teritorija att\u012bst\u012bbas speci\u0101listei &#8211; par godpr\u0101t\u012bbu, precizit\u0101ti, atsauc\u012bbu un ieinteres\u0113t\u012bbu darba pien\u0101kumu veik\u0161an\u0101;<\/li>\n<li>Guntai Vanagai, Al\u016bksnes novada b\u0101ri\u0146tiesas priek\u0161s\u0113d\u0113t\u0101ja vietniecei &#8211; par godpr\u0101t\u012bbu, precizit\u0101ti, atsauc\u012bbu un ieinteres\u0113t\u012bbu darba pien\u0101kumu veik\u0161an\u0101;<\/li>\n<li>Evitai Aplokai, Al\u016bksnes novada pa\u0161vald\u012bbas Kancelejas sabiedrisko attiec\u012bbu speci\u0101listei &#8211; par godpr\u0101t\u012bbu, precizit\u0101ti, atsauc\u012bbu un ieinteres\u0113t\u012bbu darba pien\u0101kumu veik\u0161an\u0101, rado\u0161u un inovat\u012bvu pieeju darba pien\u0101kumu veik\u0161an\u0101, kas veicin\u0101jusi pa\u0161vald\u012bbas m\u0113r\u0137u sasnieg\u0161anu;<\/li>\n<li>Sandrai Jankovskai, Jaunlaicenes mui\u017eas muzeja direktorei &#8211; par godpr\u0101t\u012bbu, precizit\u0101ti, atsauc\u012bbu un ieinteres\u0113t\u012bbu darba pien\u0101kumu veik\u0161an\u0101, rado\u0161u un inovat\u012bvu pieeju darba pien\u0101kumu veik\u0161an\u0101, kas veicin\u0101jusi pa\u0161vald\u012bbas m\u0113r\u0137u sasnieg\u0161anu;<\/li>\n<li>Aijai Abulai, pa\u0161vald\u012bbas a\u0123ent\u016bras \u201cSPODRA\u201d s\u0113tniecei &#8211; par godpr\u0101t\u012bbu, precizit\u0101ti, atsauc\u012bbu un ieinteres\u0113t\u012bbu darba pien\u0101kumu veik\u0161an\u0101.<\/li>\n<\/ul>\n<p><strong>\u00a0<\/strong><\/p>\n<h2><strong>2016. gads<\/strong><\/h2>\n<ul>\n<li>Ivetai Ozoli\u0146ai, Al\u016bksnes pils\u0113tas bibliot\u0113kas direktorei \u2013 par godpr\u0101t\u012bbu, precizit\u0101ti, atsauc\u012bbu un ieinteres\u0113t\u012bbu darba pien\u0101kumu veik\u0161an\u0101;<\/li>\n<li>Ingai Ozoli\u0146ai, Al\u016bksnes novada b\u0101ri\u0146tiesas priek\u0161s\u0113d\u0113t\u0101jai \u2013 par godpr\u0101t\u012bbu, precizit\u0101ti, atsauc\u012bbu un ieinteres\u0113t\u012bbu darba pien\u0101kumu veik\u0161an\u0101;<\/li>\n<li>Sanitai Egl\u012btei, Al\u016bksnes novada pa\u0161vald\u012bbas Kult\u016bras un sporta noda\u013cas vad\u012bt\u0101jai \u2013 par noz\u012bm\u012bgu profesion\u0101lu ieguld\u012bjumu Al\u016bksnes novada kult\u016bras un sporta jomas att\u012bst\u012bb\u0101, novada atpaz\u012bstam\u012bbas veido\u0161an\u0101;<\/li>\n<li>Vit\u0101lijam Gerasiminam<em>, <\/em>Jaunal\u016bksnes pagasta p\u0101rvaldes komun\u0101l\u0101s saimniec\u012bbas p\u0101rzinim <em>\u2013<\/em> par godpr\u0101t\u012bbu, precizit\u0101ti, atsauc\u012bbu un ieinteres\u0113t\u012bbu darba pien\u0101kumu veik\u0161an\u0101;<\/li>\n<li>Krist\u012bnei Vimbai, Al\u016bksnes B\u0113rnu un jaunie\u0161u centra metodi\u0137ei \u2013 par godpr\u0101t\u012bbu, precizit\u0101ti darb\u0101, rado\u0161u un inovat\u012bvu pieeju darba pien\u0101kumu veik\u0161an\u0101, kas veicin\u0101jusi pa\u0161vald\u012bbas m\u0113r\u0137u sasnieg\u0161anu.<\/li>\n<\/ul>\n<p><strong>\u00a0<\/strong><\/p>\n<h2><strong>2015. gads<\/strong><\/h2>\n<ul>\n<li>Viktorijai Avotai, Al\u016bksnes novada pa\u0161vald\u012bbas Kancelejas vad\u012bt\u0101jai \u2013 par noz\u012bm\u012bgu profesion\u0101lu un ilggad\u0113ju ieguld\u012bjumu pa\u0161vald\u012bbas pakalpojumu kvalit\u0101tes att\u012bst\u012bbas veicin\u0101\u0161an\u0101;<\/li>\n<li>Intai Cinglerei, Jaunal\u016bksnes un Malienas pagastu p\u0101rval\u017eu vad\u012bt\u0101jai \u2013 par godpr\u0101t\u012bbu darb\u0101 un noz\u012bm\u012bgu ieguld\u012bjumu Jaunal\u016bksnes un Malienas pagastu att\u012bst\u012bb\u0101;<\/li>\n<li>Ainai Kaukalai, Al\u016bksnes novada pa\u0161vald\u012bbas b\u016bvvaldes b\u016bvinspektorei \u2013 par ilggad\u0113ju darbu pa\u0161vald\u012bb\u0101;<\/li>\n<li>Ingr\u012bdai Pedecei, Strauti\u0146u pamatskolas direktore<em>i \u2013 <\/em>par godpr\u0101t\u012bbu, precizit\u0101ti, atsauc\u012bbu un ieinteres\u0113t\u012bbu darba pien\u0101kumu veik\u0161an\u0101;<\/li>\n<li>Ievai Zakar\u012btei, Jaunal\u016bksnes pagasta bibliot\u0113kas vad\u012bt\u0101jai \u2013 par godpr\u0101t\u012bbu, atsauc\u012bbu, ieinteres\u0113t\u012bbu darb\u0101 un rado\u0161u pieeju bibliot\u0113kas pakalpojumu att\u012bst\u012bb\u0101.<\/li>\n<\/ul>\n<p><strong>\u00a0<\/strong><\/p>\n<h2><strong>2014. gads <\/strong><\/h2>\n<ul>\n<li>Inai Bala\u0146ukai, Annas pagasta bibliot\u0113kas vad\u012bt\u0101jai \u2013 par rado\u0161u, iniciat\u012bvas bag\u0101tu attieksmi darb\u0101, veicinot Annas pagasta izaugsmi;<\/li>\n<li>Aivai Eglei, Al\u016bksnes novada pa\u0161vald\u012bbas Juridisk\u0101s noda\u013cas vad\u012bt\u0101jai \u2013 par noz\u012bm\u012bgu ieguld\u012bjumu pa\u0161vald\u012bbas sniegto pakalpojumu kvalit\u0101tes att\u012bst\u012bbas veicin\u0101\u0161an\u0101;<\/li>\n<li>Ingr\u012bdai Ribozolai, pa\u0161vald\u012bbas a\u0123ent\u016bras \u201eSPODRA\u201d darbu vad\u012bt\u0101jai \u2013 par rado\u0161u un inovat\u012bvu pieeju darba pien\u0101kumu veik\u0161an\u0101;<\/li>\n<li>Ivaram Vanagam<em>, <\/em>Ilzenes pagasta p\u0101rvaldes skol\u0113nu p\u0101rvad\u0101jumu autobusa \u0161oferim <em>\u2013 <\/em>par profesionalit\u0101ti, precizit\u0101ti, godpr\u0101t\u012bbu un nesavt\u012bbu darba pien\u0101kumu veik\u0161an\u0101.<\/li>\n<\/ul>\n<p>&nbsp;<\/p>\n<h2><strong>2013. gads<\/strong><\/h2>\n<ul>\n<li>M\u0101rai Kova\u013cenko, Al\u016bksnes novada pa\u0161vald\u012bbas lietved\u012bbas sekret\u0101rei \u2013 par profesionalit\u0101ti, precizit\u0101ti, godpr\u0101t\u012bbu un nesavt\u012bbu darba pien\u0101kumu veik\u0161an\u0101;<\/li>\n<li>Evitai \u0145edaivodinai, Al\u016bksnes novada pa\u0161vald\u012bbas ekonomistei \u2013 par profesionalit\u0101ti, precizit\u0101ti, godpr\u0101t\u012bbu un nesavt\u012bbu darba pien\u0101kumu veik\u0161an\u0101;<\/li>\n<li>M\u0101rai Gaigalietei, Kalncempju pagasta Viktora \u0136irpa Ates muzeja kr\u0101juma glab\u0101t\u0101jai \u2013 par noz\u012bm\u012bgu ieguld\u012bjumu Viktora \u0136irpa Ates muzeja sniegto pakalpojumu kvalit\u0101tes nodro\u0161in\u0101\u0161an\u0101 un muzeja v\u0113rt\u012bbu saglab\u0101\u0161an\u0101;<\/li>\n<li>Ivetai Ve\u013c\u0137erei, Jaunlaicenes, Veclaicenes un Ziemera pagastu p\u0101rval\u017eu teritorijas att\u012bst\u012bbas speci\u0101listei \u2013 par noz\u012bm\u012bgu ieguld\u012bjumu Jaunlaicenes, Veclaicenes un Ziemera pagastu att\u012bst\u012bbas veicin\u0101\u0161an\u0101;<\/li>\n<li>Intai \u0145ikitinai, biju\u0161ajai M\u0101rkalnes un Pededzes pagastu p\u0101rval\u017eu vad\u012bt\u0101jai \u2013 par noz\u012bm\u012bgu ieguld\u012bjumu pa\u0161vald\u012bbas darb\u0101.<\/li>\n<\/ul>\n","protected":false},"excerpt":{"rendered":"<p>&nbsp; Al\u016bksnes novada pa\u0161vald\u012bbas darbinieku apbalvojumu pie\u0161\u0137ir\u0161anas re\u0123istrs &nbsp; Gada balvu \u201cZelta bite\u201d pasniedz Al\u016bksnes novada pa\u0161vald\u012bb\u0101 nodarbin\u0101taj\u0101m person\u0101m, lai izteiktu atzin\u012bbu par b\u016btisku ieguld\u012bjumu pa\u0161vald\u012bbas att\u012bst\u012bb\u0101, t\u0101s strat\u0113\u0123isko m\u0113r\u0137u \u012bsteno\u0161an\u0101, politisk\u0101s un ekonomisk\u0101s sist\u0113mas pilnveid\u0113, pa\u0161vald\u012bbas kompetenc\u0113 eso\u0161o jaut\u0101jumu&#8230;<br \/><a class=\"read-more-button\" href=\"https:\/\/aluksne.lv\/index.php\/pasvaldiba\/pasvaldibas-apbalvojumi\/gada-balva-zelta-bite\/\">Las\u012bt visu<\/a><\/p>\n","protected":false},"author":1,"featured_media":0,"parent":47655,"menu_order":0,"comment_status":"closed","ping_status":"closed","template":"","meta":{"_crdt_document":"","_monsterinsights_skip_tracking":false,"_monsterinsights_sitenote_active":false,"_monsterinsights_sitenote_note":"","_monsterinsights_sitenote_category":0,"footnotes":"","_links_to":"","_links_to_target":""},"class_list":["post-47674","page","type-page","status-publish","hentry"],"_links":{"self":[{"href":"https:\/\/aluksne.lv\/index.php\/wp-json\/wp\/v2\/pages\/47674","targetHints":{"allow":["GET"]}}],"collection":[{"href":"https:\/\/aluksne.lv\/index.php\/wp-json\/wp\/v2\/pages"}],"about":[{"href":"https:\/\/aluksne.lv\/index.php\/wp-json\/wp\/v2\/types\/page"}],"author":[{"embeddable":true,"href":"https:\/\/aluksne.lv\/index.php\/wp-json\/wp\/v2\/users\/1"}],"replies":[{"embeddable":true,"href":"https:\/\/aluksne.lv\/index.php\/wp-json\/wp\/v2\/comments?post=47674"}],"version-history":[{"count":1,"href":"https:\/\/aluksne.lv\/index.php\/wp-json\/wp\/v2\/pages\/47674\/revisions"}],"predecessor-version":[{"id":61081,"href":"https:\/\/aluksne.lv\/index.php\/wp-json\/wp\/v2\/pages\/47674\/revisions\/61081"}],"up":[{"embeddable":true,"href":"https:\/\/aluksne.lv\/index.php\/wp-json\/wp\/v2\/pages\/47655"}],"wp:attachment":[{"href":"https:\/\/aluksne.lv\/index.php\/wp-json\/wp\/v2\/media?parent=47674"}],"curies":[{"name":"wp","href":"https:\/\/api.w.org\/{rel}","templated":true}]}}