{"id":477,"date":"2016-03-15T07:11:13","date_gmt":"2016-03-15T07:11:13","guid":{"rendered":"http:\/\/aluksne.lv\/jauna1\/?page_id=477"},"modified":"2019-10-04T14:42:03","modified_gmt":"2019-10-04T11:42:03","slug":"ka-uzsakt-uznemejdarbibu","status":"publish","type":"page","link":"https:\/\/aluksne.lv\/index.php\/uznemejdarbiba\/ka-uzsakt-uznemejdarbibu\/","title":{"rendered":"Uz\u0146\u0113m\u0113jdarb\u012bbas uzs\u0101k\u0161ana"},"content":{"rendered":"<div id=\"pl-477\"  class=\"panel-layout\" ><div id=\"pg-477-0\"  class=\"panel-grid panel-no-style\" ><div id=\"pgc-477-0-0\"  class=\"panel-grid-cell\" ><div id=\"panel-477-0-0-0\" class=\"so-panel widget widget_sow-editor panel-first-child panel-last-child\" data-index=\"0\" ><div\n\t\t\t\n\t\t\tclass=\"so-widget-sow-editor so-widget-sow-editor-base\"\n\t\t\t\n\t\t>\n<div class=\"siteorigin-widget-tinymce textwidget\">\n\t<p>\u00a0<\/p>\n<ul>\n<li><a href=\"https:\/\/www.vid.gov.lv\/lv\/pirmie-soli-toposajiem-uznemejiem\" target=\"_new\">Pirmie so\u013ci topo\u0161ajiem uz\u0146\u0113m\u0113jiem<\/a><\/li>\n<\/ul>\n<ul>\n<li><a href=\"http:\/\/www.ur.gov.lv\/registri.html\" target=\"_new\">\u00a0Komersanta re\u0123istr\u0101cija<\/a><\/li>\n<\/ul>\n<ul>\n<li><a href=\"http:\/\/www.liaa.gov.lv\/lv\/biznesa-abc\/uznemeja-rokasgramata\" target=\"_new\">Uz\u0146\u0113m\u0113ja rokasgr\u0101mata<\/a><\/li>\n<\/ul>\n<ul>\n<li><a href=\"http:\/\/www.liaa.gov.lv\/lv\/es-fondi\/noderiga-informacija\/saimniecisko-darbibu-statistiska-klasifikacija-nace-2-red\" target=\"_new\">NACE klasifikators<\/a><\/li>\n<\/ul>\n<ul>\n<li><a href=\"https:\/\/registri.pvd.gov.lv\/\" target=\"_new\">PVD m\u0101jaslapa<\/a><\/li>\n<\/ul>\n<ul>\n<li><a href=\"https:\/\/www.latvija.lv\/lv\/PPK\/dzives-situacija\/apakssituacija\/p3648\/ProcesaApraksts\" target=\"_new\">e-Latvija \u2013 tirdzniec\u012bbas at\u013cauju sa\u0146em\u0161ana, publisko pas\u0101kumu organiz\u0113\u0161anas at\u013cauja<\/a><\/li>\n<\/ul>\n<ul>\n<li><a href=\"http:\/\/www.aluksne.lv\/09_06.php\" target=\"_new\">Novada saisto\u0161ie noteikumi par tirdzniec\u012bbu, rekl\u0101mu, nekustam\u0101 \u012bpa\u0161uma nodoklis<\/a><\/li>\n<\/ul>\n<ul>\n<li><a href=\"https:\/\/www.em.gov.lv\/lv\/eiropas_savieniba\/es_vienota_tirgus_centrs\/\" target=\"_new\">ES vienot\u0101 tirgus centrs<\/a><\/li>\n<\/ul>\n<\/div>\n<\/div><\/div><\/div><div id=\"pgc-477-0-1\"  class=\"panel-grid-cell\" >\t\t<style type=\"text\/css\">\n\t\t\t#accordeconck1 { margin:0;padding:0; }\n#accordeconck1 .accordeonck_desc { display:block; }\n#accordeconck1 li.accordeonck { list-style: none;overflow: hidden; margin: 0;}\n#accordeconck1 ul[class^=\"content\"] { margin:0;padding:0;width:auto; }\n#accordeconck1 li.accordeonck > span { position: relative; display: block; }\n#accordeconck1 li.accordeonck.parent > span { padding-right: 20px;}\n#accordeconck1 li.parent > span span.toggler_icon { position: absolute; cursor: pointer; display: block; height: 100%; z-index: 10;right:0; background: url(https:\/\/aluksne.lv\/wp-content\/plugins\/accordeon-menu-ck\/images\/plus.png) center center no-repeat !important;width: 20px;}\n#accordeconck1 li.parent.open > span span.toggler_icon { right:0; background: url(https:\/\/aluksne.lv\/wp-content\/plugins\/accordeon-menu-ck\/images\/minus.png) center center no-repeat !important;}\n#accordeconck1 li.accordeonck.level2 > span { }\n#accordeconck1 li.level3 li.accordeonck > span { }\n#accordeconck1 a.accordeonck { display: block;text-decoration: none; }\n#accordeconck1 a.accordeonck:hover { text-decoration: none; }\n#accordeconck1 li.parent > span a { display: block;outline: none; }\n#accordeconck1 li.parent.open > span a {  }\n#accordeconck1 li.level2.parent > span span.toggler_icon { right:0;display: block;outline: none;background: url(https:\/\/aluksne.lv\/wp-content\/plugins\/accordeon-menu-ck\/images\/plus.png) center center no-repeat !important; }\n#accordeconck1 li.level2.parent.open > span span.toggler_icon { background: url(https:\/\/aluksne.lv\/wp-content\/plugins\/accordeon-menu-ck\/images\/minus.png) center center no-repeat !important; }\n#accordeconck1 li.level2 li.accordeonck.parent > span span.toggler_icon { right:0;display: block;outline: none;background: url(https:\/\/aluksne.lv\/wp-content\/plugins\/accordeon-menu-ck\/images\/plus.png) center center no-repeat !important; }\n#accordeconck1 li.level2 li.accordeonck.open.parent > span span.toggler_icon { background: url(https:\/\/aluksne.lv\/wp-content\/plugins\/accordeon-menu-ck\/images\/minus.png) center center no-repeat !important; }\n#accordeconck1  {\n\tbackground: #86C2DB;\n\tbackground-size: auto;\tbackground-image: -o-linear-gradient(center top,#86C2DB, #86C2DB 100%);\n\tbackground-image: -webkit-gradient(linear, left top, left bottom,from(#86C2DB), color-stop(100%, #86C2DB));\n\tbackground-image: -moz-linear-gradient(center top,#86C2DB, #86C2DB 100%);\n\tbackground-image: linear-gradient(to bottom,#86C2DB, #86C2DB 100%);\n\tborder-top: none;\n\tborder-bottom: none;\n\tborder-left: none;\n\tborder-right: none;\n\tpadding-top: 5px;\n\tpadding-right: 5px;\n\tpadding-bottom: 5px;\n\tpadding-left: 5px;\n\tfont-family: ;\n}\n\n#accordeconck1  a {\n\tfont-family: ;\n}\n\n#accordeconck1 li.level1 > span a {\n\tcolor: #FFFFFF;\n\tpadding-top: 5px;\n\tpadding-right: 5px;\n\tpadding-bottom: 5px;\n\tpadding-left: 5px;\n\tfont-size: 15px;\n}\n\n#accordeconck1 li.level1 > span a a {\n\tcolor: #FFFFFF;\n\tfont-size: 15px;\n}\n\n#accordeconck1 li.level1 > span .accordeonck_desc {\n\tfont-size: 10px;\n}\n\n#accordeconck1 li.level1 > span .accordeonck_desc a {\n\tfont-size: 10px;\n}\n\n#accordeconck1 li.level1:hover > span a {\n\tcolor: #000000;\n}\n\n#accordeconck1 li.level1:hover > span a a {\n\tcolor: #000000;\n}\n\n#accordeconck1 li.level1 > ul {\n\tbackground-size: auto;\tfont-family: ;\n}\n\n#accordeconck1 li.level1 > ul a {\n\tfont-family: ;\n}\n\n#accordeconck1 li.level2 > span a {\n\tcolor: #636363;\n\tpadding-top: 5px;\n\tpadding-bottom: 5px;\n\tpadding-left: 15px;\n}\n\n#accordeconck1 li.level2 > span a a {\n\tcolor: #636363;\n}\n\n#accordeconck1 li.level2:hover > span a {\n\tcolor: #000000;\n}\n\n#accordeconck1 li.level2:hover > span a a {\n\tcolor: #000000;\n}\n\n#accordeconck1 li.level2 ul[class^=\"content\"] {\n\tbackground-size: auto;\tfont-family: ;\n}\n\n#accordeconck1 li.level2 ul[class^=\"content\"] a {\n\tfont-family: ;\n}\n\n#accordeconck1 li.level2 li.accordeonck > span a {\n\tcolor: #636363;\n\tpadding-top: 2px;\n\tpadding-bottom: 2px;\n\tpadding-left: 20px;\n}\n\n#accordeconck1 li.level2 li.accordeonck > span a a {\n\tcolor: #636363;\n}\n\n#accordeconck1 li.level2 li.accordeonck:hover > span a {\n\tcolor: #000000;\n}\n\n#accordeconck1 li.level2 li.accordeonck:hover > span a a {\n\tcolor: #000000;\n}\t\t<\/style>\n\t\t<div id=\"panel-477-0-1-0\" class=\"so-panel widget widget_accordeon-menu-ck panel-first-child panel-last-child\" data-index=\"1\" ><ul id=\"accordeconck1\" class=\"menu\"><li id=\"menu-item-2314\" class=\"menu-item menu-item-type-post_type menu-item-object-page accordeonck menu-item-2314 level1\"><span class=\"accordeonck_outer \"><a href=\"https:\/\/aluksne.lv\/index.php\/uznemejdarbiba\/informacija-par-uznemejiem\/\" class=\"accordeonck\">Inform\u0101cija par uz\u0146\u0113m\u0113jiem<\/a><\/span><\/li>\n<li id=\"menu-item-2315\" class=\"menu-item menu-item-type-post_type menu-item-object-page accordeonck menu-item-2315 level1\"><span class=\"accordeonck_outer \"><a href=\"https:\/\/aluksne.lv\/index.php\/uznemejdarbiba\/ka-uzsakt-uznemejdarbibu\/\" class=\"accordeonck\">Uz\u0146\u0113m\u0113jdarb\u012bbas uzs\u0101k\u0161ana<\/a><\/span><\/li>\n<li id=\"menu-item-2319\" class=\"menu-item menu-item-type-post_type menu-item-object-page accordeonck menu-item-2319 level1\"><span class=\"accordeonck_outer \"><a href=\"https:\/\/aluksne.lv\/index.php\/uznemejdarbiba\/atbalsta-programmas\/\" class=\"accordeonck\">Atbalsta instit\u016bcijas uz\u0146\u0113m\u0113jiem<\/a><\/span><\/li>\n<li id=\"menu-item-2317\" class=\"menu-item menu-item-type-post_type menu-item-object-page accordeonck menu-item-2317 level1\"><span class=\"accordeonck_outer \"><a href=\"https:\/\/aluksne.lv\/index.php\/uznemejdarbiba\/uznemejdarbibas-atbalsta-centrs\/\" class=\"accordeonck\">Uz\u0146\u0113m\u0113jdarb\u012bbas atbalsta centrs<\/a><\/span><\/li>\n<li id=\"menu-item-2318\" class=\"menu-item menu-item-type-post_type menu-item-object-page accordeonck menu-item-2318 level1\"><span class=\"accordeonck_outer \"><a href=\"https:\/\/aluksne.lv\/index.php\/uznemejdarbiba\/investiciju-teritorijas\/\" class=\"accordeonck\">Invest\u012bciju teritorijas<\/a><\/span><\/li>\n<li id=\"menu-item-2316\" class=\"menu-item menu-item-type-post_type menu-item-object-page accordeonck menu-item-2316 level1\"><span class=\"accordeonck_outer \"><a href=\"https:\/\/aluksne.lv\/index.php\/uznemejdarbiba\/uznemejdarbibas-statistika\/\" class=\"accordeonck\">Uz\u0146\u0113m\u0113jdarb\u012bbas statistika<\/a><\/span><\/li>\n<\/ul>\t\t<script type=\"text\/javascript\"> <!--\n\t\t\n\t\t\tjQuery(document).ready(function(){\n\t\t\t\tjQuery('#accordeconck1').accordeonmenuck({eventtype : 'click',transition : 'linear',showactive : '1',showactivesubmenu : '0',duree : 500});\n\t\t\t}); \t\t\/\/--> <\/script>\n\t\t<\/div><\/div><\/div><\/div>","protected":false},"excerpt":{"rendered":"<p>\u00a0 Pirmie so\u013ci topo\u0161ajiem uz\u0146\u0113m\u0113jiem \u00a0Komersanta re\u0123istr\u0101cija Uz\u0146\u0113m\u0113ja rokasgr\u0101mata NACE klasifikators PVD m\u0101jaslapa e-Latvija \u2013 tirdzniec\u012bbas at\u013cauju sa\u0146em\u0161ana, publisko pas\u0101kumu organiz\u0113\u0161anas at\u013cauja Novada saisto\u0161ie noteikumi par tirdzniec\u012bbu, rekl\u0101mu, nekustam\u0101 \u012bpa\u0161uma nodoklis ES vienot\u0101 tirgus centrs<\/p>\n","protected":false},"author":1,"featured_media":0,"parent":14,"menu_order":0,"comment_status":"closed","ping_status":"closed","template":"","meta":{"_crdt_document":"","_monsterinsights_skip_tracking":false,"_monsterinsights_sitenote_active":false,"_monsterinsights_sitenote_note":"","_monsterinsights_sitenote_category":0,"footnotes":"","_links_to":"","_links_to_target":""},"class_list":["post-477","page","type-page","status-publish","hentry"],"_links":{"self":[{"href":"https:\/\/aluksne.lv\/index.php\/wp-json\/wp\/v2\/pages\/477","targetHints":{"allow":["GET"]}}],"collection":[{"href":"https:\/\/aluksne.lv\/index.php\/wp-json\/wp\/v2\/pages"}],"about":[{"href":"https:\/\/aluksne.lv\/index.php\/wp-json\/wp\/v2\/types\/page"}],"author":[{"embeddable":true,"href":"https:\/\/aluksne.lv\/index.php\/wp-json\/wp\/v2\/users\/1"}],"replies":[{"embeddable":true,"href":"https:\/\/aluksne.lv\/index.php\/wp-json\/wp\/v2\/comments?post=477"}],"version-history":[{"count":0,"href":"https:\/\/aluksne.lv\/index.php\/wp-json\/wp\/v2\/pages\/477\/revisions"}],"up":[{"embeddable":true,"href":"https:\/\/aluksne.lv\/index.php\/wp-json\/wp\/v2\/pages\/14"}],"wp:attachment":[{"href":"https:\/\/aluksne.lv\/index.php\/wp-json\/wp\/v2\/media?parent=477"}],"curies":[{"name":"wp","href":"https:\/\/api.w.org\/{rel}","templated":true}]}}