{"id":47860,"date":"2024-03-18T10:17:09","date_gmt":"2024-03-18T08:17:09","guid":{"rendered":"https:\/\/aluksne.lv\/?page_id=47860"},"modified":"2024-03-18T10:21:04","modified_gmt":"2024-03-18T08:21:04","slug":"aluksnes-novada-pasvaldibas-mezu-apsaimniekosanas-plans-2020-2024-gadam","status":"publish","type":"page","link":"https:\/\/aluksne.lv\/index.php\/pasvaldiba\/ipasumi\/aluksnes-novada-pasvaldibas-mezu-apsaimniekosanas-plans-2020-2024-gadam\/","title":{"rendered":"Al\u016bksnes novada pa\u0161vald\u012bbas me\u017eu apsaimnieko\u0161anas pl\u0101ns 2020.-2024. gadam"},"content":{"rendered":"<p>&nbsp;<\/p>\n<div class=\"divTable\">\n<div class=\"divTableBody\">\n<div class=\"divTableRow\">\n<div>\u00a0<\/div>\n<div class=\"divTableCell\"><strong><a href=\"https:\/\/aluksne.lv\/zpp_dlemumi\/2020\/3004\/Mezu_apsaimniekosanas_plans.pdf\">Al\u016bksnes novada pa\u0161vald\u012bbas me\u017eu apsaimnieko\u0161anas pl\u0101ns 2020. \u2013 2024. gadam<\/a><\/strong><\/div>\n<div class=\"divTableCell\"><strong><a href=\"https:\/\/aluksne.lv\/citi dokumenti\/Pielikums_meza_planam_Optimized.pdf\">Me\u017ea pl\u0101na pielikumi<\/a> (.pdf)<\/strong><\/div>\n<div>\u00a0<\/div>\n<\/div>\n<\/div>\n<\/div>\n<p>&nbsp;<\/p>\n<p>&nbsp;<\/p>\n","protected":false},"excerpt":{"rendered":"<p>&nbsp; \u00a0 Al\u016bksnes novada pa\u0161vald\u012bbas me\u017eu apsaimnieko\u0161anas pl\u0101ns 2020. \u2013 2024. gadam Me\u017ea pl\u0101na pielikumi (.pdf) \u00a0 &nbsp; &nbsp;<\/p>\n","protected":false},"author":1,"featured_media":0,"parent":354,"menu_order":0,"comment_status":"closed","ping_status":"closed","template":"","meta":{"_crdt_document":"","_monsterinsights_skip_tracking":false,"_monsterinsights_sitenote_active":false,"_monsterinsights_sitenote_note":"","_monsterinsights_sitenote_category":0,"footnotes":"","_links_to":"","_links_to_target":""},"class_list":["post-47860","page","type-page","status-publish","hentry"],"_links":{"self":[{"href":"https:\/\/aluksne.lv\/index.php\/wp-json\/wp\/v2\/pages\/47860","targetHints":{"allow":["GET"]}}],"collection":[{"href":"https:\/\/aluksne.lv\/index.php\/wp-json\/wp\/v2\/pages"}],"about":[{"href":"https:\/\/aluksne.lv\/index.php\/wp-json\/wp\/v2\/types\/page"}],"author":[{"embeddable":true,"href":"https:\/\/aluksne.lv\/index.php\/wp-json\/wp\/v2\/users\/1"}],"replies":[{"embeddable":true,"href":"https:\/\/aluksne.lv\/index.php\/wp-json\/wp\/v2\/comments?post=47860"}],"version-history":[{"count":0,"href":"https:\/\/aluksne.lv\/index.php\/wp-json\/wp\/v2\/pages\/47860\/revisions"}],"up":[{"embeddable":true,"href":"https:\/\/aluksne.lv\/index.php\/wp-json\/wp\/v2\/pages\/354"}],"wp:attachment":[{"href":"https:\/\/aluksne.lv\/index.php\/wp-json\/wp\/v2\/media?parent=47860"}],"curies":[{"name":"wp","href":"https:\/\/api.w.org\/{rel}","templated":true}]}}