{"id":481,"date":"2016-03-15T07:11:59","date_gmt":"2016-03-15T07:11:59","guid":{"rendered":"http:\/\/aluksne.lv\/jauna1\/?page_id=481"},"modified":"2026-04-10T10:12:34","modified_gmt":"2026-04-10T07:12:34","slug":"uznemejdarbibas-atbalsta-centrs","status":"publish","type":"page","link":"https:\/\/aluksne.lv\/index.php\/uznemejdarbiba\/uznemejdarbibas-atbalsta-centrs\/","title":{"rendered":"Uz\u0146\u0113m\u0113jdarb\u012bbas atbalsta centrs"},"content":{"rendered":"<div id=\"pl-481\"  class=\"panel-layout\" ><div id=\"pg-481-0\"  class=\"panel-grid panel-no-style\" ><div id=\"pgc-481-0-0\"  class=\"panel-grid-cell\" ><div id=\"panel-481-0-0-0\" class=\"so-panel widget widget_sow-editor panel-first-child panel-last-child\" data-index=\"0\" ><div\n\t\t\t\n\t\t\tclass=\"so-widget-sow-editor so-widget-sow-editor-base\"\n\t\t\t\n\t\t>\n<div class=\"siteorigin-widget-tinymce textwidget\">\n\t<div id=\"center\">\n<p><img loading=\"lazy\" decoding=\"async\" class=\"size-medium wp-image-14761 aligncenter\" src=\"https:\/\/aluksne.lv\/wp-content\/uploads\/2019\/09\/UAC_FB-2-300x300.png\" alt=\"\" width=\"300\" height=\"300\" data-id=\"14761\" srcset=\"https:\/\/aluksne.lv\/wp-content\/uploads\/2019\/09\/UAC_FB-2-300x300.png 300w, https:\/\/aluksne.lv\/wp-content\/uploads\/2019\/09\/UAC_FB-2-150x150.png 150w, https:\/\/aluksne.lv\/wp-content\/uploads\/2019\/09\/UAC_FB-2-768x768.png 768w, https:\/\/aluksne.lv\/wp-content\/uploads\/2019\/09\/UAC_FB-2-1024x1024.png 1024w, https:\/\/aluksne.lv\/wp-content\/uploads\/2019\/09\/UAC_FB-2-1170x1170.png 1170w, https:\/\/aluksne.lv\/wp-content\/uploads\/2019\/09\/UAC_FB-2-60x60.png 60w, https:\/\/aluksne.lv\/wp-content\/uploads\/2019\/09\/UAC_FB-2-560x560.png 560w\" sizes=\"auto, (max-width: 300px) 100vw, 300px\" \/><\/p>\n<table style=\"width: 100%;\" border=\"0\" align=\"right\">\n<tbody>\n<tr>\n<td style=\"width: 70%;\" rowspan=\"3\">Uz\u0146\u0113m\u0113jdarb\u012bbas atbalsta centra telpas Al\u016bksnes Kult\u016bras centr\u0101, Al\u016bksn\u0113, Br\u016b\u017ea iel\u0101 7, iesp\u0113jams izmantot semin\u0101ru, prezent\u0101ciju un tik\u0161anos organiz\u0113\u0161anai (max 30 cilv.).<\/p>\n<p>Pieejams interneta piesl\u0113gums, printeris, skeneris, kop\u0113t\u0101js, dators, ekr\u0101ns. Uz\u0146\u0113m\u0113jdarb\u012bbas atbalsta centr\u0101 iesp\u0113jams iepaz\u012bties ar uz\u0146\u0113m\u0113jdarb\u012bbu novad\u0101, \u0161obr\u012bd izveidota informat\u012bva ekspoz\u012bcija par Jaunie\u0161u biznesa ideju konkursa uzvar\u0113t\u0101jiem.<\/p>\n<p>Uz\u0146\u0113m\u0113jdarb\u012bbas atbalsta centrs atv\u0113rts Al\u016bksnes Kult\u016bras centra darba laik\u0101 no pulksten 8.00 l\u012bdz 22.00.<\/p>\n<p>Par telpu izmanto\u0161anu iepriek\u0161 sazin\u0101ties ar Al\u016bksnes novada pa\u0161vald\u012bbas Centr\u0101l\u0101s administr\u0101cijas uz\u0146\u0113m\u0113jdarb\u012bbas atbalsta speci\u0101listi M\u0101ru SALD\u0100BOLU pa t\u0101lruni 25425222 vai rakstot mara.saldabola@aluksne.lv<\/p>\n<\/td>\n<td style=\"width: 30%;\"><img loading=\"lazy\" decoding=\"async\" class=\"\" src=\"http:\/\/aluksne.lv\/13_08\/000.jpg\" alt=\"\" width=\"300\" height=\"225\" \/><\/td>\n<\/tr>\n<tr>\n<td style=\"width: 50%;\"><img loading=\"lazy\" decoding=\"async\" class=\"alignnone wp-image-14763\" src=\"https:\/\/aluksne.lv\/wp-content\/uploads\/2019\/09\/IMG_2791_MARAI-300x200.jpg\" alt=\"\" width=\"300\" height=\"200\" data-id=\"14763\" srcset=\"https:\/\/aluksne.lv\/wp-content\/uploads\/2019\/09\/IMG_2791_MARAI-300x200.jpg 300w, https:\/\/aluksne.lv\/wp-content\/uploads\/2019\/09\/IMG_2791_MARAI-768x512.jpg 768w, https:\/\/aluksne.lv\/wp-content\/uploads\/2019\/09\/IMG_2791_MARAI-1024x683.jpg 1024w, https:\/\/aluksne.lv\/wp-content\/uploads\/2019\/09\/IMG_2791_MARAI-320x213.jpg 320w, https:\/\/aluksne.lv\/wp-content\/uploads\/2019\/09\/IMG_2791_MARAI-1170x780.jpg 1170w, https:\/\/aluksne.lv\/wp-content\/uploads\/2019\/09\/IMG_2791_MARAI-272x182.jpg 272w\" sizes=\"auto, (max-width: 300px) 100vw, 300px\" \/><\/td>\n<\/tr>\n<tr>\n<td style=\"width: 50%;\"><img loading=\"lazy\" decoding=\"async\" class=\"alignnone wp-image-14764\" src=\"https:\/\/aluksne.lv\/wp-content\/uploads\/2019\/09\/20180102_104700-300x169.jpg\" alt=\"\" width=\"300\" height=\"169\" data-id=\"14764\" srcset=\"https:\/\/aluksne.lv\/wp-content\/uploads\/2019\/09\/20180102_104700-300x169.jpg 300w, https:\/\/aluksne.lv\/wp-content\/uploads\/2019\/09\/20180102_104700-768x432.jpg 768w, https:\/\/aluksne.lv\/wp-content\/uploads\/2019\/09\/20180102_104700-1024x576.jpg 1024w, https:\/\/aluksne.lv\/wp-content\/uploads\/2019\/09\/20180102_104700-1170x658.jpg 1170w\" sizes=\"auto, (max-width: 300px) 100vw, 300px\" \/><\/td>\n<\/tr>\n<\/tbody>\n<\/table>\n<p style=\"text-align: center;\"><img loading=\"lazy\" decoding=\"async\" class=\"size-large wp-image-14762 aligncenter\" src=\"https:\/\/aluksne.lv\/wp-content\/uploads\/2019\/09\/UAC_FB-1-1024x576.png\" alt=\"\" width=\"734\" height=\"413\" data-id=\"14762\" srcset=\"https:\/\/aluksne.lv\/wp-content\/uploads\/2019\/09\/UAC_FB-1-1024x576.png 1024w, https:\/\/aluksne.lv\/wp-content\/uploads\/2019\/09\/UAC_FB-1-300x169.png 300w, https:\/\/aluksne.lv\/wp-content\/uploads\/2019\/09\/UAC_FB-1-768x432.png 768w, https:\/\/aluksne.lv\/wp-content\/uploads\/2019\/09\/UAC_FB-1-1170x658.png 1170w, https:\/\/aluksne.lv\/wp-content\/uploads\/2019\/09\/UAC_FB-1.png 1920w\" sizes=\"auto, (max-width: 734px) 100vw, 734px\" \/><\/p>\n<\/div>\n<\/div>\n<\/div><\/div><\/div><div id=\"pgc-481-0-1\"  class=\"panel-grid-cell\" >\t\t<style type=\"text\/css\">\n\t\t\t#accordeconck1 { margin:0;padding:0; }\n#accordeconck1 .accordeonck_desc { display:block; }\n#accordeconck1 li.accordeonck { list-style: none;overflow: hidden; margin: 0;}\n#accordeconck1 ul[class^=\"content\"] { margin:0;padding:0;width:auto; }\n#accordeconck1 li.accordeonck > span { position: relative; display: block; }\n#accordeconck1 li.accordeonck.parent > span { padding-right: 20px;}\n#accordeconck1 li.parent > span span.toggler_icon { position: absolute; cursor: pointer; display: block; height: 100%; z-index: 10;right:0; background: url(https:\/\/aluksne.lv\/wp-content\/plugins\/accordeon-menu-ck\/images\/plus.png) center center no-repeat !important;width: 20px;}\n#accordeconck1 li.parent.open > span span.toggler_icon { right:0; background: url(https:\/\/aluksne.lv\/wp-content\/plugins\/accordeon-menu-ck\/images\/minus.png) center center no-repeat !important;}\n#accordeconck1 li.accordeonck.level2 > span { }\n#accordeconck1 li.level3 li.accordeonck > span { }\n#accordeconck1 a.accordeonck { display: block;text-decoration: none; }\n#accordeconck1 a.accordeonck:hover { text-decoration: none; }\n#accordeconck1 li.parent > span a { display: block;outline: none; }\n#accordeconck1 li.parent.open > span a {  }\n#accordeconck1 li.level2.parent > span span.toggler_icon { right:0;display: block;outline: none;background: url(https:\/\/aluksne.lv\/wp-content\/plugins\/accordeon-menu-ck\/images\/plus.png) center center no-repeat !important; }\n#accordeconck1 li.level2.parent.open > span span.toggler_icon { background: url(https:\/\/aluksne.lv\/wp-content\/plugins\/accordeon-menu-ck\/images\/minus.png) center center no-repeat !important; }\n#accordeconck1 li.level2 li.accordeonck.parent > span span.toggler_icon { right:0;display: block;outline: none;background: url(https:\/\/aluksne.lv\/wp-content\/plugins\/accordeon-menu-ck\/images\/plus.png) center center no-repeat !important; }\n#accordeconck1 li.level2 li.accordeonck.open.parent > span span.toggler_icon { background: url(https:\/\/aluksne.lv\/wp-content\/plugins\/accordeon-menu-ck\/images\/minus.png) center center no-repeat !important; }\n#accordeconck1  {\n\tbackground: #86C2DB;\n\tbackground-size: auto;\tbackground-image: -o-linear-gradient(center top,#86C2DB, #86C2DB 100%);\n\tbackground-image: -webkit-gradient(linear, left top, left bottom,from(#86C2DB), color-stop(100%, #86C2DB));\n\tbackground-image: -moz-linear-gradient(center top,#86C2DB, #86C2DB 100%);\n\tbackground-image: linear-gradient(to bottom,#86C2DB, #86C2DB 100%);\n\tborder-top: none;\n\tborder-bottom: none;\n\tborder-left: none;\n\tborder-right: none;\n\tpadding-top: 5px;\n\tpadding-right: 5px;\n\tpadding-bottom: 5px;\n\tpadding-left: 5px;\n\tfont-family: ;\n}\n\n#accordeconck1  a {\n\tfont-family: ;\n}\n\n#accordeconck1 li.level1 > span a {\n\tcolor: #FFFFFF;\n\tpadding-top: 5px;\n\tpadding-right: 5px;\n\tpadding-bottom: 5px;\n\tpadding-left: 5px;\n\tfont-size: 15px;\n}\n\n#accordeconck1 li.level1 > span a a {\n\tcolor: #FFFFFF;\n\tfont-size: 15px;\n}\n\n#accordeconck1 li.level1 > span .accordeonck_desc {\n\tfont-size: 10px;\n}\n\n#accordeconck1 li.level1 > span .accordeonck_desc a {\n\tfont-size: 10px;\n}\n\n#accordeconck1 li.level1:hover > span a {\n\tcolor: #000000;\n}\n\n#accordeconck1 li.level1:hover > span a a {\n\tcolor: #000000;\n}\n\n#accordeconck1 li.level1 > ul {\n\tbackground-size: auto;\tfont-family: ;\n}\n\n#accordeconck1 li.level1 > ul a {\n\tfont-family: ;\n}\n\n#accordeconck1 li.level2 > span a {\n\tcolor: #636363;\n\tpadding-top: 5px;\n\tpadding-bottom: 5px;\n\tpadding-left: 15px;\n}\n\n#accordeconck1 li.level2 > span a a {\n\tcolor: #636363;\n}\n\n#accordeconck1 li.level2:hover > span a {\n\tcolor: #000000;\n}\n\n#accordeconck1 li.level2:hover > span a a {\n\tcolor: #000000;\n}\n\n#accordeconck1 li.level2 ul[class^=\"content\"] {\n\tbackground-size: auto;\tfont-family: ;\n}\n\n#accordeconck1 li.level2 ul[class^=\"content\"] a {\n\tfont-family: ;\n}\n\n#accordeconck1 li.level2 li.accordeonck > span a {\n\tcolor: #636363;\n\tpadding-top: 2px;\n\tpadding-bottom: 2px;\n\tpadding-left: 20px;\n}\n\n#accordeconck1 li.level2 li.accordeonck > span a a {\n\tcolor: #636363;\n}\n\n#accordeconck1 li.level2 li.accordeonck:hover > span a {\n\tcolor: #000000;\n}\n\n#accordeconck1 li.level2 li.accordeonck:hover > span a a {\n\tcolor: #000000;\n}\t\t<\/style>\n\t\t<div id=\"panel-481-0-1-0\" class=\"so-panel widget widget_accordeon-menu-ck panel-first-child panel-last-child\" data-index=\"1\" ><ul id=\"accordeconck1\" class=\"menu\"><li id=\"menu-item-2314\" class=\"menu-item menu-item-type-post_type menu-item-object-page accordeonck menu-item-2314 level1\"><span class=\"accordeonck_outer \"><a href=\"https:\/\/aluksne.lv\/index.php\/uznemejdarbiba\/informacija-par-uznemejiem\/\" class=\"accordeonck\">Inform\u0101cija par uz\u0146\u0113m\u0113jiem<\/a><\/span><\/li>\n<li id=\"menu-item-2315\" class=\"menu-item menu-item-type-post_type menu-item-object-page accordeonck menu-item-2315 level1\"><span class=\"accordeonck_outer \"><a href=\"https:\/\/aluksne.lv\/index.php\/uznemejdarbiba\/ka-uzsakt-uznemejdarbibu\/\" class=\"accordeonck\">Uz\u0146\u0113m\u0113jdarb\u012bbas uzs\u0101k\u0161ana<\/a><\/span><\/li>\n<li id=\"menu-item-2319\" class=\"menu-item menu-item-type-post_type menu-item-object-page accordeonck menu-item-2319 level1\"><span class=\"accordeonck_outer \"><a href=\"https:\/\/aluksne.lv\/index.php\/uznemejdarbiba\/atbalsta-programmas\/\" class=\"accordeonck\">Atbalsta instit\u016bcijas uz\u0146\u0113m\u0113jiem<\/a><\/span><\/li>\n<li id=\"menu-item-2317\" class=\"menu-item menu-item-type-post_type menu-item-object-page accordeonck menu-item-2317 level1\"><span class=\"accordeonck_outer \"><a href=\"https:\/\/aluksne.lv\/index.php\/uznemejdarbiba\/uznemejdarbibas-atbalsta-centrs\/\" class=\"accordeonck\">Uz\u0146\u0113m\u0113jdarb\u012bbas atbalsta centrs<\/a><\/span><\/li>\n<li id=\"menu-item-2318\" class=\"menu-item menu-item-type-post_type menu-item-object-page accordeonck menu-item-2318 level1\"><span class=\"accordeonck_outer \"><a href=\"https:\/\/aluksne.lv\/index.php\/uznemejdarbiba\/investiciju-teritorijas\/\" class=\"accordeonck\">Invest\u012bciju teritorijas<\/a><\/span><\/li>\n<li id=\"menu-item-2316\" class=\"menu-item menu-item-type-post_type menu-item-object-page accordeonck menu-item-2316 level1\"><span class=\"accordeonck_outer \"><a href=\"https:\/\/aluksne.lv\/index.php\/uznemejdarbiba\/uznemejdarbibas-statistika\/\" class=\"accordeonck\">Uz\u0146\u0113m\u0113jdarb\u012bbas statistika<\/a><\/span><\/li>\n<\/ul>\t\t<script type=\"text\/javascript\"> <!--\n\t\t\n\t\t\tjQuery(document).ready(function(){\n\t\t\t\tjQuery('#accordeconck1').accordeonmenuck({eventtype : 'click',transition : 'linear',showactive : '1',showactivesubmenu : '0',duree : 500});\n\t\t\t}); \t\t\/\/--> <\/script>\n\t\t<\/div><\/div><\/div><\/div>","protected":false},"excerpt":{"rendered":"<p>Uz\u0146\u0113m\u0113jdarb\u012bbas atbalsta centra telpas Al\u016bksnes Kult\u016bras centr\u0101, Al\u016bksn\u0113, Br\u016b\u017ea iel\u0101 7, iesp\u0113jams izmantot semin\u0101ru, prezent\u0101ciju un tik\u0161anos organiz\u0113\u0161anai (max 30 cilv.). Pieejams interneta piesl\u0113gums, printeris, skeneris, kop\u0113t\u0101js, dators, ekr\u0101ns. Uz\u0146\u0113m\u0113jdarb\u012bbas atbalsta centr\u0101 iesp\u0113jams iepaz\u012bties ar uz\u0146\u0113m\u0113jdarb\u012bbu novad\u0101, \u0161obr\u012bd izveidota informat\u012bva&#8230;<br \/><a class=\"read-more-button\" href=\"https:\/\/aluksne.lv\/index.php\/uznemejdarbiba\/uznemejdarbibas-atbalsta-centrs\/\">Las\u012bt visu<\/a><\/p>\n","protected":false},"author":1,"featured_media":0,"parent":14,"menu_order":0,"comment_status":"closed","ping_status":"closed","template":"","meta":{"_crdt_document":"","_monsterinsights_skip_tracking":false,"_monsterinsights_sitenote_active":false,"_monsterinsights_sitenote_note":"","_monsterinsights_sitenote_category":0,"footnotes":"","_links_to":"","_links_to_target":""},"class_list":["post-481","page","type-page","status-publish","hentry"],"_links":{"self":[{"href":"https:\/\/aluksne.lv\/index.php\/wp-json\/wp\/v2\/pages\/481","targetHints":{"allow":["GET"]}}],"collection":[{"href":"https:\/\/aluksne.lv\/index.php\/wp-json\/wp\/v2\/pages"}],"about":[{"href":"https:\/\/aluksne.lv\/index.php\/wp-json\/wp\/v2\/types\/page"}],"author":[{"embeddable":true,"href":"https:\/\/aluksne.lv\/index.php\/wp-json\/wp\/v2\/users\/1"}],"replies":[{"embeddable":true,"href":"https:\/\/aluksne.lv\/index.php\/wp-json\/wp\/v2\/comments?post=481"}],"version-history":[{"count":1,"href":"https:\/\/aluksne.lv\/index.php\/wp-json\/wp\/v2\/pages\/481\/revisions"}],"predecessor-version":[{"id":61990,"href":"https:\/\/aluksne.lv\/index.php\/wp-json\/wp\/v2\/pages\/481\/revisions\/61990"}],"up":[{"embeddable":true,"href":"https:\/\/aluksne.lv\/index.php\/wp-json\/wp\/v2\/pages\/14"}],"wp:attachment":[{"href":"https:\/\/aluksne.lv\/index.php\/wp-json\/wp\/v2\/media?parent=481"}],"curies":[{"name":"wp","href":"https:\/\/api.w.org\/{rel}","templated":true}]}}