{"id":48165,"date":"2024-03-28T17:03:59","date_gmt":"2024-03-28T15:03:59","guid":{"rendered":"https:\/\/aluksne.lv\/?page_id=48165"},"modified":"2024-03-28T17:39:54","modified_gmt":"2024-03-28T15:39:54","slug":"susana-apgerbi","status":"publish","type":"page","link":"https:\/\/aluksne.lv\/index.php\/uznemejdarbiba\/informacija-par-uznemejiem\/susana-apgerbi\/","title":{"rendered":"\u0160\u016a\u0160ANA, AP\u0122\u0112RBI"},"content":{"rendered":"<table class=\"pienem\" style=\"width: 100%;\">\n<tbody>\n<tr>\n<td style=\"width: 75.2759%;\" width=\"335\">\n<p><strong>SIA &#8220;GMS Studio&#8221;\u00a0<\/strong><\/p>\n<p>Pils iela 16, Al\u016bksne<\/p>\n<p>Solvita &#8211; 29139298<\/p>\n<p>E-pasts: <a href=\"mailto:gmsstudio.sia@gmail.com\">gmsstudio.sia@gmail.com<\/a><\/p>\n<p>Instagram:\u00a0<a href=\"https:\/\/www.instagram.com\/gms_studio_aluksne\/\">https:\/\/www.instagram.com\/gms_studio_aluksne\/<\/a>\u00a0<\/p>\n<p>Facebook:\u00a0<a href=\"https:\/\/www.facebook.com\/gmsstudioaluksne\/\">https:\/\/www.facebook.com\/gmsstudioaluksne\/<\/a><\/p>\n<p>\u0160\u016b\u0161anas pakalpojumi, individu\u0101l\u0101 \u0161\u016b\u0161ana, \u0161\u016b\u0161anas kursi, audumu veikals.<\/p>\n<\/td>\n<td style=\"width: 24.3561%;\" width=\"269\"><img loading=\"lazy\" decoding=\"async\" class=\"alignleft wp-image-48168 size-thumbnail\" src=\"https:\/\/aluksne.lv\/wp-content\/uploads\/2024\/03\/GMS_Studio_logo-150x150.png\" alt=\"\" width=\"150\" height=\"150\" srcset=\"https:\/\/aluksne.lv\/wp-content\/uploads\/2024\/03\/GMS_Studio_logo-150x150.png 150w, https:\/\/aluksne.lv\/wp-content\/uploads\/2024\/03\/GMS_Studio_logo-60x60.png 60w\" sizes=\"auto, (max-width: 150px) 100vw, 150px\" \/><\/td>\n<\/tr>\n<tr>\n<td style=\"width: 75.2759%;\" width=\"335\">\n<p>SIA &#8220;GMS Studio&#8221; apak\u0161z\u012bmols\u00a0<strong>&#8220;BERBE&#8221;<\/strong><\/p>\n<p>Pils iela 16, Al\u016bksne<\/p>\n<p>Solvita &#8211; 29139298<\/p>\n<p>E-pasts: <a href=\"mailto:gmsstudio.sia@gmail.com\">gmsstudio.sia@gmail.com<\/a><\/p>\n<p>Instagram:\u00a0<a href=\"https:\/\/www.instagram.com\/berbe_aluksne\/\">https:\/\/www.instagram.com\/berbe_aluksne\/<\/a>\u00a0<\/p>\n<p>Individu\u0101li \u0161\u016bts ap\u0123\u0113rbs b\u0113rniem no dab\u012bga auduma.\u00a0<\/p>\n<\/td>\n<td style=\"width: 24.3561%;\" width=\"269\"><img loading=\"lazy\" decoding=\"async\" class=\"wp-image-48169 size-thumbnail alignleft\" src=\"https:\/\/aluksne.lv\/wp-content\/uploads\/2024\/03\/BERBE_logo-150x150.png\" alt=\"\" width=\"150\" height=\"150\" srcset=\"https:\/\/aluksne.lv\/wp-content\/uploads\/2024\/03\/BERBE_logo-150x150.png 150w, https:\/\/aluksne.lv\/wp-content\/uploads\/2024\/03\/BERBE_logo-60x60.png 60w, https:\/\/aluksne.lv\/wp-content\/uploads\/2024\/03\/BERBE_logo-375x375.png 375w\" sizes=\"auto, (max-width: 150px) 100vw, 150px\" \/><\/td>\n<\/tr>\n<\/tbody>\n<\/table>\n","protected":false},"excerpt":{"rendered":"<p>SIA &#8220;GMS Studio&#8221;\u00a0 Pils iela 16, Al\u016bksne Solvita &#8211; 29139298 E-pasts: gmsstudio.sia@gmail.com Instagram:\u00a0https:\/\/www.instagram.com\/gms_studio_aluksne\/\u00a0 Facebook:\u00a0https:\/\/www.facebook.com\/gmsstudioaluksne\/ \u0160\u016b\u0161anas pakalpojumi, individu\u0101l\u0101 \u0161\u016b\u0161ana, \u0161\u016b\u0161anas kursi, audumu veikals. SIA &#8220;GMS Studio&#8221; apak\u0161z\u012bmols\u00a0&#8220;BERBE&#8221; Pils iela 16, Al\u016bksne Solvita &#8211; 29139298 E-pasts: gmsstudio.sia@gmail.com Instagram:\u00a0https:\/\/www.instagram.com\/berbe_aluksne\/\u00a0 Individu\u0101li \u0161\u016bts ap\u0123\u0113rbs b\u0113rniem&#8230;<br \/><a class=\"read-more-button\" href=\"https:\/\/aluksne.lv\/index.php\/uznemejdarbiba\/informacija-par-uznemejiem\/susana-apgerbi\/\">Las\u012bt visu<\/a><\/p>\n","protected":false},"author":3,"featured_media":0,"parent":471,"menu_order":0,"comment_status":"closed","ping_status":"closed","template":"","meta":{"_crdt_document":"","_monsterinsights_skip_tracking":false,"_monsterinsights_sitenote_active":false,"_monsterinsights_sitenote_note":"","_monsterinsights_sitenote_category":0,"footnotes":"","_links_to":"","_links_to_target":""},"class_list":["post-48165","page","type-page","status-publish","hentry"],"_links":{"self":[{"href":"https:\/\/aluksne.lv\/index.php\/wp-json\/wp\/v2\/pages\/48165","targetHints":{"allow":["GET"]}}],"collection":[{"href":"https:\/\/aluksne.lv\/index.php\/wp-json\/wp\/v2\/pages"}],"about":[{"href":"https:\/\/aluksne.lv\/index.php\/wp-json\/wp\/v2\/types\/page"}],"author":[{"embeddable":true,"href":"https:\/\/aluksne.lv\/index.php\/wp-json\/wp\/v2\/users\/3"}],"replies":[{"embeddable":true,"href":"https:\/\/aluksne.lv\/index.php\/wp-json\/wp\/v2\/comments?post=48165"}],"version-history":[{"count":0,"href":"https:\/\/aluksne.lv\/index.php\/wp-json\/wp\/v2\/pages\/48165\/revisions"}],"up":[{"embeddable":true,"href":"https:\/\/aluksne.lv\/index.php\/wp-json\/wp\/v2\/pages\/471"}],"wp:attachment":[{"href":"https:\/\/aluksne.lv\/index.php\/wp-json\/wp\/v2\/media?parent=48165"}],"curies":[{"name":"wp","href":"https:\/\/api.w.org\/{rel}","templated":true}]}}