{"id":48862,"date":"2024-05-02T08:19:44","date_gmt":"2024-05-02T05:19:44","guid":{"rendered":"https:\/\/aluksne.lv\/?page_id=48862"},"modified":"2025-11-25T09:58:02","modified_gmt":"2025-11-25T07:58:02","slug":"feldserpunkti","status":"publish","type":"page","link":"https:\/\/aluksne.lv\/index.php\/sabiedriba\/veselibas-aprupe\/feldserpunkti\/","title":{"rendered":"Feld\u0161erpunkti"},"content":{"rendered":"<div id=\"pl-48862\"  class=\"panel-layout\" ><div id=\"pg-48862-0\"  class=\"panel-grid panel-no-style\" ><div id=\"pgc-48862-0-0\"  class=\"panel-grid-cell\" ><div id=\"panel-48862-0-0-0\" class=\"so-panel widget widget_sow-editor panel-first-child\" data-index=\"0\" ><div\n\t\t\t\n\t\t\tclass=\"so-widget-sow-editor so-widget-sow-editor-base\"\n\t\t\t\n\t\t>\n<div class=\"siteorigin-widget-tinymce textwidget\">\n\t<p>&nbsp;<\/p>\n<p>No 2024. gada 1. maija noteikta jauna maksa par Al\u016bksnes novada Soci\u0101lo lietu p\u0101rvaldes feld\u0161eru-vecm\u0101\u0161u punkta, feld\u0161eru punkta un lauku ambulances sniegto vesel\u012bbas apr\u016bpes pakalpojumu. Maksas apstiprin\u0101tas ar 2024. gada 25. apr\u012b\u013ca domes s\u0113des l\u0113mumu Nr.127 <a href=\"https:\/\/aluksne.lv\/wp-content\/uploads\/2024\/05\/FVP.docx\">\"Par vesel\u012bbas apr\u016bpes pakalpojumu maksas noteik\u0161anu\"<\/a>.<\/p>\n<\/div>\n<\/div><\/div><div id=\"panel-48862-0-0-1\" class=\"so-panel widget widget_sow-accordion panel-last-child\" data-index=\"1\" ><div\n\t\t\t\n\t\t\tclass=\"so-widget-sow-accordion so-widget-sow-accordion-default-f5f8c7a6ac3a-48862\"\n\t\t\t\n\t\t><div>\n\t<div class=\"sow-accordion\">\n\t\t\t<div class=\"sow-accordion-panel\n\t\t\t\t\t\"\n\t\t\t\tdata-anchor-id=\"alsviku-feldseru-vecmasu-punkts\">\n\t\t\t\t\t<div class=\"sow-accordion-panel-header-container\" role=\"heading\" aria-level=\"2\">\n\t\t\t\t\t<div class=\"sow-accordion-panel-header\" tabindex=\"0\" role=\"button\" id=\"accordion-label-alsvi%c4%b7u-feld%c5%a1eru-%e2%80%93-vecm%c4%81%c5%a1u-punkts\" aria-controls=\"accordion-content-alsvi%c4%b7u-feld%c5%a1eru-%e2%80%93-vecm%c4%81%c5%a1u-punkts\" aria-expanded=\"false\">\n\t\t\t\t\t\t<div class=\"sow-accordion-title sow-accordion-title-icon-left\">\n\t\t\t\t\t\t\t\t\t\t\t\t\t\tAlsvi\u0137u feld\u0161eru \u2013 vecm\u0101\u0161u punkts\t\t\t\t\t\t\t\t\t\t\t\t\t<\/div>\n\t\t\t\t\t\t<div class=\"sow-accordion-open-close-button\">\n\t\t\t\t\t\t\t<div class=\"sow-accordion-open-button\">\n\t\t\t\t\t\t\t\t<span class=\"sow-icon-ionicons\" data-sow-icon=\"&#xf218;\"\n\t\t \n\t\taria-hidden=\"true\"><\/span>\t\t\t\t\t\t\t<\/div>\n\t\t\t\t\t\t\t<div class=\"sow-accordion-close-button\">\n\t\t\t\t\t\t\t\t<span class=\"sow-icon-ionicons\" data-sow-icon=\"&#xf209;\"\n\t\t \n\t\taria-hidden=\"true\"><\/span>\t\t\t\t\t\t\t<\/div>\n\t\t\t\t\t\t<\/div>\n\t\t\t\t\t<\/div>\n\t\t\t\t<\/div>\n\n\t\t\t<div\n\t\t\t\tclass=\"sow-accordion-panel-content\"\n\t\t\t\trole=\"region\"\n\t\t\t\taria-labelledby=\"accordion-label-alsvi%c4%b7u-feld%c5%a1eru-%e2%80%93-vecm%c4%81%c5%a1u-punkts\"\n\t\t\t\tid=\"accordion-content-alsvi%c4%b7u-feld%c5%a1eru-%e2%80%93-vecm%c4%81%c5%a1u-punkts\"\n\t\t\t\tstyle=\"display: none;\"\t\t\t>\n\t\t\t\t<div class=\"sow-accordion-panel-border\">\n\t\t\t\t\t<p>Ambulator\u0101 dienesta \u0101rsta pal\u012bgs Ligita Podzi\u0146a<br \/>\nT\u0101lrunis: +371 26394745, e-pasts: ligita.podzina@aluksne.lv<br \/>\nAtra\u0161an\u0101s vieta: \u201cPagastnams\u201d, Alsvi\u0137i, Alsvi\u0137u pagasts, Al\u016bksnes novads<\/p>\n<p><strong>Darba laiks:<\/strong><br \/>\nPirmdiena 08.00-12.00<br \/>\nOtrdiena\u00a0\u00a0\u00a0 08.00-16.00<br \/>\nTre\u0161diena\u00a0\u00a0 08.00-12.00<br \/>\nPiektdiena\u00a0 08.00-12.00<br \/>\n<strong><br \/>\nPacientu pie\u0146em\u0161anas laiks:<\/strong><br \/>\nPirmdiena\u00a0\u00a0\u00a0 08.00-12.00<br \/>\nOtrdiena\u00a0\u00a0\u00a0\u00a0\u00a0 08.30-13.30<br \/>\nTre\u0161diena\u00a0 \u00a0 08.00-12.00<\/p>\n\t\t\t\t<\/div>\n\t\t\t<\/div>\n\t\t<\/div>\n\t\t\t<div class=\"sow-accordion-panel\n\t\t\t\t\t\"\n\t\t\t\tdata-anchor-id=\"ilzenes-feldseru-punkts\">\n\t\t\t\t\t<div class=\"sow-accordion-panel-header-container\" role=\"heading\" aria-level=\"2\">\n\t\t\t\t\t<div class=\"sow-accordion-panel-header\" tabindex=\"0\" role=\"button\" id=\"accordion-label-ilzenes-feld%c5%a1eru-punkts\" aria-controls=\"accordion-content-ilzenes-feld%c5%a1eru-punkts\" aria-expanded=\"false\">\n\t\t\t\t\t\t<div class=\"sow-accordion-title sow-accordion-title-icon-left\">\n\t\t\t\t\t\t\t\t\t\t\t\t\t\tIlzenes feld\u0161eru punkts\t\t\t\t\t\t\t\t\t\t\t\t\t<\/div>\n\t\t\t\t\t\t<div class=\"sow-accordion-open-close-button\">\n\t\t\t\t\t\t\t<div class=\"sow-accordion-open-button\">\n\t\t\t\t\t\t\t\t<span class=\"sow-icon-ionicons\" data-sow-icon=\"&#xf218;\"\n\t\t \n\t\taria-hidden=\"true\"><\/span>\t\t\t\t\t\t\t<\/div>\n\t\t\t\t\t\t\t<div class=\"sow-accordion-close-button\">\n\t\t\t\t\t\t\t\t<span class=\"sow-icon-ionicons\" data-sow-icon=\"&#xf209;\"\n\t\t \n\t\taria-hidden=\"true\"><\/span>\t\t\t\t\t\t\t<\/div>\n\t\t\t\t\t\t<\/div>\n\t\t\t\t\t<\/div>\n\t\t\t\t<\/div>\n\n\t\t\t<div\n\t\t\t\tclass=\"sow-accordion-panel-content\"\n\t\t\t\trole=\"region\"\n\t\t\t\taria-labelledby=\"accordion-label-ilzenes-feld%c5%a1eru-punkts\"\n\t\t\t\tid=\"accordion-content-ilzenes-feld%c5%a1eru-punkts\"\n\t\t\t\tstyle=\"display: none;\"\t\t\t>\n\t\t\t\t<div class=\"sow-accordion-panel-border\">\n\t\t\t\t\t<p>Ambulator\u0101 dienesta \u0101rsta pal\u012bgs Iluta Medne<\/p>\n<p>T\u0101lrunis: +371 25754382, e-pasts: iluta.medne@aluksne.lv<\/p>\n<p>Atra\u0161an\u0101s vieta: \u201cDailes\u201d, Jaunzemi, Ilzenes pagasts, Al\u016bksnes novads<\/p>\n<p>&nbsp;<\/p>\n<p><strong>Pacientu pie\u0146em\u0161anas laiks:<\/strong><\/p>\n<p>Tre\u0161dien\u00a0\u00a0\u00a0\u00a0\u00a0\u00a0\u00a0 09.00-13.00<\/p>\n\t\t\t\t<\/div>\n\t\t\t<\/div>\n\t\t<\/div>\n\t\t\t<div class=\"sow-accordion-panel\n\t\t\t\t\t\"\n\t\t\t\tdata-anchor-id=\"bejas-feldseru-vecmasu-punkts\">\n\t\t\t\t\t<div class=\"sow-accordion-panel-header-container\" role=\"heading\" aria-level=\"2\">\n\t\t\t\t\t<div class=\"sow-accordion-panel-header\" tabindex=\"0\" role=\"button\" id=\"accordion-label-bejas-feld%c5%a1eru-vecm%c4%81%c5%a1u-punkts\" aria-controls=\"accordion-content-bejas-feld%c5%a1eru-vecm%c4%81%c5%a1u-punkts\" aria-expanded=\"false\">\n\t\t\t\t\t\t<div class=\"sow-accordion-title sow-accordion-title-icon-left\">\n\t\t\t\t\t\t\t\t\t\t\t\t\t\tBejas feld\u0161eru - vecm\u0101\u0161u punkts\t\t\t\t\t\t\t\t\t\t\t\t\t<\/div>\n\t\t\t\t\t\t<div class=\"sow-accordion-open-close-button\">\n\t\t\t\t\t\t\t<div class=\"sow-accordion-open-button\">\n\t\t\t\t\t\t\t\t<span class=\"sow-icon-ionicons\" data-sow-icon=\"&#xf218;\"\n\t\t \n\t\taria-hidden=\"true\"><\/span>\t\t\t\t\t\t\t<\/div>\n\t\t\t\t\t\t\t<div class=\"sow-accordion-close-button\">\n\t\t\t\t\t\t\t\t<span class=\"sow-icon-ionicons\" data-sow-icon=\"&#xf209;\"\n\t\t \n\t\taria-hidden=\"true\"><\/span>\t\t\t\t\t\t\t<\/div>\n\t\t\t\t\t\t<\/div>\n\t\t\t\t\t<\/div>\n\t\t\t\t<\/div>\n\n\t\t\t<div\n\t\t\t\tclass=\"sow-accordion-panel-content\"\n\t\t\t\trole=\"region\"\n\t\t\t\taria-labelledby=\"accordion-label-bejas-feld%c5%a1eru-vecm%c4%81%c5%a1u-punkts\"\n\t\t\t\tid=\"accordion-content-bejas-feld%c5%a1eru-vecm%c4%81%c5%a1u-punkts\"\n\t\t\t\tstyle=\"display: none;\"\t\t\t>\n\t\t\t\t<div class=\"sow-accordion-panel-border\">\n\t\t\t\t\t<p>Ambulator\u0101 dienesta \u0101rsta pal\u012bgs \u0100rija Simanovi\u010da<br \/>\nT\u0101lrunis: +371 29398438, e-pasts: arija.simanovica@aluksne.lv<br \/>\nAtra\u0161an\u0101s vieta: \u201cR\u016b\u0137i\u201d, Beja, Jaunal\u016bksnes pagasts, Al\u016bksnes novads<\/p>\n<p><strong>Darba laiks:<\/strong><br \/>\nPirmdiena\u00a0\u00a0 08.00-16.00<br \/>\nTre\u0161dien\u00a0 \u00a0\u00a0\u00a0 08.00-16.00<br \/>\nPiektdiena\u00a0\u00a0 08.00-12.00<\/p>\n<p><strong>\u00a0<\/strong><\/p>\n<p><strong>Pacientu pie\u0146em\u0161anas laiks:<\/strong><br \/>\nPirmdiena 08.00-13.00<br \/>\nTre\u0161diena\u00a0 08.00-13.00<\/p>\n\t\t\t\t<\/div>\n\t\t\t<\/div>\n\t\t<\/div>\n\t\t\t<div class=\"sow-accordion-panel\n\t\t\t\t\t\"\n\t\t\t\tdata-anchor-id=\"kalncempju-feldseru-vecmasu-punkts\">\n\t\t\t\t\t<div class=\"sow-accordion-panel-header-container\" role=\"heading\" aria-level=\"2\">\n\t\t\t\t\t<div class=\"sow-accordion-panel-header\" tabindex=\"0\" role=\"button\" id=\"accordion-label-kalncempju-feld%c5%a1eru-vecm%c4%81%c5%a1u-punkts\" aria-controls=\"accordion-content-kalncempju-feld%c5%a1eru-vecm%c4%81%c5%a1u-punkts\" aria-expanded=\"false\">\n\t\t\t\t\t\t<div class=\"sow-accordion-title sow-accordion-title-icon-left\">\n\t\t\t\t\t\t\t\t\t\t\t\t\t\tKalncempju feld\u0161eru - vecm\u0101\u0161u punkts\t\t\t\t\t\t\t\t\t\t\t\t\t<\/div>\n\t\t\t\t\t\t<div class=\"sow-accordion-open-close-button\">\n\t\t\t\t\t\t\t<div class=\"sow-accordion-open-button\">\n\t\t\t\t\t\t\t\t<span class=\"sow-icon-ionicons\" data-sow-icon=\"&#xf218;\"\n\t\t \n\t\taria-hidden=\"true\"><\/span>\t\t\t\t\t\t\t<\/div>\n\t\t\t\t\t\t\t<div class=\"sow-accordion-close-button\">\n\t\t\t\t\t\t\t\t<span class=\"sow-icon-ionicons\" data-sow-icon=\"&#xf209;\"\n\t\t \n\t\taria-hidden=\"true\"><\/span>\t\t\t\t\t\t\t<\/div>\n\t\t\t\t\t\t<\/div>\n\t\t\t\t\t<\/div>\n\t\t\t\t<\/div>\n\n\t\t\t<div\n\t\t\t\tclass=\"sow-accordion-panel-content\"\n\t\t\t\trole=\"region\"\n\t\t\t\taria-labelledby=\"accordion-label-kalncempju-feld%c5%a1eru-vecm%c4%81%c5%a1u-punkts\"\n\t\t\t\tid=\"accordion-content-kalncempju-feld%c5%a1eru-vecm%c4%81%c5%a1u-punkts\"\n\t\t\t\tstyle=\"display: none;\"\t\t\t>\n\t\t\t\t<div class=\"sow-accordion-panel-border\">\n\t\t\t\t\t<p>Ambulator\u0101 dienesta \u0101rsta pal\u012bgs M\u0101r\u012bte V\u0113rse<br \/>\nT\u0101lrunis: +371 26456340<br \/>\nAtra\u0161an\u0101s vieta: \u201cCempji - 2\u201d, Kalncempji, Kalncempju pagasts, Al\u016bksnes novads<\/p>\n<p><strong>Darba laiks:<\/strong><br \/>\nTre\u0161diena\u00a0 09.00-12.00<\/p>\n<p>13.00-20.00<\/p>\n\t\t\t\t<\/div>\n\t\t\t<\/div>\n\t\t<\/div>\n\t\t\t<div class=\"sow-accordion-panel\n\t\t\t\t\t\"\n\t\t\t\tdata-anchor-id=\"markalnes-feldseru-punkts\">\n\t\t\t\t\t<div class=\"sow-accordion-panel-header-container\" role=\"heading\" aria-level=\"2\">\n\t\t\t\t\t<div class=\"sow-accordion-panel-header\" tabindex=\"0\" role=\"button\" id=\"accordion-label-m%c4%81rkalnes-feld%c5%a1eru-punkts\" aria-controls=\"accordion-content-m%c4%81rkalnes-feld%c5%a1eru-punkts\" aria-expanded=\"false\">\n\t\t\t\t\t\t<div class=\"sow-accordion-title sow-accordion-title-icon-left\">\n\t\t\t\t\t\t\t\t\t\t\t\t\t\tM\u0101rkalnes feld\u0161eru punkts\t\t\t\t\t\t\t\t\t\t\t\t\t<\/div>\n\t\t\t\t\t\t<div class=\"sow-accordion-open-close-button\">\n\t\t\t\t\t\t\t<div class=\"sow-accordion-open-button\">\n\t\t\t\t\t\t\t\t<span class=\"sow-icon-ionicons\" data-sow-icon=\"&#xf218;\"\n\t\t \n\t\taria-hidden=\"true\"><\/span>\t\t\t\t\t\t\t<\/div>\n\t\t\t\t\t\t\t<div class=\"sow-accordion-close-button\">\n\t\t\t\t\t\t\t\t<span class=\"sow-icon-ionicons\" data-sow-icon=\"&#xf209;\"\n\t\t \n\t\taria-hidden=\"true\"><\/span>\t\t\t\t\t\t\t<\/div>\n\t\t\t\t\t\t<\/div>\n\t\t\t\t\t<\/div>\n\t\t\t\t<\/div>\n\n\t\t\t<div\n\t\t\t\tclass=\"sow-accordion-panel-content\"\n\t\t\t\trole=\"region\"\n\t\t\t\taria-labelledby=\"accordion-label-m%c4%81rkalnes-feld%c5%a1eru-punkts\"\n\t\t\t\tid=\"accordion-content-m%c4%81rkalnes-feld%c5%a1eru-punkts\"\n\t\t\t\tstyle=\"display: none;\"\t\t\t>\n\t\t\t\t<div class=\"sow-accordion-panel-border\">\n\t\t\t\t\t<p>Ambulator\u0101 dienesta \u0101rsta pal\u012bgs \u0100rija Simanovi\u010da<br \/>\nT\u0101lrunis: +371 29398438, e-pasts: arija.simanovica@aluksne.lv<br \/>\nAtra\u0161an\u0101s vieta: \u2018P\u016bc\u012bte\u201d, M\u0101rkalne, M\u0101rkalnes pagasts, Al\u016bksnes novads<br \/>\n<strong><br \/>\nDarba laiks:<\/strong><br \/>\nOtrdiena\u00a0\u00a0\u00a0\u00a0\u00a0 08.00-13.00<br \/>\nCeturtdiena\u00a0 08.00-13.00<\/p>\n<p><strong>\u00a0<\/strong><\/p>\n<p><strong>Pacientu pie\u0146em\u0161anas laiks:<\/strong><br \/>\nOtrdiena\u00a0\u00a0\u00a0\u00a0\u00a0\u00a0 08.00-16.00<br \/>\nCeturtdiena\u00a0 08.00-16.00<br \/>\nPiektdiena\u00a0\u00a0\u00a0 12.30-16.30<\/p>\n\t\t\t\t<\/div>\n\t\t\t<\/div>\n\t\t<\/div>\n\t\t\t<div class=\"sow-accordion-panel\n\t\t\t\t\t\"\n\t\t\t\tdata-anchor-id=\"strautinu-feldseru-vecmasu-punkts\">\n\t\t\t\t\t<div class=\"sow-accordion-panel-header-container\" role=\"heading\" aria-level=\"2\">\n\t\t\t\t\t<div class=\"sow-accordion-panel-header\" tabindex=\"0\" role=\"button\" id=\"accordion-label-strauti%c5%86u-feld%c5%a1eru-vecm%c4%81%c5%a1u-punkts\" aria-controls=\"accordion-content-strauti%c5%86u-feld%c5%a1eru-vecm%c4%81%c5%a1u-punkts\" aria-expanded=\"false\">\n\t\t\t\t\t\t<div class=\"sow-accordion-title sow-accordion-title-icon-left\">\n\t\t\t\t\t\t\t\t\t\t\t\t\t\tStrauti\u0146u feld\u0161eru - vecm\u0101\u0161u punkts\t\t\t\t\t\t\t\t\t\t\t\t\t<\/div>\n\t\t\t\t\t\t<div class=\"sow-accordion-open-close-button\">\n\t\t\t\t\t\t\t<div class=\"sow-accordion-open-button\">\n\t\t\t\t\t\t\t\t<span class=\"sow-icon-ionicons\" data-sow-icon=\"&#xf218;\"\n\t\t \n\t\taria-hidden=\"true\"><\/span>\t\t\t\t\t\t\t<\/div>\n\t\t\t\t\t\t\t<div class=\"sow-accordion-close-button\">\n\t\t\t\t\t\t\t\t<span class=\"sow-icon-ionicons\" data-sow-icon=\"&#xf209;\"\n\t\t \n\t\taria-hidden=\"true\"><\/span>\t\t\t\t\t\t\t<\/div>\n\t\t\t\t\t\t<\/div>\n\t\t\t\t\t<\/div>\n\t\t\t\t<\/div>\n\n\t\t\t<div\n\t\t\t\tclass=\"sow-accordion-panel-content\"\n\t\t\t\trole=\"region\"\n\t\t\t\taria-labelledby=\"accordion-label-strauti%c5%86u-feld%c5%a1eru-vecm%c4%81%c5%a1u-punkts\"\n\t\t\t\tid=\"accordion-content-strauti%c5%86u-feld%c5%a1eru-vecm%c4%81%c5%a1u-punkts\"\n\t\t\t\tstyle=\"display: none;\"\t\t\t>\n\t\t\t\t<div class=\"sow-accordion-panel-border\">\n\t\t\t\t\t<p>Ambulator\u0101 dienesta \u0101rsta pal\u012bgs Ligita Podzi\u0146a<br \/>\nT\u0101lrunis: +371 26394745, e-pasts: ligita.podzina@aluksne.lv<br \/>\nAtra\u0161an\u0101s vieta: \u201cZemen\u012bte\u201d, Strauti\u0146i, Alsvi\u0137u pagasts, Al\u016bksnes novads<\/p>\n<p><strong>Darba laiks:<\/strong><br \/>\nPirmdiena\u00a0\u00a0 13.00-17.00<br \/>\nTre\u0161diena\u00a0 \u00a0 13.00-17.00<br \/>\nCeturtdiena 08.00-16.00<br \/>\nPiektdiena\u00a0\u00a0 13.00-17.00<\/p>\n<p><strong>\u00a0<\/strong><\/p>\n<p><strong>Pacientu pie\u0146em\u0161anas laiks:<\/strong><br \/>\nPirmdiena\u00a0\u00a0\u00a0 13.00-16.00<br \/>\nCeturtdiena\u00a0 09.00-15.00<\/p>\n\t\t\t\t<\/div>\n\t\t\t<\/div>\n\t\t<\/div>\n\t\t\t<div class=\"sow-accordion-panel\n\t\t\t\t\t\"\n\t\t\t\tdata-anchor-id=\"pededzes-lauku-ambulance\">\n\t\t\t\t\t<div class=\"sow-accordion-panel-header-container\" role=\"heading\" aria-level=\"2\">\n\t\t\t\t\t<div class=\"sow-accordion-panel-header\" tabindex=\"0\" role=\"button\" id=\"accordion-label-pededzes-lauku-ambulance\" aria-controls=\"accordion-content-pededzes-lauku-ambulance\" aria-expanded=\"false\">\n\t\t\t\t\t\t<div class=\"sow-accordion-title sow-accordion-title-icon-left\">\n\t\t\t\t\t\t\t\t\t\t\t\t\t\tPededzes lauku ambulance\t\t\t\t\t\t\t\t\t\t\t\t\t<\/div>\n\t\t\t\t\t\t<div class=\"sow-accordion-open-close-button\">\n\t\t\t\t\t\t\t<div class=\"sow-accordion-open-button\">\n\t\t\t\t\t\t\t\t<span class=\"sow-icon-ionicons\" data-sow-icon=\"&#xf218;\"\n\t\t \n\t\taria-hidden=\"true\"><\/span>\t\t\t\t\t\t\t<\/div>\n\t\t\t\t\t\t\t<div class=\"sow-accordion-close-button\">\n\t\t\t\t\t\t\t\t<span class=\"sow-icon-ionicons\" data-sow-icon=\"&#xf209;\"\n\t\t \n\t\taria-hidden=\"true\"><\/span>\t\t\t\t\t\t\t<\/div>\n\t\t\t\t\t\t<\/div>\n\t\t\t\t\t<\/div>\n\t\t\t\t<\/div>\n\n\t\t\t<div\n\t\t\t\tclass=\"sow-accordion-panel-content\"\n\t\t\t\trole=\"region\"\n\t\t\t\taria-labelledby=\"accordion-label-pededzes-lauku-ambulance\"\n\t\t\t\tid=\"accordion-content-pededzes-lauku-ambulance\"\n\t\t\t\tstyle=\"display: none;\"\t\t\t>\n\t\t\t\t<div class=\"sow-accordion-panel-border\">\n\t\t\t\t\t<p>Ambulator\u0101 dienesta \u0101rsta pal\u012bgs Ginta Pried\u012bte<br \/>\nT\u0101lrunis: +371 64324334, +371 22114042, e-pasts: ginta.priedite@aluksne.lv<br \/>\nAtra\u0161an\u0101s vieta: \u201cKrustceles\u201d, Pededze, Pededzes pagasts, Al\u016bksnes novads<\/p>\n<p><strong>Darba laiks:<\/strong><br \/>\nPirmdiena\u00a0\u00a0 08.00-16.30<br \/>\nOtrdiena\u00a0\u00a0\u00a0\u00a0\u00a0 09.00-12.00<br \/>\nTre\u0161diena\u00a0 \u00a0 08.00-16.30<\/p>\n\t\t\t\t<\/div>\n\t\t\t<\/div>\n\t\t<\/div>\n\t\t<\/div>\n<\/div>\n<\/div><\/div><\/div><\/div><\/div>","protected":false},"excerpt":{"rendered":"<p>&nbsp; No 2024. gada 1. maija noteikta jauna maksa par Al\u016bksnes novada Soci\u0101lo lietu p\u0101rvaldes feld\u0161eru-vecm\u0101\u0161u punkta, feld\u0161eru punkta un lauku ambulances sniegto vesel\u012bbas apr\u016bpes pakalpojumu. Maksas apstiprin\u0101tas ar 2024. gada 25. apr\u012b\u013ca domes s\u0113des l\u0113mumu Nr.127 &#8220;Par vesel\u012bbas apr\u016bpes&#8230;<br \/><a class=\"read-more-button\" href=\"https:\/\/aluksne.lv\/index.php\/sabiedriba\/veselibas-aprupe\/feldserpunkti\/\">Las\u012bt visu<\/a><\/p>\n","protected":false},"author":1,"featured_media":0,"parent":431,"menu_order":0,"comment_status":"closed","ping_status":"closed","template":"","meta":{"_crdt_document":"","_monsterinsights_skip_tracking":false,"_monsterinsights_sitenote_active":false,"_monsterinsights_sitenote_note":"","_monsterinsights_sitenote_category":0,"footnotes":"","_links_to":"","_links_to_target":""},"class_list":["post-48862","page","type-page","status-publish","hentry"],"_links":{"self":[{"href":"https:\/\/aluksne.lv\/index.php\/wp-json\/wp\/v2\/pages\/48862","targetHints":{"allow":["GET"]}}],"collection":[{"href":"https:\/\/aluksne.lv\/index.php\/wp-json\/wp\/v2\/pages"}],"about":[{"href":"https:\/\/aluksne.lv\/index.php\/wp-json\/wp\/v2\/types\/page"}],"author":[{"embeddable":true,"href":"https:\/\/aluksne.lv\/index.php\/wp-json\/wp\/v2\/users\/1"}],"replies":[{"embeddable":true,"href":"https:\/\/aluksne.lv\/index.php\/wp-json\/wp\/v2\/comments?post=48862"}],"version-history":[{"count":0,"href":"https:\/\/aluksne.lv\/index.php\/wp-json\/wp\/v2\/pages\/48862\/revisions"}],"up":[{"embeddable":true,"href":"https:\/\/aluksne.lv\/index.php\/wp-json\/wp\/v2\/pages\/431"}],"wp:attachment":[{"href":"https:\/\/aluksne.lv\/index.php\/wp-json\/wp\/v2\/media?parent=48862"}],"curies":[{"name":"wp","href":"https:\/\/api.w.org\/{rel}","templated":true}]}}