{"id":489,"date":"2016-03-16T06:22:28","date_gmt":"2016-03-16T06:22:28","guid":{"rendered":"http:\/\/aluksne.lv\/jauna1\/?page_id=489"},"modified":"2017-12-12T10:45:50","modified_gmt":"2017-12-12T10:45:50","slug":"pagasti","status":"publish","type":"page","link":"https:\/\/aluksne.lv\/index.php\/novads\/pagasti\/","title":{"rendered":"Pagasti"},"content":{"rendered":"<table class=\"hoverTable\">\n<tr>\n<td width=33%><a href=\"index.php\/novads\/alsviki\/\">ALSVI\u0136I<\/a><\/td>\n<td width=33%> <a href=\"index.php\/novads\/anna\/\">ANNA<\/a><\/td>\n<td width=33%> <a href=\"index.php\/novads\/ilzene\/\">ILZENE<\/a><\/td>\n<\/tr>\n<tr>\n<td width=33%><a href=\"index.php\/novads\/jaunaluksne\/\">JAUNAL\u016aKSNE<\/a><\/td>\n<td width=33%><a href=\"index.php\/novads\/jaunanna\/\">JAUNANNA<\/a><\/td>\n<td width=33%><a href=\"index.php\/novads\/jaunlaicene\/\">JAUNLAICENE<\/a><\/td>\n<\/tr>\n<tr>\n<td width=33%><a href=\"index.php\/novads\/kalncempji\/\">KALNCEMPJI<\/a><\/td>\n<td width=33%><a href=\"index.php\/novads\/liepna\/\">LIEPNA<\/a><\/td>\n<td width=33%><a href=\"index.php\/novads\/maliena\/\">MALIENA<\/a><\/td>\n<\/tr>\n<tr>\n<td width=33%><a href=\"index.php\/novads\/malupe\/\">M\u0100LUPE<\/a><\/td>\n<td width=33%><a href=\"index.php\/novads\/markalne\/\">M\u0100RKALNE<\/a><\/td>\n<td width=33%><a href=\"index.php\/novads\/pededze\/\">PEDEDZE<\/a><\/td>\n<\/tr>\n<tr>\n<td width=33%><a href=\"index.php\/novads\/veclaicene\/\">VECLAICENE<\/a><\/td>\n<td width=33%><a href=\"index.php\/novads\/zeltini\/\">ZELTI\u0145I<\/a><\/td>\n<td width=33%><a href=\"index.php\/novads\/ziemeri\/\">ZIEMERI<\/a><\/td>\n<\/tr>\n<\/table>\n","protected":false},"excerpt":{"rendered":"<p>ALSVI\u0136I ANNA ILZENE JAUNAL\u016aKSNE JAUNANNA JAUNLAICENE KALNCEMPJI LIEPNA MALIENA M\u0100LUPE M\u0100RKALNE PEDEDZE VECLAICENE ZELTI\u0145I ZIEMERI<\/p>\n","protected":false},"author":1,"featured_media":0,"parent":4,"menu_order":0,"comment_status":"closed","ping_status":"closed","template":"","meta":{"_crdt_document":"","_monsterinsights_skip_tracking":false,"_monsterinsights_sitenote_active":false,"_monsterinsights_sitenote_note":"","_monsterinsights_sitenote_category":0,"footnotes":"","_links_to":"","_links_to_target":""},"class_list":["post-489","page","type-page","status-publish","hentry"],"_links":{"self":[{"href":"https:\/\/aluksne.lv\/index.php\/wp-json\/wp\/v2\/pages\/489","targetHints":{"allow":["GET"]}}],"collection":[{"href":"https:\/\/aluksne.lv\/index.php\/wp-json\/wp\/v2\/pages"}],"about":[{"href":"https:\/\/aluksne.lv\/index.php\/wp-json\/wp\/v2\/types\/page"}],"author":[{"embeddable":true,"href":"https:\/\/aluksne.lv\/index.php\/wp-json\/wp\/v2\/users\/1"}],"replies":[{"embeddable":true,"href":"https:\/\/aluksne.lv\/index.php\/wp-json\/wp\/v2\/comments?post=489"}],"version-history":[{"count":0,"href":"https:\/\/aluksne.lv\/index.php\/wp-json\/wp\/v2\/pages\/489\/revisions"}],"up":[{"embeddable":true,"href":"https:\/\/aluksne.lv\/index.php\/wp-json\/wp\/v2\/pages\/4"}],"wp:attachment":[{"href":"https:\/\/aluksne.lv\/index.php\/wp-json\/wp\/v2\/media?parent=489"}],"curies":[{"name":"wp","href":"https:\/\/api.w.org\/{rel}","templated":true}]}}