{"id":49033,"date":"2024-05-09T13:26:20","date_gmt":"2024-05-09T10:26:20","guid":{"rendered":"https:\/\/aluksne.lv\/?page_id=49033"},"modified":"2025-06-27T08:16:40","modified_gmt":"2025-06-27T05:16:40","slug":"informacija-par-komiteju-sastavu-ieprieksejos-domes-sasaukumos","status":"publish","type":"page","link":"https:\/\/aluksne.lv\/index.php\/pasvaldiba\/par-aluksnes-novada-domes-darbu\/komitejas\/informacija-par-komiteju-sastavu-ieprieksejos-domes-sasaukumos\/","title":{"rendered":"Inform\u0101cija par komiteju sast\u0101vu iepriek\u0161\u0113jos domes sasaukumos"},"content":{"rendered":"<div id=\"pl-49033\"  class=\"panel-layout\" ><div id=\"pg-49033-0\"  class=\"panel-grid panel-no-style\" ><div id=\"pgc-49033-0-0\"  class=\"panel-grid-cell\" ><div id=\"panel-49033-0-0-0\" class=\"so-panel widget widget_sow-editor panel-first-child\" data-index=\"0\" ><div\n\t\t\t\n\t\t\tclass=\"so-widget-sow-editor so-widget-sow-editor-base\"\n\t\t\t\n\t\t>\n<div class=\"siteorigin-widget-tinymce textwidget\">\n\t<\/div>\n<\/div><\/div><div id=\"panel-49033-0-0-1\" class=\"so-panel widget widget_sow-accordion panel-last-child\" data-index=\"1\" ><div\n\t\t\t\n\t\t\tclass=\"so-widget-sow-accordion so-widget-sow-accordion-default-830bc02ccfb7-49033\"\n\t\t\t\n\t\t><div>\n\t<div class=\"sow-accordion\">\n\t\t\t<div class=\"sow-accordion-panel\n\t\t\t\t\t\"\n\t\t\t\tdata-anchor-id=\"2021-2025-gada-sasaukums\">\n\t\t\t\t\t<div class=\"sow-accordion-panel-header-container\" role=\"heading\" aria-level=\"2\">\n\t\t\t\t\t<div class=\"sow-accordion-panel-header\" tabindex=\"0\" role=\"button\" id=\"accordion-label-2021-2025-gada-sasaukums\" aria-controls=\"accordion-content-2021-2025-gada-sasaukums\" aria-expanded=\"false\">\n\t\t\t\t\t\t<div class=\"sow-accordion-title sow-accordion-title-icon-left\">\n\t\t\t\t\t\t\t\t\t\t\t\t\t\t2021.-2025. GADA SASAUKUMS\t\t\t\t\t\t\t\t\t\t\t\t\t<\/div>\n\t\t\t\t\t\t<div class=\"sow-accordion-open-close-button\">\n\t\t\t\t\t\t\t<div class=\"sow-accordion-open-button\">\n\t\t\t\t\t\t\t\t<span class=\"sow-icon-ionicons\" data-sow-icon=\"&#xf218;\"\n\t\t \n\t\taria-hidden=\"true\"><\/span>\t\t\t\t\t\t\t<\/div>\n\t\t\t\t\t\t\t<div class=\"sow-accordion-close-button\">\n\t\t\t\t\t\t\t\t<span class=\"sow-icon-ionicons\" data-sow-icon=\"&#xf209;\"\n\t\t \n\t\taria-hidden=\"true\"><\/span>\t\t\t\t\t\t\t<\/div>\n\t\t\t\t\t\t<\/div>\n\t\t\t\t\t<\/div>\n\t\t\t\t<\/div>\n\n\t\t\t<div\n\t\t\t\tclass=\"sow-accordion-panel-content\"\n\t\t\t\trole=\"region\"\n\t\t\t\taria-labelledby=\"accordion-label-2021-2025-gada-sasaukums\"\n\t\t\t\tid=\"accordion-content-2021-2025-gada-sasaukums\"\n\t\t\t\tstyle=\"display: none;\"\t\t\t>\n\t\t\t\t<div class=\"sow-accordion-panel-border\">\n\t\t\t\t\t<p><strong>L\u012aDZ 2021. GADA 29. J\u016aLIJAM<\/strong><\/p>\n<p><strong>Finan\u0161u komiteja<\/strong><\/p>\n<p>Dzintars ADLERS,<br \/>\nArturs DUKULIS,<br \/>\nAivars FOMINS,<br \/>\nL\u012bga LANGRATE<br \/>\nJ\u0101nis SADOV\u0145IKOVS,<br \/>\nJ\u0101nis SKULTE,<br \/>\nDruvis TOMSONS.<\/p>\n<p><strong>Tautsaimniec\u012bbas komiteja<\/strong><\/p>\n<p>Druvis TOMSONS,<br \/>\nModris LAZDEKALNS,<br \/>\nIlze L\u012aVI\u0145A,<br \/>\nDruvis MUCENIEKS,<br \/>\nModris RA\u010cIKS<br \/>\nJ\u0101nis SADOV\u0145IKOVS,<br \/>\nJ\u0101nis SKULTE.<\/p>\n<p><strong>Soci\u0101l\u0101, izgl\u012bt\u012bbas un kult\u016bras komiteja<\/strong><\/p>\n<p>L\u012bga LANGRATE,<br \/>\nArt\u016brs GR\u012aNBERGS,<br \/>\nElita LAIVA,<br \/>\nIlze L\u012aVI\u0145A,<br \/>\nVerners KAL\u0112JS<br \/>\nMaruta KAULI\u0145A,<br \/>\nModris RA\u010cIKS.<\/p>\n<p><strong>NO 2021. GADA 29. J\u016aLIJA<\/strong><\/p>\n<p><strong>Finan\u0161u komiteja<\/strong><\/p>\n<p>Dzintars ADLERS,<br \/>\nArturs DUKULIS,<br \/>\nAivars FOMINS,<br \/>\nL\u012bga LANGRATE<br \/>\nModris LAZDEKALNS,<br \/>\nJ\u0101nis SADOV\u0145IKOVS,<br \/>\nJ\u0101nis SKULTE,<br \/>\nDruvis TOMSONS.<\/p>\n<p><strong>Tautsaimniec\u012bbas komiteja<\/strong><\/p>\n<p>Druvis TOMSONS,<br \/>\nElita LAIVA (vi\u0146as viet\u0101 st\u0101jies Laimonis S\u012aPOLS)<br \/>\nModris LAZDEKALNS,<br \/>\nIlze L\u012aVI\u0145A,<br \/>\nDruvis MUCENIEKS,<br \/>\nModris RA\u010cIKS<br \/>\nJ\u0101nis SADOV\u0145IKOVS,<br \/>\nJ\u0101nis SKULTE.<\/p>\n<p><strong>Soci\u0101l\u0101, izgl\u012bt\u012bbas un kult\u016bras komiteja<\/strong><\/p>\n<p>L\u012bga LANGRATE,<br \/>\nArturs DUKULIS,<br \/>\nAivars FOMINS,<br \/>\nArt\u016brs GR\u012aNBERGS,<br \/>\nIlze L\u012aVI\u0145A,<br \/>\nVerners KAL\u0112JS<br \/>\nMaruta KAULI\u0145A,<br \/>\nModris RA\u010cIKS.<\/p>\n<p><strong>NO 2023. GADA 30. MARTA<\/strong><\/p>\n<p><strong>Finan\u0161u komiteja<\/strong><\/p>\n<p>Dzintars ADLERS,<br \/>\nArturs DUKULIS,<br \/>\nAivars FOMINS,<br \/>\nModris LAZDEKALNS,<br \/>\nModris RA\u010cIKS,<br \/>\nJ\u0101nis SADOV\u0145IKOVS,<br \/>\nJ\u0101nis SKULTE,<br \/>\nDruvis TOMSONS.<\/p>\n<p><strong>Tautsaimniec\u012bbas komiteja, no 05.04.2023. - Att\u012bst\u012bbas komiteja<\/strong><\/p>\n<p>Druvis TOMSONS,<br \/>\nVerners KAL\u0112JS,<br \/>\nModris LAZDEKALNS,<br \/>\nIlze L\u012aVI\u0145A,<br \/>\nDruvis MUCENIEKS,<br \/>\nJ\u0101nis SKULTE,<br \/>\nModris RA\u010cIKS,<br \/>\nLaimonis S\u012aPOLS,<\/p>\n<p><strong>Soci\u0101l\u0101, izgl\u012bt\u012bbas un kult\u016bras komiteja<\/strong><\/p>\n<p>L\u012bga LANGRATE,<br \/>\nDzintars ADLERS,<br \/>\nArturs DUKULIS,<br \/>\nAivars FOMINS,<br \/>\nArt\u016brs GR\u012aNBERGS,<br \/>\nMaruta KAULI\u0145A,<br \/>\nIlze L\u012aVI\u0145A,<br \/>\nJ\u0101nis SADOV\u0145IKOVS.<\/p>\n\t\t\t\t<\/div>\n\t\t\t<\/div>\n\t\t<\/div>\n\t\t\t<div class=\"sow-accordion-panel\n\t\t\t\t\t\"\n\t\t\t\tdata-anchor-id=\"2017-2021-gada-sasaukums\">\n\t\t\t\t\t<div class=\"sow-accordion-panel-header-container\" role=\"heading\" aria-level=\"2\">\n\t\t\t\t\t<div class=\"sow-accordion-panel-header\" tabindex=\"0\" role=\"button\" id=\"accordion-label-2017-2021-gada-sasaukums\" aria-controls=\"accordion-content-2017-2021-gada-sasaukums\" aria-expanded=\"false\">\n\t\t\t\t\t\t<div class=\"sow-accordion-title sow-accordion-title-icon-left\">\n\t\t\t\t\t\t\t\t\t\t\t\t\t\t2017.-2021. GADA SASAUKUMS\t\t\t\t\t\t\t\t\t\t\t\t\t<\/div>\n\t\t\t\t\t\t<div class=\"sow-accordion-open-close-button\">\n\t\t\t\t\t\t\t<div class=\"sow-accordion-open-button\">\n\t\t\t\t\t\t\t\t<span class=\"sow-icon-ionicons\" data-sow-icon=\"&#xf218;\"\n\t\t \n\t\taria-hidden=\"true\"><\/span>\t\t\t\t\t\t\t<\/div>\n\t\t\t\t\t\t\t<div class=\"sow-accordion-close-button\">\n\t\t\t\t\t\t\t\t<span class=\"sow-icon-ionicons\" data-sow-icon=\"&#xf209;\"\n\t\t \n\t\taria-hidden=\"true\"><\/span>\t\t\t\t\t\t\t<\/div>\n\t\t\t\t\t\t<\/div>\n\t\t\t\t\t<\/div>\n\t\t\t\t<\/div>\n\n\t\t\t<div\n\t\t\t\tclass=\"sow-accordion-panel-content\"\n\t\t\t\trole=\"region\"\n\t\t\t\taria-labelledby=\"accordion-label-2017-2021-gada-sasaukums\"\n\t\t\t\tid=\"accordion-content-2017-2021-gada-sasaukums\"\n\t\t\t\tstyle=\"display: none;\"\t\t\t>\n\t\t\t\t<div class=\"sow-accordion-panel-border\">\n\t\t\t\t\t<ol start=\"2017\">\n<li>gada 28. j\u016bnij\u0101 ar Al\u016bksnes novada domes l\u0113mumu Nr.188 \u201ePar deput\u0101tu iev\u0113l\u0113\u0161anu past\u0101v\u012bgaj\u0101s komitej\u0101s\u201d Al\u016bksnes novada domes komitej\u0101s iev\u0113l\u0113ti \u0161\u0101di deput\u0101ti:<\/li>\n<\/ol>\n<p><strong>\u00a0<\/strong><\/p>\n<p><strong>Finan\u0161u komiteja<\/strong><\/p>\n<p>Arturs DUKULIS<\/p>\n<p>Dzintars ADLERS<\/p>\n<p>Aivars FOMINS<\/p>\n<p>Ainars MELDERS<\/p>\n<p>L\u012bga LANGRATE<\/p>\n<p>Druvis MUCENIEKS<\/p>\n<p>Modris LAZDEKALNS<\/p>\n<p>&nbsp;<\/p>\n<p><strong>Tautsaimniec\u012bbas komiteja<\/strong><\/p>\n<p>Dzintars ADLERS<\/p>\n<p>Modris LAZDEKALNS<\/p>\n<p>Laimonis S\u012aPOLS<\/p>\n<p>Askolds ZELMENIS (l\u012bdz 29.10.2020. sakar\u0101 ar deput\u0101ta pilnvaru nolik\u0161anu uz laiku)<\/p>\n<p>J\u0101nis SKULTE (no 29.10.2020. sakar\u0101 ar Askolda ZELME\u0145A deput\u0101ta pilnvaru nolik\u0161anu uz laiku)<\/p>\n<p>Viola Aija KAPAR\u0160MITE<\/p>\n<p>Ainars MELDERS<\/p>\n<p>J\u0101nis ZELTI\u0145\u0160<\/p>\n<p>&nbsp;<\/p>\n<p><strong>Soci\u0101l\u0101, izgl\u012bt\u012bbas un kult\u016bras komiteja<\/strong><\/p>\n<p>Aivars FOMINS<\/p>\n<p>Druvis MUCENIEKS<\/p>\n<p>Maruta KAULI\u0145A<\/p>\n<p>Verners KAL\u0112JS<\/p>\n<p>M\u0101rti\u0146\u0161 AUGSTKALNIETIS<\/p>\n<p>J\u0101nis ZELTI\u0145\u0160<\/p>\n<p>Jana ZILKALNE (l\u012bdz 28.06.2017. un no 28.06.2018. sakar\u0101 ar deput\u0101ta pilnvaru atjauno\u0161anu)<\/p>\n<p>Druvis TOMSONS (no 10.07.2017. l\u012bdz 28.06.2018. sakar\u0101 ar Janas ZILKALNES deput\u0101ta pilnvaru atjauno\u0161anu)<\/p>\n\t\t\t\t<\/div>\n\t\t\t<\/div>\n\t\t<\/div>\n\t\t\t<div class=\"sow-accordion-panel\n\t\t\t\t\t\"\n\t\t\t\tdata-anchor-id=\"2013-2017-gada-sasaukums\">\n\t\t\t\t\t<div class=\"sow-accordion-panel-header-container\" role=\"heading\" aria-level=\"2\">\n\t\t\t\t\t<div class=\"sow-accordion-panel-header\" tabindex=\"0\" role=\"button\" id=\"accordion-label-2013-2017-gada-sasaukums\" aria-controls=\"accordion-content-2013-2017-gada-sasaukums\" aria-expanded=\"false\">\n\t\t\t\t\t\t<div class=\"sow-accordion-title sow-accordion-title-icon-left\">\n\t\t\t\t\t\t\t\t\t\t\t\t\t\t2013.-2017. GADA SASAUKUMS\t\t\t\t\t\t\t\t\t\t\t\t\t<\/div>\n\t\t\t\t\t\t<div class=\"sow-accordion-open-close-button\">\n\t\t\t\t\t\t\t<div class=\"sow-accordion-open-button\">\n\t\t\t\t\t\t\t\t<span class=\"sow-icon-ionicons\" data-sow-icon=\"&#xf218;\"\n\t\t \n\t\taria-hidden=\"true\"><\/span>\t\t\t\t\t\t\t<\/div>\n\t\t\t\t\t\t\t<div class=\"sow-accordion-close-button\">\n\t\t\t\t\t\t\t\t<span class=\"sow-icon-ionicons\" data-sow-icon=\"&#xf209;\"\n\t\t \n\t\taria-hidden=\"true\"><\/span>\t\t\t\t\t\t\t<\/div>\n\t\t\t\t\t\t<\/div>\n\t\t\t\t\t<\/div>\n\t\t\t\t<\/div>\n\n\t\t\t<div\n\t\t\t\tclass=\"sow-accordion-panel-content\"\n\t\t\t\trole=\"region\"\n\t\t\t\taria-labelledby=\"accordion-label-2013-2017-gada-sasaukums\"\n\t\t\t\tid=\"accordion-content-2013-2017-gada-sasaukums\"\n\t\t\t\tstyle=\"display: none;\"\t\t\t>\n\t\t\t\t<div class=\"sow-accordion-panel-border\">\n\t\t\t\t\t<ol start=\"2013\">\n<li>gada 27. j\u016bnij\u0101 ar Al\u016bksnes novada domes l\u0113mumu Nr.264 \u201ePar Al\u016bksnes novada domes past\u0101v\u012bgaj\u0101m komitej\u0101m\u201d izveidotas Al\u016bksnes novada domes komitejas \u0161\u0101d\u0101 deput\u0101tu sast\u0101v\u0101:<\/li>\n<\/ol>\n<p>&nbsp;<\/p>\n<p><strong>Finan\u0161u komiteja<\/strong>:<\/p>\n<p>Arturs DUKULIS<\/p>\n<p>Dzintars ADLERS<\/p>\n<p>J\u0101nis SADOV\u0145IKOVS<\/p>\n<p>Laimonis S\u012aPOLS<\/p>\n<p>Guntars \u0160VOLMANIS<\/p>\n<p>Ainars MELDERS<\/p>\n<p>Jana ZILKALNE (l\u012bdz 23.03.2017. sakar\u0101 ar deput\u0101ta pilnvaru nolik\u0161anu uz laiku)<\/p>\n<p>L\u012bga LANGRATE (no 23.03.2017. sakar\u0101 ar Janas ZILKALNES deput\u0101ta pilnvaru nolik\u0161anu uz laiku)<\/p>\n<p>&nbsp;<\/p>\n<p><strong>Tautsaimniec\u012bbas komiteja<\/strong>:<\/p>\n<p>Dzintars ADLERS<\/p>\n<p>Guntars \u0160VOLMANIS<\/p>\n<p>Andis ZARI\u0145\u0160<\/p>\n<p>Laimonis S\u012aPOLS<\/p>\n<p>Ainars MELDERS<\/p>\n<p>Modris LAZDEKALNS<\/p>\n<p>Viola Aija KAPAR\u0160MITE<\/p>\n<p>&nbsp;<\/p>\n<p><strong>Soci\u0101l\u0101, izgl\u012bt\u012bbas un kult\u016bras komiteja<\/strong>:<\/p>\n<p>Aivars FOMINS<\/p>\n<p>Elita LAIVA<\/p>\n<p>Askolds ZELMENIS<\/p>\n<p>Jana ZILKALNE (l\u012bdz 23.03.2017. sakar\u0101 ar deput\u0101ta pilnvaru nolik\u0161anu uz laiku)<\/p>\n<p>L\u012bga LANGRATE (no 23.03.2017. sakar\u0101 ar Janas ZILKALNES deput\u0101ta pilnvaru nolik\u0161anu uz laiku)<\/p>\n<p>Maruta KAULI\u0145A<\/p>\n<p>M\u0101rti\u0146\u0161 AUGSTKALNIETIS<\/p>\n<p>J\u0101nis SADOV\u0145IKOVS<\/p>\n\t\t\t\t<\/div>\n\t\t\t<\/div>\n\t\t<\/div>\n\t\t\t<div class=\"sow-accordion-panel\n\t\t\t\t\t\"\n\t\t\t\tdata-anchor-id=\"2009-2013-gada-sasaukums\">\n\t\t\t\t\t<div class=\"sow-accordion-panel-header-container\" role=\"heading\" aria-level=\"2\">\n\t\t\t\t\t<div class=\"sow-accordion-panel-header\" tabindex=\"0\" role=\"button\" id=\"accordion-label-2009-2013-gada-sasaukums\" aria-controls=\"accordion-content-2009-2013-gada-sasaukums\" aria-expanded=\"false\">\n\t\t\t\t\t\t<div class=\"sow-accordion-title sow-accordion-title-icon-left\">\n\t\t\t\t\t\t\t\t\t\t\t\t\t\t2009.-2013. GADA SASAUKUMS\t\t\t\t\t\t\t\t\t\t\t\t\t<\/div>\n\t\t\t\t\t\t<div class=\"sow-accordion-open-close-button\">\n\t\t\t\t\t\t\t<div class=\"sow-accordion-open-button\">\n\t\t\t\t\t\t\t\t<span class=\"sow-icon-ionicons\" data-sow-icon=\"&#xf218;\"\n\t\t \n\t\taria-hidden=\"true\"><\/span>\t\t\t\t\t\t\t<\/div>\n\t\t\t\t\t\t\t<div class=\"sow-accordion-close-button\">\n\t\t\t\t\t\t\t\t<span class=\"sow-icon-ionicons\" data-sow-icon=\"&#xf209;\"\n\t\t \n\t\taria-hidden=\"true\"><\/span>\t\t\t\t\t\t\t<\/div>\n\t\t\t\t\t\t<\/div>\n\t\t\t\t\t<\/div>\n\t\t\t\t<\/div>\n\n\t\t\t<div\n\t\t\t\tclass=\"sow-accordion-panel-content\"\n\t\t\t\trole=\"region\"\n\t\t\t\taria-labelledby=\"accordion-label-2009-2013-gada-sasaukums\"\n\t\t\t\tid=\"accordion-content-2009-2013-gada-sasaukums\"\n\t\t\t\tstyle=\"display: none;\"\t\t\t>\n\t\t\t\t<div class=\"sow-accordion-panel-border\">\n\t\t\t\t\t<p>2009. gada 1. j\u016blij\u0101 ar Al\u016bksnes novada domes l\u0113mumu Nr.3 \u201cPar Al\u016bksnes novada domes past\u0101v\u012bgaj\u0101m komitej\u0101m\u201d izveidotas \u0161\u0101das Al\u016bksnes novada domes komitejas:<\/p>\n<p><strong>\u00a0<\/strong><\/p>\n<p><strong>Finan\u0161u komiteja:<\/strong><\/p>\n<p>Aivars FOMINS<\/p>\n<p>Dzintars ADLERS<\/p>\n<p>Andis KR\u0112SLI\u0145\u0160<\/p>\n<p>Ainars MELDERS<\/p>\n<p>J\u0101nis N\u012aKRENCIS<\/p>\n<p>Laimonis S\u012aPOLS<\/p>\n<p>Sandra ZELTI\u0145A<\/p>\n<p>&nbsp;<\/p>\n<p><strong>Izgl\u012bt\u012bbas, kult\u016bras un sporta jaut\u0101jumu komiteja:<\/strong><\/p>\n<p>Sandra ZELTI\u0145A<\/p>\n<p>Marina RAMANE<\/p>\n<p>Zinaida SILIRAVA<\/p>\n<p>Askolds ZELMENIS<\/p>\n<p>Valda ZELTI\u0145A<\/p>\n<p>&nbsp;<\/p>\n<p><strong>Soci\u0101lo pakalpojumu un vesel\u012bbas apr\u016bpes jaut\u0101jumu komiteja:<\/strong><\/p>\n<p>Ainars MELDERS<\/p>\n<p>Verners KAL\u0112JS<\/p>\n<p>Elita LAIVA<\/p>\n<p>Marina RAMANE<\/p>\n<p>Zinaida SILIRAVA<\/p>\n<p>&nbsp;<\/p>\n<p><strong>Tautsaimniec\u012bbas komiteja:<\/strong><\/p>\n<p>Laimonis S\u012aPOLS<\/p>\n<p>Dzintars ADLERS<\/p>\n<p>Verners KAL\u0112JS<\/p>\n<p>Andis KR\u0112SLI\u0145\u0160<\/p>\n<p>\u0112riks MEDISS<\/p>\n<p>Andis ZARI\u0145\u0160<\/p>\n<p>Valda ZELTI\u0145A<\/p>\n<p>&nbsp;<\/p>\n<p><strong>Teritori\u0101l\u0101 komiteja:<\/strong><\/p>\n<p>Elita LAIVA<\/p>\n<p>Aivars FOMINS<\/p>\n<p>\u0112riks MEDISS<\/p>\n<p>J\u0101nis N\u012aKRENCIS<\/p>\n<p>Andis ZARI\u0145\u0160<\/p>\n<p>&nbsp;<\/p>\n<p>2010. gada 18. mart\u0101 Al\u016bksnes novada domes s\u0113d\u0113 pie\u0146emts l\u0113mums \u201ePar groz\u012bjumiem Al\u016bksnes novada domes 01.07.2009. l\u0113mum\u0101 Nr.3 \u201cPar Al\u016bksnes novada domes past\u0101v\u012bgaj\u0101m komitej\u0101m\u201d, kur\u0101 Dz. ADLERS iev\u0113l\u0113ts Tautsaimniec\u012bbas komitej\u0101 un J. N\u012aKRENCIS Teritori\u0101laj\u0101 komitej\u0101.<\/p>\n<p>2010. gada 12. apr\u012bl\u012b apvienotaj\u0101 Tautsaimniec\u012bbas un Teritori\u0101l\u0101s komitejas s\u0113d\u0113 par Tautsaimniec\u012bbas komitejas priek\u0161s\u0113d\u0113t\u0101ju iev\u0113l\u0113ts Dz. ADLERS un par Teritori\u0101l\u0101s komitejas priek\u0161s\u0113d\u0113t\u0101ju iev\u0113l\u0113ts J. N\u012aKRENCIS.<\/p>\n<p><strong>\u00a0<\/strong><\/p>\n<p><strong>Tautsaimniec\u012bbas komiteja:<\/strong><\/p>\n<p>Laimonis S\u012aPOLS \u2013 komitejas priek\u0161s\u0113d\u0113t\u0101js l\u012bdz 12.04.2010.<\/p>\n<p>Dzintars ADLERS \u2013 komitejas priek\u0161s\u0113d\u0113t\u0101js no 12.04.2010.<\/p>\n<p>Verners KAL\u0112JS<\/p>\n<p>Andis KR\u0112SLI\u0145\u0160<\/p>\n<p>\u0112riks MEDISS<\/p>\n<p>Andis ZARI\u0145\u0160<\/p>\n<p>Valda ZELTI\u0145A<\/p>\n<p><strong>\u00a0<\/strong><\/p>\n<p><strong>Teritori\u0101l\u0101 komiteja:<\/strong><\/p>\n<p>Elita LAIVA \u2013 komitejas priek\u0161s\u0113d\u0113t\u0101ja l\u012bdz 12.04.2010.<\/p>\n<p>J\u0101nis N\u012aKRENCIS - komitejas priek\u0161s\u0113d\u0113t\u0101js no 12.04.2010.<\/p>\n<p>Aivars FOMINS<\/p>\n<p>\u0112riks MEDISS<\/p>\n<p>Andis ZARI\u0145\u0160<\/p>\n\t\t\t\t<\/div>\n\t\t\t<\/div>\n\t\t<\/div>\n\t\t<\/div>\n<\/div>\n<\/div><\/div><\/div><\/div><\/div>","protected":false},"excerpt":{"rendered":"<p>2021.-2025. GADA SASAUKUMS L\u012aDZ 2021. GADA 29. J\u016aLIJAM Finan\u0161u komiteja Dzintars ADLERS, Arturs DUKULIS, Aivars FOMINS, L\u012bga LANGRATE J\u0101nis SADOV\u0145IKOVS, J\u0101nis SKULTE, Druvis TOMSONS. Tautsaimniec\u012bbas komiteja Druvis TOMSONS, Modris LAZDEKALNS, Ilze L\u012aVI\u0145A, Druvis MUCENIEKS, Modris RA\u010cIKS J\u0101nis SADOV\u0145IKOVS, J\u0101nis SKULTE&#8230;.<br \/><a class=\"read-more-button\" href=\"https:\/\/aluksne.lv\/index.php\/pasvaldiba\/par-aluksnes-novada-domes-darbu\/komitejas\/informacija-par-komiteju-sastavu-ieprieksejos-domes-sasaukumos\/\">Las\u012bt visu<\/a><\/p>\n","protected":false},"author":1,"featured_media":0,"parent":571,"menu_order":0,"comment_status":"closed","ping_status":"closed","template":"","meta":{"_crdt_document":"","_monsterinsights_skip_tracking":false,"_monsterinsights_sitenote_active":false,"_monsterinsights_sitenote_note":"","_monsterinsights_sitenote_category":0,"footnotes":"","_links_to":"","_links_to_target":""},"class_list":["post-49033","page","type-page","status-publish","hentry"],"_links":{"self":[{"href":"https:\/\/aluksne.lv\/index.php\/wp-json\/wp\/v2\/pages\/49033","targetHints":{"allow":["GET"]}}],"collection":[{"href":"https:\/\/aluksne.lv\/index.php\/wp-json\/wp\/v2\/pages"}],"about":[{"href":"https:\/\/aluksne.lv\/index.php\/wp-json\/wp\/v2\/types\/page"}],"author":[{"embeddable":true,"href":"https:\/\/aluksne.lv\/index.php\/wp-json\/wp\/v2\/users\/1"}],"replies":[{"embeddable":true,"href":"https:\/\/aluksne.lv\/index.php\/wp-json\/wp\/v2\/comments?post=49033"}],"version-history":[{"count":0,"href":"https:\/\/aluksne.lv\/index.php\/wp-json\/wp\/v2\/pages\/49033\/revisions"}],"up":[{"embeddable":true,"href":"https:\/\/aluksne.lv\/index.php\/wp-json\/wp\/v2\/pages\/571"}],"wp:attachment":[{"href":"https:\/\/aluksne.lv\/index.php\/wp-json\/wp\/v2\/media?parent=49033"}],"curies":[{"name":"wp","href":"https:\/\/api.w.org\/{rel}","templated":true}]}}