{"id":49356,"date":"2024-05-28T15:33:46","date_gmt":"2024-05-28T12:33:46","guid":{"rendered":"https:\/\/aluksne.lv\/?page_id=49356"},"modified":"2026-04-08T13:39:19","modified_gmt":"2026-04-08T10:39:19","slug":"atsavinamu-pasvaldibas-dzivojamo-telpu-grupu-saraksts","status":"publish","type":"page","link":"https:\/\/aluksne.lv\/index.php\/pasvaldiba\/ipasumi\/atsavinamu-pasvaldibas-dzivojamo-telpu-grupu-saraksts\/","title":{"rendered":"ATSAVIN\u0100MU PA\u0160VALD\u012aBAS DZ\u012aVOJAMO TELPU SARAKSTS"},"content":{"rendered":"<p>&nbsp;<\/p>\n<p>Jaut\u0101jumu gad\u012bjum\u0101 interes\u0113ties pa t\u0101lru\u0146iem +371 64381492, +371 28636042<br \/>\nPar dz\u012bvojamo telpu apskati interes\u0113ties SIA \u201eAL\u016aKSNES NAMI\u201d kl\u0101tien\u0113 R\u016bpniec\u012bbas iel\u0101 4, Al\u016bksn\u0113, Al\u016bksnes novads, LV-4301,<br \/>\nvai zvanot +371 64321456, +37129210846<\/p>\n<table style=\"width: 100.074%; height: 1314px;\" width=\"846\">\n<tbody>\n<tr style=\"height: 29px;\">\n<td style=\"width: 5.66176%; height: 29px;\" width=\"31\"><strong>Nr. p.k.<\/strong><\/td>\n<td style=\"width: 21.7647%; height: 29px;\" width=\"211\"><strong>\u012apa\u0161uma adrese<\/strong><\/td>\n<td style=\"width: 17.7989%; height: 29px;\" width=\"203\"><strong>Kadastra apz\u012bm\u0113jums vai numurs<\/strong><\/td>\n<td style=\"width: 19.7011%; height: 29px;\" width=\"148\"><strong>\u012apa\u0161uma sast\u0101vs<\/strong><\/td>\n<td style=\"width: 7.86765%; height: 29px;\" width=\"54\"><strong>Plat\u012bba, m<sup>2<\/sup><\/strong><\/td>\n<td style=\"width: 7.5%; height: 29px;\" width=\"50\"><strong>Istabu skaits<\/strong><\/td>\n<td style=\"width: 6.76471%; height: 29px;\" width=\"42\"><strong>St\u0101vs<\/strong><\/td>\n<td style=\"width: 12.7941%; height: 29px;\" width=\"107\"><strong>Cita inform\u0101cija<\/strong><\/td>\n<\/tr>\n<tr style=\"height: 24px;\">\n<td style=\"width: 99.8529%; height: 24px;\" colspan=\"8\" width=\"846\"><strong>Al\u016bksnes pils\u0113ta<\/strong><\/td>\n<\/tr>\n<tr style=\"height: 72px;\">\n<td style=\"width: 5.66176%; height: 48px;\">1.<\/td>\n<td style=\"width: 21.7647%; height: 48px;\">Kolber\u0123a iela 10-3, Al\u016bksne<\/td>\n<td style=\"width: 17.7989%; height: 48px;\">3601 038 1505 001 003<\/td>\n<td style=\"width: 19.7011%; height: 48px;\" width=\"148\">Dz\u012bvok\u013ca \u012bpa\u0161ums, da\u013ca zemesgabala un da\u013ca no 2 pal\u012bg\u0113k\u0101m<\/td>\n<td style=\"width: 7.86765%; height: 48px;\">29,9<\/td>\n<td style=\"width: 7.5%; height: 48px;\">1<\/td>\n<td style=\"width: 6.76471%; height: 48px;\">1<\/td>\n<td style=\"width: 12.7941%; height: 88px;\" rowspan=\"2\"><a href=\"https:\/\/www.google.com\/maps\/@57.4283816,27.0980516,3a,75y,134.55h,87.12t\/data=!3m6!1e1!3m4!1suCyd813dhnLkZJ4SbMme6w!2e0!7i16384!8i8192?entry=ttu\">Kolber\u0123a iela 10<\/a><\/td>\n<\/tr>\n<tr style=\"height: 72px;\">\n<td style=\"width: 5.66176%; height: 40px;\">2.<\/td>\n<td style=\"width: 21.7647%; height: 40px;\">Kolber\u0123a iela 10-4, Al\u016bksne<\/td>\n<td style=\"width: 17.7989%; height: 40px;\">3601 038 1505 001 004<\/td>\n<td style=\"width: 19.7011%; height: 40px;\" width=\"148\">Dz\u012bvok\u013ca \u012bpa\u0161ums, da\u013ca zemesgabala un da\u013ca no 2 pal\u012bg\u0113k\u0101m<\/td>\n<td style=\"width: 7.86765%; height: 40px;\">34,3<\/td>\n<td style=\"width: 7.5%; height: 40px;\">1<\/td>\n<td style=\"width: 6.76471%; height: 40px;\">1<\/td>\n<\/tr>\n<tr style=\"height: 48px;\">\n<td style=\"width: 5.66176%; height: 10px;\">3.<\/td>\n<td style=\"width: 21.7647%; height: 10px;\">Me\u017einieku iela 6-4, Al\u016bksne<\/td>\n<td style=\"width: 17.7989%; height: 10px;\">3601 034 5760 001 004<\/td>\n<td style=\"width: 19.7011%; height: 10px;\" width=\"148\">Dz\u012bvok\u013ca \u012bpa\u0161ums, da\u013ca no pal\u012bg\u0113kas<\/td>\n<td style=\"width: 7.86765%; height: 10px;\">18,9<\/td>\n<td style=\"width: 7.5%; height: 10px;\">1<\/td>\n<td style=\"width: 6.76471%; height: 10px;\">1<\/td>\n<td style=\"width: 12.7941%; height: 10px;\"><a href=\"https:\/\/www.google.com\/maps\/@57.4183163,27.0733702,3a,75y,198.13h,85.05t\/data=!3m6!1e1!3m4!1sC6XBbPzJMA2Vztl9tBrQ0g!2e0!7i13312!8i6656?entry=ttu\">Me\u017einieku iela 6<\/a><\/td>\n<\/tr>\n<tr style=\"height: 48px;\">\n<td style=\"width: 5.66176%; height: 10px;\">4.<\/td>\n<td style=\"width: 21.7647%; height: 10px;\">Me\u017einieku iela 8-3, Al\u016bksne<\/td>\n<td style=\"width: 17.7989%; height: 10px;\">3601 034 5760 005 003<\/td>\n<td style=\"width: 19.7011%; height: 10px;\" width=\"148\">Dz\u012bvok\u013ca \u012bpa\u0161ums, da\u013ca no pal\u012bg\u0113kas<\/td>\n<td style=\"width: 7.86765%; height: 10px;\">18,4<\/td>\n<td style=\"width: 7.5%; height: 10px;\">1<\/td>\n<td style=\"width: 6.76471%; height: 10px;\">1<\/td>\n<td style=\"width: 12.7941%; height: 10px;\"><a href=\"https:\/\/www.google.com\/maps\/@57.4182708,27.0735293,3a,37.2y,163.17h,89.26t\/data=!3m6!1e1!3m4!1sWH7s8da3SOUjAvpG--XhwA!2e0!7i13312!8i6656?entry=ttu\">Me\u017einieku iela 8<\/a><\/td>\n<\/tr>\n<tr style=\"height: 48px;\">\n<td style=\"width: 5.66176%; height: 10px;\">5.<\/td>\n<td style=\"width: 21.7647%; height: 10px;\">Rai\u0146a bulv\u0101ris 4-2, Al\u016bksne<\/td>\n<td style=\"width: 17.7989%; height: 10px;\">3601 026 4144 001 002<\/td>\n<td style=\"width: 19.7011%; height: 10px;\" width=\"148\">Dz\u012bvok\u013ca \u012bpa\u0161ums, da\u013ca no zemes gabala<\/td>\n<td style=\"width: 7.86765%; height: 10px;\">25,3<\/td>\n<td style=\"width: 7.5%; height: 10px;\">1<\/td>\n<td style=\"width: 6.76471%; height: 10px;\">1<\/td>\n<td style=\"width: 12.7941%; height: 10px;\"><a href=\"https:\/\/www.google.com\/maps\/@57.4187157,27.0494245,3a,70.8y,243.46h,89.99t\/data=!3m6!1e1!3m4!1sATmqzycxSqV46ph_YGa0CA!2e0!7i16384!8i8192?entry=ttu\">Rai\u0146a bulv\u0101ris 4<\/a><\/td>\n<\/tr>\n<tr style=\"height: 24px;\">\n<td style=\"width: 5.66176%; height: 24px;\">6.<\/td>\n<td style=\"width: 21.7647%; height: 24px;\">L.Ezera iela 17-3, Al\u016bksne<\/td>\n<td style=\"width: 17.7989%; height: 24px;\">3601 022 3440 001 003<\/td>\n<td style=\"width: 19.7011%; height: 24px;\">Dz\u012bvok\u013ca \u012bpa\u0161ums, da\u013ca zemesgabala un da\u013ca no 2 pal\u012bg\u0113k\u0101m<\/td>\n<td style=\"width: 7.86765%; height: 24px;\">34,6<\/td>\n<td style=\"width: 7.5%; height: 24px;\">2<\/td>\n<td style=\"width: 6.76471%; height: 24px;\">1<\/td>\n<td style=\"width: 12.7941%; height: 24px;\"><a href=\"https:\/\/www.google.com\/maps\/@57.4207955,27.0450293,3a,51.1y,113.6h,93.26t\/data=!3m7!1e1!3m5!1s5_54FNDLUCqnh55U3_k-8Q!2e0!6shttps:%2F%2Fstreetviewpixels-pa.googleapis.com%2Fv1%2Fthumbnail%3Fcb_client%3Dmaps_sv.tactile%26w%3D900%26h%3D600%26pitch%3D-3.256548025805003%26panoid%3D5_54FNDLUCqnh55U3_k-8Q%26yaw%3D113.59952204646052!7i16384!8i8192?coh=205410&amp;entry=ttu&amp;g_ep=EgoyMDI0MDgyOC4wIKXMDSoASAFQAw%3D%3D\" target=\"_blank\" rel=\"noopener\">L.Ezera iela 17<\/a><\/td>\n<\/tr>\n<tr>\n<td style=\"width: 5.66176%;\" width=\"28\">\n<p>7.<\/p>\n<\/td>\n<td style=\"width: 21.7647%;\" width=\"161\">\n<p>Skolas iela 2-8, Al\u016bksne<\/p>\n<\/td>\n<td style=\"width: 17.7989%;\" width=\"160\">\n<p>3601 015 2710 001 008<\/p>\n<\/td>\n<td style=\"width: 19.7011%;\" width=\"116\">\n<p>Dz\u012bvok\u013ca \u012bpa\u0161ums, da\u013ca no daudzdz\u012bvok\u013cu dz\u012bvojam\u0101s m\u0101jas un pal\u012bg\u0113kas<\/p>\n<\/td>\n<td style=\"width: 7.86765%;\" width=\"64\">\n<p>43.4<\/p>\n<\/td>\n<td style=\"width: 7.5%;\" width=\"47\">\n<p>2<\/p>\n<\/td>\n<td style=\"width: 6.76471%;\" width=\"38\">\n<p>2<\/p>\n<\/td>\n<td style=\"width: 12.7941%;\" width=\"104\">\n<p><a href=\"https:\/\/www.google.com\/maps\/@57.4253787,27.0513534,3a,75y,206.85h,91.79t\/data=!3m7!1e1!3m5!1sQVr9QErds5UxqKiX9T-zRA!2e0!6shttps:%2F%2Fstreetviewpixels-pa.googleapis.com%2Fv1%2Fthumbnail%3Fcb_client%3Dmaps_sv.tactile%26w%3D900%26h%3D600%26pitch%3D-1.7861199583678768%26panoid%3DQVr9QErds5UxqKiX9T-zRA%26yaw%3D206.85406126848014!7i16384!8i8192?entry=ttu&amp;g_ep=EgoyMDI2MDIwOC4wIKXMDSoASAFQAw%3D%3D\">Skolas iela 2<\/a><\/p>\n<\/td>\n<\/tr>\n<tr style=\"height: 24px;\">\n<td style=\"width: 99.8529%; height: 24px;\" colspan=\"8\" width=\"846\"><strong>Annas pagasts<\/strong><\/td>\n<\/tr>\n<tr style=\"height: 48px;\">\n<td style=\"width: 5.66176%; height: 48px;\">1.<\/td>\n<td style=\"width: 21.7647%; height: 48px;\">&#8220;Annas skola&#8221; &#8211; 4, Anna<\/td>\n<td style=\"width: 17.7989%; height: 48px;\">3644 004 0073 002 004<\/td>\n<td style=\"width: 19.7011%; height: 48px;\" width=\"148\">Dz\u012bvok\u013ca \u012bpa\u0161ums, da\u013ca no zemesgabala un pal\u012bg\u0113kas<\/td>\n<td style=\"width: 7.86765%; height: 48px;\">34,0<\/td>\n<td style=\"width: 7.5%; height: 48px;\">2<\/td>\n<td style=\"width: 6.76471%; height: 48px;\">2<\/td>\n<td style=\"width: 12.7941%; height: 48px;\"><a href=\"https:\/\/www.google.com\/maps\/@57.335104,27.0283593,3a,45y,189.18h,94.8t\/data=!3m6!1e1!3m4!1skQf6K4Xaz1F8crbbXb_Dgw!2e0!7i16384!8i8192?entry=ttu\">&#8220;Annas skola&#8221;<\/a><\/td>\n<\/tr>\n<tr style=\"height: 24px;\">\n<td style=\"width: 5.66176%; height: 24px;\">2.<\/td>\n<td style=\"width: 21.7647%; height: 24px;\">&#8220;Smiltis&#8221; &#8211; 3, Anna<\/td>\n<td style=\"width: 17.7989%; height: 24px;\">3644 004 0073 005 013<\/td>\n<td style=\"width: 19.7011%; height: 24px;\">Dz\u012bvok\u013ca \u012bpa\u0161ums<\/td>\n<td style=\"width: 7.86765%; height: 24px;\">37,4<\/td>\n<td style=\"width: 7.5%; height: 24px;\">1<\/td>\n<td style=\"width: 6.76471%; height: 24px;\">2<\/td>\n<td style=\"width: 12.7941%; height: 24px;\"><a href=\"https:\/\/nix.aluksne.lv\/s\/PcYKf7bTceNiQxW\">&#8220;Smiltis&#8221;<\/a><\/td>\n<\/tr>\n<tr style=\"height: 63px;\">\n<td style=\"width: 5.66176%; height: 63px;\" width=\"31\">\n<p>3.<\/p>\n<\/td>\n<td style=\"width: 21.7647%; height: 63px;\" width=\"221\">\n<p>&#8220;Smiltis&#8221; &#8211; 1A, Anna<\/p>\n<\/td>\n<td style=\"width: 17.7989%; height: 63px;\" width=\"159\">\n<p>3644 004 0073 005 005<\/p>\n<\/td>\n<td style=\"width: 19.7011%; height: 63px;\" width=\"341\">\n<p>Dz\u012bvok\u013ca \u012bpa\u0161ums, da\u013ca no tr\u012bs \u0113k\u0101m un zemesgabala<\/p>\n<\/td>\n<td style=\"width: 7.86765%; height: 63px;\" width=\"55\">\n<p>29,5<\/p>\n<\/td>\n<td style=\"width: 7.5%; height: 63px;\" width=\"51\">\n<p>1<\/p>\n<\/td>\n<td style=\"width: 6.76471%; height: 63px;\" width=\"43\">\n<p>1<\/p>\n<\/td>\n<td style=\"width: 12.7941%; height: 63px;\" width=\"107\">\n<p><u><a href=\"https:\/\/nix.aluksne.lv\/s\/PcYKf7bTceNiQxW\">&#8220;Smiltis&#8221;<\/a><\/u><\/p>\n<\/td>\n<\/tr>\n<tr style=\"height: 16px;\">\n<td style=\"width: 5.66176%; height: 16px;\" width=\"31\">\n<p>4.<\/p>\n<\/td>\n<td style=\"width: 21.7647%; height: 16px;\" width=\"221\">\n<p>&#8220;Smiltis&#8221; &#8211; 2, Anna<\/p>\n<\/td>\n<td style=\"width: 17.7989%; height: 16px;\" width=\"159\">\n<p>3645 004 0073 005 006<\/p>\n<\/td>\n<td style=\"width: 19.7011%; height: 16px;\" width=\"341\">\n<p>Dz\u012bvok\u013ca \u012bpa\u0161ums, da\u013ca no tr\u012bs \u0113k\u0101m un zemesgabala<\/p>\n<\/td>\n<td style=\"width: 7.86765%; height: 16px;\" width=\"55\">\n<p>29,0<\/p>\n<\/td>\n<td style=\"width: 7.5%; height: 16px;\" width=\"51\">\n<p>1<\/p>\n<\/td>\n<td style=\"width: 6.76471%; height: 16px;\" width=\"43\">\n<p>1<\/p>\n<\/td>\n<td style=\"width: 12.7941%; height: 16px;\" width=\"107\">\n<p><u><a href=\"https:\/\/nix.aluksne.lv\/s\/PcYKf7bTceNiQxW\">&#8220;Smiltis&#8221;<\/a><\/u><\/p>\n<\/td>\n<\/tr>\n<tr>\n<td style=\"width: 99.8529%;\" colspan=\"8\"><strong>Jaunannas pagasts<\/strong><\/td>\n<\/tr>\n<tr style=\"height: 24px;\">\n<td style=\"height: 24px; width: 99.8529%;\" colspan=\"8\" width=\"846\"><strong>Jaunal\u016bksnes pagasts<\/strong><\/td>\n<\/tr>\n<tr style=\"height: 48px;\">\n<td style=\"width: 5.66176%; height: 48px;\">1.<\/td>\n<td style=\"width: 21.7647%; height: 48px;\">&#8220;Teikas&#8221; -2, Beja<\/td>\n<td style=\"width: 17.7989%; height: 48px;\">3656 010 0210 001 002<\/td>\n<td style=\"width: 19.7011%; height: 48px;\" width=\"148\">Dz\u012bvok\u013ca \u012bpa\u0161ums, da\u013ca no zemes gabala<\/td>\n<td style=\"width: 7.86765%; height: 48px;\">98,9<\/td>\n<td style=\"width: 7.5%; height: 48px;\">3<\/td>\n<td style=\"width: 6.76471%; height: 48px;\">1<\/td>\n<td style=\"width: 12.7941%; height: 96px;\" rowspan=\"2\"><a href=\"https:\/\/nix.aluksne.lv\/s\/Tcf3qRmbMB4t5zC\">&#8220;Teikas&#8221;<\/a><\/td>\n<\/tr>\n<tr style=\"height: 48px;\">\n<td style=\"width: 5.66176%; height: 48px;\">2.<\/td>\n<td style=\"width: 21.7647%; height: 48px;\">&#8220;Teikas&#8221; -4, Beja<\/td>\n<td style=\"width: 17.7989%; height: 48px;\">3656 010 0210 001 004<\/td>\n<td style=\"width: 19.7011%; height: 48px;\" width=\"148\">Dz\u012bvok\u013ca \u012bpa\u0161ums, da\u013ca no zemes gabala<\/td>\n<td style=\"width: 7.86765%; height: 48px;\">35,4<\/td>\n<td style=\"width: 7.5%; height: 48px;\">1<\/td>\n<td style=\"width: 6.76471%; height: 48px;\">2<\/td>\n<\/tr>\n<tr style=\"height: 72px;\">\n<td style=\"width: 5.66176%; height: 14px;\">3.<\/td>\n<td style=\"width: 21.7647%; height: 14px;\">&#8220;Ceri\u0146i&#8221; -6, Beja<\/td>\n<td style=\"width: 17.7989%; height: 14px;\">3656 010 0254 001 006<\/td>\n<td style=\"width: 19.7011%; height: 14px;\" width=\"148\">Dz\u012bvok\u013ca \u012bpa\u0161ums, da\u013ca zemesgabala un da\u013ca no 3 pal\u012bg\u0113k\u0101m<\/td>\n<td style=\"width: 7.86765%; height: 14px;\">48,6<\/td>\n<td style=\"width: 7.5%; height: 14px;\">2<\/td>\n<td style=\"width: 6.76471%; height: 14px;\">1<\/td>\n<td style=\"width: 12.7941%; height: 14px;\"><a href=\"https:\/\/nix.aluksne.lv\/s\/MAFsM6CikDmXxTk\">&#8220;Ceri\u0146i&#8221;<\/a><\/td>\n<\/tr>\n<tr style=\"height: 24px;\">\n<td style=\"width: 99.8529%; height: 24px;\" colspan=\"8\" width=\"846\"><strong>Liepnas pagasts<\/strong><\/td>\n<\/tr>\n<tr style=\"height: 48px;\">\n<td style=\"width: 5.66176%; height: 13px;\">1.<\/td>\n<td style=\"width: 21.7647%; height: 13px;\" width=\"211\">&#8220;Liepnas ce\u013cu da\u013cas m\u0101ja&#8221; -2, Liepna<\/td>\n<td style=\"width: 17.7989%; height: 13px;\">3668 010 0228 001 002<\/td>\n<td style=\"width: 19.7011%; height: 13px;\" width=\"148\">Dz\u012bvok\u013ca \u012bpa\u0161ums un da\u013ca no 2 pal\u012bg\u0113k\u0101m<\/td>\n<td style=\"width: 7.86765%; height: 13px;\">35,6<\/td>\n<td style=\"width: 7.5%; height: 13px;\">1<\/td>\n<td style=\"width: 6.76471%; height: 13px;\">1<\/td>\n<td style=\"width: 12.7941%; height: 61px;\" rowspan=\"2\" width=\"107\"><a href=\"https:\/\/www.google.com\/maps\/@57.3431166,27.4702727,3a,75y,347.56h,89.44t\/data=!3m6!1e1!3m4!1svfpXf1Lcf6wBDdHDjojkMw!2e0!7i16384!8i8192?entry=ttu\">&#8220;Liepnas ce\u013cu da\u013cas m\u0101ja&#8221;<\/a><\/td>\n<\/tr>\n<tr style=\"height: 48px;\">\n<td style=\"width: 5.66176%; height: 48px;\">2.<\/td>\n<td style=\"width: 21.7647%; height: 48px;\" width=\"211\">&#8220;Liepnas ce\u013cu da\u013cas m\u0101ja&#8221; -5, Liepna<\/td>\n<td style=\"width: 17.7989%; height: 48px;\">3668 010 0228 001 005<\/td>\n<td style=\"width: 19.7011%; height: 48px;\" width=\"148\">Dz\u012bvok\u013ca \u012bpa\u0161ums un da\u013ca no 2 pal\u012bg\u0113k\u0101m<\/td>\n<td style=\"width: 7.86765%; height: 48px;\">60,6<\/td>\n<td style=\"width: 7.5%; height: 48px;\">2<\/td>\n<td style=\"width: 6.76471%; height: 48px;\">2<\/td>\n<\/tr>\n<tr style=\"height: 48px;\">\n<td style=\"width: 5.66176%; height: 48px;\">3.<\/td>\n<td style=\"width: 21.7647%; height: 48px;\">&#8220;Seda 2&#8221; -8, Liepna<\/td>\n<td style=\"width: 17.7989%; height: 48px;\">3668 010 0387 001 008<\/td>\n<td style=\"width: 19.7011%; height: 48px;\" width=\"148\">Dz\u012bvok\u013ca \u012bpa\u0161ums, da\u013ca no zemes gabala<\/td>\n<td style=\"width: 7.86765%; height: 48px;\">60,1<\/td>\n<td style=\"width: 7.5%; height: 48px;\">3<\/td>\n<td style=\"width: 6.76471%; height: 48px;\">1<\/td>\n<td style=\"width: 12.7941%; height: 48px;\"><a href=\"https:\/\/www.google.com\/maps\/@57.3452715,27.4738593,3a,90y,188.36h,92.16t\/data=!3m7!1e1!3m5!1sYevrDmsU2dnJilAFFSHoRw!2e0!6shttps:%2F%2Fstreetviewpixels-pa.googleapis.com%2Fv1%2Fthumbnail%3Fpanoid%3DYevrDmsU2dnJilAFFSHoRw%26cb_client%3Dsearch.gws-prod.gps%252\">&#8220;Seda 2&#8221;<\/a><\/td>\n<\/tr>\n<tr>\n<td style=\"width: 5.66176%;\" width=\"28\">\n<p>4.<\/p>\n<\/td>\n<td style=\"width: 21.7647%;\" width=\"132\">\n<p>\u201cSeda 2\u201d &#8211; 10<\/p>\n<\/td>\n<td style=\"width: 17.7989%;\" width=\"170\">\n<p>3668 010 0387 001 010<\/p>\n<\/td>\n<td style=\"width: 19.7011%;\" width=\"66\">Dz\u012bvok\u013ca \u012bpa\u0161ums<\/td>\n<td style=\"width: 7.86765%;\" width=\"66\">\n<p>59.9<\/p>\n<\/td>\n<td style=\"width: 7.5%;\" width=\"47\">\n<p>3<\/p>\n<\/td>\n<td style=\"width: 6.76471%;\" width=\"47\">\n<p>2<\/p>\n<\/td>\n<td style=\"width: 12.7941%;\" width=\"113\">\n<p><a href=\"https:\/\/www.google.com\/maps\/place\/Seda+2,+Liepna,+Liepnas+pagasts,+Al%C5%ABksnes+novads,+LV-4354\/@57.3452673,27.4742092,3a,75y,241.02h,94.23t\/data=!3m7!1e1!3m5!1svubgscr5iE2CKplxmSxSsg!2e0!6shttps:%2F%2Fstreetviewpixels-pa.googleapis.com%2Fv1%2Fthumbnail%3Fcb_client%3Dmaps_sv.tactile%26w%3D900%26h%3D600%26pitch%3D-4.23304856017397%26panoid%3Dvubgscr5iE2CKplxmSxSsg%26yaw%3D241.01545756897696!7i16384!8i8192!4m6!3m5!1s0x46ea776c6ce93d2b:0x74b51583f005c4e2!8m2!3d57.3451878!4d27.473814!16s%2Fg%2F11swc1_vcz?entry=ttu&amp;g_ep=EgoyMDI2MDIwMS4wIKXMDSoKLDEwMDc5MjA3M0gBUAM%3D\">&#8220;Seda 2&#8221;<\/a><\/p>\n<\/td>\n<\/tr>\n<tr style=\"height: 48px;\">\n<td style=\"width: 5.66176%; height: 48px;\">5.<\/td>\n<td style=\"width: 21.7647%; height: 48px;\" width=\"181\">&#8220;Liepna 105&#8221; &#8211; 7, Liepna<\/td>\n<td style=\"width: 17.7989%; height: 48px;\" width=\"158\">3668 010 0395 001 007<\/td>\n<td style=\"width: 19.7011%; height: 48px;\" width=\"148\">Dz\u012bvok\u013ca \u012bpa\u0161ums, da\u013ca no zemesgabala<\/td>\n<td style=\"width: 7.86765%; height: 48px;\" width=\"54\">74,2<\/td>\n<td style=\"width: 7.5%; height: 48px;\" width=\"50\">3<\/td>\n<td style=\"width: 6.76471%; height: 48px;\" width=\"42\">1<\/td>\n<td style=\"width: 12.7941%; height: 48px;\" width=\"107\"><a href=\"https:\/\/www.google.com\/maps\/@57.3453045,27.4721708,3a,75y,215.17h,90.2t\/data=!3m7!1e1!3m5!1sJ547urXwhkWEffOweS5jQQ!2e0!6shttps:%2F%2Fstreetviewpixels-pa.googleapis.com%2Fv1%2Fthumbnail%3Fpanoid%3DJ547urXwhkWEffOweS5jQQ%26cb_client%3Dsearch.gws-prod.gps%26w%3D86%26h%3D86%26yaw%3D221.3941%26pitch%3D0%26thumbfov%3D100!7i16384!8i8192?coh=205409&amp;entry=ttu\">&#8220;Liepna 105&#8221;<\/a><\/td>\n<\/tr>\n<tr style=\"height: 24px;\">\n<td style=\"width: 99.8529%; height: 24px;\" colspan=\"8\" width=\"846\"><strong>M\u0101lupes pagasts<\/strong><\/td>\n<\/tr>\n<tr style=\"height: 48px;\">\n<td style=\"width: 5.66176%; height: 48px;\">1.<\/td>\n<td style=\"width: 21.7647%; height: 48px;\">&#8220;M\u0101ras&#8221; &#8211; 7, M\u0101lupe<\/td>\n<td style=\"width: 17.7989%; height: 48px;\">3674 002 0153 001 007<\/td>\n<td style=\"width: 19.7011%; height: 48px;\" width=\"148\">Dz\u012bvok\u013ca \u012bpa\u0161ums, da\u013ca no zemes gabala<\/td>\n<td style=\"width: 7.86765%; height: 48px;\">31,9<\/td>\n<td style=\"width: 7.5%; height: 48px;\">1<\/td>\n<td style=\"width: 6.76471%; height: 48px;\">2<\/td>\n<td style=\"width: 12.7941%; height: 48px;\"><a href=\"https:\/\/www.google.com\/maps\/@57.3378376,27.2334909,3a,24.7y,196.97h,89.64t\/data=!3m7!1e1!3m5!1s7hkEUjOK9qZEvZGPu7hTzg!2e0!6shttps:%2F%2Fstreetviewpixels-pa.googleapis.com%2Fv1%2Fthumbnail%3Fpanoid%3D7hkEUjOK9qZEvZGPu7hTzg%26cb_client%3Dmaps_sv.tactile.gps\">&#8220;M\u0101ras&#8221;<\/a><\/td>\n<\/tr>\n<tr style=\"height: 24px;\">\n<td style=\"width: 99.8529%; height: 24px;\" colspan=\"8\" width=\"846\"><strong>M\u0101rkalnes pagasts<\/strong><\/td>\n<\/tr>\n<tr>\n<td style=\"width: 5.66176%;\" width=\"31\">1.<\/td>\n<td style=\"width: 21.7647%;\" width=\"221\">&#8220;B\u0113rzulejas&#8221; &#8211; 7, M\u0101rkalne<\/td>\n<td style=\"width: 17.7989%;\" width=\"158\">3676 005 0174 001 007\u00a0<\/td>\n<td style=\"width: 19.7011%;\" width=\"148\">Dz\u012bvok\u013ca \u012bpa\u0161ums, da\u013ca no zemes gabala<\/td>\n<td style=\"width: 7.86765%;\" width=\"54\">47,4<\/td>\n<td style=\"width: 7.5%;\" width=\"50\">2<\/td>\n<td style=\"width: 6.76471%;\" width=\"42\">3<\/td>\n<td style=\"width: 12.7941%;\" rowspan=\"2\"><a href=\"https:\/\/www.google.com\/maps\/@57.4887185,27.186312,3a,22.9y,274h,92.36t\/data=!3m6!1e1!3m4!1ssy6p3mnzaySNZm0X_h0RyA!2e0!7i16384!8i8192?entry=ttu\">&#8220;B\u0113rzulejas&#8221;<\/a><\/td>\n<\/tr>\n<tr style=\"height: 48px;\">\n<td style=\"width: 5.66176%; height: 48px;\">2.<\/td>\n<td style=\"width: 21.7647%; height: 48px;\">&#8220;B\u0113rzulejas&#8221; &#8211; 8, M\u0101rkalne<\/td>\n<td style=\"width: 17.7989%; height: 48px;\">3676 005 0174 001 008<\/td>\n<td style=\"width: 19.7011%; height: 48px;\" width=\"148\">Dz\u012bvok\u013ca \u012bpa\u0161ums, da\u013ca no zemes gabala<\/td>\n<td style=\"width: 7.86765%; height: 48px;\">31,6<\/td>\n<td style=\"width: 7.5%; height: 48px;\">1<\/td>\n<td style=\"width: 6.76471%; height: 48px;\">3<\/td>\n<\/tr>\n<tr style=\"height: 24px;\">\n<td style=\"width: 99.8529%; height: 24px;\" colspan=\"8\" width=\"846\"><strong>Zelti\u0146u pagasts<\/strong><\/td>\n<\/tr>\n<tr style=\"height: 24px;\">\n<td style=\"width: 5.66176%; height: 24px;\">1.<\/td>\n<td style=\"width: 21.7647%; height: 24px;\">&#8220;Austrumi&#8221;-1<\/td>\n<td style=\"width: 17.7989%; height: 24px;\">3694 001 0006 001 001<\/td>\n<td style=\"width: 19.7011%; height: 24px;\">Dz\u012bvok\u013ca \u012bpa\u0161ums<\/td>\n<td style=\"width: 7.86765%; height: 24px;\">75,5<\/td>\n<td style=\"width: 7.5%; height: 24px;\">3<\/td>\n<td style=\"width: 6.76471%; height: 24px;\">1<\/td>\n<td style=\"width: 12.7941%; height: 24px;\"><a href=\"https:\/\/nix.aluksne.lv\/s\/kYYJcdq4QyMcL9z\">&#8220;Austrumi&#8221;-1<\/a><\/td>\n<\/tr>\n<tr style=\"height: 24px;\">\n<td style=\"width: 5.66176%; height: 24px;\">2.<\/td>\n<td style=\"width: 21.7647%; height: 24px;\">&#8220;Austrumi&#8221;-2<\/td>\n<td style=\"width: 17.7989%; height: 24px;\">3694 001 0006 001 002<\/td>\n<td style=\"width: 19.7011%; height: 24px;\">Dz\u012bvok\u013ca \u012bpa\u0161ums<\/td>\n<td style=\"width: 7.86765%; height: 24px;\">65,7<\/td>\n<td style=\"width: 7.5%; height: 24px;\">3<\/td>\n<td style=\"width: 6.76471%; height: 24px;\">1<\/td>\n<td style=\"width: 12.7941%; height: 24px;\"><a href=\"https:\/\/nix.aluksne.lv\/s\/Snik9expidMBdEs\">&#8220;Austrumi&#8221;-2<\/a><\/td>\n<\/tr>\n<tr>\n<td style=\"width: 5.66176%;\" width=\"27\">\n<p>3.<\/p>\n<\/td>\n<td style=\"width: 21.7647%;\" width=\"133\">\n<p>\u201cMelnupes\u201d \u2013 5\u00a0\u00a0\u00a0\u00a0\u00a0\u00a0\u00a0\u00a0\u00a0\u00a0\u00a0\u00a0\u00a0\u00a0\u00a0\u00a0\u00a0<\/p>\n<\/td>\n<td style=\"width: 17.7989%;\" width=\"180\">\n<p>3694 002 0102 001 005<\/p>\n<\/td>\n<td style=\"width: 19.7011%;\" width=\"57\">Dz\u012bvok\u013ca \u012bpa\u0161ums<\/td>\n<td style=\"width: 7.86765%;\" width=\"57\">\n<p>54.3<\/p>\n<\/td>\n<td style=\"width: 7.5%;\" width=\"47\">\n<p>2<\/p>\n<\/td>\n<td style=\"width: 6.76471%;\" width=\"47\">\n<p>1<\/p>\n<\/td>\n<td style=\"width: 12.7941%;\" width=\"110\">\n<p><a href=\"https:\/\/www.google.com\/maps\/@57.3582403,26.7778037,3a,28.6y,217.53h,91.92t\/data=!3m7!1e1!3m5!1s13fZS_8RF3qMV0WSWfFvug!2e0!6shttps:%2F%2Fstreetviewpixels-pa.googleapis.com%2Fv1%2Fthumbnail%3Fcb_client%3Dmaps_sv.tactile%26w%3D900%26h%3D600%26pitch%3D-1.9219890001142375%26panoid%3D13fZS_8RF3qMV0WSWfFvug%26yaw%3D217.53158740610348!7i13312!8i6656?entry=ttu&amp;g_ep=EgoyMDI2MDIwMS4wIKXMDSoKLDEwMDc5MjA3M0gBUAM%3D\">Melnupes<\/a><\/p>\n<\/td>\n<\/tr>\n<\/tbody>\n<\/table>\n","protected":false},"excerpt":{"rendered":"<p>&nbsp; Jaut\u0101jumu gad\u012bjum\u0101 interes\u0113ties pa t\u0101lru\u0146iem +371 64381492, +371 28636042 Par dz\u012bvojamo telpu apskati interes\u0113ties SIA \u201eAL\u016aKSNES NAMI\u201d kl\u0101tien\u0113 R\u016bpniec\u012bbas iel\u0101 4, Al\u016bksn\u0113, Al\u016bksnes novads, LV-4301, vai zvanot +371 64321456, +37129210846 Nr. p.k. \u012apa\u0161uma adrese Kadastra apz\u012bm\u0113jums vai numurs \u012apa\u0161uma&#8230;<br \/><a class=\"read-more-button\" href=\"https:\/\/aluksne.lv\/index.php\/pasvaldiba\/ipasumi\/atsavinamu-pasvaldibas-dzivojamo-telpu-grupu-saraksts\/\">Las\u012bt visu<\/a><\/p>\n","protected":false},"author":1,"featured_media":0,"parent":354,"menu_order":0,"comment_status":"closed","ping_status":"closed","template":"","meta":{"_crdt_document":"","_monsterinsights_skip_tracking":false,"_monsterinsights_sitenote_active":false,"_monsterinsights_sitenote_note":"","_monsterinsights_sitenote_category":0,"footnotes":"","_links_to":"","_links_to_target":""},"class_list":["post-49356","page","type-page","status-publish","hentry"],"_links":{"self":[{"href":"https:\/\/aluksne.lv\/index.php\/wp-json\/wp\/v2\/pages\/49356","targetHints":{"allow":["GET"]}}],"collection":[{"href":"https:\/\/aluksne.lv\/index.php\/wp-json\/wp\/v2\/pages"}],"about":[{"href":"https:\/\/aluksne.lv\/index.php\/wp-json\/wp\/v2\/types\/page"}],"author":[{"embeddable":true,"href":"https:\/\/aluksne.lv\/index.php\/wp-json\/wp\/v2\/users\/1"}],"replies":[{"embeddable":true,"href":"https:\/\/aluksne.lv\/index.php\/wp-json\/wp\/v2\/comments?post=49356"}],"version-history":[{"count":6,"href":"https:\/\/aluksne.lv\/index.php\/wp-json\/wp\/v2\/pages\/49356\/revisions"}],"predecessor-version":[{"id":61928,"href":"https:\/\/aluksne.lv\/index.php\/wp-json\/wp\/v2\/pages\/49356\/revisions\/61928"}],"up":[{"embeddable":true,"href":"https:\/\/aluksne.lv\/index.php\/wp-json\/wp\/v2\/pages\/354"}],"wp:attachment":[{"href":"https:\/\/aluksne.lv\/index.php\/wp-json\/wp\/v2\/media?parent=49356"}],"curies":[{"name":"wp","href":"https:\/\/api.w.org\/{rel}","templated":true}]}}