{"id":49674,"date":"2024-06-07T11:02:33","date_gmt":"2024-06-07T08:02:33","guid":{"rendered":"https:\/\/aluksne.lv\/?page_id=49674"},"modified":"2026-01-27T15:32:57","modified_gmt":"2026-01-27T13:32:57","slug":"trauksmes-celsana","status":"publish","type":"page","link":"https:\/\/aluksne.lv\/index.php\/pasvaldiba\/trauksmes-celsana\/","title":{"rendered":"Trauksmes cel\u0161ana"},"content":{"rendered":"<p>&nbsp;<\/p>\n<div class=\"divTable\">\n<div class=\"divTableBody\">\n<div class=\"divTableRow\">\n<div class=\"divTableCell\"><b><a href=\"https:\/\/aluksne.lv\/wp-content\/uploads\/2024\/07\/Iekseja_trauksmes_celsanas_sistema.docx\">Iek\u0161\u0113j\u0101 trauksmes cel\u0161anas sist\u0113ma Al\u016bksnes novada pa\u0161vald\u012bb\u0101<\/a> (.docx)<\/b><\/div>\n<div class=\"divTableCell\"><strong><a href=\"https:\/\/aluksne.lv\/wp-content\/uploads\/2024\/06\/Trauksmes-celeja-zinojuma-veidlapa.docx\">Trauksmes c\u0113l\u0113ja zi\u0146ojuma veidlapa (.docx)<\/a><\/strong><\/div>\n<\/div>\n<\/div>\n<\/div>\n<div>\u00a0<\/div>\n<div>\u00a0<\/div>\n<div>\n<p class=\"text-align-justify\"><strong><a href=\"https:\/\/likumi.lv\/ta\/id\/329680-trauksmes-celsanas-likums\" data-external-link=\"TRUE\">Trauksmes cel\u0161anas likums<\/a><\/strong>, kas st\u0101j\u0101s sp\u0113k\u0101 2022. gada 4.febru\u0101r\u012b, nosaka ikvienam ties\u012bbas celt trauksmi publiskaj\u0101 un priv\u0101taj\u0101 sektor\u0101 par darba vid\u0113 nov\u0113rotu sabiedr\u012bbas intere\u0161u apdraud\u0113jumu.<\/p>\n<p class=\"text-align-justify\">Trauksmes cel\u0161ana \u2013 iesp\u0113ja ikvienam veicin\u0101t likum\u012bgu, godpr\u0101t\u012bgu, atkl\u0101tu un p\u0101rredzamu iest\u0101des darb\u012bbu, izmantojot ties\u012bbas br\u012bvi paust savu viedokli.<\/p>\n<p class=\"text-align-justify\">Trauksmes c\u0113l\u0113js &#8211; fizisk\u0101 persona, kura sniedz inform\u0101ciju par iesp\u0113jamu p\u0101rk\u0101pumu, kas var kait\u0113t sabiedr\u012bbas interes\u0113m, ja persona \u0161o <strong>inform\u0101ciju uzskata par patiesu<\/strong>\u00a0un t\u0101\u00a0<strong>g\u016bta, veicot darba pien\u0101kumus vai dibinot tiesisk\u0101s attiec\u012bbas, kas saist\u012btas ar darba pien\u0101kumu veik\u0161anu<\/strong>.<\/p>\n<p class=\"text-align-justify\">Trauksmes cel\u0161anas zi\u0146ojumu kompetentajai instit\u016bcijai var iesniegt:<\/p>\n<ul>\n<li>ar\u00a0<a href=\"https:\/\/www.trauksmescelejs.lv\/iesniegt-trauksmes-celsanas-zinojumu\" target=\"_blank\" rel=\"noopener\" data-external-link=\"TRUE\">elektronisk\u0101s formas starpniec\u012bbu<\/a>\u00a0t\u012bmek\u013cvietn\u0113\u00a0<a href=\"http:\/\/www.trauksmescelejs.lv\/\" target=\"_blank\" rel=\"noopener\" data-external-link=\"TRUE\">www.trauksmescelejs.lv<\/a><\/li>\n<li><a href=\"https:\/\/www.trauksmescelejs.lv\/sites\/default\/files\/buttons-card-files\/trauksmes_celeja_zinojuma_veidlapa_3.docx\" target=\"_blank\" rel=\"noopener\" data-external-link=\"TRUE\">aizpildot veidlapu un s\u016btot to uz instit\u016bcijas trauksmes cel\u0161anas e-adresi, pa pastu vai iesniedzot kl\u0101tien\u0113<\/a><\/li>\n<li>aizpildot <a href=\"https:\/\/aluksne.lv\/wp-content\/uploads\/2024\/06\/Trauksmes-celeja-zinojuma-veidlapa.docx\">Al\u016bksnes novada pa\u0161vald\u012bbas trauksmes c\u0113l\u0113ja zi\u0146ojuma veidlapu<\/a> un nos\u016btot to Al\u016bksnes novada pa\u0161vald\u012bbas atbild\u012bgaj\u0101m kontaktperson\u0101m trauksmes cel\u0161anas jaut\u0101jumos.<\/li>\n<\/ul>\n<\/div>\n<div><span style=\"font-size: 10pt;\">Vair\u0101k par trauksmes cel\u0161anu uzzini\u00a0<a href=\"http:\/\/www.trauksmescelejs.lv\/\" data-external-link=\"TRUE\">www.trauksmescelejs.lv<\/a><\/span><\/div>\n<div>\n<h3>Al\u016bksnes novada pa\u0161vald\u012bbas atbild\u012bg\u0101s personas (kontaktpersonas) trauksmes cel\u0161anas jaut\u0101jumos:<\/h3>\n<p>&nbsp;<\/p>\n<p><strong>Pa\u0161vald\u012bbas izpilddirektors Ingus BERKULIS<\/strong>, e-pasts ingus.berkulis@aluksne.lv, t\u0101lrunis 28686707<\/p>\n<p><strong>Pa\u0161vald\u012bbas izpilddirektoru trauksmes cel\u0161anas jaut\u0101jumos aizvieto:<\/strong><\/p>\n<\/div>\n<p>&nbsp;<\/p>\n<p><strong>Trauksmes c\u0113l\u0113ja zi\u0146ojuma iesnieg\u0161anas, sa\u0146em\u0161anas, re\u0123istr\u0113\u0161anas un zi\u0146ojuma izskat\u012b\u0161anas k\u0101rt\u012bba Al\u016bksnes novada pa\u0161vald\u012bb\u0101 noteikta noteikumos <a href=\"https:\/\/aluksne.lv\/wp-content\/uploads\/2024\/07\/Iekseja_trauksmes_celsanas_sistema.docx\">&#8220;Iek\u0161\u0113j\u0101 trauksmes cel\u0161anas sist\u0113ma Al\u016bksnes novada pa\u0161vald\u012bb\u0101&#8221;<\/a><\/strong>, apstiprin\u0101ti ar domes priek\u0161s\u0113d\u0113t\u0101ja 24.11.2022. r\u012bkojumu Nr. ANP\/1-6\/22\/381.<\/p>\n<p>&nbsp;<\/p>\n<p>&nbsp;<\/p>\n<div>\u00a0<\/div>\n<div>\u00a0<\/div>\n<div>\u00a0<\/div>\n","protected":false},"excerpt":{"rendered":"<p>&nbsp; Iek\u0161\u0113j\u0101 trauksmes cel\u0161anas sist\u0113ma Al\u016bksnes novada pa\u0161vald\u012bb\u0101 (.docx) Trauksmes c\u0113l\u0113ja zi\u0146ojuma veidlapa (.docx) \u00a0 \u00a0 Trauksmes cel\u0161anas likums, kas st\u0101j\u0101s sp\u0113k\u0101 2022. gada 4.febru\u0101r\u012b, nosaka ikvienam ties\u012bbas celt trauksmi publiskaj\u0101 un priv\u0101taj\u0101 sektor\u0101 par darba vid\u0113 nov\u0113rotu sabiedr\u012bbas intere\u0161u&#8230;<br \/><a class=\"read-more-button\" href=\"https:\/\/aluksne.lv\/index.php\/pasvaldiba\/trauksmes-celsana\/\">Las\u012bt visu<\/a><\/p>\n","protected":false},"author":1,"featured_media":0,"parent":6,"menu_order":0,"comment_status":"closed","ping_status":"closed","template":"","meta":{"_crdt_document":"","_monsterinsights_skip_tracking":false,"_monsterinsights_sitenote_active":false,"_monsterinsights_sitenote_note":"","_monsterinsights_sitenote_category":0,"footnotes":"","_links_to":"","_links_to_target":""},"class_list":["post-49674","page","type-page","status-publish","hentry"],"_links":{"self":[{"href":"https:\/\/aluksne.lv\/index.php\/wp-json\/wp\/v2\/pages\/49674","targetHints":{"allow":["GET"]}}],"collection":[{"href":"https:\/\/aluksne.lv\/index.php\/wp-json\/wp\/v2\/pages"}],"about":[{"href":"https:\/\/aluksne.lv\/index.php\/wp-json\/wp\/v2\/types\/page"}],"author":[{"embeddable":true,"href":"https:\/\/aluksne.lv\/index.php\/wp-json\/wp\/v2\/users\/1"}],"replies":[{"embeddable":true,"href":"https:\/\/aluksne.lv\/index.php\/wp-json\/wp\/v2\/comments?post=49674"}],"version-history":[{"count":1,"href":"https:\/\/aluksne.lv\/index.php\/wp-json\/wp\/v2\/pages\/49674\/revisions"}],"predecessor-version":[{"id":60171,"href":"https:\/\/aluksne.lv\/index.php\/wp-json\/wp\/v2\/pages\/49674\/revisions\/60171"}],"up":[{"embeddable":true,"href":"https:\/\/aluksne.lv\/index.php\/wp-json\/wp\/v2\/pages\/6"}],"wp:attachment":[{"href":"https:\/\/aluksne.lv\/index.php\/wp-json\/wp\/v2\/media?parent=49674"}],"curies":[{"name":"wp","href":"https:\/\/api.w.org\/{rel}","templated":true}]}}