{"id":49687,"date":"2024-06-07T11:39:07","date_gmt":"2024-06-07T08:39:07","guid":{"rendered":"https:\/\/aluksne.lv\/?page_id=49687"},"modified":"2024-11-26T15:15:49","modified_gmt":"2024-11-26T13:15:49","slug":"etika-un-korupcijas-noversana","status":"publish","type":"page","link":"https:\/\/aluksne.lv\/index.php\/pasvaldiba\/etika-un-korupcijas-noversana\/","title":{"rendered":"\u0112tika un korupcijas nov\u0113r\u0161ana"},"content":{"rendered":"<p>&nbsp;<\/p>\n<div class=\"divTable\">\n<div class=\"divTableBody\">\n<div class=\"divTableRow\">\n<div class=\"divTableCellTris\"><a href=\"https:\/\/aluksne.lv\/wp-content\/uploads\/2018\/12\/ANP_etikas_kodekss.pdf\"><b>Al\u016bksnes novada pa\u0161vald\u012bbas \u0113tikas kodekss (.pdf)<\/b><\/a><\/div>\n<\/div>\n<\/div>\n<\/div>\n<div>\u00a0<\/div>\n<div>\u00a0<\/div>\n<h2><span style=\"color: #222222; font-family: Oswald, Arial, Helvetica, sans-serif; font-size: 21px;\">Korupcijas nov\u0113r\u0161ana<\/span><\/h2>\n<div>\n<p><a href=\"https:\/\/aluksne.lv\/wp-content\/uploads\/2024\/11\/knab-informativais-plakats-page-001.jpg\"><img loading=\"lazy\" decoding=\"async\" class=\"alignright wp-image-52589 size-medium\" src=\"https:\/\/aluksne.lv\/wp-content\/uploads\/2024\/11\/knab-informativais-plakats-page-001-424x600.jpg\" alt=\"\" width=\"424\" height=\"600\" srcset=\"https:\/\/aluksne.lv\/wp-content\/uploads\/2024\/11\/knab-informativais-plakats-page-001-424x600.jpg 424w, https:\/\/aluksne.lv\/wp-content\/uploads\/2024\/11\/knab-informativais-plakats-page-001-724x1024.jpg 724w, https:\/\/aluksne.lv\/wp-content\/uploads\/2024\/11\/knab-informativais-plakats-page-001-768x1086.jpg 768w, https:\/\/aluksne.lv\/wp-content\/uploads\/2024\/11\/knab-informativais-plakats-page-001-1086x1536.jpg 1086w, https:\/\/aluksne.lv\/wp-content\/uploads\/2024\/11\/knab-informativais-plakats-page-001-1448x2048.jpg 1448w, https:\/\/aluksne.lv\/wp-content\/uploads\/2024\/11\/knab-informativais-plakats-page-001-1170x1654.jpg 1170w, https:\/\/aluksne.lv\/wp-content\/uploads\/2024\/11\/knab-informativais-plakats-page-001.jpg 1754w\" sizes=\"auto, (max-width: 424px) 100vw, 424px\" \/><\/a><\/p>\n<p>Korupcija ir\u00a0<a style=\"font-style: inherit; font-weight: inherit;\" href=\"https:\/\/www.knab.gov.lv\/lv\/kukulosana\">kuku\u013co\u0161ana<\/a>\u00a0vai jebkura cita valsts amatpersonas r\u012bc\u012bba, kas v\u0113rsta uz to, lai, izmantojot dienesta st\u0101vokli, savas pilnvaras vai p\u0101rsniedzot t\u0101s, ieg\u016btu nepeln\u012btu labumu sev vai cit\u0101m person\u0101m.<\/p>\n<p><a style=\"font-style: inherit; font-weight: inherit;\" href=\"https:\/\/www.knab.gov.lv\/lv\/interesu-konflikts-0\"><strong style=\"font-style: inherit;\">Intere\u0161u konflikts<\/strong><\/a>\u00a0ir situ\u0101cija, kur\u0101 valsts amatpersonai, pildot valsts amatpersonas amata pien\u0101kumus, j\u0101pie\u0146em l\u0113mums vai j\u0101piedal\u0101s l\u0113muma pie\u0146em\u0161an\u0101, vai j\u0101veic citas ar valsts amatpersonas amatu saist\u012btas darb\u012bbas, kas ietekm\u0113 vai var ietekm\u0113t \u0161\u012bs valsts amatpersonas, t\u0101s radinieku vai dar\u012bjumu partneru personisk\u0101s vai mantisk\u0101s intereses.<\/p>\n<p>Korupciju nov\u0113r\u0161 un apkaro Korupcijas nov\u0113r\u0161anas un apkaro\u0161anas birojs (KNAB), kontrol\u0113 politisko organiz\u0101ciju (partiju) finans\u0113\u0161anas k\u0101rt\u012bbas iev\u0113ro\u0161anu un likuma \u201cPar intere\u0161u konflikta nov\u0113r\u0161anu valsts amatpersonu darb\u012bb\u0101\u201d izpildi (tai skait\u0101 valsts amatperson\u0101m noteiktos\u00a0<a style=\"font-style: inherit; font-weight: inherit;\" href=\"https:\/\/www.knab.gov.lv\/lv\/amata-savienosana\"><strong style=\"font-style: inherit;\">amatu savieno\u0161anas<\/strong><\/a>\u00a0ierobe\u017eojumus), k\u0101 ar\u012b citos normat\u012bvajos aktos valsts amatperson\u0101m noteikto papildu ierobe\u017eojumu iev\u0113ro\u0161anu.<\/p>\n<p>Piem\u0113ri un paz\u012bmes, kas var liecin\u0101t par korupciju, pieejami\u00a0<a style=\"font-style: inherit; font-weight: inherit;\" href=\"https:\/\/www.knab.gov.lv\/lv\/media\/3296\/download\"><strong style=\"font-style: inherit;\">\u0160EIT<\/strong><\/a><strong style=\"font-style: inherit;\">.<\/strong><\/p>\n<p><strong>Par iesp\u0113jamiem korupcijas gad\u012bjumiem iedz\u012bvot\u0101ji var zi\u0146ot ar\u012b tie\u0161i KNAB, izmantojot elektronisko zi\u0146o\u0161anas formu, kas ir pieejama\u00a0<\/strong><a style=\"font-style: inherit; font-weight: inherit;\" href=\"https:\/\/www.knab.gov.lv\/lv\/zinot-par-parkapumu-elektroniskaja-zinosanas-forma\">KNAB t\u012bmek\u013cvietn\u0113<\/a><strong style=\"font-style: inherit;\">\u00a0vai\u00a0<\/strong><a style=\"font-style: inherit; font-weight: inherit;\" href=\"https:\/\/www.knab.gov.lv\/lv\/zinosanas-platforma-zino-knab\">platform\u0101 \u201cZi\u0146o Knab\u201d<\/a><strong style=\"font-style: inherit;\">.<\/strong><\/p>\n<\/div>\n<p>&nbsp;<\/p>\n<h2><span style=\"color: #222222; font-family: Oswald, Arial, Helvetica, sans-serif; font-size: 21px;\">Korupcijas un intere\u0161u konflikta risku noteik\u0161anas, nov\u0113r\u0161anas un \u012bsteno\u0161anas k\u0101rt\u012bba Al\u016bksnes novada pa\u0161vald\u012bb\u0101<\/span><\/h2>\n<p>&nbsp;<\/p>\n<ul>\n<li>Ar Al\u016bksnes novada pa\u0161vald\u012bbas domes priek\u0161s\u0113d\u0113t\u0101ja 28.12.2018. r\u012bkojumu Nr. ANP\/1-6\/18\/408 &#8220;Par noteikumu apstiprin\u0101\u0161anu&#8221; Al\u016bksnes novada pa\u0161vald\u012bb\u0101 ir apstiprin\u0101ti noteikumi &#8220;Korupcijas un intere\u0161u konflikta risku noteik\u0161anas, nov\u0113r\u0161anas un \u012bsteno\u0161anas k\u0101rt\u012bba&#8221;.<\/li>\n<\/ul>\n<p>Noteikumi nosaka:<\/p>\n<ul>\n<li>iek\u0161\u0113j\u0101s kontroles sist\u0113mas pamatprincipus korupcijas un intere\u0161u konflikta risku nov\u0113r\u0161anai;<\/li>\n<li>k\u0101rt\u012bbu, k\u0101d\u0101 pa\u0161vald\u012bb\u0101 nodarbin\u0101tajam j\u0101r\u012bkojas, lai zi\u0146otu par iesp\u0113jamiem p\u0101rk\u0101pumiem (tai skait\u0101 korupt\u012bv\u0101m darb\u012bb\u0101m);<\/li>\n<li>k\u0101rt\u012bbu, k\u0101d\u0101 nodarbin\u0101tajam j\u0101r\u012bkojas, lai zi\u0146otu par savu atra\u0161anos intere\u0161u konflikta situ\u0101cij\u0101;<\/li>\n<li>k\u0101rt\u012bbu, k\u0101d\u0101 intere\u0161u konflikta situ\u0101cij\u0101 eso\u0161\u0101 nodarbin\u0101t\u0101 amata uzdevumus nodod citam darbiniekam;<\/li>\n<li>amatu savieno\u0161anas at\u013cauju izsnieg\u0161anas un izsniegto at\u013cauju p\u0101rskat\u012b\u0161anas k\u0101rt\u012bbu.<\/li>\n<\/ul>\n<p>Noteikumi attiecas uz vis\u0101m Al\u016bksnes novada pa\u0161vald\u012bbas instit\u016bcij\u0101m un visiem taj\u0101s nodarbin\u0101tajiem.<\/p>\n<p>Korupcijas un intere\u0161u konflikta risku vad\u012bbas iek\u0161\u0113j\u0101s kontroles sist\u0113mu Al\u016bksnes novada pa\u0161vald\u012bb\u0101 veido \u0113tikas kodekss, pretkorupcijas pl\u0101ns, korupcijas riskam pak\u013cauto amatu saraksts un citi iek\u0161\u0113ji noteikumi.<\/p>\n<p>Konstat\u0113jot korupcijas risku vai p\u0101rk\u0101pumu iest\u0101d\u0113, nodarbin\u0101tais par konstat\u0113to gad\u012bjumu iesniedz anon\u012bmu zi\u0146ojumu noteikumos <a href=\"https:\/\/aluksne.lv\/wp-content\/uploads\/2024\/07\/Iekseja_trauksmes_celsanas_sistema.docx\">&#8220;Iek\u0161\u0113j\u0101 trauksmes cel\u0161anas sist\u0113ma Al\u016bksnes novada pa\u0161vald\u012bb\u0101&#8221;<\/a> noteiktaj\u0101 k\u0101rt\u012bb\u0101, v\u0113r\u0161as ar mutisku vai rakstisku iesniegumu pie attiec \u012bg\u0101s instit\u016bcijas vad\u012bt\u0101ja, vai iesniedz zi\u0146ojumu KNAB, iev\u0113rojot biroja vietn\u0113 www.knab.gov.lv nor\u0101d\u012bt\u0101s sazi\u0146as formas.<\/p>\n<p>Sa\u0146emto zi\u0146ojumu izv\u0113rt\u0113, piem\u0113rojot noteikumos &#8220;Iek\u0161\u0113j\u0101 trauksmes cel\u0161anas sist\u0113ma Al\u016bksnes novada pa\u0161vald\u012bb\u0101&#8221; noteikto k\u0101rt\u012bbu, vai, ja tas ir sa\u0146emts instit\u016bcij\u0101, instit\u016bcijas vad\u012bt\u0101jam pa\u0161am veicot izv\u0113rt\u0113\u0161anu, noz\u012bm\u0113jot atbild\u012bgo vai izveidojot darba grupu korupcijas aizdomu izmekl\u0113\u0161anai.<\/p>\n<p>&nbsp;<\/p>\n<ul>\n<li>Ar Al\u016bksnes novada pa\u0161vald\u012bbas domes priek\u0161s\u0113d\u0113t\u0101ja 28.12.2018. r\u012bkojumu Nr. ANP\/1-6\/18\/407 &#8220;Par pas\u0101kumu pl\u0101na apstiprin\u0101\u0161anu korupcijas riska samazin\u0101\u0161anai vai nov\u0113r\u0161anai&#8221; Al\u016bksnes novada pa\u0161vald\u012bb\u0101 ir apstiprin\u0101ts pas\u0101kumu pl\u0101ns korupcijas risku samazin\u0101\u0161anai vai nov\u0113r\u0161anai.<\/li>\n<\/ul>\n<p>Pl\u0101n\u0101 analiz\u0113tas iesp\u0113jam\u0101s korupcijas riska zonas\/funkcijas, korupcijas riski un to iesp\u0113jam\u012bba un seku ietekme, k\u0101 ar\u012b nosaukti iesp\u0113jamie pretkorupcijas pas\u0101kumi, atbild\u012bg\u0101s personas un izpildes termi\u0146i.<\/p>\n<div>\n<p>&nbsp;<\/p>\n<\/div>\n<div>\n<h2>Inform\u0101cija par ziedojumiem politiskaj\u0101m partij\u0101m\u00a0<\/h2>\n<p>Var iepaz\u012bties <a href=\"https:\/\/info.knab.gov.lv\/lv\/db\/ziedojumi\/\">Korupcijas nov\u0113r\u0161anas un apkaro\u0161anas biroja t\u012bmek\u013cvietn\u0113<\/a>.<\/p>\n<h2>\nInform\u0101cija par deput\u0101tu gada deklar\u0101cij\u0101m<\/h2>\n<p>Var iepaz\u012bties <a href=\"https:\/\/www6.vid.gov.lv\/VAD\">Valsts ie\u0146\u0113mumu dienesta t\u012bmek\u013cvietn\u0113<\/a>.<\/p>\n<\/div>\n<div>\u00a0<\/div>\n","protected":false},"excerpt":{"rendered":"<p>&nbsp; Al\u016bksnes novada pa\u0161vald\u012bbas \u0113tikas kodekss (.pdf) \u00a0 \u00a0 Korupcijas nov\u0113r\u0161ana Korupcija ir\u00a0kuku\u013co\u0161ana\u00a0vai jebkura cita valsts amatpersonas r\u012bc\u012bba, kas v\u0113rsta uz to, lai, izmantojot dienesta st\u0101vokli, savas pilnvaras vai p\u0101rsniedzot t\u0101s, ieg\u016btu nepeln\u012btu labumu sev vai cit\u0101m person\u0101m. Intere\u0161u konflikts\u00a0ir&#8230;<br \/><a class=\"read-more-button\" href=\"https:\/\/aluksne.lv\/index.php\/pasvaldiba\/etika-un-korupcijas-noversana\/\">Las\u012bt visu<\/a><\/p>\n","protected":false},"author":1,"featured_media":0,"parent":6,"menu_order":0,"comment_status":"closed","ping_status":"closed","template":"","meta":{"_crdt_document":"","_monsterinsights_skip_tracking":false,"_monsterinsights_sitenote_active":false,"_monsterinsights_sitenote_note":"","_monsterinsights_sitenote_category":0,"footnotes":"","_links_to":"","_links_to_target":""},"class_list":["post-49687","page","type-page","status-publish","hentry"],"_links":{"self":[{"href":"https:\/\/aluksne.lv\/index.php\/wp-json\/wp\/v2\/pages\/49687","targetHints":{"allow":["GET"]}}],"collection":[{"href":"https:\/\/aluksne.lv\/index.php\/wp-json\/wp\/v2\/pages"}],"about":[{"href":"https:\/\/aluksne.lv\/index.php\/wp-json\/wp\/v2\/types\/page"}],"author":[{"embeddable":true,"href":"https:\/\/aluksne.lv\/index.php\/wp-json\/wp\/v2\/users\/1"}],"replies":[{"embeddable":true,"href":"https:\/\/aluksne.lv\/index.php\/wp-json\/wp\/v2\/comments?post=49687"}],"version-history":[{"count":0,"href":"https:\/\/aluksne.lv\/index.php\/wp-json\/wp\/v2\/pages\/49687\/revisions"}],"up":[{"embeddable":true,"href":"https:\/\/aluksne.lv\/index.php\/wp-json\/wp\/v2\/pages\/6"}],"wp:attachment":[{"href":"https:\/\/aluksne.lv\/index.php\/wp-json\/wp\/v2\/media?parent=49687"}],"curies":[{"name":"wp","href":"https:\/\/api.w.org\/{rel}","templated":true}]}}