{"id":49824,"date":"2024-06-18T08:34:30","date_gmt":"2024-06-18T05:34:30","guid":{"rendered":"https:\/\/aluksne.lv\/?page_id=49824"},"modified":"2024-06-18T09:55:15","modified_gmt":"2024-06-18T06:55:15","slug":"informacija-par-nomatiem-un-iznomatiem-nekustamiem-ipasumiem","status":"publish","type":"page","link":"https:\/\/aluksne.lv\/index.php\/pasvaldiba\/ipasumi\/informacija-par-nomatiem-un-iznomatiem-nekustamiem-ipasumiem\/","title":{"rendered":"Inform\u0101cija par nom\u0101tiem un iznom\u0101tiem nekustamiem \u012bpa\u0161umiem"},"content":{"rendered":"<p>&nbsp;<\/p>\n<div class=\"divTable\">\n<div class=\"divTableBody\">\n<div class=\"divTableRow\">\n<div class=\"divTableCell\"><strong><a href=\"https:\/\/aluksne.lv\/index.php\/pasvaldiba\/ipasumi\/informacija-par-nomatiem-un-iznomatiem-nekustamiem-ipasumiem\/aluksnes-novada-pasvaldibas-nomatie-nekustamie-ipasumi\/\">Al\u016bksnes novada pa\u0161vald\u012bbas nom\u0101tie nekustamie \u012bpa\u0161umi<\/a><\/strong><\/div>\n<div class=\"divTableCell\"><strong><a href=\"https:\/\/aluksne.lv\/index.php\/pasvaldiba\/ipasumi\/informacija-par-nomatiem-un-iznomatiem-nekustamiem-ipasumiem\/aluksnes-novada-pasvaldibas-iznomatie-nekustamie-ipasumi\/\">Al\u016bksnes novada pa\u0161vald\u012bbas iznom\u0101tie nekustamie \u012bpa\u0161umi<\/a><\/strong><\/div>\n<\/div>\n<\/div>\n<\/div>\n<p>&nbsp;<\/p>\n<p>&nbsp;<\/p>\n<p>&nbsp;<\/p>\n<p>&nbsp;<\/p>\n","protected":false},"excerpt":{"rendered":"<p>&nbsp; Al\u016bksnes novada pa\u0161vald\u012bbas nom\u0101tie nekustamie \u012bpa\u0161umi Al\u016bksnes novada pa\u0161vald\u012bbas iznom\u0101tie nekustamie \u012bpa\u0161umi &nbsp; &nbsp; &nbsp; &nbsp;<\/p>\n","protected":false},"author":1,"featured_media":0,"parent":354,"menu_order":0,"comment_status":"closed","ping_status":"closed","template":"","meta":{"_crdt_document":"","_monsterinsights_skip_tracking":false,"_monsterinsights_sitenote_active":false,"_monsterinsights_sitenote_note":"","_monsterinsights_sitenote_category":0,"footnotes":"","_links_to":"","_links_to_target":""},"class_list":["post-49824","page","type-page","status-publish","hentry"],"_links":{"self":[{"href":"https:\/\/aluksne.lv\/index.php\/wp-json\/wp\/v2\/pages\/49824","targetHints":{"allow":["GET"]}}],"collection":[{"href":"https:\/\/aluksne.lv\/index.php\/wp-json\/wp\/v2\/pages"}],"about":[{"href":"https:\/\/aluksne.lv\/index.php\/wp-json\/wp\/v2\/types\/page"}],"author":[{"embeddable":true,"href":"https:\/\/aluksne.lv\/index.php\/wp-json\/wp\/v2\/users\/1"}],"replies":[{"embeddable":true,"href":"https:\/\/aluksne.lv\/index.php\/wp-json\/wp\/v2\/comments?post=49824"}],"version-history":[{"count":0,"href":"https:\/\/aluksne.lv\/index.php\/wp-json\/wp\/v2\/pages\/49824\/revisions"}],"up":[{"embeddable":true,"href":"https:\/\/aluksne.lv\/index.php\/wp-json\/wp\/v2\/pages\/354"}],"wp:attachment":[{"href":"https:\/\/aluksne.lv\/index.php\/wp-json\/wp\/v2\/media?parent=49824"}],"curies":[{"name":"wp","href":"https:\/\/api.w.org\/{rel}","templated":true}]}}