{"id":49830,"date":"2024-06-18T09:53:49","date_gmt":"2024-06-18T06:53:49","guid":{"rendered":"https:\/\/aluksne.lv\/?page_id=49830"},"modified":"2024-06-18T09:54:14","modified_gmt":"2024-06-18T06:54:14","slug":"aluksnes-novada-pasvaldibas-nomatie-nekustamie-ipasumi","status":"publish","type":"page","link":"https:\/\/aluksne.lv\/index.php\/pasvaldiba\/ipasumi\/informacija-par-nomatiem-un-iznomatiem-nekustamiem-ipasumiem\/aluksnes-novada-pasvaldibas-nomatie-nekustamie-ipasumi\/","title":{"rendered":"Al\u016bksnes novada pa\u0161vald\u012bbas nom\u0101tie nekustamie \u012bpa\u0161umi"},"content":{"rendered":"<table width=\"978\">\n<tbody>\n<tr>\n<td rowspan=\"2\" width=\"40\">Nr.p.k.<\/td>\n<td rowspan=\"2\" width=\"364\">Nomas l\u012bguma priek\u0161mets<\/td>\n<td rowspan=\"2\" width=\"184\">Iznom\u0101\u0161anas m\u0113r\u0137is<\/td>\n<td rowspan=\"2\" width=\"127\">Iznom\u0101t\u0101js<\/td>\n<td colspan=\"2\" width=\"161\">Nomas termi\u0146\u0161<\/td>\n<td rowspan=\"2\" width=\"102\">L\u012bguma cena<\/td>\n<\/tr>\n<tr>\n<td width=\"79\">No<\/td>\n<td>L\u012bdz<\/td>\n<\/tr>\n<tr>\n<td>1<\/td>\n<td>Zemes noma R\u016bpniec\u012bbas iela 8F, Al\u016bksne<\/td>\n<td width=\"184\">Teritoriju labiek\u0101rto\u0161ana<\/td>\n<td width=\"127\">Juridiska persona<\/td>\n<td>18.09.2017.<\/td>\n<td>&nbsp;<\/td>\n<td>&nbsp;<\/td>\n<\/tr>\n<tr>\n<td>2<\/td>\n<td>Zemes noma Balo\u017eu bulv\u0101ris 3, Al\u016bksne<\/td>\n<td width=\"184\">Uztur\u0113\u0161anai un apsaimnieko\u0161anai<\/td>\n<td width=\"127\">Juridiska persona<\/td>\n<td>27.10.2017.<\/td>\n<td width=\"82\">Nenoteiktu laiku<\/td>\n<td>28,00<\/td>\n<\/tr>\n<tr>\n<td>3<\/td>\n<td width=\"364\">Zemes noma valsts re\u0123ion\u0101l\u0101 autoce\u013ca P39Al\u016bksne &#8211; Ape, ce\u013ca zemes nodal\u012bjuma joslas da\u013ca 2,097 km &#8211; 2,292 km (Alsvi\u0137u pagasts)<\/td>\n<td width=\"184\">G\u0101j\u0113ju un veloceli\u0146a ier\u012bko\u0161anai<\/td>\n<td width=\"127\">Juridiska persona<\/td>\n<td>14.10.2016<\/td>\n<td>5 gadi<\/td>\n<td width=\"102\">Bezatl\u012bdz\u012bbas<\/td>\n<\/tr>\n<tr>\n<td>4<\/td>\n<td width=\"364\">Zemes noma uguns nov\u0113ro\u0161anas tornis Temp\u013cakaln\u0101, Al\u016bksn\u0113<\/td>\n<td width=\"184\">Piek\u013cuves nodro\u0161in\u0101\u0161ana platformai Temp\u013cakaln\u0101<\/td>\n<td width=\"127\">Juridiska persona<\/td>\n<td>04.02.2015.<\/td>\n<td>04.02.2025.<\/td>\n<td>&nbsp;<\/td>\n<\/tr>\n<tr>\n<td>5<\/td>\n<td>Zemes noma &#8220;Natura 2000&#8221;, &#8220;Vairogi&#8221;, Ziemera pag., Al\u016bksnes novads<\/td>\n<td width=\"184\">T\u016brisma infrastrukt\u016bras uztur\u0113\u0161anai<\/td>\n<td width=\"127\">Fiziska persona\u00a0<\/td>\n<td>21.12.2016<\/td>\n<td>31.12.2028<\/td>\n<td>1,36<\/td>\n<\/tr>\n<tr>\n<td>6<\/td>\n<td width=\"364\">Zemes noma &#8220;Paideru skola&#8221;, Jaunal\u016bksnes pag., Al\u016bksnes novads &#8211; &#8220;Me\u017einieki&#8221;<\/td>\n<td width=\"184\">Atp\u016btas parka izveide<\/td>\n<td width=\"127\">Fiziska persona\u00a0<\/td>\n<td>15.12.2011<\/td>\n<td>14.12.2031<\/td>\n<td width=\"102\">3% no zemesgabala kadastr\u0101l\u0101s v\u0113rt\u012bbas<\/td>\n<\/tr>\n<tr>\n<td>7<\/td>\n<td width=\"364\">Zemes noma &#8220;Natura 2000&#8221; &#8220;Balo\u017ei&#8221;, Ziemera un Jaunlaicenes pag., Al\u016bksnes novads<\/td>\n<td width=\"184\">T\u016brisma infrastrukt\u016bras uztur\u0113\u0161anai<\/td>\n<td width=\"127\">Fiziska persona\u00a0<\/td>\n<td>14.12.2016<\/td>\n<td>31.12.2028<\/td>\n<td>1,06<\/td>\n<\/tr>\n<tr>\n<td>8<\/td>\n<td width=\"364\">Zemes noma &#8220;\u0112kas&#8221;, k\u016bts&#8221;Birz\u012btes&#8221;, M\u0101rkalnes pag., Al\u016bksnes novads<\/td>\n<td width=\"184\">Tr\u012bs, \u010detru, piecu st\u0101vu dz\u012bvojamo \u0113ku apb\u016bve<\/td>\n<td>Fiziska persona\u00a0<\/td>\n<td>23.08.2021<\/td>\n<td>22.08.2026<\/td>\n<td>&nbsp;<\/td>\n<\/tr>\n<tr>\n<td>9<\/td>\n<td width=\"364\">Zemes noma &#8220;Natura 2000&#8221; Mierkalni, Jaunlaicenes pag., Al\u016bksnes novads<\/td>\n<td width=\"184\">G\u0101j\u0113ju ietves izb\u016bv\u0113\u0161anai un uztur\u0113\u0161anai<\/td>\n<td width=\"127\">Fiziska persona\u00a0<\/td>\n<td>20.12.2016<\/td>\n<td>31.12.2028<\/td>\n<td>1,07<\/td>\n<\/tr>\n<tr>\n<td>10<\/td>\n<td>Zemes noma &#8220;Cirtumi&#8221;, Pededzes pag., Al\u016bksnes novads<\/td>\n<td width=\"184\">Parku un za\u013c\u0101s zonas vajadz\u012bb\u0101m<\/td>\n<td width=\"127\">Fiziska persona\u00a0<\/td>\n<td>16.08.2019<\/td>\n<td>31.12.2026<\/td>\n<td>2,00<\/td>\n<\/tr>\n<tr>\n<td>11<\/td>\n<td width=\"364\">Zemes noma &#8220;Natura 2000&#8221;, &#8220;Alejas&#8221;, Veclaicenes pag., Al\u016bksnes novads<\/td>\n<td width=\"184\">T\u016brisma infrastrukt\u016bras uztur\u0113\u0161anai<\/td>\n<td width=\"127\">Fiziska persona\u00a0<\/td>\n<td>28.09.2016<\/td>\n<td>30.09.2026<\/td>\n<td>9,45<\/td>\n<\/tr>\n<tr>\n<td>12<\/td>\n<td width=\"364\">Valsts me\u017es,\u00a0 Ziemera pag., Al\u016bksnes novads<\/td>\n<td width=\"184\">Inform\u0101cijas stendu uzst\u0101d\u012b\u0161ana<\/td>\n<td width=\"127\">Juridiska persona<\/td>\n<td>27.02.2018.<\/td>\n<td>27.02.2025.<\/td>\n<td>&nbsp;<\/td>\n<\/tr>\n<tr>\n<td>13<\/td>\n<td width=\"364\">Zemes noma, &#8220;Ce\u013c\u0161 Malve\u0161i-Aps\u012btes&#8221;, Zelti\u0146u pag., Al\u016bksnes novads<\/td>\n<td width=\"184\">Transporta p\u0101rvieto\u0161anas nodro\u0161in\u0101\u0161anai<\/td>\n<td width=\"127\">Juridiska persona<\/td>\n<td>05.04.2018<\/td>\n<td>Beztermi\u0146a<\/td>\n<td>Bezatl\u012bdz\u012bbas<\/td>\n<\/tr>\n<tr>\n<td>14<\/td>\n<td>Zemes vien\u012bba<\/td>\n<td width=\"184\">Piedero\u0161\u0101 \u012bpa\u0161uma (noliktavas rampas) uztur\u0113\u0161anai un apsaimnieko\u0161anai<\/td>\n<td width=\"127\">Juridiska persona<\/td>\n<td>01.09.2021.<\/td>\n<td>01.09.2026.<\/td>\n<td width=\"102\">28,00<\/td>\n<\/tr>\n<tr>\n<td>15<\/td>\n<td width=\"364\">Zemes noma, &#8220;Kalns&#8221;, Jaunlaicenes pag., Al\u016bksnes novads (D\u0113li\u0146kalna skatu tornis)<\/td>\n<td width=\"184\">T\u016brisma objektu ier\u012bko\u0161ana<\/td>\n<td>Fiziska persona\u00a0<\/td>\n<td>17.10.2016<\/td>\n<td>01.12.2032<\/td>\n<td>&nbsp;<\/td>\n<\/tr>\n<tr>\n<td>16<\/td>\n<td width=\"364\">Zemes noma, &#8220;Natura 2000&#8221; &#8220;Kalns&#8221;, Jaunlaicenes pag., Al\u016bksnes novads<\/td>\n<td width=\"184\">T\u016brisma infrastrukt\u016bras uztur\u0113\u0161anai<\/td>\n<td width=\"127\">Fiziska persona\u00a0<\/td>\n<td>17.10.2016<\/td>\n<td>30.09.2026<\/td>\n<td>5,92<\/td>\n<\/tr>\n<tr>\n<td>17<\/td>\n<td>Zemes noma, Hel\u0113nas iela 26, Al\u016bksne<\/td>\n<td width=\"184\">Krustojuma rekonstrukcija<\/td>\n<td width=\"127\">Fiziska persona\u00a0<\/td>\n<td>25.04.2013<\/td>\n<td>24.03.2038<\/td>\n<td>&nbsp;<\/td>\n<\/tr>\n<tr>\n<td>18<\/td>\n<td>Zemes noma, Hel\u0113nas iela 26, Al\u016bksne (da\u013ca)<\/td>\n<td width=\"184\">Krustojuma rekonstrukcijai<\/td>\n<td width=\"127\">Fiziska persona\u00a0<\/td>\n<td>30.04.2014<\/td>\n<td>29.04.2039<\/td>\n<td>&nbsp;<\/td>\n<\/tr>\n<tr>\n<td>19<\/td>\n<td>Zemes noma, &#8220;Natura 2000&#8221;, &#8220;Lugu\u017ei&#8221;, Jaunlaicenes pag., Al\u016bksnes novads<\/td>\n<td width=\"184\">T\u016brisma infrastrukt\u016bras uztur\u0113\u0161anai<\/td>\n<td width=\"127\">Fiziska persona\u00a0<\/td>\n<td>20.12.2016<\/td>\n<td>31.12.2028<\/td>\n<td>0,95<\/td>\n<\/tr>\n<tr>\n<td>20<\/td>\n<td width=\"364\">Zemes noma, Aldaru iela 1, Al\u016bksne, <br \/>\nEzermalas iela 61, Al\u016bksne<\/td>\n<td width=\"184\">Br\u012bva pieeja publiskajai \u016bdenstilpnei<\/td>\n<td width=\"127\">Fiziska persona\u00a0<\/td>\n<td width=\"79\">24.07.2018.01.10.2018. re\u0123istr\u0113ts<\/td>\n<td width=\"82\">30.09.2028. 10 gadi un plus 2 gadi<\/td>\n<td width=\"102\">Bezatl\u012bdz\u012bbas<\/td>\n<\/tr>\n<tr>\n<td>21<\/td>\n<td>Zemes noma, &#8220;Natura 2000 Dzilnas, Veclaicenes pag., Al\u016bksnes novads<\/td>\n<td width=\"184\">G\u0101j\u0113ju ietves izb\u016bv\u0113\u0161anai un uztur\u0113\u0161anai<\/td>\n<td width=\"127\">Fiziska persona\u00a0<\/td>\n<td>21.12.2016<\/td>\n<td>31.12.2028<\/td>\n<td>0,73<\/td>\n<\/tr>\n<tr>\n<td>22<\/td>\n<td>Zemes noma, Peldu iela 5A, Al\u016bksne<\/td>\n<td width=\"184\">Al\u016bksnes Mazo kapu apsaimnieko\u0161anai (\u016bdens \u0146em\u0161anas vietas un biolo\u0123isko atkritumu atst\u0101\u0161anas vieta)<\/td>\n<td width=\"127\">Fiziska persona\u00a0<\/td>\n<td>30.06.2011<\/td>\n<td>29.06.2026<\/td>\n<td width=\"102\">Uztur\u0113\u0161anas darbi\u00a0<\/td>\n<\/tr>\n<tr>\n<td>23<\/td>\n<td>Zemes noma, R\u012bgas iela 9, Al\u016bksne<\/td>\n<td width=\"184\">Teritoriju labiek\u0101rto\u0161ana<\/td>\n<td width=\"127\">Juridiska persona<\/td>\n<td>04.09.2017.<\/td>\n<td>&nbsp;<\/td>\n<td>&nbsp;<\/td>\n<\/tr>\n<tr>\n<td>24<\/td>\n<td>Zemes noma, Hel\u0113nas iela 32, Al\u016bksne<\/td>\n<td width=\"184\">&#8220;Pienen\u012bte&#8221; \u0113ku, b\u016bvju, b\u0113rnu sp\u0113\u013cu laukumu uztur\u0113\u0161anai<\/td>\n<td width=\"127\">Fiziska persona\u00a0<\/td>\n<td>01.02.2018.<\/td>\n<td>\u00a001.02.2026.<\/td>\n<td>191,52<\/td>\n<\/tr>\n<tr>\n<td>25<\/td>\n<td>Zemes noma, Pils iela 68, Al\u016bksne<\/td>\n<td>Info stenda uztur\u0113\u0161anai<\/td>\n<td width=\"127\">Fiziska persona\u00a0<\/td>\n<td>16.03.2015<\/td>\n<td>15.03.2023<\/td>\n<td>&nbsp;<\/td>\n<\/tr>\n<tr>\n<td>26<\/td>\n<td width=\"364\">Zemes noma, &#8220;Natura 2000&#8221;, &#8220;Vijas&#8221;, Jaunlaicenes pag., Al\u016bksnes novads<\/td>\n<td width=\"184\">T\u016brisma infrastrukt\u016bras uztur\u0113\u0161anai<\/td>\n<td width=\"127\">Fiziska persona\u00a0<\/td>\n<td>17.10.2016<\/td>\n<td>14.10.2026<\/td>\n<td>0,52<\/td>\n<\/tr>\n<tr>\n<td>27<\/td>\n<td width=\"364\">Zemes noma, &#8220;K\u016bti\u0146as&#8221;, M\u0101rkalnes pag., Al\u016bksnes novads<\/td>\n<td width=\"184\">Tr\u012bs, \u010detru, piecu st\u0101vu dz\u012bvojamo \u0113ku apb\u016bve<\/td>\n<td>Fiziska persona\u00a0<\/td>\n<td>30.04.2021<\/td>\n<td>29.04.2026<\/td>\n<td>&nbsp;<\/td>\n<\/tr>\n<tr>\n<td>28<\/td>\n<td>Zemes noma, Pils iela 36, Al\u016bksne<\/td>\n<td width=\"184\">Publisko ielu uztur\u0113\u0161anai<\/td>\n<td width=\"127\">Juridiska persona<\/td>\n<td>10.11.2021.<\/td>\n<td>05.11.2031.<\/td>\n<td width=\"102\">\u00a0<\/td>\n<\/tr>\n<tr>\n<td>29<\/td>\n<td>Zemes noma, Pils iela 25, Al\u016bksne<\/td>\n<td width=\"184\">G\u0101j\u0113ju ietves izb\u016bv\u0113\u0161anai un uztur\u0113\u0161anai<\/td>\n<td width=\"127\">Juridiska persona<\/td>\n<td>19.04.2011<\/td>\n<td>18.04.2026<\/td>\n<td width=\"102\">Uztur\u0113\u0161anas darbi\u00a0<\/td>\n<\/tr>\n<tr>\n<td>30<\/td>\n<td>Telpu noma<\/td>\n<td width=\"184\">M\u0101c\u012bbu darba, skolas koncertu un da\u017e\u0101du izgl\u012btojo\u0161u pas\u0101kumu nodro\u0161in\u0101\u0161anai Al\u016bksnes M\u016bzikas skolai<\/td>\n<td width=\"127\">Juridiska persona<\/td>\n<td>18.12.2017.<\/td>\n<td>17.12.2025.<\/td>\n<td width=\"102\">687,76<\/td>\n<\/tr>\n<\/tbody>\n<\/table>\n","protected":false},"excerpt":{"rendered":"<p>Nr.p.k. Nomas l\u012bguma priek\u0161mets Iznom\u0101\u0161anas m\u0113r\u0137is Iznom\u0101t\u0101js Nomas termi\u0146\u0161 L\u012bguma cena No L\u012bdz 1 Zemes noma R\u016bpniec\u012bbas iela 8F, Al\u016bksne Teritoriju labiek\u0101rto\u0161ana Juridiska persona 18.09.2017. &nbsp; &nbsp; 2 Zemes noma Balo\u017eu bulv\u0101ris 3, Al\u016bksne Uztur\u0113\u0161anai un apsaimnieko\u0161anai Juridiska persona 27.10.2017&#8230;.<br \/><a class=\"read-more-button\" href=\"https:\/\/aluksne.lv\/index.php\/pasvaldiba\/ipasumi\/informacija-par-nomatiem-un-iznomatiem-nekustamiem-ipasumiem\/aluksnes-novada-pasvaldibas-nomatie-nekustamie-ipasumi\/\">Las\u012bt visu<\/a><\/p>\n","protected":false},"author":1,"featured_media":0,"parent":49824,"menu_order":0,"comment_status":"closed","ping_status":"closed","template":"","meta":{"_crdt_document":"","_monsterinsights_skip_tracking":false,"_monsterinsights_sitenote_active":false,"_monsterinsights_sitenote_note":"","_monsterinsights_sitenote_category":0,"footnotes":"","_links_to":"","_links_to_target":""},"class_list":["post-49830","page","type-page","status-publish","hentry"],"_links":{"self":[{"href":"https:\/\/aluksne.lv\/index.php\/wp-json\/wp\/v2\/pages\/49830","targetHints":{"allow":["GET"]}}],"collection":[{"href":"https:\/\/aluksne.lv\/index.php\/wp-json\/wp\/v2\/pages"}],"about":[{"href":"https:\/\/aluksne.lv\/index.php\/wp-json\/wp\/v2\/types\/page"}],"author":[{"embeddable":true,"href":"https:\/\/aluksne.lv\/index.php\/wp-json\/wp\/v2\/users\/1"}],"replies":[{"embeddable":true,"href":"https:\/\/aluksne.lv\/index.php\/wp-json\/wp\/v2\/comments?post=49830"}],"version-history":[{"count":0,"href":"https:\/\/aluksne.lv\/index.php\/wp-json\/wp\/v2\/pages\/49830\/revisions"}],"up":[{"embeddable":true,"href":"https:\/\/aluksne.lv\/index.php\/wp-json\/wp\/v2\/pages\/49824"}],"wp:attachment":[{"href":"https:\/\/aluksne.lv\/index.php\/wp-json\/wp\/v2\/media?parent=49830"}],"curies":[{"name":"wp","href":"https:\/\/api.w.org\/{rel}","templated":true}]}}