{"id":50244,"date":"2024-07-05T09:59:52","date_gmt":"2024-07-05T06:59:52","guid":{"rendered":"https:\/\/aluksne.lv\/?page_id=50244"},"modified":"2026-04-21T08:15:32","modified_gmt":"2026-04-21T05:15:32","slug":"lidzdalibas-budzets","status":"publish","type":"page","link":"https:\/\/aluksne.lv\/index.php\/sabiedriba\/sabiedribas-lidzdaliba\/lidzdalibas-budzets\/","title":{"rendered":"L\u012bdzdal\u012bbas bud\u017eets"},"content":{"rendered":"<div id=\"pl-50244\"  class=\"panel-layout\" ><div id=\"pg-50244-0\"  class=\"panel-grid panel-no-style\" ><div id=\"pgc-50244-0-0\"  class=\"panel-grid-cell\" ><div id=\"panel-50244-0-0-0\" class=\"so-panel widget widget_sow-editor panel-first-child panel-last-child\" data-index=\"0\" ><div\n\t\t\t\n\t\t\tclass=\"so-widget-sow-editor so-widget-sow-editor-base\"\n\t\t\t\n\t\t>\n<div class=\"siteorigin-widget-tinymce textwidget\">\n\t<h2 style=\"text-align: center;\">Al\u016bksnes novada pa\u0161vald\u012bbas l\u012bdzdal\u012bbas bud\u017eets<\/h2>\n<p>Al\u016bksnes novada pa\u0161vald\u012bbas dome 2025. gada 27. marta s\u0113d\u0113 apstiprin\u0101ja saisto\u0161os noteikumus Nr. 8\/2025 <a href=\"https:\/\/likumi.lv\/ta\/id\/359626\"><strong>\u201cAl\u016bksnes novada pa\u0161vald\u012bbas l\u012bdzdal\u012bbas bud\u017eeta nolikums\u201d<\/strong><\/a>.<br \/>\nSaisto\u0161ie noteikumi ir sp\u0113k\u0101 no 2025. gada 2. apr\u012b\u013ca.<\/p>\n<hr \/>\n<h2 style=\"text-align: center;\">Al\u016bksnes novada l\u012bdzdal\u012bbas bud\u017eeta projektu konkurss 2026<\/h2>\n<p><strong><br \/>\nAl\u016bksnes novada pa\u0161vald\u012bba izsludina l\u012bdzdal\u012bbas bud\u017eeta projektu ideju iesnieg\u0161anu no 7. apr\u012b\u013ca l\u012bdz 7. maijam.<a href=\"https:\/\/aluksne.lv\/wp-content\/uploads\/2026\/04\/izsludinam.jpg\"><img loading=\"lazy\" decoding=\"async\" class=\"alignright wp-image-61788 size-medium\" src=\"https:\/\/aluksne.lv\/wp-content\/uploads\/2026\/04\/izsludinam-716x600.jpg\" alt=\"Rekl\u0101mas plak\u0101ts ar fotoatt\u0113lu, kur\u0101 redzama cilv\u0113ku grupa ar saul\u0113 pacelt\u0101m rok\u0101m, simboliz\u0113jot sadarb\u012bbu. Teksts: IZSLUDIN\u0100M L\u012aDZDAL\u012aBAS BUD\u017dETA PROJEKTU KONKURSU AL\u016aKSNES NOVAD\u0100 2026. Iesniedz savu projekta ideju no 7. apr\u012b\u013ca l\u012bdz 7. maijam. Pieteikumu iesnieg\u0161ana www.geolatvija.lv. Inform\u0101cija www.aluksne.lv. LAI TAVA IDEJA PAL\u012aDZ AUGT AL\u016aKSNES NOVADAM!\" width=\"716\" height=\"600\" srcset=\"https:\/\/aluksne.lv\/wp-content\/uploads\/2026\/04\/izsludinam-716x600.jpg 716w, https:\/\/aluksne.lv\/wp-content\/uploads\/2026\/04\/izsludinam-768x644.jpg 768w, https:\/\/aluksne.lv\/wp-content\/uploads\/2026\/04\/izsludinam.jpg 940w\" sizes=\"auto, (max-width: 716px) 100vw, 716px\" \/><\/a><\/strong><\/p>\n<p>L\u012bdzdal\u012bbas bud\u017eets ir viens no iedz\u012bvot\u0101ju l\u012bdzdal\u012bbas instrumentiem. L\u012bdzdal\u012bbas bud\u017eeta projektu konkursa m\u0113r\u0137is ir veicin\u0101t pa\u0161vald\u012bbas teritorijas iedz\u012bvot\u0101ju iesaisti teritorijas att\u012bst\u012bbas jaut\u0101jumu izlem\u0161an\u0101. Kop\u0113jais pa\u0161vald\u012bbas bud\u017eeta finans\u0113jums konkursam \u0161ogad ir 22\u00a0699,40 EUR.<\/p>\n<p>Iesniegt l\u012bdzdal\u012bbas bud\u017eeta projektu idejas var iedz\u012bvot\u0101ji, kas sasniegu\u0161i vismaz 16 gadu vecumu, k\u0101 ar\u012b biedr\u012bbas vai nodibin\u0101jumi, kuros nav pa\u0161vald\u012bbas dal\u012bbas. Saska\u0146\u0101 ar Pa\u0161vald\u012bbu likumu, par iesniegtajiem projektiem balsot var\u0113s piedal\u012bties Al\u016bksnes novada teritorij\u0101 deklar\u0113ti iedz\u012bvot\u0101ji, kuri sasniegu\u0161i vismaz 16 gadu vecumu.<\/p>\n<p>Pirms ideju iesnieg\u0161anas pa\u0161vald\u012bba aicina r\u016bp\u012bgi iepaz\u012bties ar l\u012bdzdal\u012bbas bud\u017eeta nolikumu, kas pieejams ties\u012bbu aktu port\u0101l\u0101 <a href=\"https:\/\/likumi.lv\/ta\/id\/359626\">www.likumi.lv<\/a>, pa\u0161vald\u012bbas t\u012bmek\u013cvietn\u0113 www.aluksne.lv sada\u013c\u0101 <a href=\"https:\/\/aluksne.lv\/index.php\/sabiedriba\/sabiedribas-lidzdaliba\/lidzdalibas-budzets\/\">Sabiedr\u012bba\/Sabiedr\u012bbas l\u012bdzdal\u012bba\/L\u012bdzdal\u012bbas bud\u017eets<\/a>. Kontaktpersona konsult\u0101cij\u0101m par projekta ideju iesnieg\u0161anu: Al\u016bksnes novada pa\u0161vald\u012bbas Centr\u0101l\u0101s administr\u0101cijas Att\u012bst\u012bbas noda\u013cas uz\u0146\u0113m\u0113jdarb\u012bbas atbalsta speci\u0101liste M\u0101ra Sald\u0101bola, e-pasts: mara.saldabola@aluksne.lv, t\u0101lrunis 25425222.<\/p>\n<p>Konkursa projekta idejai j\u0101atbilst \u0161\u0101diem krit\u0113rijiem:<\/p>\n<ul>\n<li>projekta kopt\u0101me nep\u0101rsniedz kop\u0113jo pa\u0161vald\u012bbas bud\u017eeta gad\u0101 \u0161im m\u0113r\u0137im paredz\u0113to finans\u0113jumu (ieskaitot visus nodok\u013cu maks\u0101jumus);<\/li>\n<li>projekts paredz ieguld\u012bjumu publisk\u0101 lieto\u0161an\u0101 eso\u0161\u0101 pa\u0161vald\u012bbas \u012bpa\u0161um\u0101;<\/li>\n<li>paredz\u0113tie ieguld\u012bjumi ir ekonomiski pamatoti, projekta t\u0101m\u0113 ir iek\u013cautas visas izmaksas (t.\u00a0sk. teritorijas izp\u0113te, b\u016bvprojekta izstr\u0101de, autoruzraudz\u012bba, b\u016bvuzraudz\u012bba, ja attiecin\u0101ms) un to ir iesp\u0113jams \u012bstenot atbilsto\u0161i t\u0101m\u0113 nor\u0101d\u012btajam;<\/li>\n<li>projekt\u0101 pl\u0101not\u0101s darb\u012bbas netiek finans\u0113tas no cit\u0101m pa\u0161vald\u012bbas atbalsta programm\u0101m vai citiem finans\u0113juma avotiem (t.\u00a0sk. ziedojumiem un d\u0101vin\u0101jumiem);<\/li>\n<li>projekta m\u0113r\u0137is nodro\u0161ina pa\u0161vald\u012bbas autonomo funkciju \u012bsteno\u0161anu saska\u0146\u0101 ar Pa\u0161vald\u012bbu likuma 4.\u00a0pantu;<\/li>\n<li>projekts paredz palieko\u0161as, sabiedriski noz\u012bm\u012bgas, publiski pla\u0161i pieejamas jaunas infrastrukt\u016bras rad\u012b\u0161anu vai jau eso\u0161as infrastrukt\u016bras uzlabo\u0161anu;<\/li>\n<li>projekta ideja atbilst pa\u0161vald\u012bbas att\u012bst\u012bbas programmas r\u012bc\u012bbas pl\u0101na uzdevumiem un teritorijas pl\u0101nojumam;<\/li>\n<li>projektam nav komerci\u0101la, reli\u0123iska vai politiska rakstura;<\/li>\n<li>projekts paredz piln\u012bgu iesniegt\u0101s idejas realiz\u0113\u0161anu vien\u0101 k\u0101rt\u0101.<\/li>\n<\/ul>\n<p>Projekta pieteikums j\u0101iesniedz port\u0101l\u0101 <a href=\"http:\/\/www.geolatvija.lv\">www.geolatvija.lv<\/a>, aizpildot projekta pieteikuma formu, un j\u0101pievieno:<\/p>\n<ul>\n<li>projekta idejas skici, nor\u0101dot b\u016btisko elementu izm\u0113rus un izvietojumu uz zemesgabala robe\u017eu pl\u0101na vai izdrukas no t\u012bmek\u013cvietnes <a href=\"http:\/\/www.kadastrs.lv\">kadastrs.lv<\/a>, <a href=\"http:\/\/www.topografija.lv\">www.topografija.lv<\/a> vai port\u0101la <a href=\"http:\/\/www.geolatvija.lv\">www.geolatvija.lv<\/a>;<\/li>\n<li>infrastrukt\u016bras att\u012bst\u012bbas elementu vizu\u0101los materi\u0101lus;<\/li>\n<li>projekta t\u0101mi;<\/li>\n<li>dokumentu, kas apliecina pilnvarot\u0101s personas ties\u012bbas r\u012bkoties iesniedz\u0113ja v\u0101rd\u0101 (ja attiecin\u0101ms).<\/li>\n<\/ul>\n<p>Evita APLOKA,<br \/>\nAl\u016bksnes novada pa\u0161vald\u012bbas<br \/>\nCentr\u0101l\u0101s administr\u0101cijas<br \/>\nsabiedrisko attiec\u012bbu speci\u0101liste<\/p>\n<\/div>\n<\/div><\/div><\/div><\/div><div id=\"pg-50244-1\"  class=\"panel-grid panel-no-style\" ><div id=\"pgc-50244-1-0\"  class=\"panel-grid-cell\" ><div id=\"panel-50244-1-0-0\" class=\"so-panel widget widget_sow-button panel-first-child panel-last-child\" data-index=\"1\" ><div\n\t\t\t\n\t\t\tclass=\"so-widget-sow-button so-widget-sow-button-flat-4505edf213f8-50244\"\n\t\t\t\n\t\t><div class=\"ow-button-base ow-button-align-left\"\n>\n\t\t\t<a\n\t\t\t\t\thref=\"index.php\/sabiedriba\/sabiedribas-lidzdaliba\/lidzdalibas-budzets\/informativi-materiali\/\"\n\t\t\t\t\tclass=\"sowb-button ow-icon-placement-left ow-button-hover\" \t>\n\t\t<span>\n\t\t\t\n\t\t\tINFORMAT\u012aVI MATERI\u0100LI\t\t<\/span>\n\t\t\t<\/a>\n\t<\/div>\n<\/div><\/div><\/div><div id=\"pgc-50244-1-1\"  class=\"panel-grid-cell\" ><div id=\"panel-50244-1-1-0\" class=\"so-panel widget widget_sow-button panel-first-child panel-last-child\" data-index=\"2\" ><div\n\t\t\t\n\t\t\tclass=\"so-widget-sow-button so-widget-sow-button-flat-4505edf213f8-50244\"\n\t\t\t\n\t\t><div class=\"ow-button-base ow-button-align-left\"\n>\n\t\t\t<a\n\t\t\t\t\thref=\"index.php\/sabiedriba\/sabiedribas-lidzdaliba\/lidzdalibas-budzets\/lidzdalibas-budzets-2025\/\"\n\t\t\t\t\tclass=\"sowb-button ow-icon-placement-left ow-button-hover\" \t>\n\t\t<span>\n\t\t\t\n\t\t\tL\u012aDZDAL\u012aBAS BUD\u017dETS 2025\t\t<\/span>\n\t\t\t<\/a>\n\t<\/div>\n<\/div><\/div><\/div><\/div><div id=\"pg-50244-2\"  class=\"panel-grid panel-no-style\" ><div id=\"pgc-50244-2-0\"  class=\"panel-grid-cell panel-grid-cell-empty\" ><\/div><\/div><\/div>","protected":false},"excerpt":{"rendered":"<p>Al\u016bksnes novada pa\u0161vald\u012bbas l\u012bdzdal\u012bbas bud\u017eets Al\u016bksnes novada pa\u0161vald\u012bbas dome 2025. gada 27. marta s\u0113d\u0113 apstiprin\u0101ja saisto\u0161os noteikumus Nr. 8\/2025 \u201cAl\u016bksnes novada pa\u0161vald\u012bbas l\u012bdzdal\u012bbas bud\u017eeta nolikums\u201d. Saisto\u0161ie noteikumi ir sp\u0113k\u0101 no 2025. gada 2. apr\u012b\u013ca. Al\u016bksnes novada l\u012bdzdal\u012bbas bud\u017eeta projektu konkurss&#8230;<br \/><a class=\"read-more-button\" href=\"https:\/\/aluksne.lv\/index.php\/sabiedriba\/sabiedribas-lidzdaliba\/lidzdalibas-budzets\/\">Las\u012bt visu<\/a><\/p>\n","protected":false},"author":1,"featured_media":0,"parent":429,"menu_order":0,"comment_status":"closed","ping_status":"closed","template":"","meta":{"_crdt_document":"","_monsterinsights_skip_tracking":false,"_monsterinsights_sitenote_active":false,"_monsterinsights_sitenote_note":"","_monsterinsights_sitenote_category":0,"footnotes":"","_links_to":"","_links_to_target":""},"class_list":["post-50244","page","type-page","status-publish","hentry"],"_links":{"self":[{"href":"https:\/\/aluksne.lv\/index.php\/wp-json\/wp\/v2\/pages\/50244","targetHints":{"allow":["GET"]}}],"collection":[{"href":"https:\/\/aluksne.lv\/index.php\/wp-json\/wp\/v2\/pages"}],"about":[{"href":"https:\/\/aluksne.lv\/index.php\/wp-json\/wp\/v2\/types\/page"}],"author":[{"embeddable":true,"href":"https:\/\/aluksne.lv\/index.php\/wp-json\/wp\/v2\/users\/1"}],"replies":[{"embeddable":true,"href":"https:\/\/aluksne.lv\/index.php\/wp-json\/wp\/v2\/comments?post=50244"}],"version-history":[{"count":7,"href":"https:\/\/aluksne.lv\/index.php\/wp-json\/wp\/v2\/pages\/50244\/revisions"}],"predecessor-version":[{"id":62177,"href":"https:\/\/aluksne.lv\/index.php\/wp-json\/wp\/v2\/pages\/50244\/revisions\/62177"}],"up":[{"embeddable":true,"href":"https:\/\/aluksne.lv\/index.php\/wp-json\/wp\/v2\/pages\/429"}],"wp:attachment":[{"href":"https:\/\/aluksne.lv\/index.php\/wp-json\/wp\/v2\/media?parent=50244"}],"curies":[{"name":"wp","href":"https:\/\/api.w.org\/{rel}","templated":true}]}}