{"id":51533,"date":"2024-09-19T13:22:20","date_gmt":"2024-09-19T10:22:20","guid":{"rendered":"https:\/\/aluksne.lv\/?page_id=51533"},"modified":"2024-09-19T13:22:20","modified_gmt":"2024-09-19T10:22:20","slug":"gramatvedibas-audita-revizijas-pakalpojumi","status":"publish","type":"page","link":"https:\/\/aluksne.lv\/index.php\/uznemejdarbiba\/informacija-par-uznemejiem\/gramatvedibas-audita-revizijas-pakalpojumi\/","title":{"rendered":"Gr\u0101matved\u012bbas, audita, rev\u012bzijas pakalpojumi"},"content":{"rendered":"<p>&nbsp;<\/p>\n<table style=\"border-collapse: collapse; width: 100%;\">\n<tbody>\n<tr>\n<td style=\"width: 50%;\">SIA \u201cSZ Audit&amp;Tax\u201d<br \/>\n&#8220;Sa\u0161ava&#8221;, M\u0101lupes pagasts, Al\u016bksnes novads, LV-4358<br \/>\nT.: +371 26383449<\/td>\n<td style=\"width: 50%;\">E-pasts: info@audit.lv<br \/>\n<a href=\"https:\/\/www.audit.lv\" target=\"_blank\" rel=\"noopener\">www.audit.lv<\/a><br \/>\nPakalpojumi: m\u016bsu komandai ir pla\u0161as zin\u0101\u0161anas rev\u012bzijas, nodok\u013cu jaut\u0101jumu un gr\u0101matved\u012bbas jom\u0101s, k\u0101 ar\u012b pied\u0101v\u0101jam augstas kvalit\u0101tes finan\u0161u direktora \u0101rpakalpojumus.<\/td>\n<\/tr>\n<\/tbody>\n<\/table>\n","protected":false},"excerpt":{"rendered":"<p>&nbsp; SIA \u201cSZ Audit&amp;Tax\u201d &#8220;Sa\u0161ava&#8221;, M\u0101lupes pagasts, Al\u016bksnes novads, LV-4358 T.: +371 26383449 E-pasts: info@audit.lv www.audit.lv Pakalpojumi: m\u016bsu komandai ir pla\u0161as zin\u0101\u0161anas rev\u012bzijas, nodok\u013cu jaut\u0101jumu un gr\u0101matved\u012bbas jom\u0101s, k\u0101 ar\u012b pied\u0101v\u0101jam augstas kvalit\u0101tes finan\u0161u direktora \u0101rpakalpojumus.<\/p>\n","protected":false},"author":1,"featured_media":0,"parent":471,"menu_order":0,"comment_status":"closed","ping_status":"closed","template":"","meta":{"_crdt_document":"","_monsterinsights_skip_tracking":false,"_monsterinsights_sitenote_active":false,"_monsterinsights_sitenote_note":"","_monsterinsights_sitenote_category":0,"footnotes":"","_links_to":"","_links_to_target":""},"class_list":["post-51533","page","type-page","status-publish","hentry"],"_links":{"self":[{"href":"https:\/\/aluksne.lv\/index.php\/wp-json\/wp\/v2\/pages\/51533","targetHints":{"allow":["GET"]}}],"collection":[{"href":"https:\/\/aluksne.lv\/index.php\/wp-json\/wp\/v2\/pages"}],"about":[{"href":"https:\/\/aluksne.lv\/index.php\/wp-json\/wp\/v2\/types\/page"}],"author":[{"embeddable":true,"href":"https:\/\/aluksne.lv\/index.php\/wp-json\/wp\/v2\/users\/1"}],"replies":[{"embeddable":true,"href":"https:\/\/aluksne.lv\/index.php\/wp-json\/wp\/v2\/comments?post=51533"}],"version-history":[{"count":0,"href":"https:\/\/aluksne.lv\/index.php\/wp-json\/wp\/v2\/pages\/51533\/revisions"}],"up":[{"embeddable":true,"href":"https:\/\/aluksne.lv\/index.php\/wp-json\/wp\/v2\/pages\/471"}],"wp:attachment":[{"href":"https:\/\/aluksne.lv\/index.php\/wp-json\/wp\/v2\/media?parent=51533"}],"curies":[{"name":"wp","href":"https:\/\/api.w.org\/{rel}","templated":true}]}}