{"id":51726,"date":"2024-10-02T14:25:39","date_gmt":"2024-10-02T11:25:39","guid":{"rendered":"https:\/\/aluksne.lv\/?page_id=51726"},"modified":"2025-11-03T15:10:38","modified_gmt":"2025-11-03T13:10:38","slug":"interesu-izglitiba","status":"publish","type":"page","link":"https:\/\/aluksne.lv\/index.php\/pasvaldiba\/pakalpojumi\/izglitiba\/interesu-izglitiba\/","title":{"rendered":"Intere\u0161u izgl\u012bt\u012bba"},"content":{"rendered":"<p>&nbsp;<\/p>\n<p>Intere\u0161u izgl\u012bt\u012bbas metodisko un informat\u012bvo darbu Al\u016bksnes novad\u0101 nodro\u0161ina <strong>Al\u016bksnes B\u0113rnu un jaunie\u0161u centrs<\/strong> (ABJC).<\/p>\n<p><strong>Al\u016bksnes B\u0113rnu un jaunie\u0161u centrs<\/strong>,<br \/>\nD\u0101rza iela 8E, Al\u016bksne, Al\u016bksnes novads<br \/>\nT\u0101lru\u0146i: 64322402, 29190552<br \/>\nE-pasts: abjc@aluksne.lv<br \/>\neAdrese: _DEFAULT@40900006392<br \/>\n<a href=\"http:\/\/www.abjc.lv\" target=\"_blank\" rel=\"noopener\">www.abjc.lv<\/a><\/p>\n<p><strong>ABJC izvirza m\u0101c\u012bbu gada priorit\u0101tes un uzdevumus<\/strong> intere\u0161u izgl\u012bt\u012bb\u0101, saska\u0146\u0101 ar valst\u012b noteiktaj\u0101m priorit\u0101t\u0113m, p\u0101rrauga un koordin\u0113 intere\u0161u izgl\u012bt\u012bbas programmu \u012bsteno\u0161anu.<\/p>\n<p><strong>Intere\u0161u izgl\u012bt\u012bbas programmas Al\u016bksnes novada pa\u0161vald\u012bb\u0101 \u012bsteno<\/strong><br \/>\n1) Al\u016bksnes novada pa\u0161vald\u012bbas izgl\u012bt\u012bbas iest\u0101des:<\/p>\n<ul>\n<li>Al\u016bksnes B\u0113rnu un jaunie\u0161u centrs,<\/li>\n<li>Al\u016bksnes M\u0101kslas skola,<\/li>\n<li>Al\u016bksnes Sporta skola,<\/li>\n<li>Al\u016bksnes M\u016bzikas skola,<\/li>\n<\/ul>\n<p>2) fiziska vai juridiska persona, kas pa\u0161vald\u012bb\u0101 sa\u0146\u0113musi licenci programmas \u012bsteno\u0161anai.<\/p>\n<p>&nbsp;<\/p>\n<p>Intere\u0161u izgl\u012bt\u012bbas programmu \u012bsteno\u0161anas k\u0101rt\u012bbu Al\u016bksnes novad\u0101 nosaka Al\u016bksnes novada pa\u0161vald\u012bbas domes saisto\u0161ie noteikumi <a href=\"https:\/\/likumi.lv\/ta\/id\/351067-par-interesu-izglitibas-programmu-istenosanu-aluksnes-novada\" target=\"_blank\" rel=\"noopener\">Nr. 11\/2024 \u201cPar intere\u0161u izgl\u012bt\u012bbas programmu \u012bsteno\u0161anu Al\u016bksnes novad\u0101\u201d<\/a>.<\/p>\n<p>Licences izsnieg\u0161anu intere\u0161u izgl\u012bt\u012bbas programmas \u012bsteno\u0161anai juridisk\u0101m un fizisk\u0101m person\u0101m, kuras nav re\u0123istr\u0113tas Izgl\u012bt\u012bbas iest\u0101\u017eu re\u0123istr\u0101, nosaka Al\u016bksnes novada pa\u0161vald\u012bbas domes saisto\u0161ie noteikumi <a href=\"https:\/\/likumi.lv\/ta\/id\/350951-par-interesu-izglitibas-programmu-licencesanu\" target=\"_blank\" rel=\"noopener\">Nr.10\/2024 &#8220;Par intere\u0161u izgl\u012bt\u012bbas programmu licenc\u0113\u0161anu&#8221;<\/a>.<\/p>\n<p><strong><a href=\"https:\/\/aluksne.lv\/wp-content\/uploads\/2025\/10\/No-pasvaldibass-finansejuma-apstiprinatas-interesu-izglitibas-programmas-2025.docx\">Inform\u0101cija par intere\u0161u izgl\u012bt\u012bbas programmu \u012bsteno\u0161anai pie\u0161\u0137irto stundu sadal\u012bjumu no Al\u016bksnes novada pa\u0161vald\u012bbas pamatbud\u017eeta l\u012bdzek\u013ciem<\/a><\/strong> <strong>(.docx)<\/strong><\/p>\n<p><strong><a href=\"https:\/\/aluksne.lv\/wp-content\/uploads\/2025\/10\/No-valsts-merkdotacijas-finansejuma-apstiprinatas-interesu-izglitibas-prog.-2025.docx\">Inform\u0101cija par intere\u0161u izgl\u012bt\u012bbas programmu \u012bsteno\u0161anai pie\u0161\u0137irto stundu sadal\u012bjumu no valsts bud\u017eeta m\u0113r\u0137dot\u0101cijas<\/a><\/strong> <strong>(.docx)<\/strong><\/p>\n<p><strong><a href=\"https:\/\/aluksne.lv\/wp-content\/uploads\/2025\/11\/Aluksnes-novada-Interesu-izglitibas-plans_2025_26_labots.docx\">Al\u016bksnes novada intere\u0161u izgl\u012bt\u012bbas aktivit\u0101\u0161u\/ notikumu PL\u0100NS 2025.\/2026. m\u0101c\u012bbu gadam<\/a><\/strong><\/p>\n","protected":false},"excerpt":{"rendered":"<p>&nbsp; Intere\u0161u izgl\u012bt\u012bbas metodisko un informat\u012bvo darbu Al\u016bksnes novad\u0101 nodro\u0161ina Al\u016bksnes B\u0113rnu un jaunie\u0161u centrs (ABJC). Al\u016bksnes B\u0113rnu un jaunie\u0161u centrs, D\u0101rza iela 8E, Al\u016bksne, Al\u016bksnes novads T\u0101lru\u0146i: 64322402, 29190552 E-pasts: abjc@aluksne.lv eAdrese: _DEFAULT@40900006392 www.abjc.lv ABJC izvirza m\u0101c\u012bbu gada priorit\u0101tes&#8230;<br \/><a class=\"read-more-button\" href=\"https:\/\/aluksne.lv\/index.php\/pasvaldiba\/pakalpojumi\/izglitiba\/interesu-izglitiba\/\">Las\u012bt visu<\/a><\/p>\n","protected":false},"author":1,"featured_media":0,"parent":4239,"menu_order":0,"comment_status":"closed","ping_status":"closed","template":"","meta":{"_crdt_document":"","_monsterinsights_skip_tracking":false,"_monsterinsights_sitenote_active":false,"_monsterinsights_sitenote_note":"","_monsterinsights_sitenote_category":0,"footnotes":"","_links_to":"","_links_to_target":""},"class_list":["post-51726","page","type-page","status-publish","hentry"],"_links":{"self":[{"href":"https:\/\/aluksne.lv\/index.php\/wp-json\/wp\/v2\/pages\/51726","targetHints":{"allow":["GET"]}}],"collection":[{"href":"https:\/\/aluksne.lv\/index.php\/wp-json\/wp\/v2\/pages"}],"about":[{"href":"https:\/\/aluksne.lv\/index.php\/wp-json\/wp\/v2\/types\/page"}],"author":[{"embeddable":true,"href":"https:\/\/aluksne.lv\/index.php\/wp-json\/wp\/v2\/users\/1"}],"replies":[{"embeddable":true,"href":"https:\/\/aluksne.lv\/index.php\/wp-json\/wp\/v2\/comments?post=51726"}],"version-history":[{"count":0,"href":"https:\/\/aluksne.lv\/index.php\/wp-json\/wp\/v2\/pages\/51726\/revisions"}],"up":[{"embeddable":true,"href":"https:\/\/aluksne.lv\/index.php\/wp-json\/wp\/v2\/pages\/4239"}],"wp:attachment":[{"href":"https:\/\/aluksne.lv\/index.php\/wp-json\/wp\/v2\/media?parent=51726"}],"curies":[{"name":"wp","href":"https:\/\/api.w.org\/{rel}","templated":true}]}}