{"id":53655,"date":"2025-01-24T09:25:43","date_gmt":"2025-01-24T07:25:43","guid":{"rendered":"https:\/\/aluksne.lv\/?page_id=53655"},"modified":"2025-01-24T10:17:33","modified_gmt":"2025-01-24T08:17:33","slug":"aluksnes-novada-pasvaldibas-ierobezotas-pieejamibas-informacijas-saraksts","status":"publish","type":"page","link":"https:\/\/aluksne.lv\/index.php\/pasvaldiba\/dokumenti\/aluksnes-novada-pasvaldibas-ierobezotas-pieejamibas-informacijas-saraksts\/","title":{"rendered":"Al\u016bksnes novada pa\u0161vald\u012bbas ierobe\u017eotas pieejam\u012bbas inform\u0101cijas saraksts"},"content":{"rendered":"<p>&nbsp;<\/p>\n<p>Al\u016bksnes novada pa\u0161vald\u012bbas ierobe\u017eotas pieejam\u012bbas inform\u0101cijas saraksts 2025 (<a href=\"https:\/\/aluksne.lv\/wp-content\/uploads\/2025\/01\/Ierobezotas_pieejamibas_inf_saraksts_2025.pdf\">.pdf<\/a> <a href=\"https:\/\/aluksne.lv\/wp-content\/uploads\/2025\/01\/ANP-saraksts.docx\">.docx<\/a>)<\/p>\n<p>&nbsp;<\/p>\n<p>Groz\u012bjumi Al\u016bksnes novada pa\u0161vald\u012bbas ierobe\u017eotas pieejam\u012bbas inform\u0101cijas sarakst\u0101 2025 (<a href=\"https:\/\/aluksne.lv\/wp-content\/uploads\/2025\/01\/Ierobezotas_pieejamibas_informacija_grozijumi_2025.pdf\">.pdf<\/a>)<\/p>\n<p>&nbsp;<\/p>\n<p>Veidlapa IEROBE\u017dOTAS PIEEJAM\u012aBAS INFORM\u0100CIJAS PIEPRAS\u012aJUMS (<a href=\"https:\/\/aluksne.lv\/wp-content\/uploads\/2025\/01\/Informacijas_pieprasijums.docx\">.docx<\/a>)<\/p>\n","protected":false},"excerpt":{"rendered":"<p>&nbsp; Al\u016bksnes novada pa\u0161vald\u012bbas ierobe\u017eotas pieejam\u012bbas inform\u0101cijas saraksts 2025 (.pdf .docx) &nbsp; Groz\u012bjumi Al\u016bksnes novada pa\u0161vald\u012bbas ierobe\u017eotas pieejam\u012bbas inform\u0101cijas sarakst\u0101 2025 (.pdf) &nbsp; Veidlapa IEROBE\u017dOTAS PIEEJAM\u012aBAS INFORM\u0100CIJAS PIEPRAS\u012aJUMS (.docx)<\/p>\n","protected":false},"author":1,"featured_media":0,"parent":352,"menu_order":0,"comment_status":"closed","ping_status":"closed","template":"","meta":{"_crdt_document":"","_monsterinsights_skip_tracking":false,"_monsterinsights_sitenote_active":false,"_monsterinsights_sitenote_note":"","_monsterinsights_sitenote_category":0,"footnotes":"","_links_to":"","_links_to_target":""},"class_list":["post-53655","page","type-page","status-publish","hentry"],"_links":{"self":[{"href":"https:\/\/aluksne.lv\/index.php\/wp-json\/wp\/v2\/pages\/53655","targetHints":{"allow":["GET"]}}],"collection":[{"href":"https:\/\/aluksne.lv\/index.php\/wp-json\/wp\/v2\/pages"}],"about":[{"href":"https:\/\/aluksne.lv\/index.php\/wp-json\/wp\/v2\/types\/page"}],"author":[{"embeddable":true,"href":"https:\/\/aluksne.lv\/index.php\/wp-json\/wp\/v2\/users\/1"}],"replies":[{"embeddable":true,"href":"https:\/\/aluksne.lv\/index.php\/wp-json\/wp\/v2\/comments?post=53655"}],"version-history":[{"count":0,"href":"https:\/\/aluksne.lv\/index.php\/wp-json\/wp\/v2\/pages\/53655\/revisions"}],"up":[{"embeddable":true,"href":"https:\/\/aluksne.lv\/index.php\/wp-json\/wp\/v2\/pages\/352"}],"wp:attachment":[{"href":"https:\/\/aluksne.lv\/index.php\/wp-json\/wp\/v2\/media?parent=53655"}],"curies":[{"name":"wp","href":"https:\/\/api.w.org\/{rel}","templated":true}]}}