{"id":53997,"date":"2025-02-12T13:48:25","date_gmt":"2025-02-12T11:48:25","guid":{"rendered":"https:\/\/aluksne.lv\/?page_id=53997"},"modified":"2026-01-06T08:37:41","modified_gmt":"2026-01-06T06:37:41","slug":"civilas-aizsardzibas-plans","status":"publish","type":"page","link":"https:\/\/aluksne.lv\/index.php\/pasvaldiba\/civilas-aizsardzibas-plans\/civilas-aizsardzibas-plans\/","title":{"rendered":"Civil\u0101s aizsardz\u012bbas pl\u0101ns"},"content":{"rendered":"<p>&nbsp;<\/p>\n<p><strong><a href=\"https:\/\/aluksne.lv\/09_03\/CAP_PLANS_2025.pdf\">AL\u016aKSNES SADARB\u012aBAS TERITORIJAS CIVIL\u0100S AIZSARDZ\u012aBAS PL\u0100NS<\/a><\/strong><\/p>\n<p>(apstiprin\u0101ts ar Al\u016bksnes novada pa\u0161vald\u012bbas domes 23.12.2025. l\u0113mumu Nr. 420)<\/p>\n","protected":false},"excerpt":{"rendered":"<p>&nbsp; AL\u016aKSNES SADARB\u012aBAS TERITORIJAS CIVIL\u0100S AIZSARDZ\u012aBAS PL\u0100NS (apstiprin\u0101ts ar Al\u016bksnes novada pa\u0161vald\u012bbas domes 23.12.2025. l\u0113mumu Nr. 420)<\/p>\n","protected":false},"author":1,"featured_media":0,"parent":583,"menu_order":0,"comment_status":"closed","ping_status":"closed","template":"","meta":{"_crdt_document":"","_monsterinsights_skip_tracking":false,"_monsterinsights_sitenote_active":false,"_monsterinsights_sitenote_note":"","_monsterinsights_sitenote_category":0,"footnotes":"","_links_to":"","_links_to_target":""},"class_list":["post-53997","page","type-page","status-publish","hentry"],"_links":{"self":[{"href":"https:\/\/aluksne.lv\/index.php\/wp-json\/wp\/v2\/pages\/53997","targetHints":{"allow":["GET"]}}],"collection":[{"href":"https:\/\/aluksne.lv\/index.php\/wp-json\/wp\/v2\/pages"}],"about":[{"href":"https:\/\/aluksne.lv\/index.php\/wp-json\/wp\/v2\/types\/page"}],"author":[{"embeddable":true,"href":"https:\/\/aluksne.lv\/index.php\/wp-json\/wp\/v2\/users\/1"}],"replies":[{"embeddable":true,"href":"https:\/\/aluksne.lv\/index.php\/wp-json\/wp\/v2\/comments?post=53997"}],"version-history":[{"count":0,"href":"https:\/\/aluksne.lv\/index.php\/wp-json\/wp\/v2\/pages\/53997\/revisions"}],"up":[{"embeddable":true,"href":"https:\/\/aluksne.lv\/index.php\/wp-json\/wp\/v2\/pages\/583"}],"wp:attachment":[{"href":"https:\/\/aluksne.lv\/index.php\/wp-json\/wp\/v2\/media?parent=53997"}],"curies":[{"name":"wp","href":"https:\/\/api.w.org\/{rel}","templated":true}]}}