{"id":53999,"date":"2025-02-12T13:48:57","date_gmt":"2025-02-12T11:48:57","guid":{"rendered":"https:\/\/aluksne.lv\/?page_id=53999"},"modified":"2025-02-12T13:57:06","modified_gmt":"2025-02-12T11:57:06","slug":"informativie-materiali","status":"publish","type":"page","link":"https:\/\/aluksne.lv\/index.php\/pasvaldiba\/civilas-aizsardzibas-plans\/informativie-materiali\/","title":{"rendered":"Informat\u012bvie materi\u0101li"},"content":{"rendered":"<div id=\"pl-53999\"  class=\"panel-layout\" ><div id=\"pg-53999-0\"  class=\"panel-grid panel-no-style\" ><div id=\"pgc-53999-0-0\"  class=\"panel-grid-cell\" ><div id=\"panel-53999-0-0-0\" class=\"so-panel widget widget_happenstancedefault homepage-default-posts panel-first-child panel-last-child\" data-index=\"0\" >  <section class=\"home-latest-posts\">\n \n                \n<h2 class=\"entry-headline\"><span class=\"entry-headline-text\"><a href=\"https:\/\/aluksne.lv\/index.php\/category\/civila-aizsardziba\/\"><\/a><\/span><\/h2>\n\n            \n      <article class=\"post-entry post-58795 post type-post status-publish format-standard has-post-thumbnail hentry category-civila-aizsardziba category-noderiga-informacija\">\r\n        <h2 class=\"post-entry-headline title single-title entry-title\"><a href=\"https:\/\/aluksne.lv\/index.php\/2025\/11\/06\/konferences-sabiedribas-iesaiste-civilas-aizsardzibas-sistema-video-ieraksts\/\">Konferences \u201cSabiedr\u012bbas iesaiste civil\u0101s aizsardz\u012bbas sist\u0113m\u0101\u201d video ieraksts<\/a><\/h2>\r\n        <p class=\"post-meta\">\r\n          <span class=\"post-info-author vcard author\"><i class=\"icon_pencil-edit\" aria-hidden=\"true\"><\/i><span class=\"fn\"><a href=\"https:\/\/aluksne.lv\/index.php\/author\/evita\/\" title=\"Evita Aploka publik\u0101cijas\" rel=\"author\">Evita Aploka<\/a><\/span><\/span>\r\n          <span class=\"post-info-date post_date date updated\"><i class=\"icon_clock_alt\" aria-hidden=\"true\"><\/i><a href=\"https:\/\/aluksne.lv\/index.php\/2025\/11\/06\/konferences-sabiedribas-iesaiste-civilas-aizsardzibas-sistema-video-ieraksts\/\">06.11.2025<\/a><\/span>\r\n        <\/p>\r\n        <div class=\"post-entry-content-wrapper\">\r\n          <a href=\"https:\/\/aluksne.lv\/index.php\/2025\/11\/06\/konferences-sabiedribas-iesaiste-civilas-aizsardzibas-sistema-video-ieraksts\/\"><img loading=\"lazy\" decoding=\"async\" width=\"150\" height=\"150\" src=\"https:\/\/aluksne.lv\/wp-content\/uploads\/2025\/11\/Bez-nosaukuma-150x150.png\" class=\"attachment-thumbnail size-thumbnail wp-post-image\" alt=\"Konferences afi\u0161a par civilo aizsardz\u012bbu\" srcset=\"https:\/\/aluksne.lv\/wp-content\/uploads\/2025\/11\/Bez-nosaukuma-150x150.png 150w, https:\/\/aluksne.lv\/wp-content\/uploads\/2025\/11\/Bez-nosaukuma-60x60.png 60w, https:\/\/aluksne.lv\/wp-content\/uploads\/2025\/11\/Bez-nosaukuma-375x375.png 375w\" sizes=\"auto, (max-width: 150px) 100vw, 150px\" \/><\/a>\r\n          <div class=\"post-entry-content\">\r\n<p>5. novembr\u012b biedr\u012bbas \u201cAl\u016bksnes NVO atbalsta centrs\u201d un \u201cAl\u016bksnes lauku partner\u012bba\u201d un nodibin\u0101jums \u201cAl\u016bksnes un Apes novada fonds\u201d sadarb\u012bb\u0101 ar Al\u016bksnes novada pa\u0161vald\u012bbu iedz\u012bvot\u0101jiem organiz\u0113ja konferenci \u201cSabiedr\u012bbas iesaiste civil\u0101s aizsardz\u012bbas sist\u0113m\u0101\u201d. Konferences m\u0113r\u0137is bija inform\u0113t iedz\u012bvot\u0101jus par Al\u016bksnes novada sadarb\u012bbas&#8230;<br \/><a class=\"read-more-button\" href=\"https:\/\/aluksne.lv\/index.php\/2025\/11\/06\/konferences-sabiedribas-iesaiste-civilas-aizsardzibas-sistema-video-ieraksts\/\">Las\u012bt visu<\/a><\/p>\n          <\/div>\r\n        <\/div>\r\n\t<div class=\"social-share\">\n  <fb:like href=\"https:\/\/aluksne.lv\/index.php\/2025\/11\/06\/konferences-sabiedribas-iesaiste-civilas-aizsardzibas-sistema-video-ieraksts\/\" send=\"true\" layout=\"button_count\" width=\"200\" show_faces=\"true\"><\/fb:like>\n\t<a href=\"http:\/\/twitter.com\/share\" class=\"twitter-share-button\" data-url=\"https:\/\/aluksne.lv\/index.php\/2025\/11\/06\/konferences-sabiedribas-iesaiste-civilas-aizsardzibas-sistema-video-ieraksts\/\">Tweet<\/a>\n\t<g:plusone size=\"medium\" href=\"https:\/\/aluksne.lv\/index.php\/2025\/11\/06\/konferences-sabiedribas-iesaiste-civilas-aizsardzibas-sistema-video-ieraksts\/\"><\/g:plusone>\n\t<\/div>\n        <div class=\"post-info\">\r\n          <p class=\"post-category\"><span class=\"post-info-category\"><i class=\"icon_folder-alt\" aria-hidden=\"true\"><\/i><a href=\"https:\/\/aluksne.lv\/index.php\/category\/civila-aizsardziba\/\" rel=\"category tag\">Civil\u0101 aizsardz\u012bba<\/a>, <a href=\"https:\/\/aluksne.lv\/index.php\/category\/noderiga-informacija\/\" rel=\"category tag\">Noder\u012bga inform\u0101cija<\/a><\/span><\/p>\r\n        <\/div>\r\n      <\/article>            \n      <article class=\"post-entry post-54566 post type-post status-publish format-standard hentry category-civila-aizsardziba\">\r\n        <h2 class=\"post-entry-headline title single-title entry-title\"><a href=\"https:\/\/aluksne.lv\/index.php\/2025\/03\/20\/timeklvietne-www-112-lv-un-lietotne-112-latvija\/\">T\u012bmek\u013cvietne www.112.lv un lietotne &#8220;112 Latvija&#8221;<\/a><\/h2>\r\n        <p class=\"post-meta\">\r\n          <span class=\"post-info-author vcard author\"><i class=\"icon_pencil-edit\" aria-hidden=\"true\"><\/i><span class=\"fn\"><a href=\"https:\/\/aluksne.lv\/index.php\/author\/jurijs\/\" title=\"jurijs publik\u0101cijas\" rel=\"author\">jurijs<\/a><\/span><\/span>\r\n          <span class=\"post-info-date post_date date updated\"><i class=\"icon_clock_alt\" aria-hidden=\"true\"><\/i><a href=\"https:\/\/aluksne.lv\/index.php\/2025\/03\/20\/timeklvietne-www-112-lv-un-lietotne-112-latvija\/\">20.03.2025<\/a><\/span>\r\n        <\/p>\r\n        <div class=\"post-entry-content-wrapper\">\r\n          <div class=\"post-entry-content\">\r\n<p>T\u012bmek\u013cvietne un lietotne &#8220;112 Latvija&#8221; tika izveidota, lai veicin\u0101tu iedz\u012bvot\u0101ju zin\u0101\u0161anas par pareizu r\u012bc\u012bbu da\u017e\u0101dos apdraud\u0113jumos, uzlabotu iedz\u012bvot\u0101ju zin\u0101\u0161anas par vienoto \u0101rk\u0101rtas pal\u012bdz\u012bbas izsaukuma t\u0101lru\u0146a numuru 1 1 2, t.sk., sazi\u0146u ar operat\u012bvajiem dienestiem, k\u0101 ar\u012b sniegtu iesp\u0113ju operat\u012bvi sa\u0146emt&#8230;<br \/><a class=\"read-more-button\" href=\"https:\/\/aluksne.lv\/index.php\/2025\/03\/20\/timeklvietne-www-112-lv-un-lietotne-112-latvija\/\">Las\u012bt visu<\/a><\/p>\n          <\/div>\r\n        <\/div>\r\n\t<div class=\"social-share\">\n  <fb:like href=\"https:\/\/aluksne.lv\/index.php\/2025\/03\/20\/timeklvietne-www-112-lv-un-lietotne-112-latvija\/\" send=\"true\" layout=\"button_count\" width=\"200\" show_faces=\"true\"><\/fb:like>\n\t<a href=\"http:\/\/twitter.com\/share\" class=\"twitter-share-button\" data-url=\"https:\/\/aluksne.lv\/index.php\/2025\/03\/20\/timeklvietne-www-112-lv-un-lietotne-112-latvija\/\">Tweet<\/a>\n\t<g:plusone size=\"medium\" href=\"https:\/\/aluksne.lv\/index.php\/2025\/03\/20\/timeklvietne-www-112-lv-un-lietotne-112-latvija\/\"><\/g:plusone>\n\t<\/div>\n        <div class=\"post-info\">\r\n          <p class=\"post-category\"><span class=\"post-info-category\"><i class=\"icon_folder-alt\" aria-hidden=\"true\"><\/i><a href=\"https:\/\/aluksne.lv\/index.php\/category\/civila-aizsardziba\/\" rel=\"category tag\">Civil\u0101 aizsardz\u012bba<\/a><\/span><\/p>\r\n        <\/div>\r\n      <\/article>            \n      <article class=\"post-entry post-54564 post type-post status-publish format-standard hentry category-civila-aizsardziba\">\r\n        <h2 class=\"post-entry-headline title single-title entry-title\"><a href=\"https:\/\/aluksne.lv\/index.php\/2025\/03\/20\/buklets-ka-rikoties-krizes-gadijuma\/\">Buklets \u201cK\u0101 r\u012bkoties kr\u012bzes gad\u012bjum\u0101\u201d<\/a><\/h2>\r\n        <p class=\"post-meta\">\r\n          <span class=\"post-info-author vcard author\"><i class=\"icon_pencil-edit\" aria-hidden=\"true\"><\/i><span class=\"fn\"><a href=\"https:\/\/aluksne.lv\/index.php\/author\/jurijs\/\" title=\"jurijs publik\u0101cijas\" rel=\"author\">jurijs<\/a><\/span><\/span>\r\n          <span class=\"post-info-date post_date date updated\"><i class=\"icon_clock_alt\" aria-hidden=\"true\"><\/i><a href=\"https:\/\/aluksne.lv\/index.php\/2025\/03\/20\/buklets-ka-rikoties-krizes-gadijuma\/\">20.03.2025<\/a><\/span>\r\n        <\/p>\r\n        <div class=\"post-entry-content-wrapper\">\r\n          <div class=\"post-entry-content\">\r\n<p>\u0160is buklets pal\u012bdz\u0113s Tev un Tavai \u0123imenei savlaic\u012bgi sagatavoties jebk\u0101dai kr\u012bzes situ\u0101cijai, lai sp\u0113tu notur\u0113ties (izdz\u012bvot) \u0161\u0101dos apst\u0101k\u013cos pirm\u0101s 72\u00a0stundas jeb 3 diennaktis, l\u012bdz atbild\u012bgie dienesti b\u016bs sp\u0113j\u012bgi atjaunot kritiskos pakalpojumus un sniegt nepiecie\u0161amo pal\u012bdz\u012bbu. &nbsp; Buklets \u201cK\u0101 r\u012bkoties kr\u012bzes&#8230;<br \/><a class=\"read-more-button\" href=\"https:\/\/aluksne.lv\/index.php\/2025\/03\/20\/buklets-ka-rikoties-krizes-gadijuma\/\">Las\u012bt visu<\/a><\/p>\n          <\/div>\r\n        <\/div>\r\n\t<div class=\"social-share\">\n  <fb:like href=\"https:\/\/aluksne.lv\/index.php\/2025\/03\/20\/buklets-ka-rikoties-krizes-gadijuma\/\" send=\"true\" layout=\"button_count\" width=\"200\" show_faces=\"true\"><\/fb:like>\n\t<a href=\"http:\/\/twitter.com\/share\" class=\"twitter-share-button\" data-url=\"https:\/\/aluksne.lv\/index.php\/2025\/03\/20\/buklets-ka-rikoties-krizes-gadijuma\/\">Tweet<\/a>\n\t<g:plusone size=\"medium\" href=\"https:\/\/aluksne.lv\/index.php\/2025\/03\/20\/buklets-ka-rikoties-krizes-gadijuma\/\"><\/g:plusone>\n\t<\/div>\n        <div class=\"post-info\">\r\n          <p class=\"post-category\"><span class=\"post-info-category\"><i class=\"icon_folder-alt\" aria-hidden=\"true\"><\/i><a href=\"https:\/\/aluksne.lv\/index.php\/category\/civila-aizsardziba\/\" rel=\"category tag\">Civil\u0101 aizsardz\u012bba<\/a><\/span><\/p>\r\n        <\/div>\r\n      <\/article>            \n      <article class=\"post-entry post-54000 post type-post status-publish format-standard has-post-thumbnail hentry category-civila-aizsardziba category-noderiga-informacija\">\r\n        <h2 class=\"post-entry-headline title single-title entry-title\"><a href=\"https:\/\/aluksne.lv\/index.php\/2025\/02\/12\/informacija-par-patvertnem\/\">Inform\u0101cija par patvertn\u0113m<\/a><\/h2>\r\n        <p class=\"post-meta\">\r\n          <span class=\"post-info-author vcard author\"><i class=\"icon_pencil-edit\" aria-hidden=\"true\"><\/i><span class=\"fn\"><a href=\"https:\/\/aluksne.lv\/index.php\/author\/jurijs\/\" title=\"jurijs publik\u0101cijas\" rel=\"author\">jurijs<\/a><\/span><\/span>\r\n          <span class=\"post-info-date post_date date updated\"><i class=\"icon_clock_alt\" aria-hidden=\"true\"><\/i><a href=\"https:\/\/aluksne.lv\/index.php\/2025\/02\/12\/informacija-par-patvertnem\/\">12.02.2025<\/a><\/span>\r\n        <\/p>\r\n        <div class=\"post-entry-content-wrapper\">\r\n          <a href=\"https:\/\/aluksne.lv\/index.php\/2025\/02\/12\/informacija-par-patvertnem\/\"><img loading=\"lazy\" decoding=\"async\" width=\"150\" height=\"150\" src=\"https:\/\/aluksne.lv\/wp-content\/uploads\/2025\/02\/Jautajumi_par_patvertnem_IG-150x150.png\" class=\"attachment-thumbnail size-thumbnail wp-post-image\" alt=\"Inform\u0101cija par patvertn\u0113m\" srcset=\"https:\/\/aluksne.lv\/wp-content\/uploads\/2025\/02\/Jautajumi_par_patvertnem_IG-150x150.png 150w, https:\/\/aluksne.lv\/wp-content\/uploads\/2025\/02\/Jautajumi_par_patvertnem_IG-600x600.png 600w, https:\/\/aluksne.lv\/wp-content\/uploads\/2025\/02\/Jautajumi_par_patvertnem_IG-1024x1024.png 1024w, https:\/\/aluksne.lv\/wp-content\/uploads\/2025\/02\/Jautajumi_par_patvertnem_IG-768x768.png 768w, https:\/\/aluksne.lv\/wp-content\/uploads\/2025\/02\/Jautajumi_par_patvertnem_IG-60x60.png 60w, https:\/\/aluksne.lv\/wp-content\/uploads\/2025\/02\/Jautajumi_par_patvertnem_IG-375x375.png 375w, https:\/\/aluksne.lv\/wp-content\/uploads\/2025\/02\/Jautajumi_par_patvertnem_IG.png 1080w\" sizes=\"auto, (max-width: 150px) 100vw, 150px\" \/><\/a>\r\n          <div class=\"post-entry-content\">\r\n<p>Lai veicin\u0101tu iedz\u012bvot\u0101ju inform\u0113t\u012bbu un izpratni, Valsts Ugunsdz\u0113s\u012bbas un gl\u0101b\u0161anas dienests ir sagatavojis un public\u0113jis bie\u017e\u0101k uzdotos jaut\u0101jumus un atbildes par patvertn\u0113m, piem\u0113ram, kas ir patvertne, k\u0101 atpaz\u012bt \u0113ku, kur\u0101 izvietota patvertne, kad b\u016bs j\u0101dodas uz patvertni u.c. b\u016btiskiem jaut\u0101jumiem&#8230;.<br \/><a class=\"read-more-button\" href=\"https:\/\/aluksne.lv\/index.php\/2025\/02\/12\/informacija-par-patvertnem\/\">Las\u012bt visu<\/a><\/p>\n          <\/div>\r\n        <\/div>\r\n\t<div class=\"social-share\">\n  <fb:like href=\"https:\/\/aluksne.lv\/index.php\/2025\/02\/12\/informacija-par-patvertnem\/\" send=\"true\" layout=\"button_count\" width=\"200\" show_faces=\"true\"><\/fb:like>\n\t<a href=\"http:\/\/twitter.com\/share\" class=\"twitter-share-button\" data-url=\"https:\/\/aluksne.lv\/index.php\/2025\/02\/12\/informacija-par-patvertnem\/\">Tweet<\/a>\n\t<g:plusone size=\"medium\" href=\"https:\/\/aluksne.lv\/index.php\/2025\/02\/12\/informacija-par-patvertnem\/\"><\/g:plusone>\n\t<\/div>\n        <div class=\"post-info\">\r\n          <p class=\"post-category\"><span class=\"post-info-category\"><i class=\"icon_folder-alt\" aria-hidden=\"true\"><\/i><a href=\"https:\/\/aluksne.lv\/index.php\/category\/civila-aizsardziba\/\" rel=\"category tag\">Civil\u0101 aizsardz\u012bba<\/a>, <a href=\"https:\/\/aluksne.lv\/index.php\/category\/noderiga-informacija\/\" rel=\"category tag\">Noder\u012bga inform\u0101cija<\/a><\/span><\/p>\r\n        <\/div>\r\n      <\/article>            \n      <article class=\"post-entry post-52079 post type-post status-publish format-standard has-post-thumbnail hentry category-aktuali category-civila-aizsardziba\">\r\n        <h2 class=\"post-entry-headline title single-title entry-title\"><a href=\"https:\/\/aluksne.lv\/index.php\/2024\/10\/23\/konferences-iedzivotajiem-sabiedribas-iesaiste-civilas-aizsardzibas-sistema-tiesraides-ieraksts\/\">Konferences iedz\u012bvot\u0101jiem &#8220;Sabiedr\u012bbas iesaiste civil\u0101s aizsardz\u012bbas sist\u0113m\u0101&#8221; tie\u0161raides ieraksts<\/a><\/h2>\r\n        <p class=\"post-meta\">\r\n          <span class=\"post-info-author vcard author\"><i class=\"icon_pencil-edit\" aria-hidden=\"true\"><\/i><span class=\"fn\"><a href=\"https:\/\/aluksne.lv\/index.php\/author\/jurijs\/\" title=\"jurijs publik\u0101cijas\" rel=\"author\">jurijs<\/a><\/span><\/span>\r\n          <span class=\"post-info-date post_date date updated\"><i class=\"icon_clock_alt\" aria-hidden=\"true\"><\/i><a href=\"https:\/\/aluksne.lv\/index.php\/2024\/10\/23\/konferences-iedzivotajiem-sabiedribas-iesaiste-civilas-aizsardzibas-sistema-tiesraides-ieraksts\/\">23.10.2024<\/a><\/span>\r\n        <\/p>\r\n        <div class=\"post-entry-content-wrapper\">\r\n          <a href=\"https:\/\/aluksne.lv\/index.php\/2024\/10\/23\/konferences-iedzivotajiem-sabiedribas-iesaiste-civilas-aizsardzibas-sistema-tiesraides-ieraksts\/\"><img loading=\"lazy\" decoding=\"async\" width=\"150\" height=\"150\" src=\"https:\/\/aluksne.lv\/wp-content\/uploads\/2024\/10\/macibas-150x150.jpg\" class=\"attachment-thumbnail size-thumbnail wp-post-image\" alt=\"Konferences iedz\u012bvot\u0101jiem &quot;Sabiedr\u012bbas iesaiste civil\u0101s aizsardz\u012bbas sist\u0113m\u0101&quot; tie\u0161raides ieraksts\" srcset=\"https:\/\/aluksne.lv\/wp-content\/uploads\/2024\/10\/macibas-150x150.jpg 150w, https:\/\/aluksne.lv\/wp-content\/uploads\/2024\/10\/macibas-60x60.jpg 60w, https:\/\/aluksne.lv\/wp-content\/uploads\/2024\/10\/macibas-375x375.jpg 375w\" sizes=\"auto, (max-width: 150px) 100vw, 150px\" \/><\/a>\r\n          <div class=\"post-entry-content\">\r\n<p>23. oktobr\u012b no plkst. 10.00 l\u012bdz plkst. 13.00 Al\u016bksnes Kult\u016bras centr\u0101 notika konference iedz\u012bvot\u0101jiem &#8220;Sabiedr\u012bbas iesaiste civil\u0101s aizsardz\u012bbas sist\u0113m\u0101&#8221;. https:\/\/youtu.be\/99ky9NDdLn4<\/p>\n          <\/div>\r\n        <\/div>\r\n\t<div class=\"social-share\">\n  <fb:like href=\"https:\/\/aluksne.lv\/index.php\/2024\/10\/23\/konferences-iedzivotajiem-sabiedribas-iesaiste-civilas-aizsardzibas-sistema-tiesraides-ieraksts\/\" send=\"true\" layout=\"button_count\" width=\"200\" show_faces=\"true\"><\/fb:like>\n\t<a href=\"http:\/\/twitter.com\/share\" class=\"twitter-share-button\" data-url=\"https:\/\/aluksne.lv\/index.php\/2024\/10\/23\/konferences-iedzivotajiem-sabiedribas-iesaiste-civilas-aizsardzibas-sistema-tiesraides-ieraksts\/\">Tweet<\/a>\n\t<g:plusone size=\"medium\" href=\"https:\/\/aluksne.lv\/index.php\/2024\/10\/23\/konferences-iedzivotajiem-sabiedribas-iesaiste-civilas-aizsardzibas-sistema-tiesraides-ieraksts\/\"><\/g:plusone>\n\t<\/div>\n        <div class=\"post-info\">\r\n          <p class=\"post-category\"><span class=\"post-info-category\"><i class=\"icon_folder-alt\" aria-hidden=\"true\"><\/i><a href=\"https:\/\/aluksne.lv\/index.php\/category\/aktuali\/\" rel=\"category tag\">Aktu\u0101li<\/a>, <a href=\"https:\/\/aluksne.lv\/index.php\/category\/civila-aizsardziba\/\" rel=\"category tag\">Civil\u0101 aizsardz\u012bba<\/a><\/span><\/p>\r\n        <\/div>\r\n      <\/article>  <\/section>\n<\/div><\/div><\/div><\/div>","protected":false},"excerpt":{"rendered":"<p>Konferences \u201cSabiedr\u012bbas iesaiste civil\u0101s aizsardz\u012bbas sist\u0113m\u0101\u201d video ieraksts Evita Aploka 06.11.2025 5. novembr\u012b biedr\u012bbas \u201cAl\u016bksnes NVO atbalsta centrs\u201d un \u201cAl\u016bksnes lauku partner\u012bba\u201d un nodibin\u0101jums \u201cAl\u016bksnes un Apes novada fonds\u201d sadarb\u012bb\u0101 ar Al\u016bksnes novada pa\u0161vald\u012bbu iedz\u012bvot\u0101jiem organiz\u0113ja konferenci \u201cSabiedr\u012bbas iesaiste civil\u0101s&#8230;<br \/><a class=\"read-more-button\" href=\"https:\/\/aluksne.lv\/index.php\/pasvaldiba\/civilas-aizsardzibas-plans\/informativie-materiali\/\">Las\u012bt visu<\/a><\/p>\n","protected":false},"author":1,"featured_media":0,"parent":583,"menu_order":0,"comment_status":"closed","ping_status":"closed","template":"","meta":{"_crdt_document":"","_monsterinsights_skip_tracking":false,"_monsterinsights_sitenote_active":false,"_monsterinsights_sitenote_note":"","_monsterinsights_sitenote_category":0,"footnotes":"","_links_to":"","_links_to_target":""},"class_list":["post-53999","page","type-page","status-publish","hentry"],"_links":{"self":[{"href":"https:\/\/aluksne.lv\/index.php\/wp-json\/wp\/v2\/pages\/53999","targetHints":{"allow":["GET"]}}],"collection":[{"href":"https:\/\/aluksne.lv\/index.php\/wp-json\/wp\/v2\/pages"}],"about":[{"href":"https:\/\/aluksne.lv\/index.php\/wp-json\/wp\/v2\/types\/page"}],"author":[{"embeddable":true,"href":"https:\/\/aluksne.lv\/index.php\/wp-json\/wp\/v2\/users\/1"}],"replies":[{"embeddable":true,"href":"https:\/\/aluksne.lv\/index.php\/wp-json\/wp\/v2\/comments?post=53999"}],"version-history":[{"count":0,"href":"https:\/\/aluksne.lv\/index.php\/wp-json\/wp\/v2\/pages\/53999\/revisions"}],"up":[{"embeddable":true,"href":"https:\/\/aluksne.lv\/index.php\/wp-json\/wp\/v2\/pages\/583"}],"wp:attachment":[{"href":"https:\/\/aluksne.lv\/index.php\/wp-json\/wp\/v2\/media?parent=53999"}],"curies":[{"name":"wp","href":"https:\/\/api.w.org\/{rel}","templated":true}]}}