{"id":548,"date":"2016-04-13T06:13:13","date_gmt":"2016-04-13T06:13:13","guid":{"rendered":"http:\/\/aluksne.lv\/jauna1\/?page_id=548"},"modified":"2026-03-31T10:35:56","modified_gmt":"2026-03-31T07:35:56","slug":"iedzivotaju-pienemsana","status":"publish","type":"page","link":"https:\/\/aluksne.lv\/index.php\/pasvaldiba\/par-aluksnes-novada-domes-darbu\/iedzivotaju-pienemsana\/","title":{"rendered":"Iedz\u012bvot\u0101ju pie\u0146em\u0161ana"},"content":{"rendered":"<div id=\"pl-548\"  class=\"panel-layout\" ><div id=\"pg-548-0\"  class=\"panel-grid panel-no-style\" ><div id=\"pgc-548-0-0\"  class=\"panel-grid-cell\" ><div id=\"panel-548-0-0-0\" class=\"so-panel widget widget_sow-editor panel-first-child panel-last-child\" data-index=\"0\" ><div\n\t\t\t\n\t\t\tclass=\"so-widget-sow-editor so-widget-sow-editor-base\"\n\t\t\t\n\t\t>\n<div class=\"siteorigin-widget-tinymce textwidget\">\n\t<p>&nbsp;<\/p>\n<h3 class=\"pienemsana\" style=\"text-align: center;\">Apmekl\u0113t\u0101ju pie\u0146em\u0161ana<\/h3>\n<p>Ja nav nor\u0101d\u012bts deput\u0101ta t\u0101lru\u0146a numurs, l\u016bdzam iedz\u012bvot\u0101jus IEPRIEK\u0160, pirms deput\u0101ta noteikt\u0101 pie\u0146em\u0161anas laika, zvan\u012bt Al\u016bksnes novada Valsts un pa\u0161vald\u012bbas vienotajam klientu apkalpo\u0161anas centram pa t\u0101lru\u0146iem 64381496, 66954904 vai rakst\u012bt uz e-pastu <a href=\"mailto:aluksne@pakalpojumucentri.lv\">aluksne@pakalpojumucentri.lv<\/a>, lai pieteiktos sazi\u0146ai ar izv\u0113l\u0113to deput\u0101tu.<\/p>\n<p>Sazi\u0146ai ar pa\u0161vald\u012bbas vad\u012bbu l\u016bdzam iepriek\u0161 pieteikties, zvanot Al\u016bksnes novada Valsts un pa\u0161vald\u012bbas vienotajam klientu apkalpo\u0161anas centram pa t\u0101lru\u0146iem 64381496, 66954904 vai rakst\u012bt uz e-pastu <a href=\"mailto:aluksne@pakalpojumucentri.lv\">aluksne@pakalpojumucentri.lv<\/a>. Pa\u0161vald\u012bbas vad\u012bbas pie\u0146em\u0161anas notiek D\u0101rza iel\u0101 11, Al\u016bksn\u0113, Al\u016bksnes novad\u0101.<\/p>\n<p><em>Al\u016bksnes novada pa\u0161vald\u012bbas vad\u012bbas pie\u0146em\u0161anas laiki saska\u0146\u0101 ar pa\u0161vald\u012bbas nolikumu ir noteikti katra m\u0113ne\u0161a pirm\u0101 un tre\u0161\u0101 pirmdiena no pulksten 15.30 l\u012bdz 17.30, izpilddirektoram ar\u012b katra m\u0113ne\u0161a otr\u0101 un ceturt\u0101 piektdiena no pulksten 8.00 l\u012bdz 11.00.<\/em><\/p>\n<div align=\"center\">\n<table class=\"pienem\" style=\"height: 146px; width: 93.6466%;\">\n<tbody>\n<tr style=\"height: 63px;\">\n<td style=\"height: 10px; width: 100%;\">\n<p style=\"text-align: center;\">Al\u016bksnes novada domes priek\u0161s\u0113d\u0113t\u0101js <strong>Dzintars ADLERS<br \/>\n<\/strong><strong>20. apr\u012bl\u012b <\/strong>no plkst. 15.30 l\u012bdz plkst. 17.30<\/p>\n<\/td>\n<\/tr>\n<tr style=\"height: 87px;\">\n<td style=\"height: 10px; width: 100%;\">\n<p style=\"text-align: center;\">Al\u016bksnes novada domes priek\u0161s\u0113d\u0113t\u0101ja vietnieks <strong>Druvis TOMSONS<br \/>\n<\/strong><strong>20. apr\u012bl\u012b <\/strong>no plkst. 15.30 l\u012bdz plkst. 17.30<\/p>\n<\/td>\n<\/tr>\n<tr style=\"height: 63px;\">\n<td style=\"width: 100%; height: 63px;\">\n<p style=\"text-align: center;\">Al\u016bksnes novada domes priek\u0161s\u0113d\u0113t\u0101ja vietnieks <strong>Arturs DUKULIS<br \/>\n<\/strong><strong>20. apr\u012bl\u012b <\/strong>no plkst. 15.30 l\u012bdz plkst. 17.30<\/p>\n<\/td>\n<\/tr>\n<tr style=\"height: 63px;\">\n<td style=\"width: 100%; height: 63px;\">\n<p style=\"text-align: center;\">Al\u016bksnes novada pa\u0161vald\u012bbas izpilddirektors<strong> Ingus BERKULIS<\/strong><br \/>\n<strong>20. apr\u012bl\u012b <\/strong>no plkst. 15.30 l\u012bdz plkst. 17.30<br \/>\n<strong>10. un 24. apr\u012bl\u012b <\/strong>no plkst. 8.00 l\u012bdz plkst. 11.00<br \/>\nI. BERKULIS aug\u0161min\u0113tajos izpilddirektora pie\u0146em\u0161anas laikos uzklaus\u012bs iedz\u012bvot\u0101jus ar\u012b <strong>att\u0101lin\u0101ti - ZOOM platform\u0101<\/strong>.<br \/>\nPieteik\u0161an\u0101s pa t\u0101lru\u0146iem 64381496, 66954904 vai uz e-pastu aluksne@pakalpojumucentri.lv.<\/p>\n<\/td>\n<\/tr>\n<\/tbody>\n<\/table>\n<hr \/>\n<h3 class=\"pienemsana\">Al\u016bksnes novada domes deput\u0101tu pie\u0146em\u0161anas laiki<\/h3>\n<p>Ja nav nor\u0101d\u012bts deput\u0101ta t\u0101lru\u0146a numurs, l\u016bdzam iedz\u012bvot\u0101jus iepriek\u0161, pirms deput\u0101ta noteikt\u0101 pie\u0146em\u0161anas laika, zvan\u012bt Al\u016bksnes novada Valsts un pa\u0161vald\u012bbas vienoto klientu apkalpo\u0161anas centram pa t\u0101lru\u0146iem 64381496, 66954904 vai e-pastu <a href=\"mailto:aluksne@pakalpojumucentri.lv\">aluksne@pakalpojumucentri.lv<\/a>, lai pieteiktos sazi\u0146ai ar izv\u0113l\u0113to deput\u0101tu.<\/p>\n<div style=\"overflow-x: auto;\">\n<table class=\"pienem\" style=\"width: 93.8937%; height: 130px;\">\n<tbody>\n<tr style=\"height: 24px;\">\n<td style=\"height: 10px; width: 18.9886%;\"><strong>Deput\u0101ts<\/strong><\/td>\n<td style=\"height: 10px; width: 6.16354%;\"><strong>Datums<\/strong><\/td>\n<td style=\"height: 10px; width: 8.57269%;\"><strong>Laiks<\/strong><\/td>\n<td style=\"height: 10px; width: 36.9987%;\"><strong>Pie\u0146em\u0161ana<\/strong><\/td>\n<\/tr>\n<tr>\n<td style=\"width: 18.9886%;\" width=\"178\"><strong>M\u0101rti\u0146\u0161 AUGSTKALNIETIS<\/strong><\/td>\n<td style=\"width: 6.16354%;\" width=\"105\">16.04.2026.<\/td>\n<td style=\"width: 8.57269%;\" width=\"123\">9.00-10.00<\/td>\n<td style=\"width: 36.9987%;\" width=\"273\">Pie\u0146em\u0161anai pieteikties pa t\u0101lruni 26537558<\/td>\n<\/tr>\n<tr>\n<td style=\"width: 18.9886%;\" width=\"178\"><strong>\u00a0<\/strong><strong>Intars BERKULIS<\/strong><\/td>\n<td style=\"width: 6.16354%;\" width=\"105\">30.04.2026.<\/td>\n<td style=\"width: 8.57269%;\" width=\"123\">8.00-10.00<\/td>\n<td style=\"width: 36.9987%;\" width=\"273\">Pie\u0146em\u0161anai pieteikties pa t\u0101lruni 29463707<\/td>\n<\/tr>\n<tr>\n<td style=\"width: 18.9886%;\" width=\"178\"><strong>Sarm\u012bte DERVENIECE<\/strong><\/td>\n<td style=\"width: 6.16354%;\" width=\"105\">08.04.2026.<\/td>\n<td style=\"width: 8.57269%;\" width=\"123\">9.00-12.00<\/td>\n<td style=\"width: 36.9987%;\" width=\"273\">Pie\u0146em\u0161anai pieteikties pa t\u0101lruni 26384907<\/td>\n<\/tr>\n<tr>\n<td style=\"width: 18.9886%;\" width=\"178\"><strong>Aivars FOMINS<\/strong><\/td>\n<td style=\"width: 6.16354%;\" width=\"105\">23.04.2026.<\/td>\n<td style=\"width: 8.57269%;\" width=\"123\">9.00-10.00<\/td>\n<td style=\"width: 36.9987%;\" width=\"273\">Valsts un pa\u0161vald\u012bbas vienotaj\u0101 klientu apkalpo\u0161anas centr\u0101,<br \/>\nD\u0101rza iel\u0101 11, Al\u016bksn\u0113<\/td>\n<\/tr>\n<tr>\n<td style=\"width: 18.9886%;\" width=\"178\"><strong>Uva GRENCIONE-LAPSENIETE<\/strong><\/td>\n<td style=\"width: 6.16354%;\" width=\"105\">07.04.2026.<\/td>\n<td style=\"width: 8.57269%;\" width=\"123\">8.00-10.00<\/td>\n<td style=\"width: 36.9987%;\" width=\"273\">Glika iel\u0101 10, iepriek\u0161 piesakoties pa t\u0101lruni 26356444<\/td>\n<\/tr>\n<tr>\n<td style=\"width: 18.9886%;\" width=\"178\"><strong>Art\u016brs GR\u012aNBERGS<\/strong><\/td>\n<td style=\"width: 6.16354%;\" width=\"105\">17.04.2026.<\/td>\n<td style=\"width: 8.57269%;\" width=\"123\">8.00-10.00<\/td>\n<td style=\"width: 36.9987%;\" width=\"273\">Pie\u0146em\u0161anai pieteikties pa t\u0101lruni 26498068<\/td>\n<\/tr>\n<tr>\n<td style=\"width: 18.9886%;\" width=\"178\"><strong>Ritvars GUSTS<\/strong><\/td>\n<td style=\"width: 6.16354%;\" width=\"105\">08.04.2026.<\/td>\n<td style=\"width: 8.57269%;\" width=\"123\">13.00-14.00<\/td>\n<td style=\"width: 36.9987%;\" width=\"273\">Pie\u0146em\u0161anai pieteikties t\u0101lruni 29272163<\/td>\n<\/tr>\n<tr>\n<td style=\"width: 18.9886%;\" width=\"178\"><strong>Modris LAZDEKALNS<\/strong><\/td>\n<td style=\"width: 6.16354%;\" width=\"105\">20.04.2026.<\/td>\n<td style=\"width: 8.57269%;\" width=\"123\">13.00-17.00<\/td>\n<td style=\"width: 36.9987%;\" width=\"273\">Pie\u0146em\u0161anai pieteikties pa t\u0101lruni 29285514<\/td>\n<\/tr>\n<tr>\n<td style=\"width: 18.9886%;\" width=\"178\"><strong>El\u012bna P\u0112TERSONE<\/strong><\/td>\n<td style=\"width: 6.16354%;\" width=\"105\">09.04.2026.<\/td>\n<td style=\"width: 8.57269%;\" width=\"123\">10.00-14.00<\/td>\n<td style=\"width: 36.9987%;\" width=\"273\">Pie\u0146em\u0161anai pieteikties pa t\u0101lruni 28663526<\/td>\n<\/tr>\n<tr>\n<td style=\"width: 18.9886%;\" width=\"178\"><strong>Ren\u0101rs SALAKS<\/strong><\/td>\n<td style=\"width: 6.16354%;\" width=\"105\">30.04.2026.<\/td>\n<td style=\"width: 8.57269%;\" width=\"123\">13.00-17.00<\/td>\n<td style=\"width: 36.9987%;\" width=\"273\">Pie\u0146em\u0161anai pieteikties pa t\u0101lruni 26544618<\/td>\n<\/tr>\n<tr>\n<td style=\"width: 18.9886%;\" width=\"178\"><strong>J\u0101nis SKULTE<\/strong><\/td>\n<td style=\"width: 6.16354%;\" width=\"105\">08.04.2026.<\/td>\n<td style=\"width: 8.57269%;\" width=\"123\">8.00-17.00<\/td>\n<td style=\"width: 36.9987%;\" width=\"273\">Pie\u0146em\u0161anai pieteikties pa t\u0101lruni 29276883<\/td>\n<\/tr>\n<tr>\n<td style=\"width: 18.9886%;\" width=\"178\"><strong>Andis ZARI\u0145\u0160<\/strong><\/td>\n<td style=\"width: 6.16354%;\" width=\"105\">20.04.2026.<\/td>\n<td style=\"width: 8.57269%;\" width=\"123\">9.00-10.00<\/td>\n<td style=\"width: 36.9987%;\" width=\"273\">Pie\u0146em\u0161anai pieteikties pa t\u0101lruni 29171713<\/td>\n<\/tr>\n<\/tbody>\n<\/table>\n<p>&nbsp;<\/p>\n<\/div>\n<\/div>\n<\/div>\n<\/div><\/div><\/div><div id=\"pgc-548-0-1\"  class=\"panel-grid-cell\" >\t\t<style type=\"text\/css\">\n\t\t\t#accordeconck1 { margin:0;padding:0; }\n#accordeconck1 .accordeonck_desc { display:block; }\n#accordeconck1 li.accordeonck { list-style: none;overflow: hidden; margin: 0;}\n#accordeconck1 ul[class^=\"content\"] { margin:0;padding:0;width:auto; }\n#accordeconck1 li.accordeonck > span { position: relative; display: block; }\n#accordeconck1 li.accordeonck.parent > span { padding-right: 20px;}\n#accordeconck1 li.parent > span span.toggler_icon { position: absolute; cursor: pointer; display: block; height: 100%; z-index: 10;right:0; background: url(https:\/\/aluksne.lv\/wp-content\/plugins\/accordeon-menu-ck\/images\/plus.png) center center no-repeat !important;width: 20px;}\n#accordeconck1 li.parent.open > span span.toggler_icon { right:0; background: url(https:\/\/aluksne.lv\/wp-content\/plugins\/accordeon-menu-ck\/images\/minus.png) center center no-repeat !important;}\n#accordeconck1 li.accordeonck.level2 > span { }\n#accordeconck1 li.level3 li.accordeonck > span { }\n#accordeconck1 a.accordeonck { display: block;text-decoration: none; }\n#accordeconck1 a.accordeonck:hover { text-decoration: none; }\n#accordeconck1 li.parent > span a { display: block;outline: none; }\n#accordeconck1 li.parent.open > span a {  }\n#accordeconck1 li.level2.parent > span span.toggler_icon { right:0;display: block;outline: none;background: url(https:\/\/aluksne.lv\/wp-content\/plugins\/accordeon-menu-ck\/images\/plus.png) center center no-repeat !important; }\n#accordeconck1 li.level2.parent.open > span span.toggler_icon { background: url(https:\/\/aluksne.lv\/wp-content\/plugins\/accordeon-menu-ck\/images\/minus.png) center center no-repeat !important; }\n#accordeconck1 li.level2 li.accordeonck.parent > span span.toggler_icon { right:0;display: block;outline: none;background: url(https:\/\/aluksne.lv\/wp-content\/plugins\/accordeon-menu-ck\/images\/plus.png) center center no-repeat !important; }\n#accordeconck1 li.level2 li.accordeonck.open.parent > span span.toggler_icon { background: url(https:\/\/aluksne.lv\/wp-content\/plugins\/accordeon-menu-ck\/images\/minus.png) center center no-repeat !important; }\n#accordeconck1  {\n\tbackground: #86C2DB;\n\tbackground-size: auto;\tbackground-image: -o-linear-gradient(center top,#86C2DB, #86C2DB 100%);\n\tbackground-image: -webkit-gradient(linear, left top, left bottom,from(#86C2DB), color-stop(100%, #86C2DB));\n\tbackground-image: -moz-linear-gradient(center top,#86C2DB, #86C2DB 100%);\n\tbackground-image: linear-gradient(to bottom,#86C2DB, #86C2DB 100%);\n\tborder-top: none;\n\tborder-bottom: none;\n\tborder-left: none;\n\tborder-right: none;\n\tpadding-top: 5px;\n\tpadding-right: 5px;\n\tpadding-bottom: 5px;\n\tpadding-left: 5px;\n\tfont-family: ;\n}\n\n#accordeconck1  a {\n\tfont-family: ;\n}\n\n#accordeconck1 li.level1 > span a {\n\tcolor: #FFFFFF;\n\tpadding-top: 5px;\n\tpadding-right: 5px;\n\tpadding-bottom: 5px;\n\tpadding-left: 5px;\n\tfont-size: 15px;\n}\n\n#accordeconck1 li.level1 > span a a {\n\tcolor: #FFFFFF;\n\tfont-size: 15px;\n}\n\n#accordeconck1 li.level1 > span .accordeonck_desc {\n\tfont-size: 10px;\n}\n\n#accordeconck1 li.level1 > span .accordeonck_desc a {\n\tfont-size: 10px;\n}\n\n#accordeconck1 li.level1:hover > span a {\n\tcolor: #000000;\n}\n\n#accordeconck1 li.level1:hover > span a a {\n\tcolor: #000000;\n}\n\n#accordeconck1 li.level1 > ul {\n\tbackground-size: auto;\tfont-family: ;\n}\n\n#accordeconck1 li.level1 > ul a {\n\tfont-family: ;\n}\n\n#accordeconck1 li.level2 > span a {\n\tcolor: #636363;\n\tpadding-top: 5px;\n\tpadding-bottom: 5px;\n\tpadding-left: 15px;\n}\n\n#accordeconck1 li.level2 > span a a {\n\tcolor: #636363;\n}\n\n#accordeconck1 li.level2:hover > span a {\n\tcolor: #000000;\n}\n\n#accordeconck1 li.level2:hover > span a a {\n\tcolor: #000000;\n}\n\n#accordeconck1 li.level2 ul[class^=\"content\"] {\n\tbackground-size: auto;\tfont-family: ;\n}\n\n#accordeconck1 li.level2 ul[class^=\"content\"] a {\n\tfont-family: ;\n}\n\n#accordeconck1 li.level2 li.accordeonck > span a {\n\tcolor: #636363;\n\tpadding-top: 2px;\n\tpadding-bottom: 2px;\n\tpadding-left: 20px;\n}\n\n#accordeconck1 li.level2 li.accordeonck > span a a {\n\tcolor: #636363;\n}\n\n#accordeconck1 li.level2 li.accordeonck:hover > span a {\n\tcolor: #000000;\n}\n\n#accordeconck1 li.level2 li.accordeonck:hover > span a a {\n\tcolor: #000000;\n}\t\t<\/style>\n\t\t<div id=\"panel-548-0-1-0\" class=\"so-panel widget widget_accordeon-menu-ck panel-first-child panel-last-child\" data-index=\"1\" ><ul id=\"accordeconck1\" class=\"menu\"><li id=\"menu-item-764\" class=\"menu-item menu-item-type-post_type menu-item-object-page accordeonck menu-item-764 level1\"><span class=\"accordeonck_outer \"><a href=\"https:\/\/aluksne.lv\/index.php\/pasvaldiba\/par-aluksnes-novada-domes-darbu\/aluksnes-novada-domes-deputati\/\" class=\"accordeonck\">Al\u016bksnes novada domes deput\u0101ti<\/a><\/span><\/li>\n<li id=\"menu-item-39123\" class=\"menu-item menu-item-type-post_type menu-item-object-page accordeonck menu-item-39123 level1\"><span class=\"accordeonck_outer \"><a href=\"https:\/\/aluksne.lv\/index.php\/pasvaldiba\/par-aluksnes-novada-domes-darbu\/domes-sedes\/\" class=\"accordeonck\">Domes s\u0113des<\/a><\/span><\/li>\n<li id=\"menu-item-39124\" class=\"menu-item menu-item-type-post_type menu-item-object-page accordeonck menu-item-39124 level1\"><span class=\"accordeonck_outer \"><a href=\"https:\/\/aluksne.lv\/index.php\/pasvaldiba\/par-aluksnes-novada-domes-darbu\/komitejas\/\" class=\"accordeonck\">Komitejas<\/a><\/span><\/li>\n<li id=\"menu-item-771\" class=\"menu-item menu-item-type-post_type menu-item-object-page accordeonck menu-item-771 level1\"><span class=\"accordeonck_outer \"><a href=\"https:\/\/aluksne.lv\/index.php\/pasvaldiba\/par-aluksnes-novada-domes-darbu\/iedzivotaju-pienemsana\/\" class=\"accordeonck\">Iedz\u012bvot\u0101ju pie\u0146em\u0161ana<\/a><\/span><\/li>\n<li id=\"menu-item-49038\" class=\"menu-item menu-item-type-post_type menu-item-object-page accordeonck menu-item-49038 level1\"><span class=\"accordeonck_outer \"><a href=\"https:\/\/aluksne.lv\/index.php\/pasvaldiba\/par-aluksnes-novada-domes-darbu\/komitejas\/informacija-par-komiteju-sastavu-ieprieksejos-domes-sasaukumos\/\" class=\"accordeonck\">Inform\u0101cija par komiteju sast\u0101vu iepriek\u0161\u0113jos domes sasaukumos<\/a><\/span><\/li>\n<\/ul>\t\t<script type=\"text\/javascript\"> <!--\n\t\t\n\t\t\tjQuery(document).ready(function(){\n\t\t\t\tjQuery('#accordeconck1').accordeonmenuck({eventtype : 'click',transition : 'linear',showactive : '1',showactivesubmenu : '0',duree : 500});\n\t\t\t}); \t\t\/\/--> <\/script>\n\t\t<\/div><\/div><\/div><\/div>","protected":false},"excerpt":{"rendered":"<p>&nbsp; Apmekl\u0113t\u0101ju pie\u0146em\u0161ana Ja nav nor\u0101d\u012bts deput\u0101ta t\u0101lru\u0146a numurs, l\u016bdzam iedz\u012bvot\u0101jus IEPRIEK\u0160, pirms deput\u0101ta noteikt\u0101 pie\u0146em\u0161anas laika, zvan\u012bt Al\u016bksnes novada Valsts un pa\u0161vald\u012bbas vienotajam klientu apkalpo\u0161anas centram pa t\u0101lru\u0146iem 64381496, 66954904 vai rakst\u012bt uz e-pastu aluksne@pakalpojumucentri.lv, lai pieteiktos sazi\u0146ai ar&#8230;<br \/><a class=\"read-more-button\" href=\"https:\/\/aluksne.lv\/index.php\/pasvaldiba\/par-aluksnes-novada-domes-darbu\/iedzivotaju-pienemsana\/\">Las\u012bt visu<\/a><\/p>\n","protected":false},"author":1,"featured_media":0,"parent":348,"menu_order":0,"comment_status":"closed","ping_status":"closed","template":"","meta":{"_crdt_document":"","_monsterinsights_skip_tracking":false,"_monsterinsights_sitenote_active":false,"_monsterinsights_sitenote_note":"","_monsterinsights_sitenote_category":0,"footnotes":"","_links_to":"","_links_to_target":""},"class_list":["post-548","page","type-page","status-publish","hentry"],"_links":{"self":[{"href":"https:\/\/aluksne.lv\/index.php\/wp-json\/wp\/v2\/pages\/548","targetHints":{"allow":["GET"]}}],"collection":[{"href":"https:\/\/aluksne.lv\/index.php\/wp-json\/wp\/v2\/pages"}],"about":[{"href":"https:\/\/aluksne.lv\/index.php\/wp-json\/wp\/v2\/types\/page"}],"author":[{"embeddable":true,"href":"https:\/\/aluksne.lv\/index.php\/wp-json\/wp\/v2\/users\/1"}],"replies":[{"embeddable":true,"href":"https:\/\/aluksne.lv\/index.php\/wp-json\/wp\/v2\/comments?post=548"}],"version-history":[{"count":8,"href":"https:\/\/aluksne.lv\/index.php\/wp-json\/wp\/v2\/pages\/548\/revisions"}],"predecessor-version":[{"id":61732,"href":"https:\/\/aluksne.lv\/index.php\/wp-json\/wp\/v2\/pages\/548\/revisions\/61732"}],"up":[{"embeddable":true,"href":"https:\/\/aluksne.lv\/index.php\/wp-json\/wp\/v2\/pages\/348"}],"wp:attachment":[{"href":"https:\/\/aluksne.lv\/index.php\/wp-json\/wp\/v2\/media?parent=548"}],"curies":[{"name":"wp","href":"https:\/\/api.w.org\/{rel}","templated":true}]}}