{"id":552,"date":"2016-04-13T06:15:31","date_gmt":"2016-04-13T06:15:31","guid":{"rendered":"http:\/\/aluksne.lv\/jauna1\/?page_id=552"},"modified":"2025-08-06T09:59:49","modified_gmt":"2025-08-06T06:59:49","slug":"vadiba","status":"publish","type":"page","link":"https:\/\/aluksne.lv\/index.php\/pasvaldiba\/kontakti\/vadiba\/","title":{"rendered":"Vad\u012bba"},"content":{"rendered":"<div id=\"pl-552\"  class=\"panel-layout\" ><div id=\"pg-552-0\"  class=\"panel-grid panel-no-style\" ><div id=\"pgc-552-0-0\"  class=\"panel-grid-cell\" ><div id=\"panel-552-0-0-0\" class=\"so-panel widget widget_sow-editor panel-first-child panel-last-child\" data-index=\"0\" ><div\n\t\t\t\n\t\t\tclass=\"so-widget-sow-editor so-widget-sow-editor-base\"\n\t\t\t\n\t\t>\n<div class=\"siteorigin-widget-tinymce textwidget\">\n\t<p style=\"text-align: center;\"><strong>Domes priek\u0161s\u0113d\u0113t\u0101js Dzintars ADLERS<\/strong><\/p>\n<p style=\"text-align: center;\"><strong><a href=\"https:\/\/aluksne.lv\/wp-content\/uploads\/2025\/07\/Dzintars_Adlers.jpg\"><img loading=\"lazy\" decoding=\"async\" class=\"wp-image-56465 size-medium aligncenter\" src=\"https:\/\/aluksne.lv\/wp-content\/uploads\/2025\/07\/Dzintars_Adlers-600x600.jpg\" alt=\"\" width=\"600\" height=\"600\" srcset=\"https:\/\/aluksne.lv\/wp-content\/uploads\/2025\/07\/Dzintars_Adlers-600x600.jpg 600w, https:\/\/aluksne.lv\/wp-content\/uploads\/2025\/07\/Dzintars_Adlers-1024x1024.jpg 1024w, https:\/\/aluksne.lv\/wp-content\/uploads\/2025\/07\/Dzintars_Adlers-150x150.jpg 150w, https:\/\/aluksne.lv\/wp-content\/uploads\/2025\/07\/Dzintars_Adlers-768x768.jpg 768w, https:\/\/aluksne.lv\/wp-content\/uploads\/2025\/07\/Dzintars_Adlers-1536x1536.jpg 1536w, https:\/\/aluksne.lv\/wp-content\/uploads\/2025\/07\/Dzintars_Adlers-2048x2048.jpg 2048w, https:\/\/aluksne.lv\/wp-content\/uploads\/2025\/07\/Dzintars_Adlers-1170x1170.jpg 1170w, https:\/\/aluksne.lv\/wp-content\/uploads\/2025\/07\/Dzintars_Adlers-60x60.jpg 60w, https:\/\/aluksne.lv\/wp-content\/uploads\/2025\/07\/Dzintars_Adlers-375x375.jpg 375w\" sizes=\"auto, (max-width: 600px) 100vw, 600px\" \/><\/a>T\u0101lrunis: 643 81496, 29299933<br \/>\ne-pasts: <span class=\"blue_edit\">dzintars.adlers@aluksne.lv<\/span><\/strong><span class=\"blue_edit\"><br \/>\n<\/span>Domes priek\u0161s\u0113d\u0113t\u0101js pie\u0146em apmekl\u0113t\u0101jus pa\u0161vald\u012bbas telp\u0101s D\u0101rza iel\u0101 11, Al\u016bksn\u0113,<br \/>\nkatra m\u0113ne\u0161a pirmaj\u0101 un tre\u0161aj\u0101 pirmdien\u0101 no pulksten 15.30 l\u012bdz 17.30.<\/p>\n<hr \/>\n<p style=\"text-align: center;\"><strong>Domes priek\u0161s\u0113d\u0113t\u0101ja vietnieks tautsaimniec\u012bbas jaut\u0101jumos Druvis Tomsons<\/strong><\/p>\n<p style=\"text-align: center;\"><a href=\"https:\/\/aluksne.lv\/wp-content\/uploads\/2025\/07\/Druvis_Tomsons-scaled.jpg\"><img loading=\"lazy\" decoding=\"async\" class=\"size-medium wp-image-56466 aligncenter\" src=\"https:\/\/aluksne.lv\/wp-content\/uploads\/2025\/07\/Druvis_Tomsons-400x600.jpg\" alt=\"\" width=\"400\" height=\"600\" srcset=\"https:\/\/aluksne.lv\/wp-content\/uploads\/2025\/07\/Druvis_Tomsons-400x600.jpg 400w, https:\/\/aluksne.lv\/wp-content\/uploads\/2025\/07\/Druvis_Tomsons-683x1024.jpg 683w, https:\/\/aluksne.lv\/wp-content\/uploads\/2025\/07\/Druvis_Tomsons-768x1152.jpg 768w, https:\/\/aluksne.lv\/wp-content\/uploads\/2025\/07\/Druvis_Tomsons-1024x1536.jpg 1024w, https:\/\/aluksne.lv\/wp-content\/uploads\/2025\/07\/Druvis_Tomsons-1365x2048.jpg 1365w, https:\/\/aluksne.lv\/wp-content\/uploads\/2025\/07\/Druvis_Tomsons-1170x1755.jpg 1170w, https:\/\/aluksne.lv\/wp-content\/uploads\/2025\/07\/Druvis_Tomsons-scaled.jpg 1707w\" sizes=\"auto, (max-width: 400px) 100vw, 400px\" \/><\/a><strong>T\u0101lrunis: 29415118<br \/>\ne-pasts: <span class=\"blue_edit\">druvis.tomsons@aluksne.lv<\/span><\/strong><span class=\"blue_edit\"><br \/>\n<\/span>Domes priek\u0161s\u0113d\u0113t\u0101js pie\u0146em apmekl\u0113t\u0101jus pa\u0161vald\u012bbas telp\u0101s D\u0101rza iel\u0101 11, Al\u016bksn\u0113,<br \/>\nkatra m\u0113ne\u0161a pirmaj\u0101 un tre\u0161aj\u0101 pirmdien\u0101 no pulksten 15.30 l\u012bdz 17.30.<\/p>\n<hr \/>\n<p style=\"text-align: center;\"><strong>Domes priek\u0161s\u0113d\u0113t\u0101ja vietnieks soci\u0101los, izgl\u012bt\u012bbas un kult\u016bras jaut\u0101jumos Arturs Dukulis<\/strong><\/p>\n<p><a href=\"https:\/\/aluksne.lv\/wp-content\/uploads\/2025\/07\/Arturs_Dukulis-scaled.jpg\"><img loading=\"lazy\" decoding=\"async\" class=\"size-medium wp-image-56467 aligncenter\" src=\"https:\/\/aluksne.lv\/wp-content\/uploads\/2025\/07\/Arturs_Dukulis-400x600.jpg\" alt=\"\" width=\"400\" height=\"600\" srcset=\"https:\/\/aluksne.lv\/wp-content\/uploads\/2025\/07\/Arturs_Dukulis-400x600.jpg 400w, https:\/\/aluksne.lv\/wp-content\/uploads\/2025\/07\/Arturs_Dukulis-683x1024.jpg 683w, https:\/\/aluksne.lv\/wp-content\/uploads\/2025\/07\/Arturs_Dukulis-768x1152.jpg 768w, https:\/\/aluksne.lv\/wp-content\/uploads\/2025\/07\/Arturs_Dukulis-1024x1536.jpg 1024w, https:\/\/aluksne.lv\/wp-content\/uploads\/2025\/07\/Arturs_Dukulis-1365x2048.jpg 1365w, https:\/\/aluksne.lv\/wp-content\/uploads\/2025\/07\/Arturs_Dukulis-1170x1755.jpg 1170w, https:\/\/aluksne.lv\/wp-content\/uploads\/2025\/07\/Arturs_Dukulis-scaled.jpg 1706w\" sizes=\"auto, (max-width: 400px) 100vw, 400px\" \/><\/a><\/p>\n<p style=\"text-align: center;\"><strong>T\u0101lrunis: 25675333<br \/>\ne-pasts: <span class=\"blue_edit\">arturs.dukulis@aluksne.lv<\/span><\/strong><span class=\"blue_edit\"><br \/>\n<\/span>Domes priek\u0161s\u0113d\u0113t\u0101js pie\u0146em apmekl\u0113t\u0101jus pa\u0161vald\u012bbas telp\u0101s D\u0101rza iel\u0101 11, Al\u016bksn\u0113,<br \/>\nkatra m\u0113ne\u0161a pirmaj\u0101 un tre\u0161aj\u0101 pirmdien\u0101 no pulksten 15.30 l\u012bdz 17.30.<\/p>\n<hr \/>\n<p style=\"text-align: center;\"><strong>Izpilddirektors Ingus BERKULIS<br \/>\n<a href=\"https:\/\/aluksne.lv\/wp-content\/uploads\/2021\/10\/IMG_5578.jpg\"><img loading=\"lazy\" decoding=\"async\" class=\"alignnone wp-image-28666\" src=\"https:\/\/aluksne.lv\/wp-content\/uploads\/2021\/10\/IMG_5578-1024x683.jpg\" alt=\"\" width=\"328\" height=\"219\" data-id=\"28666\" srcset=\"https:\/\/aluksne.lv\/wp-content\/uploads\/2021\/10\/IMG_5578-1024x683.jpg 1024w, https:\/\/aluksne.lv\/wp-content\/uploads\/2021\/10\/IMG_5578-300x200.jpg 300w, https:\/\/aluksne.lv\/wp-content\/uploads\/2021\/10\/IMG_5578-768x512.jpg 768w, https:\/\/aluksne.lv\/wp-content\/uploads\/2021\/10\/IMG_5578-1536x1024.jpg 1536w, https:\/\/aluksne.lv\/wp-content\/uploads\/2021\/10\/IMG_5578-320x213.jpg 320w, https:\/\/aluksne.lv\/wp-content\/uploads\/2021\/10\/IMG_5578-1170x780.jpg 1170w, https:\/\/aluksne.lv\/wp-content\/uploads\/2021\/10\/IMG_5578-272x182.jpg 272w, https:\/\/aluksne.lv\/wp-content\/uploads\/2021\/10\/IMG_5578.jpg 1620w\" sizes=\"auto, (max-width: 328px) 100vw, 328px\" \/><\/a><br \/>\n<\/strong><strong>T\u0101lrunis: 64381507; 28686707<\/strong><br \/>\n<strong>e-pasts:\u00a0<span class=\"blue_edit\">ingus.berkulis@aluksne.lv<\/span><\/strong><\/p>\n<p style=\"text-align: center;\">Izpilddirektors pie\u0146em apmekl\u0113t\u0101jus pa\u0161vald\u012bbas telp\u0101s D\u0101rza iel\u0101 11, Al\u016bksn\u0113,<br \/>\nkatra m\u0113ne\u0161a pirmaj\u0101 un tre\u0161aj\u0101 pirmdien\u0101 no pulksten 15.30 l\u012bdz 17.30 un<br \/>\nkatra m\u0113ne\u0161a otraj\u0101 un ceturtaj\u0101 piektdien\u0101 no pulksten 8.00 l\u012bdz 11.00.<\/p>\n<div id=\"center\" style=\"text-align: center;\"><em>\u0112rt\u0101kai un \u0101tr\u0101kai inform\u0101cijas apmai\u0146ai un pakalpojumu sa\u0146em\u0161anai iesak\u0101m izmantot elektroniskos sazi\u0146as l\u012bdzek\u013cus!<\/em><\/div>\n<\/div>\n<\/div><\/div><\/div><div id=\"pgc-552-0-1\"  class=\"panel-grid-cell\" >\t\t<style type=\"text\/css\">\n\t\t\t#accordeconck1 { margin:0;padding:0; }\n#accordeconck1 .accordeonck_desc { display:block; }\n#accordeconck1 li.accordeonck { list-style: none;overflow: hidden; margin: 0;}\n#accordeconck1 ul[class^=\"content\"] { margin:0;padding:0;width:auto; }\n#accordeconck1 li.accordeonck > span { position: relative; display: block; }\n#accordeconck1 li.accordeonck.parent > span { padding-right: 20px;}\n#accordeconck1 li.parent > span span.toggler_icon { position: absolute; cursor: pointer; display: block; height: 100%; z-index: 10;right:0; background: url(https:\/\/aluksne.lv\/wp-content\/plugins\/accordeon-menu-ck\/images\/plus.png) center center no-repeat !important;width: 20px;}\n#accordeconck1 li.parent.open > span span.toggler_icon { right:0; background: url(https:\/\/aluksne.lv\/wp-content\/plugins\/accordeon-menu-ck\/images\/minus.png) center center no-repeat !important;}\n#accordeconck1 li.accordeonck.level2 > span { }\n#accordeconck1 li.level3 li.accordeonck > span { }\n#accordeconck1 a.accordeonck { display: block;text-decoration: none; }\n#accordeconck1 a.accordeonck:hover { text-decoration: none; }\n#accordeconck1 li.parent > span a { display: block;outline: none; }\n#accordeconck1 li.parent.open > span a {  }\n#accordeconck1 li.level2.parent > span span.toggler_icon { right:0;display: block;outline: none;background: url(https:\/\/aluksne.lv\/wp-content\/plugins\/accordeon-menu-ck\/images\/plus.png) center center no-repeat !important; }\n#accordeconck1 li.level2.parent.open > span span.toggler_icon { background: url(https:\/\/aluksne.lv\/wp-content\/plugins\/accordeon-menu-ck\/images\/minus.png) center center no-repeat !important; }\n#accordeconck1 li.level2 li.accordeonck.parent > span span.toggler_icon { right:0;display: block;outline: none;background: url(https:\/\/aluksne.lv\/wp-content\/plugins\/accordeon-menu-ck\/images\/plus.png) center center no-repeat !important; }\n#accordeconck1 li.level2 li.accordeonck.open.parent > span span.toggler_icon { background: url(https:\/\/aluksne.lv\/wp-content\/plugins\/accordeon-menu-ck\/images\/minus.png) center center no-repeat !important; }\n#accordeconck1  {\n\tbackground: #86C2DB;\n\tbackground-size: auto;\tbackground-image: -o-linear-gradient(center top,#86C2DB, #86C2DB 100%);\n\tbackground-image: -webkit-gradient(linear, left top, left bottom,from(#86C2DB), color-stop(100%, #86C2DB));\n\tbackground-image: -moz-linear-gradient(center top,#86C2DB, #86C2DB 100%);\n\tbackground-image: linear-gradient(to bottom,#86C2DB, #86C2DB 100%);\n\tborder-top: none;\n\tborder-bottom: none;\n\tborder-left: none;\n\tborder-right: none;\n\tpadding-top: 5px;\n\tpadding-right: 5px;\n\tpadding-bottom: 5px;\n\tpadding-left: 5px;\n\tfont-family: ;\n}\n\n#accordeconck1  a {\n\tfont-family: ;\n}\n\n#accordeconck1 li.level1 > span a {\n\tcolor: #FFFFFF;\n\tpadding-top: 5px;\n\tpadding-right: 5px;\n\tpadding-bottom: 5px;\n\tpadding-left: 5px;\n\tfont-size: 15px;\n}\n\n#accordeconck1 li.level1 > span a a {\n\tcolor: #FFFFFF;\n\tfont-size: 15px;\n}\n\n#accordeconck1 li.level1 > span .accordeonck_desc {\n\tfont-size: 10px;\n}\n\n#accordeconck1 li.level1 > span .accordeonck_desc a {\n\tfont-size: 10px;\n}\n\n#accordeconck1 li.level1:hover > span a {\n\tcolor: #000000;\n}\n\n#accordeconck1 li.level1:hover > span a a {\n\tcolor: #000000;\n}\n\n#accordeconck1 li.level1 > ul {\n\tbackground-size: auto;\tfont-family: ;\n}\n\n#accordeconck1 li.level1 > ul a {\n\tfont-family: ;\n}\n\n#accordeconck1 li.level2 > span a {\n\tcolor: #636363;\n\tpadding-top: 5px;\n\tpadding-bottom: 5px;\n\tpadding-left: 15px;\n}\n\n#accordeconck1 li.level2 > span a a {\n\tcolor: #636363;\n}\n\n#accordeconck1 li.level2:hover > span a {\n\tcolor: #000000;\n}\n\n#accordeconck1 li.level2:hover > span a a {\n\tcolor: #000000;\n}\n\n#accordeconck1 li.level2 ul[class^=\"content\"] {\n\tbackground-size: auto;\tfont-family: ;\n}\n\n#accordeconck1 li.level2 ul[class^=\"content\"] a {\n\tfont-family: ;\n}\n\n#accordeconck1 li.level2 li.accordeonck > span a {\n\tcolor: #636363;\n\tpadding-top: 2px;\n\tpadding-bottom: 2px;\n\tpadding-left: 20px;\n}\n\n#accordeconck1 li.level2 li.accordeonck > span a a {\n\tcolor: #636363;\n}\n\n#accordeconck1 li.level2 li.accordeonck:hover > span a {\n\tcolor: #000000;\n}\n\n#accordeconck1 li.level2 li.accordeonck:hover > span a a {\n\tcolor: #000000;\n}\t\t<\/style>\n\t\t<div id=\"panel-552-0-1-0\" class=\"so-panel widget widget_accordeon-menu-ck panel-first-child panel-last-child\" data-index=\"1\" ><ul id=\"accordeconck1\" class=\"menu\"><li id=\"menu-item-859\" class=\"menu-item menu-item-type-post_type menu-item-object-page accordeonck menu-item-859 level1\"><span class=\"accordeonck_outer \"><a href=\"https:\/\/aluksne.lv\/index.php\/pasvaldiba\/kontakti\/pasvaldibas-rekviziti\/\" class=\"accordeonck\">Pa\u0161vald\u012bbas rekviz\u012bti<\/a><\/span><\/li>\n<li id=\"menu-item-860\" class=\"menu-item menu-item-type-post_type menu-item-object-page accordeonck menu-item-860 level1\"><span class=\"accordeonck_outer \"><a href=\"https:\/\/aluksne.lv\/index.php\/pasvaldiba\/kontakti\/vadiba\/\" class=\"accordeonck\">Vad\u012bba<\/a><\/span><\/li>\n<li id=\"menu-item-861\" class=\"menu-item menu-item-type-post_type menu-item-object-page accordeonck menu-item-861 level1\"><span class=\"accordeonck_outer \"><a href=\"https:\/\/aluksne.lv\/index.php\/pasvaldiba\/kontakti\/administracija\/\" class=\"accordeonck\">Centr\u0101l\u0101 administr\u0101cija<\/a><\/span><\/li>\n<li id=\"menu-item-862\" class=\"menu-item menu-item-type-post_type menu-item-object-page accordeonck menu-item-862 level1\"><span class=\"accordeonck_outer \"><a href=\"https:\/\/aluksne.lv\/index.php\/pasvaldiba\/kontakti\/pasvaldibas-iestades\/\" class=\"accordeonck\">Pa\u0161vald\u012bbas iest\u0101des<\/a><\/span><\/li>\n<li id=\"menu-item-2514\" class=\"menu-item menu-item-type-post_type menu-item-object-page accordeonck menu-item-2514 level1\"><span class=\"accordeonck_outer \"><a href=\"https:\/\/aluksne.lv\/index.php\/pasvaldiba\/kontakti\/pagastu-parvaldes\/\" class=\"accordeonck\">Al\u016bksnes novada pagastu apvien\u012bbas p\u0101rvalde<\/a><\/span><\/li>\n<li id=\"menu-item-864\" class=\"menu-item menu-item-type-post_type menu-item-object-page accordeonck menu-item-864 level1\"><span class=\"accordeonck_outer \"><a href=\"https:\/\/aluksne.lv\/index.php\/pasvaldiba\/kontakti\/kapitalsabiedribas\/\" class=\"accordeonck\">Kapit\u0101lsabiedr\u012bbas<\/a><\/span><\/li>\n<li id=\"menu-item-865\" class=\"menu-item menu-item-type-post_type menu-item-object-page accordeonck menu-item-865 level1\"><span class=\"accordeonck_outer \"><a href=\"https:\/\/aluksne.lv\/index.php\/pasvaldiba\/kontakti\/izglitibas-iestades\/\" class=\"accordeonck\">Izgl\u012bt\u012bbas iest\u0101des<\/a><\/span><\/li>\n<li id=\"menu-item-866\" class=\"menu-item menu-item-type-post_type menu-item-object-page accordeonck menu-item-866 level1\"><span class=\"accordeonck_outer \"><a href=\"https:\/\/aluksne.lv\/index.php\/pasvaldiba\/kontakti\/kulturas-iestades\/\" class=\"accordeonck\">Kult\u016bras iest\u0101des<\/a><\/span><\/li>\n<\/ul>\t\t<script type=\"text\/javascript\"> <!--\n\t\t\n\t\t\tjQuery(document).ready(function(){\n\t\t\t\tjQuery('#accordeconck1').accordeonmenuck({eventtype : 'click',transition : 'linear',showactive : '1',showactivesubmenu : '0',duree : 500});\n\t\t\t}); \t\t\/\/--> <\/script>\n\t\t<\/div><\/div><\/div><\/div>","protected":false},"excerpt":{"rendered":"<p>Domes priek\u0161s\u0113d\u0113t\u0101js Dzintars ADLERS T\u0101lrunis: 643 81496, 29299933 e-pasts: dzintars.adlers@aluksne.lv Domes priek\u0161s\u0113d\u0113t\u0101js pie\u0146em apmekl\u0113t\u0101jus pa\u0161vald\u012bbas telp\u0101s D\u0101rza iel\u0101 11, Al\u016bksn\u0113, katra m\u0113ne\u0161a pirmaj\u0101 un tre\u0161aj\u0101 pirmdien\u0101 no pulksten 15.30 l\u012bdz 17.30. Domes priek\u0161s\u0113d\u0113t\u0101ja vietnieks tautsaimniec\u012bbas jaut\u0101jumos Druvis Tomsons T\u0101lrunis: 29415118&#8230;<br \/><a class=\"read-more-button\" href=\"https:\/\/aluksne.lv\/index.php\/pasvaldiba\/kontakti\/vadiba\/\">Las\u012bt visu<\/a><\/p>\n","protected":false},"author":1,"featured_media":0,"parent":350,"menu_order":0,"comment_status":"closed","ping_status":"closed","template":"","meta":{"_crdt_document":"","_monsterinsights_skip_tracking":false,"_monsterinsights_sitenote_active":false,"_monsterinsights_sitenote_note":"","_monsterinsights_sitenote_category":0,"footnotes":"","_links_to":"","_links_to_target":""},"class_list":["post-552","page","type-page","status-publish","hentry"],"_links":{"self":[{"href":"https:\/\/aluksne.lv\/index.php\/wp-json\/wp\/v2\/pages\/552","targetHints":{"allow":["GET"]}}],"collection":[{"href":"https:\/\/aluksne.lv\/index.php\/wp-json\/wp\/v2\/pages"}],"about":[{"href":"https:\/\/aluksne.lv\/index.php\/wp-json\/wp\/v2\/types\/page"}],"author":[{"embeddable":true,"href":"https:\/\/aluksne.lv\/index.php\/wp-json\/wp\/v2\/users\/1"}],"replies":[{"embeddable":true,"href":"https:\/\/aluksne.lv\/index.php\/wp-json\/wp\/v2\/comments?post=552"}],"version-history":[{"count":0,"href":"https:\/\/aluksne.lv\/index.php\/wp-json\/wp\/v2\/pages\/552\/revisions"}],"up":[{"embeddable":true,"href":"https:\/\/aluksne.lv\/index.php\/wp-json\/wp\/v2\/pages\/350"}],"wp:attachment":[{"href":"https:\/\/aluksne.lv\/index.php\/wp-json\/wp\/v2\/media?parent=552"}],"curies":[{"name":"wp","href":"https:\/\/api.w.org\/{rel}","templated":true}]}}