{"id":554,"date":"2016-04-13T06:16:25","date_gmt":"2016-04-13T06:16:25","guid":{"rendered":"http:\/\/aluksne.lv\/jauna1\/?page_id=554"},"modified":"2026-03-28T11:33:47","modified_gmt":"2026-03-28T09:33:47","slug":"administracija","status":"publish","type":"page","link":"https:\/\/aluksne.lv\/index.php\/pasvaldiba\/kontakti\/administracija\/","title":{"rendered":"Centr\u0101l\u0101 administr\u0101cija"},"content":{"rendered":"<div id=\"pl-554\"  class=\"panel-layout\" ><div id=\"pg-554-0\"  class=\"panel-grid panel-no-style\" ><div id=\"pgc-554-0-0\"  class=\"panel-grid-cell\" ><div id=\"panel-554-0-0-0\" class=\"so-panel widget widget_sow-editor panel-first-child panel-last-child\" data-index=\"0\" ><div\n\t\t\t\n\t\t\tclass=\"so-widget-sow-editor so-widget-sow-editor-base\"\n\t\t\t\n\t\t>\n<div class=\"siteorigin-widget-tinymce textwidget\">\n\t<div style=\"overflow-x: auto;\">\n<h4 style=\"text-align: center;\"><b>AL\u016aKSNES NOVADA VALSTS UN PA\u0160VALD\u012aBAS VIENOTAIS KLIENTU APKALPO\u0160ANAS CENTRS<\/b><\/h4>\n<p style=\"text-align: center;\"><strong>D\u0101rza iel\u0101 11, Al\u016bksn\u0113, Al\u016bksnes novad\u0101, 1. st\u0101v\u0101<\/strong><\/p>\n<p style=\"text-align: center;\"><strong>T\u0101lru\u0146i: 66954904, 64381496, e-pasts: aluksne@pakalpojumucentri.lv<\/strong><\/p>\n<p>Pa\u0161vald\u012bbas juridisk\u0101 adrese: D\u0101rza iel\u0101 11, Al\u016bksn\u0113, Al\u016bksnes novad\u0101, LV-4301<br \/>\ne-pasts:<span class=\"blue_edit\">\u00a0dome@aluksne.lv<\/span><br \/>\n<span class=\"blue_edit\"><a href=\"https:\/\/www.aluksne.lv\/\">www.aluksne.lv<\/a><\/span><\/p>\n<p><a href=\"https:\/\/latvija.lv\/lv\/Eaddress\/write?address=_default@90000018622\">Rakstiet mums uz E-ADRESI!<\/a><\/p>\n<p><strong>S\u016btiet savu priek\u0161likumu, s\u016bdz\u012bbu, jaut\u0101jumu vai l\u016bgumu pa\u0161vald\u012bbai, izmantojot elektronisko pakalpojumu\u00a0<a href=\"https:\/\/latvija.gov.lv\/Services\/10883\">\u201cPriek\u0161likuma, s\u016bdz\u012bbas, jaut\u0101juma vai l\u016bguma iesnieg\u0161ana\"<\/a>.<\/strong><\/p>\n<p>\u0160\u012b e-pakalpojuma ietvaros iesniedzams dokuments, kur\u0101 ietverts iest\u0101des kompetenc\u0113 eso\u0161s l\u016bgums, s\u016bdz\u012bba, priek\u0161likums vai jaut\u0101jums, atbilsto\u0161i Iesniegumu likumam. E-pakalpojums nav paredz\u0113ts iest\u0101des pakalpojuma pieteik\u0161anai.<\/p>\n<\/div>\n<div>\n<p><span style=\"font-size: 12pt;\"><strong>Al\u016bksnes novada pa\u0161vald\u012bbas Centr\u0101l\u0101s administr\u0101cijas darba laiks:<\/strong><\/span><\/p>\n<table style=\"width: 100%;\" border=\"0\" cellspacing=\"0\" cellpadding=\"0\">\n<tbody>\n<tr>\n<td>Pirmdien<\/td>\n<td>8.00 \u2013 12.00 13.00 \u2013 18.00<\/td>\n<\/tr>\n<tr>\n<td>Otrdien<\/td>\n<td>8.00 \u2013 12.00 13.00 \u2013 17.00<\/td>\n<\/tr>\n<tr>\n<td>Tre\u0161dien<\/td>\n<td>8.00 \u2013 12.00 13.00 \u2013 17.00<\/td>\n<\/tr>\n<tr>\n<td>Ceturtdien<\/td>\n<td>8.00 \u2013 12.00 13.00 \u2013 17.00<\/td>\n<\/tr>\n<tr>\n<td>Piektdien<\/td>\n<td>8.00 \u2013 12.00 13.00 \u2013 16.00<\/td>\n<\/tr>\n<\/tbody>\n<\/table>\n<\/div>\n<div><\/div>\n<div id=\"center\"><\/div>\n<p>&nbsp;<\/p>\n<hr \/>\n<div id=\"center\"><\/div>\n<p>&nbsp;<\/p>\n<div id=\"center\">\n<div id=\"center\">\n<h4><strong>ATT\u012aST\u012aBAS NODA\u013bA,<br \/>\nD\u0101rza iel\u0101 11, Al\u016bksn\u0113<br \/>\n<\/strong><\/h4>\n<p>&nbsp;<\/p>\n<\/div>\n<p><strong>Noda\u013cas vad\u012bt\u0101ja Inese Z\u012aMELE-JAUNI\u0145A<br \/>\n<\/strong>302. kabinets<br \/>\nTelefons: 26463917<br \/>\ne-pasts:\u00a0<span class=\"blue_edit\">inese.zimele@aluksne.lv<\/span><\/p>\n<p><strong>Projektu vad\u012bt\u0101ja Sanita ADLERE<br \/>\n<\/strong>302. kabinets<br \/>\nTelefons: 29101022<br \/>\ne-pasts:\u00a0<span class=\"blue_edit\">sanita.adlere@aluksne.lv<\/span><\/p>\n<p><strong>Projektu koordinatore Anda<\/strong>\u00a0<strong>LEJASBLUSA<\/strong><br \/>\n310. kabinets<br \/>\nTelefons: 64381484; 26531767<br \/>\ne-pasts:\u00a0<span class=\"blue_edit\">anda.lejasblusa@aluksne.lv<\/span><\/p>\n<p><strong>Projektu vad\u012bt\u0101ja Anastasija \u0145EDAIVODINA<\/strong><br \/>\n310. kabinets<br \/>\nTelefons: 64381484<br \/>\ne-pasts: anastasija.nedaivodina<span class=\"blue_edit\">@aluksne.lv<\/span><\/p>\n<p><strong>Kartogr\u0101fe Sintija OS\u012aTE\u00a0<\/strong>(ilgsto\u0161\u0101 promb\u016btn\u0113)<\/p>\n<p><strong>B\u016bvin\u017eenieris<\/strong>\u00a0<strong>Rolands VEICS<\/strong><br \/>\n311. kabinets<br \/>\nTelefons: 20234442<br \/>\ne-pasts:\u00a0<span class=\"blue_edit\">rolands.veics@aluksne.lv<\/span><\/p>\n<p><strong>Zemes lietu speci\u0101liste Inese RANDA<br \/>\n<\/strong>312. kabinets<br \/>\nTelefons: 64381490; 26647519<br \/>\ne-pasts:\u00a0<span class=\"blue_edit\">inese.randa@aluksne.lv<\/span><\/p>\n<p><strong>Zemes lietu speci\u0101liste Evija ZVEJNIECE <\/strong>(ilgsto\u0161\u0101 promb\u016btn\u0113)<\/p>\n<p><strong>Zemes lietu speci\u0101liste Ter\u0113zija ZA\u010cEVA<br \/>\n<\/strong>312. kabinets<br \/>\nTelefons: 64381490<br \/>\ne-pasts: terezija.zaceva@aluksne.lv<\/p>\n<p><strong>Projektu vad\u012bt\u0101ja El\u012bna BIRZNIECE<\/strong><br \/>\n314. kabinets<br \/>\nTelefons: 64322979; 26174504<br \/>\ne-pasts: <span class=\"blue_edit\">elina.birzniece@aluksne.lv<\/span><\/p>\n<p><strong>Projektu vad\u012bt\u0101ja Krist\u012bne RISBERGA<\/strong><br \/>\n314. kabinets<br \/>\nTelefons: 64322979<br \/>\ne-pasts: kristine.risberga@aluksne.lv<\/p>\n<p><strong>Uz\u0146\u0113m\u0113jdarb\u012bbas atbalsta speci\u0101liste M\u0101ra SALD\u0100BOLA<br \/>\n<\/strong>316. kabinets<br \/>\nTelefons: 64381115, 25425222<br \/>\ne-pasts: mara.saldabola@aluksne.lv<\/p>\n<p><strong>Nekustam\u0101 \u012bpa\u0161uma speci\u0101liste Violeta K\u013bAVI\u0145A<\/strong><br \/>\n317. kabinets<br \/>\nTelefons: 64381492, 28636042<br \/>\ne-pasts: violeta.klavina@aluksne.lv<\/p>\n<p><strong>Nekustam\u0101 \u012bpa\u0161uma speci\u0101liste Arta \u0136ER\u0122E<br \/>\n<\/strong>317. kabinets<br \/>\nTelefons: 64381492, 26668502<br \/>\ne-pasts: arta.kerge@aluksne.lv<\/p>\n<p>&nbsp;<\/p>\n<hr \/>\n<h4><strong>FINAN\u0160U NODA\u013bA<br \/>\n<\/strong><strong>D\u0101rza iel\u0101 11, Al\u016bksn\u0113<\/strong><\/h4>\n<p>&nbsp;<\/p>\n<\/div>\n<p><strong>Noda\u013cas vad\u012bt\u0101ja Evita \u0145EDAIVODINA<\/strong><br \/>\n408. kabinets<br \/>\nTelefons: 64381511;\u00a026166753<br \/>\ne-pasts:\u00a0<span class=\"blue_edit\">evita.nedaivodina@aluksne.lv<\/span><\/p>\n<p><strong>Ekonomiste Inga L\u012aDAKA<br \/>\n<\/strong>408. kabinets<br \/>\nTelefons: 64381511<br \/>\ne-pasts: inga.lidaka@aluksne.lv<\/p>\n<p><strong>Iepirkumu speci\u0101liste<\/strong> <strong>Kaiva AUGSTKALNE<br \/>\n<\/strong>410. kabinets<br \/>\nTelefons: 64381495, 29219993<br \/>\ne-pasts: kaiva.augstkalne@aluksne.lv<\/p>\n<p><strong>Iepirkumu speci\u0101liste<\/strong> <strong>Aleksandra TABOLKINA<br \/>\n<\/strong>410. kabinets<br \/>\nTelefons: 64381495, 26385501<br \/>\ne-pasts: aleksandra.tabolkina@aluksne.lv<\/p>\n<hr \/>\n<div id=\"center\">\n<h4><strong>GR\u0100MATVED\u012aBA<br \/>\nD\u0101rza iel\u0101 11, Al\u016bksn\u0113<\/strong><\/h4>\n<p>&nbsp;<\/p>\n<\/div>\n<p><strong>Gr\u0101matved\u012bbas vad\u012bt\u0101ja - galven\u0101 gr\u0101matvede Valent\u012bna FEDOTOVA<\/strong><br \/>\n412. kabinets<br \/>\nTelefons: 64381504; 29197803<br \/>\n<span class=\"blue_edit\"><span class=\"style2\">e-pasts:<\/span>\u00a0cg@aluksne.lv<\/span><\/p>\n<p><strong>Galven\u0101 gr\u0101matve\u017ea vietniece Daiga NEIBERGA<\/strong><br \/>\n412. kabinets<br \/>\nTelefons: 64381504<br \/>\ne-pasts:\u00a0<span class=\"blue_edit\">daiga.neiberga@aluksne.lv<\/span><\/p>\n<p><strong>Kr\u0101jumu gr\u0101matvede Nat\u0101lija AIRE<\/strong><br \/>\n400. kabinets<br \/>\nTelefons: 64381501<br \/>\ne-pasts:\u00a0<span class=\"blue_edit\">natalija.aire@aluksne.lv<\/span><\/p>\n<p><strong>Debitoru gr\u0101matvede Inga JAUNZEMA<br \/>\n<\/strong>401. kabinets<br \/>\nTelefons: 64381501; 20229645<br \/>\ne-pasts: inga.jaunzema<span class=\"blue_edit\">@aluksne.lv\u00a0<\/span><\/p>\n<p><strong>Kr\u0101jumu gr\u0101matvede Aija RO\u0136E<\/strong><br \/>\n401. kabinets<br \/>\nTelefons: 64381501; 20229645<br \/>\ne-pasts: aija.roke@aluksne.lv<\/p>\n<p><strong>Pamatl\u012bdzek\u013cu gr\u0101matvede Ieva BOLOV\u0145IKOVA<\/strong><br \/>\n402. kabinets<br \/>\nTelefons: 64381505<br \/>\ne-pasts: <span class=\"blue_edit\">ieva.bolovnikova@aluksne.lv<\/span><\/p>\n<p><strong>Algu gr\u0101matvede Vita POTAPOVA<\/strong><br \/>\n403. kabinets<br \/>\nTelefons: 64381509<br \/>\ne-pasts: vita.potapova<span class=\"blue_edit\">@aluksne.lv<\/span><\/p>\n<p><strong>Algu gr\u0101matvede Egita KRILE<br \/>\n<\/strong>404. kabinets<br \/>\nTelefons: 64381498<br \/>\ne-pasts:\u00a0<span class=\"blue_edit\">egita.krile@aluksne.lv<\/span><\/p>\n<p><strong>Pamatl\u012bdzek\u013cu gr\u0101matvede Sanita RIBAKA<\/strong><br \/>\n406. kabinets<br \/>\nTelefons: 64381508<br \/>\ne-pasts:\u00a0<span class=\"blue_edit\">sanita.ribaka@aluksne.lv<\/span><\/p>\n<p><strong>Debitoru gr\u0101matvede Maija AKMENTI\u0145A<\/strong><br \/>\n406. kabinets<br \/>\nTelefons: 64381508<br \/>\ne-pasts:\u00a0<span class=\"blue_edit\">maija.akmentina@aluksne.lv<\/span><\/p>\n<p><strong>Kreditoru gr\u0101matvede Antra APINE<\/strong><br \/>\n411. kabinets<br \/>\nTelefons: 64381513; 26680013<br \/>\ne-pasts: antra.apine@aluksne.lv<\/p>\n<p><strong>Kreditoru gr\u0101matvede Rud\u012bte BISTROVA<br \/>\n<\/strong>411. kabinets<br \/>\nTelefons: 64381513; 26680013<br \/>\ne-pasts: rudite.bistrova@aluksne.lv<strong><br \/>\n<\/strong><\/p>\n<p><strong>Nodok\u013cu administratore In\u0101ra KAPULINSKA<\/strong><br \/>\n<span class=\"blue_edit\">Al\u016bksnes novada Valsts un pa\u0161vald\u012bbas vienotaj\u0101 klientu apkalpo\u0161anas centr\u0101, D\u0101rza iel\u0101 11, 1. st\u0101v\u0101<\/span><br \/>\nTelefons: 64381497; 25778897<br \/>\ne-pasts:\u00a0<span class=\"blue_edit\">inara.kapulinska@aluksne.lv\u00a0<\/span><\/p>\n<p><strong>Nodok\u013cu administratore M\u0101r\u012bte JAUDZEMA<br \/>\n<\/strong><span class=\"blue_edit\">Al\u016bksnes novada Valsts un pa\u0161vald\u012bbas vienotaj\u0101 klientu apkalpo\u0161anas centr\u0101, D\u0101rza iel\u0101 11, 1. st\u0101v\u0101<\/span><br \/>\nTelefons: 64381497;\u00a025778897<br \/>\ne-pasts: marite.jaudzema<span class=\"blue_edit\">@aluksne.lv\u00a0<\/span><\/p>\n<p><strong>Gr\u0101matvede-kasiere Ieva Z\u0100L\u012aTE<\/strong><br \/>\n<span class=\"blue_edit\">Al\u016bksnes novada Valsts un pa\u0161vald\u012bbas vienotaj\u0101 klientu apkalpo\u0161anas centr\u0101, D\u0101rza iel\u0101 11, 1. st\u0101v\u0101<\/span><br \/>\nTelefons: 64381150<br \/>\ne-pasts: ieva.zalite@aluksne.lv<\/p>\n<hr \/>\n<h4>INFORM\u0100CIJAS TEHNOLO\u0122IJU NODA\u013bA<br \/>\nD\u0101rza iel\u0101 11, Al\u016bksn\u0113<\/h4>\n<div id=\"center2\">\n<p><strong><br \/>\nNoda\u013cas vad\u012bt\u0101js Juris BALANDIS<br \/>\n<\/strong>416. kabinets<br \/>\nTelefons: 64381483; 29297655<br \/>\ne-pasts: <span class=\"blue_edit\">juris.balandis@aluksne.lv<\/span><\/p>\n<\/div>\n<p><strong>M\u0101jaslapas administrators Jurijs DROZDOVS<\/strong><br \/>\n418. kabinets<br \/>\nTelefons: 64381491; 28669904<br \/>\ne-pasts:\u00a0<span class=\"blue_edit\">jurijs.drozdovs@aluksne.lv<\/span><\/p>\n<p><strong>Datorsist\u0113mu un datort\u012bklu administrators<\/strong> <strong>Reinis V\u0100RTUKAPTEINIS<\/strong><br \/>\n418. kabinets<br \/>\nTelefons: 64381491; 25662289<br \/>\ne-pasts: reinis.vartukapteinis@aluksne.lv<\/p>\n<p><strong>Datorsist\u0113mu tehni\u0137is Leon\u012bds \u013bUBIMOVS<\/strong><br \/>\n420. kabinets<br \/>\nTelefons: 26662891<br \/>\ne-pasts:\u00a0<span class=\"blue_edit\">leonids.lubimovs@aluksne.lv<\/span><\/p>\n<hr \/>\n<p>&nbsp;<\/p>\n<div id=\"center\">\n<h4><strong>JURIDISK\u0100 NODA\u013bA<br \/>\nD\u0101rza iel\u0101 11, Al\u016bksn\u0113<\/strong><\/h4>\n<p><strong><br \/>\nNoda\u013cas vad\u012bt\u0101ja Aiva EGLE<\/strong><br \/>\n214. kabinets<br \/>\nTelefons: 64381488; 29123933<br \/>\ne-pasts:\u00a0<span class=\"blue_edit\">aiva.egle@al<\/span><span class=\"blue_edit\">uksne.lv<\/span><\/p>\n<\/div>\n<p><strong>Vec\u0101k\u0101 juriste Sanita BUKANE<\/strong><br \/>\n214. kabinets<br \/>\nTelefons: 64381494; 28014446<br \/>\ne-pasts:\u00a0sanita.bukane<span class=\"blueedit\">@aluksne.lv<\/span><\/p>\n<p><strong>Juriste Laura APINE\u00a0<\/strong><br \/>\n214. kabinets<br \/>\nTelefons: 64381488, 29110122<br \/>\ne-pasts: laura.apine@aluksne.lv<\/p>\n<hr \/>\n<div id=\"center\">\n<h4><strong>KANCELEJAS UN PERSON\u0100LA NODA\u013bA<br \/>\nD\u0101rza iel\u0101 11, Al\u016bksn\u0113<\/strong><\/h4>\n<p>&nbsp;<\/p>\n<\/div>\n<p><strong>Noda\u013cas vad\u012bt\u0101js<br \/>\n<\/strong>306. kabinets<br \/>\nTelefons: 64381506; 26206825<br \/>\ne-pasts:<\/p>\n<p><strong>Lietved\u012bbas vad\u012bt\u0101ja\u00a0 Everita BALANDE<\/strong><br \/>\n313. kabinets<br \/>\nTelefons: 64381512<br \/>\ne-pasts:\u00a0<span class=\"blue_edit\">everita.balande@aluksne.lv; dome@aluksne.lv<\/span><\/p>\n<p><strong>Domes sekret\u0101re Krist\u012bne TOMI\u0145A<\/strong><br \/>\n306. kabinets<br \/>\nTelefons: 64381499<br \/>\ne-pasts:\u00a0<span class=\"blue_edit\">kristine.tomina@aluksne.lv<\/span><\/p>\n<p><strong>Sabiedrisko attiec\u012bbu speci\u0101liste L\u0101sma \u0112VELE<br \/>\n<\/strong>307. kabinets<br \/>\nTelefons: 64381503; 26280789<br \/>\ne-pasts: lasma.evele@aluksne.lv<\/p>\n<p><strong>Sabiedrisko attiec\u012bbu speci\u0101liste Evita APLOKA<br \/>\n<\/strong>309. kabinets<br \/>\nTelefons: 64381502; 26646749<br \/>\ne-pasts:\u00a0<span class=\"blue_edit\">evita.aploka@aluksne.lv<\/span><\/p>\n<p><strong>Komisiju sekret\u0101re J\u016blija KR\u016aZ\u012aTE<\/strong><br \/>\n313. kabinets<br \/>\nTelefons: 64381489; 29299934<br \/>\ne-pasts:<span class=\"blue_edit\"> julija.kruzite@aluksne.lv<\/span><\/p>\n<p><strong>Klientu apkalpo\u0161anas speci\u0101liste \u2013 arh\u012bviste M\u0101ra KOVA\u013bENKO<\/strong><br \/>\nAl\u016bksnes novada Valsts un pa\u0161vald\u012bbas vienotaj\u0101 klientu apkalpo\u0161anas centr\u0101, D\u0101rza iel\u0101 11, 1. st\u0101v\u0101<br \/>\nTelefons: 64381496; 66954904; 29453047<br \/>\ne-pasts:\u00a0<span class=\"blue_edit\">mara.kovalenko@aluksne.lv<br \/>\n<\/span><\/p>\n<p><strong>Klientu apkalpo\u0161anas speci\u0101liste <b>L\u0101sma RAPPA<\/b><\/strong><strong><br \/>\n<\/strong>Al\u016bksnes novada Valsts un pa\u0161vald\u012bbas vienotaj\u0101 klientu apkalpo\u0161anas centr\u0101, D\u0101rza iel\u0101 11, 1. st\u0101v\u0101<br \/>\nTelefons: 64381496; 66954904<br \/>\ne-pasts: lasma.rappa@aluksne.lv<\/p>\n<p><strong>Automobi\u013ca vad\u012bt\u0101js Aivars BUKANS<\/strong><\/p>\n<p><strong>Automobi\u013ca vad\u012bt\u0101js Gun\u0101rs AVOTI\u0145\u0160<\/strong><\/p>\n<div id=\"center\"><em>\u0112rt\u0101kai un \u0101tr\u0101kai inform\u0101cijas apmai\u0146ai un pakalpojumu sa\u0146em\u0161anai iesak\u0101m izmantot elektroniskos sazi\u0146as l\u012bdzek\u013cus!<\/em><\/div>\n<\/div>\n<\/div><\/div><\/div><div id=\"pgc-554-0-1\"  class=\"panel-grid-cell\" >\t\t<style type=\"text\/css\">\n\t\t\t#accordeconck1 { margin:0;padding:0; }\n#accordeconck1 .accordeonck_desc { display:block; }\n#accordeconck1 li.accordeonck { list-style: none;overflow: hidden; margin: 0;}\n#accordeconck1 ul[class^=\"content\"] { margin:0;padding:0;width:auto; }\n#accordeconck1 li.accordeonck > span { position: relative; display: block; }\n#accordeconck1 li.accordeonck.parent > span { padding-right: 20px;}\n#accordeconck1 li.parent > span span.toggler_icon { position: absolute; cursor: pointer; display: block; height: 100%; z-index: 10;right:0; background: url(https:\/\/aluksne.lv\/wp-content\/plugins\/accordeon-menu-ck\/images\/plus.png) center center no-repeat !important;width: 20px;}\n#accordeconck1 li.parent.open > span span.toggler_icon { right:0; background: url(https:\/\/aluksne.lv\/wp-content\/plugins\/accordeon-menu-ck\/images\/minus.png) center center no-repeat !important;}\n#accordeconck1 li.accordeonck.level2 > span { }\n#accordeconck1 li.level3 li.accordeonck > span { }\n#accordeconck1 a.accordeonck { display: block;text-decoration: none; }\n#accordeconck1 a.accordeonck:hover { text-decoration: none; }\n#accordeconck1 li.parent > span a { display: block;outline: none; }\n#accordeconck1 li.parent.open > span a {  }\n#accordeconck1 li.level2.parent > span span.toggler_icon { right:0;display: block;outline: none;background: url(https:\/\/aluksne.lv\/wp-content\/plugins\/accordeon-menu-ck\/images\/plus.png) center center no-repeat !important; }\n#accordeconck1 li.level2.parent.open > span span.toggler_icon { background: url(https:\/\/aluksne.lv\/wp-content\/plugins\/accordeon-menu-ck\/images\/minus.png) center center no-repeat !important; }\n#accordeconck1 li.level2 li.accordeonck.parent > span span.toggler_icon { right:0;display: block;outline: none;background: url(https:\/\/aluksne.lv\/wp-content\/plugins\/accordeon-menu-ck\/images\/plus.png) center center no-repeat !important; }\n#accordeconck1 li.level2 li.accordeonck.open.parent > span span.toggler_icon { background: url(https:\/\/aluksne.lv\/wp-content\/plugins\/accordeon-menu-ck\/images\/minus.png) center center no-repeat !important; }\n#accordeconck1  {\n\tbackground: #86C2DB;\n\tbackground-size: auto;\tbackground-image: -o-linear-gradient(center top,#86C2DB, #86C2DB 100%);\n\tbackground-image: -webkit-gradient(linear, left top, left bottom,from(#86C2DB), color-stop(100%, #86C2DB));\n\tbackground-image: -moz-linear-gradient(center top,#86C2DB, #86C2DB 100%);\n\tbackground-image: linear-gradient(to bottom,#86C2DB, #86C2DB 100%);\n\tborder-top: none;\n\tborder-bottom: none;\n\tborder-left: none;\n\tborder-right: none;\n\tpadding-top: 5px;\n\tpadding-right: 5px;\n\tpadding-bottom: 5px;\n\tpadding-left: 5px;\n\tfont-family: ;\n}\n\n#accordeconck1  a {\n\tfont-family: ;\n}\n\n#accordeconck1 li.level1 > span a {\n\tcolor: #FFFFFF;\n\tpadding-top: 5px;\n\tpadding-right: 5px;\n\tpadding-bottom: 5px;\n\tpadding-left: 5px;\n\tfont-size: 15px;\n}\n\n#accordeconck1 li.level1 > span a a {\n\tcolor: #FFFFFF;\n\tfont-size: 15px;\n}\n\n#accordeconck1 li.level1 > span .accordeonck_desc {\n\tfont-size: 10px;\n}\n\n#accordeconck1 li.level1 > span .accordeonck_desc a {\n\tfont-size: 10px;\n}\n\n#accordeconck1 li.level1:hover > span a {\n\tcolor: #000000;\n}\n\n#accordeconck1 li.level1:hover > span a a {\n\tcolor: #000000;\n}\n\n#accordeconck1 li.level1 > ul {\n\tbackground-size: auto;\tfont-family: ;\n}\n\n#accordeconck1 li.level1 > ul a {\n\tfont-family: ;\n}\n\n#accordeconck1 li.level2 > span a {\n\tcolor: #636363;\n\tpadding-top: 5px;\n\tpadding-bottom: 5px;\n\tpadding-left: 15px;\n}\n\n#accordeconck1 li.level2 > span a a {\n\tcolor: #636363;\n}\n\n#accordeconck1 li.level2:hover > span a {\n\tcolor: #000000;\n}\n\n#accordeconck1 li.level2:hover > span a a {\n\tcolor: #000000;\n}\n\n#accordeconck1 li.level2 ul[class^=\"content\"] {\n\tbackground-size: auto;\tfont-family: ;\n}\n\n#accordeconck1 li.level2 ul[class^=\"content\"] a {\n\tfont-family: ;\n}\n\n#accordeconck1 li.level2 li.accordeonck > span a {\n\tcolor: #636363;\n\tpadding-top: 2px;\n\tpadding-bottom: 2px;\n\tpadding-left: 20px;\n}\n\n#accordeconck1 li.level2 li.accordeonck > span a a {\n\tcolor: #636363;\n}\n\n#accordeconck1 li.level2 li.accordeonck:hover > span a {\n\tcolor: #000000;\n}\n\n#accordeconck1 li.level2 li.accordeonck:hover > span a a {\n\tcolor: #000000;\n}\t\t<\/style>\n\t\t<div id=\"panel-554-0-1-0\" class=\"so-panel widget widget_accordeon-menu-ck panel-first-child panel-last-child\" data-index=\"1\" ><ul id=\"accordeconck1\" class=\"menu\"><li id=\"menu-item-859\" class=\"menu-item menu-item-type-post_type menu-item-object-page accordeonck menu-item-859 level1\"><span class=\"accordeonck_outer \"><a href=\"https:\/\/aluksne.lv\/index.php\/pasvaldiba\/kontakti\/pasvaldibas-rekviziti\/\" class=\"accordeonck\">Pa\u0161vald\u012bbas rekviz\u012bti<\/a><\/span><\/li>\n<li id=\"menu-item-860\" class=\"menu-item menu-item-type-post_type menu-item-object-page accordeonck menu-item-860 level1\"><span class=\"accordeonck_outer \"><a href=\"https:\/\/aluksne.lv\/index.php\/pasvaldiba\/kontakti\/vadiba\/\" class=\"accordeonck\">Vad\u012bba<\/a><\/span><\/li>\n<li id=\"menu-item-861\" class=\"menu-item menu-item-type-post_type menu-item-object-page accordeonck menu-item-861 level1\"><span class=\"accordeonck_outer \"><a href=\"https:\/\/aluksne.lv\/index.php\/pasvaldiba\/kontakti\/administracija\/\" class=\"accordeonck\">Centr\u0101l\u0101 administr\u0101cija<\/a><\/span><\/li>\n<li id=\"menu-item-862\" class=\"menu-item menu-item-type-post_type menu-item-object-page accordeonck menu-item-862 level1\"><span class=\"accordeonck_outer \"><a href=\"https:\/\/aluksne.lv\/index.php\/pasvaldiba\/kontakti\/pasvaldibas-iestades\/\" class=\"accordeonck\">Pa\u0161vald\u012bbas iest\u0101des<\/a><\/span><\/li>\n<li id=\"menu-item-2514\" class=\"menu-item menu-item-type-post_type menu-item-object-page accordeonck menu-item-2514 level1\"><span class=\"accordeonck_outer \"><a href=\"https:\/\/aluksne.lv\/index.php\/pasvaldiba\/kontakti\/pagastu-parvaldes\/\" class=\"accordeonck\">Al\u016bksnes novada pagastu apvien\u012bbas p\u0101rvalde<\/a><\/span><\/li>\n<li id=\"menu-item-864\" class=\"menu-item menu-item-type-post_type menu-item-object-page accordeonck menu-item-864 level1\"><span class=\"accordeonck_outer \"><a href=\"https:\/\/aluksne.lv\/index.php\/pasvaldiba\/kontakti\/kapitalsabiedribas\/\" class=\"accordeonck\">Kapit\u0101lsabiedr\u012bbas<\/a><\/span><\/li>\n<li id=\"menu-item-865\" class=\"menu-item menu-item-type-post_type menu-item-object-page accordeonck menu-item-865 level1\"><span class=\"accordeonck_outer \"><a href=\"https:\/\/aluksne.lv\/index.php\/pasvaldiba\/kontakti\/izglitibas-iestades\/\" class=\"accordeonck\">Izgl\u012bt\u012bbas iest\u0101des<\/a><\/span><\/li>\n<li id=\"menu-item-866\" class=\"menu-item menu-item-type-post_type menu-item-object-page accordeonck menu-item-866 level1\"><span class=\"accordeonck_outer \"><a href=\"https:\/\/aluksne.lv\/index.php\/pasvaldiba\/kontakti\/kulturas-iestades\/\" class=\"accordeonck\">Kult\u016bras iest\u0101des<\/a><\/span><\/li>\n<\/ul>\t\t<script type=\"text\/javascript\"> <!--\n\t\t\n\t\t\tjQuery(document).ready(function(){\n\t\t\t\tjQuery('#accordeconck1').accordeonmenuck({eventtype : 'click',transition : 'linear',showactive : '1',showactivesubmenu : '0',duree : 500});\n\t\t\t}); \t\t\/\/--> <\/script>\n\t\t<\/div><\/div><\/div><\/div>","protected":false},"excerpt":{"rendered":"<p>AL\u016aKSNES NOVADA VALSTS UN PA\u0160VALD\u012aBAS VIENOTAIS KLIENTU APKALPO\u0160ANAS CENTRS D\u0101rza iel\u0101 11, Al\u016bksn\u0113, Al\u016bksnes novad\u0101, 1. st\u0101v\u0101 T\u0101lru\u0146i: 66954904, 64381496, e-pasts: aluksne@pakalpojumucentri.lv Pa\u0161vald\u012bbas juridisk\u0101 adrese: D\u0101rza iel\u0101 11, Al\u016bksn\u0113, Al\u016bksnes novad\u0101, LV-4301 e-pasts:\u00a0dome@aluksne.lv www.aluksne.lv Rakstiet mums uz E-ADRESI! S\u016btiet savu&#8230;<br \/><a class=\"read-more-button\" href=\"https:\/\/aluksne.lv\/index.php\/pasvaldiba\/kontakti\/administracija\/\">Las\u012bt visu<\/a><\/p>\n","protected":false},"author":1,"featured_media":0,"parent":350,"menu_order":0,"comment_status":"closed","ping_status":"closed","template":"","meta":{"_crdt_document":"","_monsterinsights_skip_tracking":false,"_monsterinsights_sitenote_active":false,"_monsterinsights_sitenote_note":"","_monsterinsights_sitenote_category":0,"footnotes":"","_links_to":"","_links_to_target":""},"class_list":["post-554","page","type-page","status-publish","hentry"],"_links":{"self":[{"href":"https:\/\/aluksne.lv\/index.php\/wp-json\/wp\/v2\/pages\/554","targetHints":{"allow":["GET"]}}],"collection":[{"href":"https:\/\/aluksne.lv\/index.php\/wp-json\/wp\/v2\/pages"}],"about":[{"href":"https:\/\/aluksne.lv\/index.php\/wp-json\/wp\/v2\/types\/page"}],"author":[{"embeddable":true,"href":"https:\/\/aluksne.lv\/index.php\/wp-json\/wp\/v2\/users\/1"}],"replies":[{"embeddable":true,"href":"https:\/\/aluksne.lv\/index.php\/wp-json\/wp\/v2\/comments?post=554"}],"version-history":[{"count":11,"href":"https:\/\/aluksne.lv\/index.php\/wp-json\/wp\/v2\/pages\/554\/revisions"}],"predecessor-version":[{"id":61673,"href":"https:\/\/aluksne.lv\/index.php\/wp-json\/wp\/v2\/pages\/554\/revisions\/61673"}],"up":[{"embeddable":true,"href":"https:\/\/aluksne.lv\/index.php\/wp-json\/wp\/v2\/pages\/350"}],"wp:attachment":[{"href":"https:\/\/aluksne.lv\/index.php\/wp-json\/wp\/v2\/media?parent=554"}],"curies":[{"name":"wp","href":"https:\/\/api.w.org\/{rel}","templated":true}]}}