{"id":556,"date":"2016-04-13T06:16:51","date_gmt":"2016-04-13T06:16:51","guid":{"rendered":"http:\/\/aluksne.lv\/jauna1\/?page_id=556"},"modified":"2026-01-30T19:16:21","modified_gmt":"2026-01-30T17:16:21","slug":"izglitibas-iestades","status":"publish","type":"page","link":"https:\/\/aluksne.lv\/index.php\/pasvaldiba\/kontakti\/izglitibas-iestades\/","title":{"rendered":"Izgl\u012bt\u012bbas iest\u0101des"},"content":{"rendered":"<div id=\"pl-556\"  class=\"panel-layout\" ><div id=\"pg-556-0\"  class=\"panel-grid panel-no-style\" ><div id=\"pgc-556-0-0\"  class=\"panel-grid-cell\" ><div id=\"panel-556-0-0-0\" class=\"so-panel widget widget_sow-editor panel-first-child panel-last-child\" data-index=\"0\" ><div\n\t\t\t\n\t\t\tclass=\"so-widget-sow-editor so-widget-sow-editor-base\"\n\t\t\t\n\t\t>\n<div class=\"siteorigin-widget-tinymce textwidget\">\n\t<h3 align=\"center\"><strong>Pirmsskolas izgl\u012bt\u012bbas iest\u0101des<\/strong><\/h3>\n<div style=\"overflow-x: auto;\">\n<table class=\"pienem\">\n<tbody>\n<tr class=\"tabula_forma_augsa\">\n<td class=\"tabula_forma_augsa\"><strong>Izgl\u012bt\u012bbas iest\u0101de<\/strong><\/td>\n<td class=\"tabula_forma_augsa\"><strong>Kontakti<\/strong><\/td>\n<td class=\"tabula_forma_augsa\"><strong>Adrese<\/strong><\/td>\n<\/tr>\n<tr>\n<td><strong>Pirmsskolas izgl\u012bt\u012bbas iest\u0101de \u201ePienen\u012bte\u201d<\/strong><\/td>\n<td>Vad\u012bt\u0101ja: Ing\u016bna Dovg\u0101ne<br \/>\nT\u0101lrunis: 22014489<br \/>\ne-pasts: <span class=\"blue_edit\">pienenite@aluksne.lv<br \/>\neAdrese: _DEFAULT@40900006513<\/span><\/td>\n<td>Pirmsskolas izgl\u012bt\u012bbas programmas realiz\u0101cijas adreses:<br \/>\n* Hel\u0113nas iela 32, Al\u016bksne, Al\u016bksnes novads, LV-4301<br \/>\n* \"P\u016bc\u012btes\", Kolber\u0123is, Jaunal\u016bksnes pagasts, Al\u016bksnes novads, LV-4350<\/td>\n<\/tr>\n<tr>\n<td><strong>Pirmsskolas izgl\u012bt\u012bbas iest\u0101de \u201eSaul\u012bte\u201d<\/strong><\/td>\n<td>Vad\u012bt\u0101ja: Viola L\u0101ce<br \/>\nT\u0101lrunis: 29162206<br \/>\ne-pasts: <span class=\"blue_edit\">saulite@aluksne.lv<br \/>\neAdrese: _DEFAULT@40900006532<br \/>\n<\/span><\/td>\n<td>\u00a0Pirmsskolas izgl\u012bt\u012bbas programmas realiz\u0101cijas adreses:<strong><br \/>\n<\/strong>* \"Saul\u012bte\", Alsvi\u0137i, Alsvi\u0137u pagasts, Al\u016bksnes novads, LV-4333<br \/>\n* \"Zemen\u012bte\", Strauti\u0146i, Alsvi\u0137u pagasts, Al\u016bksnes novads, LV-4333<\/td>\n<\/tr>\n<tr>\n<td><strong>Pirmsskolas izgl\u012bt\u012bbas iest\u0101de \u201eSpr\u012bd\u012btis\u201d<\/strong><\/td>\n<td>Vad\u012bt\u0101ja: Modr\u012bte Voska<br \/>\nT\u0101lrunis: 22043901<br \/>\ne-pasts: <span class=\"blue_edit\">spriditis@aluksne.lv<br \/>\neAdrese: _DEFAULT@50900006801<br \/>\n<\/span><\/td>\n<td>Rai\u0146a bulv\u0101ris 5, Al\u016bksne, Al\u016bksnes novads, LV-4301<\/td>\n<\/tr>\n<tr>\n<td><strong>Pirmsskolas izgl\u012bt\u012bbas iest\u0101de \u201eMazputni\u0146\u0161\u201d<\/strong><\/td>\n<td>Vad\u012bt\u0101ja: Inga \u0100bolti\u0146a<br \/>\nT\u0101lrunis: 28794450<br \/>\ne-pasts: <span class=\"blue_edit\">mazputnins@aluksne.lv<br \/>\neAdrese: _DEFAULT@40900006551<br \/>\n<\/span><\/td>\n<td>\"Mazputni\u0146\u0161\", \"Brenci\", Malienas pagasts, Al\u016bksnes novads, LV-4359<\/td>\n<\/tr>\n<\/tbody>\n<\/table>\n<div align=\"center\">\n<h3 style=\"text-align: center;\"><strong>Visp\u0101r\u0113j\u0101s izgl\u012bt\u012bbas iest\u0101des<\/strong><\/h3>\n<\/div>\n<div style=\"overflow-x: auto;\">\n<table class=\"pienem\">\n<tbody>\n<tr>\n<td class=\"tabula_forma_augsa\"><strong>Izgl\u012bt\u012bbas iest\u0101de<\/strong><\/td>\n<td class=\"tabula_forma_augsa\"><strong>Kontakti<\/strong><\/td>\n<td class=\"tabula_forma_augsa\"><strong>Adrese<\/strong><\/td>\n<\/tr>\n<tr>\n<td><strong>Ernsta Glika Al\u016bksnes Valsts \u0123imn\u0101zija<\/strong><\/td>\n<td>Direktore: Uva Grencione-Lapseniete<br \/>\nT\u0101lru\u0146i: 26356444<br \/>\nLietved\u012bba 25432052<br \/>\nDienesta viesn\u012bca 25472240<br \/>\n\u0112ku un apsaimniekojam\u0101s teritorijas p\u0101rzine Sarm\u012bte Zilaua 29144781<br \/>\nDirektora vietniece izgl\u012bt\u012bbas jom\u0101 Ida Zel\u010da 26669126<br \/>\ne-pasts: <span class=\"blue_edit\">avg@aluksne.lv<br \/>\neAdrese: _DEFAULT@40900006496<\/span><br \/>\nwww: <a href=\"https:\/\/www.aluksnesgimnazija.lv\" target=\"_blank\" rel=\"noopener\">www.aluksnesgimnazija.lv<\/a><\/td>\n<td>Glika iela 10, Al\u016bksne, Al\u016bksnes novads, LV-4301<\/p>\n<p>&nbsp;<\/p>\n<p>1.-3.klases Liel\u0101 Ezera iela 26<\/p>\n<p>4.-6. klases Kanavi\u0146u iela 14<\/p>\n<p>7.-12.klases Glika iela 10<\/p>\n<\/td>\n<\/tr>\n<tr>\n<td><strong>Alekseja Gr\u0101v\u012b\u0161a Liepnas pamatskola<\/strong><\/td>\n<td>Direktore: Ilona Kazimirjonoka<br \/>\nT\u0101lrunis: 26131191<br \/>\ne-pasts: <span class=\"blue_edit\">lvs@aluksne.lv<br \/>\neAdrese: _DEFAULT@40900006509<br \/>\n<\/span><\/td>\n<td>Liepna, Liepnas pagasts, Al\u016bksnes novads, LV-4354<\/td>\n<\/tr>\n<tr>\n<td><strong>Ziemeru pamatskola<\/strong><\/td>\n<td>Direktore: Ilze Andronova<br \/>\nT\u0101lrunis: 26630322<br \/>\ne-pasts: <span class=\"blue_edit\">skola.ziemeri@aluksne.lv<br \/>\neAdrese: _DEFAULT@40900006477<br \/>\n<\/span><\/td>\n<td>Pamatskola, M\u0101ri\u0146kalns, Ziemera pagasts, Al\u016bksnes novads, LV-4332<\/td>\n<\/tr>\n<\/tbody>\n<\/table>\n<\/div>\n<div align=\"center\">\n<h3 style=\"text-align: center;\"><strong>Intere\u0161u un profesion\u0101l\u0101s ievirzes izgl\u012bt\u012bbas iest\u0101des<\/strong><\/h3>\n<\/div>\n<div style=\"overflow-x: auto;\">\n<table class=\"pienem\">\n<tbody>\n<tr>\n<td class=\"tabula_forma_augsa\"><strong>Izgl\u012bt\u012bbas iest\u0101de<\/strong><\/td>\n<td class=\"tabula_forma_augsa\"><strong>Kontakti<\/strong><\/td>\n<td class=\"tabula_forma_augsa\"><strong>Adrese<\/strong><\/td>\n<\/tr>\n<tr>\n<td><strong>Al\u016bksnes B\u0113rnu un jaunie\u0161u centrs<\/strong><\/td>\n<td>Direktore: Eva Aizupe<br \/>\nT\u0101lru\u0146i: 64322402, 29190552<br \/>\ne-pasts: <span class=\"blue_edit\">abjc@aluksne.lv<br \/>\neAdrese: _DEFAULT@40900006392<br \/>\nwww: <strong>www.abjc.lv<\/strong><\/span><\/td>\n<td>D\u0101rza iela 8A, Al\u016bksne, Al\u016bksnes novads, LV-4301<\/td>\n<\/tr>\n<tr>\n<td><strong>Al\u016bksnes M\u0101kslas skola<\/strong><\/td>\n<td>Direktore: Ilze Egle<br \/>\nT\u0101lru\u0146i: 64322433<br \/>\n29298964 (direktore); 29177702 (sekret\u0101re)<br \/>\ne-pasts: <span class=\"blue_edit\">makslasskola@aluksne.lv<br \/>\neAdrese: _DEFAULT@40900006797<br \/>\n<\/span>www: <a href=\"http:\/\/www.aluksnesmakslasskola.lv\" target=\"_blank\" rel=\"noopener\">www.aluksnesmakslasskola.lv<\/a><\/td>\n<td>Oj\u0101ra V\u0101cie\u0161a iela 2, Al\u016bksne, Al\u016bksnes novads, LV-4301<\/td>\n<\/tr>\n<tr>\n<td><strong>Al\u016bksnes M\u016bzikas skola<\/strong><\/td>\n<td>Direktore: Dana Berkule<br \/>\nT\u0101lrunis: 26137177<br \/>\ne-pasts: muzikas_skola@aluksne.lv<br \/>\n<span class=\"blue_edit\">eAdrese: _DEFAULT@40900006373<\/span><br \/>\nwww: <a href=\"https:\/\/muzika.aluksne.lv\" target=\"_blank\" rel=\"noopener\">www.muzika.aluksne.lv<\/a><\/td>\n<td>J\u0101\u0146kalna iela 38, Al\u016bksne, Al\u016bksnes novads, LV-4301<\/td>\n<\/tr>\n<tr>\n<td><strong>Al\u016bksnes Sporta skola<\/strong><\/td>\n<td>Direktore L\u012bga Tomsone<br \/>\nT\u0101lrunis: 26523288<br \/>\ne-pasts: <span class=\"blue_edit\">albjss@aluksne.lv<br \/>\neAdrese: _DEFAULT@40900006388<br \/>\nwww:<strong> www.aluksnessports.lv<\/strong><\/span><\/p>\n<p>Strukt\u016brvien\u012bbas \"Al\u016bksnes Sporta centrs\" vad\u012bt\u0101ja\u00a0Krista Ramane<br \/>\nT\u0101lrunis: 26431276<\/p>\n<\/td>\n<td>J\u0101\u0146kalna iela 17A, Al\u016bksne, Al\u016bksnes novads, LV-4301<\/td>\n<\/tr>\n<\/tbody>\n<\/table>\n<\/div>\n<\/div>\n<\/div>\n<\/div><\/div><\/div><div id=\"pgc-556-0-1\"  class=\"panel-grid-cell\" >\t\t<style type=\"text\/css\">\n\t\t\t#accordeconck1 { margin:0;padding:0; }\n#accordeconck1 .accordeonck_desc { display:block; }\n#accordeconck1 li.accordeonck { list-style: none;overflow: hidden; margin: 0;}\n#accordeconck1 ul[class^=\"content\"] { margin:0;padding:0;width:auto; }\n#accordeconck1 li.accordeonck > span { position: relative; display: block; }\n#accordeconck1 li.accordeonck.parent > span { padding-right: 20px;}\n#accordeconck1 li.parent > span span.toggler_icon { position: absolute; cursor: pointer; display: block; height: 100%; z-index: 10;right:0; background: url(https:\/\/aluksne.lv\/wp-content\/plugins\/accordeon-menu-ck\/images\/plus.png) center center no-repeat !important;width: 20px;}\n#accordeconck1 li.parent.open > span span.toggler_icon { right:0; background: url(https:\/\/aluksne.lv\/wp-content\/plugins\/accordeon-menu-ck\/images\/minus.png) center center no-repeat !important;}\n#accordeconck1 li.accordeonck.level2 > span { }\n#accordeconck1 li.level3 li.accordeonck > span { }\n#accordeconck1 a.accordeonck { display: block;text-decoration: none; }\n#accordeconck1 a.accordeonck:hover { text-decoration: none; }\n#accordeconck1 li.parent > span a { display: block;outline: none; }\n#accordeconck1 li.parent.open > span a {  }\n#accordeconck1 li.level2.parent > span span.toggler_icon { right:0;display: block;outline: none;background: url(https:\/\/aluksne.lv\/wp-content\/plugins\/accordeon-menu-ck\/images\/plus.png) center center no-repeat !important; }\n#accordeconck1 li.level2.parent.open > span span.toggler_icon { background: url(https:\/\/aluksne.lv\/wp-content\/plugins\/accordeon-menu-ck\/images\/minus.png) center center no-repeat !important; }\n#accordeconck1 li.level2 li.accordeonck.parent > span span.toggler_icon { right:0;display: block;outline: none;background: url(https:\/\/aluksne.lv\/wp-content\/plugins\/accordeon-menu-ck\/images\/plus.png) center center no-repeat !important; }\n#accordeconck1 li.level2 li.accordeonck.open.parent > span span.toggler_icon { background: url(https:\/\/aluksne.lv\/wp-content\/plugins\/accordeon-menu-ck\/images\/minus.png) center center no-repeat !important; }\n#accordeconck1  {\n\tbackground: #86C2DB;\n\tbackground-size: auto;\tbackground-image: -o-linear-gradient(center top,#86C2DB, #86C2DB 100%);\n\tbackground-image: -webkit-gradient(linear, left top, left bottom,from(#86C2DB), color-stop(100%, #86C2DB));\n\tbackground-image: -moz-linear-gradient(center top,#86C2DB, #86C2DB 100%);\n\tbackground-image: linear-gradient(to bottom,#86C2DB, #86C2DB 100%);\n\tborder-top: none;\n\tborder-bottom: none;\n\tborder-left: none;\n\tborder-right: none;\n\tpadding-top: 5px;\n\tpadding-right: 5px;\n\tpadding-bottom: 5px;\n\tpadding-left: 5px;\n\tfont-family: ;\n}\n\n#accordeconck1  a {\n\tfont-family: ;\n}\n\n#accordeconck1 li.level1 > span a {\n\tcolor: #FFFFFF;\n\tpadding-top: 5px;\n\tpadding-right: 5px;\n\tpadding-bottom: 5px;\n\tpadding-left: 5px;\n\tfont-size: 15px;\n}\n\n#accordeconck1 li.level1 > span a a {\n\tcolor: #FFFFFF;\n\tfont-size: 15px;\n}\n\n#accordeconck1 li.level1 > span .accordeonck_desc {\n\tfont-size: 10px;\n}\n\n#accordeconck1 li.level1 > span .accordeonck_desc a {\n\tfont-size: 10px;\n}\n\n#accordeconck1 li.level1:hover > span a {\n\tcolor: #000000;\n}\n\n#accordeconck1 li.level1:hover > span a a {\n\tcolor: #000000;\n}\n\n#accordeconck1 li.level1 > ul {\n\tbackground-size: auto;\tfont-family: ;\n}\n\n#accordeconck1 li.level1 > ul a {\n\tfont-family: ;\n}\n\n#accordeconck1 li.level2 > span a {\n\tcolor: #636363;\n\tpadding-top: 5px;\n\tpadding-bottom: 5px;\n\tpadding-left: 15px;\n}\n\n#accordeconck1 li.level2 > span a a {\n\tcolor: #636363;\n}\n\n#accordeconck1 li.level2:hover > span a {\n\tcolor: #000000;\n}\n\n#accordeconck1 li.level2:hover > span a a {\n\tcolor: #000000;\n}\n\n#accordeconck1 li.level2 ul[class^=\"content\"] {\n\tbackground-size: auto;\tfont-family: ;\n}\n\n#accordeconck1 li.level2 ul[class^=\"content\"] a {\n\tfont-family: ;\n}\n\n#accordeconck1 li.level2 li.accordeonck > span a {\n\tcolor: #636363;\n\tpadding-top: 2px;\n\tpadding-bottom: 2px;\n\tpadding-left: 20px;\n}\n\n#accordeconck1 li.level2 li.accordeonck > span a a {\n\tcolor: #636363;\n}\n\n#accordeconck1 li.level2 li.accordeonck:hover > span a {\n\tcolor: #000000;\n}\n\n#accordeconck1 li.level2 li.accordeonck:hover > span a a {\n\tcolor: #000000;\n}\t\t<\/style>\n\t\t<div id=\"panel-556-0-1-0\" class=\"so-panel widget widget_accordeon-menu-ck panel-first-child panel-last-child\" data-index=\"1\" ><ul id=\"accordeconck1\" class=\"menu\"><li id=\"menu-item-859\" class=\"menu-item menu-item-type-post_type menu-item-object-page accordeonck menu-item-859 level1\"><span class=\"accordeonck_outer \"><a href=\"https:\/\/aluksne.lv\/index.php\/pasvaldiba\/kontakti\/pasvaldibas-rekviziti\/\" class=\"accordeonck\">Pa\u0161vald\u012bbas rekviz\u012bti<\/a><\/span><\/li>\n<li id=\"menu-item-860\" class=\"menu-item menu-item-type-post_type menu-item-object-page accordeonck menu-item-860 level1\"><span class=\"accordeonck_outer \"><a href=\"https:\/\/aluksne.lv\/index.php\/pasvaldiba\/kontakti\/vadiba\/\" class=\"accordeonck\">Vad\u012bba<\/a><\/span><\/li>\n<li id=\"menu-item-861\" class=\"menu-item menu-item-type-post_type menu-item-object-page accordeonck menu-item-861 level1\"><span class=\"accordeonck_outer \"><a href=\"https:\/\/aluksne.lv\/index.php\/pasvaldiba\/kontakti\/administracija\/\" class=\"accordeonck\">Centr\u0101l\u0101 administr\u0101cija<\/a><\/span><\/li>\n<li id=\"menu-item-862\" class=\"menu-item menu-item-type-post_type menu-item-object-page accordeonck menu-item-862 level1\"><span class=\"accordeonck_outer \"><a href=\"https:\/\/aluksne.lv\/index.php\/pasvaldiba\/kontakti\/pasvaldibas-iestades\/\" class=\"accordeonck\">Pa\u0161vald\u012bbas iest\u0101des<\/a><\/span><\/li>\n<li id=\"menu-item-2514\" class=\"menu-item menu-item-type-post_type menu-item-object-page accordeonck menu-item-2514 level1\"><span class=\"accordeonck_outer \"><a href=\"https:\/\/aluksne.lv\/index.php\/pasvaldiba\/kontakti\/pagastu-parvaldes\/\" class=\"accordeonck\">Al\u016bksnes novada pagastu apvien\u012bbas p\u0101rvalde<\/a><\/span><\/li>\n<li id=\"menu-item-864\" class=\"menu-item menu-item-type-post_type menu-item-object-page accordeonck menu-item-864 level1\"><span class=\"accordeonck_outer \"><a href=\"https:\/\/aluksne.lv\/index.php\/pasvaldiba\/kontakti\/kapitalsabiedribas\/\" class=\"accordeonck\">Kapit\u0101lsabiedr\u012bbas<\/a><\/span><\/li>\n<li id=\"menu-item-865\" class=\"menu-item menu-item-type-post_type menu-item-object-page accordeonck menu-item-865 level1\"><span class=\"accordeonck_outer \"><a href=\"https:\/\/aluksne.lv\/index.php\/pasvaldiba\/kontakti\/izglitibas-iestades\/\" class=\"accordeonck\">Izgl\u012bt\u012bbas iest\u0101des<\/a><\/span><\/li>\n<li id=\"menu-item-866\" class=\"menu-item menu-item-type-post_type menu-item-object-page accordeonck menu-item-866 level1\"><span class=\"accordeonck_outer \"><a href=\"https:\/\/aluksne.lv\/index.php\/pasvaldiba\/kontakti\/kulturas-iestades\/\" class=\"accordeonck\">Kult\u016bras iest\u0101des<\/a><\/span><\/li>\n<\/ul>\t\t<script type=\"text\/javascript\"> <!--\n\t\t\n\t\t\tjQuery(document).ready(function(){\n\t\t\t\tjQuery('#accordeconck1').accordeonmenuck({eventtype : 'click',transition : 'linear',showactive : '1',showactivesubmenu : '0',duree : 500});\n\t\t\t}); \t\t\/\/--> <\/script>\n\t\t<\/div><\/div><\/div><\/div>","protected":false},"excerpt":{"rendered":"<p>Pirmsskolas izgl\u012bt\u012bbas iest\u0101des Izgl\u012bt\u012bbas iest\u0101de Kontakti Adrese Pirmsskolas izgl\u012bt\u012bbas iest\u0101de \u201ePienen\u012bte\u201d Vad\u012bt\u0101ja: Ing\u016bna Dovg\u0101ne T\u0101lrunis: 22014489 e-pasts: pienenite@aluksne.lv eAdrese: _DEFAULT@40900006513 Pirmsskolas izgl\u012bt\u012bbas programmas realiz\u0101cijas adreses: * Hel\u0113nas iela 32, Al\u016bksne, Al\u016bksnes novads, LV-4301 * &#8220;P\u016bc\u012btes&#8221;, Kolber\u0123is, Jaunal\u016bksnes pagasts, Al\u016bksnes novads,&#8230;<br \/><a class=\"read-more-button\" href=\"https:\/\/aluksne.lv\/index.php\/pasvaldiba\/kontakti\/izglitibas-iestades\/\">Las\u012bt visu<\/a><\/p>\n","protected":false},"author":1,"featured_media":0,"parent":350,"menu_order":0,"comment_status":"closed","ping_status":"closed","template":"","meta":{"_crdt_document":"","_monsterinsights_skip_tracking":false,"_monsterinsights_sitenote_active":false,"_monsterinsights_sitenote_note":"","_monsterinsights_sitenote_category":0,"footnotes":"","_links_to":"","_links_to_target":""},"class_list":["post-556","page","type-page","status-publish","hentry"],"_links":{"self":[{"href":"https:\/\/aluksne.lv\/index.php\/wp-json\/wp\/v2\/pages\/556","targetHints":{"allow":["GET"]}}],"collection":[{"href":"https:\/\/aluksne.lv\/index.php\/wp-json\/wp\/v2\/pages"}],"about":[{"href":"https:\/\/aluksne.lv\/index.php\/wp-json\/wp\/v2\/types\/page"}],"author":[{"embeddable":true,"href":"https:\/\/aluksne.lv\/index.php\/wp-json\/wp\/v2\/users\/1"}],"replies":[{"embeddable":true,"href":"https:\/\/aluksne.lv\/index.php\/wp-json\/wp\/v2\/comments?post=556"}],"version-history":[{"count":1,"href":"https:\/\/aluksne.lv\/index.php\/wp-json\/wp\/v2\/pages\/556\/revisions"}],"predecessor-version":[{"id":60303,"href":"https:\/\/aluksne.lv\/index.php\/wp-json\/wp\/v2\/pages\/556\/revisions\/60303"}],"up":[{"embeddable":true,"href":"https:\/\/aluksne.lv\/index.php\/wp-json\/wp\/v2\/pages\/350"}],"wp:attachment":[{"href":"https:\/\/aluksne.lv\/index.php\/wp-json\/wp\/v2\/media?parent=556"}],"curies":[{"name":"wp","href":"https:\/\/api.w.org\/{rel}","templated":true}]}}