{"id":564,"date":"2016-04-13T06:49:15","date_gmt":"2016-04-13T06:49:15","guid":{"rendered":"http:\/\/aluksne.lv\/jauna1\/?page_id=564"},"modified":"2026-03-28T11:35:57","modified_gmt":"2026-03-28T09:35:57","slug":"pasvaldibas-iestades","status":"publish","type":"page","link":"https:\/\/aluksne.lv\/index.php\/pasvaldiba\/kontakti\/pasvaldibas-iestades\/","title":{"rendered":"Pa\u0161vald\u012bbas iest\u0101des"},"content":{"rendered":"<div id=\"pl-564\"  class=\"panel-layout\" ><div id=\"pg-564-0\"  class=\"panel-grid panel-no-style\" ><div id=\"pgc-564-0-0\"  class=\"panel-grid-cell\" ><div id=\"panel-564-0-0-0\" class=\"so-panel widget widget_sow-editor panel-first-child panel-last-child\" data-index=\"0\" ><div\n\t\t\t\n\t\t\tclass=\"so-widget-sow-editor so-widget-sow-editor-base\"\n\t\t\t\n\t\t>\n<div class=\"siteorigin-widget-tinymce textwidget\">\n\t<div style=\"overflow-x: auto;\">\n<table class=\"pienem\" style=\"width: 1099px;\">\n<tbody>\n<tr>\n<td style=\"width: 267px;\"><strong>Al\u016bksnes novada Pa\u0161vald\u012bbas policija<br \/>\n<\/strong><\/td>\n<td style=\"width: 401px;\">Priek\u0161nieks: Ardis Tomsons<br \/>\nT\u0101lrunis: 64323156; 29106990 (priek\u0161nieks)<br \/>\ne-pasts: <span class=\"blue_edit\">pasvaldibas.policija@aluksne.lv<br \/>\neAdrese: _DEFAULT@40900006829<br \/>\n<\/span><\/td>\n<td style=\"width: 431px;\">D\u0101rza iela 11<br \/>\nAl\u016bksne, Al\u016bksnes novads, LV-4301<\/td>\n<\/tr>\n<tr>\n<td style=\"width: 267px;\"><strong>Al\u016bksnes novada Soci\u0101lo lietu p\u0101rvalde<\/strong><\/td>\n<td style=\"width: 401px;\">Vad\u012bt\u0101ja: Ilze Posta<br \/>\nT\u0101lru\u0146i: 64381347; 26323749; 27865635<br \/>\ne-pasts:\u00a0slp@aluksne.lv<br \/>\nilze.posta@aluksne.lv<br \/>\n<span class=\"blue_edit\">eAdrese: _DEFAULT@50900020171<\/span><br \/>\nDe\u017euranta t\u0101lrunis soci\u0101l\u0101s apr\u016bpes centr\u0101 \"Al\u016bksne\" 22010646 (visu diennakti)<br \/>\nDe\u017euranta t\u0101lrunis soci\u0101l\u0101s apr\u016bpes centr\u0101 \"P\u012bl\u0101d\u017ei\" M\u0101lup\u0113 29421540 (visu diennakti)<\/td>\n<td style=\"width: 431px;\">Uzvaras iela 1, Al\u016bksne,<br \/>\nAl\u016bksnes novads, LV-4301<\/td>\n<\/tr>\n<tr>\n<td style=\"width: 267px;\"><strong>Al\u016bksnes novada Dzimtsarakstu noda\u013ca<br \/>\n<\/strong><\/td>\n<td style=\"width: 401px;\">Vad\u012bt\u0101ja: Nansija Zu\u010dika<br \/>\nT\u0101lru\u0146i: 64322809; 26360529<br \/>\ne-pasts: <span class=\"blue_edit\">dzimtsaraksti@aluksne.lv<br \/>\neAdrese: _DEFAULT@40900007379<br \/>\n<\/span><\/td>\n<td style=\"width: 431px;\">D\u0101rza iela 11, Al\u016bksne,<br \/>\nAl\u016bksnes novads LV-4301<\/td>\n<\/tr>\n<tr>\n<td style=\"width: 267px;\"><strong>B\u0101ri\u0146tiesa<br \/>\n<\/strong><\/td>\n<td style=\"width: 401px;\">B\u0101ri\u0146tiesas priek\u0161s\u0113d\u0113t\u0101ja: Gunta Vanaga<br \/>\nT\u0101lrunis: 64323129; 26411168<br \/>\ne-pasts: <span class=\"blue_edit\">barintiesa@aluksne.lv<br \/>\neAdrese: _DEFAULT@40900006621<br \/>\n<\/span><\/td>\n<td style=\"width: 431px;\">D\u0101rza iela 11, Al\u016bksne,<br \/>\nAl\u016bksnes novads, LV-4301<\/td>\n<\/tr>\n<tr>\n<td style=\"width: 267px;\"><strong>B\u016bvvalde<br \/>\n<\/strong><\/td>\n<td style=\"width: 401px;\">B\u016bvvaldes vad\u012bt\u0101ja \u2013 arhitekte: Sandra Smildzi\u0146a<br \/>\nT\u0101lru\u0146i: 64322770 (b\u016bvinspektora pal\u012bdze-lietvede)<br \/>\n64322770; 26667642 (vad\u012bt\u0101ja)<br \/>\n64321631; 22009567 (b\u016bvinspektore)<br \/>\n64320931; 26122074 (teritorijas pl\u0101not\u0101ja)<br \/>\n<span style=\"font-family: inherit; font-size: inherit;\">e-pasts: <\/span><span class=\"blue_edit\" style=\"font-family: inherit; font-size: inherit;\">buvvalde@aluksne.lv<br \/>\n<\/span><span style=\"font-family: inherit; font-size: inherit;\">eAdrese: _DEFAULT@40900006674<\/span><\/td>\n<td style=\"width: 431px;\">D\u0101rza iela 11, Al\u016bksne,<br \/>\nAl\u016bksnes novads, LV-4301<\/td>\n<\/tr>\n<tr>\n<td style=\"width: 267px;\"><strong>Izgl\u012bt\u012bbas p\u0101rvalde<\/strong><\/p>\n<p>&nbsp;<\/p>\n<p>&nbsp;<\/p>\n<p>&nbsp;<\/p>\n<\/td>\n<td style=\"width: 401px;\">Vad\u012bt\u0101ja: Gunta Kup\u010da<br \/>\nT\u0101lru\u0146i: 64381479; 26320623 (vad\u012bt\u0101ja)<br \/>\n64381493; 64381521<br \/>\ne-pasts: <span class=\"blue_edit\">izgl.parvalde@aluksne.lv<br \/>\neAdrese: _DEFAULT@40900006782<br \/>\n<\/span><br \/>\nIzgl\u012bt\u012bbas iest\u0101\u017eu atbalsta person\u0101ls<br \/>\nT\u0101lrunis: 64321675<\/td>\n<td style=\"width: 431px;\">D\u0101rza iela 11, Al\u016bksne,<br \/>\nAl\u016bksnes novads, LV-4301<\/td>\n<\/tr>\n<tr>\n<td style=\"width: 267px;\"><strong>Al\u016bksnes T\u016brisma inform\u0101cijas centrs<\/strong><\/td>\n<td style=\"width: 401px;\">Vad\u012bt\u0101ja: Dace Bumbiere-Augule<br \/>\nT\u0101lru\u0146i: 25779965 (vad\u012bt\u0101ja);<br \/>\n25442335 (t\u016brisma inform\u0101cija)<br \/>\ne-pasts: tic@aluksne.lv<br \/>\n<span class=\"blue_edit\">eAdrese: _DEFAULT@40900020894<\/span><\/p>\n<p><strong>Al\u016bksnes B\u0101n\u012b\u0161a stacijas ekspoz\u012bcija<br \/>\n<\/strong>T\u0101lrunis: 25669604<br \/>\ne-pasts: stacija@aluksne.lv<\/p>\n<p><strong>Gaismas un ska\u0146as piedz\u012bvojums \u201cMARIENBURGAS astotais br\u0101lis\u201d<br \/>\n<\/strong>T\u0101lrunis: 29149810<br \/>\ne-pasts: astotaisbralis@aluksne.lv<\/p>\n<p><strong>Kodolra\u0137e\u0161u b\u0101ze Zelti\u0146os<br \/>\n<\/strong>T\u0101lrunis: 29492284 (gide)<\/p>\n<p><a href=\"https:\/\/visitaluksne.lv\" target=\"_blank\" rel=\"noopener\"><strong>www.visitaluksne.lv<\/strong><\/a><\/p>\n<\/td>\n<td style=\"width: 431px;\">Oj\u0101ra V\u0101cie\u0161a iela 1, Al\u016bksne,<br \/>\nAl\u016bksnes novads, LV-4301<\/td>\n<\/tr>\n<tr>\n<td style=\"width: 267px;\"><strong>Pa\u0161vald\u012bbas iest\u0101de \u201eALJA\u201d<br \/>\n<\/strong><\/td>\n<td style=\"width: 401px;\">Vad\u012bt\u0101js: M\u0101ris Lietuvietis<br \/>\nT\u0101lru\u0146i: 26141741 (direktors)<br \/>\n28301207 (uzzi\u0146\u0101m)<br \/>\n26389199 (inspektors)<br \/>\ne-pasts: <span class=\"blue_edit\">alja@aluksne.lv<br \/>\neAdrese: _DEFAULT@40900006848<br \/>\n<a href=\"https:\/\/www.aluksnesezers.lv\/\" target=\"_blank\" rel=\"noopener\">www.aluksnesezers.lv<\/a><\/span><\/td>\n<td style=\"width: 431px;\">Pilssalas iela 10, Al\u016bksne,<br \/>\nAl\u016bksnes novads, LV-4301<\/td>\n<\/tr>\n<tr>\n<td style=\"width: 267px;\"><strong>Pa\u0161vald\u012bbas iest\u0101de \u201eSpodra\u201d<br \/>\n<\/strong><\/td>\n<td style=\"width: 401px;\">Vad\u012bt\u0101ja: V\u0113sma \u010cugunova<br \/>\nT\u0101lrunis: 29195915<br \/>\ne-pasts: vesma.cugunova@aluksne.lv<br \/>\ne-pasts: <span class=\"blue_edit\">spodra@aluksne.lv<\/span><br \/>\n<span class=\"blue_edit\">eAdrese: _DEFAULT@40900006706<\/span><\/p>\n<p>26161235 (Al\u016bksnes Lielo un Mazo kapu p\u0101rzinis)<\/p>\n<\/td>\n<td style=\"width: 431px;\">Br\u016b\u017ea iela 1, Al\u016bksne,<br \/>\nAl\u016bksnes novads, LV-4301<\/td>\n<\/tr>\n<\/tbody>\n<\/table>\n<\/div>\n<\/div>\n<\/div><\/div><\/div><div id=\"pgc-564-0-1\"  class=\"panel-grid-cell\" >\t\t<style type=\"text\/css\">\n\t\t\t#accordeconck1 { margin:0;padding:0; }\n#accordeconck1 .accordeonck_desc { display:block; }\n#accordeconck1 li.accordeonck { list-style: none;overflow: hidden; margin: 0;}\n#accordeconck1 ul[class^=\"content\"] { margin:0;padding:0;width:auto; }\n#accordeconck1 li.accordeonck > span { position: relative; display: block; }\n#accordeconck1 li.accordeonck.parent > span { padding-right: 20px;}\n#accordeconck1 li.parent > span span.toggler_icon { position: absolute; cursor: pointer; display: block; height: 100%; z-index: 10;right:0; background: url(https:\/\/aluksne.lv\/wp-content\/plugins\/accordeon-menu-ck\/images\/plus.png) center center no-repeat !important;width: 20px;}\n#accordeconck1 li.parent.open > span span.toggler_icon { right:0; background: url(https:\/\/aluksne.lv\/wp-content\/plugins\/accordeon-menu-ck\/images\/minus.png) center center no-repeat !important;}\n#accordeconck1 li.accordeonck.level2 > span { }\n#accordeconck1 li.level3 li.accordeonck > span { }\n#accordeconck1 a.accordeonck { display: block;text-decoration: none; }\n#accordeconck1 a.accordeonck:hover { text-decoration: none; }\n#accordeconck1 li.parent > span a { display: block;outline: none; }\n#accordeconck1 li.parent.open > span a {  }\n#accordeconck1 li.level2.parent > span span.toggler_icon { right:0;display: block;outline: none;background: url(https:\/\/aluksne.lv\/wp-content\/plugins\/accordeon-menu-ck\/images\/plus.png) center center no-repeat !important; }\n#accordeconck1 li.level2.parent.open > span span.toggler_icon { background: url(https:\/\/aluksne.lv\/wp-content\/plugins\/accordeon-menu-ck\/images\/minus.png) center center no-repeat !important; }\n#accordeconck1 li.level2 li.accordeonck.parent > span span.toggler_icon { right:0;display: block;outline: none;background: url(https:\/\/aluksne.lv\/wp-content\/plugins\/accordeon-menu-ck\/images\/plus.png) center center no-repeat !important; }\n#accordeconck1 li.level2 li.accordeonck.open.parent > span span.toggler_icon { background: url(https:\/\/aluksne.lv\/wp-content\/plugins\/accordeon-menu-ck\/images\/minus.png) center center no-repeat !important; }\n#accordeconck1  {\n\tbackground: #86C2DB;\n\tbackground-size: auto;\tbackground-image: -o-linear-gradient(center top,#86C2DB, #86C2DB 100%);\n\tbackground-image: -webkit-gradient(linear, left top, left bottom,from(#86C2DB), color-stop(100%, #86C2DB));\n\tbackground-image: -moz-linear-gradient(center top,#86C2DB, #86C2DB 100%);\n\tbackground-image: linear-gradient(to bottom,#86C2DB, #86C2DB 100%);\n\tborder-top: none;\n\tborder-bottom: none;\n\tborder-left: none;\n\tborder-right: none;\n\tpadding-top: 5px;\n\tpadding-right: 5px;\n\tpadding-bottom: 5px;\n\tpadding-left: 5px;\n\tfont-family: ;\n}\n\n#accordeconck1  a {\n\tfont-family: ;\n}\n\n#accordeconck1 li.level1 > span a {\n\tcolor: #FFFFFF;\n\tpadding-top: 5px;\n\tpadding-right: 5px;\n\tpadding-bottom: 5px;\n\tpadding-left: 5px;\n\tfont-size: 15px;\n}\n\n#accordeconck1 li.level1 > span a a {\n\tcolor: #FFFFFF;\n\tfont-size: 15px;\n}\n\n#accordeconck1 li.level1 > span .accordeonck_desc {\n\tfont-size: 10px;\n}\n\n#accordeconck1 li.level1 > span .accordeonck_desc a {\n\tfont-size: 10px;\n}\n\n#accordeconck1 li.level1:hover > span a {\n\tcolor: #000000;\n}\n\n#accordeconck1 li.level1:hover > span a a {\n\tcolor: #000000;\n}\n\n#accordeconck1 li.level1 > ul {\n\tbackground-size: auto;\tfont-family: ;\n}\n\n#accordeconck1 li.level1 > ul a {\n\tfont-family: ;\n}\n\n#accordeconck1 li.level2 > span a {\n\tcolor: #636363;\n\tpadding-top: 5px;\n\tpadding-bottom: 5px;\n\tpadding-left: 15px;\n}\n\n#accordeconck1 li.level2 > span a a {\n\tcolor: #636363;\n}\n\n#accordeconck1 li.level2:hover > span a {\n\tcolor: #000000;\n}\n\n#accordeconck1 li.level2:hover > span a a {\n\tcolor: #000000;\n}\n\n#accordeconck1 li.level2 ul[class^=\"content\"] {\n\tbackground-size: auto;\tfont-family: ;\n}\n\n#accordeconck1 li.level2 ul[class^=\"content\"] a {\n\tfont-family: ;\n}\n\n#accordeconck1 li.level2 li.accordeonck > span a {\n\tcolor: #636363;\n\tpadding-top: 2px;\n\tpadding-bottom: 2px;\n\tpadding-left: 20px;\n}\n\n#accordeconck1 li.level2 li.accordeonck > span a a {\n\tcolor: #636363;\n}\n\n#accordeconck1 li.level2 li.accordeonck:hover > span a {\n\tcolor: #000000;\n}\n\n#accordeconck1 li.level2 li.accordeonck:hover > span a a {\n\tcolor: #000000;\n}\t\t<\/style>\n\t\t<div id=\"panel-564-0-1-0\" class=\"so-panel widget widget_accordeon-menu-ck panel-first-child panel-last-child\" data-index=\"1\" ><ul id=\"accordeconck1\" class=\"menu\"><li id=\"menu-item-859\" class=\"menu-item menu-item-type-post_type menu-item-object-page accordeonck menu-item-859 level1\"><span class=\"accordeonck_outer \"><a href=\"https:\/\/aluksne.lv\/index.php\/pasvaldiba\/kontakti\/pasvaldibas-rekviziti\/\" class=\"accordeonck\">Pa\u0161vald\u012bbas rekviz\u012bti<\/a><\/span><\/li>\n<li id=\"menu-item-860\" class=\"menu-item menu-item-type-post_type menu-item-object-page accordeonck menu-item-860 level1\"><span class=\"accordeonck_outer \"><a href=\"https:\/\/aluksne.lv\/index.php\/pasvaldiba\/kontakti\/vadiba\/\" class=\"accordeonck\">Vad\u012bba<\/a><\/span><\/li>\n<li id=\"menu-item-861\" class=\"menu-item menu-item-type-post_type menu-item-object-page accordeonck menu-item-861 level1\"><span class=\"accordeonck_outer \"><a href=\"https:\/\/aluksne.lv\/index.php\/pasvaldiba\/kontakti\/administracija\/\" class=\"accordeonck\">Centr\u0101l\u0101 administr\u0101cija<\/a><\/span><\/li>\n<li id=\"menu-item-862\" class=\"menu-item menu-item-type-post_type menu-item-object-page accordeonck menu-item-862 level1\"><span class=\"accordeonck_outer \"><a href=\"https:\/\/aluksne.lv\/index.php\/pasvaldiba\/kontakti\/pasvaldibas-iestades\/\" class=\"accordeonck\">Pa\u0161vald\u012bbas iest\u0101des<\/a><\/span><\/li>\n<li id=\"menu-item-2514\" class=\"menu-item menu-item-type-post_type menu-item-object-page accordeonck menu-item-2514 level1\"><span class=\"accordeonck_outer \"><a href=\"https:\/\/aluksne.lv\/index.php\/pasvaldiba\/kontakti\/pagastu-parvaldes\/\" class=\"accordeonck\">Al\u016bksnes novada pagastu apvien\u012bbas p\u0101rvalde<\/a><\/span><\/li>\n<li id=\"menu-item-864\" class=\"menu-item menu-item-type-post_type menu-item-object-page accordeonck menu-item-864 level1\"><span class=\"accordeonck_outer \"><a href=\"https:\/\/aluksne.lv\/index.php\/pasvaldiba\/kontakti\/kapitalsabiedribas\/\" class=\"accordeonck\">Kapit\u0101lsabiedr\u012bbas<\/a><\/span><\/li>\n<li id=\"menu-item-865\" class=\"menu-item menu-item-type-post_type menu-item-object-page accordeonck menu-item-865 level1\"><span class=\"accordeonck_outer \"><a href=\"https:\/\/aluksne.lv\/index.php\/pasvaldiba\/kontakti\/izglitibas-iestades\/\" class=\"accordeonck\">Izgl\u012bt\u012bbas iest\u0101des<\/a><\/span><\/li>\n<li id=\"menu-item-866\" class=\"menu-item menu-item-type-post_type menu-item-object-page accordeonck menu-item-866 level1\"><span class=\"accordeonck_outer \"><a href=\"https:\/\/aluksne.lv\/index.php\/pasvaldiba\/kontakti\/kulturas-iestades\/\" class=\"accordeonck\">Kult\u016bras iest\u0101des<\/a><\/span><\/li>\n<\/ul>\t\t<script type=\"text\/javascript\"> <!--\n\t\t\n\t\t\tjQuery(document).ready(function(){\n\t\t\t\tjQuery('#accordeconck1').accordeonmenuck({eventtype : 'click',transition : 'linear',showactive : '1',showactivesubmenu : '0',duree : 500});\n\t\t\t}); \t\t\/\/--> <\/script>\n\t\t<\/div><\/div><\/div><\/div>","protected":false},"excerpt":{"rendered":"<p>Al\u016bksnes novada Pa\u0161vald\u012bbas policija Priek\u0161nieks: Ardis Tomsons T\u0101lrunis: 64323156; 29106990 (priek\u0161nieks) e-pasts: pasvaldibas.policija@aluksne.lv eAdrese: _DEFAULT@40900006829 D\u0101rza iela 11 Al\u016bksne, Al\u016bksnes novads, LV-4301 Al\u016bksnes novada Soci\u0101lo lietu p\u0101rvalde Vad\u012bt\u0101ja: Ilze Posta T\u0101lru\u0146i: 64381347; 26323749; 27865635 e-pasts:\u00a0slp@aluksne.lv ilze.posta@aluksne.lv eAdrese: _DEFAULT@50900020171 De\u017euranta t\u0101lrunis&#8230;<br \/><a class=\"read-more-button\" href=\"https:\/\/aluksne.lv\/index.php\/pasvaldiba\/kontakti\/pasvaldibas-iestades\/\">Las\u012bt visu<\/a><\/p>\n","protected":false},"author":1,"featured_media":0,"parent":350,"menu_order":0,"comment_status":"closed","ping_status":"closed","template":"","meta":{"_crdt_document":"","_monsterinsights_skip_tracking":false,"_monsterinsights_sitenote_active":false,"_monsterinsights_sitenote_note":"","_monsterinsights_sitenote_category":0,"footnotes":"","_links_to":"","_links_to_target":""},"class_list":["post-564","page","type-page","status-publish","hentry"],"_links":{"self":[{"href":"https:\/\/aluksne.lv\/index.php\/wp-json\/wp\/v2\/pages\/564","targetHints":{"allow":["GET"]}}],"collection":[{"href":"https:\/\/aluksne.lv\/index.php\/wp-json\/wp\/v2\/pages"}],"about":[{"href":"https:\/\/aluksne.lv\/index.php\/wp-json\/wp\/v2\/types\/page"}],"author":[{"embeddable":true,"href":"https:\/\/aluksne.lv\/index.php\/wp-json\/wp\/v2\/users\/1"}],"replies":[{"embeddable":true,"href":"https:\/\/aluksne.lv\/index.php\/wp-json\/wp\/v2\/comments?post=564"}],"version-history":[{"count":2,"href":"https:\/\/aluksne.lv\/index.php\/wp-json\/wp\/v2\/pages\/564\/revisions"}],"predecessor-version":[{"id":61674,"href":"https:\/\/aluksne.lv\/index.php\/wp-json\/wp\/v2\/pages\/564\/revisions\/61674"}],"up":[{"embeddable":true,"href":"https:\/\/aluksne.lv\/index.php\/wp-json\/wp\/v2\/pages\/350"}],"wp:attachment":[{"href":"https:\/\/aluksne.lv\/index.php\/wp-json\/wp\/v2\/media?parent=564"}],"curies":[{"name":"wp","href":"https:\/\/api.w.org\/{rel}","templated":true}]}}