{"id":583,"date":"2016-04-13T07:05:12","date_gmt":"2016-04-13T07:05:12","guid":{"rendered":"http:\/\/aluksne.lv\/jauna1\/?page_id=583"},"modified":"2026-04-21T11:16:44","modified_gmt":"2026-04-21T08:16:44","slug":"civilas-aizsardzibas-plans","status":"publish","type":"page","link":"https:\/\/aluksne.lv\/index.php\/pasvaldiba\/civilas-aizsardzibas-plans\/","title":{"rendered":"Civil\u0101 aizsardz\u012bba"},"content":{"rendered":"<div id=\"pl-583\"  class=\"panel-layout\" ><div id=\"pg-583-0\"  class=\"panel-grid panel-no-style\" ><div id=\"pgc-583-0-0\"  class=\"panel-grid-cell\" ><div id=\"panel-583-0-0-0\" class=\"so-panel widget widget_sow-editor panel-first-child panel-last-child\" data-index=\"0\" ><div\n\t\t\t\n\t\t\tclass=\"so-widget-sow-editor so-widget-sow-editor-base\"\n\t\t\t\n\t\t>\n<div class=\"siteorigin-widget-tinymce textwidget\">\n\t<p>&nbsp;<\/p>\n<p>Al\u016bksnes novad\u0101 ir izveidota <a href=\"https:\/\/aluksne.lv\/index.php\/pasvaldiba\/komisijas\/#CAK\">Al\u016bksnes sadarb\u012bbas teritorijas civil\u0101s aizsardz\u012bbas komisija<\/a>.<\/p>\n<p>Kontaktpersonas:<br \/>\nAl\u016bksnes novada Pa\u0161vald\u012bbas policijas priek\u0161nieks Ardis TOMSONS, t\u0101lrunis 29106990, e-pasts: ardis.tomsons@aluksne.lv<br \/>\nAl\u016bksnes novada Pa\u0161vald\u012bbas policijas civil\u0101s aizsardz\u012bbas speci\u0101liste Maija SLI\u0145\u0136E, t\u0101lrunis 22046646, e-pasts: maija.slinke@aluksne.lv<\/p>\n<\/div>\n<\/div><\/div><\/div><\/div><div id=\"pg-583-1\"  class=\"panel-grid panel-no-style\" ><div id=\"pgc-583-1-0\"  class=\"panel-grid-cell\" ><div id=\"panel-583-1-0-0\" class=\"so-panel widget widget_sow-button panel-first-child\" data-index=\"1\" ><div\n\t\t\t\n\t\t\tclass=\"so-widget-sow-button so-widget-sow-button-flat-4505edf213f8-583\"\n\t\t\t\n\t\t><div class=\"ow-button-base ow-button-align-left\"\n>\n\t\t\t<a\n\t\t\t\t\thref=\"https:\/\/aluksne.lv\/index.php\/pasvaldiba\/civilas-aizsardzibas-plans\/civilas-aizsardzibas-plans\/\"\n\t\t\t\t\tclass=\"sowb-button ow-icon-placement-left ow-button-hover\" \t>\n\t\t<span>\n\t\t\t\n\t\t\tCivil\u0101s aizsardz\u012bbas pl\u0101ns\t\t<\/span>\n\t\t\t<\/a>\n\t<\/div>\n<\/div><\/div><div id=\"panel-583-1-0-1\" class=\"so-panel widget widget_sow-button panel-last-child\" data-index=\"2\" ><div\n\t\t\t\n\t\t\tclass=\"so-widget-sow-button so-widget-sow-button-flat-4505edf213f8-583\"\n\t\t\t\n\t\t><div class=\"ow-button-base ow-button-align-left\"\n>\n\t\t\t<a\n\t\t\t\t\thref=\"https:\/\/aluksne.lv\/index.php\/pasvaldiba\/civilas-aizsardzibas-plans\/informativie-materiali\/\"\n\t\t\t\t\tclass=\"sowb-button ow-icon-placement-left ow-button-hover\" \t>\n\t\t<span>\n\t\t\t\n\t\t\tInformat\u012bvie materi\u0101li\t\t<\/span>\n\t\t\t<\/a>\n\t<\/div>\n<\/div><\/div><\/div><div id=\"pgc-583-1-1\"  class=\"panel-grid-cell\" ><div id=\"panel-583-1-1-0\" class=\"so-panel widget widget_sow-button panel-first-child\" data-index=\"3\" ><div\n\t\t\t\n\t\t\tclass=\"so-widget-sow-button so-widget-sow-button-flat-4505edf213f8-583\"\n\t\t\t\n\t\t><div class=\"ow-button-base ow-button-align-left\"\n>\n\t\t\t<a\n\t\t\t\t\thref=\"https:\/\/aluksne.lv\/index.php\/pasvaldiba\/civilas-aizsardzibas-plans\/patvertnes\/\"\n\t\t\t\t\tclass=\"sowb-button ow-icon-placement-left ow-button-hover\" \t>\n\t\t<span>\n\t\t\t\n\t\t\tPatvertnes\t\t<\/span>\n\t\t\t<\/a>\n\t<\/div>\n<\/div><\/div><div id=\"panel-583-1-1-1\" class=\"so-panel widget widget_sow-button panel-last-child\" data-index=\"4\" ><div\n\t\t\t\n\t\t\tclass=\"so-widget-sow-button so-widget-sow-button-flat-4505edf213f8-583\"\n\t\t\t\n\t\t><div class=\"ow-button-base ow-button-align-left\"\n>\n\t\t\t<a\n\t\t\t\t\thref=\"https:\/\/aluksne.lv\/index.php\/pasvaldiba\/civilas-aizsardzibas-plans\/pludi\/\"\n\t\t\t\t\tclass=\"sowb-button ow-icon-placement-left ow-button-hover\" \t>\n\t\t<span>\n\t\t\t\n\t\t\tPl\u016bdi\t\t<\/span>\n\t\t\t<\/a>\n\t<\/div>\n<\/div><\/div><\/div><\/div><\/div>","protected":false},"excerpt":{"rendered":"<p>&nbsp; Al\u016bksnes novad\u0101 ir izveidota Al\u016bksnes sadarb\u012bbas teritorijas civil\u0101s aizsardz\u012bbas komisija. Kontaktpersonas: Al\u016bksnes novada Pa\u0161vald\u012bbas policijas priek\u0161nieks Ardis TOMSONS, t\u0101lrunis 29106990, e-pasts: ardis.tomsons@aluksne.lv Al\u016bksnes novada Pa\u0161vald\u012bbas policijas civil\u0101s aizsardz\u012bbas speci\u0101liste Maija SLI\u0145\u0136E, t\u0101lrunis 22046646, e-pasts: maija.slinke@aluksne.lv<\/p>\n","protected":false},"author":1,"featured_media":0,"parent":6,"menu_order":0,"comment_status":"closed","ping_status":"closed","template":"","meta":{"_crdt_document":"","_monsterinsights_skip_tracking":false,"_monsterinsights_sitenote_active":false,"_monsterinsights_sitenote_note":"","_monsterinsights_sitenote_category":0,"footnotes":"","_links_to":"","_links_to_target":""},"class_list":["post-583","page","type-page","status-publish","hentry"],"_links":{"self":[{"href":"https:\/\/aluksne.lv\/index.php\/wp-json\/wp\/v2\/pages\/583","targetHints":{"allow":["GET"]}}],"collection":[{"href":"https:\/\/aluksne.lv\/index.php\/wp-json\/wp\/v2\/pages"}],"about":[{"href":"https:\/\/aluksne.lv\/index.php\/wp-json\/wp\/v2\/types\/page"}],"author":[{"embeddable":true,"href":"https:\/\/aluksne.lv\/index.php\/wp-json\/wp\/v2\/users\/1"}],"replies":[{"embeddable":true,"href":"https:\/\/aluksne.lv\/index.php\/wp-json\/wp\/v2\/comments?post=583"}],"version-history":[{"count":4,"href":"https:\/\/aluksne.lv\/index.php\/wp-json\/wp\/v2\/pages\/583\/revisions"}],"predecessor-version":[{"id":62213,"href":"https:\/\/aluksne.lv\/index.php\/wp-json\/wp\/v2\/pages\/583\/revisions\/62213"}],"up":[{"embeddable":true,"href":"https:\/\/aluksne.lv\/index.php\/wp-json\/wp\/v2\/pages\/6"}],"wp:attachment":[{"href":"https:\/\/aluksne.lv\/index.php\/wp-json\/wp\/v2\/media?parent=583"}],"curies":[{"name":"wp","href":"https:\/\/api.w.org\/{rel}","templated":true}]}}