{"id":58520,"date":"2025-10-29T13:58:16","date_gmt":"2025-10-29T11:58:16","guid":{"rendered":"https:\/\/aluksne.lv\/?page_id=58520"},"modified":"2026-04-08T09:50:00","modified_gmt":"2026-04-08T06:50:00","slug":"vadiba-un-struktura","status":"publish","type":"page","link":"https:\/\/aluksne.lv\/index.php\/pasvaldiba\/socialas-un-citas-iestades\/aluksnes-novada-socialais-dienests\/vadiba-un-struktura\/","title":{"rendered":"VAD\u012aBA UN STRUKT\u016aRA"},"content":{"rendered":"<div id=\"pl-58520\"  class=\"panel-layout\" ><div id=\"pg-58520-0\"  class=\"panel-grid panel-no-style\" ><div id=\"pgc-58520-0-0\"  class=\"panel-grid-cell\" ><div id=\"panel-58520-0-0-0\" class=\"so-panel widget widget_sow-editor panel-first-child panel-last-child\" data-index=\"0\" ><div\n\t\t\t\n\t\t\tclass=\"so-widget-sow-editor so-widget-sow-editor-base\"\n\t\t\t\n\t\t>\n<div class=\"siteorigin-widget-tinymce textwidget\">\n\t<p style=\"text-align: center;\"><strong>Vad\u012bt\u0101ja Ilze Posta<br \/>\n<a href=\"https:\/\/aluksne.lv\/wp-content\/uploads\/2025\/10\/Attels1.jpg\"><img loading=\"lazy\" decoding=\"async\" class=\"alignnone size-thumbnail wp-image-58492\" src=\"https:\/\/aluksne.lv\/wp-content\/uploads\/2025\/10\/Attels1-150x150.jpg\" alt=\"Ilze Posta\" width=\"150\" height=\"150\" srcset=\"https:\/\/aluksne.lv\/wp-content\/uploads\/2025\/10\/Attels1-150x150.jpg 150w, https:\/\/aluksne.lv\/wp-content\/uploads\/2025\/10\/Attels1-60x60.jpg 60w\" sizes=\"auto, (max-width: 150px) 100vw, 150px\" \/><\/a><br \/>\n<\/strong><strong>T\u0101lrunis +371 26323749<br \/>\n<\/strong><strong>e-pasts: <\/strong><a href=\"mailto:ilze.posta@aluksne.lv\"><strong>ilze.posta@aluksne.lv<\/strong><\/a><br \/>\nvad\u012bt\u0101ja pie\u0146em apmekl\u0113t\u0101jus Uzvaras iel\u0101 1, Al\u016bksn\u0113, Al\u016bksnes novad\u0101, 210. kab., pirmdien\u0101s no 14.00 l\u012bdz 16.00<\/p>\n<hr \/>\n<p style=\"text-align: center;\"><strong>Vad\u012bt\u0101ja vietniece Ina Raipule<br \/>\n<a href=\"https:\/\/aluksne.lv\/wp-content\/uploads\/2025\/10\/Attels2.jpg\"><img loading=\"lazy\" decoding=\"async\" class=\"alignnone size-thumbnail wp-image-58493\" src=\"https:\/\/aluksne.lv\/wp-content\/uploads\/2025\/10\/Attels2-150x150.jpg\" alt=\"Ina Raipule\" width=\"150\" height=\"150\" srcset=\"https:\/\/aluksne.lv\/wp-content\/uploads\/2025\/10\/Attels2-150x150.jpg 150w, https:\/\/aluksne.lv\/wp-content\/uploads\/2025\/10\/Attels2-60x60.jpg 60w\" sizes=\"auto, (max-width: 150px) 100vw, 150px\" \/><\/a><br \/>\n<\/strong><strong>T\u0101lrunis +371 27865635<br \/>\n<\/strong><strong>e-pasts: <\/strong><a href=\"mailto:ina.raipule@aluksne.lv\"><strong>ina.raipule@aluksne.lv<\/strong><\/a><br \/>\nvad\u012bt\u0101ja vietniece pie\u0146em apmekl\u0113t\u0101jus Uzvaras iel\u0101 1, Al\u016bksn\u0113, Al\u016bksnes novad\u0101, 209. kab.,<br \/>\ntre\u0161dien\u0101s no 14.00 l\u012bdz 16.00<\/p>\n<hr \/>\n<p style=\"text-align: center;\"><strong>Soci\u0101l\u0101s pal\u012bdz\u012bbas noda\u013cas vad\u012bt\u0101ja Evita Bondare<br \/>\n<\/strong><strong>T\u0101lrunis +371 26357597<br \/>\n<\/strong><strong>e-pasts: <\/strong><a href=\"mailto:evita.bondare@aluksne.lv\"><strong>evita.bondare@aluksne.lv<\/strong><\/a><br \/>\nsoci\u0101l\u0101s pal\u012bdz\u012bbas noda\u013cas vad\u012bt\u0101ja pie\u0146em apmekl\u0113t\u0101jus Uzvaras iel\u0101 1, Al\u016bksn\u0113, Al\u016bksnes novad\u0101, 204. kab., iepriek\u0161 piesakoties pa t\u0101lruni<\/p>\n<hr \/>\n<p style=\"text-align: center;\"><strong>Soci\u0101lo pakalpojumu noda\u013cas vad\u012bt\u0101ja Ludmila Logina<br \/>\n<\/strong><strong>T\u0101lrunis +371 29459551<br \/>\n<\/strong><strong>e-pasts: <\/strong><a href=\"mailto:ludmila.logina@aluksne.lv\"><strong>ludmila.logina@aluksne.lv<\/strong><\/a><br \/>\nsoci\u0101lo pakalpojumu noda\u013cas vad\u012bt\u0101ja pie\u0146em apmekl\u0113t\u0101jus Uzvaras iel\u0101 1, Al\u016bksn\u0113, Al\u016bksnes novad\u0101, 207. kab., iepriek\u0161 piesakoties pa t\u0101lruni<\/p>\n<hr \/>\n<p style=\"text-align: center;\"><strong>Soci\u0101l\u0101s apr\u016bpes centra \u201cAl\u016bksnes\u201d vad\u012bt\u0101ja Irina Baikova<br \/>\n<\/strong><strong>T\u0101lrunis +371 28671840<br \/>\n<\/strong><strong>e-pasts: <\/strong><a href=\"mailto:irina.baikova@aluksne.lv\"><strong>irina.baikova@aluksne.lv<\/strong><\/a><br \/>\nsoci\u0101l\u0101s apr\u016bpes centra \u201cAl\u016bksne\u201d vad\u012bt\u0101ja pie\u0146em apmekl\u0113t\u0101jus O\u0161u iel\u0101 5, Al\u016bksn\u0113, Al\u016bksnes novad\u0101, iepriek\u0161 piesakoties pa t\u0101lruni<strong>\u00a0<\/strong><\/p>\n<hr \/>\n<p style=\"text-align: center;\"><strong>Soci\u0101l\u0101s apr\u016bpes centra \u201cP\u012bl\u0101d\u017ei\u201d vad\u012bt\u0101ja Laima Ka\u0146epe<br \/>\n<\/strong><strong>T\u0101lrunis +371 25626911<br \/>\n<\/strong><strong>e-pasts: <\/strong><a href=\"mailto:laima.kanepe@aluksne.lv\"><strong>laima.kanepe@aluksne.lv<\/strong><\/a><br \/>\nsoci\u0101l\u0101s apr\u016bpes centra \u201cP\u012bl\u0101d\u017ei\u201d vad\u012bt\u0101ja pie\u0146em apmekl\u0113t\u0101jus \u201cSaules\u201d, M\u0101lupe, M\u0101lupes pagasts, Al\u016bksnes novad\u0101, iepriek\u0161 piesakoties pa t\u0101lruni<\/p>\n<hr \/>\n<h2 style=\"text-align: center;\"><strong>Strukt\u016bra<\/strong><br \/>\n<img loading=\"lazy\" decoding=\"async\" class=\"alignnone size-full wp-image-61899\" src=\"https:\/\/aluksne.lv\/wp-content\/uploads\/2026\/04\/struktura_labota.jpg\" alt=\"SLP strukt\u016bra\" width=\"2339\" height=\"1654\" srcset=\"https:\/\/aluksne.lv\/wp-content\/uploads\/2026\/04\/struktura_labota.jpg 2339w, https:\/\/aluksne.lv\/wp-content\/uploads\/2026\/04\/struktura_labota-800x566.jpg 800w, https:\/\/aluksne.lv\/wp-content\/uploads\/2026\/04\/struktura_labota-1024x724.jpg 1024w, https:\/\/aluksne.lv\/wp-content\/uploads\/2026\/04\/struktura_labota-768x543.jpg 768w, https:\/\/aluksne.lv\/wp-content\/uploads\/2026\/04\/struktura_labota-1536x1086.jpg 1536w, https:\/\/aluksne.lv\/wp-content\/uploads\/2026\/04\/struktura_labota-2048x1448.jpg 2048w, https:\/\/aluksne.lv\/wp-content\/uploads\/2026\/04\/struktura_labota-1170x827.jpg 1170w\" sizes=\"auto, (max-width: 2339px) 100vw, 2339px\" \/><\/h2>\n<\/div>\n<\/div><\/div><\/div><div id=\"pgc-58520-0-1\"  class=\"panel-grid-cell\" >\t\t<style type=\"text\/css\">\n\t\t\t#accordeconck1 { margin:0;padding:0; }\n#accordeconck1 .accordeonck_desc { display:block; }\n#accordeconck1 li.accordeonck { list-style: none;overflow: hidden; margin: 0;}\n#accordeconck1 ul[class^=\"content\"] { margin:0;padding:0;width:auto; }\n#accordeconck1 li.accordeonck > span { position: relative; display: block; }\n#accordeconck1 li.accordeonck.parent > span { padding-right: 20px;}\n#accordeconck1 li.parent > span span.toggler_icon { position: absolute; cursor: pointer; display: block; height: 100%; z-index: 10;right:0; background: url(https:\/\/aluksne.lv\/wp-content\/plugins\/accordeon-menu-ck\/images\/plus.png) center center no-repeat !important;width: 20px;}\n#accordeconck1 li.parent.open > span span.toggler_icon { right:0; background: url(https:\/\/aluksne.lv\/wp-content\/plugins\/accordeon-menu-ck\/images\/minus.png) center center no-repeat !important;}\n#accordeconck1 li.accordeonck.level2 > span { }\n#accordeconck1 li.level3 li.accordeonck > span { }\n#accordeconck1 a.accordeonck { display: block;text-decoration: none; }\n#accordeconck1 a.accordeonck:hover { text-decoration: none; }\n#accordeconck1 li.parent > span a { display: block;outline: none; }\n#accordeconck1 li.parent.open > span a {  }\n#accordeconck1 li.level2.parent > span span.toggler_icon { right:0;display: block;outline: none;background: url(https:\/\/aluksne.lv\/wp-content\/plugins\/accordeon-menu-ck\/images\/plus.png) center center no-repeat !important; }\n#accordeconck1 li.level2.parent.open > span span.toggler_icon { background: url(https:\/\/aluksne.lv\/wp-content\/plugins\/accordeon-menu-ck\/images\/minus.png) center center no-repeat !important; }\n#accordeconck1 li.level2 li.accordeonck.parent > span span.toggler_icon { right:0;display: block;outline: none;background: url(https:\/\/aluksne.lv\/wp-content\/plugins\/accordeon-menu-ck\/images\/plus.png) center center no-repeat !important; }\n#accordeconck1 li.level2 li.accordeonck.open.parent > span span.toggler_icon { background: url(https:\/\/aluksne.lv\/wp-content\/plugins\/accordeon-menu-ck\/images\/minus.png) center center no-repeat !important; }\n#accordeconck1  {\n\tbackground: #86C2DB;\n\tbackground-size: auto;\tbackground-image: -o-linear-gradient(center top,#86C2DB, #86C2DB 100%);\n\tbackground-image: -webkit-gradient(linear, left top, left bottom,from(#86C2DB), color-stop(100%, #86C2DB));\n\tbackground-image: -moz-linear-gradient(center top,#86C2DB, #86C2DB 100%);\n\tbackground-image: linear-gradient(to bottom,#86C2DB, #86C2DB 100%);\n\tborder-top: none;\n\tborder-bottom: none;\n\tborder-left: none;\n\tborder-right: none;\n\tpadding-top: 5px;\n\tpadding-right: 5px;\n\tpadding-bottom: 5px;\n\tpadding-left: 5px;\n\tfont-family: ;\n}\n\n#accordeconck1  a {\n\tfont-family: ;\n}\n\n#accordeconck1 li.level1 > span a {\n\tcolor: #FFFFFF;\n\tpadding-top: 5px;\n\tpadding-right: 5px;\n\tpadding-bottom: 5px;\n\tpadding-left: 5px;\n\tfont-size: 15px;\n}\n\n#accordeconck1 li.level1 > span a a {\n\tcolor: #FFFFFF;\n\tfont-size: 15px;\n}\n\n#accordeconck1 li.level1 > span .accordeonck_desc {\n\tfont-size: 10px;\n}\n\n#accordeconck1 li.level1 > span .accordeonck_desc a {\n\tfont-size: 10px;\n}\n\n#accordeconck1 li.level1:hover > span a {\n\tcolor: #000000;\n}\n\n#accordeconck1 li.level1:hover > span a a {\n\tcolor: #000000;\n}\n\n#accordeconck1 li.level1 > ul {\n\tbackground-size: auto;\tfont-family: ;\n}\n\n#accordeconck1 li.level1 > ul a {\n\tfont-family: ;\n}\n\n#accordeconck1 li.level2 > span a {\n\tcolor: #636363;\n\tpadding-top: 5px;\n\tpadding-bottom: 5px;\n\tpadding-left: 15px;\n}\n\n#accordeconck1 li.level2 > span a a {\n\tcolor: #636363;\n}\n\n#accordeconck1 li.level2:hover > span a {\n\tcolor: #000000;\n}\n\n#accordeconck1 li.level2:hover > span a a {\n\tcolor: #000000;\n}\n\n#accordeconck1 li.level2 ul[class^=\"content\"] {\n\tbackground-size: auto;\tfont-family: ;\n}\n\n#accordeconck1 li.level2 ul[class^=\"content\"] a {\n\tfont-family: ;\n}\n\n#accordeconck1 li.level2 li.accordeonck > span a {\n\tcolor: #636363;\n\tpadding-top: 2px;\n\tpadding-bottom: 2px;\n\tpadding-left: 20px;\n}\n\n#accordeconck1 li.level2 li.accordeonck > span a a {\n\tcolor: #636363;\n}\n\n#accordeconck1 li.level2 li.accordeonck:hover > span a {\n\tcolor: #000000;\n}\n\n#accordeconck1 li.level2 li.accordeonck:hover > span a a {\n\tcolor: #000000;\n}\t\t<\/style>\n\t\t<div id=\"panel-58520-0-1-0\" class=\"so-panel widget widget_accordeon-menu-ck panel-first-child panel-last-child\" data-index=\"1\" ><ul id=\"accordeconck1\" class=\"menu\"><li id=\"menu-item-58523\" class=\"menu-item menu-item-type-post_type menu-item-object-page accordeonck menu-item-58523 level1\"><span class=\"accordeonck_outer \"><a href=\"https:\/\/aluksne.lv\/index.php\/pasvaldiba\/socialas-un-citas-iestades\/aluksnes-novada-socialais-dienests\/\" class=\"accordeonck\">AL\u016aKSNES NOVADA SOCI\u0100LO LIETU P\u0100RVALDE<\/a><\/span><\/li>\n<li id=\"menu-item-58522\" class=\"menu-item menu-item-type-post_type menu-item-object-page accordeonck menu-item-58522 level1\"><span class=\"accordeonck_outer \"><a href=\"https:\/\/aluksne.lv\/index.php\/pasvaldiba\/socialas-un-citas-iestades\/aluksnes-novada-socialais-dienests\/vadiba-un-struktura\/\" class=\"accordeonck\">VAD\u012aBA UN STRUKT\u016aRA<\/a><\/span><\/li>\n<li id=\"menu-item-58528\" class=\"menu-item menu-item-type-post_type menu-item-object-page accordeonck menu-item-58528 level1\"><span class=\"accordeonck_outer \"><a href=\"https:\/\/aluksne.lv\/index.php\/pasvaldiba\/socialas-un-citas-iestades\/aluksnes-novada-socialais-dienests\/kontakti\/\" class=\"accordeonck\">KONTAKTI<\/a><\/span><\/li>\n<li id=\"menu-item-58535\" class=\"menu-item menu-item-type-post_type menu-item-object-page accordeonck menu-item-58535 level1\"><span class=\"accordeonck_outer \"><a href=\"https:\/\/aluksne.lv\/index.php\/pasvaldiba\/socialas-un-citas-iestades\/aluksnes-novada-socialais-dienests\/normativie-akti\/\" class=\"accordeonck\">NORMAT\u012aVIE AKTI<\/a><\/span><\/li>\n<li id=\"menu-item-58534\" class=\"menu-item menu-item-type-post_type menu-item-object-page accordeonck menu-item-58534 level1\"><span class=\"accordeonck_outer \"><a href=\"https:\/\/aluksne.lv\/index.php\/pasvaldiba\/socialas-un-citas-iestades\/aluksnes-novada-socialais-dienests\/pienemsanu-laiki\/\" class=\"accordeonck\">PIE\u0145EM\u0160ANU LAIKI<\/a><\/span><\/li>\n<li id=\"menu-item-58547\" class=\"menu-item menu-item-type-post_type menu-item-object-page accordeonck menu-item-58547 level1\"><span class=\"accordeonck_outer \"><a href=\"https:\/\/aluksne.lv\/index.php\/pasvaldiba\/socialas-un-citas-iestades\/aluksnes-novada-socialais-dienests\/socialas-palidzibas-pabalsti-un-socialie-pakalpojumi\/\" class=\"accordeonck\">SOCI\u0100L\u0100S PAL\u012aDZ\u012aBAS PABALSTI UN SOCI\u0100LIE PAKALPOJUMI<\/a><\/span><\/li>\n<li id=\"menu-item-58546\" class=\"menu-item menu-item-type-post_type menu-item-object-page accordeonck menu-item-58546 level1\"><span class=\"accordeonck_outer \"><a href=\"https:\/\/aluksne.lv\/index.php\/pasvaldiba\/socialas-un-citas-iestades\/aluksnes-novada-socialais-dienests\/socialas-aprupes-centri\/\" class=\"accordeonck\">SOCI\u0100L\u0100S APR\u016aPES CENTRI<\/a><\/span><\/li>\n<li id=\"menu-item-58545\" class=\"menu-item menu-item-type-post_type menu-item-object-page accordeonck menu-item-58545 level1\"><span class=\"accordeonck_outer \"><a href=\"https:\/\/aluksne.lv\/index.php\/pasvaldiba\/socialas-un-citas-iestades\/aluksnes-novada-socialais-dienests\/feldseru-punkti\/\" class=\"accordeonck\">FELD\u0160ERU PUNKTI<\/a><\/span><\/li>\n<li id=\"menu-item-58544\" class=\"menu-item menu-item-type-post_type menu-item-object-page accordeonck menu-item-58544 level1\"><span class=\"accordeonck_outer \"><a href=\"https:\/\/aluksne.lv\/index.php\/pasvaldiba\/socialas-un-citas-iestades\/aluksnes-novada-socialais-dienests\/maksas-pakalpojumi\/\" class=\"accordeonck\">MAKSAS PAKALPOJUMI<\/a><\/span><\/li>\n<\/ul>\t\t<script type=\"text\/javascript\"> <!--\n\t\t\n\t\t\tjQuery(document).ready(function(){\n\t\t\t\tjQuery('#accordeconck1').accordeonmenuck({eventtype : 'click',transition : 'linear',showactive : '1',showactivesubmenu : '0',duree : 500});\n\t\t\t}); \t\t\/\/--> <\/script>\n\t\t<\/div><\/div><\/div><\/div>","protected":false},"excerpt":{"rendered":"<p>Vad\u012bt\u0101ja Ilze Posta T\u0101lrunis +371 26323749 e-pasts: ilze.posta@aluksne.lv vad\u012bt\u0101ja pie\u0146em apmekl\u0113t\u0101jus Uzvaras iel\u0101 1, Al\u016bksn\u0113, Al\u016bksnes novad\u0101, 210. kab., pirmdien\u0101s no 14.00 l\u012bdz 16.00 Vad\u012bt\u0101ja vietniece Ina Raipule T\u0101lrunis +371 27865635 e-pasts: ina.raipule@aluksne.lv vad\u012bt\u0101ja vietniece pie\u0146em apmekl\u0113t\u0101jus Uzvaras iel\u0101 1,&#8230;<br \/><a class=\"read-more-button\" href=\"https:\/\/aluksne.lv\/index.php\/pasvaldiba\/socialas-un-citas-iestades\/aluksnes-novada-socialais-dienests\/vadiba-un-struktura\/\">Las\u012bt visu<\/a><\/p>\n","protected":false},"author":1,"featured_media":0,"parent":2151,"menu_order":0,"comment_status":"closed","ping_status":"closed","template":"","meta":{"_crdt_document":"","_monsterinsights_skip_tracking":false,"_monsterinsights_sitenote_active":false,"_monsterinsights_sitenote_note":"","_monsterinsights_sitenote_category":0,"footnotes":"","_links_to":"","_links_to_target":""},"class_list":["post-58520","page","type-page","status-publish","hentry"],"_links":{"self":[{"href":"https:\/\/aluksne.lv\/index.php\/wp-json\/wp\/v2\/pages\/58520","targetHints":{"allow":["GET"]}}],"collection":[{"href":"https:\/\/aluksne.lv\/index.php\/wp-json\/wp\/v2\/pages"}],"about":[{"href":"https:\/\/aluksne.lv\/index.php\/wp-json\/wp\/v2\/types\/page"}],"author":[{"embeddable":true,"href":"https:\/\/aluksne.lv\/index.php\/wp-json\/wp\/v2\/users\/1"}],"replies":[{"embeddable":true,"href":"https:\/\/aluksne.lv\/index.php\/wp-json\/wp\/v2\/comments?post=58520"}],"version-history":[{"count":1,"href":"https:\/\/aluksne.lv\/index.php\/wp-json\/wp\/v2\/pages\/58520\/revisions"}],"predecessor-version":[{"id":61900,"href":"https:\/\/aluksne.lv\/index.php\/wp-json\/wp\/v2\/pages\/58520\/revisions\/61900"}],"up":[{"embeddable":true,"href":"https:\/\/aluksne.lv\/index.php\/wp-json\/wp\/v2\/pages\/2151"}],"wp:attachment":[{"href":"https:\/\/aluksne.lv\/index.php\/wp-json\/wp\/v2\/media?parent=58520"}],"curies":[{"name":"wp","href":"https:\/\/api.w.org\/{rel}","templated":true}]}}