{"id":58526,"date":"2025-10-29T14:06:39","date_gmt":"2025-10-29T12:06:39","guid":{"rendered":"https:\/\/aluksne.lv\/?page_id=58526"},"modified":"2026-03-24T15:12:09","modified_gmt":"2026-03-24T13:12:09","slug":"kontakti","status":"publish","type":"page","link":"https:\/\/aluksne.lv\/index.php\/pasvaldiba\/socialas-un-citas-iestades\/aluksnes-novada-socialais-dienests\/kontakti\/","title":{"rendered":"KONTAKTI"},"content":{"rendered":"<div id=\"pl-58526\"  class=\"panel-layout\" ><div id=\"pg-58526-0\"  class=\"panel-grid panel-no-style\" ><div id=\"pgc-58526-0-0\"  class=\"panel-grid-cell\" ><div id=\"panel-58526-0-0-0\" class=\"so-panel widget widget_sow-editor panel-first-child panel-last-child\" data-index=\"0\" ><div\n\t\t\t\n\t\t\tclass=\"so-widget-sow-editor so-widget-sow-editor-base\"\n\t\t\t\n\t\t>\n<div class=\"siteorigin-widget-tinymce textwidget\">\n\t<h2><span style=\"color: #222222; font-family: Oswald, Arial, Helvetica, sans-serif; font-size: 21px;\"><br \/>\n<strong>Administr\u0101cija<\/strong><\/span><\/h2>\n<p><strong><br \/>\nVad\u012bt\u0101ja Ilze POSTA<br \/>\n<\/strong>T\u0101lrunis +371 26323749<br \/>\ne-pasts: <a href=\"mailto:ilze.posta@aluksne.lv\">ilze.posta@aluksne.lv<\/a><\/p>\n<p><strong>Vad\u012bt\u0101ja vietniece Ina RAIPULE<br \/>\n<\/strong>T\u0101lrunis +371 27865635<br \/>\ne-pasts: <a href=\"mailto:ina.raipule@aluksne.lv\">ina.raipule@aluksne.lv<\/a><\/p>\n<p><strong>Person\u0101la speci\u0101liste Daiga KEOME\u0122E<br \/>\n<\/strong>T\u0101lrunis +371 29428751<br \/>\ne-pasts: <a href=\"mailto:daiga.keome\u0123e@aluksne.lv\">daiga.keome\u0123e@aluksne.lv<\/a><\/p>\n<p><strong>Lietved\u012bbas sekret\u0101re Inita VOLTE<br \/>\n<\/strong>T\u0101lrunis +371 29428751<br \/>\ne-pasts: <a href=\"mailto:inita.volte@aluksne.lv\">inita.volte@aluksne.lv<\/a><\/p>\n<p><strong>Juriste Svetlana SOLDATOVA<br \/>\n<\/strong>T\u0101lrunis +371 27772801<br \/>\ne-pasts: <a href=\"mailto:svetlana.soldatova@aluksne.lv\">svetlana.soldatova@aluksne.lv<\/a><\/p>\n<p><strong>Pal\u012bgstr\u0101dnieks Marija MOISEJEVA<br \/>\n<\/strong>T\u0101lrunis +371 25400175<\/p>\n<hr \/>\n<h2><strong>Soci\u0101lo pakalpojumu noda\u013ca<\/strong><\/h2>\n<p><strong><br \/>\nSoci\u0101lo pakalpojumu noda\u013cas vad\u012bt\u0101ja Ludmila LOGINA<br \/>\n<\/strong>T\u0101lrunis +371 29459551<br \/>\ne-pasts: <a href=\"mailto:ludmila.logina@aluksne.lv\">ludmila.logina@aluksne.lv<\/a><\/p>\n<p><strong>Soci\u0101l\u0101 darbiniece darbam ar \u0123imeni un b\u0113rniem Iveta BONDARE<br \/>\n<\/strong>T\u0101lrunis +371 29476553<br \/>\ne-pasts: <a href=\"mailto:iveta.bondare@aluksne.lv\">iveta.bondare@aluksne.lv<\/a><\/p>\n<p><strong>Soci\u0101l\u0101 darbiniece darbam ar \u0123imeni un b\u0113rniem Nellija REZGORI\u0145A<br \/>\n<\/strong>T\u0101lrunis +371 29269701<br \/>\ne-pasts: <a href=\"mailto:nellija.rezgorina@aluksne.lv\">nellija.rezgorina@aluksne.lv<\/a><\/p>\n<p><strong>Soci\u0101l\u0101 darbiniece darbam ar \u0123imeni un b\u0113rniem Irita PAEGLE<\/strong> (ilgsto\u0161\u0101 promb\u016btn\u0113)<strong><br \/>\n<\/strong><strong>Soci\u0101l\u0101 darbiniece darbam ar \u0123imeni un b\u0113rniem Be\u0101te DELPERE<br \/>\n<\/strong>T\u0101lrunis +371 26309177<br \/>\ne-pasts: <a href=\"mailto:beate.delpere@aluksne.lv\">beate.delpere@aluksne.lv<\/a><\/p>\n<p><strong>Soci\u0101l\u0101 darbiniece darbam ar person\u0101m ar funkcion\u0101liem trauc\u0113jumiem Gunita GIRBE<br \/>\n<\/strong>T\u0101lrunis +371 25771159<br \/>\ne-pasts: <a href=\"mailto:gunita.girbe@aluksne.lv\">gunita.girbe@aluksne.lv<\/a><\/p>\n<p><strong>Soci\u0101l\u0101 darbiniece darbam ar person\u0101m ar funkcion\u0101liem trauc\u0113jumiem Anda V\u012aKSNA<br \/>\n<\/strong>T\u0101lrunis +371 25443391<br \/>\ne-pasts: <a href=\"mailto:anda.viksna@aluksne.lv\">anda.viksna@aluksne.lv<\/a><\/p>\n<p><strong>Soci\u0101l\u0101 darbiniece darbam ar personu grup\u0101m El\u012bna JANTONE-JANKA<br \/>\n<\/strong>T\u0101lrunis +371 29287720<br \/>\ne-pasts: <a href=\"mailto:elina.jantone-janka@aluksne.lv\">elina.jantone-janka@aluksne.lv<\/a><\/p>\n<p><strong>Soci\u0101l\u0101 darbiniece darbam ar personu grup\u0101m Maija PODEGRADE<br \/>\n<\/strong>T\u0101lrunis +371 29478789<br \/>\ne-pasts: <a href=\"mailto:maija.podegrade@aluksne.lv\">maija.podegrade@aluksne.lv<\/a><\/p>\n<p><strong>Soci\u0101l\u0101 darbiniece darbam ar vardarb\u012bb\u0101 cietu\u0161\u0101m person\u0101m Sab\u012bne L\u012aCE<br \/>\n<\/strong>T\u0101lrunis +371 25443367<br \/>\ne-pasts: <a href=\"mailto:sabine.lice@aluksne.lv\">sabine.lice@aluksne.lv<\/a><\/p>\n<p><strong>Soci\u0101lais mentors Daiga CVETKOVA<br \/>\n<\/strong>T\u0101lrunis +371 29419893<br \/>\ne-pasts: <a href=\"mailto:daiga.cvetkova@aluksne.lv\">daiga.cvetkova@aluksne.lv<\/a><\/p>\n<hr \/>\n<h2><strong>Soci\u0101l\u0101s pal\u012bdz\u012bbas noda\u013ca<\/strong><\/h2>\n<p><strong><br \/>\nSoci\u0101l\u0101s pal\u012bdz\u012bbas noda\u013cas vad\u012bt\u0101ja Evita BONDARE<br \/>\n<\/strong>T\u0101lrunis +371 26357597<br \/>\ne-pasts: <a href=\"mailto:evita.bondare@aluksne.lv\">evita.bondare@aluksne.lv<\/a><\/p>\n<p><strong>Soci\u0101l\u0101s pal\u012bdz\u012bbas organizatore Rud\u012bte PEHLAKA<br \/>\n<\/strong>T\u0101lrunis +371 25771189<br \/>\ne-pasts: <a href=\"mailto:rud\u012bte.pehlaka@aluksne.lv\">rud\u012bte.pehlaka@aluksne.lv<\/a><\/p>\n<p><strong>Soci\u0101l\u0101s pal\u012bdz\u012bbas organizatore Solvita CEKULE<br \/>\n<\/strong>T\u0101lrunis +371 29427814<br \/>\ne-pasts: <a href=\"mailto:solvita.cekule@aluksne.lv\">solvita.cekule@aluksne.lv<\/a><\/p>\n<p><strong>Soci\u0101l\u0101s pal\u012bdz\u012bbas organizatore Evija NAUDI\u0145A<br \/>\n<\/strong>T\u0101lrunis +371 29419468<br \/>\ne-pasts: <a href=\"mailto:evija.naudina@aluksne.lv\">evija.naudina@aluksne.lv<\/a><\/p>\n<p><strong>Soci\u0101l\u0101s pal\u012bdz\u012bbas organizatore Krist\u012bne VABULNIECE<br \/>\n<\/strong>T\u0101lrunis +371 28333347<br \/>\ne-pasts: <a href=\"mailto:kristine.vabulniece@aluksne.lv\">kristine.vabulniece@aluksne.lv<\/a><\/p>\n<p><strong>Soci\u0101l\u0101s pal\u012bdz\u012bbas organizatore Inese PARINGA<br \/>\n<\/strong>T\u0101lrunis +371 25443359<br \/>\ne-pasts: <a href=\"mailto:inese.paringa@aluksne.lv\">inese.paringa@aluksne.lv<\/a><\/p>\n<hr \/>\n<h2><strong> Dienas apr\u016bpes centrs \u201cSaules stars\u201d, Dienas apr\u016bpes centrs \u201cSaules za\u0137i\u201d un Specializ\u0113t\u0101s darbn\u012bcas<\/strong><\/h2>\n<p><strong><br \/>\nSoci\u0101l\u0101 darbiniece darbam ar person\u0101m ar funkcion\u0101liem trauc\u0113jumiem<br \/>\n<\/strong><strong>Ieva KRANCMANE-VASI\u013bJEVA<br \/>\n<\/strong>T\u0101lrunis +371 25662283<br \/>\ne-pasts: <a href=\"mailto:ieva.krancmane-vasiljeva@aluksne.lv\">ieva.krancmane-vasiljeva@aluksne.lv<\/a><\/p>\n<p><strong>Soci\u0101l\u0101 rehabilit\u0113t\u0101ja Jolanta GRIGORJEVA<br \/>\n<\/strong>T\u0101lrunis +371 25662283<br \/>\ne-pasts: <a href=\"mailto:jolanta.grigorjeva@aluksne.lv\">jolanta.grigorjeva@aluksne.lv<\/a><\/p>\n<p><strong>Apr\u016bp\u0113t\u0101ja Tatjana A\u0145ISIMOVA<br \/>\n<\/strong>T\u0101lrunis +371 25662283<\/p>\n<hr \/>\n<h2><strong>SAC \u201cAl\u016bksne\u201d<\/strong><\/h2>\n<p><strong><br \/>\nVad\u012bt\u0101ja Irina BAIKOVA<br \/>\n<\/strong>T\u0101lrunis +371 28671840<br \/>\ne-pasts: <a href=\"mailto:irina.baikova@aluksne.lv\">irina.baikova@aluksne.lv<\/a><\/p>\n<p><strong>Soci\u0101l\u0101 darbiniece Ilona D\u017dIGURE<br \/>\n<\/strong>T\u0101lrunis +371 26319864<br \/>\ne-pasts: <a href=\"mailto:ilona.dzigure@aluksne.lv\">ilona.dzigure@aluksne.lv<\/a><\/p>\n<p><strong>Soci\u0101l\u0101 rehabilit\u0113t\u0101ja Krist\u012bne BUKOVSKA<br \/>\n<\/strong>T\u0101lrunis +371 26319864<br \/>\ne-pasts: <a href=\"mailto:kristine.bukovska@aluksne.lv\">kristine.bukovska@aluksne.lv<\/a><\/p>\n<p><strong>Soci\u0101l\u0101 apr\u016bp\u0113t\u0101ja Sandra B\u0112RZI\u0145A<br \/>\n<\/strong>T\u0101lrunis +371 26319864<br \/>\ne-pasts: <a href=\"mailto:sandra.berzina@aluksne.lv\">sandra.berzina@aluksne.lv<\/a><\/p>\n<p><strong>\u0112ku un apsaimniekojam\u0101s teritorijas p\u0101rzinis Artis APINIS<br \/>\n<\/strong>T\u0101lrunis +371 29480075<\/p>\n<p><strong>\u0100rsta pal\u012bgs-feld\u0161ere Klinta KALNI\u0145A<br \/>\n<\/strong>T\u0101lrunis +371 22010646<br \/>\ne-pasts: <a href=\"mailto:klinta.kalnina@aluksne.lv\">klinta.kalnina@aluksne.lv<\/a><\/p>\n<p><strong>Medic\u012bnas m\u0101sa Krist\u012bne ME\u0145\u0122O<br \/>\n<\/strong>T\u0101lrunis +371 22010646<\/p>\n<p><strong>Noliktavas p\u0101rzine Olga VIHROVA<br \/>\n<\/strong>T\u0101lrunis +371 25442286<br \/>\ne-pasts: <a href=\"mailto:olga.vihrova@aluksne.lv\">olga.vihrova@aluksne.lv<\/a><\/p>\n<p><strong>T\u0101lrunis diennakts sazi\u0146ai<br \/>\n<\/strong>T\u0101lrunis +371 22010646<\/p>\n<hr \/>\n<h2><strong>SAC \u201cP\u012bl\u0101d\u017ei\u201d<\/strong><\/h2>\n<p><strong><br \/>\nVad\u012bt\u0101ja Laima KA\u0145EPE<br \/>\n<\/strong>T\u0101lrunis +371 25626911<br \/>\ne-pasts: <a href=\"mailto:laima.kanepe@aluksne.lv\">laima.kanepe@aluksne.lv<\/a><\/p>\n<p><strong>Soci\u0101l\u0101 darbiniece Ieva VIMBA<br \/>\n<\/strong>T\u0101lrunis +371 26209198<br \/>\ne-pasts: <a href=\"mailto:ieva.vimba@aluksne.lv\">ieva.vimba@aluksne.lv<\/a><\/p>\n<p><strong>Soci\u0101l\u0101 rehabilit\u0113t\u0101ja R\u016bta MELN\u016aDRE<br \/>\n<\/strong>T\u0101lrunis +371 29421540<br \/>\ne-pasts: <a href=\"mailto:ruta.melnudre@aluksne.lv\">ruta.melnudre@aluksne.lv<\/a><\/p>\n<p><strong>Soci\u0101l\u0101 apr\u016bp\u0113t\u0101ja Andriana PREIMANE<br \/>\n<\/strong>T\u0101lrunis +371 29421540<br \/>\ne-pasts: <a href=\"mailto:andriana.preimane@aluksne.lv\">andriana.preimane@aluksne.lv<\/a><\/p>\n<p><strong>\u0112ku un apsaimniekojam\u0101s teritorijas p\u0101rzinis M\u0101ris ZVEJNIEKS<br \/>\n<\/strong>T\u0101lrunis +371 20242985<br \/>\ne-pasts: <a href=\"mailto:maris.zvejnieks@aluksne.lv\">maris.zvejnieks@aluksne.lv<\/a><\/p>\n<p><strong>Medic\u012bnas m\u0101sa Ir\u0113na LUKJANOVA<br \/>\n<\/strong>T\u0101lrunis +371 27775956<br \/>\ne-pasts: <a href=\"mailto:irena.lukjanova@aluksne.lv\">irena.lukjanova@aluksne.lv<\/a><\/p>\n<p><strong>Medic\u012bnas m\u0101sa M\u0101ra ZIHMANE<br \/>\n<\/strong>T\u0101lrunis +371 27775956<br \/>\ne-pasts: <a href=\"mailto:mara.zihmane@aluksne.lv\">mara.zihmane@aluksne.lv<\/a><\/p>\n<p><strong>Noliktavas p\u0101rzine Ing\u016bna BROK\u0100NE<br \/>\n<\/strong>T\u0101lrunis +371 27774233<br \/>\ne-pasts: <a href=\"mailto:inguna.brokane@aluksne.lv\">inguna.brokane@aluksne.lv<\/a><\/p>\n<p><strong>De\u017eurants J\u0101nis NAUDI\u0145\u0160<br \/>\n<\/strong>T\u0101lrunis +371 29421540<\/p>\n<p><strong>T\u0101lrunis diennakts sazi\u0146ai<br \/>\n<\/strong>T\u0101lrunis +371 29421540<\/p>\n<hr \/>\n<h2><strong>Soci\u0101l\u0101 m\u0101ja<\/strong><\/h2>\n<p><strong><br \/>\nApr\u016bp\u0113t\u0101ja Anita STRADI\u0145A<br \/>\n<\/strong>T\u0101lrunis +371 25662287<\/p>\n<p>&nbsp;<\/p>\n<\/div>\n<\/div><\/div><\/div><div id=\"pgc-58526-0-1\"  class=\"panel-grid-cell\" >\t\t<style type=\"text\/css\">\n\t\t\t#accordeconck1 { margin:0;padding:0; }\n#accordeconck1 .accordeonck_desc { display:block; }\n#accordeconck1 li.accordeonck { list-style: none;overflow: hidden; margin: 0;}\n#accordeconck1 ul[class^=\"content\"] { margin:0;padding:0;width:auto; }\n#accordeconck1 li.accordeonck > span { position: relative; display: block; }\n#accordeconck1 li.accordeonck.parent > span { padding-right: 20px;}\n#accordeconck1 li.parent > span span.toggler_icon { position: absolute; cursor: pointer; display: block; height: 100%; z-index: 10;right:0; background: url(https:\/\/aluksne.lv\/wp-content\/plugins\/accordeon-menu-ck\/images\/plus.png) center center no-repeat !important;width: 20px;}\n#accordeconck1 li.parent.open > span span.toggler_icon { right:0; background: url(https:\/\/aluksne.lv\/wp-content\/plugins\/accordeon-menu-ck\/images\/minus.png) center center no-repeat !important;}\n#accordeconck1 li.accordeonck.level2 > span { }\n#accordeconck1 li.level3 li.accordeonck > span { }\n#accordeconck1 a.accordeonck { display: block;text-decoration: none; }\n#accordeconck1 a.accordeonck:hover { text-decoration: none; }\n#accordeconck1 li.parent > span a { display: block;outline: none; }\n#accordeconck1 li.parent.open > span a {  }\n#accordeconck1 li.level2.parent > span span.toggler_icon { right:0;display: block;outline: none;background: url(https:\/\/aluksne.lv\/wp-content\/plugins\/accordeon-menu-ck\/images\/plus.png) center center no-repeat !important; }\n#accordeconck1 li.level2.parent.open > span span.toggler_icon { background: url(https:\/\/aluksne.lv\/wp-content\/plugins\/accordeon-menu-ck\/images\/minus.png) center center no-repeat !important; }\n#accordeconck1 li.level2 li.accordeonck.parent > span span.toggler_icon { right:0;display: block;outline: none;background: url(https:\/\/aluksne.lv\/wp-content\/plugins\/accordeon-menu-ck\/images\/plus.png) center center no-repeat !important; }\n#accordeconck1 li.level2 li.accordeonck.open.parent > span span.toggler_icon { background: url(https:\/\/aluksne.lv\/wp-content\/plugins\/accordeon-menu-ck\/images\/minus.png) center center no-repeat !important; }\n#accordeconck1  {\n\tbackground: #86C2DB;\n\tbackground-size: auto;\tbackground-image: -o-linear-gradient(center top,#86C2DB, #86C2DB 100%);\n\tbackground-image: -webkit-gradient(linear, left top, left bottom,from(#86C2DB), color-stop(100%, #86C2DB));\n\tbackground-image: -moz-linear-gradient(center top,#86C2DB, #86C2DB 100%);\n\tbackground-image: linear-gradient(to bottom,#86C2DB, #86C2DB 100%);\n\tborder-top: none;\n\tborder-bottom: none;\n\tborder-left: none;\n\tborder-right: none;\n\tpadding-top: 5px;\n\tpadding-right: 5px;\n\tpadding-bottom: 5px;\n\tpadding-left: 5px;\n\tfont-family: ;\n}\n\n#accordeconck1  a {\n\tfont-family: ;\n}\n\n#accordeconck1 li.level1 > span a {\n\tcolor: #FFFFFF;\n\tpadding-top: 5px;\n\tpadding-right: 5px;\n\tpadding-bottom: 5px;\n\tpadding-left: 5px;\n\tfont-size: 15px;\n}\n\n#accordeconck1 li.level1 > span a a {\n\tcolor: #FFFFFF;\n\tfont-size: 15px;\n}\n\n#accordeconck1 li.level1 > span .accordeonck_desc {\n\tfont-size: 10px;\n}\n\n#accordeconck1 li.level1 > span .accordeonck_desc a {\n\tfont-size: 10px;\n}\n\n#accordeconck1 li.level1:hover > span a {\n\tcolor: #000000;\n}\n\n#accordeconck1 li.level1:hover > span a a {\n\tcolor: #000000;\n}\n\n#accordeconck1 li.level1 > ul {\n\tbackground-size: auto;\tfont-family: ;\n}\n\n#accordeconck1 li.level1 > ul a {\n\tfont-family: ;\n}\n\n#accordeconck1 li.level2 > span a {\n\tcolor: #636363;\n\tpadding-top: 5px;\n\tpadding-bottom: 5px;\n\tpadding-left: 15px;\n}\n\n#accordeconck1 li.level2 > span a a {\n\tcolor: #636363;\n}\n\n#accordeconck1 li.level2:hover > span a {\n\tcolor: #000000;\n}\n\n#accordeconck1 li.level2:hover > span a a {\n\tcolor: #000000;\n}\n\n#accordeconck1 li.level2 ul[class^=\"content\"] {\n\tbackground-size: auto;\tfont-family: ;\n}\n\n#accordeconck1 li.level2 ul[class^=\"content\"] a {\n\tfont-family: ;\n}\n\n#accordeconck1 li.level2 li.accordeonck > span a {\n\tcolor: #636363;\n\tpadding-top: 2px;\n\tpadding-bottom: 2px;\n\tpadding-left: 20px;\n}\n\n#accordeconck1 li.level2 li.accordeonck > span a a {\n\tcolor: #636363;\n}\n\n#accordeconck1 li.level2 li.accordeonck:hover > span a {\n\tcolor: #000000;\n}\n\n#accordeconck1 li.level2 li.accordeonck:hover > span a a {\n\tcolor: #000000;\n}\t\t<\/style>\n\t\t<div id=\"panel-58526-0-1-0\" class=\"so-panel widget widget_accordeon-menu-ck panel-first-child panel-last-child\" data-index=\"1\" ><ul id=\"accordeconck1\" class=\"menu\"><li id=\"menu-item-58523\" class=\"menu-item menu-item-type-post_type menu-item-object-page accordeonck menu-item-58523 level1\"><span class=\"accordeonck_outer \"><a href=\"https:\/\/aluksne.lv\/index.php\/pasvaldiba\/socialas-un-citas-iestades\/aluksnes-novada-socialais-dienests\/\" class=\"accordeonck\">AL\u016aKSNES NOVADA SOCI\u0100LO LIETU P\u0100RVALDE<\/a><\/span><\/li>\n<li id=\"menu-item-58522\" class=\"menu-item menu-item-type-post_type menu-item-object-page accordeonck menu-item-58522 level1\"><span class=\"accordeonck_outer \"><a href=\"https:\/\/aluksne.lv\/index.php\/pasvaldiba\/socialas-un-citas-iestades\/aluksnes-novada-socialais-dienests\/vadiba-un-struktura\/\" class=\"accordeonck\">VAD\u012aBA UN STRUKT\u016aRA<\/a><\/span><\/li>\n<li id=\"menu-item-58528\" class=\"menu-item menu-item-type-post_type menu-item-object-page accordeonck menu-item-58528 level1\"><span class=\"accordeonck_outer \"><a href=\"https:\/\/aluksne.lv\/index.php\/pasvaldiba\/socialas-un-citas-iestades\/aluksnes-novada-socialais-dienests\/kontakti\/\" class=\"accordeonck\">KONTAKTI<\/a><\/span><\/li>\n<li id=\"menu-item-58535\" class=\"menu-item menu-item-type-post_type menu-item-object-page accordeonck menu-item-58535 level1\"><span class=\"accordeonck_outer \"><a href=\"https:\/\/aluksne.lv\/index.php\/pasvaldiba\/socialas-un-citas-iestades\/aluksnes-novada-socialais-dienests\/normativie-akti\/\" class=\"accordeonck\">NORMAT\u012aVIE AKTI<\/a><\/span><\/li>\n<li id=\"menu-item-58534\" class=\"menu-item menu-item-type-post_type menu-item-object-page accordeonck menu-item-58534 level1\"><span class=\"accordeonck_outer \"><a href=\"https:\/\/aluksne.lv\/index.php\/pasvaldiba\/socialas-un-citas-iestades\/aluksnes-novada-socialais-dienests\/pienemsanu-laiki\/\" class=\"accordeonck\">PIE\u0145EM\u0160ANU LAIKI<\/a><\/span><\/li>\n<li id=\"menu-item-58547\" class=\"menu-item menu-item-type-post_type menu-item-object-page accordeonck menu-item-58547 level1\"><span class=\"accordeonck_outer \"><a href=\"https:\/\/aluksne.lv\/index.php\/pasvaldiba\/socialas-un-citas-iestades\/aluksnes-novada-socialais-dienests\/socialas-palidzibas-pabalsti-un-socialie-pakalpojumi\/\" class=\"accordeonck\">SOCI\u0100L\u0100S PAL\u012aDZ\u012aBAS PABALSTI UN SOCI\u0100LIE PAKALPOJUMI<\/a><\/span><\/li>\n<li id=\"menu-item-58546\" class=\"menu-item menu-item-type-post_type menu-item-object-page accordeonck menu-item-58546 level1\"><span class=\"accordeonck_outer \"><a href=\"https:\/\/aluksne.lv\/index.php\/pasvaldiba\/socialas-un-citas-iestades\/aluksnes-novada-socialais-dienests\/socialas-aprupes-centri\/\" class=\"accordeonck\">SOCI\u0100L\u0100S APR\u016aPES CENTRI<\/a><\/span><\/li>\n<li id=\"menu-item-58545\" class=\"menu-item menu-item-type-post_type menu-item-object-page accordeonck menu-item-58545 level1\"><span class=\"accordeonck_outer \"><a href=\"https:\/\/aluksne.lv\/index.php\/pasvaldiba\/socialas-un-citas-iestades\/aluksnes-novada-socialais-dienests\/feldseru-punkti\/\" class=\"accordeonck\">FELD\u0160ERU PUNKTI<\/a><\/span><\/li>\n<li id=\"menu-item-58544\" class=\"menu-item menu-item-type-post_type menu-item-object-page accordeonck menu-item-58544 level1\"><span class=\"accordeonck_outer \"><a href=\"https:\/\/aluksne.lv\/index.php\/pasvaldiba\/socialas-un-citas-iestades\/aluksnes-novada-socialais-dienests\/maksas-pakalpojumi\/\" class=\"accordeonck\">SOCI\u0100LO PAKALPOJUMU UN CITU ATBALTA VEIDU MAKSAS<\/a><\/span><\/li>\n<\/ul>\t\t<script type=\"text\/javascript\"> <!--\n\t\t\n\t\t\tjQuery(document).ready(function(){\n\t\t\t\tjQuery('#accordeconck1').accordeonmenuck({eventtype : 'click',transition : 'linear',showactive : '1',showactivesubmenu : '0',duree : 500});\n\t\t\t}); \t\t\/\/--> <\/script>\n\t\t<\/div><\/div><\/div><\/div>","protected":false},"excerpt":{"rendered":"<p>Administr\u0101cija Vad\u012bt\u0101ja Ilze POSTA T\u0101lrunis +371 26323749 e-pasts: ilze.posta@aluksne.lv Vad\u012bt\u0101ja vietniece Ina RAIPULE T\u0101lrunis +371 27865635 e-pasts: ina.raipule@aluksne.lv Person\u0101la speci\u0101liste Daiga KEOME\u0122E T\u0101lrunis +371 29428751 e-pasts: daiga.keome\u0123e@aluksne.lv Lietved\u012bbas sekret\u0101re Inita VOLTE T\u0101lrunis +371 29428751 e-pasts: inita.volte@aluksne.lv Juriste Svetlana SOLDATOVA T\u0101lrunis&#8230;<br \/><a class=\"read-more-button\" href=\"https:\/\/aluksne.lv\/index.php\/pasvaldiba\/socialas-un-citas-iestades\/aluksnes-novada-socialais-dienests\/kontakti\/\">Las\u012bt visu<\/a><\/p>\n","protected":false},"author":1,"featured_media":0,"parent":2151,"menu_order":0,"comment_status":"closed","ping_status":"closed","template":"","meta":{"_crdt_document":"","_monsterinsights_skip_tracking":false,"_monsterinsights_sitenote_active":false,"_monsterinsights_sitenote_note":"","_monsterinsights_sitenote_category":0,"footnotes":"","_links_to":"","_links_to_target":""},"class_list":["post-58526","page","type-page","status-publish","hentry"],"_links":{"self":[{"href":"https:\/\/aluksne.lv\/index.php\/wp-json\/wp\/v2\/pages\/58526","targetHints":{"allow":["GET"]}}],"collection":[{"href":"https:\/\/aluksne.lv\/index.php\/wp-json\/wp\/v2\/pages"}],"about":[{"href":"https:\/\/aluksne.lv\/index.php\/wp-json\/wp\/v2\/types\/page"}],"author":[{"embeddable":true,"href":"https:\/\/aluksne.lv\/index.php\/wp-json\/wp\/v2\/users\/1"}],"replies":[{"embeddable":true,"href":"https:\/\/aluksne.lv\/index.php\/wp-json\/wp\/v2\/comments?post=58526"}],"version-history":[{"count":5,"href":"https:\/\/aluksne.lv\/index.php\/wp-json\/wp\/v2\/pages\/58526\/revisions"}],"predecessor-version":[{"id":61605,"href":"https:\/\/aluksne.lv\/index.php\/wp-json\/wp\/v2\/pages\/58526\/revisions\/61605"}],"up":[{"embeddable":true,"href":"https:\/\/aluksne.lv\/index.php\/wp-json\/wp\/v2\/pages\/2151"}],"wp:attachment":[{"href":"https:\/\/aluksne.lv\/index.php\/wp-json\/wp\/v2\/media?parent=58526"}],"curies":[{"name":"wp","href":"https:\/\/api.w.org\/{rel}","templated":true}]}}