{"id":58530,"date":"2025-10-29T14:11:38","date_gmt":"2025-10-29T12:11:38","guid":{"rendered":"https:\/\/aluksne.lv\/?page_id=58530"},"modified":"2025-11-08T23:03:50","modified_gmt":"2025-11-08T21:03:50","slug":"normativie-akti","status":"publish","type":"page","link":"https:\/\/aluksne.lv\/index.php\/pasvaldiba\/socialas-un-citas-iestades\/aluksnes-novada-socialais-dienests\/normativie-akti\/","title":{"rendered":"NORMAT\u012aVIE AKTI"},"content":{"rendered":"<div id=\"pl-58530\"  class=\"panel-layout\" ><div id=\"pg-58530-0\"  class=\"panel-grid panel-no-style\" ><div id=\"pgc-58530-0-0\"  class=\"panel-grid-cell\" ><div id=\"panel-58530-0-0-0\" class=\"so-panel widget widget_sow-editor panel-first-child panel-last-child\" data-index=\"0\" ><div\n\t\t\t\n\t\t\tclass=\"so-widget-sow-editor so-widget-sow-editor-base\"\n\t\t\t\n\t\t>\n<div class=\"siteorigin-widget-tinymce textwidget\">\n\t<p>&nbsp;<\/p>\n<p>Likums <strong><a href=\"https:\/\/likumi.lv\/ta\/id\/36850-par-socialo-drosibu\">\"Par soci\u0101lo dro\u0161\u012bbu\"<\/a><\/strong><\/p>\n<hr \/>\n<p><a href=\"https:\/\/likumi.lv\/ta\/id\/68488-socialo-pakalpojumu-un-socialas-palidzibas-likums\"><strong>Soci\u0101lo pakalpojumu un soci\u0101l\u0101s pal\u012bdz\u012bbas likums<\/strong><\/a><\/p>\n<hr \/>\n<p><a href=\"http:\/\/likumi.lv\/doc.php?id=211494\" target=\"_blank\" rel=\"noopener\"><strong>Invalidit\u0101tes likums<\/strong><\/a><\/p>\n<hr \/>\n<p><a href=\"https:\/\/likumi.lv\/ta\/id\/291788-prasibas-socialo-pakalpojumu-sniedzejiem\" target=\"_blank\" rel=\"noopener\"><strong>\u201cPras\u012bbas soci\u0101lo pakalpojumu sniedz\u0113jiem\u201d<\/strong><\/a><br \/>\nMinistru kabineta 2017. gada 13. j\u016bnija noteikumi Nr. 338<\/p>\n<hr \/>\n<p><a href=\"https:\/\/likumi.lv\/ta\/id\/305995-noteikumi-par-socialo-pakalpojumu-un-socialas-palidzibas-sanemsanu\" target=\"_blank\" rel=\"noopener\"><strong>\u201cNoteikumi par soci\u0101lo pakalpojumu sa\u0146em\u0161anu\u201d<\/strong><\/a><br \/>\nMinistru kabineta 2019. gada 2. apr\u012b\u013ca noteikumi Nr. 138<\/p>\n<hr \/>\n<p><a href=\"http:\/\/likumi.lv\/doc.php?id=75481\" target=\"_blank\" rel=\"noopener\"><strong>\u00a0\u201c<\/strong><strong>Soci\u0101l\u0101s apr\u016bpes un soci\u0101l\u0101s rehabilit\u0101cijas pakalpojumu samaksas k\u0101rt\u012bba un k\u0101rt\u012bba, k\u0101d\u0101 pakalpojuma izmaksas tiek segtas no pa\u0161vald\u012bbas bud\u017eeta\u201d<\/strong><\/a><br \/>\nMinistru kabineta 2003. gada 27. maija noteikumi Nr. 275<\/p>\n<hr \/>\n<p><strong>\u00a0<a href=\"https:\/\/likumi.lv\/ta\/id\/319717-noteikumi-par-majsaimniecibas-materialas-situacijas-izvertesanu-un-socialas-palidzibas-sanemsanu\">\u201cNoteikumi par m\u0101jsaimniec\u012bbas materi\u0101l\u0101s situ\u0101cijas izv\u0113rt\u0113\u0161anu un soci\u0101l\u0101s pal\u012bdz\u012bbas sa\u0146em\u0161anu\u201d<\/a>\u00a0<\/strong><br \/>\nMinistru kabineta 2020. gada 17. decembra noteikumi Nr. 809<\/p>\n<hr \/>\n<p><a href=\"https:\/\/likumi.lv\/ta\/id\/332404-par-socialajiem-pakalpojumiem-aluksnes-novada\">\u201c<strong>Par soci\u0101lajiem pakalpojumiem Al\u016bksnes novad\u0101\u201d<\/strong><\/a><br \/>\nAl\u016bksnes novada pa\u0161vald\u012bbas domes 2022. gada 2. maija saisto\u0161ie noteikumi Nr. 11\/2022<\/p>\n<hr \/>\n<p><a href=\"https:\/\/likumi.lv\/ta\/id\/351888-par-socialas-palidzibas-pabalstiem-aluksnes-novada\">\u201c<strong>Par soci\u0101l\u0101s pal\u012bdz\u012bbas pabalstiem Al\u016bksnes novad\u0101\u201d<\/strong><\/a><br \/>\nAl\u016bksnes novada pa\u0161vald\u012bbas domes 2021. gada 29. apr\u012b\u013ca saisto\u0161ie noteikumi Nr. 11\/2021<\/p>\n<hr \/>\n<p><a href=\"https:\/\/likumi.lv\/ta\/id\/341112-par-maznodrosinatas-majsaimniecibas-ienakumu-slieksna-noteiksanu-aluksnes-novada\">\u201c<strong>Par maznodro\u0161in\u0101tas m\u0101jsaimniec\u012bbas ien\u0101kumu sliek\u0161\u0146a noteik\u0161anu Al\u016bksnes novad\u0101\u201d<\/strong><\/a><br \/>\nAl\u016bksnes novada pa\u0161vald\u012bbas domes 2023. gada 30. marta saisto\u0161ie noteikumi Nr. 3\/2023<\/p>\n<hr \/>\n<p><a href=\"https:\/\/likumi.lv\/ta\/id\/348390-par-pabalstiem-barenim-un-bez-vecaku-gadibas-palikusam-bernam-un-audzugimenei-aluksnes-novada\"><strong>\u201cPar pabalstiem b\u0101renim un bez vec\u0101ku g\u0101d\u012bbas paliku\u0161am b\u0113rnam un aud\u017eu\u0123imenei Al\u016bksnes novad\u0101\u201d<\/strong><\/a><br \/>\nAl\u016bksnes novada pa\u0161vald\u012bbas domes 2023. gada 30. novembra saisto\u0161ie noteikumi Nr. 39\/2023<\/p>\n<hr \/>\n<p><a href=\"https:\/\/likumi.lv\/ta\/id\/346012-par-pasvaldibas-brivpratigas-iniciativas-pabalstiem-aluksnes-novada\"><strong>\"Par pa\u0161vald\u012bbas br\u012bvpr\u0101t\u012bg\u0101s iniciat\u012bvas pabalstiem Al\u016bksnes novad\u0101\"<\/strong><\/a><br \/>\nAl\u016bksnes novada pa\u0161vald\u012bbas domes 2023. gada 28. septembra saisto\u0161ie noteikumi Nr. 28\/2023<\/p>\n<hr \/>\n<p><strong><a href=\"https:\/\/aluksne.lv\/wp-content\/uploads\/2025\/10\/SLP-nolikums.pdf\">\u201cAl\u016bksnes novada Soci\u0101lo lietu p\u0101rvaldes nolikums\u201d<\/a> <\/strong><em>(pdf.)<\/em><strong><em><br \/>\n<\/em><\/strong>Al\u016bksnes novada pa\u0161vald\u012bbas domes 2024. gada 30. maija saisto\u0161ie noteikumi Nr. 7\/2024<\/p>\n<hr \/>\n<p><a href=\"https:\/\/aluksne.lv\/wp-content\/uploads\/2025\/10\/Rehabilitacijas-centra-reglaments.pdf\"><strong>Rehabilit\u0101cijas pakalpojumu centra reglaments Nr. SLP\/1-4\/25\/3<\/strong><\/a> <em>(pdf.)<\/em><strong><em><br \/>\n<\/em><\/strong>(apstiprin\u0101ja Al\u016bksnes novada Soci\u0101lo lietu p\u0101rvaldes vad\u012bt\u0101ja Ilze Posta 2025. gada 22. apr\u012bl\u012b)<\/p>\n<hr \/>\n<p><strong><a href=\"https:\/\/aluksne.lv\/wp-content\/uploads\/2025\/10\/Feldserpunktu-reglaments.pdf\">Feld\u0161eru-vecm\u0101\u0161u un feld\u0161eru punktu, un lauku ambulances reglaments Nr. SLP\/1-4\/24\/5<\/a> <\/strong><em>(pdf.)<\/em><strong><em><br \/>\n<\/em><\/strong>(apstiprin\u0101ja Al\u016bksnes novada Soci\u0101lo lietu p\u0101rvaldes vad\u012bt\u0101ja Ilze Posta 2024. gada 17. maij\u0101)<\/p>\n<hr \/>\n<p><strong><a href=\"https:\/\/aluksne.lv\/wp-content\/uploads\/2025\/10\/Socialo-pakalpojumu-nodalas-reglaments-1.pdf\">Soci\u0101lo pakalpojumu noda\u013cas reglaments<\/a> <\/strong><em>(pdf.)<\/em><strong><em><br \/>\n<\/em><\/strong>(apstiprin\u0101ja Al\u016bksnes novada Soci\u0101lo lietu p\u0101rvaldes vad\u012bt\u0101js Arturs UP\u012aTS 2021. gada 12. apr\u012bl\u012b)<\/p>\n<hr \/>\n<p><strong><a href=\"https:\/\/aluksne.lv\/wp-content\/uploads\/2025\/10\/Socialas-palidzibas-nodalas-reglaments.pdf\">Soci\u0101l\u0101s pal\u012bdz\u012bbas noda\u013cas reglaments<\/a> <\/strong><em>(pdf.)<\/em><strong><em><br \/>\n<\/em><\/strong>(apstiprin\u0101ja Al\u016bksnes novada Soci\u0101lo lietu p\u0101rvaldes vad\u012bt\u0101js Arturs UP\u012aTS 2021. gada 12. apr\u012bl\u012b)<\/p>\n<hr \/>\n<p><strong><a href=\"https:\/\/aluksne.lv\/wp-content\/uploads\/2025\/10\/SAC-Aluksne-nolikums.pdf\">Soci\u0101l\u0101s apr\u016bpes centra \u201cAl\u016bksne\u201d nolikums<\/a> <\/strong><em>(pdf.)<\/em><strong><em><br \/>\n<\/em><\/strong>2024. gada 19. novembra nolikums Nr. SLP\/1-4\/24\/11<\/p>\n<hr \/>\n<p><strong><a href=\"https:\/\/aluksne.lv\/wp-content\/uploads\/2025\/10\/SAC-Piladzi-nolikums.pdf\">Soci\u0101l\u0101s apr\u016bpes centra \u201cP\u012bl\u0101d\u017ei\u201d nolikums<\/a> <\/strong><em>(pdf.)<\/em><strong><em><br \/>\n<\/em><\/strong>2024. gada 28. febru\u0101ra nolikums Nr. SLP\/1-4\/24\/3<\/p>\n<hr \/>\n<p><strong><a href=\"https:\/\/aluksne.lv\/wp-content\/uploads\/2025\/11\/Socialas-majas-reglaments.pdf\">Soci\u0101l\u0101s m\u0101jas reglaments<\/a> <\/strong><em>(pdf.)<\/em><strong><br \/>\n<\/strong><span style=\"font-family: arial, helvetica, sans-serif;\">(apstiprin\u0101ja Al\u016bksnes novada Soci\u0101lo lietu p\u0101rvaldes vad\u012bt\u0101ja Ilze POSTA 2025. gada 4. novembr\u012b)<\/span><\/p>\n<\/div>\n<\/div><\/div><\/div><div id=\"pgc-58530-0-1\"  class=\"panel-grid-cell\" >\t\t<style type=\"text\/css\">\n\t\t\t#accordeconck1 { margin:0;padding:0; }\n#accordeconck1 .accordeonck_desc { display:block; }\n#accordeconck1 li.accordeonck { list-style: none;overflow: hidden; margin: 0;}\n#accordeconck1 ul[class^=\"content\"] { margin:0;padding:0;width:auto; }\n#accordeconck1 li.accordeonck > span { position: relative; display: block; }\n#accordeconck1 li.accordeonck.parent > span { padding-right: 20px;}\n#accordeconck1 li.parent > span span.toggler_icon { position: absolute; cursor: pointer; display: block; height: 100%; z-index: 10;right:0; background: url(https:\/\/aluksne.lv\/wp-content\/plugins\/accordeon-menu-ck\/images\/plus.png) center center no-repeat !important;width: 20px;}\n#accordeconck1 li.parent.open > span span.toggler_icon { right:0; background: url(https:\/\/aluksne.lv\/wp-content\/plugins\/accordeon-menu-ck\/images\/minus.png) center center no-repeat !important;}\n#accordeconck1 li.accordeonck.level2 > span { }\n#accordeconck1 li.level3 li.accordeonck > span { }\n#accordeconck1 a.accordeonck { display: block;text-decoration: none; }\n#accordeconck1 a.accordeonck:hover { text-decoration: none; }\n#accordeconck1 li.parent > span a { display: block;outline: none; }\n#accordeconck1 li.parent.open > span a {  }\n#accordeconck1 li.level2.parent > span span.toggler_icon { right:0;display: block;outline: none;background: url(https:\/\/aluksne.lv\/wp-content\/plugins\/accordeon-menu-ck\/images\/plus.png) center center no-repeat !important; }\n#accordeconck1 li.level2.parent.open > span span.toggler_icon { background: url(https:\/\/aluksne.lv\/wp-content\/plugins\/accordeon-menu-ck\/images\/minus.png) center center no-repeat !important; }\n#accordeconck1 li.level2 li.accordeonck.parent > span span.toggler_icon { right:0;display: block;outline: none;background: url(https:\/\/aluksne.lv\/wp-content\/plugins\/accordeon-menu-ck\/images\/plus.png) center center no-repeat !important; }\n#accordeconck1 li.level2 li.accordeonck.open.parent > span span.toggler_icon { background: url(https:\/\/aluksne.lv\/wp-content\/plugins\/accordeon-menu-ck\/images\/minus.png) center center no-repeat !important; }\n#accordeconck1  {\n\tbackground: #86C2DB;\n\tbackground-size: auto;\tbackground-image: -o-linear-gradient(center top,#86C2DB, #86C2DB 100%);\n\tbackground-image: -webkit-gradient(linear, left top, left bottom,from(#86C2DB), color-stop(100%, #86C2DB));\n\tbackground-image: -moz-linear-gradient(center top,#86C2DB, #86C2DB 100%);\n\tbackground-image: linear-gradient(to bottom,#86C2DB, #86C2DB 100%);\n\tborder-top: none;\n\tborder-bottom: none;\n\tborder-left: none;\n\tborder-right: none;\n\tpadding-top: 5px;\n\tpadding-right: 5px;\n\tpadding-bottom: 5px;\n\tpadding-left: 5px;\n\tfont-family: ;\n}\n\n#accordeconck1  a {\n\tfont-family: ;\n}\n\n#accordeconck1 li.level1 > span a {\n\tcolor: #FFFFFF;\n\tpadding-top: 5px;\n\tpadding-right: 5px;\n\tpadding-bottom: 5px;\n\tpadding-left: 5px;\n\tfont-size: 15px;\n}\n\n#accordeconck1 li.level1 > span a a {\n\tcolor: #FFFFFF;\n\tfont-size: 15px;\n}\n\n#accordeconck1 li.level1 > span .accordeonck_desc {\n\tfont-size: 10px;\n}\n\n#accordeconck1 li.level1 > span .accordeonck_desc a {\n\tfont-size: 10px;\n}\n\n#accordeconck1 li.level1:hover > span a {\n\tcolor: #000000;\n}\n\n#accordeconck1 li.level1:hover > span a a {\n\tcolor: #000000;\n}\n\n#accordeconck1 li.level1 > ul {\n\tbackground-size: auto;\tfont-family: ;\n}\n\n#accordeconck1 li.level1 > ul a {\n\tfont-family: ;\n}\n\n#accordeconck1 li.level2 > span a {\n\tcolor: #636363;\n\tpadding-top: 5px;\n\tpadding-bottom: 5px;\n\tpadding-left: 15px;\n}\n\n#accordeconck1 li.level2 > span a a {\n\tcolor: #636363;\n}\n\n#accordeconck1 li.level2:hover > span a {\n\tcolor: #000000;\n}\n\n#accordeconck1 li.level2:hover > span a a {\n\tcolor: #000000;\n}\n\n#accordeconck1 li.level2 ul[class^=\"content\"] {\n\tbackground-size: auto;\tfont-family: ;\n}\n\n#accordeconck1 li.level2 ul[class^=\"content\"] a {\n\tfont-family: ;\n}\n\n#accordeconck1 li.level2 li.accordeonck > span a {\n\tcolor: #636363;\n\tpadding-top: 2px;\n\tpadding-bottom: 2px;\n\tpadding-left: 20px;\n}\n\n#accordeconck1 li.level2 li.accordeonck > span a a {\n\tcolor: #636363;\n}\n\n#accordeconck1 li.level2 li.accordeonck:hover > span a {\n\tcolor: #000000;\n}\n\n#accordeconck1 li.level2 li.accordeonck:hover > span a a {\n\tcolor: #000000;\n}\t\t<\/style>\n\t\t<div id=\"panel-58530-0-1-0\" class=\"so-panel widget widget_accordeon-menu-ck panel-first-child panel-last-child\" data-index=\"1\" ><ul id=\"accordeconck1\" class=\"menu\"><li id=\"menu-item-58523\" class=\"menu-item menu-item-type-post_type menu-item-object-page accordeonck menu-item-58523 level1\"><span class=\"accordeonck_outer \"><a href=\"https:\/\/aluksne.lv\/index.php\/pasvaldiba\/socialas-un-citas-iestades\/aluksnes-novada-socialais-dienests\/\" class=\"accordeonck\">AL\u016aKSNES NOVADA SOCI\u0100LO LIETU P\u0100RVALDE<\/a><\/span><\/li>\n<li id=\"menu-item-58522\" class=\"menu-item menu-item-type-post_type menu-item-object-page accordeonck menu-item-58522 level1\"><span class=\"accordeonck_outer \"><a href=\"https:\/\/aluksne.lv\/index.php\/pasvaldiba\/socialas-un-citas-iestades\/aluksnes-novada-socialais-dienests\/vadiba-un-struktura\/\" class=\"accordeonck\">VAD\u012aBA UN STRUKT\u016aRA<\/a><\/span><\/li>\n<li id=\"menu-item-58528\" class=\"menu-item menu-item-type-post_type menu-item-object-page accordeonck menu-item-58528 level1\"><span class=\"accordeonck_outer \"><a href=\"https:\/\/aluksne.lv\/index.php\/pasvaldiba\/socialas-un-citas-iestades\/aluksnes-novada-socialais-dienests\/kontakti\/\" class=\"accordeonck\">KONTAKTI<\/a><\/span><\/li>\n<li id=\"menu-item-58535\" class=\"menu-item menu-item-type-post_type menu-item-object-page accordeonck menu-item-58535 level1\"><span class=\"accordeonck_outer \"><a href=\"https:\/\/aluksne.lv\/index.php\/pasvaldiba\/socialas-un-citas-iestades\/aluksnes-novada-socialais-dienests\/normativie-akti\/\" class=\"accordeonck\">NORMAT\u012aVIE AKTI<\/a><\/span><\/li>\n<li id=\"menu-item-58534\" class=\"menu-item menu-item-type-post_type menu-item-object-page accordeonck menu-item-58534 level1\"><span class=\"accordeonck_outer \"><a href=\"https:\/\/aluksne.lv\/index.php\/pasvaldiba\/socialas-un-citas-iestades\/aluksnes-novada-socialais-dienests\/pienemsanu-laiki\/\" class=\"accordeonck\">PIE\u0145EM\u0160ANU LAIKI<\/a><\/span><\/li>\n<li id=\"menu-item-58547\" class=\"menu-item menu-item-type-post_type menu-item-object-page accordeonck menu-item-58547 level1\"><span class=\"accordeonck_outer \"><a href=\"https:\/\/aluksne.lv\/index.php\/pasvaldiba\/socialas-un-citas-iestades\/aluksnes-novada-socialais-dienests\/socialas-palidzibas-pabalsti-un-socialie-pakalpojumi\/\" class=\"accordeonck\">SOCI\u0100L\u0100S PAL\u012aDZ\u012aBAS PABALSTI UN SOCI\u0100LIE PAKALPOJUMI<\/a><\/span><\/li>\n<li id=\"menu-item-58546\" class=\"menu-item menu-item-type-post_type menu-item-object-page accordeonck menu-item-58546 level1\"><span class=\"accordeonck_outer \"><a href=\"https:\/\/aluksne.lv\/index.php\/pasvaldiba\/socialas-un-citas-iestades\/aluksnes-novada-socialais-dienests\/socialas-aprupes-centri\/\" class=\"accordeonck\">SOCI\u0100L\u0100S APR\u016aPES CENTRI<\/a><\/span><\/li>\n<li id=\"menu-item-58545\" class=\"menu-item menu-item-type-post_type menu-item-object-page accordeonck menu-item-58545 level1\"><span class=\"accordeonck_outer \"><a href=\"https:\/\/aluksne.lv\/index.php\/pasvaldiba\/socialas-un-citas-iestades\/aluksnes-novada-socialais-dienests\/feldseru-punkti\/\" class=\"accordeonck\">FELD\u0160ERU PUNKTI<\/a><\/span><\/li>\n<li id=\"menu-item-58544\" class=\"menu-item menu-item-type-post_type menu-item-object-page accordeonck menu-item-58544 level1\"><span class=\"accordeonck_outer \"><a href=\"https:\/\/aluksne.lv\/index.php\/pasvaldiba\/socialas-un-citas-iestades\/aluksnes-novada-socialais-dienests\/maksas-pakalpojumi\/\" class=\"accordeonck\">MAKSAS PAKALPOJUMI<\/a><\/span><\/li>\n<\/ul>\t\t<script type=\"text\/javascript\"> <!--\n\t\t\n\t\t\tjQuery(document).ready(function(){\n\t\t\t\tjQuery('#accordeconck1').accordeonmenuck({eventtype : 'click',transition : 'linear',showactive : '1',showactivesubmenu : '0',duree : 500});\n\t\t\t}); \t\t\/\/--> <\/script>\n\t\t<\/div><\/div><\/div><\/div>","protected":false},"excerpt":{"rendered":"<p>&nbsp; Likums &#8220;Par soci\u0101lo dro\u0161\u012bbu&#8221; Soci\u0101lo pakalpojumu un soci\u0101l\u0101s pal\u012bdz\u012bbas likums Invalidit\u0101tes likums \u201cPras\u012bbas soci\u0101lo pakalpojumu sniedz\u0113jiem\u201d Ministru kabineta 2017. gada 13. j\u016bnija noteikumi Nr. 338 \u201cNoteikumi par soci\u0101lo pakalpojumu sa\u0146em\u0161anu\u201d Ministru kabineta 2019. gada 2. apr\u012b\u013ca noteikumi Nr. 138&#8230;<br \/><a class=\"read-more-button\" href=\"https:\/\/aluksne.lv\/index.php\/pasvaldiba\/socialas-un-citas-iestades\/aluksnes-novada-socialais-dienests\/normativie-akti\/\">Las\u012bt visu<\/a><\/p>\n","protected":false},"author":1,"featured_media":0,"parent":2151,"menu_order":0,"comment_status":"closed","ping_status":"closed","template":"","meta":{"_crdt_document":"","_monsterinsights_skip_tracking":false,"_monsterinsights_sitenote_active":false,"_monsterinsights_sitenote_note":"","_monsterinsights_sitenote_category":0,"footnotes":"","_links_to":"","_links_to_target":""},"class_list":["post-58530","page","type-page","status-publish","hentry"],"_links":{"self":[{"href":"https:\/\/aluksne.lv\/index.php\/wp-json\/wp\/v2\/pages\/58530","targetHints":{"allow":["GET"]}}],"collection":[{"href":"https:\/\/aluksne.lv\/index.php\/wp-json\/wp\/v2\/pages"}],"about":[{"href":"https:\/\/aluksne.lv\/index.php\/wp-json\/wp\/v2\/types\/page"}],"author":[{"embeddable":true,"href":"https:\/\/aluksne.lv\/index.php\/wp-json\/wp\/v2\/users\/1"}],"replies":[{"embeddable":true,"href":"https:\/\/aluksne.lv\/index.php\/wp-json\/wp\/v2\/comments?post=58530"}],"version-history":[{"count":0,"href":"https:\/\/aluksne.lv\/index.php\/wp-json\/wp\/v2\/pages\/58530\/revisions"}],"up":[{"embeddable":true,"href":"https:\/\/aluksne.lv\/index.php\/wp-json\/wp\/v2\/pages\/2151"}],"wp:attachment":[{"href":"https:\/\/aluksne.lv\/index.php\/wp-json\/wp\/v2\/media?parent=58530"}],"curies":[{"name":"wp","href":"https:\/\/api.w.org\/{rel}","templated":true}]}}