{"id":58532,"date":"2025-10-29T14:12:40","date_gmt":"2025-10-29T12:12:40","guid":{"rendered":"https:\/\/aluksne.lv\/?page_id=58532"},"modified":"2025-12-10T11:15:08","modified_gmt":"2025-12-10T09:15:08","slug":"pienemsanu-laiki","status":"publish","type":"page","link":"https:\/\/aluksne.lv\/index.php\/pasvaldiba\/socialas-un-citas-iestades\/aluksnes-novada-socialais-dienests\/pienemsanu-laiki\/","title":{"rendered":"PIE\u0145EM\u0160ANU LAIKI"},"content":{"rendered":"<div id=\"pl-58532\"  class=\"panel-layout\" ><div id=\"pg-58532-0\"  class=\"panel-grid panel-no-style\" ><div id=\"pgc-58532-0-0\"  class=\"panel-grid-cell\" ><div id=\"panel-58532-0-0-0\" class=\"so-panel widget widget_sow-editor panel-first-child panel-last-child\" data-index=\"0\" ><div\n\t\t\t\n\t\t\tclass=\"so-widget-sow-editor so-widget-sow-editor-base\"\n\t\t\t\n\t\t>\n<div class=\"siteorigin-widget-tinymce textwidget\">\n\t<h2><strong>Al\u016bksnes pils\u0113ta<\/strong><\/h2>\n<p>Al\u016bksnes novada Soci\u0101lo lietu p\u0101rvaldes darbinieki, kuru pie\u0146em\u0161anas adrese ir Uzvaras iel\u0101 1, Al\u016bksn\u0113, Al\u016bksnes novad\u0101, pie\u0146em p\u0113c iepriek\u0161\u0113ja pieraksta visas darba dienas garum\u0101. Attiec\u012bgo darbinieku kontaktinform\u0101ciju skat\u012bt sada\u013c\u0101 \u201ckontakti\u201d.<\/p>\n<hr \/>\n<h2><strong>Alsvi\u0137u pagasts<\/strong><\/h2>\n<p>Soci\u0101l\u0101s pal\u012bdz\u012bbas organizatore Krist\u012bne Vabulniece<br \/>\nT\u0101lrunis +371 28333347, e-pasts: <a href=\"mailto:kristine.vabulniece@aluksne.lv\">kristine.vabulniece@aluksne.lv<\/a><br \/>\n\u201cPagastnams\u201d, Alsvi\u0137i, Alsvi\u0137u pagasts, Al\u016bksnes novads<\/p>\n<p><strong>Pie\u0146em\u0161anas laiks:<br \/>\n<\/strong>Tre\u0161dien\u00a0\u00a0\u00a0\u00a0\u00a0 09.00 - 12.00<\/p>\n<hr \/>\n<h2><strong>Alsvi\u0137u pagasta Strauti\u0146i<\/p>\n<p><\/strong><\/h2>\n<p>Soci\u0101l\u0101s pal\u012bdz\u012bbas organizatore Krist\u012bne Vabulniece<br \/>\nT\u0101lrunis +371 28333347, e-pasts: <a href=\"mailto:kristine.vabulniece@aluksne.lv\">kristine.vabulniece@aluksne.lv<\/a><br \/>\n\u201cZemen\u012bte\u201d, Strauti\u0146i, Alsvi\u0137u pagasts, Al\u016bksnes novads<\/p>\n<p><strong>Pie\u0146em\u0161anas laiks:<br \/>\n<\/strong>Katra m\u0113ne\u0161a 1. un 3. otrdiena<br \/>\nOtrdien\u00a0\u00a0\u00a0\u00a0\u00a0 13.30 - 16.00<\/p>\n<hr \/>\n<h2><strong>Annas pagasts<\/p>\n<p><\/strong><\/h2>\n<p>Soci\u0101l\u0101s pal\u012bdz\u012bbas organizatore Inese Paringa<br \/>\nT\u0101lrunis +371 25443359, e-pasts: <a href=\"mailto:inese.paringa@aluksne.lv\">inese.paringa@aluksne.lv<\/a><br \/>\n\u201cTautasnams\u201d, Anna, Annas pagasts, Al\u016bksnes novads<\/p>\n<p><strong>Pie\u0146em\u0161anas laiks:<br \/>\n<\/strong>Katra m\u0113ne\u0161a 1. un 3. tre\u0161diena<br \/>\nTre\u0161dien\u00a0 09.00 - 12.00<\/p>\n<hr \/>\n<h2><strong>Ilzenes pagasts<\/p>\n<p><\/strong><\/h2>\n<p>Soci\u0101l\u0101s pal\u012bdz\u012bbas organizatore Inese Paringa<br \/>\nT\u0101lrunis +371 25443359, e-pasts: <a href=\"mailto:inese.paringa@aluksne.lv\">inese.paringa@aluksne.lv<\/a><br \/>\n\u201cDailes\u201d, Jaunzemi, Ilzenes pagasts, Al\u016bksnes novads<\/p>\n<p><strong>Pie\u0146em\u0161anas laiks:<br \/>\n<\/strong>Katra m\u0113ne\u0161a 2. un 4. tre\u0161diena<br \/>\nTre\u0161dien\u00a0 09.00 - 12.00<\/p>\n<hr \/>\n<h2><strong>Jaunal\u016bksnes pagasts<\/p>\n<p><\/strong><\/h2>\n<p>Soci\u0101l\u0101s pal\u012bdz\u012bbas organizatore Inese Paringa<br \/>\nT\u0101lrunis +371 25443359, e-pasts: <a href=\"mailto:inese.paringa@aluksne.lv\">inese.paringa@aluksne.lv<\/a><br \/>\n\u201cD\u0101lderi\u201d, Kolber\u0123is, Jaunal\u016bksnes pagasts, Al\u016bksnes novads<\/p>\n<p><strong>Pie\u0146em\u0161anas laiks:<br \/>\n<\/strong>Otrdien\u00a0\u00a0\u00a0\u00a0\u00a0\u00a0 09.00 - 12.00<br \/>\nCeturtdien\u00a0 09.00 - 11.30<\/p>\n<hr \/>\n<h2><strong>Jaunannas pagasts<\/p>\n<p><\/strong><\/h2>\n<p>Soci\u0101l\u0101s pal\u012bdz\u012bbas organizatore Inese Paringa<br \/>\nT\u0101lrunis +371 25443359, e-pasts: <a href=\"mailto:inese.paringa@aluksne.lv\">inese.paringa@aluksne.lv<\/a><br \/>\n\u201cLiepzari\u201d, Jaunanna, Jaunannas pagasts, Al\u016bksnes novads<\/p>\n<p><strong>Pie\u0146em\u0161anas laiks:<br \/>\n<\/strong>Ceturtdien \u00a0\u00a0\u00a013.30 - 16.00<\/p>\n<hr \/>\n<h2><strong>Jaunlaicenes pagasts<\/p>\n<p><\/strong><\/h2>\n<p>Soci\u0101l\u0101s pal\u012bdz\u012bbas organizatore Evija Naudi\u0146a<br \/>\nT\u0101lrunis +371 29419468, e-pasts: <a href=\"mailto:evija.naudina@aluksne.lv\">evija.naudina@aluksne.lv<\/a><br \/>\n\u201cLazdi\u0146as\u201d, Jaunlaicene, Jaunlaicenes pagasts, Al\u016bksnes novads<\/p>\n<p><strong>Pie\u0146em\u0161anas laiks:<br \/>\n<\/strong>Tre\u0161dien\u00a0 \u00a0\u00a0\u00a009.00 - 12.00<\/p>\n<hr \/>\n<h2><strong>Kalncempju pagasts<\/p>\n<p><\/strong><\/h2>\n<p>Soci\u0101l\u0101s pal\u012bdz\u012bbas organizatore Krist\u012bne Vabulniece<br \/>\nT\u0101lrunis +371 28333347, e-pasts: <a href=\"mailto:kristine.vabulniece@aluksne.lv\">kristine.vabulniece@aluksne.lv<\/a><br \/>\n\u201cCempji 2\u201d, Kalncempji, Kalncempju pagasts, Al\u016bksnes novads<\/p>\n<p><strong>Pie\u0146em\u0161anas laiks:<br \/>\n<\/strong>Katra m\u0113ne\u0161a 2. un 4. otrdiena<br \/>\nOtrdien\u00a0\u00a0\u00a0\u00a0\u00a0 09.00 - 11.30<\/p>\n<hr \/>\n<h2><strong>Liepnas pagasts<\/p>\n<p><\/strong><\/h2>\n<p>Soci\u0101l\u0101s pal\u012bdz\u012bbas organizatore Evija Naudi\u0146a<br \/>\nT\u0101lrunis +371 29419468, e-pasts: <a href=\"mailto:evija.naudina@aluksne.lv\">evija.naudina@aluksne.lv<\/a><br \/>\n\u201cLiepziedi\u201d, Liepna, Liepnas pagasts, Al\u016bksnes novads<\/p>\n<p><strong>Pie\u0146em\u0161anas laiks:<br \/>\n<\/strong>Pirmdien\u00a0\u00a0\u00a0 09.00 - 12.00<br \/>\nCeturtdien\u00a0 13.30 - 16.00<\/p>\n<hr \/>\n<h2><strong>Malienas pagasts<\/p>\n<p><\/strong><\/h2>\n<p>Soci\u0101l\u0101s pal\u012bdz\u012bbas organizatore Inese Paringa<br \/>\nT\u0101lrunis +371 25443359, e-pasts: <a href=\"mailto:inese.paringa@aluksne.lv\">inese.paringa@aluksne.lv<\/a><br \/>\n\u201cBrenci\u201d, Brenci, Malienas pagasts, Al\u016bksnes novads<\/p>\n<p><strong>Pie\u0146em\u0161anas laiks:<br \/>\n<\/strong>Pirmdien\u00a0\u00a0\u00a0 09.00 - 12.00<\/p>\n<hr \/>\n<h2><strong>M\u0101lupes pagasts<\/p>\n<p><\/strong><\/h2>\n<p>Soci\u0101l\u0101s pal\u012bdz\u012bbas organizatore Evija Naudi\u0146a<br \/>\nT\u0101lrunis +371 29419468, e-pasts: <a href=\"mailto:evija.naudina@aluksne.lv\">evija.naudina@aluksne.lv<\/a><br \/>\n\u201cDoktor\u0101ts\u201d, M\u0101lupe, M\u0101lupes pagasts, Al\u016bksnes novads<\/p>\n<p><strong>Pie\u0146em\u0161anas laiks:<br \/>\n<\/strong>Otrdien\u00a0 \u00a0\u00a0\u00a0\u00a009.00 - 11.00<\/p>\n<hr \/>\n<h2><strong>M\u0101rkalnes pagasts<\/p>\n<p><\/strong><\/h2>\n<p>Soci\u0101l\u0101s pal\u012bdz\u012bbas organizatore Krist\u012bne Vabulniece<br \/>\nT\u0101lrunis +371 28333347, e-pasts: <a href=\"mailto:kristine.vabulniece@aluksne.lv\">kristine.vabulniece@aluksne.lv<\/a><br \/>\n\u201cPagastm\u0101ja\u201d, M\u0101rkalne, M\u0101rkalnes pagasts, Al\u016bksnes novads<\/p>\n<p><strong>Pie\u0146em\u0161anas laiks:<br \/>\n<\/strong>Pirmdien\u00a0\u00a0\u00a0\u00a0\u00a0 14.00 - 16.00<\/p>\n<hr \/>\n<h2><strong>Pededzes pagasts<\/p>\n<p><\/strong><\/h2>\n<p>Soci\u0101l\u0101s pal\u012bdz\u012bbas organizatore Krist\u012bne Vabulniece<br \/>\nT\u0101lrunis +371 28333347, e-pasts: <a href=\"mailto:kristine.vabulniece@aluksne.lv\">kristine.vabulniece@aluksne.lv<\/a><br \/>\n\u201cKrustceles\u201d, Pededze, Pededzes pagasts, Al\u016bksnes novads<\/p>\n<p><strong>Pie\u0146em\u0161anas laiks:<br \/>\n<\/strong>Pirmdien\u00a0\u00a0\u00a0\u00a0\u00a0 09.00 - 12.00<br \/>\nCeturtdien\u00a0\u00a0\u00a0 13.00 - 16.00<\/p>\n<hr \/>\n<h2><strong>Veclaicenes pagasts<\/p>\n<p><\/strong><\/h2>\n<p>Soci\u0101l\u0101s pal\u012bdz\u012bbas organizatore Evija Naudi\u0146a<br \/>\nT\u0101lrunis +371 29419468, e-pasts: <a href=\"mailto:evija.naudina@aluksne.lv\">evija.naudina@aluksne.lv<\/a><br \/>\n\u201cVai\u0146agi\u201d, Korneti, Veclaicenes pagasts, Al\u016bksnes novads<\/p>\n<p><strong>Pie\u0146em\u0161anas laiks:<br \/>\n<\/strong>Katra m\u0113ne\u0161a 1. un 3. tre\u0161diena<br \/>\nTre\u0161dien\u00a0\u00a0\u00a0\u00a0\u00a0 14.00 - 16.00<\/p>\n<hr \/>\n<h2><strong>Ziemera pagasts<\/p>\n<p><\/strong><\/h2>\n<p>Soci\u0101l\u0101s pal\u012bdz\u012bbas organizatore Evija Naudi\u0146a<br \/>\nT\u0101lrunis +371 29419468, e-pasts: <a href=\"mailto:evija.naudina@aluksne.lv\">evija.naudina@aluksne.lv<\/a><br \/>\n\u201cPagastm\u0101ja\u201d, M\u0101ri\u0146kalns, Ziemera pagasts, Al\u016bksnes novads<\/p>\n<p><strong>Pie\u0146em\u0161anas laiks:<br \/>\n<\/strong>Ceturtdien\u00a0\u00a0\u00a0\u00a0 08.30 - 11.00<\/p>\n<hr \/>\n<h2><strong>Zelti\u0146u pagasts<\/strong><\/h2>\n<p>Soci\u0101l\u0101s pal\u012bdz\u012bbas organizatore Evija Naudi\u0146a<br \/>\nT\u0101lrunis +371 29419468, e-pasts: <a href=\"mailto:evija.naudina@aluksne.lv\">evija.naudina@aluksne.lv<\/a><br \/>\n\u201cT\u0113rces 11\u201d, Zelti\u0146i, Zelti\u0146u pagasts, Al\u016bksnes novads<\/p>\n<p><strong>Pie\u0146em\u0161anas laiks:<br \/>\n<\/strong>Katra m\u0113ne\u0161a 1. un 3. otrdiena<br \/>\nOtrdien \u00a0\u00a0\u00a0\u00a0\u00a014.00 - 16.00<\/p>\n<hr \/>\n<p>&nbsp;<\/p>\n<\/div>\n<\/div><\/div><\/div><div id=\"pgc-58532-0-1\"  class=\"panel-grid-cell\" >\t\t<style type=\"text\/css\">\n\t\t\t#accordeconck1 { margin:0;padding:0; }\n#accordeconck1 .accordeonck_desc { display:block; }\n#accordeconck1 li.accordeonck { list-style: none;overflow: hidden; margin: 0;}\n#accordeconck1 ul[class^=\"content\"] { margin:0;padding:0;width:auto; }\n#accordeconck1 li.accordeonck > span { position: relative; display: block; }\n#accordeconck1 li.accordeonck.parent > span { padding-right: 20px;}\n#accordeconck1 li.parent > span span.toggler_icon { position: absolute; cursor: pointer; display: block; height: 100%; z-index: 10;right:0; background: url(https:\/\/aluksne.lv\/wp-content\/plugins\/accordeon-menu-ck\/images\/plus.png) center center no-repeat !important;width: 20px;}\n#accordeconck1 li.parent.open > span span.toggler_icon { right:0; background: url(https:\/\/aluksne.lv\/wp-content\/plugins\/accordeon-menu-ck\/images\/minus.png) center center no-repeat !important;}\n#accordeconck1 li.accordeonck.level2 > span { }\n#accordeconck1 li.level3 li.accordeonck > span { }\n#accordeconck1 a.accordeonck { display: block;text-decoration: none; }\n#accordeconck1 a.accordeonck:hover { text-decoration: none; }\n#accordeconck1 li.parent > span a { display: block;outline: none; }\n#accordeconck1 li.parent.open > span a {  }\n#accordeconck1 li.level2.parent > span span.toggler_icon { right:0;display: block;outline: none;background: url(https:\/\/aluksne.lv\/wp-content\/plugins\/accordeon-menu-ck\/images\/plus.png) center center no-repeat !important; }\n#accordeconck1 li.level2.parent.open > span span.toggler_icon { background: url(https:\/\/aluksne.lv\/wp-content\/plugins\/accordeon-menu-ck\/images\/minus.png) center center no-repeat !important; }\n#accordeconck1 li.level2 li.accordeonck.parent > span span.toggler_icon { right:0;display: block;outline: none;background: url(https:\/\/aluksne.lv\/wp-content\/plugins\/accordeon-menu-ck\/images\/plus.png) center center no-repeat !important; }\n#accordeconck1 li.level2 li.accordeonck.open.parent > span span.toggler_icon { background: url(https:\/\/aluksne.lv\/wp-content\/plugins\/accordeon-menu-ck\/images\/minus.png) center center no-repeat !important; }\n#accordeconck1  {\n\tbackground: #86C2DB;\n\tbackground-size: auto;\tbackground-image: -o-linear-gradient(center top,#86C2DB, #86C2DB 100%);\n\tbackground-image: -webkit-gradient(linear, left top, left bottom,from(#86C2DB), color-stop(100%, #86C2DB));\n\tbackground-image: -moz-linear-gradient(center top,#86C2DB, #86C2DB 100%);\n\tbackground-image: linear-gradient(to bottom,#86C2DB, #86C2DB 100%);\n\tborder-top: none;\n\tborder-bottom: none;\n\tborder-left: none;\n\tborder-right: none;\n\tpadding-top: 5px;\n\tpadding-right: 5px;\n\tpadding-bottom: 5px;\n\tpadding-left: 5px;\n\tfont-family: ;\n}\n\n#accordeconck1  a {\n\tfont-family: ;\n}\n\n#accordeconck1 li.level1 > span a {\n\tcolor: #FFFFFF;\n\tpadding-top: 5px;\n\tpadding-right: 5px;\n\tpadding-bottom: 5px;\n\tpadding-left: 5px;\n\tfont-size: 15px;\n}\n\n#accordeconck1 li.level1 > span a a {\n\tcolor: #FFFFFF;\n\tfont-size: 15px;\n}\n\n#accordeconck1 li.level1 > span .accordeonck_desc {\n\tfont-size: 10px;\n}\n\n#accordeconck1 li.level1 > span .accordeonck_desc a {\n\tfont-size: 10px;\n}\n\n#accordeconck1 li.level1:hover > span a {\n\tcolor: #000000;\n}\n\n#accordeconck1 li.level1:hover > span a a {\n\tcolor: #000000;\n}\n\n#accordeconck1 li.level1 > ul {\n\tbackground-size: auto;\tfont-family: ;\n}\n\n#accordeconck1 li.level1 > ul a {\n\tfont-family: ;\n}\n\n#accordeconck1 li.level2 > span a {\n\tcolor: #636363;\n\tpadding-top: 5px;\n\tpadding-bottom: 5px;\n\tpadding-left: 15px;\n}\n\n#accordeconck1 li.level2 > span a a {\n\tcolor: #636363;\n}\n\n#accordeconck1 li.level2:hover > span a {\n\tcolor: #000000;\n}\n\n#accordeconck1 li.level2:hover > span a a {\n\tcolor: #000000;\n}\n\n#accordeconck1 li.level2 ul[class^=\"content\"] {\n\tbackground-size: auto;\tfont-family: ;\n}\n\n#accordeconck1 li.level2 ul[class^=\"content\"] a {\n\tfont-family: ;\n}\n\n#accordeconck1 li.level2 li.accordeonck > span a {\n\tcolor: #636363;\n\tpadding-top: 2px;\n\tpadding-bottom: 2px;\n\tpadding-left: 20px;\n}\n\n#accordeconck1 li.level2 li.accordeonck > span a a {\n\tcolor: #636363;\n}\n\n#accordeconck1 li.level2 li.accordeonck:hover > span a {\n\tcolor: #000000;\n}\n\n#accordeconck1 li.level2 li.accordeonck:hover > span a a {\n\tcolor: #000000;\n}\t\t<\/style>\n\t\t<div id=\"panel-58532-0-1-0\" class=\"so-panel widget widget_accordeon-menu-ck panel-first-child panel-last-child\" data-index=\"1\" ><ul id=\"accordeconck1\" class=\"menu\"><li id=\"menu-item-58523\" class=\"menu-item menu-item-type-post_type menu-item-object-page accordeonck menu-item-58523 level1\"><span class=\"accordeonck_outer \"><a href=\"https:\/\/aluksne.lv\/index.php\/pasvaldiba\/socialas-un-citas-iestades\/aluksnes-novada-socialais-dienests\/\" class=\"accordeonck\">AL\u016aKSNES NOVADA SOCI\u0100LO LIETU P\u0100RVALDE<\/a><\/span><\/li>\n<li id=\"menu-item-58522\" class=\"menu-item menu-item-type-post_type menu-item-object-page accordeonck menu-item-58522 level1\"><span class=\"accordeonck_outer \"><a href=\"https:\/\/aluksne.lv\/index.php\/pasvaldiba\/socialas-un-citas-iestades\/aluksnes-novada-socialais-dienests\/vadiba-un-struktura\/\" class=\"accordeonck\">VAD\u012aBA UN STRUKT\u016aRA<\/a><\/span><\/li>\n<li id=\"menu-item-58528\" class=\"menu-item menu-item-type-post_type menu-item-object-page accordeonck menu-item-58528 level1\"><span class=\"accordeonck_outer \"><a href=\"https:\/\/aluksne.lv\/index.php\/pasvaldiba\/socialas-un-citas-iestades\/aluksnes-novada-socialais-dienests\/kontakti\/\" class=\"accordeonck\">KONTAKTI<\/a><\/span><\/li>\n<li id=\"menu-item-58535\" class=\"menu-item menu-item-type-post_type menu-item-object-page accordeonck menu-item-58535 level1\"><span class=\"accordeonck_outer \"><a href=\"https:\/\/aluksne.lv\/index.php\/pasvaldiba\/socialas-un-citas-iestades\/aluksnes-novada-socialais-dienests\/normativie-akti\/\" class=\"accordeonck\">NORMAT\u012aVIE AKTI<\/a><\/span><\/li>\n<li id=\"menu-item-58534\" class=\"menu-item menu-item-type-post_type menu-item-object-page accordeonck menu-item-58534 level1\"><span class=\"accordeonck_outer \"><a href=\"https:\/\/aluksne.lv\/index.php\/pasvaldiba\/socialas-un-citas-iestades\/aluksnes-novada-socialais-dienests\/pienemsanu-laiki\/\" class=\"accordeonck\">PIE\u0145EM\u0160ANU LAIKI<\/a><\/span><\/li>\n<li id=\"menu-item-58547\" class=\"menu-item menu-item-type-post_type menu-item-object-page accordeonck menu-item-58547 level1\"><span class=\"accordeonck_outer \"><a href=\"https:\/\/aluksne.lv\/index.php\/pasvaldiba\/socialas-un-citas-iestades\/aluksnes-novada-socialais-dienests\/socialas-palidzibas-pabalsti-un-socialie-pakalpojumi\/\" class=\"accordeonck\">SOCI\u0100L\u0100S PAL\u012aDZ\u012aBAS PABALSTI UN SOCI\u0100LIE PAKALPOJUMI<\/a><\/span><\/li>\n<li id=\"menu-item-58546\" class=\"menu-item menu-item-type-post_type menu-item-object-page accordeonck menu-item-58546 level1\"><span class=\"accordeonck_outer \"><a href=\"https:\/\/aluksne.lv\/index.php\/pasvaldiba\/socialas-un-citas-iestades\/aluksnes-novada-socialais-dienests\/socialas-aprupes-centri\/\" class=\"accordeonck\">SOCI\u0100L\u0100S APR\u016aPES CENTRI<\/a><\/span><\/li>\n<li id=\"menu-item-58545\" class=\"menu-item menu-item-type-post_type menu-item-object-page accordeonck menu-item-58545 level1\"><span class=\"accordeonck_outer \"><a href=\"https:\/\/aluksne.lv\/index.php\/pasvaldiba\/socialas-un-citas-iestades\/aluksnes-novada-socialais-dienests\/feldseru-punkti\/\" class=\"accordeonck\">FELD\u0160ERU PUNKTI<\/a><\/span><\/li>\n<li id=\"menu-item-58544\" class=\"menu-item menu-item-type-post_type menu-item-object-page accordeonck menu-item-58544 level1\"><span class=\"accordeonck_outer \"><a href=\"https:\/\/aluksne.lv\/index.php\/pasvaldiba\/socialas-un-citas-iestades\/aluksnes-novada-socialais-dienests\/maksas-pakalpojumi\/\" class=\"accordeonck\">MAKSAS PAKALPOJUMI<\/a><\/span><\/li>\n<\/ul>\t\t<script type=\"text\/javascript\"> <!--\n\t\t\n\t\t\tjQuery(document).ready(function(){\n\t\t\t\tjQuery('#accordeconck1').accordeonmenuck({eventtype : 'click',transition : 'linear',showactive : '1',showactivesubmenu : '0',duree : 500});\n\t\t\t}); \t\t\/\/--> <\/script>\n\t\t<\/div><\/div><\/div><\/div>","protected":false},"excerpt":{"rendered":"<p>Al\u016bksnes pils\u0113ta Al\u016bksnes novada Soci\u0101lo lietu p\u0101rvaldes darbinieki, kuru pie\u0146em\u0161anas adrese ir Uzvaras iel\u0101 1, Al\u016bksn\u0113, Al\u016bksnes novad\u0101, pie\u0146em p\u0113c iepriek\u0161\u0113ja pieraksta visas darba dienas garum\u0101. Attiec\u012bgo darbinieku kontaktinform\u0101ciju skat\u012bt sada\u013c\u0101 \u201ckontakti\u201d. Alsvi\u0137u pagasts Soci\u0101l\u0101s pal\u012bdz\u012bbas organizatore Krist\u012bne Vabulniece T\u0101lrunis&#8230;<br \/><a class=\"read-more-button\" href=\"https:\/\/aluksne.lv\/index.php\/pasvaldiba\/socialas-un-citas-iestades\/aluksnes-novada-socialais-dienests\/pienemsanu-laiki\/\">Las\u012bt visu<\/a><\/p>\n","protected":false},"author":1,"featured_media":0,"parent":2151,"menu_order":0,"comment_status":"closed","ping_status":"closed","template":"","meta":{"_crdt_document":"","_monsterinsights_skip_tracking":false,"_monsterinsights_sitenote_active":false,"_monsterinsights_sitenote_note":"","_monsterinsights_sitenote_category":0,"footnotes":"","_links_to":"","_links_to_target":""},"class_list":["post-58532","page","type-page","status-publish","hentry"],"_links":{"self":[{"href":"https:\/\/aluksne.lv\/index.php\/wp-json\/wp\/v2\/pages\/58532","targetHints":{"allow":["GET"]}}],"collection":[{"href":"https:\/\/aluksne.lv\/index.php\/wp-json\/wp\/v2\/pages"}],"about":[{"href":"https:\/\/aluksne.lv\/index.php\/wp-json\/wp\/v2\/types\/page"}],"author":[{"embeddable":true,"href":"https:\/\/aluksne.lv\/index.php\/wp-json\/wp\/v2\/users\/1"}],"replies":[{"embeddable":true,"href":"https:\/\/aluksne.lv\/index.php\/wp-json\/wp\/v2\/comments?post=58532"}],"version-history":[{"count":0,"href":"https:\/\/aluksne.lv\/index.php\/wp-json\/wp\/v2\/pages\/58532\/revisions"}],"up":[{"embeddable":true,"href":"https:\/\/aluksne.lv\/index.php\/wp-json\/wp\/v2\/pages\/2151"}],"wp:attachment":[{"href":"https:\/\/aluksne.lv\/index.php\/wp-json\/wp\/v2\/media?parent=58532"}],"curies":[{"name":"wp","href":"https:\/\/api.w.org\/{rel}","templated":true}]}}