{"id":58536,"date":"2025-10-29T14:14:33","date_gmt":"2025-10-29T12:14:33","guid":{"rendered":"https:\/\/aluksne.lv\/?page_id=58536"},"modified":"2025-11-08T23:57:04","modified_gmt":"2025-11-08T21:57:04","slug":"socialas-palidzibas-pabalsti-un-socialie-pakalpojumi","status":"publish","type":"page","link":"https:\/\/aluksne.lv\/index.php\/pasvaldiba\/socialas-un-citas-iestades\/aluksnes-novada-socialais-dienests\/socialas-palidzibas-pabalsti-un-socialie-pakalpojumi\/","title":{"rendered":"SOCI\u0100L\u0100S PAL\u012aDZ\u012aBAS PABALSTI UN SOCI\u0100LIE PAKALPOJUMI"},"content":{"rendered":"<div id=\"pl-58536\"  class=\"panel-layout\" ><div id=\"pg-58536-0\"  class=\"panel-grid panel-no-style\" ><div id=\"pgc-58536-0-0\"  class=\"panel-grid-cell\" ><div id=\"panel-58536-0-0-0\" class=\"so-panel widget widget_sow-editor panel-first-child panel-last-child\" data-index=\"0\" ><div\n\t\t\t\n\t\t\tclass=\"so-widget-sow-editor so-widget-sow-editor-base\"\n\t\t\t\n\t\t>\n<div class=\"siteorigin-widget-tinymce textwidget\">\n\t<p>&nbsp;<\/p>\n<p><span style=\"font-size: 12pt;\"><strong>Tr\u016bc\u012bgas vai maznodro\u0161in\u0101tas m\u0101jsaimniec\u012bbas statusa piepras\u012b\u0161ana.<\/strong> <\/span>Vair\u0101k par sa\u0146em\u0161anas k\u0101rt\u012bbu <strong><a href=\"https:\/\/latvija.gov.lv\/Services\/11910\">\u0160EIT<\/a><\/strong>.<br \/>\n<a href=\"https:\/\/aluksne.lv\/wp-content\/uploads\/2025\/11\/iesn_trucigas-majsaimniecibas-statuss_1.docx\">VEIDLAPA tr\u016bc\u012bgas m\u0101jsaimniec\u012bbas statusam<\/a> I <a href=\"https:\/\/aluksne.lv\/wp-content\/uploads\/2025\/11\/iesn_maznodrosinatas-majsaimniecibas-statuss_2.docx\">VEIDLAPA maznodro\u0161in\u0101tas m\u0101jsaimniec\u012bbas statusam<\/a><\/p>\n<hr \/>\n<p><strong><span style=\"font-size: 12pt;\">M\u0101jsaimniec\u012bbas materi\u0101l\u0101s situ\u0101cija izv\u0113rt\u0113\u0161ana.<\/span> <\/strong>Vair\u0101k par pabalstu un sa\u0146em\u0161anas k\u0101rt\u012bbu <strong>\u0160EIT.<\/strong><br \/>\n<a href=\"https:\/\/aluksne.lv\/wp-content\/uploads\/2025\/11\/iesn_materialas-situacijas-izvertesana_8.docx\">VEIDLAPA <\/a><\/p>\n<hr \/>\n<p><span style=\"font-size: 12pt;\"><strong>Pabalsts garant\u0113t\u0101 minim\u0101l\u0101 ien\u0101kumu l\u012bme\u0146a nodro\u0161in\u0101\u0161anai.<\/strong><\/span> Vair\u0101k par pabalstu un sa\u0146em\u0161anas k\u0101rt\u012bbu <a href=\"https:\/\/latvija.gov.lv\/Services\/11902\"><strong>\u0160EIT<\/strong><\/a>.<br \/>\n<a href=\"https:\/\/aluksne.lv\/wp-content\/uploads\/2025\/11\/Iesn_GMI-pabalsts_3.doc\">VEIDLAPA<\/a><\/p>\n<hr \/>\n<p><span style=\"font-size: 12pt;\"><strong>M\u0101jok\u013ca pabalsts.<\/strong> <\/span>Vair\u0101k par pabalstu un sa\u0146em\u0161anas k\u0101rt\u012bbu <a href=\"https:\/\/latvija.gov.lv\/Services\/11884\"><strong>\u0160EIT<\/strong><\/a>.<br \/>\n<a href=\"https:\/\/aluksne.lv\/wp-content\/uploads\/2025\/11\/iesn_majokla-pabalsts_4.doc\">VEIDLAPA<\/a><\/p>\n<hr \/>\n<p><span style=\"font-size: 12pt;\"><strong>Pabalsts kr\u012bzes situ\u0101cij\u0101.<\/strong> <\/span>Vair\u0101k par pabalstu un sa\u0146em\u0161anas k\u0101rt\u012bbu <a href=\"https:\/\/latvija.gov.lv\/Services\/11908\"><strong>\u0160EIT<\/strong><\/a>.<br \/>\n<a href=\"https:\/\/aluksne.lv\/wp-content\/uploads\/2025\/11\/Iesn_krizes-pabalsts_5.doc\">VEIDLAPA<\/a><\/p>\n<hr \/>\n<p><span style=\"font-size: 12pt;\"><strong>Pabalsts \u0113din\u0101\u0161anai pirmskolas, visp\u0101r\u0113j\u0101s un profesion\u0101l\u0101s izgl\u012bt\u012bbas iest\u0101d\u0113s.<\/strong><\/span> Vair\u0101k par pabalstu un sa\u0146em\u0161anas k\u0101rt\u012bbu <a href=\"https:\/\/latvija.gov.lv\/Services\/11900\"><strong>\u0160EIT<\/strong><\/a>.<br \/>\n<a href=\"https:\/\/aluksne.lv\/wp-content\/uploads\/2025\/11\/iesn_berna-edinasana-izgl.-iestade_6.doc\">VEIDLAPA<\/a><\/p>\n<hr \/>\n<p><span style=\"font-size: 12pt;\"><strong>Pabalsts vesel\u012bbas apr\u016bpei.<\/strong><\/span> Vair\u0101k par pabalstu un sa\u0146em\u0161anas k\u0101rt\u012bbu <a href=\"https:\/\/latvija.gov.lv\/Services\/11906\"><strong>\u0160EIT<\/strong><\/a>.<br \/>\n<a href=\"https:\/\/aluksne.lv\/wp-content\/uploads\/2025\/11\/iesn_veselibas-pabalsts_7.doc\">VEIDLAPA<\/a><\/p>\n<hr \/>\n<p><span style=\"font-size: 12pt;\"><strong>Apbed\u012b\u0161anas pabalsts.<\/strong><\/span> Vair\u0101k par pabalstu un sa\u0146em\u0161anas k\u0101rt\u012bbu <a href=\"https:\/\/latvija.gov.lv\/Services\/11898\"><strong>\u0160EIT<\/strong><\/a>.<br \/>\n<a href=\"https:\/\/aluksne.lv\/wp-content\/uploads\/2025\/11\/ies_pabalsts_9.doc\">VEIDLAPA<\/a><\/p>\n<hr \/>\n<p><span style=\"font-size: 12pt;\"><strong>Pabalsts politiski repres\u0113t\u0101m person\u0101m.<\/strong><\/span> Vair\u0101k par pabalstu un sa\u0146em\u0161anas k\u0101rt\u012bbu <a href=\"https:\/\/latvija.gov.lv\/Services\/8426\"><strong>\u0160EIT<\/strong><\/a>.<br \/>\n<a href=\"https:\/\/aluksne.lv\/wp-content\/uploads\/2025\/11\/ies_pabalsts_9.doc\">VEIDLAPA<\/a><\/p>\n<hr \/>\n<p><span style=\"font-size: 12pt;\"><strong>Pabalsts mazg\u0101\u0161an\u0101s pakalpojumam.<\/strong><\/span> Vair\u0101k par pabalstu un sa\u0146em\u0161anas k\u0101rt\u012bbu <a href=\"https:\/\/latvija.gov.lv\/Services\/11901\"><strong>\u0160EIT<\/strong><\/a>.<br \/>\n<a href=\"https:\/\/aluksne.lv\/wp-content\/uploads\/2025\/11\/ies_pabalsts_9.doc\">VEIDLAPA<\/a><\/p>\n<hr \/>\n<p><span style=\"font-size: 12pt;\"><strong>Pabalsts ve\u013cas mazg\u0101\u0161anas pakalpojumam.<\/strong> <\/span>Vair\u0101k par pabalstu un sa\u0146em\u0161anas k\u0101rt\u012bbu <a href=\"https:\/\/latvija.gov.lv\/Services\/11905\"><strong>\u0160EIT<\/strong><\/a>.<br \/>\n<a href=\"https:\/\/aluksne.lv\/wp-content\/uploads\/2025\/11\/ies_pabalsts_9.doc\">VEIDLAPA<\/a><\/p>\n<hr \/>\n<p><span style=\"font-size: 12pt;\"><strong>Pabalsts soci\u0101l\u0101s rehabilit\u0101cijas pakalpojuma m\u0113r\u0137u sasnieg\u0161anai.<\/strong> <\/span>Vair\u0101k par pabalstu un sa\u0146em\u0161anas k\u0101rt\u012bbu <a href=\"https:\/\/latvija.gov.lv\/Services\/11903\"><strong>\u0160EIT<\/strong><\/a>.<br \/>\n<a href=\"https:\/\/aluksne.lv\/wp-content\/uploads\/2025\/11\/ies_pabalsts_9.doc\">VEIDLAPA<\/a><\/p>\n<hr \/>\n<p><span style=\"font-size: 12pt;\"><strong>Pabalsts b\u0113rna \u0113din\u0101\u0161anai, kura m\u0101c\u012bbas tiek organiz\u0113tas m\u0101j\u0101s.<\/strong> <\/span>Vair\u0101k par pabalstu un sa\u0146em\u0161anas k\u0101rt\u012bbu <strong>\u0160EIT<\/strong>.<br \/>\n<a href=\"https:\/\/aluksne.lv\/wp-content\/uploads\/2025\/11\/ies_pabalsts_9.doc\">VEIDLAPA<\/a><\/p>\n<hr \/>\n<p><span style=\"font-size: 12pt;\"><strong>Vienreiz\u0113js pabalsts b\u0101renim un bez vec\u0101ku g\u0101d\u012bbas paliku\u0161am b\u0113rnam, patst\u0101v\u012bgas dz\u012bves uzs\u0101k\u0161anai.<\/strong> <\/span>Vair\u0101k par pabalstu un sa\u0146em\u0161anas k\u0101rt\u012bbu <a href=\"https:\/\/latvija.gov.lv\/Services\/11897\"><strong>\u0160EIT<\/strong><\/a>.<br \/>\n<a href=\"https:\/\/aluksne.lv\/wp-content\/uploads\/2025\/11\/ies_pabalsts_9.doc\">VEIDLAPA<\/a><\/p>\n<hr \/>\n<p><span style=\"font-size: 12pt;\"><strong>Vienreiz\u0113js pabalsts b\u0101renim un bez vec\u0101ku g\u0101d\u012bbas paliku\u0161am b\u0113rnam, sadz\u012bves priek\u0161metu un m\u012bkst\u0101 invent\u0101ra ieg\u0101dei.<\/strong><\/span> Vair\u0101k par pabalstu un sa\u0146em\u0161anas k\u0101rt\u012bbu <a href=\"https:\/\/latvija.gov.lv\/Services\/11897\"><strong>\u0160EIT<\/strong><\/a>.<br \/>\n<a href=\"https:\/\/aluksne.lv\/wp-content\/uploads\/2025\/11\/ies_pabalsts_9.doc\">VEIDLAPA<\/a><\/p>\n<hr \/>\n<p><span style=\"font-size: 12pt;\"><strong>Pabalsts b\u0101renim un bez vec\u0101ku g\u0101d\u012bbas paliku\u0161am b\u0113rnam, ikm\u0113ne\u0161a izdevumiem.<\/strong><\/span> Vair\u0101k par pabalstu un sa\u0146em\u0161anas k\u0101rt\u012bbu <a href=\"https:\/\/latvija.gov.lv\/Services\/11897\"><strong>\u0160EIT<\/strong><\/a>.<br \/>\n<a href=\"https:\/\/aluksne.lv\/wp-content\/uploads\/2025\/11\/ies_pabalsts_9.doc\">VEIDLAPA<\/a><\/p>\n<hr \/>\n<p><span style=\"font-size: 12pt;\"><strong>Pabalsts aud\u017eu\u0123imenei un specializ\u0113tajai aud\u017eu\u0123imenei, b\u0113rna uzturam, ap\u0123\u0113rba un m\u012bkst\u0101 invent\u0101ra ieg\u0101dei.<\/strong> <\/span>Vair\u0101k par pabalstu un sa\u0146em\u0161anas k\u0101rt\u012bbu <a href=\"https:\/\/latvija.gov.lv\/Services\/11896\"><strong>\u0160EIT<\/strong><\/a>.<br \/>\n<a href=\"https:\/\/aluksne.lv\/wp-content\/uploads\/2025\/11\/ies_pabalsts_9.doc\">VEIDLAPA<\/a><\/p>\n<hr \/>\n<p><span style=\"font-size: 12pt;\"><strong>Asistenta pakalpojums.<\/strong> <\/span>Vair\u0101k par pakalpojumu un sa\u0146em\u0161anas k\u0101rt\u012bbu <a href=\"https:\/\/latvija.gov.lv\/Services\/7073\"><strong>\u0160EIT<\/strong><\/a>.<br \/>\n<a href=\"https:\/\/aluksne.lv\/wp-content\/uploads\/2025\/11\/Iesniegums-Asistenta_pakalpojums_10.odt\">VEIDLAPA asistenta pakalpojumam<\/a> I <a href=\"https:\/\/aluksne.lv\/wp-content\/uploads\/2025\/11\/Iesniegums-Asistenta_pakalpojums_bernam_11.odt\">VEIDLAPA asistenta pakalpojumam b\u0113rniem<\/a><\/p>\n<hr \/>\n<p><span style=\"font-size: 12pt;\"><strong>Atbalsta grupas pakalpojums.<\/strong><\/span> Vair\u0101k par pakalpojumu un sa\u0146em\u0161anas k\u0101rt\u012bbu <a href=\"https:\/\/latvija.gov.lv\/Services\/9315\"><strong>\u0160EIT<\/strong><\/a>.<br \/>\n<a href=\"https:\/\/aluksne.lv\/wp-content\/uploads\/2025\/11\/Iesniegums-pakalpojumam_12.docx\">VEIDLAPA<\/a><\/p>\n<hr \/>\n<p><span style=\"font-size: 12pt;\"><strong>Dienas apr\u016bpes centra pakalpojums.<\/strong> <\/span>Vair\u0101k par pakalpojumu un sa\u0146em\u0161anas k\u0101rt\u012bbu <a href=\"https:\/\/latvija.gov.lv\/Services\/9311\"><strong>\u0160EIT<\/strong><\/a>.<br \/>\n<a href=\"https:\/\/aluksne.lv\/wp-content\/uploads\/2025\/11\/Iesniegums-pakalpojumam_12.docx\">VEIDLAPA<\/a><\/p>\n<hr \/>\n<p><span style=\"font-size: 12pt;\"><strong>Specializ\u0113to darbn\u012bcu pakalpojums.<\/strong><\/span> Vair\u0101k par pakalpojumu un sa\u0146em\u0161anas k\u0101rt\u012bbu <strong>\u0160EIT<\/strong>.<br \/>\n<a href=\"https:\/\/aluksne.lv\/wp-content\/uploads\/2025\/11\/Iesniegums-pakalpojumam_12.docx\">VEIDLAPA<\/a><\/p>\n<hr \/>\n<p><span style=\"font-size: 12pt;\"><strong>Soci\u0101l\u0101s apr\u016bpes pakalpojums dz\u012bvesviet\u0101.<\/strong><\/span> Vair\u0101k par pakalpojumu un sa\u0146em\u0161anas k\u0101rt\u012bbu <a href=\"https:\/\/latvija.gov.lv\/Services\/7496\"><strong>\u0160EIT<\/strong><\/a>.<br \/>\n<a href=\"https:\/\/aluksne.lv\/wp-content\/uploads\/2025\/11\/Iesniegums-pakalpojumam_12.docx\">VEIDLAPA<\/a><\/p>\n<hr \/>\n<p><span style=\"font-size: 12pt;\"><strong>Kr\u012bzes istabas pakalpojums.<\/strong> <\/span>Vair\u0101k par pakalpojumu un sa\u0146em\u0161anas k\u0101rt\u012bbu <strong>\u0160EIT<\/strong>.<br \/>\n<a href=\"https:\/\/aluksne.lv\/wp-content\/uploads\/2025\/11\/Iesniegums-pakalpojumam_12.docx\">VEIDLAPA<\/a><\/p>\n<hr \/>\n<p><span style=\"font-size: 12pt;\"><strong>Grupu m\u0101jas (dz\u012bvok\u013ca) pakalpojums.<\/strong> <\/span>Vair\u0101k par pakalpojumu un sa\u0146em\u0161anas k\u0101rt\u012bbu <strong>\u0160EIT<\/strong>.<br \/>\n<a href=\"https:\/\/aluksne.lv\/wp-content\/uploads\/2025\/11\/Iesniegums-pakalpojumam_12.docx\">VEIDLAPA<\/a><\/p>\n<hr \/>\n<p><span style=\"font-size: 12pt;\"><strong>Ilgsto\u0161as soci\u0101l\u0101s apr\u016bpes un soci\u0101l\u0101s rehabilit\u0101cijas pakalpojums b\u0113rnam.<\/strong> <\/span>Vair\u0101k par pakalpojumu un sa\u0146em\u0161anas k\u0101rt\u012bbu <a href=\"https:\/\/latvija.gov.lv\/Services\/9313\"><strong>\u0160EIT<\/strong><\/a>.<br \/>\n<a href=\"https:\/\/aluksne.lv\/wp-content\/uploads\/2025\/11\/Iesniegums-pakalpojumam_12.docx\">VEIDLAPA<\/a><\/p>\n<hr \/>\n<p><span style=\"font-size: 12pt;\"><strong>Ilgsto\u0161as soci\u0101l\u0101s apr\u016bpes un soci\u0101l\u0101s rehabilit\u0101cijas pakalpojums pilngad\u012bgai personai.<\/strong><\/span> Vair\u0101k par pakalpojumu un sa\u0146em\u0161anas k\u0101rt\u012bbu <a href=\"https:\/\/latvija.gov.lv\/Services\/9312\"><strong>\u0160EIT<\/strong><\/a>.<br \/>\n<a href=\"https:\/\/aluksne.lv\/wp-content\/uploads\/2025\/11\/Iesniegums-pakalpojumam_12.docx\">VEIDLAPA<\/a><\/p>\n<hr \/>\n<p><span style=\"font-size: 12pt;\"><strong>Soci\u0101l\u0101s rehabilit\u0101cijas pakalpojums instit\u016bcij\u0101 vai dz\u012bvesviet\u0101, personai, kura cietusi no prettiesisk\u0101m darb\u012bb\u0101m.<\/strong> <\/span>Vair\u0101k par pakalpojumu un sa\u0146em\u0161anas k\u0101rt\u012bbu <strong>\u0160EIT<\/strong>.<br \/>\n<a href=\"https:\/\/aluksne.lv\/wp-content\/uploads\/2025\/11\/Iesniegums-pakalpojumam_12.docx\">VEIDLAPA<\/a><\/p>\n<\/div>\n<\/div><\/div><\/div><div id=\"pgc-58536-0-1\"  class=\"panel-grid-cell\" >\t\t<style type=\"text\/css\">\n\t\t\t#accordeconck1 { margin:0;padding:0; }\n#accordeconck1 .accordeonck_desc { display:block; }\n#accordeconck1 li.accordeonck { list-style: none;overflow: hidden; margin: 0;}\n#accordeconck1 ul[class^=\"content\"] { margin:0;padding:0;width:auto; }\n#accordeconck1 li.accordeonck > span { position: relative; display: block; }\n#accordeconck1 li.accordeonck.parent > span { padding-right: 20px;}\n#accordeconck1 li.parent > span span.toggler_icon { position: absolute; cursor: pointer; display: block; height: 100%; z-index: 10;right:0; background: url(https:\/\/aluksne.lv\/wp-content\/plugins\/accordeon-menu-ck\/images\/plus.png) center center no-repeat !important;width: 20px;}\n#accordeconck1 li.parent.open > span span.toggler_icon { right:0; background: url(https:\/\/aluksne.lv\/wp-content\/plugins\/accordeon-menu-ck\/images\/minus.png) center center no-repeat !important;}\n#accordeconck1 li.accordeonck.level2 > span { }\n#accordeconck1 li.level3 li.accordeonck > span { }\n#accordeconck1 a.accordeonck { display: block;text-decoration: none; }\n#accordeconck1 a.accordeonck:hover { text-decoration: none; }\n#accordeconck1 li.parent > span a { display: block;outline: none; }\n#accordeconck1 li.parent.open > span a {  }\n#accordeconck1 li.level2.parent > span span.toggler_icon { right:0;display: block;outline: none;background: url(https:\/\/aluksne.lv\/wp-content\/plugins\/accordeon-menu-ck\/images\/plus.png) center center no-repeat !important; }\n#accordeconck1 li.level2.parent.open > span span.toggler_icon { background: url(https:\/\/aluksne.lv\/wp-content\/plugins\/accordeon-menu-ck\/images\/minus.png) center center no-repeat !important; }\n#accordeconck1 li.level2 li.accordeonck.parent > span span.toggler_icon { right:0;display: block;outline: none;background: url(https:\/\/aluksne.lv\/wp-content\/plugins\/accordeon-menu-ck\/images\/plus.png) center center no-repeat !important; }\n#accordeconck1 li.level2 li.accordeonck.open.parent > span span.toggler_icon { background: url(https:\/\/aluksne.lv\/wp-content\/plugins\/accordeon-menu-ck\/images\/minus.png) center center no-repeat !important; }\n#accordeconck1  {\n\tbackground: #86C2DB;\n\tbackground-size: auto;\tbackground-image: -o-linear-gradient(center top,#86C2DB, #86C2DB 100%);\n\tbackground-image: -webkit-gradient(linear, left top, left bottom,from(#86C2DB), color-stop(100%, #86C2DB));\n\tbackground-image: -moz-linear-gradient(center top,#86C2DB, #86C2DB 100%);\n\tbackground-image: linear-gradient(to bottom,#86C2DB, #86C2DB 100%);\n\tborder-top: none;\n\tborder-bottom: none;\n\tborder-left: none;\n\tborder-right: none;\n\tpadding-top: 5px;\n\tpadding-right: 5px;\n\tpadding-bottom: 5px;\n\tpadding-left: 5px;\n\tfont-family: ;\n}\n\n#accordeconck1  a {\n\tfont-family: ;\n}\n\n#accordeconck1 li.level1 > span a {\n\tcolor: #FFFFFF;\n\tpadding-top: 5px;\n\tpadding-right: 5px;\n\tpadding-bottom: 5px;\n\tpadding-left: 5px;\n\tfont-size: 15px;\n}\n\n#accordeconck1 li.level1 > span a a {\n\tcolor: #FFFFFF;\n\tfont-size: 15px;\n}\n\n#accordeconck1 li.level1 > span .accordeonck_desc {\n\tfont-size: 10px;\n}\n\n#accordeconck1 li.level1 > span .accordeonck_desc a {\n\tfont-size: 10px;\n}\n\n#accordeconck1 li.level1:hover > span a {\n\tcolor: #000000;\n}\n\n#accordeconck1 li.level1:hover > span a a {\n\tcolor: #000000;\n}\n\n#accordeconck1 li.level1 > ul {\n\tbackground-size: auto;\tfont-family: ;\n}\n\n#accordeconck1 li.level1 > ul a {\n\tfont-family: ;\n}\n\n#accordeconck1 li.level2 > span a {\n\tcolor: #636363;\n\tpadding-top: 5px;\n\tpadding-bottom: 5px;\n\tpadding-left: 15px;\n}\n\n#accordeconck1 li.level2 > span a a {\n\tcolor: #636363;\n}\n\n#accordeconck1 li.level2:hover > span a {\n\tcolor: #000000;\n}\n\n#accordeconck1 li.level2:hover > span a a {\n\tcolor: #000000;\n}\n\n#accordeconck1 li.level2 ul[class^=\"content\"] {\n\tbackground-size: auto;\tfont-family: ;\n}\n\n#accordeconck1 li.level2 ul[class^=\"content\"] a {\n\tfont-family: ;\n}\n\n#accordeconck1 li.level2 li.accordeonck > span a {\n\tcolor: #636363;\n\tpadding-top: 2px;\n\tpadding-bottom: 2px;\n\tpadding-left: 20px;\n}\n\n#accordeconck1 li.level2 li.accordeonck > span a a {\n\tcolor: #636363;\n}\n\n#accordeconck1 li.level2 li.accordeonck:hover > span a {\n\tcolor: #000000;\n}\n\n#accordeconck1 li.level2 li.accordeonck:hover > span a a {\n\tcolor: #000000;\n}\t\t<\/style>\n\t\t<div id=\"panel-58536-0-1-0\" class=\"so-panel widget widget_accordeon-menu-ck panel-first-child panel-last-child\" data-index=\"1\" ><ul id=\"accordeconck1\" class=\"menu\"><li id=\"menu-item-58523\" class=\"menu-item menu-item-type-post_type menu-item-object-page accordeonck menu-item-58523 level1\"><span class=\"accordeonck_outer \"><a href=\"https:\/\/aluksne.lv\/index.php\/pasvaldiba\/socialas-un-citas-iestades\/aluksnes-novada-socialais-dienests\/\" class=\"accordeonck\">AL\u016aKSNES NOVADA SOCI\u0100LO LIETU P\u0100RVALDE<\/a><\/span><\/li>\n<li id=\"menu-item-58522\" class=\"menu-item menu-item-type-post_type menu-item-object-page accordeonck menu-item-58522 level1\"><span class=\"accordeonck_outer \"><a href=\"https:\/\/aluksne.lv\/index.php\/pasvaldiba\/socialas-un-citas-iestades\/aluksnes-novada-socialais-dienests\/vadiba-un-struktura\/\" class=\"accordeonck\">VAD\u012aBA UN STRUKT\u016aRA<\/a><\/span><\/li>\n<li id=\"menu-item-58528\" class=\"menu-item menu-item-type-post_type menu-item-object-page accordeonck menu-item-58528 level1\"><span class=\"accordeonck_outer \"><a href=\"https:\/\/aluksne.lv\/index.php\/pasvaldiba\/socialas-un-citas-iestades\/aluksnes-novada-socialais-dienests\/kontakti\/\" class=\"accordeonck\">KONTAKTI<\/a><\/span><\/li>\n<li id=\"menu-item-58535\" class=\"menu-item menu-item-type-post_type menu-item-object-page accordeonck menu-item-58535 level1\"><span class=\"accordeonck_outer \"><a href=\"https:\/\/aluksne.lv\/index.php\/pasvaldiba\/socialas-un-citas-iestades\/aluksnes-novada-socialais-dienests\/normativie-akti\/\" class=\"accordeonck\">NORMAT\u012aVIE AKTI<\/a><\/span><\/li>\n<li id=\"menu-item-58534\" class=\"menu-item menu-item-type-post_type menu-item-object-page accordeonck menu-item-58534 level1\"><span class=\"accordeonck_outer \"><a href=\"https:\/\/aluksne.lv\/index.php\/pasvaldiba\/socialas-un-citas-iestades\/aluksnes-novada-socialais-dienests\/pienemsanu-laiki\/\" class=\"accordeonck\">PIE\u0145EM\u0160ANU LAIKI<\/a><\/span><\/li>\n<li id=\"menu-item-58547\" class=\"menu-item menu-item-type-post_type menu-item-object-page accordeonck menu-item-58547 level1\"><span class=\"accordeonck_outer \"><a href=\"https:\/\/aluksne.lv\/index.php\/pasvaldiba\/socialas-un-citas-iestades\/aluksnes-novada-socialais-dienests\/socialas-palidzibas-pabalsti-un-socialie-pakalpojumi\/\" class=\"accordeonck\">SOCI\u0100L\u0100S PAL\u012aDZ\u012aBAS PABALSTI UN SOCI\u0100LIE PAKALPOJUMI<\/a><\/span><\/li>\n<li id=\"menu-item-58546\" class=\"menu-item menu-item-type-post_type menu-item-object-page accordeonck menu-item-58546 level1\"><span class=\"accordeonck_outer \"><a href=\"https:\/\/aluksne.lv\/index.php\/pasvaldiba\/socialas-un-citas-iestades\/aluksnes-novada-socialais-dienests\/socialas-aprupes-centri\/\" class=\"accordeonck\">SOCI\u0100L\u0100S APR\u016aPES CENTRI<\/a><\/span><\/li>\n<li id=\"menu-item-58545\" class=\"menu-item menu-item-type-post_type menu-item-object-page accordeonck menu-item-58545 level1\"><span class=\"accordeonck_outer \"><a href=\"https:\/\/aluksne.lv\/index.php\/pasvaldiba\/socialas-un-citas-iestades\/aluksnes-novada-socialais-dienests\/feldseru-punkti\/\" class=\"accordeonck\">FELD\u0160ERU PUNKTI<\/a><\/span><\/li>\n<li id=\"menu-item-58544\" class=\"menu-item menu-item-type-post_type menu-item-object-page accordeonck menu-item-58544 level1\"><span class=\"accordeonck_outer \"><a href=\"https:\/\/aluksne.lv\/index.php\/pasvaldiba\/socialas-un-citas-iestades\/aluksnes-novada-socialais-dienests\/maksas-pakalpojumi\/\" class=\"accordeonck\">MAKSAS PAKALPOJUMI<\/a><\/span><\/li>\n<\/ul>\t\t<script type=\"text\/javascript\"> <!--\n\t\t\n\t\t\tjQuery(document).ready(function(){\n\t\t\t\tjQuery('#accordeconck1').accordeonmenuck({eventtype : 'click',transition : 'linear',showactive : '1',showactivesubmenu : '0',duree : 500});\n\t\t\t}); \t\t\/\/--> <\/script>\n\t\t<\/div><\/div><\/div><\/div>","protected":false},"excerpt":{"rendered":"<p>&nbsp; Tr\u016bc\u012bgas vai maznodro\u0161in\u0101tas m\u0101jsaimniec\u012bbas statusa piepras\u012b\u0161ana. Vair\u0101k par sa\u0146em\u0161anas k\u0101rt\u012bbu \u0160EIT. VEIDLAPA tr\u016bc\u012bgas m\u0101jsaimniec\u012bbas statusam I VEIDLAPA maznodro\u0161in\u0101tas m\u0101jsaimniec\u012bbas statusam M\u0101jsaimniec\u012bbas materi\u0101l\u0101s situ\u0101cija izv\u0113rt\u0113\u0161ana. Vair\u0101k par pabalstu un sa\u0146em\u0161anas k\u0101rt\u012bbu \u0160EIT. VEIDLAPA Pabalsts garant\u0113t\u0101 minim\u0101l\u0101 ien\u0101kumu l\u012bme\u0146a nodro\u0161in\u0101\u0161anai. Vair\u0101k&#8230;<br \/><a class=\"read-more-button\" href=\"https:\/\/aluksne.lv\/index.php\/pasvaldiba\/socialas-un-citas-iestades\/aluksnes-novada-socialais-dienests\/socialas-palidzibas-pabalsti-un-socialie-pakalpojumi\/\">Las\u012bt visu<\/a><\/p>\n","protected":false},"author":1,"featured_media":0,"parent":2151,"menu_order":0,"comment_status":"closed","ping_status":"closed","template":"","meta":{"_crdt_document":"","_monsterinsights_skip_tracking":false,"_monsterinsights_sitenote_active":false,"_monsterinsights_sitenote_note":"","_monsterinsights_sitenote_category":0,"footnotes":"","_links_to":"","_links_to_target":""},"class_list":["post-58536","page","type-page","status-publish","hentry"],"_links":{"self":[{"href":"https:\/\/aluksne.lv\/index.php\/wp-json\/wp\/v2\/pages\/58536","targetHints":{"allow":["GET"]}}],"collection":[{"href":"https:\/\/aluksne.lv\/index.php\/wp-json\/wp\/v2\/pages"}],"about":[{"href":"https:\/\/aluksne.lv\/index.php\/wp-json\/wp\/v2\/types\/page"}],"author":[{"embeddable":true,"href":"https:\/\/aluksne.lv\/index.php\/wp-json\/wp\/v2\/users\/1"}],"replies":[{"embeddable":true,"href":"https:\/\/aluksne.lv\/index.php\/wp-json\/wp\/v2\/comments?post=58536"}],"version-history":[{"count":0,"href":"https:\/\/aluksne.lv\/index.php\/wp-json\/wp\/v2\/pages\/58536\/revisions"}],"up":[{"embeddable":true,"href":"https:\/\/aluksne.lv\/index.php\/wp-json\/wp\/v2\/pages\/2151"}],"wp:attachment":[{"href":"https:\/\/aluksne.lv\/index.php\/wp-json\/wp\/v2\/media?parent=58536"}],"curies":[{"name":"wp","href":"https:\/\/api.w.org\/{rel}","templated":true}]}}