{"id":58540,"date":"2025-10-29T14:17:17","date_gmt":"2025-10-29T12:17:17","guid":{"rendered":"https:\/\/aluksne.lv\/?page_id=58540"},"modified":"2025-11-25T09:19:31","modified_gmt":"2025-11-25T07:19:31","slug":"feldseru-punkti","status":"publish","type":"page","link":"https:\/\/aluksne.lv\/index.php\/pasvaldiba\/socialas-un-citas-iestades\/aluksnes-novada-socialais-dienests\/feldseru-punkti\/","title":{"rendered":"FELD\u0160ERU PUNKTI"},"content":{"rendered":"<div id=\"pl-58540\"  class=\"panel-layout\" ><div id=\"pg-58540-0\"  class=\"panel-grid panel-no-style\" ><div id=\"pgc-58540-0-0\"  class=\"panel-grid-cell\" ><div id=\"panel-58540-0-0-0\" class=\"so-panel widget widget_sow-editor panel-first-child panel-last-child\" data-index=\"0\" ><div\n\t\t\t\n\t\t\tclass=\"so-widget-sow-editor so-widget-sow-editor-base\"\n\t\t\t\n\t\t>\n<div class=\"siteorigin-widget-tinymce textwidget\">\n\t<p>&nbsp;<\/p>\n<h2><strong>Alsvi\u0137u feld\u0161eru-vecm\u0101\u0161u punkts<\/strong><\/h2>\n<p>Ambulator\u0101 dienesta \u0101rsta pal\u012bgs Ligita Podzi\u0146a<br \/>\nT\u0101lrunis: +371 26394745, e-pasts: <a href=\"mailto:ligita.podzina@aluksne.lv\">ligita.podzina@aluksne.lv<\/a><br \/>\nAtra\u0161an\u0101s vieta: \u201cPagastnams\u201d, Alsvi\u0137i, Alsvi\u0137u pagasts, Al\u016bksnes novads<\/p>\n<p><strong>Darba laiks:<\/strong><br \/>\nPirmdiena 08.00 \u2013 12.00<br \/>\nOtrdiena\u00a0\u00a0\u00a0 08.00 \u2013 16.00<br \/>\nTre\u0161diena\u00a0\u00a0 08.00 \u2013 12.00<br \/>\nPiektdiena\u00a0 08.00 \u2013 12.00<br \/>\n<strong><br \/>\nPacientu pie\u0146em\u0161anas laiks:<\/strong><br \/>\nPirmdiena\u00a0\u00a0\u00a0 08.00 \u2013 12.00<br \/>\nOtrdiena\u00a0\u00a0\u00a0\u00a0\u00a0 08.30 \u2013 13.30<br \/>\nTre\u0161diena\u00a0 \u00a0 08.00 \u2013 12.00<\/p>\n<hr \/>\n<p>&nbsp;<\/p>\n<h2><strong>Bejas feld\u0161eru-vecm\u0101\u0161u punkts<\/strong><\/h2>\n<p>Ambulator\u0101 dienesta \u0101rsta pal\u012bgs \u0100rija Simanovi\u010da<br \/>\nT\u0101lrunis: +371 29398438, e-pasts: <a href=\"mailto:arija.simanovica@aluksne.lv\">arija.simanovica@aluksne.lv<\/a><br \/>\nAtra\u0161an\u0101s vieta: \u201cR\u016b\u0137i\u201d, Beja, Jaunal\u016bksnes pagasts, Al\u016bksnes novads.<\/p>\n<p><strong>Darba laiks:<\/strong><br \/>\nPirmdiena\u00a0\u00a0 08.00 \u2013 16.00<br \/>\nTre\u0161dien\u00a0 \u00a0\u00a0\u00a0 08.00 \u2013 16.00<br \/>\nPiektdiena\u00a0\u00a0 08.00 - 12.00<\/p>\n<p><strong>Pacientu pie\u0146em\u0161anas laiks:<\/strong><br \/>\nPirmdiena 08.00 \u2013 13.00<br \/>\nTre\u0161diena\u00a0 08.00 \u2013 13.00<\/p>\n<hr \/>\n<p>&nbsp;<\/p>\n<h2><strong>Ilzenes feld\u0161eru punkts<\/strong><\/h2>\n<p>Ambulator\u0101 dienesta \u0101rsta pal\u012bgs Iluta Medne<br \/>\nT\u0101lrunis: +371 25754382, e-pasts: <a href=\"mailto:iluta.medne@aluksne.lv\">iluta.medne@aluksne.lv<\/a><br \/>\nAtra\u0161an\u0101s vieta: \u201cDailes\u201d, Jaunzemi, Ilzenes pagasts, Al\u016bksnes novads<\/p>\n<p><strong>Pacientu pie\u0146em\u0161anas laiks:<br \/>\n<\/strong>Tre\u0161dien\u00a0\u00a0\u00a0\u00a0\u00a0\u00a0\u00a0 09.00 - 13.00<\/p>\n<hr \/>\n<h2><strong>Kalncempju feld\u0161eru - vecm\u0101\u0161u punkts<\/strong><\/h2>\n<p>Ambulator\u0101 dienesta \u0101rsta pal\u012bgs M\u0101r\u012bte V\u0113rse<br \/>\nT\u0101lrunis: +371 26456340<br \/>\nAtra\u0161an\u0101s vieta: \u201cCempji - 2\u201d, Kalncempji, Kalncempju pagasts, Al\u016bksnes novads<\/p>\n<p><strong>Darba laiks:<\/strong><br \/>\nTre\u0161diena\u00a0 09.00 \u2013 12.00<br \/>\n13.00 \u2013 20.00<\/p>\n<hr \/>\n<h2><strong>M\u0101rkalnes feld\u0161eru punkts<\/strong><\/h2>\n<p>Ambulator\u0101 dienesta \u0101rsta pal\u012bgs \u0100rija Simanovi\u010da<br \/>\nT\u0101lrunis: +371 29398438, e-pasts: <a href=\"mailto:arija.simanovica@aluksne.lv\">arija.simanovica@aluksne.lv<\/a><br \/>\nAtra\u0161an\u0101s vieta: \u2018P\u016bc\u012bte\u201d, M\u0101rkalne, M\u0101rkalnes pagasts, Al\u016bksnes novads<br \/>\n<strong><br \/>\nDarba laiks:<\/strong><br \/>\nOtrdiena\u00a0\u00a0\u00a0\u00a0\u00a0 08.00 \u2013 13.00<br \/>\nCeturtdiena\u00a0 08.00 \u2013 13.00<\/p>\n<p><strong>\u00a0<\/strong><strong>Pacientu pie\u0146em\u0161anas laiks:<\/strong><br \/>\nOtrdiena\u00a0\u00a0\u00a0\u00a0\u00a0\u00a0 08.00 \u2013 16.00<br \/>\nCeturtdiena\u00a0 08.00 \u2013 16.00<br \/>\nPiektdiena\u00a0\u00a0\u00a0 12.30 \u2013 16.30<\/p>\n<hr \/>\n<h2><strong>Pededzes lauku ambulance<\/strong><\/h2>\n<p>Ambulator\u0101 dienesta \u0101rsta pal\u012bgs Ginta Pried\u012bte<br \/>\nT\u0101lrunis: +371 64324334, +371 22114042, e-pasts: <a href=\"mailto:ginta.priedite@aluksne.lv\">ginta.priedite@aluksne.lv<\/a><br \/>\nAtra\u0161an\u0101s vieta: \u201cKrustceles\u201d, Pededze, Pededzes pagasts, Al\u016bksnes novads<\/p>\n<p><strong>Darba laiks:<\/strong><br \/>\nPirmdiena\u00a0\u00a0 08.00 \u2013 16.30<br \/>\nOtrdiena\u00a0\u00a0\u00a0\u00a0\u00a0 09.00 \u2013 12.00<br \/>\nTre\u0161diena\u00a0 \u00a0 08.00 \u2013 16.30<\/p>\n<hr \/>\n<h2><strong>Strauti\u0146u feld\u0161eru-vecm\u0101\u0161u punkts<\/strong><\/h2>\n<p>Ambulator\u0101 dienesta \u0101rsta pal\u012bgs Ligita Podzi\u0146a<br \/>\nT\u0101lrunis: +371 26394745, e-pasts: <a href=\"mailto:ligita.podzina@aluksne.lv\">ligita.podzina@aluksne.lv<\/a><br \/>\nAtra\u0161an\u0101s vieta: \u201cZemen\u012bte\u201d, Strauti\u0146i, Alsvi\u0137u pagasts, Al\u016bksnes novads<\/p>\n<p><strong>Darba laiks:<\/strong><br \/>\nPirmdiena\u00a0\u00a0 13.00 \u2013 17.00<br \/>\nTre\u0161diena\u00a0 \u00a0 13.00 \u2013 17.00<br \/>\nCeturtdiena 08.00 \u2013 16.00<br \/>\nPiektdiena\u00a0\u00a0 13.00 \u2013 17.00<\/p>\n<p><strong>Pacientu pie\u0146em\u0161anas laiks:<\/strong><br \/>\nPirmdiena\u00a0\u00a0\u00a0 13.00 \u2013 16.00<br \/>\nCeturtdiena\u00a0 09.00 \u2013 15.00<\/p>\n<hr \/>\n<h2>VESEL\u012aBAS APR\u016aPES PAKALPOJUMU MAKSAS<\/h2>\n<p><strong><br \/>\nMaksa par vienam klientam vienu pakalpojuma snieg\u0161anas reizi:<br \/>\n<\/strong>\u0112rces iz\u0146em\u0161ana \u2013 3,65 <em>euro<br \/>\n<\/em>Br\u016bces l\u012bdz 5 cm p\u0101rsie\u0161ana \u2013 5,25 <em>euro<br \/>\n<\/em>Br\u016bces virs 5 cm p\u0101rsie\u0161ana \u2013 6,10 <em>euro<br \/>\n<\/em>Diegu iz\u0146em\u0161ana no \u0161\u016btas br\u016bces l\u012bdz 5 cm \u2013 3,85 <em>euro<br \/>\n<\/em>Diegu iz\u0146em\u0161ana no \u0161\u016btas br\u016bces virs 5 cm \u2013 4,40 <em>euro<br \/>\n<\/em>Mazas br\u016bces sl\u0113g\u0161ana \u2013 4,10 <em>euro<br \/>\n<\/em>Elektrokardiogr\u0101fija \u2013 2,95 <em>euro<br \/>\n<\/em>Glikozes l\u012bme\u0146a noteik\u0161ana asin\u012bs \u2013 3,75 <em>euro<br \/>\n<\/em>Hemoglob\u012bna noteik\u0161ana asin\u012bs \u2013 4,00 <em>euro<br \/>\n<\/em>\u0100r\u0113j\u0101s auss ejas skalo\u0161ana (s\u0113ra kor\u0137a skalo\u0161ana) \u2013 7,45 <em>euro<br \/>\n<\/em>Subkut\u0101na vai intramuskul\u0101ra injekcija \u2013 2,05 <em>euro<br \/>\n<\/em>Intravenoza injekcija \u2013 2,15 <em>euro<br \/>\n<\/em>Intravenoza inf\u016bzija (sist\u0113ma) \u2013 14,65 <em>euro<br \/>\n<\/em>Intravenoza inf\u016bzija (sist\u0113ma) ar katetru\u00a0 - 15,90 <em>euro<\/em><\/p>\n<\/div>\n<\/div><\/div><\/div><div id=\"pgc-58540-0-1\"  class=\"panel-grid-cell\" >\t\t<style type=\"text\/css\">\n\t\t\t#accordeconck1 { margin:0;padding:0; }\n#accordeconck1 .accordeonck_desc { display:block; }\n#accordeconck1 li.accordeonck { list-style: none;overflow: hidden; margin: 0;}\n#accordeconck1 ul[class^=\"content\"] { margin:0;padding:0;width:auto; }\n#accordeconck1 li.accordeonck > span { position: relative; display: block; }\n#accordeconck1 li.accordeonck.parent > span { padding-right: 20px;}\n#accordeconck1 li.parent > span span.toggler_icon { position: absolute; cursor: pointer; display: block; height: 100%; z-index: 10;right:0; background: url(https:\/\/aluksne.lv\/wp-content\/plugins\/accordeon-menu-ck\/images\/plus.png) center center no-repeat !important;width: 20px;}\n#accordeconck1 li.parent.open > span span.toggler_icon { right:0; background: url(https:\/\/aluksne.lv\/wp-content\/plugins\/accordeon-menu-ck\/images\/minus.png) center center no-repeat !important;}\n#accordeconck1 li.accordeonck.level2 > span { }\n#accordeconck1 li.level3 li.accordeonck > span { }\n#accordeconck1 a.accordeonck { display: block;text-decoration: none; }\n#accordeconck1 a.accordeonck:hover { text-decoration: none; }\n#accordeconck1 li.parent > span a { display: block;outline: none; }\n#accordeconck1 li.parent.open > span a {  }\n#accordeconck1 li.level2.parent > span span.toggler_icon { right:0;display: block;outline: none;background: url(https:\/\/aluksne.lv\/wp-content\/plugins\/accordeon-menu-ck\/images\/plus.png) center center no-repeat !important; }\n#accordeconck1 li.level2.parent.open > span span.toggler_icon { background: url(https:\/\/aluksne.lv\/wp-content\/plugins\/accordeon-menu-ck\/images\/minus.png) center center no-repeat !important; }\n#accordeconck1 li.level2 li.accordeonck.parent > span span.toggler_icon { right:0;display: block;outline: none;background: url(https:\/\/aluksne.lv\/wp-content\/plugins\/accordeon-menu-ck\/images\/plus.png) center center no-repeat !important; }\n#accordeconck1 li.level2 li.accordeonck.open.parent > span span.toggler_icon { background: url(https:\/\/aluksne.lv\/wp-content\/plugins\/accordeon-menu-ck\/images\/minus.png) center center no-repeat !important; }\n#accordeconck1  {\n\tbackground: #86C2DB;\n\tbackground-size: auto;\tbackground-image: -o-linear-gradient(center top,#86C2DB, #86C2DB 100%);\n\tbackground-image: -webkit-gradient(linear, left top, left bottom,from(#86C2DB), color-stop(100%, #86C2DB));\n\tbackground-image: -moz-linear-gradient(center top,#86C2DB, #86C2DB 100%);\n\tbackground-image: linear-gradient(to bottom,#86C2DB, #86C2DB 100%);\n\tborder-top: none;\n\tborder-bottom: none;\n\tborder-left: none;\n\tborder-right: none;\n\tpadding-top: 5px;\n\tpadding-right: 5px;\n\tpadding-bottom: 5px;\n\tpadding-left: 5px;\n\tfont-family: ;\n}\n\n#accordeconck1  a {\n\tfont-family: ;\n}\n\n#accordeconck1 li.level1 > span a {\n\tcolor: #FFFFFF;\n\tpadding-top: 5px;\n\tpadding-right: 5px;\n\tpadding-bottom: 5px;\n\tpadding-left: 5px;\n\tfont-size: 15px;\n}\n\n#accordeconck1 li.level1 > span a a {\n\tcolor: #FFFFFF;\n\tfont-size: 15px;\n}\n\n#accordeconck1 li.level1 > span .accordeonck_desc {\n\tfont-size: 10px;\n}\n\n#accordeconck1 li.level1 > span .accordeonck_desc a {\n\tfont-size: 10px;\n}\n\n#accordeconck1 li.level1:hover > span a {\n\tcolor: #000000;\n}\n\n#accordeconck1 li.level1:hover > span a a {\n\tcolor: #000000;\n}\n\n#accordeconck1 li.level1 > ul {\n\tbackground-size: auto;\tfont-family: ;\n}\n\n#accordeconck1 li.level1 > ul a {\n\tfont-family: ;\n}\n\n#accordeconck1 li.level2 > span a {\n\tcolor: #636363;\n\tpadding-top: 5px;\n\tpadding-bottom: 5px;\n\tpadding-left: 15px;\n}\n\n#accordeconck1 li.level2 > span a a {\n\tcolor: #636363;\n}\n\n#accordeconck1 li.level2:hover > span a {\n\tcolor: #000000;\n}\n\n#accordeconck1 li.level2:hover > span a a {\n\tcolor: #000000;\n}\n\n#accordeconck1 li.level2 ul[class^=\"content\"] {\n\tbackground-size: auto;\tfont-family: ;\n}\n\n#accordeconck1 li.level2 ul[class^=\"content\"] a {\n\tfont-family: ;\n}\n\n#accordeconck1 li.level2 li.accordeonck > span a {\n\tcolor: #636363;\n\tpadding-top: 2px;\n\tpadding-bottom: 2px;\n\tpadding-left: 20px;\n}\n\n#accordeconck1 li.level2 li.accordeonck > span a a {\n\tcolor: #636363;\n}\n\n#accordeconck1 li.level2 li.accordeonck:hover > span a {\n\tcolor: #000000;\n}\n\n#accordeconck1 li.level2 li.accordeonck:hover > span a a {\n\tcolor: #000000;\n}\t\t<\/style>\n\t\t<div id=\"panel-58540-0-1-0\" class=\"so-panel widget widget_accordeon-menu-ck panel-first-child panel-last-child\" data-index=\"1\" ><ul id=\"accordeconck1\" class=\"menu\"><li id=\"menu-item-58523\" class=\"menu-item menu-item-type-post_type menu-item-object-page accordeonck menu-item-58523 level1\"><span class=\"accordeonck_outer \"><a href=\"https:\/\/aluksne.lv\/index.php\/pasvaldiba\/socialas-un-citas-iestades\/aluksnes-novada-socialais-dienests\/\" class=\"accordeonck\">AL\u016aKSNES NOVADA SOCI\u0100LO LIETU P\u0100RVALDE<\/a><\/span><\/li>\n<li id=\"menu-item-58522\" class=\"menu-item menu-item-type-post_type menu-item-object-page accordeonck menu-item-58522 level1\"><span class=\"accordeonck_outer \"><a href=\"https:\/\/aluksne.lv\/index.php\/pasvaldiba\/socialas-un-citas-iestades\/aluksnes-novada-socialais-dienests\/vadiba-un-struktura\/\" class=\"accordeonck\">VAD\u012aBA UN STRUKT\u016aRA<\/a><\/span><\/li>\n<li id=\"menu-item-58528\" class=\"menu-item menu-item-type-post_type menu-item-object-page accordeonck menu-item-58528 level1\"><span class=\"accordeonck_outer \"><a href=\"https:\/\/aluksne.lv\/index.php\/pasvaldiba\/socialas-un-citas-iestades\/aluksnes-novada-socialais-dienests\/kontakti\/\" class=\"accordeonck\">KONTAKTI<\/a><\/span><\/li>\n<li id=\"menu-item-58535\" class=\"menu-item menu-item-type-post_type menu-item-object-page accordeonck menu-item-58535 level1\"><span class=\"accordeonck_outer \"><a href=\"https:\/\/aluksne.lv\/index.php\/pasvaldiba\/socialas-un-citas-iestades\/aluksnes-novada-socialais-dienests\/normativie-akti\/\" class=\"accordeonck\">NORMAT\u012aVIE AKTI<\/a><\/span><\/li>\n<li id=\"menu-item-58534\" class=\"menu-item menu-item-type-post_type menu-item-object-page accordeonck menu-item-58534 level1\"><span class=\"accordeonck_outer \"><a href=\"https:\/\/aluksne.lv\/index.php\/pasvaldiba\/socialas-un-citas-iestades\/aluksnes-novada-socialais-dienests\/pienemsanu-laiki\/\" class=\"accordeonck\">PIE\u0145EM\u0160ANU LAIKI<\/a><\/span><\/li>\n<li id=\"menu-item-58547\" class=\"menu-item menu-item-type-post_type menu-item-object-page accordeonck menu-item-58547 level1\"><span class=\"accordeonck_outer \"><a href=\"https:\/\/aluksne.lv\/index.php\/pasvaldiba\/socialas-un-citas-iestades\/aluksnes-novada-socialais-dienests\/socialas-palidzibas-pabalsti-un-socialie-pakalpojumi\/\" class=\"accordeonck\">SOCI\u0100L\u0100S PAL\u012aDZ\u012aBAS PABALSTI UN SOCI\u0100LIE PAKALPOJUMI<\/a><\/span><\/li>\n<li id=\"menu-item-58546\" class=\"menu-item menu-item-type-post_type menu-item-object-page accordeonck menu-item-58546 level1\"><span class=\"accordeonck_outer \"><a href=\"https:\/\/aluksne.lv\/index.php\/pasvaldiba\/socialas-un-citas-iestades\/aluksnes-novada-socialais-dienests\/socialas-aprupes-centri\/\" class=\"accordeonck\">SOCI\u0100L\u0100S APR\u016aPES CENTRI<\/a><\/span><\/li>\n<li id=\"menu-item-58545\" class=\"menu-item menu-item-type-post_type menu-item-object-page accordeonck menu-item-58545 level1\"><span class=\"accordeonck_outer \"><a href=\"https:\/\/aluksne.lv\/index.php\/pasvaldiba\/socialas-un-citas-iestades\/aluksnes-novada-socialais-dienests\/feldseru-punkti\/\" class=\"accordeonck\">FELD\u0160ERU PUNKTI<\/a><\/span><\/li>\n<li id=\"menu-item-58544\" class=\"menu-item menu-item-type-post_type menu-item-object-page accordeonck menu-item-58544 level1\"><span class=\"accordeonck_outer \"><a href=\"https:\/\/aluksne.lv\/index.php\/pasvaldiba\/socialas-un-citas-iestades\/aluksnes-novada-socialais-dienests\/maksas-pakalpojumi\/\" class=\"accordeonck\">SOCI\u0100LO PAKALPOJUMU UN CITU ATBALTA VEIDU MAKSAS<\/a><\/span><\/li>\n<\/ul>\t\t<script type=\"text\/javascript\"> <!--\n\t\t\n\t\t\tjQuery(document).ready(function(){\n\t\t\t\tjQuery('#accordeconck1').accordeonmenuck({eventtype : 'click',transition : 'linear',showactive : '1',showactivesubmenu : '0',duree : 500});\n\t\t\t}); \t\t\/\/--> <\/script>\n\t\t<\/div><\/div><\/div><\/div>","protected":false},"excerpt":{"rendered":"<p>&nbsp; Alsvi\u0137u feld\u0161eru-vecm\u0101\u0161u punkts Ambulator\u0101 dienesta \u0101rsta pal\u012bgs Ligita Podzi\u0146a T\u0101lrunis: +371 26394745, e-pasts: ligita.podzina@aluksne.lv Atra\u0161an\u0101s vieta: \u201cPagastnams\u201d, Alsvi\u0137i, Alsvi\u0137u pagasts, Al\u016bksnes novads Darba laiks: Pirmdiena 08.00 \u2013 12.00 Otrdiena\u00a0\u00a0\u00a0 08.00 \u2013 16.00 Tre\u0161diena\u00a0\u00a0 08.00 \u2013 12.00 Piektdiena\u00a0 08.00 \u2013&#8230;<br \/><a class=\"read-more-button\" href=\"https:\/\/aluksne.lv\/index.php\/pasvaldiba\/socialas-un-citas-iestades\/aluksnes-novada-socialais-dienests\/feldseru-punkti\/\">Las\u012bt visu<\/a><\/p>\n","protected":false},"author":1,"featured_media":0,"parent":2151,"menu_order":0,"comment_status":"closed","ping_status":"closed","template":"","meta":{"_crdt_document":"","_monsterinsights_skip_tracking":false,"_monsterinsights_sitenote_active":false,"_monsterinsights_sitenote_note":"","_monsterinsights_sitenote_category":0,"footnotes":"","_links_to":"","_links_to_target":""},"class_list":["post-58540","page","type-page","status-publish","hentry"],"_links":{"self":[{"href":"https:\/\/aluksne.lv\/index.php\/wp-json\/wp\/v2\/pages\/58540","targetHints":{"allow":["GET"]}}],"collection":[{"href":"https:\/\/aluksne.lv\/index.php\/wp-json\/wp\/v2\/pages"}],"about":[{"href":"https:\/\/aluksne.lv\/index.php\/wp-json\/wp\/v2\/types\/page"}],"author":[{"embeddable":true,"href":"https:\/\/aluksne.lv\/index.php\/wp-json\/wp\/v2\/users\/1"}],"replies":[{"embeddable":true,"href":"https:\/\/aluksne.lv\/index.php\/wp-json\/wp\/v2\/comments?post=58540"}],"version-history":[{"count":0,"href":"https:\/\/aluksne.lv\/index.php\/wp-json\/wp\/v2\/pages\/58540\/revisions"}],"up":[{"embeddable":true,"href":"https:\/\/aluksne.lv\/index.php\/wp-json\/wp\/v2\/pages\/2151"}],"wp:attachment":[{"href":"https:\/\/aluksne.lv\/index.php\/wp-json\/wp\/v2\/media?parent=58540"}],"curies":[{"name":"wp","href":"https:\/\/api.w.org\/{rel}","templated":true}]}}