{"id":58542,"date":"2025-10-29T14:18:20","date_gmt":"2025-10-29T12:18:20","guid":{"rendered":"https:\/\/aluksne.lv\/?page_id=58542"},"modified":"2026-03-31T21:52:37","modified_gmt":"2026-03-31T18:52:37","slug":"maksas-pakalpojumi","status":"publish","type":"page","link":"https:\/\/aluksne.lv\/index.php\/pasvaldiba\/socialas-un-citas-iestades\/aluksnes-novada-socialais-dienests\/maksas-pakalpojumi\/","title":{"rendered":"MAKSAS PAKALPOJUMI"},"content":{"rendered":"<div id=\"pl-58542\"  class=\"panel-layout\" ><div id=\"pg-58542-0\"  class=\"panel-grid panel-no-style\" ><div id=\"pgc-58542-0-0\"  class=\"panel-grid-cell\" ><div id=\"panel-58542-0-0-0\" class=\"so-panel widget widget_sow-editor panel-first-child panel-last-child\" data-index=\"0\" ><div\n\t\t\t\n\t\t\tclass=\"so-widget-sow-editor so-widget-sow-editor-base\"\n\t\t\t\n\t\t>\n<div class=\"siteorigin-widget-tinymce textwidget\">\n\t<p>&nbsp;<\/p>\n<h3><strong>Maksa par ilgsto\u0161as soci\u0101l\u0101s apr\u016bpes un soci\u0101l\u0101s rehabilit\u0101cijas pakalpojumu Soci\u0101l\u0101s apr\u016bpes centr\u0101 \u201cAl\u016bksne\u201d<\/strong><\/h3>\n<p>916,98 euro\u00a0m\u0113nes\u012b vienai personai<\/p>\n<p>Noteikt\u0101 maksa apg\u0101dniekam\/iem par pakalpojumu: l\u012bdz 50% apm\u0113r\u0101 no noteikt\u0101s pakalpojuma maksas m\u0113nes\u012b, piem\u0113rojot normat\u012bvajos aktos paredz\u0113tos atvieglojumus.<\/p>\n<p>&nbsp;<\/p>\n<h3><strong>Maksa par ilgsto\u0161as soci\u0101l\u0101s apr\u016bpes un soci\u0101l\u0101s rehabilit\u0101cijas pakalpojumu Soci\u0101l\u0101s apr\u016bpes centr\u0101 \u201cP\u012bl\u0101d\u017ei\u201d<\/strong><\/h3>\n<p>1104,49 euro\u00a0m\u0113nes\u012b vienai personai<\/p>\n<p>Noteikt\u0101 maksa apg\u0101dniekam\/iem par pakalpojumu: l\u012bdz 50% apm\u0113r\u0101 no noteikt\u0101s pakalpojuma maksas m\u0113nes\u012b, piem\u0113rojot normat\u012bvajos aktos paredz\u0113tos atvieglojumus.<\/p>\n<p><strong>\u00a0<\/strong><\/p>\n<h3><strong>Dienas apr\u016bpes centra \u201cSaules stars\u201d pakalpojums<\/strong><\/h3>\n<p>45,04 euro\u00a0dien\u0101, jeb 5,63\u00a0euro\u00a0stund\u0101<\/p>\n<p>100% atlaide noteiktajai maksai, personai, kurai pie\u0161\u0137irts tr\u016bc\u012bgas vai maznodro\u0161in\u0101tas m\u0101jsaimniec\u012bbas statuss.<\/p>\n<p>80% atlaide noteiktai maksai, personai kuru deklar\u0113t\u0101 dz\u012bvesvieta ir Al\u016bksnes novada administrat\u012bvaj\u0101 teritorij\u0101, pakalpojuma maksa tiek piem\u0113rota iev\u0113rojot MK noteikumus Nr. 275,(l\u012bdzek\u013ci p\u0113c pakalpojuma samaksas \u0123imenes r\u012bc\u012bb\u0101, nedr\u012bkst b\u016bt maz\u0101ki par summu, kura apr\u0113\u0137in\u0101ta, reizinot valst\u012b noteikto minim\u0101lo algu ar \u0161\u0101du koeficientu:<\/p>\n<p>par vienas personas \u0123imeni \u2013 min.alga x 1,0<br \/>\npar katru n\u0101kamo \u0123imenes locekli \u2013 min.alga x 0,5<\/p>\n<p><strong>\u00a0<\/strong><\/p>\n<h3><strong>Dienas apr\u016bpes centra \u201cSaules za\u0137i\u201d pakalpojums<\/strong><\/h3>\n<p>58,40 euro\u00a0dien\u0101, jeb 7,30\u00a0euro\u00a0stund\u0101.<\/p>\n<p>100% atlaide noteikta maksai, personai, kurai pie\u0161\u0137irts tr\u016bc\u012bgas vai maznodro\u0161in\u0101tas m\u0101jsaimniec\u012bbas statuss.<\/p>\n<p>80% atlaide noteiktai maksai, personai, kuru deklar\u0113t\u0101 dz\u012bvesvieta ir Al\u016bksnes novada administrat\u012bvaj\u0101 teritorij\u0101, pakalpojuma maksa tiek piem\u0113rota iev\u0113rojot MK noteikumus Nr. 275,(l\u012bdzek\u013ci p\u0113c pakalpojuma samaksas \u0123imenes r\u012bc\u012bb\u0101, nedr\u012bkst b\u016bt maz\u0101ki par summu, kura apr\u0113\u0137in\u0101ta, reizinot valst\u012b noteikto minim\u0101lo algu ar \u0161\u0101du koeficientu:<\/p>\n<p>par vienas personas \u0123imeni \u2013 min.alga x 1,0<br \/>\npar katru n\u0101kamo \u0123imenes locekli \u2013 min. alga x 0,5<\/p>\n<p><strong>\u00a0<\/strong><\/p>\n<h3><strong>\u00a0<\/strong><strong>\u201cSpecializ\u0113t\u0101s darbn\u012bcas\u201d pakalpojums<\/strong><\/h3>\n<p>78,48 euro\u00a0dien\u0101, jeb 9,81\u00a0euro\u00a0stund\u0101.<\/p>\n<p>100% atlaide noteiktajai maksai, personai, kurai pie\u0161\u0137irts tr\u016bc\u012bgas vai maznodro\u0161in\u0101tas m\u0101jsaimniec\u012bbas statuss.<\/p>\n<p>80% atlaide noteiktajai maksai, personai kuru deklar\u0113t\u0101 dz\u012bvesvieta ir Al\u016bksnes novada administrat\u012bvaj\u0101 teritorij\u0101, pakalpojuma maksa tiek piem\u0113rota iev\u0113rojot MK noteikumus Nr. 275,(l\u012bdzek\u013ci p\u0113c pakalpojuma samaksas \u0123imenes r\u012bc\u012bb\u0101, nedr\u012bkst b\u016bt maz\u0101ki par summu, kura apr\u0113\u0137in\u0101ta, reizinot valst\u012b noteikto minim\u0101lo algu ar \u0161\u0101du koeficientu:<\/p>\n<p>par vienas personas \u0123imeni \u2013 min.alga x 1,0<br \/>\npar katru n\u0101kamo \u0123imenes locekli \u2013 min.alga x 0,5<\/p>\n<p><strong>\u00a0<\/strong><\/p>\n<h3><strong>Soci\u0101l\u0101s apr\u016bpes pakalpojums dz\u012bvesviet\u0101<\/strong><\/h3>\n<p>9,40\u00a0euro\u00a0stund\u0101:<\/p>\n<p>100% atlaide noteiktajai maksai Al\u016bksnes novada administrat\u012bvaj\u0101 teritorij\u0101 deklar\u0113tai personai ar funkcion\u0101liem trauc\u0113jumiem, kura nesp\u0113j patst\u0101v\u012bgi veikt ikdienas m\u0101jas darbus vai pa\u0161apr\u016bpi, dz\u012bvo viena (nav apg\u0101dnieku) un\u00a0personai pie\u0161\u0137irts tr\u016bc\u012bgas\/ maznodro\u0161in\u0101tas m\u0101jsaimniec\u012bbas statuss, b\u0113rnam no piecu gadu vecuma ar invalidit\u0101ti, kuram ir VDE\u0100VK atzinums par \u012bpa\u0161as kop\u0161anas nepiecie\u0161am\u012bbu un pilngad\u012bgai personai l\u012bdz 24 gadu vecumam ar invalidit\u0101ti, kurai ir VDE\u0100VK atzinums par \u012bpa\u0161as kop\u0161anas nepiecie\u0161am\u012bbu.<\/p>\n<p><strong>\u00a0<\/strong><\/p>\n<h3><strong>Atbalsta grupas pakalpojums pieaugu\u0161\u0101m person\u0101m un b\u0113rniem<\/strong><\/h3>\n<p>6,40\u00a0euro\u00a0par vienu nodarb\u012bbu<\/p>\n<p>No maksas atbr\u012bvotas personas, kuru deklar\u0113t\u0101 dz\u012bvesvieta ir Al\u016bksnes novada administrat\u012bvaj\u0101 teritorij\u0101.<\/p>\n<\/div>\n<\/div><\/div><\/div><div id=\"pgc-58542-0-1\"  class=\"panel-grid-cell\" >\t\t<style type=\"text\/css\">\n\t\t\t#accordeconck1 { margin:0;padding:0; }\n#accordeconck1 .accordeonck_desc { display:block; }\n#accordeconck1 li.accordeonck { list-style: none;overflow: hidden; margin: 0;}\n#accordeconck1 ul[class^=\"content\"] { margin:0;padding:0;width:auto; }\n#accordeconck1 li.accordeonck > span { position: relative; display: block; }\n#accordeconck1 li.accordeonck.parent > span { padding-right: 20px;}\n#accordeconck1 li.parent > span span.toggler_icon { position: absolute; cursor: pointer; display: block; height: 100%; z-index: 10;right:0; background: url(https:\/\/aluksne.lv\/wp-content\/plugins\/accordeon-menu-ck\/images\/plus.png) center center no-repeat !important;width: 20px;}\n#accordeconck1 li.parent.open > span span.toggler_icon { right:0; background: url(https:\/\/aluksne.lv\/wp-content\/plugins\/accordeon-menu-ck\/images\/minus.png) center center no-repeat !important;}\n#accordeconck1 li.accordeonck.level2 > span { }\n#accordeconck1 li.level3 li.accordeonck > span { }\n#accordeconck1 a.accordeonck { display: block;text-decoration: none; }\n#accordeconck1 a.accordeonck:hover { text-decoration: none; }\n#accordeconck1 li.parent > span a { display: block;outline: none; }\n#accordeconck1 li.parent.open > span a {  }\n#accordeconck1 li.level2.parent > span span.toggler_icon { right:0;display: block;outline: none;background: url(https:\/\/aluksne.lv\/wp-content\/plugins\/accordeon-menu-ck\/images\/plus.png) center center no-repeat !important; }\n#accordeconck1 li.level2.parent.open > span span.toggler_icon { background: url(https:\/\/aluksne.lv\/wp-content\/plugins\/accordeon-menu-ck\/images\/minus.png) center center no-repeat !important; }\n#accordeconck1 li.level2 li.accordeonck.parent > span span.toggler_icon { right:0;display: block;outline: none;background: url(https:\/\/aluksne.lv\/wp-content\/plugins\/accordeon-menu-ck\/images\/plus.png) center center no-repeat !important; }\n#accordeconck1 li.level2 li.accordeonck.open.parent > span span.toggler_icon { background: url(https:\/\/aluksne.lv\/wp-content\/plugins\/accordeon-menu-ck\/images\/minus.png) center center no-repeat !important; }\n#accordeconck1  {\n\tbackground: #86C2DB;\n\tbackground-size: auto;\tbackground-image: -o-linear-gradient(center top,#86C2DB, #86C2DB 100%);\n\tbackground-image: -webkit-gradient(linear, left top, left bottom,from(#86C2DB), color-stop(100%, #86C2DB));\n\tbackground-image: -moz-linear-gradient(center top,#86C2DB, #86C2DB 100%);\n\tbackground-image: linear-gradient(to bottom,#86C2DB, #86C2DB 100%);\n\tborder-top: none;\n\tborder-bottom: none;\n\tborder-left: none;\n\tborder-right: none;\n\tpadding-top: 5px;\n\tpadding-right: 5px;\n\tpadding-bottom: 5px;\n\tpadding-left: 5px;\n\tfont-family: ;\n}\n\n#accordeconck1  a {\n\tfont-family: ;\n}\n\n#accordeconck1 li.level1 > span a {\n\tcolor: #FFFFFF;\n\tpadding-top: 5px;\n\tpadding-right: 5px;\n\tpadding-bottom: 5px;\n\tpadding-left: 5px;\n\tfont-size: 15px;\n}\n\n#accordeconck1 li.level1 > span a a {\n\tcolor: #FFFFFF;\n\tfont-size: 15px;\n}\n\n#accordeconck1 li.level1 > span .accordeonck_desc {\n\tfont-size: 10px;\n}\n\n#accordeconck1 li.level1 > span .accordeonck_desc a {\n\tfont-size: 10px;\n}\n\n#accordeconck1 li.level1:hover > span a {\n\tcolor: #000000;\n}\n\n#accordeconck1 li.level1:hover > span a a {\n\tcolor: #000000;\n}\n\n#accordeconck1 li.level1 > ul {\n\tbackground-size: auto;\tfont-family: ;\n}\n\n#accordeconck1 li.level1 > ul a {\n\tfont-family: ;\n}\n\n#accordeconck1 li.level2 > span a {\n\tcolor: #636363;\n\tpadding-top: 5px;\n\tpadding-bottom: 5px;\n\tpadding-left: 15px;\n}\n\n#accordeconck1 li.level2 > span a a {\n\tcolor: #636363;\n}\n\n#accordeconck1 li.level2:hover > span a {\n\tcolor: #000000;\n}\n\n#accordeconck1 li.level2:hover > span a a {\n\tcolor: #000000;\n}\n\n#accordeconck1 li.level2 ul[class^=\"content\"] {\n\tbackground-size: auto;\tfont-family: ;\n}\n\n#accordeconck1 li.level2 ul[class^=\"content\"] a {\n\tfont-family: ;\n}\n\n#accordeconck1 li.level2 li.accordeonck > span a {\n\tcolor: #636363;\n\tpadding-top: 2px;\n\tpadding-bottom: 2px;\n\tpadding-left: 20px;\n}\n\n#accordeconck1 li.level2 li.accordeonck > span a a {\n\tcolor: #636363;\n}\n\n#accordeconck1 li.level2 li.accordeonck:hover > span a {\n\tcolor: #000000;\n}\n\n#accordeconck1 li.level2 li.accordeonck:hover > span a a {\n\tcolor: #000000;\n}\t\t<\/style>\n\t\t<div id=\"panel-58542-0-1-0\" class=\"so-panel widget widget_accordeon-menu-ck panel-first-child panel-last-child\" data-index=\"1\" ><ul id=\"accordeconck1\" class=\"menu\"><li id=\"menu-item-58523\" class=\"menu-item menu-item-type-post_type menu-item-object-page accordeonck menu-item-58523 level1\"><span class=\"accordeonck_outer \"><a href=\"https:\/\/aluksne.lv\/index.php\/pasvaldiba\/socialas-un-citas-iestades\/aluksnes-novada-socialais-dienests\/\" class=\"accordeonck\">AL\u016aKSNES NOVADA SOCI\u0100LO LIETU P\u0100RVALDE<\/a><\/span><\/li>\n<li id=\"menu-item-58522\" class=\"menu-item menu-item-type-post_type menu-item-object-page accordeonck menu-item-58522 level1\"><span class=\"accordeonck_outer \"><a href=\"https:\/\/aluksne.lv\/index.php\/pasvaldiba\/socialas-un-citas-iestades\/aluksnes-novada-socialais-dienests\/vadiba-un-struktura\/\" class=\"accordeonck\">VAD\u012aBA UN STRUKT\u016aRA<\/a><\/span><\/li>\n<li id=\"menu-item-58528\" class=\"menu-item menu-item-type-post_type menu-item-object-page accordeonck menu-item-58528 level1\"><span class=\"accordeonck_outer \"><a href=\"https:\/\/aluksne.lv\/index.php\/pasvaldiba\/socialas-un-citas-iestades\/aluksnes-novada-socialais-dienests\/kontakti\/\" class=\"accordeonck\">KONTAKTI<\/a><\/span><\/li>\n<li id=\"menu-item-58535\" class=\"menu-item menu-item-type-post_type menu-item-object-page accordeonck menu-item-58535 level1\"><span class=\"accordeonck_outer \"><a href=\"https:\/\/aluksne.lv\/index.php\/pasvaldiba\/socialas-un-citas-iestades\/aluksnes-novada-socialais-dienests\/normativie-akti\/\" class=\"accordeonck\">NORMAT\u012aVIE AKTI<\/a><\/span><\/li>\n<li id=\"menu-item-58534\" class=\"menu-item menu-item-type-post_type menu-item-object-page accordeonck menu-item-58534 level1\"><span class=\"accordeonck_outer \"><a href=\"https:\/\/aluksne.lv\/index.php\/pasvaldiba\/socialas-un-citas-iestades\/aluksnes-novada-socialais-dienests\/pienemsanu-laiki\/\" class=\"accordeonck\">PIE\u0145EM\u0160ANU LAIKI<\/a><\/span><\/li>\n<li id=\"menu-item-58547\" class=\"menu-item menu-item-type-post_type menu-item-object-page accordeonck menu-item-58547 level1\"><span class=\"accordeonck_outer \"><a href=\"https:\/\/aluksne.lv\/index.php\/pasvaldiba\/socialas-un-citas-iestades\/aluksnes-novada-socialais-dienests\/socialas-palidzibas-pabalsti-un-socialie-pakalpojumi\/\" class=\"accordeonck\">SOCI\u0100L\u0100S PAL\u012aDZ\u012aBAS PABALSTI UN SOCI\u0100LIE PAKALPOJUMI<\/a><\/span><\/li>\n<li id=\"menu-item-58546\" class=\"menu-item menu-item-type-post_type menu-item-object-page accordeonck menu-item-58546 level1\"><span class=\"accordeonck_outer \"><a href=\"https:\/\/aluksne.lv\/index.php\/pasvaldiba\/socialas-un-citas-iestades\/aluksnes-novada-socialais-dienests\/socialas-aprupes-centri\/\" class=\"accordeonck\">SOCI\u0100L\u0100S APR\u016aPES CENTRI<\/a><\/span><\/li>\n<li id=\"menu-item-58545\" class=\"menu-item menu-item-type-post_type menu-item-object-page accordeonck menu-item-58545 level1\"><span class=\"accordeonck_outer \"><a href=\"https:\/\/aluksne.lv\/index.php\/pasvaldiba\/socialas-un-citas-iestades\/aluksnes-novada-socialais-dienests\/feldseru-punkti\/\" class=\"accordeonck\">FELD\u0160ERU PUNKTI<\/a><\/span><\/li>\n<li id=\"menu-item-58544\" class=\"menu-item menu-item-type-post_type menu-item-object-page accordeonck menu-item-58544 level1\"><span class=\"accordeonck_outer \"><a href=\"https:\/\/aluksne.lv\/index.php\/pasvaldiba\/socialas-un-citas-iestades\/aluksnes-novada-socialais-dienests\/maksas-pakalpojumi\/\" class=\"accordeonck\">MAKSAS PAKALPOJUMI<\/a><\/span><\/li>\n<\/ul>\t\t<script type=\"text\/javascript\"> <!--\n\t\t\n\t\t\tjQuery(document).ready(function(){\n\t\t\t\tjQuery('#accordeconck1').accordeonmenuck({eventtype : 'click',transition : 'linear',showactive : '1',showactivesubmenu : '0',duree : 500});\n\t\t\t}); \t\t\/\/--> <\/script>\n\t\t<\/div><\/div><\/div><\/div>","protected":false},"excerpt":{"rendered":"<p>&nbsp; Maksa par ilgsto\u0161as soci\u0101l\u0101s apr\u016bpes un soci\u0101l\u0101s rehabilit\u0101cijas pakalpojumu Soci\u0101l\u0101s apr\u016bpes centr\u0101 \u201cAl\u016bksne\u201d 916,98 euro\u00a0m\u0113nes\u012b vienai personai Noteikt\u0101 maksa apg\u0101dniekam\/iem par pakalpojumu: l\u012bdz 50% apm\u0113r\u0101 no noteikt\u0101s pakalpojuma maksas m\u0113nes\u012b, piem\u0113rojot normat\u012bvajos aktos paredz\u0113tos atvieglojumus. &nbsp; Maksa par ilgsto\u0161as&#8230;<br \/><a class=\"read-more-button\" href=\"https:\/\/aluksne.lv\/index.php\/pasvaldiba\/socialas-un-citas-iestades\/aluksnes-novada-socialais-dienests\/maksas-pakalpojumi\/\">Las\u012bt visu<\/a><\/p>\n","protected":false},"author":1,"featured_media":0,"parent":2151,"menu_order":0,"comment_status":"closed","ping_status":"closed","template":"","meta":{"_crdt_document":"","_monsterinsights_skip_tracking":false,"_monsterinsights_sitenote_active":false,"_monsterinsights_sitenote_note":"","_monsterinsights_sitenote_category":0,"footnotes":"","_links_to":"","_links_to_target":""},"class_list":["post-58542","page","type-page","status-publish","hentry"],"_links":{"self":[{"href":"https:\/\/aluksne.lv\/index.php\/wp-json\/wp\/v2\/pages\/58542","targetHints":{"allow":["GET"]}}],"collection":[{"href":"https:\/\/aluksne.lv\/index.php\/wp-json\/wp\/v2\/pages"}],"about":[{"href":"https:\/\/aluksne.lv\/index.php\/wp-json\/wp\/v2\/types\/page"}],"author":[{"embeddable":true,"href":"https:\/\/aluksne.lv\/index.php\/wp-json\/wp\/v2\/users\/1"}],"replies":[{"embeddable":true,"href":"https:\/\/aluksne.lv\/index.php\/wp-json\/wp\/v2\/comments?post=58542"}],"version-history":[{"count":1,"href":"https:\/\/aluksne.lv\/index.php\/wp-json\/wp\/v2\/pages\/58542\/revisions"}],"predecessor-version":[{"id":61738,"href":"https:\/\/aluksne.lv\/index.php\/wp-json\/wp\/v2\/pages\/58542\/revisions\/61738"}],"up":[{"embeddable":true,"href":"https:\/\/aluksne.lv\/index.php\/wp-json\/wp\/v2\/pages\/2151"}],"wp:attachment":[{"href":"https:\/\/aluksne.lv\/index.php\/wp-json\/wp\/v2\/media?parent=58542"}],"curies":[{"name":"wp","href":"https:\/\/api.w.org\/{rel}","templated":true}]}}