{"id":587,"date":"2016-04-13T07:08:52","date_gmt":"2016-04-13T07:08:52","guid":{"rendered":"http:\/\/aluksne.lv\/jauna1\/?page_id=587"},"modified":"2026-03-31T16:47:16","modified_gmt":"2026-03-31T13:47:16","slug":"attistibas-programma","status":"publish","type":"page","link":"https:\/\/aluksne.lv\/index.php\/pasvaldiba\/dokumenti\/attistibas-programma\/","title":{"rendered":"Att\u012bst\u012bbas programma"},"content":{"rendered":"<div id=\"pl-587\"  class=\"panel-layout\" ><div id=\"pg-587-0\"  class=\"panel-grid panel-no-style\" ><div id=\"pgc-587-0-0\"  class=\"panel-grid-cell\" ><div id=\"panel-587-0-0-0\" class=\"so-panel widget widget_sow-editor panel-first-child\" data-index=\"0\" ><div\n\t\t\t\n\t\t\tclass=\"so-widget-sow-editor so-widget-sow-editor-base\"\n\t\t\t\n\t\t>\n<div class=\"siteorigin-widget-tinymce textwidget\">\n\t<h2 style=\"text-align: center;\">Al\u016bksnes novada att\u012bst\u012bbas programma 2022. - 2027. gadam<\/h2>\n<p>&nbsp;<\/p>\n<p><strong>Al\u016bksnes novada att\u012bst\u012bbas programma 2022. - 2027. gadam 2.0 redakcija, apstiprin\u0101ta 23.12.2021. ar Al\u016bksnes novada domes l\u0113mumu Nr. 367.<\/strong><\/p>\n<ul>\n<li style=\"list-style-type: none;\">\n<ul>\n<li style=\"list-style-type: none;\">\n<ul>\n<li><a href=\"https:\/\/aluksne.lv\/wp-content\/uploads\/2021\/12\/Pasreizejas-situacija-Aluksnes-novada-attistibas-programma-2022-2027.2.0.-1.sejums.pdf\">Pa\u0161reiz\u0113j\u0101 situ\u0101cija Al\u016bksnes novada att\u012bst\u012bbas programma 2022-2027.2.0. (1.s\u0113jums)<\/a><\/li>\n<li><a href=\"https:\/\/aluksne.lv\/wp-content\/uploads\/2021\/12\/Strategiska-dala-Aluksnes-novada-attistibas-programma-2022-2027.-2.0-2.sejums.pdf\">Strat\u0113\u0123isk\u0101 da\u013ca Al\u016bksnes novada att\u012bst\u012bbas programma 2022-2027. 2.0 (2.s\u0113jums)<\/a><\/li>\n<li><a href=\"https:\/\/aluksne.lv\/wp-content\/uploads\/2022\/06\/Aktualizets-Ricibas-plans-05.2022.pdf\">R\u012bc\u012bbas pl\u0101ns Al\u016bksnes novada att\u012bst\u012bbas programma 2022.-2027. 2.0 (3.s\u0113jums) (Aktualiz\u0113ts 26.05.22., l\u0113mums Nr. 141)<\/a><\/li>\n<li><a href=\"https:\/\/aluksne.lv\/wp-content\/uploads\/2026\/03\/IP-grozijumi_2026_marts.pdf\">Invest\u012bciju pl\u0101ns 2022.-2027. gadam (4.s\u0113jums) (Aktualiz\u0113ts 26.03.2026., l\u0113mums Nr. ANP\/1.5\/26\/119)<\/a><\/li>\n<\/ul>\n<\/li>\n<\/ul>\n<\/li>\n<\/ul>\n<p>&nbsp;<\/p>\n<p><a href=\"https:\/\/aluksne.lv\/wp-content\/uploads\/2021\/12\/1.-Pielikums-Strategiskajai-dalai-strategiska-matrica-4.pdf\">1. Pielikums Strat\u0113\u0123iskajai da\u013cai (strat\u0113\u0123isk\u0101 matrica) (4)<\/a><\/p>\n<p><a href=\"https:\/\/aluksne.lv\/wp-content\/uploads\/2021\/12\/2.Pielikums-Strategiskajai-dalai_aptaujas-apkopojums.pdf\">2.Pielikums Strat\u0113\u0123iskajai da\u013cai_(aptaujas apkopojums)<\/a><\/p>\n<p><a href=\"https:\/\/aluksne.lv\/wp-content\/uploads\/2021\/12\/3.-Pielikums-Strategiskajai-dalai-darba-grupu-apkopojums-2.pdf\">3. Pielikums Strat\u0113\u0123iskajai da\u013cai (darba grupu apkopojums)<\/a><\/p>\n<p><a href=\"https:\/\/aluksne.lv\/wp-content\/uploads\/2021\/12\/4.Pielikums-Strategiskajai-dalai-publiskas-apspriesanas-priekslikumu-apkopojums-3.pdf\">4.Pielikums Strat\u0113\u0123iskajai da\u013cai (publisk\u0101s apsprie\u0161anas priek\u0161likumu apkopojums)<\/a><\/p>\n<p><a href=\"https:\/\/aluksne.lv\/wp-content\/uploads\/2021\/12\/5.pielikums-Strategiskajai-dalai-uzraudzibas-parskats-par-2011.-2017.g.-2.pdf\">5.pielikums Strat\u0113\u0123iskajai da\u013cai (uzraudz\u012bbas p\u0101rskats par 2011.-2017.g.)<\/a><\/p>\n<p>&nbsp;<\/p>\n<hr \/>\n<p>&nbsp;<\/p>\n<table class=\"hoverTable\">\n<tbody>\n<tr>\n<td><a href=\"http:\/\/aluksne.lv\/index.php\/sabiedriba\/sabiedribas-lidzdaliba\/aluksnes-novada-attistibas-programmas-2018-2022-gadam-izstrade\/\">Al\u016bksnes novada att\u012bst\u012bbas programmas 2018. \u2013 2022. gadam izstr\u0101de<\/a><\/td>\n<td><a href=\"https:\/\/aluksne.lv\/index.php\/sabiedriba\/sabiedribas-lidzdaliba\/aluksnes-novada-attistibas-programmas-2021-2027-gadam-izstrade\/\"><strong>Al\u016bksnes novada att\u012bst\u012bbas programmas 2022 - 2027. gadam izstr\u0101de<\/strong><\/a><\/td>\n<\/tr>\n<\/tbody>\n<\/table>\n<div class=\"glossymenu1\"><\/div>\n<\/div>\n<\/div><\/div><div id=\"panel-587-0-0-1\" class=\"so-panel widget widget_execphp panel-last-child\" data-index=\"1\" >\t\t\t<div class=\"execphpwidget\"><button onclick=\"vecais()\">Al\u016bksnes novada att\u012bst\u012bbas programma 2011.-2017. gadam un Invest\u012bciju pl\u0101ns 2015.-2021.gadam<\/button>\n\n<div id=\"2021\">\n\n&nbsp;\n\n<a href=\"https:\/\/aluksne.lv\/wp-content\/uploads\/2021\/12\/Investiciju-plana-aktualizesana-2021-3-2.docx\">Al\u016bksnes novada att\u012bst\u012bbas programmas 2011.-2017. Invest\u012bciju pl\u0101ns 2015.-2021.gadam<\/a>\n(Apstiprin\u0101ts ar Al\u016bksnes novada domes 13.12.2021. s\u0113des l\u0113mumu Nr.359)\n\n<hr \/>\n\n<a href=\"https:\/\/aluksne.lv\/zpp_dlemumi\/2021\/3105\/Invest\u012bciju pl\u0101na aktualiz\u0113\u0161ana 2021.docx\">Al\u016bksnes novada att\u012bst\u012bbas programmas 2011.-2017. Invest\u012bciju pl\u0101ns 2015.-2021.gadam<\/a>\n(Apstiprin\u0101ts ar Al\u016bksnes novada domes 18.06.2021. s\u0113des l\u0113mumu Nr. 179)\n\n<hr \/>\n\n<a href=\"https:\/\/aluksne.lv\/zpp_dlemumi\/2021\/3105\/Investiciju_plans_ar _3.grozijumiem.pdf\">Al\u016bksnes novada att\u012bst\u012bbas programmas 2011.-2017. Invest\u012bciju pl\u0101ns 2015.-2021.gadam<\/a>\n(Apstiprin\u0101ts ar Al\u016bksnes novada domes 25.02.2021. s\u0113des l\u0113mumu Nr. 60 un groz\u012bjumiem, kas izdar\u012bti ar Al\u016bksnes novada domes 07.04.2021. s\u0113des l\u0113mumu Nr. 87, groz\u012bjumiem, kas izdar\u012bti ar Al\u016bksnes novada domes 29.04.2021. s\u0113des l\u0113mumu Nr. 118, groz\u012bjumiem, kas izdar\u012bti ar Al\u016bksnes novada domes 27.05.2021. s\u0113des l\u0113mumu Nr. 145)\n\n<hr \/>\n\n<a href=\"https:\/\/aluksne.lv\/wp-content\/uploads\/2021\/05\/Investiciju_plans_2021-ar-04_grozijumiem.pdf\">Al\u016bksnes novada att\u012bst\u012bbas programmas 2011.-2017. Invest\u012bciju pl\u0101ns 2015.-2021.gadam\u00a0<\/a>\n(Apstiprin\u0101ts ar Al\u016bksnes novada domes 25.02.2021. s\u0113des l\u0113mumu Nr. 60 un groz\u012bjumiem, kas izdar\u012bti ar Al\u016bksnes novada domes 07.04.2021. s\u0113des l\u0113mumu Nr. 87 un groz\u012bjumiem, kas izdar\u012bti ar Al\u016bksnes novada domes 29.04.2021. s\u0113des l\u0113mumu Nr. 118)\n\n<hr \/>\n\n<a href=\"https:\/\/aluksne.lv\/wp-content\/uploads\/2020\/08\/Investiciju_plans.pdf\">Al\u016bksnes novada att\u012bst\u012bbas programmas 2011.-2017. Invest\u012bciju pl\u0101ns 2015.-2020. gadam<\/a>\n(Apstiprin\u0101ts ar Al\u016bksnes novada domes 28.08.2020. s\u0113des l\u0113mumu Nr. 232)\n\n<a href=\"https:\/\/aluksne.lv\/zpp_dlemumi\/2020\/0403\/Investiciju_plans_2020%20(7).doc\">Al\u016bksnes novada att\u012bst\u012bbas programmas 2011.-2017. Invest\u012bciju pl\u0101ns 2015.-2020.gadam<\/a>\n(Apstiprin\u0101ts ar Al\u016bksnes novada domes 27.02.2020. s\u0113des l\u0113mumu Nr. 68)\n\n<hr \/>\n\n<a href=\"https:\/\/aluksne.lv\/wp-content\/uploads\/2020\/01\/Invest\u012bciju_plans_ar-groz\u012bjumiem-18.12.2019..doc\">\u201cAl\u016bksnes novada att\u012bst\u012bbas programmas 2011.-2017. Invest\u012bciju pl\u0101ns 2015.-2019.gadam\u201d<\/a>\n(Apstiprin\u0101ts ar Al\u016bksnes novada domes 25.04.2019. s\u0113des l\u0113mumu Nr. 121, ar groz\u012bjumiem, kas izdar\u012bti ar Al\u016bksnes novada domes 30.05.2019. l\u0113mumu Nr.180, ar groz\u012bjumiem, kas izdar\u012bti ar Al\u016bksnes novada domes 18.12.2019. l\u0113mumu Nr.390 )\n\n<hr \/>\n\n<a href=\"https:\/\/aluksne.lv\/wp-content\/uploads\/2019\/10\/Invest\u012bciju_plans_precizet_istais.doc\">\u201cAl\u016bksnes novada att\u012bst\u012bbas programmas 2011.-2017. Invest\u012bciju pl\u0101ns 2015.-2019.gadam\u201d<\/a>\n(Apstiprin\u0101ts ar Al\u016bksnes novada domes 25.04.2019. s\u0113des l\u0113mumam Nr. 121, ar groz\u012bjumiem, kas izdar\u012bti ar Al\u016bksnes novada domes 30.05.2019. l\u0113mumu Nr.180 )\n\n<hr \/>\n\n<a href=\"https:\/\/aluksne.lv\/zpp_dlemumi\/2018\/22.11\/Invest\u012bciju_pl\u0101ns_2015_2018_pielikumi.docx\">\u201cAl\u016bksnes novada att\u012bst\u012bbas programmas 2011.-2017. aktualiz\u0113tais Invest\u012bciju pl\u0101ns 2015.-2018.gadam\u201d<\/a>\n(Apstiprin\u0101ts ar Al\u016bksnes novada domes 22.11.2018. s\u0113des L\u0113mumu Nr. 439)\n\n<hr \/>\n\n<p style=\"text-align: left;\"><a href=\"https:\/\/aluksne.lv\/aluksnes_attistibas_programma\/aluksnes_attistibas_programma_(1_67).doc\">Al\u016bksnes novada att\u012bst\u012bbas programma 2011. - 2017.<\/a><\/p>\n<hr \/>\n<p style=\"text-align: left;\"><a href=\"https:\/\/aluksne.lv\/zpp_dlemumi\/2015\/02.02\/R%C4%ABc%C4%ABbu%20pl%C4%81ns%202015_2.pdf\">Al\u016bksnes novada att\u012bst\u012bbas programmas 2011.-2017. aktualiz\u0113tais R\u012bc\u012bbas pl\u0101ns 2015.-2017.gadam<\/a>\n(apstiprin\u0101ts ar Al\u016bksnes novada domes 29.01.2015. s\u0113des l\u0113mumu Nr. 16)<\/p>\n<hr \/>\n<p style=\"text-align: left;\"><a href=\"https:\/\/aluksne.lv\/wp-content\/uploads\/2018\/05\/Invest\u012bciju_pl\u0101ns_2015-2018_pielikumi.docx\">Al\u016bksnes novada att\u012bst\u012bbas programmas 2011.-2017. aktualiz\u0113tais Invest\u012bciju pl\u0101ns 2015.-2018.gadam<\/a>\n(apstiprin\u0101ts ar Al\u016bksnes novada domes 26.04.2018. s\u0113des l\u0113mumu Nr. 143)<\/p>\n<hr \/>\n<p style=\"text-align: left;\"><a href=\"https:\/\/aluksne.lv\/zpp_dlemumi\/2016\/21.04\/Investiciju_plans.pdf\">Al\u016bksnes novada att\u012bst\u012bbas programmas 2011.-2017. aktualiz\u0113tais Invest\u012bciju pl\u0101ns 2015.-2017.gadam<\/a>\n(apstiprin\u0101ts ar Al\u016bksnes novada domes 25.05.2017. s\u0113des l\u0113mumu Nr.158 un veiktajiem groz\u012bjumiem,\nkas apstiprin\u0101ti ar 28.06.2017. l\u0113mumu Nr.183)<\/p>\n<hr \/>\n<p style=\"text-align: left;\"><a href=\"https:\/\/aluksne.lv\/zpp_dlemumi\/2016\/21.04\/invest\u012bciju pl\u0101ns 25.05.2017..pdf\">Al\u016bksnes novada att\u012bst\u012bbas programmas 2011.-2017. aktualiz\u0113tais Invest\u012bciju pl\u0101ns 2015.-2017.gadam<\/a>\n(apstiprin\u0101ts ar Al\u016bksnes novada domes 25.05.2017. s\u0113des l\u0113mumu Nr.158)<\/p>\n<hr \/>\n<a href=\"https:\/\/aluksne.lv\/wp-content\/uploads\/2018\/02\/Invest\u012bciju-pl\u0101ns-2015-2017-2017-pielikumi-1.docx\">Al\u016bksnes novada att\u012bst\u012bbas programmas 2011.-2017. Invest\u012bciju pl\u0101ns 2015.-2017.gadam<\/a>\n(apstiprin\u0101ts ar Al\u016bksnes novada domes 28.09.2017. s\u0113des l\u0113mumu Nr.367)\n\n<hr \/>\n\n<a href=\"https:\/\/aluksne.lv\/wp-content\/uploads\/2018\/02\/Pielikums-l\u0113mumam-IP-groz\u012bjumi-1.docx\">Al\u016bksnes novada att\u012bst\u012bbas programmas 2011.-2017. Invest\u012bciju pl\u0101ns 2015.-2017. gadam<\/a>\n(apstiprin\u0101ts ar Al\u016bksnes novada domes 19.09.2016. s\u0113des l\u0113mumu Nr.300)\n\n<hr \/>\n\n<p style=\"text-align: left;\"><a href=\"https:\/\/aluksne.lv\/zpp_dlemumi\/2016\/21.04\/Investiciju plans 2015-2017 (2016) 2.redakcija.pdf\">Al\u016bksnes novada att\u012bst\u012bbas programmas 2011.-2017. aktualiz\u0113tais Invest\u012bciju pl\u0101ns 2015.-2017.gadam<\/a>\n(apstiprin\u0101ts ar Al\u016bksnes novada domes 21.04.2016. s\u0113des l\u0113mumu Nr.126)<\/p>\n\n<hr \/>\n\n<p style=\"text-align: left;\"><a href=\"https:\/\/aluksne.lv\/zpp_dlemumi\/2016\/01.02\/Invest%C4%ABciju_pl%C4%81ns_2015-2017.docx\">Al\u016bksnes novada att\u012bst\u012bbas programmas 2011.-2017. aktualiz\u0113tais Invest\u012bciju pl\u0101ns 2015.-2017.gadam<\/a>\n(apstiprin\u0101ts ar Al\u016bksnes novada domes 28.01.2016. s\u0113des l\u0113mumu Nr. 31)<\/p>\n\n<hr \/>\n\n<a href=\"https:\/\/aluksne.lv\/wp-content\/uploads\/2018\/02\/Invest\u012bciju-pl\u0101ns-2015.-gala-1-1.docx\">Al\u016bksnes novada att\u012bst\u012bbas programmas 2011.-2017. Invest\u012bciju pl\u0101ns 2015.-2017.gadam\n<\/a><a href=\"http:\/\/aluksne.lv\/wp-content\/uploads\/2018\/02\/5.6.2._3.3.1.__Projekti-investiciju-planam-1-1.docx\">Pielikums invest\u012bciju pl\u0101nam<\/a>\n(apstiprin\u0101ts 29.01.2015.)\n\n<hr \/>\n\n<p style=\"text-align: left;\"><a href=\"https:\/\/aluksne.lv\/aluksnes_attistibas_programma\/1.pielikums.pdf\">1. pielikums - Al\u016bksnes novada apdz\u012bvojuma strukt\u016bra<\/a><\/p>\n<p style=\"text-align: left;\"><a href=\"https:\/\/aluksne.lv\/aluksnes_attistibas_programma\/2.%20pielikums.jpg\">2. pielikums - Al\u016bksnes novada t\u016brisma karte<\/a><\/p>\n<p style=\"text-align: left;\"><a href=\"https:\/\/aluksne.lv\/aluksnes_attistibas_programma\/3.%20pielikums.xls\">3. pielikums - Inform\u0101cija par 2009. un 2010.gad\u0101 Al\u016bksnes novad\u0101 ekspluat\u0101cij\u0101 pie\u0146emtaj\u0101m pa\u0161vald\u012bbas b\u016bv\u0113m<\/a><\/p>\n<p style=\"text-align: left;\"><a href=\"https:\/\/aluksne.lv\/aluksnes_attistibas_programma\/4.%20pielikums.doc\">4. pielikums - Uz\u0146\u0113m\u0113ju anketu apkopojums<\/a><\/p>\n<p style=\"text-align: left;\"><a href=\"https:\/\/aluksne.lv\/aluksnes_attistibas_programma\/5.%20pielikums.doc\">5. pielikums - Al\u016bksnes novada ekonomiski akt\u012bvo uz\u0146\u0113mumu skaits un nodarbin\u0101t\u0101s personas nozaru griezum\u0101 p\u0113c NACE klasifikatora 2009.gada septembr\u012b<\/a><\/p>\n<p style=\"text-align: left;\"><a href=\"https:\/\/aluksne.lv\/aluksnes_attistibas_programma\/6.%20pielikums.doc\">6. pielikums - Siltumapg\u0101des un pa\u0161vald\u012bbas \u0113ku apkures sist\u0113mu raksturojums<\/a><\/p>\n<p style=\"text-align: left;\"><a href=\"https:\/\/aluksne.lv\/aluksnes_attistibas_programma\/7.%20pielikums%20.doc\">7. pielikums - \u016adenssaimniec\u012bbas sist\u0113mu raksturojums<\/a><\/p>\n<p style=\"text-align: left;\"><a href=\"https:\/\/aluksne.lv\/aluksnes_attistibas_programma\/8.%20pielikums.doc\">8. pielikums - Iedz\u012bvot\u0101ju aptaujas anketu (2010.gada febru\u0101ris) apkopojums<\/a><\/p>\n<p style=\"text-align: left;\"><a href=\"https:\/\/aluksne.lv\/aluksnes_attistibas_programma\/9.pielikums.doc\">9. pielikums - Lauksaimniec\u012bbas un me\u017esaimniec\u012bbas uz\u0146\u0113mumu skaits 2010.gada decembr\u012b<\/a><\/p>\n<p style=\"text-align: left;\"><a href=\"https:\/\/aluksne.lv\/aluksnes_attistibas_programma\/10.pielikums.doc\">10. pielikums - Al\u016bksnes novada iedz\u012bvot\u0101ju 2010.gada j\u016bnija ideju forumu kopsavilkums - iedz\u012bvot\u0101ju sap\u0146i un idejas kop\u0113jam darbam <\/a><\/p>\n<p style=\"text-align: left;\"><a href=\"https:\/\/aluksne.lv\/aluksnes_attistibas_programma\/11.pielikums.xls\">11. pielikums - Al\u016bksnes novada pa\u0161vald\u012bbas iesniegtie un realiz\u0101cij\u0101 eso\u0161ie projekti 2011.gada 30.j\u016bnij\u0101<\/a><\/p>\n<p style=\"text-align: left;\"><a href=\"https:\/\/aluksne.lv\/aluksnes_attistibas_programma\/12.pielikums.doc\">12. pielikums - Al\u016bksnes novada invest\u012bciju pl\u0101ns 2011. \u2013 2013.gadam<\/a><\/p>\n<p style=\"text-align: left;\"><a href=\"https:\/\/aluksne.lv\/aluksnes_attistibas_programma\/13.pielikums.doc\">13. pielikums - Ra\u017eo\u0161anai piem\u0113roto br\u012bvo \u0113ku un teritoriju \u012bss raksturojums <\/a><\/p>\n<p style=\"text-align: left;\"><a href=\"https:\/\/aluksne.lv\/aluksnes_attistibas_programma\/14.pielikums.doc\">14. pielikums - Nepiecie\u0161amie remontdarbi pa\u0161vald\u012bbas iel\u0101m priorit\u0101r\u0101 sec\u012bb\u0101<\/a><\/p>\n<p style=\"text-align: left;\"><a href=\"https:\/\/aluksne.lv\/aluksnes_attistibas_programma\/15.pielikums.pdf\">15. pielikums - Al\u016bksnes novada domes l\u0113mumi saist\u012bb\u0101 ar att\u012bst\u012bbas programmas izstr\u0101di<\/a><\/p>\n\n<\/div>\n\n\n<script>\nvar a2021 = document.getElementById(\"2021\");\na2021.style.display = \"none\";\n\n\n\nfunction vecais() {\n  var x = document.getElementById(\"2021\");\n  if (x.style.display === \"none\") {\n    x.style.display = \"block\";\n  } else {\n    x.style.display = \"none\";\n  }}\n<\/script><\/div>\n\t\t<\/div><\/div><div id=\"pgc-587-0-1\"  class=\"panel-grid-cell\" >\t\t<style type=\"text\/css\">\n\t\t\t#accordeconck1 { margin:0;padding:0; }\n#accordeconck1 .accordeonck_desc { display:block; }\n#accordeconck1 li.accordeonck { list-style: none;overflow: hidden; margin: 0;}\n#accordeconck1 ul[class^=\"content\"] { margin:0;padding:0;width:auto; }\n#accordeconck1 li.accordeonck > span { position: relative; display: block; }\n#accordeconck1 li.accordeonck.parent > span { padding-right: 20px;}\n#accordeconck1 li.parent > span span.toggler_icon { position: absolute; cursor: pointer; display: block; height: 100%; z-index: 10;right:0; background: url(https:\/\/aluksne.lv\/wp-content\/plugins\/accordeon-menu-ck\/images\/plus.png) center center no-repeat !important;width: 20px;}\n#accordeconck1 li.parent.open > span span.toggler_icon { right:0; background: url(https:\/\/aluksne.lv\/wp-content\/plugins\/accordeon-menu-ck\/images\/minus.png) center center no-repeat !important;}\n#accordeconck1 li.accordeonck.level2 > span { }\n#accordeconck1 li.level3 li.accordeonck > span { }\n#accordeconck1 a.accordeonck { display: block;text-decoration: none; }\n#accordeconck1 a.accordeonck:hover { text-decoration: none; }\n#accordeconck1 li.parent > span a { display: block;outline: none; }\n#accordeconck1 li.parent.open > span a {  }\n#accordeconck1 li.level2.parent > span span.toggler_icon { right:0;display: block;outline: none;background: url(https:\/\/aluksne.lv\/wp-content\/plugins\/accordeon-menu-ck\/images\/plus.png) center center no-repeat !important; }\n#accordeconck1 li.level2.parent.open > span span.toggler_icon { background: url(https:\/\/aluksne.lv\/wp-content\/plugins\/accordeon-menu-ck\/images\/minus.png) center center no-repeat !important; }\n#accordeconck1 li.level2 li.accordeonck.parent > span span.toggler_icon { right:0;display: block;outline: none;background: url(https:\/\/aluksne.lv\/wp-content\/plugins\/accordeon-menu-ck\/images\/plus.png) center center no-repeat !important; }\n#accordeconck1 li.level2 li.accordeonck.open.parent > span span.toggler_icon { background: url(https:\/\/aluksne.lv\/wp-content\/plugins\/accordeon-menu-ck\/images\/minus.png) center center no-repeat !important; }\n#accordeconck1  {\n\tbackground: #86C2DB;\n\tbackground-size: auto;\tbackground-image: -o-linear-gradient(center top,#86C2DB, #86C2DB 100%);\n\tbackground-image: -webkit-gradient(linear, left top, left bottom,from(#86C2DB), color-stop(100%, #86C2DB));\n\tbackground-image: -moz-linear-gradient(center top,#86C2DB, #86C2DB 100%);\n\tbackground-image: linear-gradient(to bottom,#86C2DB, #86C2DB 100%);\n\tborder-top: none;\n\tborder-bottom: none;\n\tborder-left: none;\n\tborder-right: none;\n\tpadding-top: 5px;\n\tpadding-right: 5px;\n\tpadding-bottom: 5px;\n\tpadding-left: 5px;\n\tfont-family: ;\n}\n\n#accordeconck1  a {\n\tfont-family: ;\n}\n\n#accordeconck1 li.level1 > span a {\n\tcolor: #FFFFFF;\n\tpadding-top: 5px;\n\tpadding-right: 5px;\n\tpadding-bottom: 5px;\n\tpadding-left: 5px;\n\tfont-size: 15px;\n}\n\n#accordeconck1 li.level1 > span a a {\n\tcolor: #FFFFFF;\n\tfont-size: 15px;\n}\n\n#accordeconck1 li.level1 > span .accordeonck_desc {\n\tfont-size: 10px;\n}\n\n#accordeconck1 li.level1 > span .accordeonck_desc a {\n\tfont-size: 10px;\n}\n\n#accordeconck1 li.level1:hover > span a {\n\tcolor: #000000;\n}\n\n#accordeconck1 li.level1:hover > span a a {\n\tcolor: #000000;\n}\n\n#accordeconck1 li.level1 > ul {\n\tbackground-size: auto;\tfont-family: ;\n}\n\n#accordeconck1 li.level1 > ul a {\n\tfont-family: ;\n}\n\n#accordeconck1 li.level2 > span a {\n\tcolor: #636363;\n\tpadding-top: 5px;\n\tpadding-bottom: 5px;\n\tpadding-left: 15px;\n}\n\n#accordeconck1 li.level2 > span a a {\n\tcolor: #636363;\n}\n\n#accordeconck1 li.level2:hover > span a {\n\tcolor: #000000;\n}\n\n#accordeconck1 li.level2:hover > span a a {\n\tcolor: #000000;\n}\n\n#accordeconck1 li.level2 ul[class^=\"content\"] {\n\tbackground-size: auto;\tfont-family: ;\n}\n\n#accordeconck1 li.level2 ul[class^=\"content\"] a {\n\tfont-family: ;\n}\n\n#accordeconck1 li.level2 li.accordeonck > span a {\n\tcolor: #636363;\n\tpadding-top: 2px;\n\tpadding-bottom: 2px;\n\tpadding-left: 20px;\n}\n\n#accordeconck1 li.level2 li.accordeonck > span a a {\n\tcolor: #636363;\n}\n\n#accordeconck1 li.level2 li.accordeonck:hover > span a {\n\tcolor: #000000;\n}\n\n#accordeconck1 li.level2 li.accordeonck:hover > span a a {\n\tcolor: #000000;\n}\t\t<\/style>\n\t\t<div id=\"panel-587-0-1-0\" class=\"so-panel widget widget_accordeon-menu-ck panel-first-child panel-last-child\" data-index=\"2\" ><ul id=\"accordeconck1\" class=\"menu\"><li id=\"menu-item-848\" class=\"menu-item menu-item-type-post_type menu-item-object-page accordeonck menu-item-848 level1\"><span class=\"accordeonck_outer \"><a href=\"https:\/\/aluksne.lv\/index.php\/pasvaldiba\/civilas-aizsardzibas-plans\/\" class=\"accordeonck\">Civil\u0101 aizsardz\u012bba<\/a><\/span><\/li>\n<li id=\"menu-item-853\" class=\"menu-item menu-item-type-post_type menu-item-object-page accordeonck menu-item-853 level1\"><span class=\"accordeonck_outer \"><a href=\"https:\/\/aluksne.lv\/index.php\/pasvaldiba\/dokumenti\/ilgtspejigas-attistibas-strategija\/\" class=\"accordeonck\">Ilgtsp\u0113j\u012bgas att\u012bst\u012bbas strat\u0113\u0123ija<\/a><\/span><\/li>\n<li id=\"menu-item-858\" class=\"menu-item menu-item-type-post_type menu-item-object-page accordeonck menu-item-858 level1\"><span class=\"accordeonck_outer \"><a href=\"https:\/\/aluksne.lv\/index.php\/pasvaldiba\/dokumenti\/attistibas-programma\/\" class=\"accordeonck\">Att\u012bst\u012bbas programma<\/a><\/span><\/li>\n<li id=\"menu-item-3860\" class=\"menu-item menu-item-type-post_type menu-item-object-page accordeonck menu-item-3860 level1\"><span class=\"accordeonck_outer \"><a href=\"https:\/\/aluksne.lv\/index.php\/pasvaldiba\/dokumenti\/nekustama-ipasuma-nodoklis\/\" class=\"accordeonck\">Nekustam\u0101 \u012bpa\u0161uma nodoklis<\/a><\/span><\/li>\n<li id=\"menu-item-849\" class=\"menu-item menu-item-type-post_type menu-item-object-page accordeonck menu-item-849 level1\"><span class=\"accordeonck_outer \"><a href=\"https:\/\/aluksne.lv\/index.php\/pasvaldiba\/dokumenti\/delegesanas-ligumi\/\" class=\"accordeonck\">Dele\u0123\u0113\u0161anas l\u012bgumi<\/a><\/span><\/li>\n<li id=\"menu-item-851\" class=\"menu-item menu-item-type-post_type menu-item-object-page accordeonck menu-item-851 level1\"><span class=\"accordeonck_outer \"><a href=\"https:\/\/aluksne.lv\/index.php\/pasvaldiba\/dokumenti\/detalplanojumi\/\" class=\"accordeonck\">Det\u0101lpl\u0101nojumi<\/a><\/span><\/li>\n<li id=\"menu-item-5438\" class=\"menu-item menu-item-type-post_type menu-item-object-page accordeonck menu-item-5438 level1\"><span class=\"accordeonck_outer \"><a href=\"https:\/\/aluksne.lv\/index.php\/pasvaldiba\/dokumenti\/lokalplanojumi\/\" class=\"accordeonck\">Lok\u0101lpl\u0101nojumi<\/a><\/span><\/li>\n<li id=\"menu-item-852\" class=\"menu-item menu-item-type-post_type menu-item-object-page accordeonck menu-item-852 level1\"><span class=\"accordeonck_outer \"><a href=\"https:\/\/aluksne.lv\/index.php\/pasvaldiba\/dokumenti\/dokumenti-par-pasvaldibas-ielam-un-autoceliem\/\" class=\"accordeonck\">Dokumenti par pa\u0161vald\u012bbas iel\u0101m un autoce\u013ciem<\/a><\/span><\/li>\n<li id=\"menu-item-850\" class=\"menu-item menu-item-type-post_type menu-item-object-page accordeonck menu-item-850 level1\"><span class=\"accordeonck_outer \"><a href=\"https:\/\/aluksne.lv\/index.php\/pasvaldiba\/dokumenti\/derigo-izraktenu-ieguves-atlaujas\/\" class=\"accordeonck\">Der\u012bgo izrakte\u0146u ieguves at\u013caujas<\/a><\/span><\/li>\n<li id=\"menu-item-857\" class=\"menu-item menu-item-type-post_type menu-item-object-page accordeonck menu-item-857 level1\"><span class=\"accordeonck_outer \"><a href=\"https:\/\/aluksne.lv\/index.php\/pasvaldiba\/dokumenti\/teritorijas-planojumi\/\" class=\"accordeonck\">Teritorijas pl\u0101nojums<\/a><\/span><\/li>\n<li id=\"menu-item-854\" class=\"menu-item menu-item-type-post_type menu-item-object-page accordeonck menu-item-854 level1\"><span class=\"accordeonck_outer \"><a href=\"https:\/\/aluksne.lv\/index.php\/pasvaldiba\/dokumenti\/nolikumi\/\" class=\"accordeonck\">Nolikumi<\/a><\/span><\/li>\n<li id=\"menu-item-855\" class=\"menu-item menu-item-type-post_type menu-item-object-page accordeonck menu-item-855 level1\"><span class=\"accordeonck_outer \"><a href=\"https:\/\/aluksne.lv\/index.php\/pasvaldiba\/dokumenti\/saistosie-noteikumi\/\" class=\"accordeonck\">Saisto\u0161ie noteikumi<\/a><\/span><\/li>\n<li id=\"menu-item-847\" class=\"menu-item menu-item-type-post_type menu-item-object-page accordeonck menu-item-847 level1\"><span class=\"accordeonck_outer \"><a href=\"https:\/\/aluksne.lv\/index.php\/pasvaldiba\/dokumenti\/citi-dokumenti\/\" class=\"accordeonck\">Citi dokumenti<\/a><\/span><\/li>\n<\/ul>\t\t<script type=\"text\/javascript\"> <!--\n\t\t\n\t\t\tjQuery(document).ready(function(){\n\t\t\t\tjQuery('#accordeconck1').accordeonmenuck({eventtype : 'click',transition : 'linear',showactive : '1',showactivesubmenu : '0',duree : 500});\n\t\t\t}); \t\t\/\/--> <\/script>\n\t\t<\/div><\/div><\/div><\/div>","protected":false},"excerpt":{"rendered":"<p>Al\u016bksnes novada att\u012bst\u012bbas programma 2022. &#8211; 2027. gadam &nbsp; Al\u016bksnes novada att\u012bst\u012bbas programma 2022. &#8211; 2027. gadam 2.0 redakcija, apstiprin\u0101ta 23.12.2021. ar Al\u016bksnes novada domes l\u0113mumu Nr. 367. Pa\u0161reiz\u0113j\u0101 situ\u0101cija Al\u016bksnes novada att\u012bst\u012bbas programma 2022-2027.2.0. (1.s\u0113jums) Strat\u0113\u0123isk\u0101 da\u013ca Al\u016bksnes novada&#8230;<br \/><a class=\"read-more-button\" href=\"https:\/\/aluksne.lv\/index.php\/pasvaldiba\/dokumenti\/attistibas-programma\/\">Las\u012bt visu<\/a><\/p>\n","protected":false},"author":1,"featured_media":0,"parent":352,"menu_order":0,"comment_status":"closed","ping_status":"closed","template":"","meta":{"_crdt_document":"","_monsterinsights_skip_tracking":false,"_monsterinsights_sitenote_active":false,"_monsterinsights_sitenote_note":"","_monsterinsights_sitenote_category":0,"footnotes":"","_links_to":"","_links_to_target":""},"class_list":["post-587","page","type-page","status-publish","hentry"],"_links":{"self":[{"href":"https:\/\/aluksne.lv\/index.php\/wp-json\/wp\/v2\/pages\/587","targetHints":{"allow":["GET"]}}],"collection":[{"href":"https:\/\/aluksne.lv\/index.php\/wp-json\/wp\/v2\/pages"}],"about":[{"href":"https:\/\/aluksne.lv\/index.php\/wp-json\/wp\/v2\/types\/page"}],"author":[{"embeddable":true,"href":"https:\/\/aluksne.lv\/index.php\/wp-json\/wp\/v2\/users\/1"}],"replies":[{"embeddable":true,"href":"https:\/\/aluksne.lv\/index.php\/wp-json\/wp\/v2\/comments?post=587"}],"version-history":[{"count":3,"href":"https:\/\/aluksne.lv\/index.php\/wp-json\/wp\/v2\/pages\/587\/revisions"}],"predecessor-version":[{"id":61737,"href":"https:\/\/aluksne.lv\/index.php\/wp-json\/wp\/v2\/pages\/587\/revisions\/61737"}],"up":[{"embeddable":true,"href":"https:\/\/aluksne.lv\/index.php\/wp-json\/wp\/v2\/pages\/352"}],"wp:attachment":[{"href":"https:\/\/aluksne.lv\/index.php\/wp-json\/wp\/v2\/media?parent=587"}],"curies":[{"name":"wp","href":"https:\/\/api.w.org\/{rel}","templated":true}]}}