{"id":595,"date":"2016-04-13T07:16:40","date_gmt":"2016-04-13T07:16:40","guid":{"rendered":"http:\/\/aluksne.lv\/jauna1\/?page_id=595"},"modified":"2026-01-07T09:53:49","modified_gmt":"2026-01-07T07:53:49","slug":"derigo-izraktenu-ieguves-atlaujas","status":"publish","type":"page","link":"https:\/\/aluksne.lv\/index.php\/pasvaldiba\/dokumenti\/derigo-izraktenu-ieguves-atlaujas\/","title":{"rendered":"Der\u012bgo izrakte\u0146u ieguves at\u013caujas"},"content":{"rendered":"<div id=\"pl-595\"  class=\"panel-layout\" ><div id=\"pg-595-0\"  class=\"panel-grid panel-no-style\" ><div id=\"pgc-595-0-0\"  class=\"panel-grid-cell\" ><div id=\"panel-595-0-0-0\" class=\"so-panel widget widget_sow-editor panel-first-child panel-last-child\" data-index=\"0\" ><div\n\t\t\t\n\t\t\tclass=\"so-widget-sow-editor so-widget-sow-editor-base\"\n\t\t\t\n\t\t>\n<div class=\"siteorigin-widget-tinymce textwidget\">\n\t<p>Saska\u0146\u0101 ar Ministru kabineta noteikumu Nr.696 \u201cZemes dz\u012b\u013cu izmanto\u0161anas licen\u010du un bie\u017ei sastopamo der\u012bgo izrakte\u0146u ieguves at\u013cauju izsnieg\u0161anas k\u0101rt\u012bba\u201d 39.punktu inform\u0101ciju par izsniegtaj\u0101m bie\u017ei sastopamo der\u012bgo izrakte\u0146u ieguves at\u013cauj\u0101m pa\u0161vald\u012bba ievieto sav\u0101 t\u012bmek\u013ca vietn\u0113. At\u013caujas izsniedz\u0113js sav\u0101 t\u012bmek\u013ca vietn\u0113 ievieto ar\u012b inform\u0101ciju par zemes dz\u012b\u013cu izmanto\u0161anas ierobe\u017eo\u0161anu, aptur\u0113\u0161anu, licen\u010du vai at\u013caujas anul\u0113\u0161anu.<\/p>\n<p><strong>Al\u016bksnes novada pa\u0161vald\u012bbas sp\u0113k\u0101 eso\u0161\u0101s izsniegt\u0101s bie\u017ei sastopamo der\u012bgo izrakte\u0146u ieguves at\u013caujas<\/strong><\/p>\n<table class=\"pienem\" style=\"width: 100%;\">\n<tbody>\n<tr>\n<td style=\"width: 12.3457%;\"><strong>At\u013caujas Nr.<\/strong><\/td>\n<td style=\"width: 14.8148%;\"><strong>Izsnieg\u0161anas datums<\/strong><\/td>\n<td style=\"width: 16.4198%;\"><strong>Termi\u0146\u0161, l\u012bdz kuram at\u013cauja der\u012bga<\/strong><\/td>\n<td style=\"width: 16.0494%;\"><strong>Sa\u0146\u0113m\u0113js<\/strong><\/td>\n<td style=\"width: 19.0123%;\"><strong>Atradnes nosaukums<\/strong><\/td>\n<td style=\"width: 20.8642%;\"><strong>Der\u012bgo izrakte\u0146u veids<\/strong><\/td>\n<\/tr>\n<tr>\n<td style=\"width: 12.3457%;\">1\/2010<\/td>\n<td style=\"width: 14.8148%;\">23.03.2010.<\/td>\n<td style=\"width: 16.4198%;\">04.02.2020.<\/td>\n<td style=\"width: 16.0494%;\">SIA \u201cLIMA KARJERS\u201d<\/td>\n<td style=\"width: 19.0123%;\">\u201cVirsai\u0161i\u201d<\/td>\n<td style=\"width: 20.8642%;\">Smilts\u2013grants un smilts<\/td>\n<\/tr>\n<tr>\n<td style=\"width: 12.3457%;\">2\/2011<\/td>\n<td style=\"width: 14.8148%;\">28.04.2011.<\/td>\n<td style=\"width: 16.4198%;\">10.04.2021.<\/td>\n<td style=\"width: 16.0494%;\">SIA \u201cRUBATE\u201d<\/td>\n<td style=\"width: 19.0123%;\">\u201cV\u0101rpas\u201d<\/td>\n<td style=\"width: 20.8642%;\">Smilts\u2013grants un smilts<\/td>\n<\/tr>\n<tr>\n<td style=\"width: 12.3457%;\">3\/2011<\/td>\n<td style=\"width: 14.8148%;\">28.07.2011.<\/td>\n<td style=\"width: 16.4198%;\">24.03.2021.<\/td>\n<td style=\"width: 16.0494%;\">A\/s \u201cLATVIJAS VALSTS ME\u017dI\u201d<\/td>\n<td style=\"width: 19.0123%;\">\u201cStrauti\u0146i\u201d II laukums<\/td>\n<td style=\"width: 20.8642%;\">Smilts\u2013grants un smilts<\/td>\n<\/tr>\n<tr>\n<td style=\"width: 12.3457%;\">5\/2011<\/td>\n<td style=\"width: 14.8148%;\">22.12.2011.<\/td>\n<td style=\"width: 16.4198%;\">30.08.2021.<\/td>\n<td style=\"width: 16.0494%;\">SIA \u201cSORMA PLUS\u201d<\/td>\n<td style=\"width: 19.0123%;\">\u201cSt\u0101r\u0137i 1\u201d<\/td>\n<td style=\"width: 20.8642%;\">Smilts\u2013grants un smilts<\/td>\n<\/tr>\n<tr>\n<td style=\"width: 12.3457%;\">1\/2015<\/td>\n<td style=\"width: 14.8148%;\">24.09.2015.<\/td>\n<td style=\"width: 16.4198%;\">18.05.2040.<\/td>\n<td style=\"width: 16.0494%;\">AS \u201cLATVIJAS VALSTS ME\u017dI\u201d<\/td>\n<td style=\"width: 19.0123%;\">\u201cVilkukakts\u201d<\/td>\n<td style=\"width: 20.8642%;\">Smilts\u2013grants un smilts<\/td>\n<\/tr>\n<tr>\n<td style=\"width: 12.3457%;\">1\/2016<\/td>\n<td style=\"width: 14.8148%;\">28.01.2016.<\/td>\n<td style=\"width: 16.4198%;\">27.08.2040<\/td>\n<td style=\"width: 16.0494%;\">SIA \u201cI.K.-I.K.\u201d<\/td>\n<td style=\"width: 19.0123%;\">\u201cZ\u012bdeni\u201d<\/td>\n<td style=\"width: 20.8642%;\">Smilts\u2013grants un smilts<\/td>\n<\/tr>\n<tr>\n<td style=\"width: 12.3457%;\">2\/2016<\/td>\n<td style=\"width: 14.8148%;\">28.01.2016.<\/td>\n<td style=\"width: 16.4198%;\">08.10.2040<\/td>\n<td style=\"width: 16.0494%;\">AS \u201cLATVIJAS VALSTS ME\u017dI\u201d<\/td>\n<td style=\"width: 19.0123%;\">\u201cKarva\u201d<\/td>\n<td style=\"width: 20.8642%;\">Smilts\u2013grants\u00a0un smilts<\/td>\n<\/tr>\n<tr>\n<td style=\"width: 12.3457%;\">1\/2017<\/td>\n<td style=\"width: 14.8148%;\">28.01.2018.<\/td>\n<td style=\"width: 16.4198%;\">17.10.2041.<\/td>\n<td style=\"width: 16.0494%;\">Ain\u0101rs GIBA\u013bUKS<\/td>\n<td style=\"width: 19.0123%;\">\u201cSkujenieki\u201d<\/td>\n<td style=\"width: 20.8642%;\">Smilts-grants un smilts<\/td>\n<\/tr>\n<tr>\n<td style=\"width: 12.3457%;\">1\/2018<\/td>\n<td style=\"width: 14.8148%;\">27.09.2018.<\/td>\n<td style=\"width: 16.4198%;\">31.12.2037.<\/td>\n<td style=\"width: 16.0494%;\">SIA \u201cSORMA PLUS\u201d<\/td>\n<td style=\"width: 19.0123%;\">\u201cPutrenie\u0161i\u201d<\/td>\n<td style=\"width: 20.8642%;\">Smilts\u2013grants\u00a0 un smilts<\/td>\n<\/tr>\n<tr>\n<td style=\"width: 12.3457%;\">2\/2018<\/td>\n<td style=\"width: 14.8148%;\">25.10.2018.<\/td>\n<td style=\"width: 16.4198%;\">31.12.2021.<\/td>\n<td style=\"width: 16.0494%;\">VAS \u201cLATVIJAS AUTOCE\u013bU UZTUR\u0112T\u0100JS\u201d<\/td>\n<td style=\"width: 19.0123%;\">atradnes \u201cZ\u0101gadi\u201d iecirknis \u201cZ\u0101gadi\u201d<\/td>\n<td style=\"width: 20.8642%;\">Smilts\u2013grants un smilts<\/td>\n<\/tr>\n<tr>\n<td style=\"width: 12.3457%;\">3\/2018<\/td>\n<td style=\"width: 14.8148%;\">22.11.2018.<\/td>\n<td style=\"width: 16.4198%;\">22.07.2043.<\/td>\n<td style=\"width: 16.0494%;\">VAS \u201cLATVIJAS AUTOCE\u013bU UZTUR\u0112T\u0100JS\u201d<\/td>\n<td style=\"width: 19.0123%;\">atradnes \u201cVeclaicene\u201d iecirknis \u201cK\u013cavukalns\u201d<\/td>\n<td style=\"width: 20.8642%;\">Smilts\u2013grants un smilts<\/td>\n<\/tr>\n<tr>\n<td style=\"width: 12.3457%;\">4\/2018<\/td>\n<td style=\"width: 14.8148%;\">20.12.2018.<\/td>\n<td style=\"width: 16.4198%;\">17.10.2040.<\/td>\n<td style=\"width: 16.0494%;\">SIA \u201cSAIMNIEC\u012aBA N\u0100KOTNE\u201d<\/td>\n<td style=\"width: 19.0123%;\">atradne \u201cSkujenieki\u201d<\/td>\n<td style=\"width: 20.8642%;\">Smilts\u2013grants un smilts<\/td>\n<\/tr>\n<tr>\n<td style=\"width: 12.3457%;\">1\/2019<\/td>\n<td style=\"width: 14.8148%;\">27.02.2019.<\/td>\n<td style=\"width: 16.4198%;\">04.12.2043.<\/td>\n<td style=\"width: 16.0494%;\">SIA \"LAVE\"<\/td>\n<td style=\"width: 19.0123%;\">\"\u010ciksti\"<\/td>\n<td style=\"width: 20.8642%;\">Smilts-grants un smilts<\/td>\n<\/tr>\n<tr>\n<td style=\"width: 12.3457%;\">3\/2019<\/td>\n<td style=\"width: 14.8148%;\">30.05.2019.<\/td>\n<td style=\"width: 16.4198%;\">31.01.2044.<\/td>\n<td style=\"width: 16.0494%;\">AS \u201cLATVIJAS VALSTS ME\u017dI\"<\/td>\n<td style=\"width: 19.0123%;\">\"Silenieki\"<\/td>\n<td style=\"width: 20.8642%;\">Smilts<\/td>\n<\/tr>\n<tr>\n<td style=\"width: 12.3457%;\">4\/2019<\/td>\n<td style=\"width: 14.8148%;\">29.08.2019.<\/td>\n<td style=\"width: 16.4198%;\">01.07.2044.<\/td>\n<td style=\"width: 16.0494%;\">SIA \"LIMA KARJERS\"<\/td>\n<td style=\"width: 19.0123%;\">\"Bit\u012btes\"<\/td>\n<td style=\"width: 20.8642%;\">Smilts<\/td>\n<\/tr>\n<tr>\n<td style=\"width: 12.3457%;\" width=\"66\">5\/2019<\/td>\n<td style=\"width: 14.8148%;\" width=\"85\">28.11.2019.<\/td>\n<td style=\"width: 16.4198%;\" width=\"95\">06.08.2044.<\/td>\n<td style=\"width: 16.0494%;\" width=\"85\">SIA \"RUBATE\"<\/td>\n<td style=\"width: 19.0123%;\" width=\"113\">\u201ePavasari\u201d,<\/p>\n<p>Alsvi\u0137u pagasts, Al\u016bksnes novads<\/p>\n<\/td>\n<td style=\"width: 20.8642%;\" width=\"76\">Smits, smilts-grants un m\u0101lsmilts<\/td>\n<\/tr>\n<tr>\n<td style=\"width: 12.3457%;\" width=\"110\">1\/2021<\/td>\n<td style=\"width: 14.8148%;\" width=\"132\">29.07.2021.<\/td>\n<td style=\"width: 16.4198%;\" width=\"146\">01.06.2046.<\/td>\n<td style=\"width: 16.0494%;\" width=\"143\">AS \u201cLATVIJAS VALSTS ME\u017dI\u201d<\/td>\n<td style=\"width: 19.0123%;\" width=\"170\">atradne \u201cStrauti\u0146i\u201d II laukums<\/td>\n<td style=\"width: 20.8642%;\" width=\"186\">Smilts<\/td>\n<\/tr>\n<tr>\n<td style=\"width: 12.3457%;\">1\/2022<\/td>\n<td style=\"width: 14.8148%;\">29.11.2022.<\/td>\n<td style=\"width: 16.4198%;\">13.09.2047.<\/td>\n<td style=\"width: 16.0494%;\">SIA \"RUBATE\"<\/td>\n<td style=\"width: 19.0123%;\">\"V\u0101rpas\"<\/td>\n<td style=\"width: 20.8642%;\">Smilts-grants, smilts<\/td>\n<\/tr>\n<tr>\n<td style=\"width: 12.3457%;\">1\/2024<\/td>\n<td style=\"width: 14.8148%;\">27.06.2024.<\/td>\n<td style=\"width: 16.4198%;\">20.03.2049.<\/td>\n<td style=\"width: 16.0494%;\">AS \"LATVIJAS VALSTS ME\u017dI\"<\/td>\n<td style=\"width: 19.0123%;\">\"Lejupe\"<\/td>\n<td style=\"width: 20.8642%;\">Smilts, aleir\u012bts<\/td>\n<\/tr>\n<tr>\n<td style=\"width: 12.3457%;\">2\/2024<\/td>\n<td style=\"width: 14.8148%;\">09.07.2024.<\/td>\n<td style=\"width: 16.4198%;\">18.07.2048.<\/td>\n<td style=\"width: 16.0494%;\">VAS \"LATVIJAS AUTOCE\u013bU UZTUR\u0112T\u0100JS\"<\/td>\n<td style=\"width: 19.0123%;\">atradnes \"Z\u0101gadi\" iecirknis \"Z\u0101gadi-2023\"<\/td>\n<td style=\"width: 20.8642%;\">Smilts-grants, smilts<\/td>\n<\/tr>\n<tr>\n<td style=\"width: 12.3457%;\">3\/2024<\/td>\n<td style=\"width: 14.8148%;\">29.08.2024.<\/td>\n<td style=\"width: 16.4198%;\">06.08.2049.<\/td>\n<td style=\"width: 16.0494%;\">Fiziska persona<\/td>\n<td style=\"width: 19.0123%;\">\"Izcirtumi\"<\/td>\n<td style=\"width: 20.8642%;\">Smilts-grants, smilts<\/td>\n<\/tr>\n<tr>\n<td style=\"width: 12.3457%;\">4\/2024<\/td>\n<td style=\"width: 14.8148%;\">11.11.2024.<\/td>\n<td style=\"width: 16.4198%;\">19.08.2049.<\/td>\n<td style=\"width: 16.0494%;\">SIA \"SORMA PLUS\"<\/td>\n<td style=\"width: 19.0123%;\">\"Jaunrauti\u0146as\"<\/td>\n<td style=\"width: 20.8642%;\">Smilts-grants, smilts<\/td>\n<\/tr>\n<tr>\n<td style=\"width: 12.3457%;\">1\/2026<\/td>\n<td style=\"width: 14.8148%;\">06.01.2026.<\/td>\n<td style=\"width: 16.4198%;\">22.10.2050.<\/td>\n<td style=\"width: 16.0494%;\">A\/s \u201cLATVIJAS VALSTS ME\u017dI\u201d<\/td>\n<td style=\"width: 19.0123%;\">\u201c\u010cuksti\u201d, 2018.g. iecirknis<\/td>\n<td style=\"width: 20.8642%;\">Smilts-grants, smilts<\/td>\n<\/tr>\n<\/tbody>\n<\/table>\n<p>&nbsp;<\/p>\n<p><strong>Al\u016bksnes novada pa\u0161vald\u012bbas anul\u0113t\u0101s bie\u017ei sastopamo der\u012bgo izrakte\u0146u at\u013caujas<\/strong><\/p>\n<table class=\"pienem\" style=\"width: 100%;\">\n<tbody>\n<tr>\n<td style=\"width: 66.0333px;\"><strong>At\u013caujas Nr.<\/strong><\/td>\n<td style=\"width: 103.133px;\"><strong>Anul\u0113\u0161anas datums<\/strong><\/td>\n<td style=\"width: 97.2667px;\"><strong>Atradnes nosaukums<\/strong><\/td>\n<td style=\"width: 109.817px;\"><strong>Atradnes veids<\/strong><\/td>\n<td style=\"width: 127.217px;\"><strong>Anul\u0113t\u0101s at\u013caujas adres\u0101ts<\/strong><\/td>\n<td style=\"width: 168.533px;\"><strong>Anul\u0113\u0161anas iemesls<\/strong><\/td>\n<\/tr>\n<tr>\n<td style=\"width: 66.0333px;\">1\/2012<\/td>\n<td style=\"width: 103.133px;\">26.05.2016.<\/td>\n<td style=\"width: 97.2667px;\">\"Me\u017evidi\"<\/td>\n<td style=\"width: 109.817px;\">Smilts<\/td>\n<td style=\"width: 127.217px;\">AS \u201cLATVIJAS VALSTS ME\u017dI\u201d<\/td>\n<td style=\"width: 168.533px;\">3 gadu laik\u0101 nav uzs\u0101kta der\u012bgo izrakte\u0146u ieguve<\/td>\n<\/tr>\n<tr>\n<td style=\"width: 66.0333px;\">3<\/td>\n<td style=\"width: 103.133px;\">26.05.2016.<\/td>\n<td style=\"width: 97.2667px;\">\"Karva\"<\/td>\n<td style=\"width: 109.817px;\">Smilts-grants un smilts<\/td>\n<td style=\"width: 127.217px;\">AS \u201cLATVIJAS VALSTS ME\u017dI\u201d<\/td>\n<td style=\"width: 168.533px;\">Sakar\u0101 ar jauna limita izsnieg\u0161anu 28.01.2016.<br \/>\nizsniegta jauna der\u012bgo izrakte\u0146u ieguves at\u013cauja<\/td>\n<\/tr>\n<tr>\n<td style=\"width: 66.0333px;\">1\/2017<\/td>\n<td style=\"width: 103.133px;\">20.12.2018.<\/td>\n<td style=\"width: 97.2667px;\">\u201cSkujenieki\u201d<\/td>\n<td style=\"width: 109.817px;\">Smilts-grants un smilts<\/td>\n<td style=\"width: 127.217px;\">Ain\u0101rs GIBA\u013bUKS<\/td>\n<td style=\"width: 168.533px;\">Zemes \u012bpa\u0161nieka mai\u0146a, izsniegta jauna der\u012bgo izrakte\u0146u ieguves at\u013cauja<\/td>\n<\/tr>\n<tr>\n<td style=\"width: 66.0333px;\">2\/2012<\/td>\n<td style=\"width: 103.133px;\">27.06.2024.<\/td>\n<td style=\"width: 97.2667px;\">\"Lejupe\"<\/td>\n<td style=\"width: 109.817px;\">Smilts<\/td>\n<td style=\"width: 127.217px;\">\u00a0AS \"LATVIJAS VALSTS ME\u017dI\"<\/td>\n<td style=\"width: 168.533px;\">Izsniegta jauna der\u012bgo izrakte\u0146u ieguves at\u013cauja<\/td>\n<\/tr>\n<tr>\n<td style=\"width: 66.0333px;\">2\/2019<\/td>\n<td style=\"width: 103.133px;\">06.01.2026.<\/td>\n<td style=\"width: 97.2667px;\">\u201c\u010cuksti\u201d, 2018.g. iecirknis<\/td>\n<td style=\"width: 109.817px;\">Smilts-grants un smilts<\/td>\n<td style=\"width: 127.217px;\">VAS \"LATVIJAS AUTOCE\u013bU UZTUR\u0112T\u0100JS\"<\/td>\n<td style=\"width: 168.533px;\">Zemes \u012bpa\u0161nieka mai\u0146a, Izsniegta jauna der\u012bgo izrakte\u0146u ieguves at\u013cauja<\/td>\n<\/tr>\n<\/tbody>\n<\/table>\n<p>&nbsp;<\/p>\n<p><strong>Al\u016bksnes novada pa\u0161vald\u012bbas pagarin\u0101t\u0101s bie\u017ei sastopamo der\u012bgo izrakte\u0146u at\u013caujas<\/strong><\/p>\n<table class=\"pienem\" style=\"width: 100%;\" width=\"100%\">\n<tbody>\n<tr>\n<td style=\"width: 9.96979%;\" width=\"66\"><strong>At\u013caujas numurs<\/strong><\/td>\n<td style=\"width: 15.1447%;\" width=\"85\"><strong>Sa\u0146\u0113m\u0113ja nosaukums<\/strong><\/td>\n<td style=\"width: 12.9352%;\" width=\"95\"><strong>Izsnieg\u0161anas datums<\/strong><\/td>\n<td style=\"width: 11.9749%;\" width=\"85\"><strong>At\u013cauja groz\u012bta<\/strong><\/td>\n<td style=\"width: 12.0777%;\" width=\"85\"><strong>Der\u012bguma termi\u0146\u0161<\/strong><\/td>\n<td style=\"width: 19.877%;\" width=\"113\"><strong>Atradnes nosaukums<\/strong><\/td>\n<td style=\"width: 17.6791%;\" width=\"76\"><strong>Der\u012bgo izrakte\u0146u veids<\/strong><\/td>\n<\/tr>\n<tr>\n<td style=\"width: 9.96979%;\" width=\"66\"><\/td>\n<td style=\"width: 15.1447%;\" width=\"85\"><\/td>\n<td style=\"width: 12.9352%;\" width=\"95\"><\/td>\n<td style=\"width: 11.9749%;\" width=\"85\"><\/td>\n<td style=\"width: 12.0777%;\" width=\"85\"><\/td>\n<td style=\"width: 19.877%;\" width=\"113\"><\/td>\n<td style=\"width: 17.6791%;\" width=\"76\"><\/td>\n<\/tr>\n<\/tbody>\n<\/table>\n<\/div>\n<\/div><\/div><\/div><div id=\"pgc-595-0-1\"  class=\"panel-grid-cell\" >\t\t<style type=\"text\/css\">\n\t\t\t#accordeconck1 { margin:0;padding:0; }\n#accordeconck1 .accordeonck_desc { display:block; }\n#accordeconck1 li.accordeonck { list-style: none;overflow: hidden; margin: 0;}\n#accordeconck1 ul[class^=\"content\"] { margin:0;padding:0;width:auto; }\n#accordeconck1 li.accordeonck > span { position: relative; display: block; }\n#accordeconck1 li.accordeonck.parent > span { padding-right: 20px;}\n#accordeconck1 li.parent > span span.toggler_icon { position: absolute; cursor: pointer; display: block; height: 100%; z-index: 10;right:0; background: url(https:\/\/aluksne.lv\/wp-content\/plugins\/accordeon-menu-ck\/images\/plus.png) center center no-repeat !important;width: 20px;}\n#accordeconck1 li.parent.open > span span.toggler_icon { right:0; background: url(https:\/\/aluksne.lv\/wp-content\/plugins\/accordeon-menu-ck\/images\/minus.png) center center no-repeat !important;}\n#accordeconck1 li.accordeonck.level2 > span { }\n#accordeconck1 li.level3 li.accordeonck > span { }\n#accordeconck1 a.accordeonck { display: block;text-decoration: none; }\n#accordeconck1 a.accordeonck:hover { text-decoration: none; }\n#accordeconck1 li.parent > span a { display: block;outline: none; }\n#accordeconck1 li.parent.open > span a {  }\n#accordeconck1 li.level2.parent > span span.toggler_icon { right:0;display: block;outline: none;background: url(https:\/\/aluksne.lv\/wp-content\/plugins\/accordeon-menu-ck\/images\/plus.png) center center no-repeat !important; }\n#accordeconck1 li.level2.parent.open > span span.toggler_icon { background: url(https:\/\/aluksne.lv\/wp-content\/plugins\/accordeon-menu-ck\/images\/minus.png) center center no-repeat !important; }\n#accordeconck1 li.level2 li.accordeonck.parent > span span.toggler_icon { right:0;display: block;outline: none;background: url(https:\/\/aluksne.lv\/wp-content\/plugins\/accordeon-menu-ck\/images\/plus.png) center center no-repeat !important; }\n#accordeconck1 li.level2 li.accordeonck.open.parent > span span.toggler_icon { background: url(https:\/\/aluksne.lv\/wp-content\/plugins\/accordeon-menu-ck\/images\/minus.png) center center no-repeat !important; }\n#accordeconck1  {\n\tbackground: #86C2DB;\n\tbackground-size: auto;\tbackground-image: -o-linear-gradient(center top,#86C2DB, #86C2DB 100%);\n\tbackground-image: -webkit-gradient(linear, left top, left bottom,from(#86C2DB), color-stop(100%, #86C2DB));\n\tbackground-image: -moz-linear-gradient(center top,#86C2DB, #86C2DB 100%);\n\tbackground-image: linear-gradient(to bottom,#86C2DB, #86C2DB 100%);\n\tborder-top: none;\n\tborder-bottom: none;\n\tborder-left: none;\n\tborder-right: none;\n\tpadding-top: 5px;\n\tpadding-right: 5px;\n\tpadding-bottom: 5px;\n\tpadding-left: 5px;\n\tfont-family: ;\n}\n\n#accordeconck1  a {\n\tfont-family: ;\n}\n\n#accordeconck1 li.level1 > span a {\n\tcolor: #FFFFFF;\n\tpadding-top: 5px;\n\tpadding-right: 5px;\n\tpadding-bottom: 5px;\n\tpadding-left: 5px;\n\tfont-size: 15px;\n}\n\n#accordeconck1 li.level1 > span a a {\n\tcolor: #FFFFFF;\n\tfont-size: 15px;\n}\n\n#accordeconck1 li.level1 > span .accordeonck_desc {\n\tfont-size: 10px;\n}\n\n#accordeconck1 li.level1 > span .accordeonck_desc a {\n\tfont-size: 10px;\n}\n\n#accordeconck1 li.level1:hover > span a {\n\tcolor: #000000;\n}\n\n#accordeconck1 li.level1:hover > span a a {\n\tcolor: #000000;\n}\n\n#accordeconck1 li.level1 > ul {\n\tbackground-size: auto;\tfont-family: ;\n}\n\n#accordeconck1 li.level1 > ul a {\n\tfont-family: ;\n}\n\n#accordeconck1 li.level2 > span a {\n\tcolor: #636363;\n\tpadding-top: 5px;\n\tpadding-bottom: 5px;\n\tpadding-left: 15px;\n}\n\n#accordeconck1 li.level2 > span a a {\n\tcolor: #636363;\n}\n\n#accordeconck1 li.level2:hover > span a {\n\tcolor: #000000;\n}\n\n#accordeconck1 li.level2:hover > span a a {\n\tcolor: #000000;\n}\n\n#accordeconck1 li.level2 ul[class^=\"content\"] {\n\tbackground-size: auto;\tfont-family: ;\n}\n\n#accordeconck1 li.level2 ul[class^=\"content\"] a {\n\tfont-family: ;\n}\n\n#accordeconck1 li.level2 li.accordeonck > span a {\n\tcolor: #636363;\n\tpadding-top: 2px;\n\tpadding-bottom: 2px;\n\tpadding-left: 20px;\n}\n\n#accordeconck1 li.level2 li.accordeonck > span a a {\n\tcolor: #636363;\n}\n\n#accordeconck1 li.level2 li.accordeonck:hover > span a {\n\tcolor: #000000;\n}\n\n#accordeconck1 li.level2 li.accordeonck:hover > span a a {\n\tcolor: #000000;\n}\t\t<\/style>\n\t\t<div id=\"panel-595-0-1-0\" class=\"so-panel widget widget_accordeon-menu-ck panel-first-child panel-last-child\" data-index=\"1\" ><ul id=\"accordeconck1\" class=\"menu\"><li id=\"menu-item-848\" class=\"menu-item menu-item-type-post_type menu-item-object-page accordeonck menu-item-848 level1\"><span class=\"accordeonck_outer \"><a href=\"https:\/\/aluksne.lv\/index.php\/pasvaldiba\/civilas-aizsardzibas-plans\/\" class=\"accordeonck\">Civil\u0101 aizsardz\u012bba<\/a><\/span><\/li>\n<li id=\"menu-item-853\" class=\"menu-item menu-item-type-post_type menu-item-object-page accordeonck menu-item-853 level1\"><span class=\"accordeonck_outer \"><a href=\"https:\/\/aluksne.lv\/index.php\/pasvaldiba\/dokumenti\/ilgtspejigas-attistibas-strategija\/\" class=\"accordeonck\">Ilgtsp\u0113j\u012bgas att\u012bst\u012bbas strat\u0113\u0123ija<\/a><\/span><\/li>\n<li id=\"menu-item-858\" class=\"menu-item menu-item-type-post_type menu-item-object-page accordeonck menu-item-858 level1\"><span class=\"accordeonck_outer \"><a href=\"https:\/\/aluksne.lv\/index.php\/pasvaldiba\/dokumenti\/attistibas-programma\/\" class=\"accordeonck\">Att\u012bst\u012bbas programma<\/a><\/span><\/li>\n<li id=\"menu-item-3860\" class=\"menu-item menu-item-type-post_type menu-item-object-page accordeonck menu-item-3860 level1\"><span class=\"accordeonck_outer \"><a href=\"https:\/\/aluksne.lv\/index.php\/pasvaldiba\/dokumenti\/nekustama-ipasuma-nodoklis\/\" class=\"accordeonck\">Nekustam\u0101 \u012bpa\u0161uma nodoklis<\/a><\/span><\/li>\n<li id=\"menu-item-849\" class=\"menu-item menu-item-type-post_type menu-item-object-page accordeonck menu-item-849 level1\"><span class=\"accordeonck_outer \"><a href=\"https:\/\/aluksne.lv\/index.php\/pasvaldiba\/dokumenti\/delegesanas-ligumi\/\" class=\"accordeonck\">Dele\u0123\u0113\u0161anas l\u012bgumi<\/a><\/span><\/li>\n<li id=\"menu-item-851\" class=\"menu-item menu-item-type-post_type menu-item-object-page accordeonck menu-item-851 level1\"><span class=\"accordeonck_outer \"><a href=\"https:\/\/aluksne.lv\/index.php\/pasvaldiba\/dokumenti\/detalplanojumi\/\" class=\"accordeonck\">Det\u0101lpl\u0101nojumi<\/a><\/span><\/li>\n<li id=\"menu-item-5438\" class=\"menu-item menu-item-type-post_type menu-item-object-page accordeonck menu-item-5438 level1\"><span class=\"accordeonck_outer \"><a href=\"https:\/\/aluksne.lv\/index.php\/pasvaldiba\/dokumenti\/lokalplanojumi\/\" class=\"accordeonck\">Lok\u0101lpl\u0101nojumi<\/a><\/span><\/li>\n<li id=\"menu-item-852\" class=\"menu-item menu-item-type-post_type menu-item-object-page accordeonck menu-item-852 level1\"><span class=\"accordeonck_outer \"><a href=\"https:\/\/aluksne.lv\/index.php\/pasvaldiba\/dokumenti\/dokumenti-par-pasvaldibas-ielam-un-autoceliem\/\" class=\"accordeonck\">Dokumenti par pa\u0161vald\u012bbas iel\u0101m un autoce\u013ciem<\/a><\/span><\/li>\n<li id=\"menu-item-850\" class=\"menu-item menu-item-type-post_type menu-item-object-page accordeonck menu-item-850 level1\"><span class=\"accordeonck_outer \"><a href=\"https:\/\/aluksne.lv\/index.php\/pasvaldiba\/dokumenti\/derigo-izraktenu-ieguves-atlaujas\/\" class=\"accordeonck\">Der\u012bgo izrakte\u0146u ieguves at\u013caujas<\/a><\/span><\/li>\n<li id=\"menu-item-857\" class=\"menu-item menu-item-type-post_type menu-item-object-page accordeonck menu-item-857 level1\"><span class=\"accordeonck_outer \"><a href=\"https:\/\/aluksne.lv\/index.php\/pasvaldiba\/dokumenti\/teritorijas-planojumi\/\" class=\"accordeonck\">Teritorijas pl\u0101nojums<\/a><\/span><\/li>\n<li id=\"menu-item-854\" class=\"menu-item menu-item-type-post_type menu-item-object-page accordeonck menu-item-854 level1\"><span class=\"accordeonck_outer \"><a href=\"https:\/\/aluksne.lv\/index.php\/pasvaldiba\/dokumenti\/nolikumi\/\" class=\"accordeonck\">Nolikumi<\/a><\/span><\/li>\n<li id=\"menu-item-855\" class=\"menu-item menu-item-type-post_type menu-item-object-page accordeonck menu-item-855 level1\"><span class=\"accordeonck_outer \"><a href=\"https:\/\/aluksne.lv\/index.php\/pasvaldiba\/dokumenti\/saistosie-noteikumi\/\" class=\"accordeonck\">Saisto\u0161ie noteikumi<\/a><\/span><\/li>\n<li id=\"menu-item-847\" class=\"menu-item menu-item-type-post_type menu-item-object-page accordeonck menu-item-847 level1\"><span class=\"accordeonck_outer \"><a href=\"https:\/\/aluksne.lv\/index.php\/pasvaldiba\/dokumenti\/citi-dokumenti\/\" class=\"accordeonck\">Citi dokumenti<\/a><\/span><\/li>\n<\/ul>\t\t<script type=\"text\/javascript\"> <!--\n\t\t\n\t\t\tjQuery(document).ready(function(){\n\t\t\t\tjQuery('#accordeconck1').accordeonmenuck({eventtype : 'click',transition : 'linear',showactive : '1',showactivesubmenu : '0',duree : 500});\n\t\t\t}); \t\t\/\/--> <\/script>\n\t\t<\/div><\/div><\/div><\/div>","protected":false},"excerpt":{"rendered":"<p>Saska\u0146\u0101 ar Ministru kabineta noteikumu Nr.696 \u201cZemes dz\u012b\u013cu izmanto\u0161anas licen\u010du un bie\u017ei sastopamo der\u012bgo izrakte\u0146u ieguves at\u013cauju izsnieg\u0161anas k\u0101rt\u012bba\u201d 39.punktu inform\u0101ciju par izsniegtaj\u0101m bie\u017ei sastopamo der\u012bgo izrakte\u0146u ieguves at\u013cauj\u0101m pa\u0161vald\u012bba ievieto sav\u0101 t\u012bmek\u013ca vietn\u0113. At\u013caujas izsniedz\u0113js sav\u0101 t\u012bmek\u013ca vietn\u0113 ievieto&#8230;<br \/><a class=\"read-more-button\" href=\"https:\/\/aluksne.lv\/index.php\/pasvaldiba\/dokumenti\/derigo-izraktenu-ieguves-atlaujas\/\">Las\u012bt visu<\/a><\/p>\n","protected":false},"author":1,"featured_media":0,"parent":352,"menu_order":0,"comment_status":"closed","ping_status":"closed","template":"","meta":{"_crdt_document":"","_monsterinsights_skip_tracking":false,"_monsterinsights_sitenote_active":false,"_monsterinsights_sitenote_note":"","_monsterinsights_sitenote_category":0,"footnotes":"","_links_to":"","_links_to_target":""},"class_list":["post-595","page","type-page","status-publish","hentry"],"_links":{"self":[{"href":"https:\/\/aluksne.lv\/index.php\/wp-json\/wp\/v2\/pages\/595","targetHints":{"allow":["GET"]}}],"collection":[{"href":"https:\/\/aluksne.lv\/index.php\/wp-json\/wp\/v2\/pages"}],"about":[{"href":"https:\/\/aluksne.lv\/index.php\/wp-json\/wp\/v2\/types\/page"}],"author":[{"embeddable":true,"href":"https:\/\/aluksne.lv\/index.php\/wp-json\/wp\/v2\/users\/1"}],"replies":[{"embeddable":true,"href":"https:\/\/aluksne.lv\/index.php\/wp-json\/wp\/v2\/comments?post=595"}],"version-history":[{"count":0,"href":"https:\/\/aluksne.lv\/index.php\/wp-json\/wp\/v2\/pages\/595\/revisions"}],"up":[{"embeddable":true,"href":"https:\/\/aluksne.lv\/index.php\/wp-json\/wp\/v2\/pages\/352"}],"wp:attachment":[{"href":"https:\/\/aluksne.lv\/index.php\/wp-json\/wp\/v2\/media?parent=595"}],"curies":[{"name":"wp","href":"https:\/\/api.w.org\/{rel}","templated":true}]}}