{"id":597,"date":"2016-04-13T07:17:15","date_gmt":"2016-04-13T07:17:15","guid":{"rendered":"http:\/\/aluksne.lv\/jauna1\/?page_id=597"},"modified":"2026-01-16T11:35:03","modified_gmt":"2026-01-16T09:35:03","slug":"teritorijas-planojumi","status":"publish","type":"page","link":"https:\/\/aluksne.lv\/index.php\/pasvaldiba\/dokumenti\/teritorijas-planojumi\/","title":{"rendered":"Teritorijas pl\u0101nojums"},"content":{"rendered":"<div id=\"pl-597\"  class=\"panel-layout\" ><div id=\"pg-597-0\"  class=\"panel-grid panel-no-style\" ><div id=\"pgc-597-0-0\"  class=\"panel-grid-cell\" ><div id=\"panel-597-0-0-0\" class=\"so-panel widget widget_text panel-first-child\" data-index=\"0\" >\t\t\t<div class=\"textwidget\"><\/div>\n\t\t<\/div><div id=\"panel-597-0-0-1\" class=\"so-panel widget widget_sow-accordion panel-last-child\" data-index=\"1\" ><div\n\t\t\t\n\t\t\tclass=\"so-widget-sow-accordion so-widget-sow-accordion-default-0cbe2f692174-597\"\n\t\t\t\n\t\t><div>\n\t<div class=\"sow-accordion\">\n\t\t\t<div class=\"sow-accordion-panel\n\t\t\t\t\t\"\n\t\t\t\tdata-anchor-id=\"aluksnes-novada-teritorijas-planojums-2015-2027-gadam\">\n\t\t\t\t\t<div class=\"sow-accordion-panel-header-container\" role=\"heading\" aria-level=\"2\">\n\t\t\t\t\t<div class=\"sow-accordion-panel-header\" tabindex=\"0\" role=\"button\" id=\"accordion-label-al%c5%abksnes-novada-teritorijas-pl%c4%81nojums-2015-2027-gadam\" aria-controls=\"accordion-content-al%c5%abksnes-novada-teritorijas-pl%c4%81nojums-2015-2027-gadam\" aria-expanded=\"false\">\n\t\t\t\t\t\t<div class=\"sow-accordion-title sow-accordion-title-icon-left\">\n\t\t\t\t\t\t\t\t\t\t\t\t\t\tAl\u016bksnes novada Teritorijas pl\u0101nojums 2015.-2027. gadam\t\t\t\t\t\t\t\t\t\t\t\t\t<\/div>\n\t\t\t\t\t\t<div class=\"sow-accordion-open-close-button\">\n\t\t\t\t\t\t\t<div class=\"sow-accordion-open-button\">\n\t\t\t\t\t\t\t\t<span class=\"sow-icon-ionicons\" data-sow-icon=\"&#xf218;\"\n\t\t \n\t\taria-hidden=\"true\"><\/span>\t\t\t\t\t\t\t<\/div>\n\t\t\t\t\t\t\t<div class=\"sow-accordion-close-button\">\n\t\t\t\t\t\t\t\t<span class=\"sow-icon-ionicons\" data-sow-icon=\"&#xf209;\"\n\t\t \n\t\taria-hidden=\"true\"><\/span>\t\t\t\t\t\t\t<\/div>\n\t\t\t\t\t\t<\/div>\n\t\t\t\t\t<\/div>\n\t\t\t\t<\/div>\n\n\t\t\t<div\n\t\t\t\tclass=\"sow-accordion-panel-content\"\n\t\t\t\trole=\"region\"\n\t\t\t\taria-labelledby=\"accordion-label-al%c5%abksnes-novada-teritorijas-pl%c4%81nojums-2015-2027-gadam\"\n\t\t\t\tid=\"accordion-content-al%c5%abksnes-novada-teritorijas-pl%c4%81nojums-2015-2027-gadam\"\n\t\t\t\tstyle=\"display: none;\"\t\t\t>\n\t\t\t\t<div class=\"sow-accordion-panel-border\">\n\t\t\t\t\t<h2><strong>Pazi\u0146ojums par at\u013cauju \u012bstenot Al\u016bksnes novada teritorijas pl\u0101nojuma groz\u012bjumus<\/strong><\/h2>\n<p>&nbsp;<\/p>\n<p>13.09.2023.<\/p>\n<p>Al\u016bksnes novada pa\u0161vald\u012bba 2023.gada 11.septembr\u012b ir sa\u0146\u0113musi Vides aizsardz\u012bbas un re\u0123ion\u0101l\u0101s att\u012bst\u012bbas ministrijas v\u0113stuli, kur\u0101 ministrija nor\u0101d\u012bjusi, ka Al\u016bksnes novada teritorijas pl\u0101nojuma groz\u012bjumi ir \u012bstenojami ar 2023.gada 11.septembri.<\/p>\n<p><strong>Pilnveidotais Al\u016bksnes novada teritorijas pl\u0101nojums apskat\u0101ms<\/strong> valsts vienotaj\u0101 \u0123eotelpisk\u0101s inform\u0101cijas port\u0101l\u0101\u00a0<a href=\"https:\/\/geolatvija.lv\/geo\/tapis#document_28067\" target=\"_blank\" rel=\"noopener\">https:\/\/geolatvija.lv\/geo\/tapis#document_28067<\/a>.<\/p>\n<table class=\"pienem\" style=\"width: 100%; height: 10px;\">\n<tbody>\n<tr style=\"height: 10px;\">\n<td style=\"height: 10px;\"><a href=\"https:\/\/aluksne.lv\/index.php\/2022\/04\/07\/grozijumi-aluksnes-novada-pasvaldibas-domes-2015-gada-27-augusta-saistosajos-noteikumos-nr-14-2015-aluksnes-novada-teritorijas-planojums-2015-2027-gadam-teritorijas-izmantosanas-un-apbuv\/\" target=\"new\" rel=\"noopener\">Groz\u012bjumi Al\u016bksnes novada pa\u0161vald\u012bbas domes 2015. gada 27. augusta saisto\u0161ajos noteikumos Nr.14\/2015 \u201cAl\u016bksnes novada teritorijas pl\u0101nojums 2015.-2027. gadam, Teritorijas izmanto\u0161anas un apb\u016bves noteikumi un grafisk\u0101 da\u013ca\u201d\u201d<\/a><strong><br \/>\n<\/strong><\/td>\n<\/tr>\n<\/tbody>\n<\/table>\n\t\t\t\t<\/div>\n\t\t\t<\/div>\n\t\t<\/div>\n\t\t\t<div class=\"sow-accordion-panel\n\t\t\t\t\t\"\n\t\t\t\tdata-anchor-id=\"pazinojums-par-aluksnes-novada-teritorijas-planojuma-izstrades-uzsaksanu\">\n\t\t\t\t\t<div class=\"sow-accordion-panel-header-container\" role=\"heading\" aria-level=\"2\">\n\t\t\t\t\t<div class=\"sow-accordion-panel-header\" tabindex=\"0\" role=\"button\" id=\"accordion-label-pazi%c5%86ojums-par-al%c5%abksnes-novada-teritorijas-pl%c4%81nojuma-izstr%c4%81des-uzs%c4%81k%c5%a1anu\" aria-controls=\"accordion-content-pazi%c5%86ojums-par-al%c5%abksnes-novada-teritorijas-pl%c4%81nojuma-izstr%c4%81des-uzs%c4%81k%c5%a1anu\" aria-expanded=\"false\">\n\t\t\t\t\t\t<div class=\"sow-accordion-title sow-accordion-title-icon-left\">\n\t\t\t\t\t\t\t\t\t\t\t\t\t\tPazi\u0146ojums par Al\u016bksnes novada teritorijas pl\u0101nojuma izstr\u0101des uzs\u0101k\u0161anu\t\t\t\t\t\t\t\t\t\t\t\t\t<\/div>\n\t\t\t\t\t\t<div class=\"sow-accordion-open-close-button\">\n\t\t\t\t\t\t\t<div class=\"sow-accordion-open-button\">\n\t\t\t\t\t\t\t\t<span class=\"sow-icon-ionicons\" data-sow-icon=\"&#xf218;\"\n\t\t \n\t\taria-hidden=\"true\"><\/span>\t\t\t\t\t\t\t<\/div>\n\t\t\t\t\t\t\t<div class=\"sow-accordion-close-button\">\n\t\t\t\t\t\t\t\t<span class=\"sow-icon-ionicons\" data-sow-icon=\"&#xf209;\"\n\t\t \n\t\taria-hidden=\"true\"><\/span>\t\t\t\t\t\t\t<\/div>\n\t\t\t\t\t\t<\/div>\n\t\t\t\t\t<\/div>\n\t\t\t\t<\/div>\n\n\t\t\t<div\n\t\t\t\tclass=\"sow-accordion-panel-content\"\n\t\t\t\trole=\"region\"\n\t\t\t\taria-labelledby=\"accordion-label-pazi%c5%86ojums-par-al%c5%abksnes-novada-teritorijas-pl%c4%81nojuma-izstr%c4%81des-uzs%c4%81k%c5%a1anu\"\n\t\t\t\tid=\"accordion-content-pazi%c5%86ojums-par-al%c5%abksnes-novada-teritorijas-pl%c4%81nojuma-izstr%c4%81des-uzs%c4%81k%c5%a1anu\"\n\t\t\t\tstyle=\"display: none;\"\t\t\t>\n\t\t\t\t<div class=\"sow-accordion-panel-border\">\n\t\t\t\t\t<h2><strong>Pazi\u0146ojums par Al\u016bksnes novada teritorijas pl\u0101nojuma izstr\u0101des uzs\u0101k\u0161anu<\/strong><\/h2>\n<p>&nbsp;<\/p>\n<p>Saska\u0146\u0101 ar Al\u016bksnes novada domes 2024. gada 28. novembra l\u0113mumu Nr. 326 \u201cPar Al\u016bksnes novada teritorijas pl\u0101nojuma 2028.-2040. gadam izstr\u0101des uzs\u0101k\u0161anu\u201d, uzs\u0101kta Al\u016bksnes novada teritorijas pl\u0101nojuma izstr\u0101de, apstiprin\u0101ts izstr\u0101des darba uzdevums un vad\u012bt\u0101js.<\/p>\n<p>Par Al\u016bksnes novada teritorijas pl\u0101nojuma izstr\u0101des vad\u012bt\u0101ju apstiprin\u0101ta Al\u016bksnes novada pa\u0161vald\u012bbas B\u016bvvaldes teritorijas pl\u0101not\u0101ja Vineta Incenberga.<\/p>\n<p>Teritorijas pl\u0101nojuma izstr\u0101de uzs\u0101kta ar m\u0113r\u0137i izstr\u0101d\u0101t efekt\u012bvu novada pl\u0101no\u0161anas instrumentu Al\u016bksnes novada ilgtermi\u0146a att\u012bst\u012bbas \u012bsteno\u0161anai teritorijas izmanto\u0161anas aspekt\u0101.<\/p>\n<p>Ar \u0161obr\u012bd sp\u0113k\u0101 eso\u0161o Al\u016bksnes novada teritorijas pl\u0101nojumu var iepaz\u012bties Al\u016bksnes novada pa\u0161vald\u012bbas m\u0101jaslap\u0101\u00a0<a href=\"http:\/\/www.aluksne.lv\/\">www.aluksne.lv<\/a>\u00a0sada\u013c\u0101 Pa\u0161vald\u012bba\/Dokumenti\/Teritorijas pl\u0101nojums vai Latvijas vienotaj\u0101 \u0123eotelpisk\u0101s inform\u0101cijas port\u0101l\u0101\u00a0<a href=\"http:\/\/www.geolatvija.lv\/\">www.geolatvija.lv<\/a>.<\/p>\n<p>Izstr\u0101d\u0101jot jaunu teritorijas pl\u0101nojumu, ir iesp\u0113jams main\u012bt \u012bpa\u0161umu at\u013cauto izmanto\u0161anas veidu, funkcion\u0101lo zon\u0113jumu, apb\u016bves noteikumu nosac\u012bjumus, t\u0101p\u0113c aicin\u0101m visus interesentus iesaist\u012bties pl\u0101no\u0161anas proces\u0101, sniedzot rakstiskus priek\u0161likumus teritorijas pl\u0101nojuma izstr\u0101dei savos nekustamajos \u012bpa\u0161umos un\/vai publiskaj\u0101s teritorij\u0101s.<\/p>\n<p>Rakstiski priek\u0161likumi un ieteikumi Teritorijas pl\u0101nojuma izstr\u0101dei iesniedzami \u2013 pap\u012bra form\u0101t\u0101: Al\u016bksnes novada pa\u0161vald\u012bbas B\u016bvvald\u0113, D\u0101rza iel\u0101 11, Al\u016bksn\u0113, LV-4301, s\u016btot pa pastu vai elektroniski uz e-pastu:\u00a0<a href=\"mailto:buvvalde@aluksne.lv\">buvvalde@aluksne.lv<\/a>.<\/p>\n<p>Ar izstr\u0101d\u0101to teritorijas pl\u0101nojuma redakciju b\u016bs iesp\u0113jams iepaz\u012bties, k\u0101 ar\u012b izteikt savu viedokli dokumenta publisk\u0101s apsprie\u0161anas laik\u0101, par kuras norisi tiks sniegta papildu inform\u0101cija pa\u0161vald\u012bbas m\u0101jas lapas sada\u013c\u0101\u00a0<a href=\"https:\/\/aluksne.lv\/index.php\/sabiedriba\/sabiedribas-lidzdaliba\/\">https:\/\/aluksne.lv\/index.php\/sabiedriba\/sabiedribas-lidzdaliba\/<\/a>\u00a0un GeoLatvija.lv.<\/p>\n<p><a href=\"https:\/\/aluksne.lv\/wp-content\/uploads\/2025\/09\/Iesnieguma-veidlapa-priekslikumu-izteiksanai-par-TP-izstradi.odt\">Iesnieguma veidlapa priek\u0161likumu izteik\u0161anai par Teritorijas pl\u0101nojuma izstradi<\/a>\u00a0(print\u0113\u0161anai)<\/p>\n<p><a href=\"https:\/\/aluksne.lv\/wp-content\/uploads\/2025\/09\/Iesnieguma-veidlapa-priekslikumu-izteiksanai-par-TP-izstradi-elektronis-1.odt\">Iesnieguma veidlapa priek\u0161likumu izteik\u0161anai par Teritorijas pl\u0101nojuma izstradi<\/a>\u00a0(elektroniskai parakst\u012b\u0161anai)<\/p>\n<p>Jaut\u0101jumu un neskaidr\u012bbu gad\u012bjum\u0101 l\u016bgums sazin\u0101ties ar Al\u016bksnes novada pa\u0161vald\u012bbas B\u016bvvaldes teritorijas pl\u0101not\u0101ju Vinetu Incenbergu, rakstot uz e-pastu vineta.incenberga@aluksne.lv vai zvanot pa t\u0101lru\u0146iem 64320931 vai 26122074.<\/p>\n\t\t\t\t<\/div>\n\t\t\t<\/div>\n\t\t<\/div>\n\t\t<\/div>\n<\/div>\n<\/div><\/div><\/div><div id=\"pgc-597-0-1\"  class=\"panel-grid-cell\" >\t\t<style type=\"text\/css\">\n\t\t\t#accordeconck1 { margin:0;padding:0; }\n#accordeconck1 .accordeonck_desc { display:block; }\n#accordeconck1 li.accordeonck { list-style: none;overflow: hidden; margin: 0;}\n#accordeconck1 ul[class^=\"content\"] { margin:0;padding:0;width:auto; }\n#accordeconck1 li.accordeonck > span { position: relative; display: block; }\n#accordeconck1 li.accordeonck.parent > span { padding-right: 20px;}\n#accordeconck1 li.parent > span span.toggler_icon { position: absolute; cursor: pointer; display: block; height: 100%; z-index: 10;right:0; background: url(https:\/\/aluksne.lv\/wp-content\/plugins\/accordeon-menu-ck\/images\/plus.png) center center no-repeat !important;width: 20px;}\n#accordeconck1 li.parent.open > span span.toggler_icon { right:0; background: url(https:\/\/aluksne.lv\/wp-content\/plugins\/accordeon-menu-ck\/images\/minus.png) center center no-repeat !important;}\n#accordeconck1 li.accordeonck.level2 > span { }\n#accordeconck1 li.level3 li.accordeonck > span { }\n#accordeconck1 a.accordeonck { display: block;text-decoration: none; }\n#accordeconck1 a.accordeonck:hover { text-decoration: none; }\n#accordeconck1 li.parent > span a { display: block;outline: none; }\n#accordeconck1 li.parent.open > span a {  }\n#accordeconck1 li.level2.parent > span span.toggler_icon { right:0;display: block;outline: none;background: url(https:\/\/aluksne.lv\/wp-content\/plugins\/accordeon-menu-ck\/images\/plus.png) center center no-repeat !important; }\n#accordeconck1 li.level2.parent.open > span span.toggler_icon { background: url(https:\/\/aluksne.lv\/wp-content\/plugins\/accordeon-menu-ck\/images\/minus.png) center center no-repeat !important; }\n#accordeconck1 li.level2 li.accordeonck.parent > span span.toggler_icon { right:0;display: block;outline: none;background: url(https:\/\/aluksne.lv\/wp-content\/plugins\/accordeon-menu-ck\/images\/plus.png) center center no-repeat !important; }\n#accordeconck1 li.level2 li.accordeonck.open.parent > span span.toggler_icon { background: url(https:\/\/aluksne.lv\/wp-content\/plugins\/accordeon-menu-ck\/images\/minus.png) center center no-repeat !important; }\n#accordeconck1  {\n\tbackground: #86C2DB;\n\tbackground-size: auto;\tbackground-image: -o-linear-gradient(center top,#86C2DB, #86C2DB 100%);\n\tbackground-image: -webkit-gradient(linear, left top, left bottom,from(#86C2DB), color-stop(100%, #86C2DB));\n\tbackground-image: -moz-linear-gradient(center top,#86C2DB, #86C2DB 100%);\n\tbackground-image: linear-gradient(to bottom,#86C2DB, #86C2DB 100%);\n\tborder-top: none;\n\tborder-bottom: none;\n\tborder-left: none;\n\tborder-right: none;\n\tpadding-top: 5px;\n\tpadding-right: 5px;\n\tpadding-bottom: 5px;\n\tpadding-left: 5px;\n\tfont-family: ;\n}\n\n#accordeconck1  a {\n\tfont-family: ;\n}\n\n#accordeconck1 li.level1 > span a {\n\tcolor: #FFFFFF;\n\tpadding-top: 5px;\n\tpadding-right: 5px;\n\tpadding-bottom: 5px;\n\tpadding-left: 5px;\n\tfont-size: 15px;\n}\n\n#accordeconck1 li.level1 > span a a {\n\tcolor: #FFFFFF;\n\tfont-size: 15px;\n}\n\n#accordeconck1 li.level1 > span .accordeonck_desc {\n\tfont-size: 10px;\n}\n\n#accordeconck1 li.level1 > span .accordeonck_desc a {\n\tfont-size: 10px;\n}\n\n#accordeconck1 li.level1:hover > span a {\n\tcolor: #000000;\n}\n\n#accordeconck1 li.level1:hover > span a a {\n\tcolor: #000000;\n}\n\n#accordeconck1 li.level1 > ul {\n\tbackground-size: auto;\tfont-family: ;\n}\n\n#accordeconck1 li.level1 > ul a {\n\tfont-family: ;\n}\n\n#accordeconck1 li.level2 > span a {\n\tcolor: #636363;\n\tpadding-top: 5px;\n\tpadding-bottom: 5px;\n\tpadding-left: 15px;\n}\n\n#accordeconck1 li.level2 > span a a {\n\tcolor: #636363;\n}\n\n#accordeconck1 li.level2:hover > span a {\n\tcolor: #000000;\n}\n\n#accordeconck1 li.level2:hover > span a a {\n\tcolor: #000000;\n}\n\n#accordeconck1 li.level2 ul[class^=\"content\"] {\n\tbackground-size: auto;\tfont-family: ;\n}\n\n#accordeconck1 li.level2 ul[class^=\"content\"] a {\n\tfont-family: ;\n}\n\n#accordeconck1 li.level2 li.accordeonck > span a {\n\tcolor: #636363;\n\tpadding-top: 2px;\n\tpadding-bottom: 2px;\n\tpadding-left: 20px;\n}\n\n#accordeconck1 li.level2 li.accordeonck > span a a {\n\tcolor: #636363;\n}\n\n#accordeconck1 li.level2 li.accordeonck:hover > span a {\n\tcolor: #000000;\n}\n\n#accordeconck1 li.level2 li.accordeonck:hover > span a a {\n\tcolor: #000000;\n}\t\t<\/style>\n\t\t<div id=\"panel-597-0-1-0\" class=\"so-panel widget widget_accordeon-menu-ck panel-first-child panel-last-child\" data-index=\"2\" ><ul id=\"accordeconck1\" class=\"menu\"><li id=\"menu-item-848\" class=\"menu-item menu-item-type-post_type menu-item-object-page accordeonck menu-item-848 level1\"><span class=\"accordeonck_outer \"><a href=\"https:\/\/aluksne.lv\/index.php\/pasvaldiba\/civilas-aizsardzibas-plans\/\" class=\"accordeonck\">Civil\u0101 aizsardz\u012bba<\/a><\/span><\/li>\n<li id=\"menu-item-853\" class=\"menu-item menu-item-type-post_type menu-item-object-page accordeonck menu-item-853 level1\"><span class=\"accordeonck_outer \"><a href=\"https:\/\/aluksne.lv\/index.php\/pasvaldiba\/dokumenti\/ilgtspejigas-attistibas-strategija\/\" class=\"accordeonck\">Ilgtsp\u0113j\u012bgas att\u012bst\u012bbas strat\u0113\u0123ija<\/a><\/span><\/li>\n<li id=\"menu-item-858\" class=\"menu-item menu-item-type-post_type menu-item-object-page accordeonck menu-item-858 level1\"><span class=\"accordeonck_outer \"><a href=\"https:\/\/aluksne.lv\/index.php\/pasvaldiba\/dokumenti\/attistibas-programma\/\" class=\"accordeonck\">Att\u012bst\u012bbas programma<\/a><\/span><\/li>\n<li id=\"menu-item-3860\" class=\"menu-item menu-item-type-post_type menu-item-object-page accordeonck menu-item-3860 level1\"><span class=\"accordeonck_outer \"><a href=\"https:\/\/aluksne.lv\/index.php\/pasvaldiba\/dokumenti\/nekustama-ipasuma-nodoklis\/\" class=\"accordeonck\">Nekustam\u0101 \u012bpa\u0161uma nodoklis<\/a><\/span><\/li>\n<li id=\"menu-item-849\" class=\"menu-item menu-item-type-post_type menu-item-object-page accordeonck menu-item-849 level1\"><span class=\"accordeonck_outer \"><a href=\"https:\/\/aluksne.lv\/index.php\/pasvaldiba\/dokumenti\/delegesanas-ligumi\/\" class=\"accordeonck\">Dele\u0123\u0113\u0161anas l\u012bgumi<\/a><\/span><\/li>\n<li id=\"menu-item-851\" class=\"menu-item menu-item-type-post_type menu-item-object-page accordeonck menu-item-851 level1\"><span class=\"accordeonck_outer \"><a href=\"https:\/\/aluksne.lv\/index.php\/pasvaldiba\/dokumenti\/detalplanojumi\/\" class=\"accordeonck\">Det\u0101lpl\u0101nojumi<\/a><\/span><\/li>\n<li id=\"menu-item-5438\" class=\"menu-item menu-item-type-post_type menu-item-object-page accordeonck menu-item-5438 level1\"><span class=\"accordeonck_outer \"><a href=\"https:\/\/aluksne.lv\/index.php\/pasvaldiba\/dokumenti\/lokalplanojumi\/\" class=\"accordeonck\">Lok\u0101lpl\u0101nojumi<\/a><\/span><\/li>\n<li id=\"menu-item-852\" class=\"menu-item menu-item-type-post_type menu-item-object-page accordeonck menu-item-852 level1\"><span class=\"accordeonck_outer \"><a href=\"https:\/\/aluksne.lv\/index.php\/pasvaldiba\/dokumenti\/dokumenti-par-pasvaldibas-ielam-un-autoceliem\/\" class=\"accordeonck\">Dokumenti par pa\u0161vald\u012bbas iel\u0101m un autoce\u013ciem<\/a><\/span><\/li>\n<li id=\"menu-item-850\" class=\"menu-item menu-item-type-post_type menu-item-object-page accordeonck menu-item-850 level1\"><span class=\"accordeonck_outer \"><a href=\"https:\/\/aluksne.lv\/index.php\/pasvaldiba\/dokumenti\/derigo-izraktenu-ieguves-atlaujas\/\" class=\"accordeonck\">Der\u012bgo izrakte\u0146u ieguves at\u013caujas<\/a><\/span><\/li>\n<li id=\"menu-item-857\" class=\"menu-item menu-item-type-post_type menu-item-object-page accordeonck menu-item-857 level1\"><span class=\"accordeonck_outer \"><a href=\"https:\/\/aluksne.lv\/index.php\/pasvaldiba\/dokumenti\/teritorijas-planojumi\/\" class=\"accordeonck\">Teritorijas pl\u0101nojums<\/a><\/span><\/li>\n<li id=\"menu-item-854\" class=\"menu-item menu-item-type-post_type menu-item-object-page accordeonck menu-item-854 level1\"><span class=\"accordeonck_outer \"><a href=\"https:\/\/aluksne.lv\/index.php\/pasvaldiba\/dokumenti\/nolikumi\/\" class=\"accordeonck\">Nolikumi<\/a><\/span><\/li>\n<li id=\"menu-item-855\" class=\"menu-item menu-item-type-post_type menu-item-object-page accordeonck menu-item-855 level1\"><span class=\"accordeonck_outer \"><a href=\"https:\/\/aluksne.lv\/index.php\/pasvaldiba\/dokumenti\/saistosie-noteikumi\/\" class=\"accordeonck\">Saisto\u0161ie noteikumi<\/a><\/span><\/li>\n<li id=\"menu-item-847\" class=\"menu-item menu-item-type-post_type menu-item-object-page accordeonck menu-item-847 level1\"><span class=\"accordeonck_outer \"><a href=\"https:\/\/aluksne.lv\/index.php\/pasvaldiba\/dokumenti\/citi-dokumenti\/\" class=\"accordeonck\">Citi dokumenti<\/a><\/span><\/li>\n<\/ul>\t\t<script type=\"text\/javascript\"> <!--\n\t\t\n\t\t\tjQuery(document).ready(function(){\n\t\t\t\tjQuery('#accordeconck1').accordeonmenuck({eventtype : 'click',transition : 'linear',showactive : '1',showactivesubmenu : '0',duree : 500});\n\t\t\t}); \t\t\/\/--> <\/script>\n\t\t<\/div><\/div><\/div><\/div>","protected":false},"excerpt":{"rendered":"<p>Al\u016bksnes novada Teritorijas pl\u0101nojums 2015.-2027. gadam Pazi\u0146ojums par at\u013cauju \u012bstenot Al\u016bksnes novada teritorijas pl\u0101nojuma groz\u012bjumus &nbsp; 13.09.2023. Al\u016bksnes novada pa\u0161vald\u012bba 2023.gada 11.septembr\u012b ir sa\u0146\u0113musi Vides aizsardz\u012bbas un re\u0123ion\u0101l\u0101s att\u012bst\u012bbas ministrijas v\u0113stuli, kur\u0101 ministrija nor\u0101d\u012bjusi, ka Al\u016bksnes novada teritorijas pl\u0101nojuma groz\u012bjumi&#8230;<br \/><a class=\"read-more-button\" href=\"https:\/\/aluksne.lv\/index.php\/pasvaldiba\/dokumenti\/teritorijas-planojumi\/\">Las\u012bt visu<\/a><\/p>\n","protected":false},"author":1,"featured_media":0,"parent":352,"menu_order":0,"comment_status":"closed","ping_status":"closed","template":"","meta":{"_crdt_document":"","_monsterinsights_skip_tracking":false,"_monsterinsights_sitenote_active":false,"_monsterinsights_sitenote_note":"","_monsterinsights_sitenote_category":0,"footnotes":"","_links_to":"","_links_to_target":""},"class_list":["post-597","page","type-page","status-publish","hentry"],"_links":{"self":[{"href":"https:\/\/aluksne.lv\/index.php\/wp-json\/wp\/v2\/pages\/597","targetHints":{"allow":["GET"]}}],"collection":[{"href":"https:\/\/aluksne.lv\/index.php\/wp-json\/wp\/v2\/pages"}],"about":[{"href":"https:\/\/aluksne.lv\/index.php\/wp-json\/wp\/v2\/types\/page"}],"author":[{"embeddable":true,"href":"https:\/\/aluksne.lv\/index.php\/wp-json\/wp\/v2\/users\/1"}],"replies":[{"embeddable":true,"href":"https:\/\/aluksne.lv\/index.php\/wp-json\/wp\/v2\/comments?post=597"}],"version-history":[{"count":0,"href":"https:\/\/aluksne.lv\/index.php\/wp-json\/wp\/v2\/pages\/597\/revisions"}],"up":[{"embeddable":true,"href":"https:\/\/aluksne.lv\/index.php\/wp-json\/wp\/v2\/pages\/352"}],"wp:attachment":[{"href":"https:\/\/aluksne.lv\/index.php\/wp-json\/wp\/v2\/media?parent=597"}],"curies":[{"name":"wp","href":"https:\/\/api.w.org\/{rel}","templated":true}]}}