{"id":6,"date":"2015-12-03T11:46:14","date_gmt":"2015-12-03T11:46:14","guid":{"rendered":"http:\/\/aluksne.lv\/jauna\/?page_id=6"},"modified":"2024-11-20T13:15:31","modified_gmt":"2024-11-20T11:15:31","slug":"pasvaldiba","status":"publish","type":"page","link":"https:\/\/aluksne.lv\/index.php\/pasvaldiba\/","title":{"rendered":"Pa\u0161vald\u012bba"},"content":{"rendered":"<p>&nbsp;<\/p>\n<table class=\"hoverTable\">\n<tbody>\n<tr>\n<td width=\"33%\"><a href=\"index.php\/pasvaldiba\/kontakti\/\">KONTAKTI<\/a><\/td>\n<td width=\"33%\"><a href=\"https:\/\/aluksne.lv\/index.php\/pasvaldiba\/klientu-apkalposanas-centri\/\">KLIENTU APKALPO\u0160ANAS CENTRI<\/a><\/td>\n<td width=\"33%\"><a href=\"index.php\/pasvaldiba\/par-aluksnes-novada-domes-darbu\/\">PAR AL\u016aKSNES NOVADA DOMES DARBU<\/a><\/td>\n<\/tr>\n<tr>\n<td width=\"33%\"><a href=\"index.php\/pasvaldiba\/dokumenti\/\">DOKUMENTI<\/a><\/td>\n<td width=\"33%\"><a href=\"index.php\/pasvaldiba\/budzets\/\">BUD\u017dETS<\/a><\/td>\n<td width=\"33%\"><a href=\"https:\/\/aluksne.lv\/index.php\/pasvaldiba\/civilas-aizsardzibas-plans\/\">CIVIL\u0100 AIZSARDZ\u012aBA<\/a><\/td>\n<\/tr>\n<tr>\n<td width=\"33%\"><a href=\"index.php\/pasvaldiba\/iepirkumi\/\">IEPIRKUMI<\/a><\/td>\n<td width=\"33%\"><a href=\"index.php\/pasvaldiba\/ipasumi\/\">\u012aPA\u0160UMI<\/a><\/td>\n<td width=\"33%\"><a href=\"index.php\/pasvaldiba\/pakalpojumi\/\">PAKALPOJUMI<\/a><\/td>\n<\/tr>\n<tr>\n<td width=\"33%\"><a href=\"index.php\/pasvaldiba\/izsoles\/\">IZSOLES<\/a><\/td>\n<td width=\"33%\"><a href=\"index.php\/pasvaldiba\/komisijas\/\">KOMISIJAS<\/a><\/td>\n<td width=\"33%\"><a href=\"index.php\/pasvaldiba\/kapitalsabiedribas\/\">KAPIT\u0100L SABIEDR\u012aBAS<\/a><\/td>\n<\/tr>\n<tr>\n<td width=\"33%\"><a href=\"index.php\/pasvaldiba\/socialas-un-citas-iestades\/\">SOCI\u0100L\u0100S UN CITAS IEST\u0100DES<\/a><\/td>\n<td width=\"33%\"><a href=\"index.php\/pasvaldiba\/buvvalde\/\">B\u016aVVALDE<\/a><\/td>\n<td width=\"33%\"><a href=\"index.php\/pasvaldiba\/pagastu-parvaldes\/\">AL\u016aKSNES NOVADA PAGASTU APVIEN\u012aBAS P\u0100RVALDE<\/a><\/td>\n<\/tr>\n<tr>\n<td width=\"33%\"><a href=\"index.php\/pasvaldiba\/pasvaldibas-struktura\/\">PA\u0160VALD\u012aBAS STRUKT\u016aRA<\/a><\/td>\n<td width=\"33%\"><a href=\"aluksne.lv\/index.php\/pasvaldiba\/pasvaldibas-apbalvojumi\/\">PA\u0160VALD\u012aBAS APBALVOJUMI<\/a><\/td>\n<td width=\"33%\"><a href=\"http:\/\/aluksne.lv\/index.php\/pasvaldiba\/3461-2\/\">VAKANCES<\/a><\/td>\n<\/tr>\n<tr>\n<td width=\"33%\"><a href=\"index.php\/index.php\/pasvaldiba\/konkursi\/\">KONKURSI<\/a><\/td>\n<td width=\"33%\"><a href=\"index.php\/aluksnes-novada-vestis\/\">AL\u016aKSNES NOVADA V\u0112STIS<\/a><\/td>\n<td width=\"33%\"><a href=\"index.php\/pasvaldiba\/starpinstitucionala-sadarbibas-grupa\/\">STARPINSTITUCION\u0100L\u0100 SADARB\u012aBAS GRUPA<\/a><\/td>\n<\/tr>\n<tr>\n<td width=\"33%\"><a href=\"index.php\/aluksnes-novada-pasvaldibas-iestazu-vaditaju-specialistu-apmekletaju-pienemsanas-laiki\/\">AL\u016aKSNES NOVADA PA\u0160VALD\u012aBAS IEST\u0100\u017dU VAD\u012aT\u0100JU, SPECI\u0100LISTU APMEKL\u0112T\u0100JU PIE\u0145EM\u0160ANAS LAIKI<\/a><\/td>\n<td width=\"33%\"><a href=\"aluksne.lv\/index.php\/pasvaldiba\/asenizatoru-registrs\/\">ASENIZATORU RE\u0122ISTRS<\/a><\/td>\n<td width=\"33%\"><a href=\"https:\/\/aluksne.lv\/index.php\/pasvaldiba\/trauksmes-celsana\/\"><b>TRAUKSMES CEL\u0160ANA<\/b><\/a><\/td>\n<\/tr>\n<\/tbody>\n<\/table>\n","protected":false},"excerpt":{"rendered":"<p>&nbsp; KONTAKTI KLIENTU APKALPO\u0160ANAS CENTRI PAR AL\u016aKSNES NOVADA DOMES DARBU DOKUMENTI BUD\u017dETS CIVIL\u0100 AIZSARDZ\u012aBA IEPIRKUMI \u012aPA\u0160UMI PAKALPOJUMI IZSOLES KOMISIJAS KAPIT\u0100L SABIEDR\u012aBAS SOCI\u0100L\u0100S UN CITAS IEST\u0100DES B\u016aVVALDE AL\u016aKSNES NOVADA PAGASTU APVIEN\u012aBAS P\u0100RVALDE PA\u0160VALD\u012aBAS STRUKT\u016aRA PA\u0160VALD\u012aBAS APBALVOJUMI VAKANCES KONKURSI AL\u016aKSNES NOVADA V\u0112STIS&#8230;<br \/><a class=\"read-more-button\" href=\"https:\/\/aluksne.lv\/index.php\/pasvaldiba\/\">Las\u012bt visu<\/a><\/p>\n","protected":false},"author":1,"featured_media":0,"parent":0,"menu_order":0,"comment_status":"closed","ping_status":"closed","template":"","meta":{"_crdt_document":"","_monsterinsights_skip_tracking":false,"_monsterinsights_sitenote_active":false,"_monsterinsights_sitenote_note":"","_monsterinsights_sitenote_category":0,"footnotes":"","_links_to":"","_links_to_target":""},"class_list":["post-6","page","type-page","status-publish","hentry"],"_links":{"self":[{"href":"https:\/\/aluksne.lv\/index.php\/wp-json\/wp\/v2\/pages\/6","targetHints":{"allow":["GET"]}}],"collection":[{"href":"https:\/\/aluksne.lv\/index.php\/wp-json\/wp\/v2\/pages"}],"about":[{"href":"https:\/\/aluksne.lv\/index.php\/wp-json\/wp\/v2\/types\/page"}],"author":[{"embeddable":true,"href":"https:\/\/aluksne.lv\/index.php\/wp-json\/wp\/v2\/users\/1"}],"replies":[{"embeddable":true,"href":"https:\/\/aluksne.lv\/index.php\/wp-json\/wp\/v2\/comments?post=6"}],"version-history":[{"count":0,"href":"https:\/\/aluksne.lv\/index.php\/wp-json\/wp\/v2\/pages\/6\/revisions"}],"wp:attachment":[{"href":"https:\/\/aluksne.lv\/index.php\/wp-json\/wp\/v2\/media?parent=6"}],"curies":[{"name":"wp","href":"https:\/\/api.w.org\/{rel}","templated":true}]}}