{"id":6043,"date":"2018-06-27T10:35:14","date_gmt":"2018-06-27T10:35:14","guid":{"rendered":"http:\/\/aluksne.lv\/?page_id=6043"},"modified":"2024-03-18T11:25:13","modified_gmt":"2024-03-18T09:25:13","slug":"komisijas-sezu-protokoli-lemumi","status":"publish","type":"page","link":"https:\/\/aluksne.lv\/index.php\/pasvaldiba\/komisijas\/komisijas-sezu-protokoli-lemumi\/","title":{"rendered":"Med\u012bbu koordin\u0101cijas komisijas s\u0113\u017eu protokoli, l\u0113mumi"},"content":{"rendered":"<p>&nbsp;<\/p>\n<table class=\"pienem\" style=\"border-collapse: collapse; width: 100%; height: 10px;\">\n<tbody>\n<tr>\n<td style=\"width: 25.6807%;\">11.10.2022.<\/td>\n<td style=\"width: 36.9757%;\">\u00a0<\/td>\n<td style=\"width: 36.9757%;\"><a href=\"https:\/\/aluksne.lv\/wp-content\/uploads\/2022\/10\/Protokols-Nr.2.pdf\">Protokols Nr.2\/2022\u00a0<\/a><\/td>\n<\/tr>\n<tr>\n<td style=\"width: 25.6807%;\">06.06.2022.<\/td>\n<td style=\"width: 36.9757%;\">\u00a0<\/td>\n<td style=\"width: 36.9757%;\"><a href=\"https:\/\/aluksne.lv\/wp-content\/uploads\/2022\/06\/Protokols_Nr.1.pdf\">Protokols Nr.1\/2022<\/a><\/td>\n<\/tr>\n<tr>\n<td style=\"width: 25.6807%;\">20.05.2020.<\/td>\n<td style=\"width: 36.9757%;\"><a href=\"https:\/\/aluksne.lv\/citi%20dokumenti\/Lemums.pdf\">L\u0113mums<\/a><\/td>\n<td style=\"width: 36.9757%;\"><a href=\"https:\/\/aluksne.lv\/citi%20dokumenti\/Protokols_.pdf\">Protokols Nr.1\/2020<\/a>\u00a0<\/td>\n<\/tr>\n<tr>\n<td style=\"width: 25.6807%;\">01.11.2018.<\/td>\n<td style=\"width: 36.9757%;\"><a href=\"https:\/\/aluksne.lv\/wp-content\/uploads\/2018\/11\/Nr_2.pdf\">L\u0113mums<\/a><\/td>\n<td style=\"width: 36.9757%;\"><a href=\"https:\/\/aluksne.lv\/wp-content\/uploads\/2018\/11\/protokols_Nr_3.pdf\">Protokols Nr.3\/2018<\/a><\/td>\n<\/tr>\n<tr>\n<td style=\"width: 25.6807%;\">05.06.2015.<\/td>\n<td style=\"width: 36.9757%;\"><a href=\"https:\/\/www.aluksne.lv\/zpp_komisijas\/Medib_kom\/2018\/lemums.docx\">L\u0113mums<\/a> (<a href=\"https:\/\/www.aluksne.lv\/zpp_komisijas\/Medib_kom\/2018\/Aprekini.zip\">Apr\u0113\u0137ini<\/a>)<\/td>\n<td style=\"width: 36.9757%;\"><a href=\"https:\/\/www.aluksne.lv\/zpp_komisijas\/Medib_kom\/2018\/prot_Nr2_05_06.doc\">Protokols nr. 2\/2018<\/a><\/td>\n<\/tr>\n<tr>\n<td style=\"width: 25.6807%;\">22.05.2015.<\/td>\n<td style=\"width: 36.9757%;\">\u00a0<\/td>\n<td style=\"width: 36.9757%;\"><a href=\"https:\/\/www.aluksne.lv\/zpp_komisijas\/Medib_kom\/2018\/prot_Nr1_22_05.doc\">Protokols nr. 1\/2018<\/a><\/td>\n<\/tr>\n<tr>\n<td style=\"width: 25.6807%;\">14.10.2014.<\/td>\n<td style=\"width: 36.9757%;\">\u00a0<\/td>\n<td style=\"width: 36.9757%;\"><a href=\"https:\/\/www.aluksne.lv\/zpp_komisijas\/Medib_kom\/Nr2_14_10.doc\">Protokols nr. 2<\/a>\u00a0<\/td>\n<\/tr>\n<tr>\n<td style=\"width: 25.6807%;\">07.10.2014.<\/td>\n<td style=\"width: 36.9757%;\">\u00a0<\/td>\n<td style=\"width: 36.9757%;\"><a href=\"https:\/\/www.aluksne.lv\/zpp_komisijas\/Medib_kom\/Nr1_07_10.doc\">Protokols nr. 1<\/a><\/td>\n<\/tr>\n<\/tbody>\n<\/table>\n<p>&nbsp;<\/p>\n<p>&nbsp;<\/p>\n<p>\n<a href=\"https:\/\/www.aluksne.lv\/zpp_komisijas\/Medib_kom\/2018\/prot_Nr1_22_05.doc\"><br \/>\n<\/a><br \/>\n<a href=\"https:\/\/www.aluksne.lv\/zpp_komisijas\/Medib_kom\/Nr1_07_10.doc\"><br \/>\n<\/a><\/p>\n<p><\/p>\n","protected":false},"excerpt":{"rendered":"<p>&nbsp; 11.10.2022. \u00a0 Protokols Nr.2\/2022\u00a0 06.06.2022. \u00a0 Protokols Nr.1\/2022 20.05.2020. L\u0113mums Protokols Nr.1\/2020\u00a0 01.11.2018. L\u0113mums Protokols Nr.3\/2018 05.06.2015. L\u0113mums (Apr\u0113\u0137ini) Protokols nr. 2\/2018 22.05.2015. \u00a0 Protokols nr. 1\/2018 14.10.2014. \u00a0 Protokols nr. 2\u00a0 07.10.2014. \u00a0 Protokols nr. 1 &nbsp; &nbsp;<\/p>\n","protected":false},"author":1,"featured_media":0,"parent":389,"menu_order":0,"comment_status":"closed","ping_status":"closed","template":"","meta":{"_crdt_document":"","_monsterinsights_skip_tracking":false,"_monsterinsights_sitenote_active":false,"_monsterinsights_sitenote_note":"","_monsterinsights_sitenote_category":0,"footnotes":"","_links_to":"","_links_to_target":""},"class_list":["post-6043","page","type-page","status-publish","hentry"],"_links":{"self":[{"href":"https:\/\/aluksne.lv\/index.php\/wp-json\/wp\/v2\/pages\/6043","targetHints":{"allow":["GET"]}}],"collection":[{"href":"https:\/\/aluksne.lv\/index.php\/wp-json\/wp\/v2\/pages"}],"about":[{"href":"https:\/\/aluksne.lv\/index.php\/wp-json\/wp\/v2\/types\/page"}],"author":[{"embeddable":true,"href":"https:\/\/aluksne.lv\/index.php\/wp-json\/wp\/v2\/users\/1"}],"replies":[{"embeddable":true,"href":"https:\/\/aluksne.lv\/index.php\/wp-json\/wp\/v2\/comments?post=6043"}],"version-history":[{"count":0,"href":"https:\/\/aluksne.lv\/index.php\/wp-json\/wp\/v2\/pages\/6043\/revisions"}],"up":[{"embeddable":true,"href":"https:\/\/aluksne.lv\/index.php\/wp-json\/wp\/v2\/pages\/389"}],"wp:attachment":[{"href":"https:\/\/aluksne.lv\/index.php\/wp-json\/wp\/v2\/media?parent=6043"}],"curies":[{"name":"wp","href":"https:\/\/api.w.org\/{rel}","templated":true}]}}