{"id":60618,"date":"2026-02-17T09:23:57","date_gmt":"2026-02-17T07:23:57","guid":{"rendered":"https:\/\/aluksne.lv\/?page_id=60618"},"modified":"2026-02-18T11:01:23","modified_gmt":"2026-02-18T09:01:23","slug":"pirms-buve-un-atjauno","status":"publish","type":"page","link":"https:\/\/aluksne.lv\/index.php\/pasvaldiba\/buvvalde\/pirms-buve-un-atjauno\/","title":{"rendered":"Pirms b\u016bv\u0113 un atjauno"},"content":{"rendered":"<div id=\"pl-60618\"  class=\"panel-layout\" ><div id=\"pg-60618-0\"  class=\"panel-grid panel-no-style\" ><div id=\"pgc-60618-0-0\"  class=\"panel-grid-cell panel-grid-cell-empty panel-grid-cell-mobile-last\" ><\/div><div id=\"pgc-60618-0-1\"  class=\"panel-grid-cell panel-grid-cell-empty\" ><\/div><\/div><div id=\"pg-60618-1\"  class=\"panel-grid panel-no-style\" ><div id=\"pgc-60618-1-0\"  class=\"panel-grid-cell\" ><div id=\"panel-60618-1-0-0\" class=\"so-panel widget widget_sow-editor panel-first-child panel-last-child\" data-index=\"0\" ><div\n\t\t\t\n\t\t\tclass=\"so-widget-sow-editor so-widget-sow-editor-base\"\n\t\t\t\n\t\t>\n<div class=\"siteorigin-widget-tinymce textwidget\">\n\t<p><a href=\"https:\/\/aluksne.lv\/wp-content\/uploads\/2026\/02\/A3_lokams_jauns_web2.pdf\"><img loading=\"lazy\" decoding=\"async\" class=\"alignnone wp-image-60674 size-full\" src=\"https:\/\/aluksne.lv\/wp-content\/uploads\/2026\/02\/2_Buvvalde_A3_lokams_jauns_web_Page_1.jpg\" alt=\"\" width=\"550\" height=\"778\" srcset=\"https:\/\/aluksne.lv\/wp-content\/uploads\/2026\/02\/2_Buvvalde_A3_lokams_jauns_web_Page_1.jpg 550w, https:\/\/aluksne.lv\/wp-content\/uploads\/2026\/02\/2_Buvvalde_A3_lokams_jauns_web_Page_1-424x600.jpg 424w\" sizes=\"auto, (max-width: 550px) 100vw, 550px\" \/><\/a><\/p>\n<\/div>\n<\/div><\/div><\/div><div id=\"pgc-60618-1-1\"  class=\"panel-grid-cell\" ><div id=\"panel-60618-1-1-0\" class=\"so-panel widget widget_sow-editor panel-first-child panel-last-child\" data-index=\"1\" ><div\n\t\t\t\n\t\t\tclass=\"so-widget-sow-editor so-widget-sow-editor-base\"\n\t\t\t\n\t\t>\n<div class=\"siteorigin-widget-tinymce textwidget\">\n\t<p><a href=\"https:\/\/aluksne.lv\/wp-content\/uploads\/2026\/02\/A3_lokams_centrs_web2.pdf\"><img loading=\"lazy\" decoding=\"async\" class=\"alignnone wp-image-60679 size-full\" src=\"https:\/\/aluksne.lv\/wp-content\/uploads\/2026\/02\/2_Buvvalde_A3_lokams_centrs_web_Page_1-e1771405265692.jpg\" alt=\"\" width=\"550\" height=\"777\" srcset=\"https:\/\/aluksne.lv\/wp-content\/uploads\/2026\/02\/2_Buvvalde_A3_lokams_centrs_web_Page_1-e1771405265692.jpg 550w, https:\/\/aluksne.lv\/wp-content\/uploads\/2026\/02\/2_Buvvalde_A3_lokams_centrs_web_Page_1-e1771405265692-425x600.jpg 425w\" sizes=\"auto, (max-width: 550px) 100vw, 550px\" \/><\/a><\/p>\n<\/div>\n<\/div><\/div><\/div><div id=\"pgc-60618-1-2\"  class=\"panel-grid-cell\" >\t\t<style type=\"text\/css\">\n\t\t\t#accordeconck1 { margin:0;padding:0; }\n#accordeconck1 .accordeonck_desc { display:block; }\n#accordeconck1 li.accordeonck { list-style: none;overflow: hidden; margin: 0;}\n#accordeconck1 ul[class^=\"content\"] { margin:0;padding:0;width:auto; }\n#accordeconck1 li.accordeonck > span { position: relative; display: block; }\n#accordeconck1 li.accordeonck.parent > span { padding-right: 20px;}\n#accordeconck1 li.parent > span span.toggler_icon { position: absolute; cursor: pointer; display: block; height: 100%; z-index: 10;right:0; background: url(https:\/\/aluksne.lv\/wp-content\/plugins\/accordeon-menu-ck\/images\/plus.png) center center no-repeat !important;width: 20px;}\n#accordeconck1 li.parent.open > span span.toggler_icon { right:0; background: url(https:\/\/aluksne.lv\/wp-content\/plugins\/accordeon-menu-ck\/images\/minus.png) center center no-repeat !important;}\n#accordeconck1 li.accordeonck.level2 > span { }\n#accordeconck1 li.level3 li.accordeonck > span { }\n#accordeconck1 a.accordeonck { display: block;text-decoration: none; }\n#accordeconck1 a.accordeonck:hover { text-decoration: none; }\n#accordeconck1 li.parent > span a { display: block;outline: none; }\n#accordeconck1 li.parent.open > span a {  }\n#accordeconck1 li.level2.parent > span span.toggler_icon { right:0;display: block;outline: none;background: url(https:\/\/aluksne.lv\/wp-content\/plugins\/accordeon-menu-ck\/images\/plus.png) center center no-repeat !important; }\n#accordeconck1 li.level2.parent.open > span span.toggler_icon { background: url(https:\/\/aluksne.lv\/wp-content\/plugins\/accordeon-menu-ck\/images\/minus.png) center center no-repeat !important; }\n#accordeconck1 li.level2 li.accordeonck.parent > span span.toggler_icon { right:0;display: block;outline: none;background: url(https:\/\/aluksne.lv\/wp-content\/plugins\/accordeon-menu-ck\/images\/plus.png) center center no-repeat !important; }\n#accordeconck1 li.level2 li.accordeonck.open.parent > span span.toggler_icon { background: url(https:\/\/aluksne.lv\/wp-content\/plugins\/accordeon-menu-ck\/images\/minus.png) center center no-repeat !important; }\n#accordeconck1  {\n\tbackground: #86C2DB;\n\tbackground-size: auto;\tbackground-image: -o-linear-gradient(center top,#86C2DB, #86C2DB 100%);\n\tbackground-image: -webkit-gradient(linear, left top, left bottom,from(#86C2DB), color-stop(100%, #86C2DB));\n\tbackground-image: -moz-linear-gradient(center top,#86C2DB, #86C2DB 100%);\n\tbackground-image: linear-gradient(to bottom,#86C2DB, #86C2DB 100%);\n\tborder-top: none;\n\tborder-bottom: none;\n\tborder-left: none;\n\tborder-right: none;\n\tpadding-top: 5px;\n\tpadding-right: 5px;\n\tpadding-bottom: 5px;\n\tpadding-left: 5px;\n\tfont-family: ;\n}\n\n#accordeconck1  a {\n\tfont-family: ;\n}\n\n#accordeconck1 li.level1 > span a {\n\tcolor: #FFFFFF;\n\tpadding-top: 5px;\n\tpadding-right: 5px;\n\tpadding-bottom: 5px;\n\tpadding-left: 5px;\n\tfont-size: 15px;\n}\n\n#accordeconck1 li.level1 > span a a {\n\tcolor: #FFFFFF;\n\tfont-size: 15px;\n}\n\n#accordeconck1 li.level1 > span .accordeonck_desc {\n\tfont-size: 10px;\n}\n\n#accordeconck1 li.level1 > span .accordeonck_desc a {\n\tfont-size: 10px;\n}\n\n#accordeconck1 li.level1:hover > span a {\n\tcolor: #000000;\n}\n\n#accordeconck1 li.level1:hover > span a a {\n\tcolor: #000000;\n}\n\n#accordeconck1 li.level1 > ul {\n\tbackground-size: auto;\tfont-family: ;\n}\n\n#accordeconck1 li.level1 > ul a {\n\tfont-family: ;\n}\n\n#accordeconck1 li.level2 > span a {\n\tcolor: #636363;\n\tpadding-top: 5px;\n\tpadding-bottom: 5px;\n\tpadding-left: 15px;\n}\n\n#accordeconck1 li.level2 > span a a {\n\tcolor: #636363;\n}\n\n#accordeconck1 li.level2:hover > span a {\n\tcolor: #000000;\n}\n\n#accordeconck1 li.level2:hover > span a a {\n\tcolor: #000000;\n}\n\n#accordeconck1 li.level2 ul[class^=\"content\"] {\n\tbackground-size: auto;\tfont-family: ;\n}\n\n#accordeconck1 li.level2 ul[class^=\"content\"] a {\n\tfont-family: ;\n}\n\n#accordeconck1 li.level2 li.accordeonck > span a {\n\tcolor: #636363;\n\tpadding-top: 2px;\n\tpadding-bottom: 2px;\n\tpadding-left: 20px;\n}\n\n#accordeconck1 li.level2 li.accordeonck > span a a {\n\tcolor: #636363;\n}\n\n#accordeconck1 li.level2 li.accordeonck:hover > span a {\n\tcolor: #000000;\n}\n\n#accordeconck1 li.level2 li.accordeonck:hover > span a a {\n\tcolor: #000000;\n}\t\t<\/style>\n\t\t<div id=\"panel-60618-1-2-0\" class=\"so-panel widget widget_accordeon-menu-ck panel-first-child panel-last-child\" data-index=\"2\" ><ul id=\"accordeconck1\" class=\"menu\"><li id=\"menu-item-60650\" class=\"menu-item menu-item-type-post_type menu-item-object-page accordeonck menu-item-60650 level1\"><span class=\"accordeonck_outer \"><a href=\"https:\/\/aluksne.lv\/index.php\/pasvaldiba\/buvvalde\/\" class=\"accordeonck\">B\u016bvvalde<\/a><\/span><\/li>\n<li id=\"menu-item-60651\" class=\"menu-item menu-item-type-post_type menu-item-object-page accordeonck menu-item-60651 level1\"><span class=\"accordeonck_outer \"><a href=\"https:\/\/aluksne.lv\/index.php\/pasvaldiba\/buvvalde\/pirms-buve-un-atjauno\/\" class=\"accordeonck\">Pirms b\u016bv\u0113 un atjauno<\/a><\/span><\/li>\n<li id=\"menu-item-60654\" class=\"menu-item menu-item-type-post_type menu-item-object-page accordeonck menu-item-60654 level1\"><span class=\"accordeonck_outer \"><a href=\"https:\/\/aluksne.lv\/index.php\/pasvaldiba\/buvvalde\/pakalpojumi\/\" class=\"accordeonck\">Pakalpojumi<\/a><\/span><\/li>\n<li id=\"menu-item-60655\" class=\"menu-item menu-item-type-post_type menu-item-object-page accordeonck menu-item-60655 level1\"><span class=\"accordeonck_outer \"><a href=\"https:\/\/aluksne.lv\/index.php\/pasvaldiba\/buvvalde\/dokumenti\/\" class=\"accordeonck\">Normat\u012bvie akti<\/a><\/span><\/li>\n<li id=\"menu-item-60656\" class=\"menu-item menu-item-type-post_type menu-item-object-page accordeonck menu-item-60656 level1\"><span class=\"accordeonck_outer \"><a href=\"https:\/\/aluksne.lv\/index.php\/pasvaldiba\/buvvalde\/iesniegumi\/\" class=\"accordeonck\">Iesniegumi<\/a><\/span><\/li>\n<\/ul>\t\t<script type=\"text\/javascript\"> <!--\n\t\t\n\t\t\tjQuery(document).ready(function(){\n\t\t\t\tjQuery('#accordeconck1').accordeonmenuck({eventtype : 'click',transition : 'linear',showactive : '1',showactivesubmenu : '0',duree : 500});\n\t\t\t}); \t\t\/\/--> <\/script>\n\t\t<\/div><\/div><\/div><\/div>","protected":false},"excerpt":{"rendered":"<p>B\u016bvvalde Pirms b\u016bv\u0113 un atjauno Pakalpojumi Normat\u012bvie akti Iesniegumi<\/p>\n","protected":false},"author":1,"featured_media":0,"parent":395,"menu_order":0,"comment_status":"closed","ping_status":"closed","template":"","meta":{"_crdt_document":"","_monsterinsights_skip_tracking":false,"_monsterinsights_sitenote_active":false,"_monsterinsights_sitenote_note":"","_monsterinsights_sitenote_category":0,"footnotes":"","_links_to":"","_links_to_target":""},"class_list":["post-60618","page","type-page","status-publish","hentry"],"_links":{"self":[{"href":"https:\/\/aluksne.lv\/index.php\/wp-json\/wp\/v2\/pages\/60618","targetHints":{"allow":["GET"]}}],"collection":[{"href":"https:\/\/aluksne.lv\/index.php\/wp-json\/wp\/v2\/pages"}],"about":[{"href":"https:\/\/aluksne.lv\/index.php\/wp-json\/wp\/v2\/types\/page"}],"author":[{"embeddable":true,"href":"https:\/\/aluksne.lv\/index.php\/wp-json\/wp\/v2\/users\/1"}],"replies":[{"embeddable":true,"href":"https:\/\/aluksne.lv\/index.php\/wp-json\/wp\/v2\/comments?post=60618"}],"version-history":[{"count":20,"href":"https:\/\/aluksne.lv\/index.php\/wp-json\/wp\/v2\/pages\/60618\/revisions"}],"predecessor-version":[{"id":60711,"href":"https:\/\/aluksne.lv\/index.php\/wp-json\/wp\/v2\/pages\/60618\/revisions\/60711"}],"up":[{"embeddable":true,"href":"https:\/\/aluksne.lv\/index.php\/wp-json\/wp\/v2\/pages\/395"}],"wp:attachment":[{"href":"https:\/\/aluksne.lv\/index.php\/wp-json\/wp\/v2\/media?parent=60618"}],"curies":[{"name":"wp","href":"https:\/\/api.w.org\/{rel}","templated":true}]}}