{"id":60622,"date":"2026-02-17T09:25:57","date_gmt":"2026-02-17T07:25:57","guid":{"rendered":"https:\/\/aluksne.lv\/?page_id=60622"},"modified":"2026-02-18T16:44:53","modified_gmt":"2026-02-18T14:44:53","slug":"dokumenti","status":"publish","type":"page","link":"https:\/\/aluksne.lv\/index.php\/pasvaldiba\/buvvalde\/dokumenti\/","title":{"rendered":"Normat\u012bvie akti"},"content":{"rendered":"<div id=\"pl-60622\"  class=\"panel-layout\" ><div id=\"pg-60622-0\"  class=\"panel-grid panel-no-style\" ><div id=\"pgc-60622-0-0\"  class=\"panel-grid-cell panel-grid-cell-empty\" ><\/div><\/div><div id=\"pg-60622-1\"  class=\"panel-grid panel-no-style\" ><div id=\"pgc-60622-1-0\"  class=\"panel-grid-cell\" ><div id=\"panel-60622-1-0-0\" class=\"so-panel widget widget_sow-editor panel-first-child panel-last-child\" data-index=\"0\" ><div\n\t\t\t\n\t\t\tclass=\"so-widget-sow-editor so-widget-sow-editor-base\"\n\t\t\t\n\t\t>\n<div class=\"siteorigin-widget-tinymce textwidget\">\n\t<p><a href=\"https:\/\/aluksne.lv\/wp-content\/uploads\/2026\/01\/5_Buvvaldes_nolikums.docx\"><strong>Al\u016bksnes novada pa\u0161vald\u012bbas B\u016bvvaldes nolikums<\/strong><\/a><\/p>\n<p>&nbsp;<\/p>\n<p><a href=\"http:\/\/likumi.lv\/doc.php?id=258572\"><strong>B\u016bvniec\u012bbas likums<\/strong><\/a><\/p>\n<p>&nbsp;<\/p>\n<p><a href=\"http:\/\/likumi.lv\/doc.php?id=269069\"><strong>Visp\u0101r\u012bgie b\u016bvnoteikumi<\/strong><\/a><\/p>\n<p>&nbsp;<\/p>\n<p><strong><a href=\"https:\/\/geolatvija.lv\/geo\/tapis#document_28067\">Al\u016bksnes novada teritorijas pl\u0101nojums<\/a>\u00a0<\/strong><\/p>\n<p>&nbsp;<\/p>\n<p><strong><a href=\"https:\/\/likumi.lv\/ta\/id\/341537-grozijumi-aluksnes-novada-pasvaldibas-domes-2015-gada-27-augusta-saistosajos-noteikumos-nr-142015-aluksnes-novada-teritorijas-planojums-20152027-gadam-teritorijas-izmantosanas-un-apbuves-noteikumi-un-grafiska-dala\">Teritorijas izmanto\u0161anas un apb\u016bves noteikumi<\/a> <\/strong>(Al\u016bksnes novada teritorijas pl\u0101nojuma 2015.-2027. gadam groz\u012bjumi; redakcija 3.2.)<\/p>\n<p>&nbsp;<\/p>\n<p><a href=\"https:\/\/likumi.lv\/ta\/id\/357661-par-aluksnes-novada-pasvaldibas-nodevam\"><strong>Par Al\u016bksnes novada pa\u0161vald\u012bbas nodev\u0101m<\/strong><\/a> (Al\u016bksnes novada pa\u0161vald\u012bbas domes saisto\u0161ie noteikumi Nr. 36\/2024)<\/p>\n<p>&nbsp;<\/p>\n<p>&nbsp;<\/p>\n<p>&nbsp;<\/p>\n<\/div>\n<\/div><\/div><\/div><div id=\"pgc-60622-1-1\"  class=\"panel-grid-cell\" >\t\t<style type=\"text\/css\">\n\t\t\t#accordeconck1 { margin:0;padding:0; }\n#accordeconck1 .accordeonck_desc { display:block; }\n#accordeconck1 li.accordeonck { list-style: none;overflow: hidden; margin: 0;}\n#accordeconck1 ul[class^=\"content\"] { margin:0;padding:0;width:auto; }\n#accordeconck1 li.accordeonck > span { position: relative; display: block; }\n#accordeconck1 li.accordeonck.parent > span { padding-right: 20px;}\n#accordeconck1 li.parent > span span.toggler_icon { position: absolute; cursor: pointer; display: block; height: 100%; z-index: 10;right:0; background: url(https:\/\/aluksne.lv\/wp-content\/plugins\/accordeon-menu-ck\/images\/plus.png) center center no-repeat !important;width: 20px;}\n#accordeconck1 li.parent.open > span span.toggler_icon { right:0; background: url(https:\/\/aluksne.lv\/wp-content\/plugins\/accordeon-menu-ck\/images\/minus.png) center center no-repeat !important;}\n#accordeconck1 li.accordeonck.level2 > span { }\n#accordeconck1 li.level3 li.accordeonck > span { }\n#accordeconck1 a.accordeonck { display: block;text-decoration: none; }\n#accordeconck1 a.accordeonck:hover { text-decoration: none; }\n#accordeconck1 li.parent > span a { display: block;outline: none; }\n#accordeconck1 li.parent.open > span a {  }\n#accordeconck1 li.level2.parent > span span.toggler_icon { right:0;display: block;outline: none;background: url(https:\/\/aluksne.lv\/wp-content\/plugins\/accordeon-menu-ck\/images\/plus.png) center center no-repeat !important; }\n#accordeconck1 li.level2.parent.open > span span.toggler_icon { background: url(https:\/\/aluksne.lv\/wp-content\/plugins\/accordeon-menu-ck\/images\/minus.png) center center no-repeat !important; }\n#accordeconck1 li.level2 li.accordeonck.parent > span span.toggler_icon { right:0;display: block;outline: none;background: url(https:\/\/aluksne.lv\/wp-content\/plugins\/accordeon-menu-ck\/images\/plus.png) center center no-repeat !important; }\n#accordeconck1 li.level2 li.accordeonck.open.parent > span span.toggler_icon { background: url(https:\/\/aluksne.lv\/wp-content\/plugins\/accordeon-menu-ck\/images\/minus.png) center center no-repeat !important; }\n#accordeconck1  {\n\tbackground: #86C2DB;\n\tbackground-size: auto;\tbackground-image: -o-linear-gradient(center top,#86C2DB, #86C2DB 100%);\n\tbackground-image: -webkit-gradient(linear, left top, left bottom,from(#86C2DB), color-stop(100%, #86C2DB));\n\tbackground-image: -moz-linear-gradient(center top,#86C2DB, #86C2DB 100%);\n\tbackground-image: linear-gradient(to bottom,#86C2DB, #86C2DB 100%);\n\tborder-top: none;\n\tborder-bottom: none;\n\tborder-left: none;\n\tborder-right: none;\n\tpadding-top: 5px;\n\tpadding-right: 5px;\n\tpadding-bottom: 5px;\n\tpadding-left: 5px;\n\tfont-family: ;\n}\n\n#accordeconck1  a {\n\tfont-family: ;\n}\n\n#accordeconck1 li.level1 > span a {\n\tcolor: #FFFFFF;\n\tpadding-top: 5px;\n\tpadding-right: 5px;\n\tpadding-bottom: 5px;\n\tpadding-left: 5px;\n\tfont-size: 15px;\n}\n\n#accordeconck1 li.level1 > span a a {\n\tcolor: #FFFFFF;\n\tfont-size: 15px;\n}\n\n#accordeconck1 li.level1 > span .accordeonck_desc {\n\tfont-size: 10px;\n}\n\n#accordeconck1 li.level1 > span .accordeonck_desc a {\n\tfont-size: 10px;\n}\n\n#accordeconck1 li.level1:hover > span a {\n\tcolor: #000000;\n}\n\n#accordeconck1 li.level1:hover > span a a {\n\tcolor: #000000;\n}\n\n#accordeconck1 li.level1 > ul {\n\tbackground-size: auto;\tfont-family: ;\n}\n\n#accordeconck1 li.level1 > ul a {\n\tfont-family: ;\n}\n\n#accordeconck1 li.level2 > span a {\n\tcolor: #636363;\n\tpadding-top: 5px;\n\tpadding-bottom: 5px;\n\tpadding-left: 15px;\n}\n\n#accordeconck1 li.level2 > span a a {\n\tcolor: #636363;\n}\n\n#accordeconck1 li.level2:hover > span a {\n\tcolor: #000000;\n}\n\n#accordeconck1 li.level2:hover > span a a {\n\tcolor: #000000;\n}\n\n#accordeconck1 li.level2 ul[class^=\"content\"] {\n\tbackground-size: auto;\tfont-family: ;\n}\n\n#accordeconck1 li.level2 ul[class^=\"content\"] a {\n\tfont-family: ;\n}\n\n#accordeconck1 li.level2 li.accordeonck > span a {\n\tcolor: #636363;\n\tpadding-top: 2px;\n\tpadding-bottom: 2px;\n\tpadding-left: 20px;\n}\n\n#accordeconck1 li.level2 li.accordeonck > span a a {\n\tcolor: #636363;\n}\n\n#accordeconck1 li.level2 li.accordeonck:hover > span a {\n\tcolor: #000000;\n}\n\n#accordeconck1 li.level2 li.accordeonck:hover > span a a {\n\tcolor: #000000;\n}\t\t<\/style>\n\t\t<div id=\"panel-60622-1-1-0\" class=\"so-panel widget widget_accordeon-menu-ck panel-first-child panel-last-child\" data-index=\"1\" ><ul id=\"accordeconck1\" class=\"menu\"><li id=\"menu-item-60650\" class=\"menu-item menu-item-type-post_type menu-item-object-page accordeonck menu-item-60650 level1\"><span class=\"accordeonck_outer \"><a href=\"https:\/\/aluksne.lv\/index.php\/pasvaldiba\/buvvalde\/\" class=\"accordeonck\">B\u016bvvalde<\/a><\/span><\/li>\n<li id=\"menu-item-60651\" class=\"menu-item menu-item-type-post_type menu-item-object-page accordeonck menu-item-60651 level1\"><span class=\"accordeonck_outer \"><a href=\"https:\/\/aluksne.lv\/index.php\/pasvaldiba\/buvvalde\/pirms-buve-un-atjauno\/\" class=\"accordeonck\">Pirms b\u016bv\u0113 un atjauno<\/a><\/span><\/li>\n<li id=\"menu-item-60654\" class=\"menu-item menu-item-type-post_type menu-item-object-page accordeonck menu-item-60654 level1\"><span class=\"accordeonck_outer \"><a href=\"https:\/\/aluksne.lv\/index.php\/pasvaldiba\/buvvalde\/pakalpojumi\/\" class=\"accordeonck\">Pakalpojumi<\/a><\/span><\/li>\n<li id=\"menu-item-60655\" class=\"menu-item menu-item-type-post_type menu-item-object-page accordeonck menu-item-60655 level1\"><span class=\"accordeonck_outer \"><a href=\"https:\/\/aluksne.lv\/index.php\/pasvaldiba\/buvvalde\/dokumenti\/\" class=\"accordeonck\">Normat\u012bvie akti<\/a><\/span><\/li>\n<li id=\"menu-item-60656\" class=\"menu-item menu-item-type-post_type menu-item-object-page accordeonck menu-item-60656 level1\"><span class=\"accordeonck_outer \"><a href=\"https:\/\/aluksne.lv\/index.php\/pasvaldiba\/buvvalde\/iesniegumi\/\" class=\"accordeonck\">Iesniegumi<\/a><\/span><\/li>\n<\/ul>\t\t<script type=\"text\/javascript\"> <!--\n\t\t\n\t\t\tjQuery(document).ready(function(){\n\t\t\t\tjQuery('#accordeconck1').accordeonmenuck({eventtype : 'click',transition : 'linear',showactive : '1',showactivesubmenu : '0',duree : 500});\n\t\t\t}); \t\t\/\/--> <\/script>\n\t\t<\/div><\/div><\/div><\/div>","protected":false},"excerpt":{"rendered":"<p>Al\u016bksnes novada pa\u0161vald\u012bbas B\u016bvvaldes nolikums &nbsp; B\u016bvniec\u012bbas likums &nbsp; Visp\u0101r\u012bgie b\u016bvnoteikumi &nbsp; Al\u016bksnes novada teritorijas pl\u0101nojums\u00a0 &nbsp; Teritorijas izmanto\u0161anas un apb\u016bves noteikumi (Al\u016bksnes novada teritorijas pl\u0101nojuma 2015.-2027. gadam groz\u012bjumi; redakcija 3.2.) &nbsp; Par Al\u016bksnes novada pa\u0161vald\u012bbas nodev\u0101m (Al\u016bksnes novada pa\u0161vald\u012bbas&#8230;<br \/><a class=\"read-more-button\" href=\"https:\/\/aluksne.lv\/index.php\/pasvaldiba\/buvvalde\/dokumenti\/\">Las\u012bt visu<\/a><\/p>\n","protected":false},"author":1,"featured_media":0,"parent":395,"menu_order":0,"comment_status":"closed","ping_status":"closed","template":"","meta":{"_crdt_document":"","_monsterinsights_skip_tracking":false,"_monsterinsights_sitenote_active":false,"_monsterinsights_sitenote_note":"","_monsterinsights_sitenote_category":0,"footnotes":"","_links_to":"","_links_to_target":""},"class_list":["post-60622","page","type-page","status-publish","hentry"],"_links":{"self":[{"href":"https:\/\/aluksne.lv\/index.php\/wp-json\/wp\/v2\/pages\/60622","targetHints":{"allow":["GET"]}}],"collection":[{"href":"https:\/\/aluksne.lv\/index.php\/wp-json\/wp\/v2\/pages"}],"about":[{"href":"https:\/\/aluksne.lv\/index.php\/wp-json\/wp\/v2\/types\/page"}],"author":[{"embeddable":true,"href":"https:\/\/aluksne.lv\/index.php\/wp-json\/wp\/v2\/users\/1"}],"replies":[{"embeddable":true,"href":"https:\/\/aluksne.lv\/index.php\/wp-json\/wp\/v2\/comments?post=60622"}],"version-history":[{"count":8,"href":"https:\/\/aluksne.lv\/index.php\/wp-json\/wp\/v2\/pages\/60622\/revisions"}],"predecessor-version":[{"id":60725,"href":"https:\/\/aluksne.lv\/index.php\/wp-json\/wp\/v2\/pages\/60622\/revisions\/60725"}],"up":[{"embeddable":true,"href":"https:\/\/aluksne.lv\/index.php\/wp-json\/wp\/v2\/pages\/395"}],"wp:attachment":[{"href":"https:\/\/aluksne.lv\/index.php\/wp-json\/wp\/v2\/media?parent=60622"}],"curies":[{"name":"wp","href":"https:\/\/api.w.org\/{rel}","templated":true}]}}