{"id":6066,"date":"2018-06-29T10:11:47","date_gmt":"2018-06-29T10:11:47","guid":{"rendered":"http:\/\/aluksne.lv\/?page_id=6066"},"modified":"2025-06-20T15:23:36","modified_gmt":"2025-06-20T12:23:36","slug":"pasvaldibas-publiskie-parskati","status":"publish","type":"page","link":"https:\/\/aluksne.lv\/index.php\/pasvaldiba\/dokumenti\/pasvaldibas-publiskie-parskati\/","title":{"rendered":"PA\u0160VALD\u012aBAS PUBLISKIE P\u0100RSKATI"},"content":{"rendered":"<p>&nbsp;<\/p>\n<p><strong><a href=\"https:\/\/aluksne.lv\/wp-content\/uploads\/2025\/06\/ANP_publiskais_parskats_2024.pdf\">Al\u016bksnes novada pa\u0161vald\u012bbas 2024. gada publiskais p\u0101rskats<\/a><\/strong><\/p>\n<hr \/>\n<p><strong><a href=\"https:\/\/aluksne.lv\/wp-content\/uploads\/2024\/06\/ANP_publiskais_parskats_GALA_domes_sedei-1.pdf\">Al\u016bksnes novada pa\u0161vald\u012bbas 2023. gada publiskais p\u0101rskats<\/a><\/strong><\/p>\n<p><strong><a href=\"https:\/\/aluksne.lv\/wp-content\/uploads\/2024\/08\/222_Spodra_publiskais-parskats.docx\">Al\u016bksnes novada pa\u0161vald\u012bbas a\u0123ent\u016bras &#8220;SPODRA&#8221; 2023. gada publiskais p\u0101rskats<\/a><\/strong><\/p>\n<p><strong><a href=\"https:\/\/aluksne.lv\/wp-content\/uploads\/2024\/09\/241_ALJA_publiskais_parskats.docx\">Al\u016bksnes novada pa\u0161vald\u012bbas a\u0123ent\u016bras \u201cALJA\u201d 2023. gada publiskais p\u0101rskats<\/a><\/strong><\/p>\n<hr \/>\n<p><strong><a href=\"https:\/\/aluksne.lv\/zpp_dlemumi\/2023\/2906\/176_pielikums_ANP_publiskais_parskats_2022.pdf\">Al\u016bksnes novada pa\u0161vald\u012bbas 2022. gada publiskais p\u0101rskats<\/a><\/strong><\/p>\n<p><strong><a href=\"https:\/\/aluksne.lv\/zpp_dlemumi\/2023\/2906\/175_pielikums_SPODRA_publiskais_parskats.docx\">Al\u016bksnes novada pa\u0161vald\u012bbas a\u0123ent\u016bras \u201cSPODRA\u201d 2022. gada publiskais p\u0101rskats<\/a><\/strong><\/p>\n<p><strong><a href=\"https:\/\/aluksne.lv\/zpp_dlemumi\/2023\/2906\/174_pielikums_ALJA_publiskais_parskats.docx\">Al\u016bksnes novada pa\u0161vald\u012bbas a\u0123ent\u016bras \u201eALJA\u201d 2022. gada publiskais p\u0101rskats<\/a><\/strong><\/p>\n<hr \/>\n<p><strong><a href=\"https:\/\/aluksne.lv\/zpp_dlemumi\/2022\/0308\/ANP_publiskais_parskats_2021_precizets.pdf\">Al\u016bksnes novada pa\u0161vald\u012bbas 2021. gada publiskais p\u0101rskats<\/a><\/strong><\/p>\n<p><a href=\"https:\/\/aluksne.lv\/wp-content\/uploads\/2022\/06\/137_Spodra_parskats_2021-6.docx\"><strong>Al\u016bksnes novada pa\u0161vald\u012bbas a\u0123ent\u016bras \u201cSPODRA\u201d 2021. gada publiskais p\u0101rskats<\/strong><\/a><\/p>\n<p><a href=\"https:\/\/aluksne.lv\/wp-content\/uploads\/2022\/06\/138_ALJA_gada_publiskais_parskats.docx\"><strong>Al\u016bksnes novada pa\u0161vald\u012bbas a\u0123ent\u016bras \u201eALJA\u201d 2021. gada publiskais p\u0101rskats<\/strong><\/a><\/p>\n<hr \/>\n<p><strong><a href=\"https:\/\/aluksne.lv\/wp-content\/uploads\/2021\/06\/2020_gada_publiskais_parskats_APSTIPRINATS.pdf\">Al\u016bksnes novada pa\u0161vald\u012bbas 2020. gada publiskais p\u0101rskats<\/a><\/strong><\/p>\n<p><a href=\"https:\/\/aluksne.lv\/zpp_dlemumi\/2021\/0206\/SPODRA_Publiskais_parskats.docx\"><strong>Al\u016bksnes novada pa\u0161vald\u012bbas a\u0123ent\u016bras \u201cSPODRA\u201d 2020. gada publiskais p\u0101rskats<\/strong><\/a><\/p>\n<p><a href=\"https:\/\/aluksne.lv\/zpp_dlemumi\/2021\/0206\/ALJA_Publiskais_parskats.docx\"><strong>Al\u016bksnes novada pa\u0161vald\u012bbas a\u0123ent\u016bras \u201eALJA\u201d 2020. gada publiskais p\u0101rskats<\/strong><\/a><\/p>\n<hr \/>\n<p><strong><a href=\"https:\/\/aluksne.lv\/zpp_dlemumi\/2020\/3006\/publiskais_parskats_2019.pdf\">Al\u016bksnes novada pa\u0161vald\u012bbas 2019. gada publiskais p\u0101rskats<\/a><\/strong><\/p>\n<p><strong><a href=\"https:\/\/aluksne.lv\/wp-content\/uploads\/2022\/06\/221.pdf\">Al\u016bksnes novada pa\u0161vald\u012bbas a\u0123ent\u016bras \u201cSPODRA\u201d 2019.gada publiskais p\u0101rskats<\/a><\/strong><\/p>\n<p><strong><a href=\"https:\/\/aluksne.lv\/zpp_dlemumi\/2020\/3007\/ALJA_2019_gada_publiskais_parskats.pdf\">Al\u016bksnes novada pa\u0161vald\u012bbas a\u0123ent\u016bras \u201eALJA\u201d 2019. gada publiskais p\u0101rskats<\/a><\/strong><\/p>\n<hr \/>\n<p><strong><a href=\"https:\/\/aluksne.lv\/wp-content\/uploads\/2019\/07\/publiskais_parskats_2018_apstiprinats.pdf\">Al\u016bksnes novada pa\u0161vald\u012bbas 2018. gada publiskais p\u0101rskats<\/a><\/strong><\/p>\n<p><strong><a href=\"https:\/\/aluksne.lv\/zpp_dlemumi\/2019\/31.07\/Spodra_PUBLISKAIS_PARSKATS_2018%20(1).doc\">Al\u016bksnes novada pa\u0161vald\u012bbas a\u0123ent\u016bras \u201cSPODRA\u201d 2018. gada publiskais p\u0101rskats<\/a><\/strong><\/p>\n<p><a href=\"https:\/\/aluksne.lv\/wp-content\/uploads\/2019\/07\/Alja_publiskais_parskats.doc\"><strong>Al\u016bksnes novada pa\u0161vald\u012bbas a\u0123ent\u016bras \u201eALJA\u201d 2018. gada publiskais p\u0101rskats<\/strong><\/a><\/p>\n<hr \/>\n<p><a href=\"https:\/\/aluksne.lv\/wp-content\/uploads\/2018\/06\/publiskais_parskats_2017.pdf\"><strong>Al\u016bksnes novada pa\u0161vald\u012bbas 2017. gada publiskais p\u0101rskats<\/strong><\/a><\/p>\n<p><strong><a href=\"https:\/\/aluksne.lv\/zpp_dlemumi\/2018\/0506\/SPODRA_PUBLISKAIS_PARSKATS_2017.doc\">Al\u016bksnes novada pa\u0161vald\u012bbas a\u0123ent\u016bras \u201cSPODRA\u201d 2017. gada publiskais p\u0101rskats<\/a><\/strong><\/p>\n<p><strong><a href=\"https:\/\/aluksne.lv\/zpp_dlemumi\/2018\/28.06\/Alja_publiskais_parskats.doc\">Al\u016bksnes novada pa\u0161vald\u012bbas a\u0123ent\u016bras \u201eALJA\u201d 2017. gada publiskais p\u0101rskats<\/a><\/strong><\/p>\n<hr \/>\n<p><strong><a href=\"https:\/\/aluksne.lv\/zpp_dlemumi\/2017\/31.05\/publiskais_parskats_2016.pdf\">Al\u016bksnes novada pa\u0161vald\u012bbas 2016. gada publiskais p\u0101rskats<\/a><\/strong><\/p>\n<p><strong><a href=\"https:\/\/aluksne.lv\/zpp_dlemumi\/2017\/31.05\/SPODRA_PUBLISKAIS_PARSKATS_2016.doc\">Al\u016bksnes novada pa\u0161vald\u012bbas a\u0123ent\u016bras \u201cSPODRA\u201d 2016.gada publiskais p\u0101rskats<\/a><\/strong><\/p>\n<p><strong><a href=\"https:\/\/aluksne.lv\/zpp_dlemumi\/2017\/31.05\/ALJA_Publiskais_p\u0101rskats_2016.doc\">Al\u016bksnes novada pa\u0161vald\u012bbas a\u0123ent\u016bras \u201eALJA\u201d 2016.gada publiskais p\u0101rskats<\/a><br \/>\n<\/strong><\/p>\n<hr \/>\n<p><strong><a href=\"https:\/\/aluksne.lv\/zpp_dlemumi\/2016\/31.005\/ANP_publiskais_parskats_2015.pdf\">Al\u016bksnes novada pa\u0161vald\u012bbas 2015. gada publiskais p\u0101rskats<\/a><\/strong><\/p>\n<p><strong><a href=\"https:\/\/aluksne.lv\/zpp_dlemumi\/2016\/31.005\/Spodra_PUBLISKAIS_PARSKATS_2015.doc\">Al\u016bksnes novada pa\u0161vald\u012bbas a\u0123ent\u016bras \u201cSPODRA\u201d 2015.gada publiskais p\u0101rskats<\/a><\/p>\n<p><a href=\"https:\/\/aluksne.lv\/zpp_dlemumi\/2016\/31.005\/Publiskais p\u0101rskats 2015_ALJA.doc\">Al\u016bksnes novada pa\u0161vald\u012bbas a\u0123ent\u016bras \u201eALJA\u201d 2015.gada publiskais p\u0101rskats<\/a><\/p>\n<p><\/strong><\/p>\n<hr \/>\n<p><strong><a href=\"https:\/\/aluksne.lv\/zpp_dlemumi\/2015\/02.06\/publiskais_parskats_2014.pdf\">Al\u016bksnes novada pa\u0161vald\u012bbas 2014.gada publiskais p\u0101rskats<\/a><\/strong><\/p>\n<p><strong><a href=\"https:\/\/aluksne.lv\/zpp_dlemumi\/2015\/02.06\/Spodra_publiskais_parskats.pdf\">Al\u016bksnes novada pa\u0161vald\u012bbas a\u0123ent\u016bras &#8220;SPODRA&#8221; 2014.gada publiskais p\u0101rskats<\/a><\/p>\n<p><a href=\"https:\/\/aluksne.lv\/zpp_dlemumi\/2015\/02.06\/Alja_publiskais_parskats.pdf\">Al\u016bksnes novada pa\u0161vald\u012bbas a\u0123ent\u016bras &#8220;ALJA&#8221; 2014.gada publiskais p\u0101rskats<\/a><br \/>\n<\/strong><\/p>\n<hr \/>\n<p><strong><a href=\"https:\/\/aluksne.lv\/p_parskats\/Aluksnes_novada_pasvaldibas_parskats_2013.pdf\">Al\u016bksnes novada pa\u0161vald\u012bbas 2013.gada publiskais p\u0101rskats<\/a><\/p>\n<p><a href=\"https:\/\/aluksne.lv\/p_parskats\/spodra.pdf\">Al\u016bksnes novada pa\u0161vald\u012bbas a\u0123ent\u016bras \u201cSPODRA\u201d 2013.gada publiskais p\u0101rskats<\/a><\/p>\n<p><a href=\"https:\/\/aluksne.lv\/&quot;p_parskats\/alja.pdf&quot;\">Al\u016bksnes novada pa\u0161vald\u012bbas a\u0123ent\u016bras \u201cALJA\u201d 2013.gada publiskais p\u0101rskats <\/a><\/strong><\/p>\n<hr \/>\n<p>\n<strong><a href=\"https:\/\/aluksne.lv\/p_parskats\/ANP_publiskais_parskats_2012.pdf\">AL\u016aKSNES NOVADA PA\u0160VALD\u012aBAS 2012. GADA PUBLISKAIS P\u0100RSKATS<\/a><\/strong><\/p>\n<p><strong><a href=\"https:\/\/aluksne.lv\/p_parskats\/ANP_publiskais_parskats_2011_apstiprinats.pdf\">AL\u016aKSNES NOVADA PA\u0160VALD\u012aBAS 2011. GADA PUBLISKAIS P\u0100RSKATS<\/a><\/strong><\/p>\n<p><strong><a href=\"https:\/\/aluksne.lv\/p_parskats\/ANP_publiskais_parskats_2010_web.pdf\">AL\u016aKSNES NOVADA PA\u0160VALD\u012aBAS 2010. GADA PUBLISKAIS P\u0100RSKATS<\/a><\/strong><\/p>\n<p><strong><a href=\"https:\/\/aluksne.lv\/p_parskats\/publiskais_parskats_2009.doc\">AL\u016aKSNES NOVADA PA\u0160VALD\u012aBAS 2009. GADA PUBLISKAIS P\u0100RSKATS<\/a><\/strong><\/p>\n<p><strong><a href=\"https:\/\/aluksne.lv\/p_parskats\/ALUKSNES_DOMES_2008_GADA_PUBLISKAIS_PARSKATS.pdf\">AL\u016aKSNES PILS\u0112TAS DOMES 2008. GADA PUBLISKAIS P\u0100RSKATS<\/a><\/strong><\/p>\n","protected":false},"excerpt":{"rendered":"<p>&nbsp; Al\u016bksnes novada pa\u0161vald\u012bbas 2024. gada publiskais p\u0101rskats Al\u016bksnes novada pa\u0161vald\u012bbas 2023. gada publiskais p\u0101rskats Al\u016bksnes novada pa\u0161vald\u012bbas a\u0123ent\u016bras &#8220;SPODRA&#8221; 2023. gada publiskais p\u0101rskats Al\u016bksnes novada pa\u0161vald\u012bbas a\u0123ent\u016bras \u201cALJA\u201d 2023. gada publiskais p\u0101rskats Al\u016bksnes novada pa\u0161vald\u012bbas 2022. gada publiskais p\u0101rskats&#8230;<br \/><a class=\"read-more-button\" href=\"https:\/\/aluksne.lv\/index.php\/pasvaldiba\/dokumenti\/pasvaldibas-publiskie-parskati\/\">Las\u012bt visu<\/a><\/p>\n","protected":false},"author":1,"featured_media":0,"parent":352,"menu_order":0,"comment_status":"closed","ping_status":"closed","template":"","meta":{"_crdt_document":"","_monsterinsights_skip_tracking":false,"_monsterinsights_sitenote_active":false,"_monsterinsights_sitenote_note":"","_monsterinsights_sitenote_category":0,"footnotes":"","_links_to":"","_links_to_target":""},"class_list":["post-6066","page","type-page","status-publish","hentry"],"_links":{"self":[{"href":"https:\/\/aluksne.lv\/index.php\/wp-json\/wp\/v2\/pages\/6066","targetHints":{"allow":["GET"]}}],"collection":[{"href":"https:\/\/aluksne.lv\/index.php\/wp-json\/wp\/v2\/pages"}],"about":[{"href":"https:\/\/aluksne.lv\/index.php\/wp-json\/wp\/v2\/types\/page"}],"author":[{"embeddable":true,"href":"https:\/\/aluksne.lv\/index.php\/wp-json\/wp\/v2\/users\/1"}],"replies":[{"embeddable":true,"href":"https:\/\/aluksne.lv\/index.php\/wp-json\/wp\/v2\/comments?post=6066"}],"version-history":[{"count":0,"href":"https:\/\/aluksne.lv\/index.php\/wp-json\/wp\/v2\/pages\/6066\/revisions"}],"up":[{"embeddable":true,"href":"https:\/\/aluksne.lv\/index.php\/wp-json\/wp\/v2\/pages\/352"}],"wp:attachment":[{"href":"https:\/\/aluksne.lv\/index.php\/wp-json\/wp\/v2\/media?parent=6066"}],"curies":[{"name":"wp","href":"https:\/\/api.w.org\/{rel}","templated":true}]}}