{"id":61030,"date":"2026-03-02T14:48:45","date_gmt":"2026-03-02T12:48:45","guid":{"rendered":"https:\/\/aluksne.lv\/?page_id=61030"},"modified":"2026-03-02T17:19:19","modified_gmt":"2026-03-02T15:19:19","slug":"informacija","status":"publish","type":"page","link":"https:\/\/aluksne.lv\/index.php\/pasvaldiba\/kontakti\/pagastu-parvaldes\/informacija\/","title":{"rendered":"Inform\u0101cija"},"content":{"rendered":"<p>&nbsp;<\/p>\n<table style=\"width: 100%; height: 1014px;\" width=\"769\">\n<tbody>\n<tr style=\"height: 25px;\">\n<td style=\"text-align: center; height: 25px;\" width=\"769\"><span style=\"font-size: 14pt;\"><strong>AL\u016aKSNES NOVADA PAGASTU APVIEN\u012aBAS P\u0100RVALDES UZDEVUMI 2026. GAD\u0100<\/strong><\/span><\/td>\n<\/tr>\n<tr style=\"height: 23px;\">\n<td style=\"height: 23px;\" width=\"769\"><strong><span style=\"font-size: 12pt;\">ALSVI\u0136U PAGASTS\u00a0<\/span><\/strong><\/td>\n<\/tr>\n<tr style=\"height: 23px;\">\n<td style=\"height: 23px;\" width=\"769\"><span style=\"font-size: 12pt;\">Alsvi\u0137u pagasta Strauti\u0146u ciema centra apgaismojuma infrastrukt\u016bras uzlabo\u0161ana \u2013 projekt\u0113\u0161ana, b\u016bvdarbi, autoruzraudz\u012bba, b\u016bvuzraudz\u012bba<\/span><\/td>\n<\/tr>\n<tr style=\"height: 23px;\">\n<td style=\"height: 23px;\" width=\"769\"><span style=\"font-size: 12pt;\">\u0112kas \u201cPagastnams\u201d, Alsvi\u0137os, Alsvi\u0137u pagast\u0101 \u0101rdurvju nomai\u0146a<\/span><\/td>\n<\/tr>\n<tr style=\"height: 23px;\">\n<td style=\"height: 23px;\" width=\"769\"><span style=\"font-size: 12pt;\">Afi\u0161u stends\u00a0<\/span><\/td>\n<\/tr>\n<tr style=\"height: 23px;\">\n<td style=\"height: 23px;\" width=\"769\"><strong><span style=\"font-size: 12pt;\">ANNAS PAGASTS<\/span><\/strong><\/td>\n<\/tr>\n<tr style=\"height: 23px;\">\n<td style=\"height: 23px;\" width=\"769\"><span style=\"font-size: 12pt;\">Lupatu tilta remonts\u00a0<\/span><\/td>\n<\/tr>\n<tr style=\"height: 23px;\">\n<td style=\"height: 23px;\" width=\"769\"><span style=\"font-size: 12pt;\">P\u0101r\u0146emto valsts viet\u0113jo autoce\u013cu V393 \u201cKau\u013ci\u2013Papardes stacija\u201d un V395 \u201cJaunanna\u2013Anna\u201d remontdarbi<\/span><\/td>\n<\/tr>\n<tr style=\"height: 23px;\">\n<td style=\"height: 23px;\" width=\"769\"><strong><span style=\"font-size: 12pt;\">ILZENES PAGASTS<\/span><\/strong><\/td>\n<\/tr>\n<tr style=\"height: 23px;\">\n<td style=\"height: 23px;\" width=\"769\"><span style=\"font-size: 12pt;\">Autoce\u013ca \u201cJaunzemi-Zvirgzdi\u0146i\u201d remontdarbi<\/span><\/td>\n<\/tr>\n<tr style=\"height: 23px;\">\n<td style=\"height: 23px;\" width=\"769\"><span style=\"font-size: 12pt;\">Apkures katla remonts<\/span><\/td>\n<\/tr>\n<tr style=\"height: 23px;\">\n<td style=\"height: 23px;\" width=\"769\"><strong><span style=\"font-size: 12pt;\">JAUNAL\u016aKSNES PAGASTS<\/span><\/strong><\/td>\n<\/tr>\n<tr style=\"height: 23px;\">\n<td style=\"height: 23px;\" width=\"769\"><span style=\"font-size: 12pt;\">Jaunal\u016bksnes tautas nama apkures katla remonts<\/span><\/td>\n<\/tr>\n<tr style=\"height: 23px;\">\n<td style=\"height: 23px;\" width=\"769\"><span style=\"font-size: 12pt;\">Jaunal\u016bksnes tautas nama z\u0101les un ar to saist\u012bto telpu remonts<\/span><\/td>\n<\/tr>\n<tr style=\"height: 23px;\">\n<td style=\"height: 23px;\" width=\"769\"><span style=\"font-size: 12pt;\">Autoce\u013ca \u201cUpeskakts\u2013L\u012bgot\u0146i\u201d remontdarbi<\/span><\/td>\n<\/tr>\n<tr style=\"height: 23px;\">\n<td style=\"height: 23px;\" width=\"769\"><strong><span style=\"font-size: 12pt;\">JAUNANNAS PAGASTS<\/span><\/strong><\/td>\n<\/tr>\n<tr style=\"height: 23px;\">\n<td style=\"height: 23px;\" width=\"769\"><span style=\"font-size: 12pt;\">P\u0101r\u0146emt\u0101 valsts viet\u0113j\u0101 autoce\u013ca V398 \u201c\u0136\u016bderi-Jaunanna\u201d remontdarbi\u00a0<\/span><\/td>\n<\/tr>\n<tr style=\"height: 23px;\">\n<td style=\"height: 23px;\" width=\"769\"><strong><span style=\"font-size: 12pt;\">JAUNLAICENES PAGASTS<\/span><\/strong><\/td>\n<\/tr>\n<tr style=\"height: 23px;\">\n<td style=\"height: 23px;\" width=\"769\"><span style=\"font-size: 12pt;\">Jaunlaicenes estr\u0101des sienas remonts<\/span><\/td>\n<\/tr>\n<tr style=\"height: 23px;\">\n<td style=\"height: 23px;\" width=\"769\"><span style=\"font-size: 12pt;\">Autoce\u013ca \u201cJaunlaicene\u2013J\u0101n\u012b\u0161i\u2013Balti\u201d remontdarbi\u00a0<\/span><\/td>\n<\/tr>\n<tr style=\"height: 23px;\">\n<td style=\"height: 23px;\" width=\"769\"><span style=\"font-size: 12pt;\">Lietus \u016bdens tek\u0146u remonts \u0113kai &#8220;Lazdi\u0146as&#8221;<\/span><\/td>\n<\/tr>\n<tr style=\"height: 23px;\">\n<td style=\"height: 23px;\" width=\"769\"><strong><span style=\"font-size: 12pt;\">KALNCEMPJU PAGASTS<\/span><\/strong><\/td>\n<\/tr>\n<tr style=\"height: 23px;\">\n<td style=\"height: 23px;\" width=\"769\"><span style=\"font-size: 12pt;\">Atp\u016btas laukuma elementu papildin\u0101\u0161ana<\/span><\/td>\n<\/tr>\n<tr style=\"height: 23px;\">\n<td style=\"height: 23px;\" width=\"769\"><strong><span style=\"font-size: 12pt;\">LIEPNAS PAGASTS<\/span><\/strong><\/td>\n<\/tr>\n<tr style=\"height: 23px;\">\n<td style=\"height: 23px;\" width=\"769\"><span style=\"font-size: 12pt;\">Afi\u0161u stends<\/span><\/td>\n<\/tr>\n<tr style=\"height: 23px;\">\n<td style=\"height: 23px;\" width=\"769\"><span style=\"font-size: 12pt;\">Parka soli\u0146u ieg\u0101de un uzst\u0101d\u012b\u0161ana Liepnas pagast\u0101\u00a0<\/span><\/td>\n<\/tr>\n<tr style=\"height: 23px;\">\n<td style=\"height: 23px;\" width=\"769\"><strong><span style=\"font-size: 12pt;\">MALIENAS PAGASTS<\/span><\/strong><\/td>\n<\/tr>\n<tr style=\"height: 23px;\">\n<td style=\"height: 23px;\" width=\"769\"><span style=\"font-size: 12pt;\">Malkas \u0161\u0137\u016b\u0146a remonts<\/span><\/td>\n<\/tr>\n<tr style=\"height: 23px;\">\n<td style=\"height: 23px;\" width=\"769\"><strong><span style=\"font-size: 12pt;\">M\u0100LUPES PAGASTS<\/span><\/strong><\/td>\n<\/tr>\n<tr style=\"height: 23px;\">\n<td style=\"height: 23px;\" width=\"769\"><span style=\"font-size: 12pt;\">M\u0101lupes saieta nama apkures katla remonts\u00a0<\/span><\/td>\n<\/tr>\n<tr style=\"height: 23px;\">\n<td style=\"height: 23px;\" width=\"769\"><strong><span style=\"font-size: 12pt;\">M\u0100RKALNES PAGASTS<\/span><\/strong><\/td>\n<\/tr>\n<tr style=\"height: 23px;\">\n<td style=\"height: 23px;\" width=\"769\"><span style=\"font-size: 12pt;\">Apkures sist\u0113mas remonts<\/span><\/td>\n<\/tr>\n<tr style=\"height: 23px;\">\n<td style=\"height: 23px;\" width=\"769\"><strong><span style=\"font-size: 12pt;\">PEDEDZES PAGASTS<\/span><\/strong><\/td>\n<\/tr>\n<tr style=\"height: 23px;\">\n<td style=\"height: 23px;\" width=\"769\"><span style=\"font-size: 12pt;\">Tilta p\u0101r K\u016bdupi autoce\u013c\u0101 \u201c\u010cistigi-Zagorje\u201d p\u0101rb\u016bves b\u016bvdarbi\u00a0<\/span><\/td>\n<\/tr>\n<tr style=\"height: 23px;\">\n<td style=\"height: 23px;\" width=\"769\"><strong><span style=\"font-size: 12pt;\">VECLAICENES PAGASTS<\/span><\/strong><\/td>\n<\/tr>\n<tr style=\"height: 23px;\">\n<td style=\"height: 23px;\" width=\"769\"><span style=\"font-size: 12pt;\">Pa\u0161vald\u012bbas noz\u012bmes koplieto\u0161anas melior\u0101cijas novadgr\u0101vja atjauno\u0161anas projekta izstr\u0101de<\/span><\/td>\n<\/tr>\n<tr style=\"height: 23px;\">\n<td style=\"height: 23px;\" width=\"769\"><span style=\"font-size: 12pt;\">Laivas ieg\u0101de Eni\u0137a dabas m\u0101jai\u00a0<\/span><\/td>\n<\/tr>\n<tr style=\"height: 23px;\">\n<td style=\"height: 23px;\" width=\"769\"><span style=\"font-size: 12pt;\">Autoce\u013ca \u201cB\u0101rdaskrogs\u2013Pai\u0137i\u201d asfalta seguma remontdarbi\u00a0<\/span><\/td>\n<\/tr>\n<tr style=\"height: 23px;\">\n<td style=\"height: 23px;\" width=\"769\"><strong><span style=\"font-size: 12pt;\">ZIEMERA PAGASTS<\/span><\/strong><\/td>\n<\/tr>\n<tr style=\"height: 23px;\">\n<td style=\"height: 23px;\" width=\"769\"><span style=\"font-size: 12pt;\">M\u0101ri\u0146kalna rota\u013cu laukuma elementu papildin\u0101\u0161ana\u00a0<\/span><\/td>\n<\/tr>\n<tr style=\"height: 23px;\">\n<td style=\"height: 23px;\" width=\"769\"><span style=\"font-size: 12pt;\">Autoce\u013cu\u00a0 \u201cRijukalns\u2013Vengerski\u201d,\u00a0 \u201cSt\u016br\u012b\u0161i\u2013Elisi\u201d,\u00a0 \u201cJaunzemi-Odi\u0146i\u201d autoce\u013cu remontdarbi\u00a0<\/span><\/td>\n<\/tr>\n<tr style=\"height: 23px;\">\n<td style=\"height: 23px;\"><span style=\"font-size: 12pt;\">\u0112kas \u201cL\u012bksmes\u201d b\u0113ni\u0146u siltin\u0101\u0161ana<br \/>\n<\/span><\/td>\n<\/tr>\n<tr style=\"height: 23px;\">\n<td style=\"height: 23px;\" width=\"769\"><strong><span style=\"font-size: 12pt;\">ZELTI\u0145U PAGASTS<\/span><\/strong><\/td>\n<\/tr>\n<tr style=\"height: 23px;\">\n<td style=\"height: 23px;\" width=\"769\"><span style=\"font-size: 12pt;\">Zelti\u0146u estr\u0101des tuale\u0161u jumtu remonts<\/span><\/td>\n<\/tr>\n<\/tbody>\n<\/table>\n","protected":false},"excerpt":{"rendered":"<p>&nbsp; AL\u016aKSNES NOVADA PAGASTU APVIEN\u012aBAS P\u0100RVALDES UZDEVUMI 2026. GAD\u0100 ALSVI\u0136U PAGASTS\u00a0 Alsvi\u0137u pagasta Strauti\u0146u ciema centra apgaismojuma infrastrukt\u016bras uzlabo\u0161ana \u2013 projekt\u0113\u0161ana, b\u016bvdarbi, autoruzraudz\u012bba, b\u016bvuzraudz\u012bba \u0112kas \u201cPagastnams\u201d, Alsvi\u0137os, Alsvi\u0137u pagast\u0101 \u0101rdurvju nomai\u0146a Afi\u0161u stends\u00a0 ANNAS PAGASTS Lupatu tilta remonts\u00a0 P\u0101r\u0146emto valsts&#8230;<br \/><a class=\"read-more-button\" href=\"https:\/\/aluksne.lv\/index.php\/pasvaldiba\/kontakti\/pagastu-parvaldes\/informacija\/\">Las\u012bt visu<\/a><\/p>\n","protected":false},"author":1,"featured_media":0,"parent":397,"menu_order":0,"comment_status":"closed","ping_status":"closed","template":"","meta":{"_crdt_document":"","_monsterinsights_skip_tracking":false,"_monsterinsights_sitenote_active":false,"_monsterinsights_sitenote_note":"","_monsterinsights_sitenote_category":0,"footnotes":"","_links_to":"","_links_to_target":""},"class_list":["post-61030","page","type-page","status-publish","hentry"],"_links":{"self":[{"href":"https:\/\/aluksne.lv\/index.php\/wp-json\/wp\/v2\/pages\/61030","targetHints":{"allow":["GET"]}}],"collection":[{"href":"https:\/\/aluksne.lv\/index.php\/wp-json\/wp\/v2\/pages"}],"about":[{"href":"https:\/\/aluksne.lv\/index.php\/wp-json\/wp\/v2\/types\/page"}],"author":[{"embeddable":true,"href":"https:\/\/aluksne.lv\/index.php\/wp-json\/wp\/v2\/users\/1"}],"replies":[{"embeddable":true,"href":"https:\/\/aluksne.lv\/index.php\/wp-json\/wp\/v2\/comments?post=61030"}],"version-history":[{"count":6,"href":"https:\/\/aluksne.lv\/index.php\/wp-json\/wp\/v2\/pages\/61030\/revisions"}],"predecessor-version":[{"id":61062,"href":"https:\/\/aluksne.lv\/index.php\/wp-json\/wp\/v2\/pages\/61030\/revisions\/61062"}],"up":[{"embeddable":true,"href":"https:\/\/aluksne.lv\/index.php\/wp-json\/wp\/v2\/pages\/397"}],"wp:attachment":[{"href":"https:\/\/aluksne.lv\/index.php\/wp-json\/wp\/v2\/media?parent=61030"}],"curies":[{"name":"wp","href":"https:\/\/api.w.org\/{rel}","templated":true}]}}