{"id":61206,"date":"2026-03-06T09:36:36","date_gmt":"2026-03-06T07:36:36","guid":{"rendered":"https:\/\/aluksne.lv\/?page_id=61206"},"modified":"2026-04-21T11:16:25","modified_gmt":"2026-04-21T08:16:25","slug":"pludi","status":"publish","type":"page","link":"https:\/\/aluksne.lv\/index.php\/pasvaldiba\/civilas-aizsardzibas-plans\/pludi\/","title":{"rendered":"Pl\u016bdi"},"content":{"rendered":"<h2><strong>Ko dar\u012bt, ja past\u0101v pl\u016bdu riski?<\/strong><\/h2>\n<p>&nbsp;<\/p>\n<p>Latvij\u0101 pl\u016bdi var veidoties ilgsto\u0161u nokri\u0161\u0146u, sniega ku\u0161anas vai ledus sastr\u0113gumu rezult\u0101t\u0101, k\u0101 ar\u012b piekrast\u0113 v\u0113juzpl\u016bdu laik\u0101, kad strauji ce\u013cas \u016bdens l\u012bmenis un \u016bdens appludina apk\u0101rt\u0113j\u0101s teritorijas.<\/p>\n<p><strong>Atceries!<\/strong>\u00a0Sagatavo\u0161an\u0101s noz\u012bm\u0113 maz\u0101ku satraukumu un apdraud\u0113jumu!<\/p>\n<p>&nbsp;<\/p>\n<p>Iepaz\u012bsties ar Valsts ugunsdz\u0113s\u012bbas un gl\u0101b\u0161anas dienesta sagatavotajiem <a href=\"https:\/\/www.vugd.gov.lv\/lv\/pludi\"><strong>dro\u0161\u012bbas padomiem<\/strong><\/a>!<\/p>\n<p>&nbsp;<\/p>\n<p><a href=\"https:\/\/aluksne.lv\/wp-content\/uploads\/2026\/03\/signal-2026-02-27-18-40-38-211.jpg\"><img loading=\"lazy\" decoding=\"async\" class=\"alignnone wp-image-61219 \" src=\"https:\/\/aluksne.lv\/wp-content\/uploads\/2026\/03\/signal-2026-02-27-18-40-38-211-655x600.jpg\" alt=\"Latvijas karte ar pils\u0113tu nosaukumiem. Padomi, k\u0101 r\u012bkoties pl\u016bdu gad\u012bjum\u0101.\" width=\"548\" height=\"502\" srcset=\"https:\/\/aluksne.lv\/wp-content\/uploads\/2026\/03\/signal-2026-02-27-18-40-38-211-655x600.jpg 655w, https:\/\/aluksne.lv\/wp-content\/uploads\/2026\/03\/signal-2026-02-27-18-40-38-211-1024x938.jpg 1024w, https:\/\/aluksne.lv\/wp-content\/uploads\/2026\/03\/signal-2026-02-27-18-40-38-211-768x703.jpg 768w, https:\/\/aluksne.lv\/wp-content\/uploads\/2026\/03\/signal-2026-02-27-18-40-38-211.jpg 1080w\" sizes=\"auto, (max-width: 548px) 100vw, 548px\" \/><\/a> <a href=\"https:\/\/aluksne.lv\/wp-content\/uploads\/2026\/03\/signal-2026-02-27-18-40-38-211-1.jpg\"><img loading=\"lazy\" decoding=\"async\" class=\"alignnone wp-image-61220 \" src=\"https:\/\/aluksne.lv\/wp-content\/uploads\/2026\/03\/signal-2026-02-27-18-40-38-211-1-689x600.jpg\" alt=\"Informat\u012bva diagramma ar nosaukumu &quot;Vai pl\u016bdi b\u016bs?&quot; par pl\u016bdu prognoz\u0113m Latvij\u0101. Taj\u0101 nor\u0101d\u012bts, ka \u0161\u012bgada ziemas apst\u0101k\u013ci ir labv\u0113l\u012bgi pavasara pl\u016bdiem, provizoriskais palu\/pl\u016bdu periods ir 5. marts - 15. apr\u012blis. Att\u0113lota inform\u0101cija par ziemas nosl\u0113gumu: sniega sega Latvij\u0101 20-50 cm, ledus \u016bdenstilpn\u0113s &gt;30 cm un da\u013c\u0113ji aizsalis R\u012bgas j\u016bras l\u012bcis. Apkopoti tr\u012bs pavasara scen\u0101riji ar sagaid\u0101majiem pl\u016bdu l\u012bme\u0146iem: strauja temperat\u016bras paaugstin\u0101\u0161an\u0101s un daudz nokri\u0161\u0146u var sasniegt sarkano br\u012bdin\u0101jumu, vid\u0113ja temperat\u016bras mai\u0146a un vid\u0113js nokri\u0161\u0146u daudzums \u2013 dzelteno un oran\u017eo br\u012bdin\u0101jumu, bet pak\u0101peniska temperat\u016bras mai\u0146a un maz nokri\u0161\u0146u \u2013 vismaz dzelteno br\u012bdin\u0101jumu (pali). Nor\u0101d\u012bti Ventas, Lielupes, Gaujas un Daugavas baseinu palu periodi. Detaliz\u0113ta inform\u0101cija pieejama https:\/\/pris.lvmgs.lv\/.\" width=\"576\" height=\"502\" srcset=\"https:\/\/aluksne.lv\/wp-content\/uploads\/2026\/03\/signal-2026-02-27-18-40-38-211-1-689x600.jpg 689w, https:\/\/aluksne.lv\/wp-content\/uploads\/2026\/03\/signal-2026-02-27-18-40-38-211-1-1024x891.jpg 1024w, https:\/\/aluksne.lv\/wp-content\/uploads\/2026\/03\/signal-2026-02-27-18-40-38-211-1-768x668.jpg 768w, https:\/\/aluksne.lv\/wp-content\/uploads\/2026\/03\/signal-2026-02-27-18-40-38-211-1.jpg 1072w\" sizes=\"auto, (max-width: 576px) 100vw, 576px\" \/><\/a> <a href=\"https:\/\/aluksne.lv\/wp-content\/uploads\/2026\/03\/signal-2026-02-27-18-40-38-211-1-1.jpg\"><img loading=\"lazy\" decoding=\"async\" class=\"alignnone wp-image-61221 \" src=\"https:\/\/aluksne.lv\/wp-content\/uploads\/2026\/03\/signal-2026-02-27-18-40-38-211-1-1-643x600.jpg\" alt=\"Infografika ar nosaukumu &quot;K\u0101 sagatavoties pl\u016bdiem&quot; no Klimata un ener\u0123\u0113tikas ministrijas, sniedzot padomus, kas sadal\u012bti div\u0101s galvenaj\u0101s sada\u013c\u0101s. Pirm\u0101 sada\u013ca ar virsrakstu &quot;Mazin\u0101t pl\u016bdu risku\/sekas sak\u0101rtojot apk\u0101rtni un vidi ap sevi&quot; un m\u0101jas ar saules ikonu ietver \u0161\u0101dus padomus: Ja \u012bpa\u0161ums ieg\u0101d\u0101ts nesen, p\u0101rrun\u0101t ar kaimi\u0146iem par to, ko \u0161\u0101dos gados sagaid\u012bt. Izt\u012br\u012bt caurtekas, notekas un gr\u0101vjus, lai \u016bdens var br\u012bvi aizpl\u016bst. Izkontrol\u0113t bebru b\u016bves, \u012bpa\u0161i lauku un zemnieku saimniec\u012bb\u0101s, jo t\u0101s var strauji paaugstin\u0101t \u016bdens l\u012bmeni. P\u0101rbaud\u012bt sl\u016b\u017eu un v\u0101rtu meh\u0101nismus, p\u0101rliecinoties, ka tie darbojas. Nostiprin\u0101t laipas un nelielus tilti\u0146us, vai \u2013 ja tie rada papildu risku \u2013 \u012bslaic\u012bgi tos demont\u0113t. Veikt dambju un va\u013c\u0146u p\u0113d\u0113j\u0101 br\u012b\u017ea nostiprin\u0101\u0161anu, \u012bpa\u0161i viet\u0101s, kur iepriek\u0161 nov\u0113rota \u016bdens izskalo\u0161ana. Otr\u0101 sada\u013ca ar virsrakstu &quot;B\u016bvju un \u012bpa\u0161uma dro\u0161\u012bba, ja tuvojas pl\u016bdi&quot; un m\u0101jas ar z\u012bmu\u013ca ikonu ietver \u0161\u0101dus padomus: Nostiprin\u0101t nenostiprin\u0101tas b\u016bves, piem\u0113ram, \u0101ra tualetes, \u0161\u0137\u016b\u0146us, siltumn\u012bcas vai citas vieglas konstrukcijas, kuras pl\u016bdu laik\u0101 var aiznest \u016bdens. Pacelt mantas un tehniku augst\u0101k, \u012bpa\u0161i pagrabos un pirmajos st\u0101vos. Sagatavot smil\u0161u maisus durvju, logu, pagrabu un citu ievainojamu vietu aizsardz\u012bbai. Ja \u012bpa\u0161ums apdro\u0161in\u0101ts \u2013 p\u0101rliecin\u0101ties par l\u012bguma nosac\u012bjumiem un jaut\u0101jumu gad\u012bjum\u0101 sazin\u0101ties ar apdro\u0161in\u0101t\u0101jiem (pavasara pl\u016bdu risks tipiski IR iek\u013cauts standarta apdro\u0161in\u0101\u0161anas paket\u0113s). P\u0101rrun\u0101t \u0123imen\u0113 par r\u012bc\u012bbu evaku\u0101cijas gad\u012bjum\u0101 (kur palikt, kam zvan\u012bt, ko \u0146emtl\u012bdzi). Atceries par m\u0101jdz\u012bvnieku dro\u0161\u012bbu!\" width=\"549\" height=\"512\" srcset=\"https:\/\/aluksne.lv\/wp-content\/uploads\/2026\/03\/signal-2026-02-27-18-40-38-211-1-1-643x600.jpg 643w, https:\/\/aluksne.lv\/wp-content\/uploads\/2026\/03\/signal-2026-02-27-18-40-38-211-1-1-1024x956.jpg 1024w, https:\/\/aluksne.lv\/wp-content\/uploads\/2026\/03\/signal-2026-02-27-18-40-38-211-1-1-768x717.jpg 768w, https:\/\/aluksne.lv\/wp-content\/uploads\/2026\/03\/signal-2026-02-27-18-40-38-211-1-1.jpg 1079w\" sizes=\"auto, (max-width: 549px) 100vw, 549px\" \/><\/a> <a href=\"https:\/\/aluksne.lv\/wp-content\/uploads\/2026\/03\/signal-2026-02-27-18-40-38-211-2.png\"><img loading=\"lazy\" decoding=\"async\" class=\"alignnone wp-image-61222 \" src=\"https:\/\/aluksne.lv\/wp-content\/uploads\/2026\/03\/signal-2026-02-27-18-40-38-211-2-629x600.png\" alt=\"Infografika ar nosaukumu &quot;3 Ko dar\u012bt, kad pl\u016bdi ir kl\u0101t?&quot;, ko public\u0113jusi Klimata un ener\u0123\u0113tikas ministrija. Taj\u0101 sniegti ieteikumi r\u012bc\u012bbai pl\u016bdu laik\u0101: &quot;Esi atbild\u012bgs, ta\u010du ne p\u0101rgalv\u012bgs. Seko atbild\u012bgo iest\u0101\u017eu rekomend\u0101cij\u0101m un publiski pieejamai inform\u0101cijai. Gad\u012bjum\u0101, ja konstat\u0113 apdraud\u0113jumu savai, vai tuvinieku dz\u012bv\u012bbai vai vesel\u012bbai, negaidi pazi\u0146ojumu par evaku\u0101ciju, bet dodies uz dro\u0161u vietu. Ja vari to izdar\u012bt dro\u0161i \u2013 evaku\u0113jies saviem sp\u0113kiem, ja ne, l\u016bdz pa\u0161vald\u012bbas pal\u012bdz\u012bbu.&quot; T\u0101l\u0101k sniegtas \u010detras specifiskas vadl\u012bnijas ar ikon\u0101m:\n1.  Ikona ar personu, kas izmanto spie\u0137i: &quot;Atceries par vientu\u013ciem cilv\u0113kiem un cilv\u0113kiem, kas pa\u0161i nevar evaku\u0113ties vai viegli sekot l\u012bdzi atbild\u012bgo iest\u0101\u017eu rekomend\u0101cij\u0101m. Dalies ar inform\u0101ciju un vajadz\u012bbas gad\u012bjum\u0101, inform\u0113 pa\u0161vald\u012bbu par pal\u012bdz\u012bbas nepiecie\u0161am\u012bbu.&quot;\n2.  Ikona ar piekaramo atsl\u0113gu: &quot;Atst\u0101jot m\u0101jokli un saimniec\u012bbas \u0113kas, atsl\u0113dz elektroener\u0123ijas un g\u0101zes padevi, viet\u0113j\u0101s apkures ier\u012bces un iek\u0101rtas, aizver logus, durvis, l\u016bkas un sl\u0113\u0123us.&quot;\n3.  Ikona ar kabatas luktur\u012bti: &quot;Ja pl\u016bdi s\u0101ku\u0161ies nakt\u012b, izmanto gaismas sign\u0101lu (kabatluktur\u012bti, telefona spuldzi), ska\u0146as sign\u0101lu, lai ugunsdz\u0113s\u0113jiem gl\u0101b\u0113jiem signaliz\u0113tu par savu atra\u0161an\u0101s vietu.&quot;\n4.  Ikona ar vibr\u0113jo\u0161u mobilo t\u0101lruni: &quot;Evaku\u0101cijas gad\u012bjum\u0101 pazi\u0146o par to tuviniekiem.\" width=\"537\" height=\"512\" srcset=\"https:\/\/aluksne.lv\/wp-content\/uploads\/2026\/03\/signal-2026-02-27-18-40-38-211-2-629x600.png 629w, https:\/\/aluksne.lv\/wp-content\/uploads\/2026\/03\/signal-2026-02-27-18-40-38-211-2-1024x976.png 1024w, https:\/\/aluksne.lv\/wp-content\/uploads\/2026\/03\/signal-2026-02-27-18-40-38-211-2-768x732.png 768w, https:\/\/aluksne.lv\/wp-content\/uploads\/2026\/03\/signal-2026-02-27-18-40-38-211-2.png 1056w\" sizes=\"auto, (max-width: 537px) 100vw, 537px\" \/><\/a><\/p>\n","protected":false},"excerpt":{"rendered":"<p>Ko dar\u012bt, ja past\u0101v pl\u016bdu riski? &nbsp; Latvij\u0101 pl\u016bdi var veidoties ilgsto\u0161u nokri\u0161\u0146u, sniega ku\u0161anas vai ledus sastr\u0113gumu rezult\u0101t\u0101, k\u0101 ar\u012b piekrast\u0113 v\u0113juzpl\u016bdu laik\u0101, kad strauji ce\u013cas \u016bdens l\u012bmenis un \u016bdens appludina apk\u0101rt\u0113j\u0101s teritorijas. Atceries!\u00a0Sagatavo\u0161an\u0101s noz\u012bm\u0113 maz\u0101ku satraukumu un apdraud\u0113jumu!&#8230;<br \/><a class=\"read-more-button\" href=\"https:\/\/aluksne.lv\/index.php\/pasvaldiba\/civilas-aizsardzibas-plans\/pludi\/\">Las\u012bt visu<\/a><\/p>\n","protected":false},"author":1,"featured_media":0,"parent":583,"menu_order":0,"comment_status":"closed","ping_status":"closed","template":"","meta":{"_crdt_document":"","_monsterinsights_skip_tracking":false,"_monsterinsights_sitenote_active":false,"_monsterinsights_sitenote_note":"","_monsterinsights_sitenote_category":0,"footnotes":"","_links_to":"","_links_to_target":""},"class_list":["post-61206","page","type-page","status-publish","hentry"],"_links":{"self":[{"href":"https:\/\/aluksne.lv\/index.php\/wp-json\/wp\/v2\/pages\/61206","targetHints":{"allow":["GET"]}}],"collection":[{"href":"https:\/\/aluksne.lv\/index.php\/wp-json\/wp\/v2\/pages"}],"about":[{"href":"https:\/\/aluksne.lv\/index.php\/wp-json\/wp\/v2\/types\/page"}],"author":[{"embeddable":true,"href":"https:\/\/aluksne.lv\/index.php\/wp-json\/wp\/v2\/users\/1"}],"replies":[{"embeddable":true,"href":"https:\/\/aluksne.lv\/index.php\/wp-json\/wp\/v2\/comments?post=61206"}],"version-history":[{"count":9,"href":"https:\/\/aluksne.lv\/index.php\/wp-json\/wp\/v2\/pages\/61206\/revisions"}],"predecessor-version":[{"id":62212,"href":"https:\/\/aluksne.lv\/index.php\/wp-json\/wp\/v2\/pages\/61206\/revisions\/62212"}],"up":[{"embeddable":true,"href":"https:\/\/aluksne.lv\/index.php\/wp-json\/wp\/v2\/pages\/583"}],"wp:attachment":[{"href":"https:\/\/aluksne.lv\/index.php\/wp-json\/wp\/v2\/media?parent=61206"}],"curies":[{"name":"wp","href":"https:\/\/api.w.org\/{rel}","templated":true}]}}