{"id":61743,"date":"2026-04-01T09:19:00","date_gmt":"2026-04-01T06:19:00","guid":{"rendered":"https:\/\/aluksne.lv\/?page_id=61743"},"modified":"2026-04-01T11:42:54","modified_gmt":"2026-04-01T08:42:54","slug":"lidzdalibas-budzets-2025","status":"publish","type":"page","link":"https:\/\/aluksne.lv\/index.php\/sabiedriba\/sabiedribas-lidzdaliba\/lidzdalibas-budzets\/lidzdalibas-budzets-2025\/","title":{"rendered":"L\u012aDZDAL\u012aBAS BUD\u017dETS 2025"},"content":{"rendered":"<p>&nbsp;<\/p>\n<h2 style=\"text-align: center;\"><strong>Sabiedr\u012bbas balsojuma uzvar\u0113t\u0101js \u2013 Liepnas projekts<\/strong><\/h2>\n<p><strong><a href=\"https:\/\/aluksne.lv\/wp-content\/uploads\/2025\/09\/lidzdalibas_budzets_rezultats_FB_ieraksts.jpg\"><img loading=\"lazy\" decoding=\"async\" class=\" wp-image-57681 alignright\" src=\"https:\/\/aluksne.lv\/wp-content\/uploads\/2025\/09\/lidzdalibas_budzets_rezultats_FB_ieraksts-716x600.jpg\" alt=\"Sabiedr\u012bbas balsojuma uzvar\u0113t\u0101js \u2013 Liepnas projekts\" width=\"714\" height=\"598\" srcset=\"https:\/\/aluksne.lv\/wp-content\/uploads\/2025\/09\/lidzdalibas_budzets_rezultats_FB_ieraksts-716x600.jpg 716w, https:\/\/aluksne.lv\/wp-content\/uploads\/2025\/09\/lidzdalibas_budzets_rezultats_FB_ieraksts-768x644.jpg 768w, https:\/\/aluksne.lv\/wp-content\/uploads\/2025\/09\/lidzdalibas_budzets_rezultats_FB_ieraksts.jpg 940w\" sizes=\"auto, (max-width: 714px) 100vw, 714px\" \/><\/a>Al\u016bksnes novada l\u012bdzdal\u012bbas bud\u017eeta konkurs\u0101 novad\u0101 deklar\u0113tie iedz\u012bvot\u0101ji liel\u0101ko atbalstu paudu\u0161i no Liepnas pagasta iesniegtajam projektam \u201cParka soli\u0146i Liepn\u0101\u201d &#8211; balsojum\u0101, kas notika no 1. l\u012bdz 14. septembrim, tam atbalstu izteicis 501\u00a0iedz\u012bvot\u0101js.<\/strong><\/p>\n<p>Uzvar\u0113ju\u0161ais projekts paredz papildin\u0101t atp\u016btai un rekre\u0101cijai paredz\u0113to infrastrukt\u016bru, uzst\u0101dot no jauna vai atjaunojot kopum\u0101 18 soli\u0146us publiski pieejam\u0101s, pa\u0161vald\u012bbas \u012bpa\u0161um\u0101 eso\u0161\u0101s viet\u0101s Liepnas ciema teritorij\u0101.<\/p>\n<p>Kopum\u0101 sabiedr\u012bbas balsojumam bija nodoti tr\u012bs Al\u016bksnes novada l\u012bdzdal\u012bbas bud\u017eeta konkurs\u0101 iesniegtie projekti. Projekts \u201cStrauti\u0146u ciema peldvietas teritorijas uzlabo\u0161ana un \u0101ra sporta kompleksa zonas atjauno\u0161ana\u201d sa\u0146\u0113mis 425 novada iedz\u012bvot\u0101ju balsis, projekts \u201cDaudzfunkcion\u0101la sporta laukuma izveide M\u0101lupes pagast\u0101\u201d \u2013 83 iedz\u012bvot\u0101ju balsis.<\/p>\n<p>Balso\u0161ana notika port\u0101l\u0101 <a href=\"http:\/\/www.geolatvija.lv\">www.geolatvija.lv<\/a>. Katram balsot ties\u012bgajam iedz\u012bvot\u0101jam bija iesp\u0113ja vienu reizi nobalsot par katru no balsojumam nodotajiem tr\u012bs projektiem. Balsot var\u0113ja Al\u016bksnes novada teritorij\u0101 deklar\u0113tas fiziskas personas, kuras sasniegu\u0161as vismaz 16 gadu vecumu.<\/p>\n<p>Kop\u0113jais l\u012bdzdal\u012bbas bud\u017eeta konkursam \u0161\u012b gada Al\u016bksnes novada pa\u0161vald\u012bbas bud\u017eet\u0101 paredz\u0113tais finans\u0113jums ir 10 000 EUR. Balsojum\u0101 uzvar\u0113ju\u0161\u0101 projekta indikat\u012bv\u0101 summa ir 8996,35 EUR. Saska\u0146\u0101 ar Pa\u0161vald\u012bbu likumu sabiedr\u012bbas balsojum\u0101 atbalst\u012bto projektu \u012bsteno pa\u0161vald\u012bba. Projektu uzs\u0101k triju m\u0113ne\u0161u laik\u0101 p\u0113c rezult\u0101tu pazi\u0146o\u0161anas un \u012bsteno divu gadu laik\u0101.<\/p>\n<p>Pa\u0161vald\u012bba pateicas ikvienam par iesaisti un atbalstu Al\u016bksnes novada l\u012bdzdal\u012bbas bud\u017eeta konkursa noris\u0113!<\/p>\n<p>Evita APLOKA,<br \/>\nAl\u016bksnes novada pa\u0161vald\u012bbas<br \/>\nCentr\u0101l\u0101s administr\u0101cijas sabiedrisko attiec\u012bbu speci\u0101liste<\/p>\n<hr \/>\n<h2 style=\"text-align: center;\"><strong>L\u012bdz 14. septembrim ar balsojumu var atbalst\u012bt Al\u016bksnes novada l\u012bdzdal\u012bbas bud\u017eeta konkursam iesniegtos projektus<\/strong><\/h2>\n<p><strong>\u00a0<\/strong><\/p>\n<p><strong>No 1. l\u012bdz 14. septembrim Al\u016bksnes novada pa\u0161vald\u012bba aicina balsot par l\u012bdzdal\u012bbas bud\u017eeta konkursa projektiem.<a href=\"https:\/\/aluksne.lv\/wp-content\/uploads\/2025\/09\/lidzdalibas-2.jpg\"><img loading=\"lazy\" decoding=\"async\" class=\"alignright wp-image-57415 size-medium\" src=\"https:\/\/aluksne.lv\/wp-content\/uploads\/2025\/09\/lidzdalibas-2-716x600.jpg\" alt=\"L\u012bdz 14. septembrim ar balsojumu var atbalst\u012bt Al\u016bksnes novada l\u012bdzdal\u012bbas bud\u017eeta konkursam iesniegtos projektus\" width=\"716\" height=\"600\" srcset=\"https:\/\/aluksne.lv\/wp-content\/uploads\/2025\/09\/lidzdalibas-2-716x600.jpg 716w, https:\/\/aluksne.lv\/wp-content\/uploads\/2025\/09\/lidzdalibas-2-768x644.jpg 768w, https:\/\/aluksne.lv\/wp-content\/uploads\/2025\/09\/lidzdalibas-2.jpg 940w\" sizes=\"auto, (max-width: 716px) 100vw, 716px\" \/><\/a><\/strong><\/p>\n<p><strong>\u00a0<\/strong>Sabiedr\u012bbas balsojumam nodoti tr\u012bs Al\u016bksnes novada l\u012bdzdal\u012bbas bud\u017eeta konkurs\u0101 iesniegtie projekti:<\/p>\n<ul>\n<li><a href=\"https:\/\/geolatvija.lv\/main?project-view=open&amp;side=left&amp;geoProjectId=529\">Daudzfunkcion\u0101la sporta laukuma izveide M\u0101lupes pagast\u0101<\/a>;<\/li>\n<li><a href=\"https:\/\/geolatvija.lv\/main?project-view=open&amp;side=left&amp;geoProjectId=522\">Parka soli\u0146i Liepn\u0101<\/a>;<\/li>\n<li><a href=\"https:\/\/geolatvija.lv\/main?project-view=open&amp;geoProjectId=530&amp;side=left\">Strauti\u0146u ciema peldvietas teritorijas uzlabo\u0161ana un \u0101ra sporta kompleksa zonas atjauno\u0161ana<\/a>.<\/li>\n<\/ul>\n<p>Balso\u0161ana norisin\u0101s no \u00a0<strong>1. l\u012bdz 14. septembrim <\/strong>port\u0101l\u0101\u00a0<a href=\"https:\/\/geolatvija.lv\/main?participation-budget=open\"><strong>geolatvija.lv<\/strong><\/a><strong>\u00a0sada\u013c\u0101 \u201cL\u012bdzdal\u012bbas bud\u017eets\u201d<\/strong>, elektroniski autentific\u0113joties. Balsojumu var veikt ar\u012b Al\u016bksnes novada Valsts un pa\u0161vald\u012bbas vienotajos klientu apkalpo\u0161anas centros un bibliot\u0113k\u0101s, ja iedz\u012bvot\u0101jam nav elektronisko autentifik\u0101cijas r\u012bku.<\/p>\n<p>Par projektiem balsot ir ties\u012bgas Al\u016bksnes novada pa\u0161vald\u012bbas teritorij\u0101 deklar\u0113tas fiziskas personas, kuras sasniegu\u0161as vismaz 16 gadu vecumu.<\/p>\n<p>Saska\u0146\u0101 ar Pa\u0161vald\u012bbu likumu sabiedr\u012bbas balsojum\u0101 atbalst\u012bto projektu (-us) \u012bsteno pa\u0161vald\u012bba. Projektu uzs\u0101k triju m\u0113ne\u0161u laik\u0101 p\u0113c rezult\u0101tu pazi\u0146o\u0161anas un \u012bsteno divu gadu laik\u0101.<\/p>\n<p>Kop\u0113jais l\u012bdzdal\u012bbas bud\u017eeta konkursam \u0161\u012b gada Al\u016bksnes novada pa\u0161vald\u012bbas bud\u017eet\u0101 paredz\u0113tais finans\u0113jums ir 10\u00a0000 EUR. Vien\u0101 konkursa uzsaukum\u0101 pieejam\u0101 finans\u0113juma ietvaros par uzvar\u0113ju\u0161iem atz\u012bst ne vair\u0101k k\u0101 divus projektus, kas sabiedr\u012bbas balsojuma rezult\u0101t\u0101 sa\u0146\u0113mu\u0161i sec\u012bgi visaugst\u0101ko nov\u0113rt\u0113jumu.<\/p>\n<p>Al\u016bksnes novada l\u012bdzdal\u012bbas bud\u017eeta konkursam bija iesniegti kopum\u0101 devi\u0146i projekti. Iesniegtie projekti tika izv\u0113rt\u0113ti atbilsto\u0161i pa\u0161vald\u012bbas saisto\u0161ajos noteikumos Nr. 8\/2025 \u201cAl\u016bksnes novada pa\u0161vald\u012bbas l\u012bdzdal\u012bbas bud\u017eeta nolikums\u201d noteiktajiem krit\u0113rijiem. Trim projektiem konstat\u0113ta neatbilst\u012bba nolikuma krit\u0113rijiem, bet se\u0161iem projektiem p\u0113c v\u0113rt\u0113\u0161anas tika l\u016bgts iesniegt preciz\u0113jumus. Noteiktaj\u0101 laik\u0101 tika iesniegti tr\u012bs projektu preciz\u0113jumi, l\u012bdz ar to tie virz\u012bti sabiedr\u012bbas balsojumam.<\/p>\n<p>Evita APLOKA,<br \/>\nAl\u016bksnes novada pa\u0161vald\u012bbas<br \/>\nCentr\u0101l\u0101s administr\u0101cijas sabiedrisko attiec\u012bbu speci\u0101liste<\/p>\n<hr \/>\n<h2 style=\"text-align: center;\"><strong>L\u012bdzdal\u012bbas bud\u017eeta konkursam Al\u016bksnes novad\u0101 iesniegti devi\u0146i projekti<br \/>\n<\/strong><\/h2>\n<p><strong><a href=\"https:\/\/aluksne.lv\/wp-content\/uploads\/2025\/07\/518390009_1148301680674933_5443469094845071602_n.jpg\"><img loading=\"lazy\" decoding=\"async\" class=\" wp-image-56655 alignright\" src=\"https:\/\/aluksne.lv\/wp-content\/uploads\/2025\/07\/518390009_1148301680674933_5443469094845071602_n.jpg\" alt=\"L\u012bdzdal\u012bbas bud\u017eeta konkursam Al\u016bksnes novad\u0101 iesniegti devi\u0146i projekti\" width=\"613\" height=\"514\" srcset=\"https:\/\/aluksne.lv\/wp-content\/uploads\/2025\/07\/518390009_1148301680674933_5443469094845071602_n.jpg 940w, https:\/\/aluksne.lv\/wp-content\/uploads\/2025\/07\/518390009_1148301680674933_5443469094845071602_n-716x600.jpg 716w, https:\/\/aluksne.lv\/wp-content\/uploads\/2025\/07\/518390009_1148301680674933_5443469094845071602_n-768x644.jpg 768w\" sizes=\"auto, (max-width: 613px) 100vw, 613px\" \/><\/a>Al\u016bksnes novada pa\u0161vald\u012bbas l\u012bdzdal\u012bbas bud\u017eeta konkursam iesniegti devi\u0146i projekti par kop\u0113jo indikat\u012bvo summu 70 280,15 EUR.<\/strong><\/p>\n<p><strong>Iesniegti \u0161\u0101di projekti no novada teritorij\u0101m:<\/strong><\/p>\n<ul>\n<li>Liepnas pagasts &#8211; \u201cB\u0113rnu rota\u013cu laukums Liepn\u0101\u201d,<\/li>\n<li>Liepnas pagasts &#8211; \u201cParka soli\u0146i Liepn\u0101\u201d,<\/li>\n<li>Zelti\u0146u pagasts &#8211; \u201cZelti\u0146u skola\u201d,<\/li>\n<li>Kalncempju pagasts &#8211; \u201cAktivit\u0101\u0161u laukums Kalncempjos\u201d,<\/li>\n<li>Al\u016bksne &#8211; \u201cKvalitat\u012bva, dro\u0161a un klusa elektroapg\u0101de pils\u0113tas pas\u0101kumu laik\u0101\u201d,<\/li>\n<li>Alsvi\u0137u pagasts &#8211; \u201cStrauti\u0146u ciema peldvietas teritorijas uzlabo\u0161ana un \u0101ra sporta kompleksa zonas atjauno\u0161ana\u201d,<\/li>\n<li>Jaunannas pagasts &#8211; \u201cVied\u0101 Jaunanna: inform\u0101cija, satik\u0161an\u0101s, att\u012bst\u012bba\u201d,<\/li>\n<li>Ziemera pagasts &#8211; \u201cKopienas terase\u201d,<\/li>\n<li>M\u0101lupes pagasts &#8211; \u201cDaudzfunkcion\u0101la sporta laukuma izveide M\u0101lupes pagast\u0101\u201d.<\/li>\n<\/ul>\n<p>Saska\u0146\u0101 ar Al\u016bksnes novada pa\u0161vald\u012bbas domes 27.03.2025. saisto\u0161ajiem noteikumiem Nr.\u00a08\/2025 \u201cAl\u016bksnes novada pa\u0161vald\u012bbas l\u012bdzdal\u012bbas bud\u017eeta nolikums\u201d, pa\u0161vald\u012bbas Centr\u0101l\u0101 administr\u0101cija 10 darba dienu laik\u0101 p\u0113c pieteikumu iesnieg\u0161anas termi\u0146a beig\u0101m izv\u0113rt\u0113s iesniegto projektu pieteikumu atbilst\u012bbu normat\u012bvajiem aktiem un nolikumam. Ja v\u0113rt\u0113\u0161anas proces\u0101 b\u016bs nepiecie\u0161ama papildu inform\u0101cija no projektu iesniedz\u0113jiem, k\u0101das pa\u0161vald\u012bbas iest\u0101des vai nozaru speci\u0101listu viedoklis, projektu atbilst\u012bbas p\u0101rbaudes termi\u0146\u0161 var tikt pagarin\u0101ts l\u012bdz 20 darba dien\u0101m.<\/p>\n<p>T\u0101s projektu idejas, kas b\u016bs atz\u012btas par atbilsto\u0161\u0101m nolikum\u0101 noteiktajiem atlases krit\u0113rijiem, ar izpilddirektora r\u012bkojumu pa\u0161vald\u012bba nodos sabiedr\u012bbas balsojumam.<\/p>\n<p>Pa\u0161vald\u012bbas \u0161\u012b gada bud\u017eet\u0101 l\u012bdzdal\u012bbas bud\u017eeta konkursam ir paredz\u0113ti 10\u00a0000 EUR. Vien\u0101 konkursa uzsaukum\u0101, atbilsto\u0161i pieejam\u0101 finans\u0113juma apm\u0113ram, par uzvar\u0113ju\u0161iem atz\u012bst ne vair\u0101k k\u0101 divus projektus ar sabiedr\u012bbas balsojum\u0101 ieg\u016bto visaugst\u0101ko nov\u0113rt\u0113jumu.<\/p>\n<p>Evita APLOKA,<br \/>\nAl\u016bksnes novada pa\u0161vald\u012bbas<br \/>\nCentr\u0101l\u0101s administr\u0101cijas sabiedrisko attiec\u012bbu speci\u0101liste<\/p>\n<hr \/>\n<h2 style=\"text-align: center;\"><strong>Aicin\u0101m uz informat\u012bvu semin\u0101ru par <\/strong><strong>l\u012bdzdal\u012bbas bud\u017eeta projektu konkursu<\/strong><\/h2>\n<p>Al\u016bksnes novada pa\u0161vald\u012bba ir izsludin\u0101jusi l\u012bdzdal\u012bbas bud\u017eeta konkursu &#8211; l\u012bdz 16. j\u016blijam var iesniegt projektu pieteikumus.<\/p>\n<p>1. j\u016blij\u0101 pulksten 17.30 interesentus aicin\u0101m uz informat\u012bvu semin\u0101ru par l\u012bdzdal\u012bbas bud\u017eeta projektu pieteikumu sagatavo\u0161anu un iesnieg\u0161anu. Tas notiks pa\u0161vald\u012bbas administrat\u012bv\u0101s \u0113kas lielaj\u0101 z\u0101l\u0113, D\u0101rza iel\u0101 11, Al\u016bksn\u0113. B\u016bs iesp\u0113ja semin\u0101ru skat\u012bties ar\u012b Al\u016bksnes novada Facebook kont\u0101.<img loading=\"lazy\" decoding=\"async\" class=\"aligncenter wp-image-56176 size-medium\" src=\"https:\/\/aluksne.lv\/wp-content\/uploads\/2025\/06\/lidz_budz_seminars-716x600.png\" alt=\"\" width=\"716\" height=\"600\" srcset=\"https:\/\/aluksne.lv\/wp-content\/uploads\/2025\/06\/lidz_budz_seminars-716x600.png 716w, https:\/\/aluksne.lv\/wp-content\/uploads\/2025\/06\/lidz_budz_seminars-768x644.png 768w, https:\/\/aluksne.lv\/wp-content\/uploads\/2025\/06\/lidz_budz_seminars.png 940w\" sizes=\"auto, (max-width: 716px) 100vw, 716px\" \/><\/p>\n<hr \/>\n<h2 style=\"text-align: center;\"><strong>L\u012bdz 16. j\u016blijam Al\u016bksnes novada pa\u0161vald\u012bba aicina iesniegt l\u012bdzdal\u012bbas bud\u017eeta projektu idejas<\/strong><\/h2>\n<p><strong>Al\u016bksnes novada pa\u0161vald\u012bba izsludina l\u012bdzdal\u012bbas bud\u017eeta projektu ideju iesnieg\u0161anu no 17.\u00a0j\u016bnija l\u012bdz 16. j\u016blijam.<a href=\"https:\/\/aluksne.lv\/wp-content\/uploads\/2025\/06\/lidzdalibas_budzets-1.png\"><img loading=\"lazy\" decoding=\"async\" class=\"size-medium wp-image-56096 alignright\" src=\"https:\/\/aluksne.lv\/wp-content\/uploads\/2025\/06\/lidzdalibas_budzets-1-716x600.png\" alt=\"\" width=\"716\" height=\"600\" srcset=\"https:\/\/aluksne.lv\/wp-content\/uploads\/2025\/06\/lidzdalibas_budzets-1-716x600.png 716w, https:\/\/aluksne.lv\/wp-content\/uploads\/2025\/06\/lidzdalibas_budzets-1-768x644.png 768w, https:\/\/aluksne.lv\/wp-content\/uploads\/2025\/06\/lidzdalibas_budzets-1.png 940w\" sizes=\"auto, (max-width: 716px) 100vw, 716px\" \/><\/a><\/strong><\/p>\n<p>L\u012bdzdal\u012bbas bud\u017eets ir viens no iedz\u012bvot\u0101ju l\u012bdzdal\u012bbas instrumentiem, ko paredz Pa\u0161vald\u012bbu likums. L\u012bdzdal\u012bbas bud\u017eeta projektu konkursa m\u0113r\u0137is ir veicin\u0101t pa\u0161vald\u012bbas administrat\u012bv\u0101s teritorijas iedz\u012bvot\u0101ju iesaisti teritorijas att\u012bst\u012bbas jaut\u0101jumu izlem\u0161an\u0101. Kop\u0113jais konkursa finans\u0113jums ir 10\u00a0000 EUR. Iesniegt l\u012bdzdal\u012bbas bud\u017eeta projektu idejas var iedz\u012bvot\u0101ji, kas sasniegu\u0161i vismaz 16 gadu vecumu, k\u0101 ar\u012b biedr\u012bbas vai nodibin\u0101jumi, kuros nav pa\u0161vald\u012bbas dal\u012bbas. Saska\u0146\u0101 ar Pa\u0161vald\u012bbu likumu, par iesniegtajiem projektiem balsot var\u0113s piedal\u012bties Al\u016bksnes novada teritorij\u0101 deklar\u0113tas fizisk\u0101s personas, kuras sasniegu\u0161as vismaz 16 gadu vecumu.<\/p>\n<p>&#8211; L\u012bdzdal\u012bbas bud\u017eeta projektu konkursa b\u016bt\u012bba ir t\u0101da, ka iedz\u012bvot\u0101ji pa\u0161i sagatavo projektus un tos iesniedz. Iedz\u012bvot\u0101ji ar\u012b balsojot izlemj, kurus projektus j\u0101\u012bsteno. Savuk\u0101rt par balsojum\u0101 visvair\u0101k atbalst\u012bto projektu \u012bsteno\u0161anu atbild\u012bga ir pa\u0161vald\u012bba. \u013boti b\u016btiski, lai projektu rezult\u0101t\u0101 pl\u0101notais ieguvums ir noder\u012bgs p\u0113c iesp\u0113jas pla\u0161\u0101kai sabiedr\u012bbas da\u013cai ilgtermi\u0146\u0101. Aicinu novada iedz\u012bvot\u0101jus izmantot \u0161o iesp\u0113ju, sagatavot projektu ideju pieteikumus un iesniegt tos, &#8211; aicina Al\u016bksnes novada pa\u0161vald\u012bbas domes priek\u0161s\u0113d\u0113t\u0101js Dzintars Adlers.<\/p>\n<p>Pirms ideju iesnieg\u0161anas pa\u0161vald\u012bba aicina r\u016bp\u012bgi iepaz\u012bties ar l\u012bdzdal\u012bbas bud\u017eeta nolikumu, kas pieejams ties\u012bbu aktu port\u0101l\u0101 <a href=\"https:\/\/likumi.lv\/ta\/id\/359626\">https:\/\/likumi.lv\/ta\/id\/359626<\/a>, k\u0101 ar\u012b pa\u0161vald\u012bbas t\u012bmek\u013cvietn\u0113 www.aluksne.lv sada\u013c\u0101 <a href=\"https:\/\/aluksne.lv\/index.php\/sabiedriba\/sabiedribas-lidzdaliba\/lidzdalibas-budzets\/\">Sabiedr\u012bba\/Sabiedr\u012bbas l\u012bdzdal\u012bba\/L\u012bdzdal\u012bbas bud\u017eets<\/a>. Kontaktpersona: Al\u016bksnes novada pa\u0161vald\u012bbas Centr\u0101l\u0101s administr\u0101cijas \u012apa\u0161umu p\u0101rraudz\u012bbas un att\u012bst\u012bbas noda\u013cas vad\u012bt\u0101ja Inese Z\u012bmele-Jauni\u0146a, e-pasts <a href=\"mailto:inese.zimele@aluksne.lv\">inese.zimele@aluksne.lv<\/a>, t\u0101lrunis 26463917.<\/p>\n<p>Konkursa projekta idejai j\u0101atbilst \u0161\u0101diem krit\u0113rijiem:<\/p>\n<ul>\n<li>projekta kopt\u0101me nep\u0101rsniedz kop\u0113jo pa\u0161vald\u012bbas bud\u017eeta gad\u0101 \u0161im m\u0113r\u0137im paredz\u0113to finans\u0113jumu (ieskaitot visus nodok\u013cu maks\u0101jumus);<\/li>\n<li>projekts paredz ieguld\u012bjumu publisk\u0101 lieto\u0161an\u0101 eso\u0161\u0101 pa\u0161vald\u012bbas \u012bpa\u0161um\u0101;<\/li>\n<li>paredz\u0113tie ieguld\u012bjumi ir ekonomiski pamatoti, projekta t\u0101m\u0113 ir iek\u013cautas visas izmaksas (t.\u00a0sk. teritorijas izp\u0113te, b\u016bvprojekta izstr\u0101de, autoruzraudz\u012bba, b\u016bvuzraudz\u012bba, ja attiecin\u0101ms) un to ir iesp\u0113jams \u012bstenot atbilsto\u0161i t\u0101m\u0113 nor\u0101d\u012btajam;<\/li>\n<li>projekt\u0101 pl\u0101not\u0101s darb\u012bbas netiek finans\u0113tas no cit\u0101m pa\u0161vald\u012bbas atbalsta programm\u0101m vai citiem finans\u0113juma avotiem (t.\u00a0sk. ziedojumiem un d\u0101vin\u0101jumiem);<\/li>\n<li>projekta m\u0113r\u0137is nodro\u0161ina pa\u0161vald\u012bbas autonomo funkciju \u012bsteno\u0161anu saska\u0146\u0101 ar Pa\u0161vald\u012bbu likuma 4.\u00a0pantu;<\/li>\n<li>projekts paredz palieko\u0161as, sabiedriski noz\u012bm\u012bgas, publiski pla\u0161i pieejamas jaunas infrastrukt\u016bras rad\u012b\u0161anu vai jau eso\u0161as infrastrukt\u016bras uzlabo\u0161anu;<\/li>\n<li>projekta ideja atbilst pa\u0161vald\u012bbas att\u012bst\u012bbas programmas r\u012bc\u012bbas pl\u0101na uzdevumiem un teritorijas pl\u0101nojumam;<\/li>\n<li>projektam nav komerci\u0101la, reli\u0123iska vai politiska rakstura;<\/li>\n<li>projekts paredz piln\u012bgu iesniegt\u0101s idejas realiz\u0113\u0161anu vien\u0101 k\u0101rt\u0101.<\/li>\n<\/ul>\n<p>Projekta pieteikums j\u0101iesniedz port\u0101l\u0101 <a href=\"http:\/\/www.geolatvija.lv\">www.geolatvija.lv<\/a>, aizpildot projekta pieteikuma formu, un j\u0101pievieno:<\/p>\n<ul>\n<li>projekta idejas skici, nor\u0101dot b\u016btisko elementu izm\u0113rus un izvietojumu uz zemesgabala robe\u017eu pl\u0101na vai izdrukas no t\u012bmek\u013cvietnes <a href=\"http:\/\/www.kadastrs.lv\">kadastrs.lv<\/a>, <a href=\"http:\/\/www.topografija.lv\">www.topografija.lv<\/a> vai port\u0101la <a href=\"http:\/\/www.geolatvija.lv\">www.geolatvija.lv<\/a>;<\/li>\n<li>infrastrukt\u016bras att\u012bst\u012bbas elementu vizu\u0101los materi\u0101lus;<\/li>\n<li>projekta t\u0101mi;<\/li>\n<li>dokumentu, kas apliecina pilnvarot\u0101s personas ties\u012bbas r\u012bkoties iesniedz\u0113ja v\u0101rd\u0101 (ja attiecin\u0101ms).<\/li>\n<\/ul>\n<p>Evita APLOKA,<br \/>\nAl\u016bksnes novada pa\u0161vald\u012bbas<br \/>\nCentr\u0101l\u0101s administr\u0101cijas<br \/>\nsabiedrisko attiec\u012bbu speci\u0101liste<\/p>\n","protected":false},"excerpt":{"rendered":"<p>&nbsp; Sabiedr\u012bbas balsojuma uzvar\u0113t\u0101js \u2013 Liepnas projekts Al\u016bksnes novada l\u012bdzdal\u012bbas bud\u017eeta konkurs\u0101 novad\u0101 deklar\u0113tie iedz\u012bvot\u0101ji liel\u0101ko atbalstu paudu\u0161i no Liepnas pagasta iesniegtajam projektam \u201cParka soli\u0146i Liepn\u0101\u201d &#8211; balsojum\u0101, kas notika no 1. l\u012bdz 14. septembrim, tam atbalstu izteicis 501\u00a0iedz\u012bvot\u0101js. Uzvar\u0113ju\u0161ais&#8230;<br \/><a class=\"read-more-button\" href=\"https:\/\/aluksne.lv\/index.php\/sabiedriba\/sabiedribas-lidzdaliba\/lidzdalibas-budzets\/lidzdalibas-budzets-2025\/\">Las\u012bt visu<\/a><\/p>\n","protected":false},"author":1,"featured_media":0,"parent":50244,"menu_order":0,"comment_status":"closed","ping_status":"closed","template":"","meta":{"_crdt_document":"","_monsterinsights_skip_tracking":false,"_monsterinsights_sitenote_active":false,"_monsterinsights_sitenote_note":"","_monsterinsights_sitenote_category":0,"footnotes":"","_links_to":"","_links_to_target":""},"class_list":["post-61743","page","type-page","status-publish","hentry"],"_links":{"self":[{"href":"https:\/\/aluksne.lv\/index.php\/wp-json\/wp\/v2\/pages\/61743","targetHints":{"allow":["GET"]}}],"collection":[{"href":"https:\/\/aluksne.lv\/index.php\/wp-json\/wp\/v2\/pages"}],"about":[{"href":"https:\/\/aluksne.lv\/index.php\/wp-json\/wp\/v2\/types\/page"}],"author":[{"embeddable":true,"href":"https:\/\/aluksne.lv\/index.php\/wp-json\/wp\/v2\/users\/1"}],"replies":[{"embeddable":true,"href":"https:\/\/aluksne.lv\/index.php\/wp-json\/wp\/v2\/comments?post=61743"}],"version-history":[{"count":3,"href":"https:\/\/aluksne.lv\/index.php\/wp-json\/wp\/v2\/pages\/61743\/revisions"}],"predecessor-version":[{"id":61759,"href":"https:\/\/aluksne.lv\/index.php\/wp-json\/wp\/v2\/pages\/61743\/revisions\/61759"}],"up":[{"embeddable":true,"href":"https:\/\/aluksne.lv\/index.php\/wp-json\/wp\/v2\/pages\/50244"}],"wp:attachment":[{"href":"https:\/\/aluksne.lv\/index.php\/wp-json\/wp\/v2\/media?parent=61743"}],"curies":[{"name":"wp","href":"https:\/\/api.w.org\/{rel}","templated":true}]}}