{"id":61745,"date":"2026-04-01T09:20:22","date_gmt":"2026-04-01T06:20:22","guid":{"rendered":"https:\/\/aluksne.lv\/?page_id=61745"},"modified":"2026-04-13T13:37:15","modified_gmt":"2026-04-13T10:37:15","slug":"informativi-materiali","status":"publish","type":"page","link":"https:\/\/aluksne.lv\/index.php\/sabiedriba\/sabiedribas-lidzdaliba\/lidzdalibas-budzets\/informativi-materiali\/","title":{"rendered":"INFORMAT\u012aVI MATERI\u0100LI"},"content":{"rendered":"<h2>\u00a0<\/h2>\n<h2 style=\"text-align: center;\">Semin\u0101ra ieraksts par 2025. gada l\u012bdzdal\u012bbas bud\u017eeta projektu konkursu Al\u016bksnes novad\u0101<\/h2>\n<p>2025. gada 1. j\u016blij\u0101 Al\u016bksnes novada pa\u0161vald\u012bba aicin\u0101ja interesentus uz semin\u0101ru par Al\u016bksnes novada l\u012bdzdal\u012bbas bud\u017eeta projektu konkursu. \u0160eit pieejams semin\u0101ra ieraksts.<\/p>\n<p><iframe loading=\"lazy\" title=\"Semin\u0101rs par Al\u016bksnes novada l\u012bdzdal\u012bbas bud\u017eeta konkursu\" width=\"734\" height=\"413\" src=\"https:\/\/www.youtube.com\/embed\/mx7TBjtwkQE?feature=oembed\" frameborder=\"0\" allow=\"accelerometer; autoplay; clipboard-write; encrypted-media; gyroscope; picture-in-picture; web-share\" referrerpolicy=\"strict-origin-when-cross-origin\" allowfullscreen><\/iframe><\/p>\n<hr \/>\n<p>&nbsp;<\/p>\n","protected":false},"excerpt":{"rendered":"<p>\u00a0 Semin\u0101ra ieraksts par 2025. gada l\u012bdzdal\u012bbas bud\u017eeta projektu konkursu Al\u016bksnes novad\u0101 2025. gada 1. j\u016blij\u0101 Al\u016bksnes novada pa\u0161vald\u012bba aicin\u0101ja interesentus uz semin\u0101ru par Al\u016bksnes novada l\u012bdzdal\u012bbas bud\u017eeta projektu konkursu. \u0160eit pieejams semin\u0101ra ieraksts. &nbsp;<\/p>\n","protected":false},"author":1,"featured_media":0,"parent":50244,"menu_order":0,"comment_status":"closed","ping_status":"closed","template":"","meta":{"_crdt_document":"","_monsterinsights_skip_tracking":false,"_monsterinsights_sitenote_active":false,"_monsterinsights_sitenote_note":"","_monsterinsights_sitenote_category":0,"footnotes":"","_links_to":"","_links_to_target":""},"class_list":["post-61745","page","type-page","status-publish","hentry"],"_links":{"self":[{"href":"https:\/\/aluksne.lv\/index.php\/wp-json\/wp\/v2\/pages\/61745","targetHints":{"allow":["GET"]}}],"collection":[{"href":"https:\/\/aluksne.lv\/index.php\/wp-json\/wp\/v2\/pages"}],"about":[{"href":"https:\/\/aluksne.lv\/index.php\/wp-json\/wp\/v2\/types\/page"}],"author":[{"embeddable":true,"href":"https:\/\/aluksne.lv\/index.php\/wp-json\/wp\/v2\/users\/1"}],"replies":[{"embeddable":true,"href":"https:\/\/aluksne.lv\/index.php\/wp-json\/wp\/v2\/comments?post=61745"}],"version-history":[{"count":4,"href":"https:\/\/aluksne.lv\/index.php\/wp-json\/wp\/v2\/pages\/61745\/revisions"}],"predecessor-version":[{"id":62009,"href":"https:\/\/aluksne.lv\/index.php\/wp-json\/wp\/v2\/pages\/61745\/revisions\/62009"}],"up":[{"embeddable":true,"href":"https:\/\/aluksne.lv\/index.php\/wp-json\/wp\/v2\/pages\/50244"}],"wp:attachment":[{"href":"https:\/\/aluksne.lv\/index.php\/wp-json\/wp\/v2\/media?parent=61745"}],"curies":[{"name":"wp","href":"https:\/\/api.w.org\/{rel}","templated":true}]}}